{"id":3326,"date":"2024-01-02T19:35:02","date_gmt":"2024-01-02T19:35:02","guid":{"rendered":"https:\/\/eralux.com\/?post_type=product&#038;p=3326"},"modified":"2025-12-04T18:18:36","modified_gmt":"2025-12-04T18:18:36","slug":"chandra-mini","status":"publish","type":"product","link":"https:\/\/eralux.com\/fr\/produit\/chandra-mini\/","title":{"rendered":"CHANDRA MINI"},"content":{"rendered":"<p>Avec les s\u00e9ries CHANDRA Max et CHANDRA, vous pouvez cr\u00e9er un aspect familial dans votre environnement de vente au d\u00e9tail avec la nouvelle s\u00e9rie CHANDRA Mini. Il est disponible dans une vari\u00e9t\u00e9 de mod\u00e8les de faisceaux et d&#8217;options CCT. Avec un IRC de 90 pour tous ses CCT, le CHANDRA Mini am\u00e9liorera votre environnement de vente au d\u00e9tail \u00e0 un autre niveau.<\/p>\n","protected":false},"excerpt":{"rendered":"<p>T\u00eate de rail pour environnement commercial<\/p>\n","protected":false},"featured_media":3342,"comment_status":"open","ping_status":"closed","template":"","meta":{"inline_featured_image":false},"product_brand":[],"product_cat":[1765],"product_tag":[],"class_list":{"0":"post-3326","1":"product","2":"type-product","3":"status-publish","4":"has-post-thumbnail","6":"spec_sheets-blank-trim-fr","7":"spec_sheets-sp-fr-4","8":"spec_sheets-j1-fr","9":"spec_sheets-bz-trim-fr","10":"spec_sheets-nf-fr-2","11":"spec_sheets-g1-fr","12":"spec_sheets-fl-fr-2","13":"spec_sheets-h1-fr","14":"spec_sheets-gd-trim-fr","15":"spec_sheets-wf-fr-3","16":"spec_sheets-l1-fr","17":"spec_sheets-s-fr-3","18":"spec_sheets-p-fr-3","19":"spec_sheets-wh-fr","20":"spec_sheets-bk-fr","21":"spec_sheets-sv-fr","22":"spec_sheets-l-fr","23":"spec_sheets-h-fr-3","24":"spec_sheets-trim-fr","25":"spec_sheets-distribution-fr","26":"spec_sheets-adapteur","27":"spec_sheets-cct-fr","28":"spec_sheets-cri-fr","29":"spec_sheets-finition","30":"spec_sheets-puissance","31":"spec_sheets-27-fr-2","32":"spec_sheets-30-fr","33":"spec_sheets-35-fr","34":"spec_sheets-40-fr","35":"product_applications-magasin-de-detail","36":"product_applications-hotellerie","37":"product_applications-magasin-de-mode","38":"product_applications-bureau-commercial","39":"product_applications-education-fr","40":"product_segments-projecteur-del-sur-rail","41":"product_segments-projecteurs-sur-rail","42":"product_cat-ae-tl-cdm-12-fr","44":"first","45":"instock","46":"shipping-taxable","47":"purchasable","48":"product-type-simple"},"yoast_head":"<!-- This site is optimized with the Yoast SEO Premium plugin v24.2 (Yoast SEO v27.5) - https:\/\/yoast.com\/product\/yoast-seo-premium-wordpress\/ -->\n<title>CHANDRA MINI - Eralux<\/title>\n<meta name=\"description\" content=\"Avec les s\u00e9ries CHANDRA Max et CHANDRA, vous pouvez cr\u00e9er un aspect familial dans votre environnement de vente au d\u00e9tail avec la nouvelle s\u00e9rie CHANDRA Mini. Il est disponible dans une vari\u00e9t\u00e9 de mod\u00e8les de faisceaux et d&#039;options CCT. Avec un IRC de 90 pour tous ses CCT, le CHANDRA Mini am\u00e9liorera votre environnement de vente au d\u00e9tail \u00e0 un autre niveau.\" \/>\n<meta name=\"robots\" content=\"index, follow, max-snippet:-1, max-image-preview:large, max-video-preview:-1\" \/>\n<link rel=\"canonical\" href=\"https:\/\/eralux.com\/fr\/produit\/chandra-mini\/\" \/>\n<meta property=\"og:locale\" content=\"fr_FR\" \/>\n<meta property=\"og:type\" content=\"article\" \/>\n<meta property=\"og:title\" content=\"CHANDRA MINI\" \/>\n<meta property=\"og:description\" content=\"Avec les s\u00e9ries CHANDRA Max et CHANDRA, vous pouvez cr\u00e9er un aspect familial dans votre environnement de vente au d\u00e9tail avec la nouvelle s\u00e9rie CHANDRA Mini. Il est disponible dans une vari\u00e9t\u00e9 de mod\u00e8les de faisceaux et d&#039;options CCT. Avec un IRC de 90 pour tous ses CCT, le CHANDRA Mini am\u00e9liorera votre environnement de vente au d\u00e9tail \u00e0 un autre niveau.\" \/>\n<meta property=\"og:url\" content=\"https:\/\/eralux.com\/fr\/produit\/chandra-mini\/\" \/>\n<meta property=\"og:site_name\" content=\"Eralux\" \/>\n<meta property=\"article:publisher\" content=\"https:\/\/www.facebook.com\/aeralux.corp\" \/>\n<meta property=\"article:modified_time\" content=\"2025-12-04T18:18:36+00:00\" \/>\n<meta property=\"og:image\" content=\"https:\/\/eralux.com\/wp-content\/uploads\/2024\/01\/ERALUX-CHANDRA-MINI-TRACK-LIGHT.png\" \/>\n\t<meta property=\"og:image:width\" content=\"2960\" \/>\n\t<meta property=\"og:image:height\" content=\"2959\" \/>\n\t<meta property=\"og:image:type\" content=\"image\/png\" \/>\n<meta name=\"twitter:card\" content=\"summary_large_image\" \/>\n<meta name=\"twitter:site\" content=\"@eralux_inc\" \/>\n<meta name=\"twitter:label1\" content=\"Prix\" \/>\n\t<meta name=\"twitter:data1\" content=\"&#036;0.00\" \/>\n\t<meta name=\"twitter:label2\" content=\"Disponibilit\u00e9\" \/>\n\t<meta name=\"twitter:data2\" content=\"En stock\" \/>\n<script type=\"application\/ld+json\" class=\"yoast-schema-graph\">{\"@context\":\"https:\\\/\\\/schema.org\",\"@graph\":[{\"@type\":\"WebPage\",\"@id\":\"https:\\\/\\\/eralux.com\\\/fr\\\/produit\\\/chandra-mini\\\/\",\"url\":\"https:\\\/\\\/eralux.com\\\/fr\\\/produit\\\/chandra-mini\\\/\",\"name\":\"CHANDRA MINI - Eralux\",\"isPartOf\":{\"@id\":\"https:\\\/\\\/eralux.com\\\/fr\\\/#website\"},\"primaryImageOfPage\":{\"@id\":\"https:\\\/\\\/eralux.com\\\/fr\\\/produit\\\/chandra-mini\\\/#primaryimage\"},\"image\":{\"@id\":\"https:\\\/\\\/eralux.com\\\/fr\\\/produit\\\/chandra-mini\\\/#primaryimage\"},\"thumbnailUrl\":\"https:\\\/\\\/eralux.com\\\/wp-content\\\/uploads\\\/2024\\\/01\\\/ERALUX-CHANDRA-MINI-TRACK-LIGHT.png\",\"datePublished\":\"2024-01-02T19:35:02+00:00\",\"dateModified\":\"2025-12-04T18:18:36+00:00\",\"description\":\"Avec les s\u00e9ries CHANDRA Max et CHANDRA, vous pouvez cr\u00e9er un aspect familial dans votre environnement de vente au d\u00e9tail avec la nouvelle s\u00e9rie CHANDRA Mini. Il est disponible dans une vari\u00e9t\u00e9 de mod\u00e8les de faisceaux et d'options CCT. Avec un IRC de 90 pour tous ses CCT, le CHANDRA Mini am\u00e9liorera votre environnement de vente au d\u00e9tail \u00e0 un autre niveau.\",\"breadcrumb\":{\"@id\":\"https:\\\/\\\/eralux.com\\\/fr\\\/produit\\\/chandra-mini\\\/#breadcrumb\"},\"inLanguage\":\"fr-FR\",\"potentialAction\":[{\"@type\":\"ReadAction\",\"target\":[\"https:\\\/\\\/eralux.com\\\/fr\\\/produit\\\/chandra-mini\\\/\"]}]},{\"@type\":\"ImageObject\",\"inLanguage\":\"fr-FR\",\"@id\":\"https:\\\/\\\/eralux.com\\\/fr\\\/produit\\\/chandra-mini\\\/#primaryimage\",\"url\":\"https:\\\/\\\/eralux.com\\\/wp-content\\\/uploads\\\/2024\\\/01\\\/ERALUX-CHANDRA-MINI-TRACK-LIGHT.png\",\"contentUrl\":\"https:\\\/\\\/eralux.com\\\/wp-content\\\/uploads\\\/2024\\\/01\\\/ERALUX-CHANDRA-MINI-TRACK-LIGHT.png\",\"width\":2960,\"height\":2959},{\"@type\":\"BreadcrumbList\",\"@id\":\"https:\\\/\\\/eralux.com\\\/fr\\\/produit\\\/chandra-mini\\\/#breadcrumb\",\"itemListElement\":[{\"@type\":\"ListItem\",\"position\":1,\"name\":\"Home\",\"item\":\"https:\\\/\\\/eralux.com\\\/fr\\\/\"},{\"@type\":\"ListItem\",\"position\":2,\"name\":\"Shop\",\"item\":\"https:\\\/\\\/eralux.com\\\/shop\\\/\"},{\"@type\":\"ListItem\",\"position\":3,\"name\":\"CHANDRA MINI\"}]},{\"@type\":\"WebSite\",\"@id\":\"https:\\\/\\\/eralux.com\\\/fr\\\/#website\",\"url\":\"https:\\\/\\\/eralux.com\\\/fr\\\/\",\"name\":\"Eralux\",\"description\":\"World leader for Energy Saving LED Solutions\",\"publisher\":{\"@id\":\"https:\\\/\\\/eralux.com\\\/fr\\\/#organization\"},\"alternateName\":\"Led manufacturer Canada\",\"potentialAction\":[{\"@type\":\"SearchAction\",\"target\":{\"@type\":\"EntryPoint\",\"urlTemplate\":\"https:\\\/\\\/eralux.com\\\/fr\\\/?s={search_term_string}\"},\"query-input\":{\"@type\":\"PropertyValueSpecification\",\"valueRequired\":true,\"valueName\":\"search_term_string\"}}],\"inLanguage\":\"fr-FR\"},{\"@type\":\"Organization\",\"@id\":\"https:\\\/\\\/eralux.com\\\/fr\\\/#organization\",\"name\":\"Eralux\",\"url\":\"https:\\\/\\\/eralux.com\\\/fr\\\/\",\"logo\":{\"@type\":\"ImageObject\",\"inLanguage\":\"fr-FR\",\"@id\":\"https:\\\/\\\/eralux.com\\\/fr\\\/#\\\/schema\\\/logo\\\/image\\\/\",\"url\":\"https:\\\/\\\/eralux.com\\\/wp-content\\\/uploads\\\/2024\\\/01\\\/eralux-logo-trademark-R.png\",\"contentUrl\":\"https:\\\/\\\/eralux.com\\\/wp-content\\\/uploads\\\/2024\\\/01\\\/eralux-logo-trademark-R.png\",\"width\":1000,\"height\":446,\"caption\":\"Eralux\"},\"image\":{\"@id\":\"https:\\\/\\\/eralux.com\\\/fr\\\/#\\\/schema\\\/logo\\\/image\\\/\"},\"sameAs\":[\"https:\\\/\\\/www.facebook.com\\\/aeralux.corp\",\"https:\\\/\\\/x.com\\\/eralux_inc\"],\"description\":\"Save on energy with high-performance LED solutions. Choose Eralux for eco-friendly lighting. Explore our range today!\"}]}<\/script>\n<meta property=\"product:price:amount\" content=\"0.00\" \/>\n<meta property=\"product:price:currency\" content=\"CAD\" \/>\n<meta property=\"og:availability\" content=\"instock\" \/>\n<meta property=\"product:availability\" content=\"instock\" \/>\n<meta property=\"product:condition\" content=\"new\" \/>\n<!-- \/ Yoast SEO Premium plugin. -->","yoast_head_json":{"title":"CHANDRA MINI - Eralux","description":"Avec les s\u00e9ries CHANDRA Max et CHANDRA, vous pouvez cr\u00e9er un aspect familial dans votre environnement de vente au d\u00e9tail avec la nouvelle s\u00e9rie CHANDRA Mini. Il est disponible dans une vari\u00e9t\u00e9 de mod\u00e8les de faisceaux et d'options CCT. Avec un IRC de 90 pour tous ses CCT, le CHANDRA Mini am\u00e9liorera votre environnement de vente au d\u00e9tail \u00e0 un autre niveau.","robots":{"index":"index","follow":"follow","max-snippet":"max-snippet:-1","max-image-preview":"max-image-preview:large","max-video-preview":"max-video-preview:-1"},"canonical":"https:\/\/eralux.com\/fr\/produit\/chandra-mini\/","og_locale":"fr_FR","og_type":"article","og_title":"CHANDRA MINI","og_description":"Avec les s\u00e9ries CHANDRA Max et CHANDRA, vous pouvez cr\u00e9er un aspect familial dans votre environnement de vente au d\u00e9tail avec la nouvelle s\u00e9rie CHANDRA Mini. Il est disponible dans une vari\u00e9t\u00e9 de mod\u00e8les de faisceaux et d'options CCT. Avec un IRC de 90 pour tous ses CCT, le CHANDRA Mini am\u00e9liorera votre environnement de vente au d\u00e9tail \u00e0 un autre niveau.","og_url":"https:\/\/eralux.com\/fr\/produit\/chandra-mini\/","og_site_name":"Eralux","article_publisher":"https:\/\/www.facebook.com\/aeralux.corp","article_modified_time":"2025-12-04T18:18:36+00:00","og_image":[{"width":2960,"height":2959,"url":"https:\/\/eralux.com\/wp-content\/uploads\/2024\/01\/ERALUX-CHANDRA-MINI-TRACK-LIGHT.png","type":"image\/png"}],"twitter_card":"summary_large_image","twitter_site":"@eralux_inc","twitter_misc":{"Prix":"&#36;0.00","Disponibilit\u00e9":"En stock"},"schema":{"@context":"https:\/\/schema.org","@graph":[{"@type":"WebPage","@id":"https:\/\/eralux.com\/fr\/produit\/chandra-mini\/","url":"https:\/\/eralux.com\/fr\/produit\/chandra-mini\/","name":"CHANDRA MINI - Eralux","isPartOf":{"@id":"https:\/\/eralux.com\/fr\/#website"},"primaryImageOfPage":{"@id":"https:\/\/eralux.com\/fr\/produit\/chandra-mini\/#primaryimage"},"image":{"@id":"https:\/\/eralux.com\/fr\/produit\/chandra-mini\/#primaryimage"},"thumbnailUrl":"https:\/\/eralux.com\/wp-content\/uploads\/2024\/01\/ERALUX-CHANDRA-MINI-TRACK-LIGHT.png","datePublished":"2024-01-02T19:35:02+00:00","dateModified":"2025-12-04T18:18:36+00:00","description":"Avec les s\u00e9ries CHANDRA Max et CHANDRA, vous pouvez cr\u00e9er un aspect familial dans votre environnement de vente au d\u00e9tail avec la nouvelle s\u00e9rie CHANDRA Mini. Il est disponible dans une vari\u00e9t\u00e9 de mod\u00e8les de faisceaux et d'options CCT. Avec un IRC de 90 pour tous ses CCT, le CHANDRA Mini am\u00e9liorera votre environnement de vente au d\u00e9tail \u00e0 un autre niveau.","breadcrumb":{"@id":"https:\/\/eralux.com\/fr\/produit\/chandra-mini\/#breadcrumb"},"inLanguage":"fr-FR","potentialAction":[{"@type":"ReadAction","target":["https:\/\/eralux.com\/fr\/produit\/chandra-mini\/"]}]},{"@type":"ImageObject","inLanguage":"fr-FR","@id":"https:\/\/eralux.com\/fr\/produit\/chandra-mini\/#primaryimage","url":"https:\/\/eralux.com\/wp-content\/uploads\/2024\/01\/ERALUX-CHANDRA-MINI-TRACK-LIGHT.png","contentUrl":"https:\/\/eralux.com\/wp-content\/uploads\/2024\/01\/ERALUX-CHANDRA-MINI-TRACK-LIGHT.png","width":2960,"height":2959},{"@type":"BreadcrumbList","@id":"https:\/\/eralux.com\/fr\/produit\/chandra-mini\/#breadcrumb","itemListElement":[{"@type":"ListItem","position":1,"name":"Home","item":"https:\/\/eralux.com\/fr\/"},{"@type":"ListItem","position":2,"name":"Shop","item":"https:\/\/eralux.com\/shop\/"},{"@type":"ListItem","position":3,"name":"CHANDRA MINI"}]},{"@type":"WebSite","@id":"https:\/\/eralux.com\/fr\/#website","url":"https:\/\/eralux.com\/fr\/","name":"Eralux","description":"World leader for Energy Saving LED Solutions","publisher":{"@id":"https:\/\/eralux.com\/fr\/#organization"},"alternateName":"Led manufacturer Canada","potentialAction":[{"@type":"SearchAction","target":{"@type":"EntryPoint","urlTemplate":"https:\/\/eralux.com\/fr\/?s={search_term_string}"},"query-input":{"@type":"PropertyValueSpecification","valueRequired":true,"valueName":"search_term_string"}}],"inLanguage":"fr-FR"},{"@type":"Organization","@id":"https:\/\/eralux.com\/fr\/#organization","name":"Eralux","url":"https:\/\/eralux.com\/fr\/","logo":{"@type":"ImageObject","inLanguage":"fr-FR","@id":"https:\/\/eralux.com\/fr\/#\/schema\/logo\/image\/","url":"https:\/\/eralux.com\/wp-content\/uploads\/2024\/01\/eralux-logo-trademark-R.png","contentUrl":"https:\/\/eralux.com\/wp-content\/uploads\/2024\/01\/eralux-logo-trademark-R.png","width":1000,"height":446,"caption":"Eralux"},"image":{"@id":"https:\/\/eralux.com\/fr\/#\/schema\/logo\/image\/"},"sameAs":["https:\/\/www.facebook.com\/aeralux.corp","https:\/\/x.com\/eralux_inc"],"description":"Save on energy with high-performance LED solutions. Choose Eralux for eco-friendly lighting. Explore our range today!"}]},"product_price_amount":"0.00","product_price_currency":"CAD","og_availability":"instock","product_availability":"instock","product_condition":"new"},"_links":{"self":[{"href":"https:\/\/eralux.com\/fr\/wp-json\/wp\/v2\/product\/3326","targetHints":{"allow":["GET"]}}],"collection":[{"href":"https:\/\/eralux.com\/fr\/wp-json\/wp\/v2\/product"}],"about":[{"href":"https:\/\/eralux.com\/fr\/wp-json\/wp\/v2\/types\/product"}],"replies":[{"embeddable":true,"href":"https:\/\/eralux.com\/fr\/wp-json\/wp\/v2\/comments?post=3326"}],"wp:featuredmedia":[{"embeddable":true,"href":"https:\/\/eralux.com\/fr\/wp-json\/wp\/v2\/media\/3342"}],"wp:attachment":[{"href":"https:\/\/eralux.com\/fr\/wp-json\/wp\/v2\/media?parent=3326"}],"wp:term":[{"taxonomy":"product_brand","embeddable":true,"href":"https:\/\/eralux.com\/fr\/wp-json\/wp\/v2\/product_brand?post=3326"},{"taxonomy":"product_cat","embeddable":true,"href":"https:\/\/eralux.com\/fr\/wp-json\/wp\/v2\/product_cat?post=3326"},{"taxonomy":"product_tag","embeddable":true,"href":"https:\/\/eralux.com\/fr\/wp-json\/wp\/v2\/product_tag?post=3326"}],"curies":[{"name":"wp","href":"https:\/\/api.w.org\/{rel}","templated":true}]}}