{"id":3330,"date":"2024-01-02T19:40:07","date_gmt":"2024-01-02T19:40:07","guid":{"rendered":"https:\/\/eralux.com\/?post_type=product&#038;p=3330"},"modified":"2025-12-04T18:22:53","modified_gmt":"2025-12-04T18:22:53","slug":"kepler-plus","status":"publish","type":"product","link":"https:\/\/eralux.com\/fr\/produit\/kepler-plus\/","title":{"rendered":"KEPLER PLUS"},"content":{"rendered":"<p>La s\u00e9rie de luminaires KEPLER est une alternative \u00e9l\u00e9gante \u00e0 la lumi\u00e8re traditionnelle sur rail. Par rapport au Kepler, le Kepler Plus a un LPW plus \u00e9lev\u00e9 et une forme l\u00e9g\u00e8rement plus longue. Il se distingue par son aspect fin et compact et par la vari\u00e9t\u00e9 de ses options optiques. Ce produit est \u00e9galement livr\u00e9 en standard avec un IRC de 90. Le Kepler Plus est un compl\u00e9ment \u00e9l\u00e9gant \u00e0 votre prochain projet. Il est disponible en noir, blanc et argent.<\/p>\n","protected":false},"excerpt":{"rendered":"<p>T\u00eate de rail mince et compacte<\/p>\n","protected":false},"featured_media":3346,"comment_status":"open","ping_status":"closed","template":"","meta":{"inline_featured_image":false},"product_brand":[],"product_cat":[1733],"product_tag":[],"class_list":{"0":"post-3330","1":"product","2":"type-product","3":"status-publish","4":"has-post-thumbnail","6":"spec_sheets-j1-fr","7":"spec_sheets-g1-fr","8":"spec_sheets-nf-fr-2","9":"spec_sheets-h1-fr","10":"spec_sheets-fl-fr-2","11":"spec_sheets-l1-fr","12":"spec_sheets-wf-fr-3","13":"spec_sheets-p-fr-3","14":"spec_sheets-wh-fr","15":"spec_sheets-bk-fr","16":"spec_sheets-sv-fr","17":"spec_sheets-distribution-fr","18":"spec_sheets-adapteur","19":"spec_sheets-cct-fr","20":"spec_sheets-cri-fr","21":"spec_sheets-finition","22":"spec_sheets-30-fr","23":"spec_sheets-40-fr","24":"product_applications-bureau-commercial","25":"product_applications-education-fr","26":"product_applications-magasin-de-mode","27":"product_applications-sante","28":"product_applications-hotellerie","29":"product_segments-projecteur-del-sur-rail","30":"product_segments-projecteurs-sur-rail","31":"product_cat-ae-tl-kpp-12-fr","33":"first","34":"instock","35":"shipping-taxable","36":"purchasable","37":"product-type-simple"},"yoast_head":"<!-- This site is optimized with the Yoast SEO Premium plugin v24.2 (Yoast SEO v27.5) - https:\/\/yoast.com\/product\/yoast-seo-premium-wordpress\/ -->\n<title>KEPLER PLUS - Eralux<\/title>\n<meta name=\"description\" content=\"La s\u00e9rie de luminaires KEPLER est une alternative \u00e9l\u00e9gante \u00e0 la lumi\u00e8re traditionnelle sur rail. Par rapport au Kepler, le Kepler Plus a un LPW plus \u00e9lev\u00e9 et une forme l\u00e9g\u00e8rement plus longue. Il se distingue par son aspect fin et compact et par la vari\u00e9t\u00e9 de ses options optiques. Ce produit est \u00e9galement livr\u00e9 en standard avec un IRC de 90. Le Kepler Plus est un compl\u00e9ment \u00e9l\u00e9gant \u00e0 votre prochain projet. Il est disponible en noir, blanc et argent.\" \/>\n<meta name=\"robots\" content=\"index, follow, max-snippet:-1, max-image-preview:large, max-video-preview:-1\" \/>\n<link rel=\"canonical\" href=\"https:\/\/eralux.com\/fr\/produit\/kepler-plus\/\" \/>\n<meta property=\"og:locale\" content=\"fr_FR\" \/>\n<meta property=\"og:type\" content=\"article\" \/>\n<meta property=\"og:title\" content=\"KEPLER PLUS\" \/>\n<meta property=\"og:description\" content=\"La s\u00e9rie de luminaires KEPLER est une alternative \u00e9l\u00e9gante \u00e0 la lumi\u00e8re traditionnelle sur rail. Par rapport au Kepler, le Kepler Plus a un LPW plus \u00e9lev\u00e9 et une forme l\u00e9g\u00e8rement plus longue. Il se distingue par son aspect fin et compact et par la vari\u00e9t\u00e9 de ses options optiques. Ce produit est \u00e9galement livr\u00e9 en standard avec un IRC de 90. Le Kepler Plus est un compl\u00e9ment \u00e9l\u00e9gant \u00e0 votre prochain projet. Il est disponible en noir, blanc et argent.\" \/>\n<meta property=\"og:url\" content=\"https:\/\/eralux.com\/fr\/produit\/kepler-plus\/\" \/>\n<meta property=\"og:site_name\" content=\"Eralux\" \/>\n<meta property=\"article:publisher\" content=\"https:\/\/www.facebook.com\/aeralux.corp\" \/>\n<meta property=\"article:modified_time\" content=\"2025-12-04T18:22:53+00:00\" \/>\n<meta property=\"og:image\" content=\"https:\/\/eralux.com\/wp-content\/uploads\/2024\/01\/ERALUX-Kepler-Plus-Tracklight.png\" \/>\n\t<meta property=\"og:image:width\" content=\"2724\" \/>\n\t<meta property=\"og:image:height\" content=\"2724\" \/>\n\t<meta property=\"og:image:type\" content=\"image\/png\" \/>\n<meta name=\"twitter:card\" content=\"summary_large_image\" \/>\n<meta name=\"twitter:site\" content=\"@eralux_inc\" \/>\n<meta name=\"twitter:label1\" content=\"Prix\" \/>\n\t<meta name=\"twitter:data1\" content=\"&#036;0.00\" \/>\n\t<meta name=\"twitter:label2\" content=\"Disponibilit\u00e9\" \/>\n\t<meta name=\"twitter:data2\" content=\"En stock\" \/>\n<script type=\"application\/ld+json\" class=\"yoast-schema-graph\">{\"@context\":\"https:\\\/\\\/schema.org\",\"@graph\":[{\"@type\":\"WebPage\",\"@id\":\"https:\\\/\\\/eralux.com\\\/fr\\\/produit\\\/kepler-plus\\\/\",\"url\":\"https:\\\/\\\/eralux.com\\\/fr\\\/produit\\\/kepler-plus\\\/\",\"name\":\"KEPLER PLUS - Eralux\",\"isPartOf\":{\"@id\":\"https:\\\/\\\/eralux.com\\\/fr\\\/#website\"},\"primaryImageOfPage\":{\"@id\":\"https:\\\/\\\/eralux.com\\\/fr\\\/produit\\\/kepler-plus\\\/#primaryimage\"},\"image\":{\"@id\":\"https:\\\/\\\/eralux.com\\\/fr\\\/produit\\\/kepler-plus\\\/#primaryimage\"},\"thumbnailUrl\":\"https:\\\/\\\/eralux.com\\\/wp-content\\\/uploads\\\/2024\\\/01\\\/ERALUX-Kepler-Plus-Tracklight.png\",\"datePublished\":\"2024-01-02T19:40:07+00:00\",\"dateModified\":\"2025-12-04T18:22:53+00:00\",\"description\":\"La s\u00e9rie de luminaires KEPLER est une alternative \u00e9l\u00e9gante \u00e0 la lumi\u00e8re traditionnelle sur rail. Par rapport au Kepler, le Kepler Plus a un LPW plus \u00e9lev\u00e9 et une forme l\u00e9g\u00e8rement plus longue. Il se distingue par son aspect fin et compact et par la vari\u00e9t\u00e9 de ses options optiques. Ce produit est \u00e9galement livr\u00e9 en standard avec un IRC de 90. Le Kepler Plus est un compl\u00e9ment \u00e9l\u00e9gant \u00e0 votre prochain projet. Il est disponible en noir, blanc et argent.\",\"breadcrumb\":{\"@id\":\"https:\\\/\\\/eralux.com\\\/fr\\\/produit\\\/kepler-plus\\\/#breadcrumb\"},\"inLanguage\":\"fr-FR\",\"potentialAction\":[{\"@type\":\"ReadAction\",\"target\":[\"https:\\\/\\\/eralux.com\\\/fr\\\/produit\\\/kepler-plus\\\/\"]}]},{\"@type\":\"ImageObject\",\"inLanguage\":\"fr-FR\",\"@id\":\"https:\\\/\\\/eralux.com\\\/fr\\\/produit\\\/kepler-plus\\\/#primaryimage\",\"url\":\"https:\\\/\\\/eralux.com\\\/wp-content\\\/uploads\\\/2024\\\/01\\\/ERALUX-Kepler-Plus-Tracklight.png\",\"contentUrl\":\"https:\\\/\\\/eralux.com\\\/wp-content\\\/uploads\\\/2024\\\/01\\\/ERALUX-Kepler-Plus-Tracklight.png\",\"width\":2724,\"height\":2724},{\"@type\":\"BreadcrumbList\",\"@id\":\"https:\\\/\\\/eralux.com\\\/fr\\\/produit\\\/kepler-plus\\\/#breadcrumb\",\"itemListElement\":[{\"@type\":\"ListItem\",\"position\":1,\"name\":\"Home\",\"item\":\"https:\\\/\\\/eralux.com\\\/fr\\\/\"},{\"@type\":\"ListItem\",\"position\":2,\"name\":\"Shop\",\"item\":\"https:\\\/\\\/eralux.com\\\/shop\\\/\"},{\"@type\":\"ListItem\",\"position\":3,\"name\":\"KEPLER PLUS\"}]},{\"@type\":\"WebSite\",\"@id\":\"https:\\\/\\\/eralux.com\\\/fr\\\/#website\",\"url\":\"https:\\\/\\\/eralux.com\\\/fr\\\/\",\"name\":\"Eralux\",\"description\":\"World leader for Energy Saving LED Solutions\",\"publisher\":{\"@id\":\"https:\\\/\\\/eralux.com\\\/fr\\\/#organization\"},\"alternateName\":\"Led manufacturer Canada\",\"potentialAction\":[{\"@type\":\"SearchAction\",\"target\":{\"@type\":\"EntryPoint\",\"urlTemplate\":\"https:\\\/\\\/eralux.com\\\/fr\\\/?s={search_term_string}\"},\"query-input\":{\"@type\":\"PropertyValueSpecification\",\"valueRequired\":true,\"valueName\":\"search_term_string\"}}],\"inLanguage\":\"fr-FR\"},{\"@type\":\"Organization\",\"@id\":\"https:\\\/\\\/eralux.com\\\/fr\\\/#organization\",\"name\":\"Eralux\",\"url\":\"https:\\\/\\\/eralux.com\\\/fr\\\/\",\"logo\":{\"@type\":\"ImageObject\",\"inLanguage\":\"fr-FR\",\"@id\":\"https:\\\/\\\/eralux.com\\\/fr\\\/#\\\/schema\\\/logo\\\/image\\\/\",\"url\":\"https:\\\/\\\/eralux.com\\\/wp-content\\\/uploads\\\/2024\\\/01\\\/eralux-logo-trademark-R.png\",\"contentUrl\":\"https:\\\/\\\/eralux.com\\\/wp-content\\\/uploads\\\/2024\\\/01\\\/eralux-logo-trademark-R.png\",\"width\":1000,\"height\":446,\"caption\":\"Eralux\"},\"image\":{\"@id\":\"https:\\\/\\\/eralux.com\\\/fr\\\/#\\\/schema\\\/logo\\\/image\\\/\"},\"sameAs\":[\"https:\\\/\\\/www.facebook.com\\\/aeralux.corp\",\"https:\\\/\\\/x.com\\\/eralux_inc\"],\"description\":\"Save on energy with high-performance LED solutions. Choose Eralux for eco-friendly lighting. Explore our range today!\"}]}<\/script>\n<meta property=\"product:price:amount\" content=\"0.00\" \/>\n<meta property=\"product:price:currency\" content=\"CAD\" \/>\n<meta property=\"og:availability\" content=\"instock\" \/>\n<meta property=\"product:availability\" content=\"instock\" \/>\n<meta property=\"product:condition\" content=\"new\" \/>\n<!-- \/ Yoast SEO Premium plugin. -->","yoast_head_json":{"title":"KEPLER PLUS - Eralux","description":"La s\u00e9rie de luminaires KEPLER est une alternative \u00e9l\u00e9gante \u00e0 la lumi\u00e8re traditionnelle sur rail. Par rapport au Kepler, le Kepler Plus a un LPW plus \u00e9lev\u00e9 et une forme l\u00e9g\u00e8rement plus longue. Il se distingue par son aspect fin et compact et par la vari\u00e9t\u00e9 de ses options optiques. Ce produit est \u00e9galement livr\u00e9 en standard avec un IRC de 90. Le Kepler Plus est un compl\u00e9ment \u00e9l\u00e9gant \u00e0 votre prochain projet. Il est disponible en noir, blanc et argent.","robots":{"index":"index","follow":"follow","max-snippet":"max-snippet:-1","max-image-preview":"max-image-preview:large","max-video-preview":"max-video-preview:-1"},"canonical":"https:\/\/eralux.com\/fr\/produit\/kepler-plus\/","og_locale":"fr_FR","og_type":"article","og_title":"KEPLER PLUS","og_description":"La s\u00e9rie de luminaires KEPLER est une alternative \u00e9l\u00e9gante \u00e0 la lumi\u00e8re traditionnelle sur rail. Par rapport au Kepler, le Kepler Plus a un LPW plus \u00e9lev\u00e9 et une forme l\u00e9g\u00e8rement plus longue. Il se distingue par son aspect fin et compact et par la vari\u00e9t\u00e9 de ses options optiques. Ce produit est \u00e9galement livr\u00e9 en standard avec un IRC de 90. Le Kepler Plus est un compl\u00e9ment \u00e9l\u00e9gant \u00e0 votre prochain projet. Il est disponible en noir, blanc et argent.","og_url":"https:\/\/eralux.com\/fr\/produit\/kepler-plus\/","og_site_name":"Eralux","article_publisher":"https:\/\/www.facebook.com\/aeralux.corp","article_modified_time":"2025-12-04T18:22:53+00:00","og_image":[{"width":2724,"height":2724,"url":"https:\/\/eralux.com\/wp-content\/uploads\/2024\/01\/ERALUX-Kepler-Plus-Tracklight.png","type":"image\/png"}],"twitter_card":"summary_large_image","twitter_site":"@eralux_inc","twitter_misc":{"Prix":"&#36;0.00","Disponibilit\u00e9":"En stock"},"schema":{"@context":"https:\/\/schema.org","@graph":[{"@type":"WebPage","@id":"https:\/\/eralux.com\/fr\/produit\/kepler-plus\/","url":"https:\/\/eralux.com\/fr\/produit\/kepler-plus\/","name":"KEPLER PLUS - Eralux","isPartOf":{"@id":"https:\/\/eralux.com\/fr\/#website"},"primaryImageOfPage":{"@id":"https:\/\/eralux.com\/fr\/produit\/kepler-plus\/#primaryimage"},"image":{"@id":"https:\/\/eralux.com\/fr\/produit\/kepler-plus\/#primaryimage"},"thumbnailUrl":"https:\/\/eralux.com\/wp-content\/uploads\/2024\/01\/ERALUX-Kepler-Plus-Tracklight.png","datePublished":"2024-01-02T19:40:07+00:00","dateModified":"2025-12-04T18:22:53+00:00","description":"La s\u00e9rie de luminaires KEPLER est une alternative \u00e9l\u00e9gante \u00e0 la lumi\u00e8re traditionnelle sur rail. Par rapport au Kepler, le Kepler Plus a un LPW plus \u00e9lev\u00e9 et une forme l\u00e9g\u00e8rement plus longue. Il se distingue par son aspect fin et compact et par la vari\u00e9t\u00e9 de ses options optiques. Ce produit est \u00e9galement livr\u00e9 en standard avec un IRC de 90. Le Kepler Plus est un compl\u00e9ment \u00e9l\u00e9gant \u00e0 votre prochain projet. Il est disponible en noir, blanc et argent.","breadcrumb":{"@id":"https:\/\/eralux.com\/fr\/produit\/kepler-plus\/#breadcrumb"},"inLanguage":"fr-FR","potentialAction":[{"@type":"ReadAction","target":["https:\/\/eralux.com\/fr\/produit\/kepler-plus\/"]}]},{"@type":"ImageObject","inLanguage":"fr-FR","@id":"https:\/\/eralux.com\/fr\/produit\/kepler-plus\/#primaryimage","url":"https:\/\/eralux.com\/wp-content\/uploads\/2024\/01\/ERALUX-Kepler-Plus-Tracklight.png","contentUrl":"https:\/\/eralux.com\/wp-content\/uploads\/2024\/01\/ERALUX-Kepler-Plus-Tracklight.png","width":2724,"height":2724},{"@type":"BreadcrumbList","@id":"https:\/\/eralux.com\/fr\/produit\/kepler-plus\/#breadcrumb","itemListElement":[{"@type":"ListItem","position":1,"name":"Home","item":"https:\/\/eralux.com\/fr\/"},{"@type":"ListItem","position":2,"name":"Shop","item":"https:\/\/eralux.com\/shop\/"},{"@type":"ListItem","position":3,"name":"KEPLER PLUS"}]},{"@type":"WebSite","@id":"https:\/\/eralux.com\/fr\/#website","url":"https:\/\/eralux.com\/fr\/","name":"Eralux","description":"World leader for Energy Saving LED Solutions","publisher":{"@id":"https:\/\/eralux.com\/fr\/#organization"},"alternateName":"Led manufacturer Canada","potentialAction":[{"@type":"SearchAction","target":{"@type":"EntryPoint","urlTemplate":"https:\/\/eralux.com\/fr\/?s={search_term_string}"},"query-input":{"@type":"PropertyValueSpecification","valueRequired":true,"valueName":"search_term_string"}}],"inLanguage":"fr-FR"},{"@type":"Organization","@id":"https:\/\/eralux.com\/fr\/#organization","name":"Eralux","url":"https:\/\/eralux.com\/fr\/","logo":{"@type":"ImageObject","inLanguage":"fr-FR","@id":"https:\/\/eralux.com\/fr\/#\/schema\/logo\/image\/","url":"https:\/\/eralux.com\/wp-content\/uploads\/2024\/01\/eralux-logo-trademark-R.png","contentUrl":"https:\/\/eralux.com\/wp-content\/uploads\/2024\/01\/eralux-logo-trademark-R.png","width":1000,"height":446,"caption":"Eralux"},"image":{"@id":"https:\/\/eralux.com\/fr\/#\/schema\/logo\/image\/"},"sameAs":["https:\/\/www.facebook.com\/aeralux.corp","https:\/\/x.com\/eralux_inc"],"description":"Save on energy with high-performance LED solutions. Choose Eralux for eco-friendly lighting. Explore our range today!"}]},"product_price_amount":"0.00","product_price_currency":"CAD","og_availability":"instock","product_availability":"instock","product_condition":"new"},"_links":{"self":[{"href":"https:\/\/eralux.com\/fr\/wp-json\/wp\/v2\/product\/3330","targetHints":{"allow":["GET"]}}],"collection":[{"href":"https:\/\/eralux.com\/fr\/wp-json\/wp\/v2\/product"}],"about":[{"href":"https:\/\/eralux.com\/fr\/wp-json\/wp\/v2\/types\/product"}],"replies":[{"embeddable":true,"href":"https:\/\/eralux.com\/fr\/wp-json\/wp\/v2\/comments?post=3330"}],"wp:featuredmedia":[{"embeddable":true,"href":"https:\/\/eralux.com\/fr\/wp-json\/wp\/v2\/media\/3346"}],"wp:attachment":[{"href":"https:\/\/eralux.com\/fr\/wp-json\/wp\/v2\/media?parent=3330"}],"wp:term":[{"taxonomy":"product_brand","embeddable":true,"href":"https:\/\/eralux.com\/fr\/wp-json\/wp\/v2\/product_brand?post=3330"},{"taxonomy":"product_cat","embeddable":true,"href":"https:\/\/eralux.com\/fr\/wp-json\/wp\/v2\/product_cat?post=3330"},{"taxonomy":"product_tag","embeddable":true,"href":"https:\/\/eralux.com\/fr\/wp-json\/wp\/v2\/product_tag?post=3330"}],"curies":[{"name":"wp","href":"https:\/\/api.w.org\/{rel}","templated":true}]}}