{"id":3336,"date":"2024-01-02T19:46:20","date_gmt":"2024-01-02T19:46:20","guid":{"rendered":"https:\/\/eralux.com\/?post_type=product&#038;p=3336"},"modified":"2025-02-05T14:50:59","modified_gmt":"2025-02-05T14:50:59","slug":"genesys","status":"publish","type":"product","link":"https:\/\/eralux.com\/fr\/produit\/genesys\/","title":{"rendered":"GENESYS"},"content":{"rendered":"<p>La s\u00e9rie GENESYS d&#8217;ERALUX combine le d\u00e9sir d&#8217;une grande efficacit\u00e9 et d&#8217;un look distingu\u00e9 dans un luminaire ext\u00e9rieur. La s\u00e9rie GENESYS propose des m\u00e9thodes de montage et une vari\u00e9t\u00e9 de mod\u00e8les de distribution de la lumi\u00e8re, ce qui vous permet d&#8217;adapter votre luminaire \u00e0 vos besoins d&#8217;\u00e9clairage. Notre appareil est livr\u00e9 en standard avec une base NEMA \u00e0 3 broches ainsi qu&#8217;un SPD 20KV.<\/p>\n","protected":false},"excerpt":{"rendered":"<p>\u00c9CLAIRAGE D&#8217;EXT\u00c9RIEUR \u00c0 LEDS<\/p>\n","protected":false},"featured_media":7689,"comment_status":"open","ping_status":"closed","template":"","meta":{"inline_featured_image":false},"product_brand":[],"product_cat":[1574],"product_tag":[],"class_list":{"0":"post-3336","1":"product","2":"type-product","3":"status-publish","4":"has-post-thumbnail","6":"spec_sheets-hv_1","7":"spec_sheets-al-fr","8":"spec_sheets-uv-fr","9":"spec_sheets-m-fr-4","10":"spec_sheets-d-fr-2","11":"spec_sheets-t2-fr","12":"spec_sheets-t3n-fr","13":"spec_sheets-t3r-fr","14":"spec_sheets-t3l-fr","15":"spec_sheets-wh-fr-2","16":"spec_sheets-t4-fr","17":"spec_sheets-c-fr","18":"spec_sheets-t5-fr","19":"spec_sheets-bk-fr-2","20":"spec_sheets-bz-fr","21":"spec_sheets-d-fr-4","22":"spec_sheets-22-fr-2","23":"spec_sheets-30-fr-4","24":"spec_sheets-p-fr-2","25":"spec_sheets-40-fr-6","26":"spec_sheets-50-fr-5","27":"spec_sheets-a-fr-2","28":"spec_sheets-b-fr-3","29":"spec_sheets-80-fr-3","30":"spec_sheets-150-fr","31":"spec_sheets-200-fr-2","32":"spec_sheets-distribution-fr","33":"spec_sheets-240-fr","34":"spec_sheets-300-fr","35":"spec_sheets-cct-fr","36":"spec_sheets-controles","37":"spec_sheets-finition","38":"spec_sheets-montage","39":"spec_sheets-puissance","40":"spec_sheets-tension","41":"spec_sheets-100-fr-2","42":"product_applications-parking","43":"product_segments-eclairage-de-zone","44":"product_segments-exterieur","45":"product_cat-ae-od-gy-fr","47":"first","48":"instock","49":"shipping-taxable","50":"purchasable","51":"product-type-simple"},"yoast_head":"<!-- This site is optimized with the Yoast SEO Premium plugin v24.2 (Yoast SEO v27.4) - https:\/\/yoast.com\/product\/yoast-seo-premium-wordpress\/ -->\n<title>GENESYS - Eralux<\/title>\n<meta name=\"description\" content=\"La s\u00e9rie GENESYS d&#039;ERALUX combine le d\u00e9sir d&#039;une grande efficacit\u00e9 et d&#039;un look distingu\u00e9 dans un luminaire ext\u00e9rieur. La s\u00e9rie GENESYS propose des m\u00e9thodes de montage et une vari\u00e9t\u00e9 de mod\u00e8les de distribution de la lumi\u00e8re, ce qui vous permet d&#039;adapter votre luminaire \u00e0 vos besoins d&#039;\u00e9clairage. Notre appareil est livr\u00e9 en standard avec une base NEMA \u00e0 3 broches ainsi qu&#039;un SPD 20KV.\" \/>\n<meta name=\"robots\" content=\"index, follow, max-snippet:-1, max-image-preview:large, max-video-preview:-1\" \/>\n<link rel=\"canonical\" href=\"https:\/\/eralux.com\/fr\/produit\/genesys\/\" \/>\n<meta property=\"og:locale\" content=\"fr_FR\" \/>\n<meta property=\"og:type\" content=\"article\" \/>\n<meta property=\"og:title\" content=\"GENESYS\" \/>\n<meta property=\"og:description\" content=\"La s\u00e9rie GENESYS d&#039;ERALUX combine le d\u00e9sir d&#039;une grande efficacit\u00e9 et d&#039;un look distingu\u00e9 dans un luminaire ext\u00e9rieur. La s\u00e9rie GENESYS propose des m\u00e9thodes de montage et une vari\u00e9t\u00e9 de mod\u00e8les de distribution de la lumi\u00e8re, ce qui vous permet d&#039;adapter votre luminaire \u00e0 vos besoins d&#039;\u00e9clairage. Notre appareil est livr\u00e9 en standard avec une base NEMA \u00e0 3 broches ainsi qu&#039;un SPD 20KV.\" \/>\n<meta property=\"og:url\" content=\"https:\/\/eralux.com\/fr\/produit\/genesys\/\" \/>\n<meta property=\"og:site_name\" content=\"Eralux\" \/>\n<meta property=\"article:publisher\" content=\"https:\/\/www.facebook.com\/aeralux.corp\" \/>\n<meta property=\"article:modified_time\" content=\"2025-02-05T14:50:59+00:00\" \/>\n<meta property=\"og:image\" content=\"https:\/\/eralux.com\/wp-content\/uploads\/2024\/01\/100w-150w-shoebox-light-bronze-2.png\" \/>\n\t<meta property=\"og:image:width\" content=\"1000\" \/>\n\t<meta property=\"og:image:height\" content=\"1000\" \/>\n\t<meta property=\"og:image:type\" content=\"image\/png\" \/>\n<meta name=\"twitter:card\" content=\"summary_large_image\" \/>\n<meta name=\"twitter:site\" content=\"@eralux_inc\" \/>\n<meta name=\"twitter:label1\" content=\"Prix\" \/>\n\t<meta name=\"twitter:data1\" content=\"&#036;0.00\" \/>\n\t<meta name=\"twitter:label2\" content=\"Disponibilit\u00e9\" \/>\n\t<meta name=\"twitter:data2\" content=\"En stock\" \/>\n<script type=\"application\/ld+json\" class=\"yoast-schema-graph\">{\"@context\":\"https:\\\/\\\/schema.org\",\"@graph\":[{\"@type\":\"WebPage\",\"@id\":\"https:\\\/\\\/eralux.com\\\/fr\\\/produit\\\/genesys\\\/\",\"url\":\"https:\\\/\\\/eralux.com\\\/fr\\\/produit\\\/genesys\\\/\",\"name\":\"GENESYS - Eralux\",\"isPartOf\":{\"@id\":\"https:\\\/\\\/eralux.com\\\/fr\\\/#website\"},\"primaryImageOfPage\":{\"@id\":\"https:\\\/\\\/eralux.com\\\/fr\\\/produit\\\/genesys\\\/#primaryimage\"},\"image\":{\"@id\":\"https:\\\/\\\/eralux.com\\\/fr\\\/produit\\\/genesys\\\/#primaryimage\"},\"thumbnailUrl\":\"https:\\\/\\\/eralux.com\\\/wp-content\\\/uploads\\\/2024\\\/01\\\/100w-150w-shoebox-light-bronze-2.png\",\"datePublished\":\"2024-01-02T19:46:20+00:00\",\"dateModified\":\"2025-02-05T14:50:59+00:00\",\"description\":\"La s\u00e9rie GENESYS d'ERALUX combine le d\u00e9sir d'une grande efficacit\u00e9 et d'un look distingu\u00e9 dans un luminaire ext\u00e9rieur. La s\u00e9rie GENESYS propose des m\u00e9thodes de montage et une vari\u00e9t\u00e9 de mod\u00e8les de distribution de la lumi\u00e8re, ce qui vous permet d'adapter votre luminaire \u00e0 vos besoins d'\u00e9clairage. Notre appareil est livr\u00e9 en standard avec une base NEMA \u00e0 3 broches ainsi qu'un SPD 20KV.\",\"breadcrumb\":{\"@id\":\"https:\\\/\\\/eralux.com\\\/fr\\\/produit\\\/genesys\\\/#breadcrumb\"},\"inLanguage\":\"fr-FR\",\"potentialAction\":[{\"@type\":\"ReadAction\",\"target\":[\"https:\\\/\\\/eralux.com\\\/fr\\\/produit\\\/genesys\\\/\"]}]},{\"@type\":\"ImageObject\",\"inLanguage\":\"fr-FR\",\"@id\":\"https:\\\/\\\/eralux.com\\\/fr\\\/produit\\\/genesys\\\/#primaryimage\",\"url\":\"https:\\\/\\\/eralux.com\\\/wp-content\\\/uploads\\\/2024\\\/01\\\/100w-150w-shoebox-light-bronze-2.png\",\"contentUrl\":\"https:\\\/\\\/eralux.com\\\/wp-content\\\/uploads\\\/2024\\\/01\\\/100w-150w-shoebox-light-bronze-2.png\",\"width\":1000,\"height\":1000},{\"@type\":\"BreadcrumbList\",\"@id\":\"https:\\\/\\\/eralux.com\\\/fr\\\/produit\\\/genesys\\\/#breadcrumb\",\"itemListElement\":[{\"@type\":\"ListItem\",\"position\":1,\"name\":\"Home\",\"item\":\"https:\\\/\\\/eralux.com\\\/fr\\\/\"},{\"@type\":\"ListItem\",\"position\":2,\"name\":\"Shop\",\"item\":\"https:\\\/\\\/eralux.com\\\/shop\\\/\"},{\"@type\":\"ListItem\",\"position\":3,\"name\":\"GENESYS\"}]},{\"@type\":\"WebSite\",\"@id\":\"https:\\\/\\\/eralux.com\\\/fr\\\/#website\",\"url\":\"https:\\\/\\\/eralux.com\\\/fr\\\/\",\"name\":\"Eralux\",\"description\":\"World leader for Energy Saving LED Solutions\",\"publisher\":{\"@id\":\"https:\\\/\\\/eralux.com\\\/fr\\\/#organization\"},\"alternateName\":\"Led manufacturer Canada\",\"potentialAction\":[{\"@type\":\"SearchAction\",\"target\":{\"@type\":\"EntryPoint\",\"urlTemplate\":\"https:\\\/\\\/eralux.com\\\/fr\\\/?s={search_term_string}\"},\"query-input\":{\"@type\":\"PropertyValueSpecification\",\"valueRequired\":true,\"valueName\":\"search_term_string\"}}],\"inLanguage\":\"fr-FR\"},{\"@type\":\"Organization\",\"@id\":\"https:\\\/\\\/eralux.com\\\/fr\\\/#organization\",\"name\":\"Eralux\",\"url\":\"https:\\\/\\\/eralux.com\\\/fr\\\/\",\"logo\":{\"@type\":\"ImageObject\",\"inLanguage\":\"fr-FR\",\"@id\":\"https:\\\/\\\/eralux.com\\\/fr\\\/#\\\/schema\\\/logo\\\/image\\\/\",\"url\":\"https:\\\/\\\/eralux.com\\\/wp-content\\\/uploads\\\/2024\\\/01\\\/eralux-logo-trademark-R.png\",\"contentUrl\":\"https:\\\/\\\/eralux.com\\\/wp-content\\\/uploads\\\/2024\\\/01\\\/eralux-logo-trademark-R.png\",\"width\":1000,\"height\":446,\"caption\":\"Eralux\"},\"image\":{\"@id\":\"https:\\\/\\\/eralux.com\\\/fr\\\/#\\\/schema\\\/logo\\\/image\\\/\"},\"sameAs\":[\"https:\\\/\\\/www.facebook.com\\\/aeralux.corp\",\"https:\\\/\\\/x.com\\\/eralux_inc\"],\"description\":\"Save on energy with high-performance LED solutions. Choose Eralux for eco-friendly lighting. Explore our range today!\"}]}<\/script>\n<meta property=\"product:price:amount\" content=\"0.00\" \/>\n<meta property=\"product:price:currency\" content=\"CAD\" \/>\n<meta property=\"og:availability\" content=\"instock\" \/>\n<meta property=\"product:availability\" content=\"instock\" \/>\n<meta property=\"product:condition\" content=\"new\" \/>\n<!-- \/ Yoast SEO Premium plugin. -->","yoast_head_json":{"title":"GENESYS - Eralux","description":"La s\u00e9rie GENESYS d'ERALUX combine le d\u00e9sir d'une grande efficacit\u00e9 et d'un look distingu\u00e9 dans un luminaire ext\u00e9rieur. La s\u00e9rie GENESYS propose des m\u00e9thodes de montage et une vari\u00e9t\u00e9 de mod\u00e8les de distribution de la lumi\u00e8re, ce qui vous permet d'adapter votre luminaire \u00e0 vos besoins d'\u00e9clairage. Notre appareil est livr\u00e9 en standard avec une base NEMA \u00e0 3 broches ainsi qu'un SPD 20KV.","robots":{"index":"index","follow":"follow","max-snippet":"max-snippet:-1","max-image-preview":"max-image-preview:large","max-video-preview":"max-video-preview:-1"},"canonical":"https:\/\/eralux.com\/fr\/produit\/genesys\/","og_locale":"fr_FR","og_type":"article","og_title":"GENESYS","og_description":"La s\u00e9rie GENESYS d'ERALUX combine le d\u00e9sir d'une grande efficacit\u00e9 et d'un look distingu\u00e9 dans un luminaire ext\u00e9rieur. La s\u00e9rie GENESYS propose des m\u00e9thodes de montage et une vari\u00e9t\u00e9 de mod\u00e8les de distribution de la lumi\u00e8re, ce qui vous permet d'adapter votre luminaire \u00e0 vos besoins d'\u00e9clairage. Notre appareil est livr\u00e9 en standard avec une base NEMA \u00e0 3 broches ainsi qu'un SPD 20KV.","og_url":"https:\/\/eralux.com\/fr\/produit\/genesys\/","og_site_name":"Eralux","article_publisher":"https:\/\/www.facebook.com\/aeralux.corp","article_modified_time":"2025-02-05T14:50:59+00:00","og_image":[{"width":1000,"height":1000,"url":"https:\/\/eralux.com\/wp-content\/uploads\/2024\/01\/100w-150w-shoebox-light-bronze-2.png","type":"image\/png"}],"twitter_card":"summary_large_image","twitter_site":"@eralux_inc","twitter_misc":{"Prix":"&#36;0.00","Disponibilit\u00e9":"En stock"},"schema":{"@context":"https:\/\/schema.org","@graph":[{"@type":"WebPage","@id":"https:\/\/eralux.com\/fr\/produit\/genesys\/","url":"https:\/\/eralux.com\/fr\/produit\/genesys\/","name":"GENESYS - Eralux","isPartOf":{"@id":"https:\/\/eralux.com\/fr\/#website"},"primaryImageOfPage":{"@id":"https:\/\/eralux.com\/fr\/produit\/genesys\/#primaryimage"},"image":{"@id":"https:\/\/eralux.com\/fr\/produit\/genesys\/#primaryimage"},"thumbnailUrl":"https:\/\/eralux.com\/wp-content\/uploads\/2024\/01\/100w-150w-shoebox-light-bronze-2.png","datePublished":"2024-01-02T19:46:20+00:00","dateModified":"2025-02-05T14:50:59+00:00","description":"La s\u00e9rie GENESYS d'ERALUX combine le d\u00e9sir d'une grande efficacit\u00e9 et d'un look distingu\u00e9 dans un luminaire ext\u00e9rieur. La s\u00e9rie GENESYS propose des m\u00e9thodes de montage et une vari\u00e9t\u00e9 de mod\u00e8les de distribution de la lumi\u00e8re, ce qui vous permet d'adapter votre luminaire \u00e0 vos besoins d'\u00e9clairage. Notre appareil est livr\u00e9 en standard avec une base NEMA \u00e0 3 broches ainsi qu'un SPD 20KV.","breadcrumb":{"@id":"https:\/\/eralux.com\/fr\/produit\/genesys\/#breadcrumb"},"inLanguage":"fr-FR","potentialAction":[{"@type":"ReadAction","target":["https:\/\/eralux.com\/fr\/produit\/genesys\/"]}]},{"@type":"ImageObject","inLanguage":"fr-FR","@id":"https:\/\/eralux.com\/fr\/produit\/genesys\/#primaryimage","url":"https:\/\/eralux.com\/wp-content\/uploads\/2024\/01\/100w-150w-shoebox-light-bronze-2.png","contentUrl":"https:\/\/eralux.com\/wp-content\/uploads\/2024\/01\/100w-150w-shoebox-light-bronze-2.png","width":1000,"height":1000},{"@type":"BreadcrumbList","@id":"https:\/\/eralux.com\/fr\/produit\/genesys\/#breadcrumb","itemListElement":[{"@type":"ListItem","position":1,"name":"Home","item":"https:\/\/eralux.com\/fr\/"},{"@type":"ListItem","position":2,"name":"Shop","item":"https:\/\/eralux.com\/shop\/"},{"@type":"ListItem","position":3,"name":"GENESYS"}]},{"@type":"WebSite","@id":"https:\/\/eralux.com\/fr\/#website","url":"https:\/\/eralux.com\/fr\/","name":"Eralux","description":"World leader for Energy Saving LED Solutions","publisher":{"@id":"https:\/\/eralux.com\/fr\/#organization"},"alternateName":"Led manufacturer Canada","potentialAction":[{"@type":"SearchAction","target":{"@type":"EntryPoint","urlTemplate":"https:\/\/eralux.com\/fr\/?s={search_term_string}"},"query-input":{"@type":"PropertyValueSpecification","valueRequired":true,"valueName":"search_term_string"}}],"inLanguage":"fr-FR"},{"@type":"Organization","@id":"https:\/\/eralux.com\/fr\/#organization","name":"Eralux","url":"https:\/\/eralux.com\/fr\/","logo":{"@type":"ImageObject","inLanguage":"fr-FR","@id":"https:\/\/eralux.com\/fr\/#\/schema\/logo\/image\/","url":"https:\/\/eralux.com\/wp-content\/uploads\/2024\/01\/eralux-logo-trademark-R.png","contentUrl":"https:\/\/eralux.com\/wp-content\/uploads\/2024\/01\/eralux-logo-trademark-R.png","width":1000,"height":446,"caption":"Eralux"},"image":{"@id":"https:\/\/eralux.com\/fr\/#\/schema\/logo\/image\/"},"sameAs":["https:\/\/www.facebook.com\/aeralux.corp","https:\/\/x.com\/eralux_inc"],"description":"Save on energy with high-performance LED solutions. Choose Eralux for eco-friendly lighting. Explore our range today!"}]},"product_price_amount":"0.00","product_price_currency":"CAD","og_availability":"instock","product_availability":"instock","product_condition":"new"},"_links":{"self":[{"href":"https:\/\/eralux.com\/fr\/wp-json\/wp\/v2\/product\/3336","targetHints":{"allow":["GET"]}}],"collection":[{"href":"https:\/\/eralux.com\/fr\/wp-json\/wp\/v2\/product"}],"about":[{"href":"https:\/\/eralux.com\/fr\/wp-json\/wp\/v2\/types\/product"}],"replies":[{"embeddable":true,"href":"https:\/\/eralux.com\/fr\/wp-json\/wp\/v2\/comments?post=3336"}],"wp:featuredmedia":[{"embeddable":true,"href":"https:\/\/eralux.com\/fr\/wp-json\/wp\/v2\/media\/7689"}],"wp:attachment":[{"href":"https:\/\/eralux.com\/fr\/wp-json\/wp\/v2\/media?parent=3336"}],"wp:term":[{"taxonomy":"product_brand","embeddable":true,"href":"https:\/\/eralux.com\/fr\/wp-json\/wp\/v2\/product_brand?post=3336"},{"taxonomy":"product_cat","embeddable":true,"href":"https:\/\/eralux.com\/fr\/wp-json\/wp\/v2\/product_cat?post=3336"},{"taxonomy":"product_tag","embeddable":true,"href":"https:\/\/eralux.com\/fr\/wp-json\/wp\/v2\/product_tag?post=3336"}],"curies":[{"name":"wp","href":"https:\/\/api.w.org\/{rel}","templated":true}]}}