{"id":3338,"date":"2024-01-02T19:48:38","date_gmt":"2024-01-02T19:48:38","guid":{"rendered":"https:\/\/eralux.com\/?post_type=product&#038;p=3338"},"modified":"2024-01-15T22:12:31","modified_gmt":"2024-01-15T22:12:31","slug":"hachehaus","status":"publish","type":"product","link":"https:\/\/eralux.com\/fr\/produit\/hachehaus\/","title":{"rendered":"HACHEHAUS"},"content":{"rendered":"<p>Le Hachehaus est une solution d&#8217;\u00e9clairage de culture lumineuse et flexible qui maximise l&#8217;espace de culture pour un rendement de culture plus \u00e9lev\u00e9 et une qualit\u00e9 sup\u00e9rieure. Gr\u00e2ce \u00e0 sa forme compacte et \u00e0 ses multiples options de puissance, il offre aux cultivateurs une solution de production tout au long de l&#8217;ann\u00e9e. Le Hachehaus est id\u00e9al pour la culture du cannabis, des plantes alimentaires ou ornementales. Il est id\u00e9al pour les cultivateurs commerciaux, l&#8217;agriculture verticale, les cultivateurs novices et amateurs.<\/p>\n","protected":false},"excerpt":{"rendered":"<p>Lampe de culture LED pour plantes<\/p>\n","protected":false},"featured_media":3377,"comment_status":"open","ping_status":"closed","template":"","meta":{"inline_featured_image":false},"product_brand":[],"product_cat":[866],"product_tag":[],"class_list":{"0":"post-3338","1":"product","2":"type-product","3":"status-publish","4":"has-post-thumbnail","6":"spec_sheets-sp-fr","7":"spec_sheets-uv-fr","8":"spec_sheets-d-fr","9":"spec_sheets-light-recipes-fr","10":"spec_sheets-controles","11":"spec_sheets-puissance","12":"spec_sheets-tension","13":"spec_sheets-150w-fr","14":"spec_sheets-300w-fr","15":"spec_sheets-450w-fr","16":"spec_sheets-600w-fr","17":"product_segments-agriculture-fr","18":"product_cat-ae-ls-glo-fr","20":"first","21":"instock","22":"shipping-taxable","23":"purchasable","24":"product-type-simple"},"yoast_head":"<!-- This site is optimized with the Yoast SEO Premium plugin v24.2 (Yoast SEO v27.5) - https:\/\/yoast.com\/product\/yoast-seo-premium-wordpress\/ -->\n<title>HACHEHAUS - Eralux<\/title>\n<meta name=\"description\" content=\"Le Hachehaus est une solution d&#039;\u00e9clairage de culture lumineuse et flexible qui maximise l&#039;espace de culture pour un rendement de culture plus \u00e9lev\u00e9 et une qualit\u00e9 sup\u00e9rieure. Gr\u00e2ce \u00e0 sa forme compacte et \u00e0 ses multiples options de puissance, il offre aux cultivateurs une solution de production tout au long de l&#039;ann\u00e9e. Le Hachehaus est id\u00e9al pour la culture du cannabis, des plantes alimentaires ou ornementales. Il est id\u00e9al pour les cultivateurs commerciaux, l&#039;agriculture verticale, les cultivateurs novices et amateurs.\" \/>\n<meta name=\"robots\" content=\"index, follow, max-snippet:-1, max-image-preview:large, max-video-preview:-1\" \/>\n<link rel=\"canonical\" href=\"https:\/\/eralux.com\/fr\/produit\/hachehaus\/\" \/>\n<meta property=\"og:locale\" content=\"fr_FR\" \/>\n<meta property=\"og:type\" content=\"article\" \/>\n<meta property=\"og:title\" content=\"HACHEHAUS\" \/>\n<meta property=\"og:description\" content=\"Le Hachehaus est une solution d&#039;\u00e9clairage de culture lumineuse et flexible qui maximise l&#039;espace de culture pour un rendement de culture plus \u00e9lev\u00e9 et une qualit\u00e9 sup\u00e9rieure. Gr\u00e2ce \u00e0 sa forme compacte et \u00e0 ses multiples options de puissance, il offre aux cultivateurs une solution de production tout au long de l&#039;ann\u00e9e. Le Hachehaus est id\u00e9al pour la culture du cannabis, des plantes alimentaires ou ornementales. Il est id\u00e9al pour les cultivateurs commerciaux, l&#039;agriculture verticale, les cultivateurs novices et amateurs.\" \/>\n<meta property=\"og:url\" content=\"https:\/\/eralux.com\/fr\/produit\/hachehaus\/\" \/>\n<meta property=\"og:site_name\" content=\"Eralux\" \/>\n<meta property=\"article:publisher\" content=\"https:\/\/www.facebook.com\/aeralux.corp\" \/>\n<meta property=\"article:modified_time\" content=\"2024-01-15T22:12:31+00:00\" \/>\n<meta property=\"og:image\" content=\"https:\/\/eralux.com\/wp-content\/uploads\/2024\/01\/PRODUCT-IMAGE-1.png\" \/>\n\t<meta property=\"og:image:width\" content=\"1920\" \/>\n\t<meta property=\"og:image:height\" content=\"1920\" \/>\n\t<meta property=\"og:image:type\" content=\"image\/png\" \/>\n<meta name=\"twitter:card\" content=\"summary_large_image\" \/>\n<meta name=\"twitter:site\" content=\"@eralux_inc\" \/>\n<meta name=\"twitter:label1\" content=\"Prix\" \/>\n\t<meta name=\"twitter:data1\" content=\"&#036;0.00\" \/>\n\t<meta name=\"twitter:label2\" content=\"Disponibilit\u00e9\" \/>\n\t<meta name=\"twitter:data2\" content=\"En stock\" \/>\n<script type=\"application\/ld+json\" class=\"yoast-schema-graph\">{\"@context\":\"https:\\\/\\\/schema.org\",\"@graph\":[{\"@type\":\"WebPage\",\"@id\":\"https:\\\/\\\/eralux.com\\\/fr\\\/produit\\\/hachehaus\\\/\",\"url\":\"https:\\\/\\\/eralux.com\\\/fr\\\/produit\\\/hachehaus\\\/\",\"name\":\"HACHEHAUS - Eralux\",\"isPartOf\":{\"@id\":\"https:\\\/\\\/eralux.com\\\/fr\\\/#website\"},\"primaryImageOfPage\":{\"@id\":\"https:\\\/\\\/eralux.com\\\/fr\\\/produit\\\/hachehaus\\\/#primaryimage\"},\"image\":{\"@id\":\"https:\\\/\\\/eralux.com\\\/fr\\\/produit\\\/hachehaus\\\/#primaryimage\"},\"thumbnailUrl\":\"https:\\\/\\\/eralux.com\\\/wp-content\\\/uploads\\\/2024\\\/01\\\/PRODUCT-IMAGE-1.png\",\"datePublished\":\"2024-01-02T19:48:38+00:00\",\"dateModified\":\"2024-01-15T22:12:31+00:00\",\"description\":\"Le Hachehaus est une solution d'\u00e9clairage de culture lumineuse et flexible qui maximise l'espace de culture pour un rendement de culture plus \u00e9lev\u00e9 et une qualit\u00e9 sup\u00e9rieure. Gr\u00e2ce \u00e0 sa forme compacte et \u00e0 ses multiples options de puissance, il offre aux cultivateurs une solution de production tout au long de l'ann\u00e9e. Le Hachehaus est id\u00e9al pour la culture du cannabis, des plantes alimentaires ou ornementales. Il est id\u00e9al pour les cultivateurs commerciaux, l'agriculture verticale, les cultivateurs novices et amateurs.\",\"breadcrumb\":{\"@id\":\"https:\\\/\\\/eralux.com\\\/fr\\\/produit\\\/hachehaus\\\/#breadcrumb\"},\"inLanguage\":\"fr-FR\",\"potentialAction\":[{\"@type\":\"ReadAction\",\"target\":[\"https:\\\/\\\/eralux.com\\\/fr\\\/produit\\\/hachehaus\\\/\"]}]},{\"@type\":\"ImageObject\",\"inLanguage\":\"fr-FR\",\"@id\":\"https:\\\/\\\/eralux.com\\\/fr\\\/produit\\\/hachehaus\\\/#primaryimage\",\"url\":\"https:\\\/\\\/eralux.com\\\/wp-content\\\/uploads\\\/2024\\\/01\\\/PRODUCT-IMAGE-1.png\",\"contentUrl\":\"https:\\\/\\\/eralux.com\\\/wp-content\\\/uploads\\\/2024\\\/01\\\/PRODUCT-IMAGE-1.png\",\"width\":1920,\"height\":1920},{\"@type\":\"BreadcrumbList\",\"@id\":\"https:\\\/\\\/eralux.com\\\/fr\\\/produit\\\/hachehaus\\\/#breadcrumb\",\"itemListElement\":[{\"@type\":\"ListItem\",\"position\":1,\"name\":\"Home\",\"item\":\"https:\\\/\\\/eralux.com\\\/fr\\\/\"},{\"@type\":\"ListItem\",\"position\":2,\"name\":\"Shop\",\"item\":\"https:\\\/\\\/eralux.com\\\/shop\\\/\"},{\"@type\":\"ListItem\",\"position\":3,\"name\":\"HACHEHAUS\"}]},{\"@type\":\"WebSite\",\"@id\":\"https:\\\/\\\/eralux.com\\\/fr\\\/#website\",\"url\":\"https:\\\/\\\/eralux.com\\\/fr\\\/\",\"name\":\"Eralux\",\"description\":\"World leader for Energy Saving LED Solutions\",\"publisher\":{\"@id\":\"https:\\\/\\\/eralux.com\\\/fr\\\/#organization\"},\"alternateName\":\"Led manufacturer Canada\",\"potentialAction\":[{\"@type\":\"SearchAction\",\"target\":{\"@type\":\"EntryPoint\",\"urlTemplate\":\"https:\\\/\\\/eralux.com\\\/fr\\\/?s={search_term_string}\"},\"query-input\":{\"@type\":\"PropertyValueSpecification\",\"valueRequired\":true,\"valueName\":\"search_term_string\"}}],\"inLanguage\":\"fr-FR\"},{\"@type\":\"Organization\",\"@id\":\"https:\\\/\\\/eralux.com\\\/fr\\\/#organization\",\"name\":\"Eralux\",\"url\":\"https:\\\/\\\/eralux.com\\\/fr\\\/\",\"logo\":{\"@type\":\"ImageObject\",\"inLanguage\":\"fr-FR\",\"@id\":\"https:\\\/\\\/eralux.com\\\/fr\\\/#\\\/schema\\\/logo\\\/image\\\/\",\"url\":\"https:\\\/\\\/eralux.com\\\/wp-content\\\/uploads\\\/2024\\\/01\\\/eralux-logo-trademark-R.png\",\"contentUrl\":\"https:\\\/\\\/eralux.com\\\/wp-content\\\/uploads\\\/2024\\\/01\\\/eralux-logo-trademark-R.png\",\"width\":1000,\"height\":446,\"caption\":\"Eralux\"},\"image\":{\"@id\":\"https:\\\/\\\/eralux.com\\\/fr\\\/#\\\/schema\\\/logo\\\/image\\\/\"},\"sameAs\":[\"https:\\\/\\\/www.facebook.com\\\/aeralux.corp\",\"https:\\\/\\\/x.com\\\/eralux_inc\"],\"description\":\"Save on energy with high-performance LED solutions. Choose Eralux for eco-friendly lighting. Explore our range today!\"}]}<\/script>\n<meta property=\"product:price:amount\" content=\"0.00\" \/>\n<meta property=\"product:price:currency\" content=\"CAD\" \/>\n<meta property=\"og:availability\" content=\"instock\" \/>\n<meta property=\"product:availability\" content=\"instock\" \/>\n<meta property=\"product:condition\" content=\"new\" \/>\n<!-- \/ Yoast SEO Premium plugin. -->","yoast_head_json":{"title":"HACHEHAUS - Eralux","description":"Le Hachehaus est une solution d'\u00e9clairage de culture lumineuse et flexible qui maximise l'espace de culture pour un rendement de culture plus \u00e9lev\u00e9 et une qualit\u00e9 sup\u00e9rieure. Gr\u00e2ce \u00e0 sa forme compacte et \u00e0 ses multiples options de puissance, il offre aux cultivateurs une solution de production tout au long de l'ann\u00e9e. Le Hachehaus est id\u00e9al pour la culture du cannabis, des plantes alimentaires ou ornementales. Il est id\u00e9al pour les cultivateurs commerciaux, l'agriculture verticale, les cultivateurs novices et amateurs.","robots":{"index":"index","follow":"follow","max-snippet":"max-snippet:-1","max-image-preview":"max-image-preview:large","max-video-preview":"max-video-preview:-1"},"canonical":"https:\/\/eralux.com\/fr\/produit\/hachehaus\/","og_locale":"fr_FR","og_type":"article","og_title":"HACHEHAUS","og_description":"Le Hachehaus est une solution d'\u00e9clairage de culture lumineuse et flexible qui maximise l'espace de culture pour un rendement de culture plus \u00e9lev\u00e9 et une qualit\u00e9 sup\u00e9rieure. Gr\u00e2ce \u00e0 sa forme compacte et \u00e0 ses multiples options de puissance, il offre aux cultivateurs une solution de production tout au long de l'ann\u00e9e. Le Hachehaus est id\u00e9al pour la culture du cannabis, des plantes alimentaires ou ornementales. Il est id\u00e9al pour les cultivateurs commerciaux, l'agriculture verticale, les cultivateurs novices et amateurs.","og_url":"https:\/\/eralux.com\/fr\/produit\/hachehaus\/","og_site_name":"Eralux","article_publisher":"https:\/\/www.facebook.com\/aeralux.corp","article_modified_time":"2024-01-15T22:12:31+00:00","og_image":[{"width":1920,"height":1920,"url":"https:\/\/eralux.com\/wp-content\/uploads\/2024\/01\/PRODUCT-IMAGE-1.png","type":"image\/png"}],"twitter_card":"summary_large_image","twitter_site":"@eralux_inc","twitter_misc":{"Prix":"&#36;0.00","Disponibilit\u00e9":"En stock"},"schema":{"@context":"https:\/\/schema.org","@graph":[{"@type":"WebPage","@id":"https:\/\/eralux.com\/fr\/produit\/hachehaus\/","url":"https:\/\/eralux.com\/fr\/produit\/hachehaus\/","name":"HACHEHAUS - Eralux","isPartOf":{"@id":"https:\/\/eralux.com\/fr\/#website"},"primaryImageOfPage":{"@id":"https:\/\/eralux.com\/fr\/produit\/hachehaus\/#primaryimage"},"image":{"@id":"https:\/\/eralux.com\/fr\/produit\/hachehaus\/#primaryimage"},"thumbnailUrl":"https:\/\/eralux.com\/wp-content\/uploads\/2024\/01\/PRODUCT-IMAGE-1.png","datePublished":"2024-01-02T19:48:38+00:00","dateModified":"2024-01-15T22:12:31+00:00","description":"Le Hachehaus est une solution d'\u00e9clairage de culture lumineuse et flexible qui maximise l'espace de culture pour un rendement de culture plus \u00e9lev\u00e9 et une qualit\u00e9 sup\u00e9rieure. Gr\u00e2ce \u00e0 sa forme compacte et \u00e0 ses multiples options de puissance, il offre aux cultivateurs une solution de production tout au long de l'ann\u00e9e. Le Hachehaus est id\u00e9al pour la culture du cannabis, des plantes alimentaires ou ornementales. Il est id\u00e9al pour les cultivateurs commerciaux, l'agriculture verticale, les cultivateurs novices et amateurs.","breadcrumb":{"@id":"https:\/\/eralux.com\/fr\/produit\/hachehaus\/#breadcrumb"},"inLanguage":"fr-FR","potentialAction":[{"@type":"ReadAction","target":["https:\/\/eralux.com\/fr\/produit\/hachehaus\/"]}]},{"@type":"ImageObject","inLanguage":"fr-FR","@id":"https:\/\/eralux.com\/fr\/produit\/hachehaus\/#primaryimage","url":"https:\/\/eralux.com\/wp-content\/uploads\/2024\/01\/PRODUCT-IMAGE-1.png","contentUrl":"https:\/\/eralux.com\/wp-content\/uploads\/2024\/01\/PRODUCT-IMAGE-1.png","width":1920,"height":1920},{"@type":"BreadcrumbList","@id":"https:\/\/eralux.com\/fr\/produit\/hachehaus\/#breadcrumb","itemListElement":[{"@type":"ListItem","position":1,"name":"Home","item":"https:\/\/eralux.com\/fr\/"},{"@type":"ListItem","position":2,"name":"Shop","item":"https:\/\/eralux.com\/shop\/"},{"@type":"ListItem","position":3,"name":"HACHEHAUS"}]},{"@type":"WebSite","@id":"https:\/\/eralux.com\/fr\/#website","url":"https:\/\/eralux.com\/fr\/","name":"Eralux","description":"World leader for Energy Saving LED Solutions","publisher":{"@id":"https:\/\/eralux.com\/fr\/#organization"},"alternateName":"Led manufacturer Canada","potentialAction":[{"@type":"SearchAction","target":{"@type":"EntryPoint","urlTemplate":"https:\/\/eralux.com\/fr\/?s={search_term_string}"},"query-input":{"@type":"PropertyValueSpecification","valueRequired":true,"valueName":"search_term_string"}}],"inLanguage":"fr-FR"},{"@type":"Organization","@id":"https:\/\/eralux.com\/fr\/#organization","name":"Eralux","url":"https:\/\/eralux.com\/fr\/","logo":{"@type":"ImageObject","inLanguage":"fr-FR","@id":"https:\/\/eralux.com\/fr\/#\/schema\/logo\/image\/","url":"https:\/\/eralux.com\/wp-content\/uploads\/2024\/01\/eralux-logo-trademark-R.png","contentUrl":"https:\/\/eralux.com\/wp-content\/uploads\/2024\/01\/eralux-logo-trademark-R.png","width":1000,"height":446,"caption":"Eralux"},"image":{"@id":"https:\/\/eralux.com\/fr\/#\/schema\/logo\/image\/"},"sameAs":["https:\/\/www.facebook.com\/aeralux.corp","https:\/\/x.com\/eralux_inc"],"description":"Save on energy with high-performance LED solutions. Choose Eralux for eco-friendly lighting. Explore our range today!"}]},"product_price_amount":"0.00","product_price_currency":"CAD","og_availability":"instock","product_availability":"instock","product_condition":"new"},"_links":{"self":[{"href":"https:\/\/eralux.com\/fr\/wp-json\/wp\/v2\/product\/3338","targetHints":{"allow":["GET"]}}],"collection":[{"href":"https:\/\/eralux.com\/fr\/wp-json\/wp\/v2\/product"}],"about":[{"href":"https:\/\/eralux.com\/fr\/wp-json\/wp\/v2\/types\/product"}],"replies":[{"embeddable":true,"href":"https:\/\/eralux.com\/fr\/wp-json\/wp\/v2\/comments?post=3338"}],"wp:featuredmedia":[{"embeddable":true,"href":"https:\/\/eralux.com\/fr\/wp-json\/wp\/v2\/media\/3377"}],"wp:attachment":[{"href":"https:\/\/eralux.com\/fr\/wp-json\/wp\/v2\/media?parent=3338"}],"wp:term":[{"taxonomy":"product_brand","embeddable":true,"href":"https:\/\/eralux.com\/fr\/wp-json\/wp\/v2\/product_brand?post=3338"},{"taxonomy":"product_cat","embeddable":true,"href":"https:\/\/eralux.com\/fr\/wp-json\/wp\/v2\/product_cat?post=3338"},{"taxonomy":"product_tag","embeddable":true,"href":"https:\/\/eralux.com\/fr\/wp-json\/wp\/v2\/product_tag?post=3338"}],"curies":[{"name":"wp","href":"https:\/\/api.w.org\/{rel}","templated":true}]}}