{"id":3410,"date":"2024-01-02T20:30:43","date_gmt":"2024-01-02T20:30:43","guid":{"rendered":"https:\/\/eralux.com\/?post_type=product&#038;p=3410"},"modified":"2025-06-05T21:47:15","modified_gmt":"2025-06-05T21:47:15","slug":"pivot","status":"publish","type":"product","link":"https:\/\/eralux.com\/fr\/produit\/pivot\/","title":{"rendered":"PIVOT"},"content":{"rendered":"<p>La s\u00e9rie PIVOT est un luminaire sur rail d&#8217;ERALUX con\u00e7u dans un souci de rentabilit\u00e9. Magnifiquement con\u00e7ue dans un bo\u00eetier en aluminium moul\u00e9 sous pression et en plastique, la s\u00e9rie PIVOT red\u00e9finit l&#8217;\u00e9l\u00e9gance et la performance \u00e0 un budget abordable. Ce produit am\u00e9liore votre espace et est compatible avec tous les principaux syst\u00e8mes de rails.<\/p>\n","protected":false},"excerpt":{"rendered":"<p>Luminaire sur rail \u00e9conomique<\/p>\n","protected":false},"featured_media":7103,"comment_status":"open","ping_status":"closed","template":"","meta":{"inline_featured_image":false},"product_brand":[],"product_cat":[1755],"product_tag":[],"class_list":{"0":"post-3410","1":"product","2":"type-product","3":"status-publish","4":"has-post-thumbnail","6":"spec_sheets-j1-fr","7":"spec_sheets-g1-fr","8":"spec_sheets-12-fr-2","9":"spec_sheets-11-fr","10":"spec_sheets-h1-fr","11":"spec_sheets-fl-fr-2","12":"spec_sheets-l1-fr","13":"spec_sheets-wf-fr-3","14":"spec_sheets-p-fr-3","15":"spec_sheets-lumen-fr","16":"spec_sheets-wh-fr","17":"spec_sheets-bk-fr","18":"spec_sheets-sv-fr","19":"spec_sheets-distribution-fr","20":"spec_sheets-adapteur","21":"spec_sheets-cct-fr","22":"spec_sheets-cri-fr","23":"spec_sheets-finition","24":"spec_sheets-tension","25":"spec_sheets-30-fr","26":"spec_sheets-35-fr","27":"spec_sheets-40-fr","28":"product_applications-bureau-commercial","29":"product_applications-education-fr","30":"product_applications-magasin-de-mode","31":"product_applications-sante","32":"product_applications-hotellerie","33":"product_segments-projecteur-del-sur-rail","34":"product_segments-projecteurs-sur-rail","35":"product_cat-ae-tl-pv-fr","37":"first","38":"instock","39":"shipping-taxable","40":"purchasable","41":"product-type-simple"},"yoast_head":"<!-- This site is optimized with the Yoast SEO Premium plugin v24.2 (Yoast SEO v27.5) - https:\/\/yoast.com\/product\/yoast-seo-premium-wordpress\/ -->\n<title>PIVOT - Eralux<\/title>\n<meta name=\"description\" content=\"La s\u00e9rie PIVOT est un luminaire sur rail d&#039;ERALUX con\u00e7u dans un souci de rentabilit\u00e9. Magnifiquement con\u00e7ue dans un bo\u00eetier en aluminium moul\u00e9 sous pression et en plastique, la s\u00e9rie PIVOT red\u00e9finit l&#039;\u00e9l\u00e9gance et la performance \u00e0 un budget abordable. Ce produit am\u00e9liore votre espace et est compatible avec tous les principaux syst\u00e8mes de rails.\" \/>\n<meta name=\"robots\" content=\"index, follow, max-snippet:-1, max-image-preview:large, max-video-preview:-1\" \/>\n<link rel=\"canonical\" href=\"https:\/\/eralux.com\/fr\/produit\/pivot\/\" \/>\n<meta property=\"og:locale\" content=\"fr_FR\" \/>\n<meta property=\"og:type\" content=\"article\" \/>\n<meta property=\"og:title\" content=\"PIVOT\" \/>\n<meta property=\"og:description\" content=\"La s\u00e9rie PIVOT est un luminaire sur rail d&#039;ERALUX con\u00e7u dans un souci de rentabilit\u00e9. Magnifiquement con\u00e7ue dans un bo\u00eetier en aluminium moul\u00e9 sous pression et en plastique, la s\u00e9rie PIVOT red\u00e9finit l&#039;\u00e9l\u00e9gance et la performance \u00e0 un budget abordable. Ce produit am\u00e9liore votre espace et est compatible avec tous les principaux syst\u00e8mes de rails.\" \/>\n<meta property=\"og:url\" content=\"https:\/\/eralux.com\/fr\/produit\/pivot\/\" \/>\n<meta property=\"og:site_name\" content=\"Eralux\" \/>\n<meta property=\"article:publisher\" content=\"https:\/\/www.facebook.com\/aeralux.corp\" \/>\n<meta property=\"article:modified_time\" content=\"2025-06-05T21:47:15+00:00\" \/>\n<meta property=\"og:image\" content=\"https:\/\/eralux.com\/wp-content\/uploads\/2024\/01\/Pivot-1.png\" \/>\n\t<meta property=\"og:image:width\" content=\"1000\" \/>\n\t<meta property=\"og:image:height\" content=\"1000\" \/>\n\t<meta property=\"og:image:type\" content=\"image\/png\" \/>\n<meta name=\"twitter:card\" content=\"summary_large_image\" \/>\n<meta name=\"twitter:site\" content=\"@eralux_inc\" \/>\n<meta name=\"twitter:label1\" content=\"Prix\" \/>\n\t<meta name=\"twitter:data1\" content=\"&#036;0.00\" \/>\n\t<meta name=\"twitter:label2\" content=\"Disponibilit\u00e9\" \/>\n\t<meta name=\"twitter:data2\" content=\"En stock\" \/>\n<script type=\"application\/ld+json\" class=\"yoast-schema-graph\">{\"@context\":\"https:\\\/\\\/schema.org\",\"@graph\":[{\"@type\":\"WebPage\",\"@id\":\"https:\\\/\\\/eralux.com\\\/fr\\\/produit\\\/pivot\\\/\",\"url\":\"https:\\\/\\\/eralux.com\\\/fr\\\/produit\\\/pivot\\\/\",\"name\":\"PIVOT - Eralux\",\"isPartOf\":{\"@id\":\"https:\\\/\\\/eralux.com\\\/fr\\\/#website\"},\"primaryImageOfPage\":{\"@id\":\"https:\\\/\\\/eralux.com\\\/fr\\\/produit\\\/pivot\\\/#primaryimage\"},\"image\":{\"@id\":\"https:\\\/\\\/eralux.com\\\/fr\\\/produit\\\/pivot\\\/#primaryimage\"},\"thumbnailUrl\":\"https:\\\/\\\/eralux.com\\\/wp-content\\\/uploads\\\/2024\\\/01\\\/Pivot-1.png\",\"datePublished\":\"2024-01-02T20:30:43+00:00\",\"dateModified\":\"2025-06-05T21:47:15+00:00\",\"description\":\"La s\u00e9rie PIVOT est un luminaire sur rail d'ERALUX con\u00e7u dans un souci de rentabilit\u00e9. Magnifiquement con\u00e7ue dans un bo\u00eetier en aluminium moul\u00e9 sous pression et en plastique, la s\u00e9rie PIVOT red\u00e9finit l'\u00e9l\u00e9gance et la performance \u00e0 un budget abordable. Ce produit am\u00e9liore votre espace et est compatible avec tous les principaux syst\u00e8mes de rails.\",\"breadcrumb\":{\"@id\":\"https:\\\/\\\/eralux.com\\\/fr\\\/produit\\\/pivot\\\/#breadcrumb\"},\"inLanguage\":\"fr-FR\",\"potentialAction\":[{\"@type\":\"ReadAction\",\"target\":[\"https:\\\/\\\/eralux.com\\\/fr\\\/produit\\\/pivot\\\/\"]}]},{\"@type\":\"ImageObject\",\"inLanguage\":\"fr-FR\",\"@id\":\"https:\\\/\\\/eralux.com\\\/fr\\\/produit\\\/pivot\\\/#primaryimage\",\"url\":\"https:\\\/\\\/eralux.com\\\/wp-content\\\/uploads\\\/2024\\\/01\\\/Pivot-1.png\",\"contentUrl\":\"https:\\\/\\\/eralux.com\\\/wp-content\\\/uploads\\\/2024\\\/01\\\/Pivot-1.png\",\"width\":1000,\"height\":1000},{\"@type\":\"BreadcrumbList\",\"@id\":\"https:\\\/\\\/eralux.com\\\/fr\\\/produit\\\/pivot\\\/#breadcrumb\",\"itemListElement\":[{\"@type\":\"ListItem\",\"position\":1,\"name\":\"Home\",\"item\":\"https:\\\/\\\/eralux.com\\\/fr\\\/\"},{\"@type\":\"ListItem\",\"position\":2,\"name\":\"Shop\",\"item\":\"https:\\\/\\\/eralux.com\\\/shop\\\/\"},{\"@type\":\"ListItem\",\"position\":3,\"name\":\"PIVOT\"}]},{\"@type\":\"WebSite\",\"@id\":\"https:\\\/\\\/eralux.com\\\/fr\\\/#website\",\"url\":\"https:\\\/\\\/eralux.com\\\/fr\\\/\",\"name\":\"Eralux\",\"description\":\"World leader for Energy Saving LED Solutions\",\"publisher\":{\"@id\":\"https:\\\/\\\/eralux.com\\\/fr\\\/#organization\"},\"alternateName\":\"Led manufacturer Canada\",\"potentialAction\":[{\"@type\":\"SearchAction\",\"target\":{\"@type\":\"EntryPoint\",\"urlTemplate\":\"https:\\\/\\\/eralux.com\\\/fr\\\/?s={search_term_string}\"},\"query-input\":{\"@type\":\"PropertyValueSpecification\",\"valueRequired\":true,\"valueName\":\"search_term_string\"}}],\"inLanguage\":\"fr-FR\"},{\"@type\":\"Organization\",\"@id\":\"https:\\\/\\\/eralux.com\\\/fr\\\/#organization\",\"name\":\"Eralux\",\"url\":\"https:\\\/\\\/eralux.com\\\/fr\\\/\",\"logo\":{\"@type\":\"ImageObject\",\"inLanguage\":\"fr-FR\",\"@id\":\"https:\\\/\\\/eralux.com\\\/fr\\\/#\\\/schema\\\/logo\\\/image\\\/\",\"url\":\"https:\\\/\\\/eralux.com\\\/wp-content\\\/uploads\\\/2024\\\/01\\\/eralux-logo-trademark-R.png\",\"contentUrl\":\"https:\\\/\\\/eralux.com\\\/wp-content\\\/uploads\\\/2024\\\/01\\\/eralux-logo-trademark-R.png\",\"width\":1000,\"height\":446,\"caption\":\"Eralux\"},\"image\":{\"@id\":\"https:\\\/\\\/eralux.com\\\/fr\\\/#\\\/schema\\\/logo\\\/image\\\/\"},\"sameAs\":[\"https:\\\/\\\/www.facebook.com\\\/aeralux.corp\",\"https:\\\/\\\/x.com\\\/eralux_inc\"],\"description\":\"Save on energy with high-performance LED solutions. Choose Eralux for eco-friendly lighting. Explore our range today!\"}]}<\/script>\n<meta property=\"product:price:amount\" content=\"0.00\" \/>\n<meta property=\"product:price:currency\" content=\"CAD\" \/>\n<meta property=\"og:availability\" content=\"instock\" \/>\n<meta property=\"product:availability\" content=\"instock\" \/>\n<meta property=\"product:condition\" content=\"new\" \/>\n<!-- \/ Yoast SEO Premium plugin. -->","yoast_head_json":{"title":"PIVOT - Eralux","description":"La s\u00e9rie PIVOT est un luminaire sur rail d'ERALUX con\u00e7u dans un souci de rentabilit\u00e9. Magnifiquement con\u00e7ue dans un bo\u00eetier en aluminium moul\u00e9 sous pression et en plastique, la s\u00e9rie PIVOT red\u00e9finit l'\u00e9l\u00e9gance et la performance \u00e0 un budget abordable. Ce produit am\u00e9liore votre espace et est compatible avec tous les principaux syst\u00e8mes de rails.","robots":{"index":"index","follow":"follow","max-snippet":"max-snippet:-1","max-image-preview":"max-image-preview:large","max-video-preview":"max-video-preview:-1"},"canonical":"https:\/\/eralux.com\/fr\/produit\/pivot\/","og_locale":"fr_FR","og_type":"article","og_title":"PIVOT","og_description":"La s\u00e9rie PIVOT est un luminaire sur rail d'ERALUX con\u00e7u dans un souci de rentabilit\u00e9. Magnifiquement con\u00e7ue dans un bo\u00eetier en aluminium moul\u00e9 sous pression et en plastique, la s\u00e9rie PIVOT red\u00e9finit l'\u00e9l\u00e9gance et la performance \u00e0 un budget abordable. Ce produit am\u00e9liore votre espace et est compatible avec tous les principaux syst\u00e8mes de rails.","og_url":"https:\/\/eralux.com\/fr\/produit\/pivot\/","og_site_name":"Eralux","article_publisher":"https:\/\/www.facebook.com\/aeralux.corp","article_modified_time":"2025-06-05T21:47:15+00:00","og_image":[{"width":1000,"height":1000,"url":"https:\/\/eralux.com\/wp-content\/uploads\/2024\/01\/Pivot-1.png","type":"image\/png"}],"twitter_card":"summary_large_image","twitter_site":"@eralux_inc","twitter_misc":{"Prix":"&#36;0.00","Disponibilit\u00e9":"En stock"},"schema":{"@context":"https:\/\/schema.org","@graph":[{"@type":"WebPage","@id":"https:\/\/eralux.com\/fr\/produit\/pivot\/","url":"https:\/\/eralux.com\/fr\/produit\/pivot\/","name":"PIVOT - Eralux","isPartOf":{"@id":"https:\/\/eralux.com\/fr\/#website"},"primaryImageOfPage":{"@id":"https:\/\/eralux.com\/fr\/produit\/pivot\/#primaryimage"},"image":{"@id":"https:\/\/eralux.com\/fr\/produit\/pivot\/#primaryimage"},"thumbnailUrl":"https:\/\/eralux.com\/wp-content\/uploads\/2024\/01\/Pivot-1.png","datePublished":"2024-01-02T20:30:43+00:00","dateModified":"2025-06-05T21:47:15+00:00","description":"La s\u00e9rie PIVOT est un luminaire sur rail d'ERALUX con\u00e7u dans un souci de rentabilit\u00e9. Magnifiquement con\u00e7ue dans un bo\u00eetier en aluminium moul\u00e9 sous pression et en plastique, la s\u00e9rie PIVOT red\u00e9finit l'\u00e9l\u00e9gance et la performance \u00e0 un budget abordable. Ce produit am\u00e9liore votre espace et est compatible avec tous les principaux syst\u00e8mes de rails.","breadcrumb":{"@id":"https:\/\/eralux.com\/fr\/produit\/pivot\/#breadcrumb"},"inLanguage":"fr-FR","potentialAction":[{"@type":"ReadAction","target":["https:\/\/eralux.com\/fr\/produit\/pivot\/"]}]},{"@type":"ImageObject","inLanguage":"fr-FR","@id":"https:\/\/eralux.com\/fr\/produit\/pivot\/#primaryimage","url":"https:\/\/eralux.com\/wp-content\/uploads\/2024\/01\/Pivot-1.png","contentUrl":"https:\/\/eralux.com\/wp-content\/uploads\/2024\/01\/Pivot-1.png","width":1000,"height":1000},{"@type":"BreadcrumbList","@id":"https:\/\/eralux.com\/fr\/produit\/pivot\/#breadcrumb","itemListElement":[{"@type":"ListItem","position":1,"name":"Home","item":"https:\/\/eralux.com\/fr\/"},{"@type":"ListItem","position":2,"name":"Shop","item":"https:\/\/eralux.com\/shop\/"},{"@type":"ListItem","position":3,"name":"PIVOT"}]},{"@type":"WebSite","@id":"https:\/\/eralux.com\/fr\/#website","url":"https:\/\/eralux.com\/fr\/","name":"Eralux","description":"World leader for Energy Saving LED Solutions","publisher":{"@id":"https:\/\/eralux.com\/fr\/#organization"},"alternateName":"Led manufacturer Canada","potentialAction":[{"@type":"SearchAction","target":{"@type":"EntryPoint","urlTemplate":"https:\/\/eralux.com\/fr\/?s={search_term_string}"},"query-input":{"@type":"PropertyValueSpecification","valueRequired":true,"valueName":"search_term_string"}}],"inLanguage":"fr-FR"},{"@type":"Organization","@id":"https:\/\/eralux.com\/fr\/#organization","name":"Eralux","url":"https:\/\/eralux.com\/fr\/","logo":{"@type":"ImageObject","inLanguage":"fr-FR","@id":"https:\/\/eralux.com\/fr\/#\/schema\/logo\/image\/","url":"https:\/\/eralux.com\/wp-content\/uploads\/2024\/01\/eralux-logo-trademark-R.png","contentUrl":"https:\/\/eralux.com\/wp-content\/uploads\/2024\/01\/eralux-logo-trademark-R.png","width":1000,"height":446,"caption":"Eralux"},"image":{"@id":"https:\/\/eralux.com\/fr\/#\/schema\/logo\/image\/"},"sameAs":["https:\/\/www.facebook.com\/aeralux.corp","https:\/\/x.com\/eralux_inc"],"description":"Save on energy with high-performance LED solutions. Choose Eralux for eco-friendly lighting. Explore our range today!"}]},"product_price_amount":"0.00","product_price_currency":"CAD","og_availability":"instock","product_availability":"instock","product_condition":"new"},"_links":{"self":[{"href":"https:\/\/eralux.com\/fr\/wp-json\/wp\/v2\/product\/3410","targetHints":{"allow":["GET"]}}],"collection":[{"href":"https:\/\/eralux.com\/fr\/wp-json\/wp\/v2\/product"}],"about":[{"href":"https:\/\/eralux.com\/fr\/wp-json\/wp\/v2\/types\/product"}],"replies":[{"embeddable":true,"href":"https:\/\/eralux.com\/fr\/wp-json\/wp\/v2\/comments?post=3410"}],"wp:featuredmedia":[{"embeddable":true,"href":"https:\/\/eralux.com\/fr\/wp-json\/wp\/v2\/media\/7103"}],"wp:attachment":[{"href":"https:\/\/eralux.com\/fr\/wp-json\/wp\/v2\/media?parent=3410"}],"wp:term":[{"taxonomy":"product_brand","embeddable":true,"href":"https:\/\/eralux.com\/fr\/wp-json\/wp\/v2\/product_brand?post=3410"},{"taxonomy":"product_cat","embeddable":true,"href":"https:\/\/eralux.com\/fr\/wp-json\/wp\/v2\/product_cat?post=3410"},{"taxonomy":"product_tag","embeddable":true,"href":"https:\/\/eralux.com\/fr\/wp-json\/wp\/v2\/product_tag?post=3410"}],"curies":[{"name":"wp","href":"https:\/\/api.w.org\/{rel}","templated":true}]}}