{"id":3450,"date":"2024-01-02T21:17:08","date_gmt":"2024-01-02T21:17:08","guid":{"rendered":"https:\/\/eralux.com\/?post_type=product&#038;p=3450"},"modified":"2025-12-04T18:28:51","modified_gmt":"2025-12-04T18:28:51","slug":"maven-elite","status":"publish","type":"product","link":"https:\/\/eralux.com\/fr\/produit\/maven-elite\/","title":{"rendered":"MAVEN ELITE"},"content":{"rendered":"<p>Le Maven Elite est le plus avanc\u00e9 de la s\u00e9rie, avec le driver s\u00e9par\u00e9 du luminaire. Maven Elite est un choix puissant et une combinaison parfaite avec les autres projecteurs de la s\u00e9rie Maven. Disponible dans diff\u00e9rents CCT et options d&#8217;adaptation, Maven Elite peut \u00eatre mont\u00e9 sur des rails pr\u00e9existants ou \u00eatre associ\u00e9 \u00e0 d&#8217;autres accessoires ERALUX pour cr\u00e9er un nouveau syst\u00e8me de rails. MAVEN assure une distribution uniforme \u00e0 diff\u00e9rents angles de rayonnement. La t\u00eate de la LED pivote pour un verrouillage flexible partout o\u00f9 le faisceau est n\u00e9cessaire.<\/p>\n","protected":false},"excerpt":{"rendered":"<p>T\u00eate de rail<\/p>\n","protected":false},"featured_media":3461,"comment_status":"open","ping_status":"closed","template":"","meta":{"inline_featured_image":false},"product_brand":[],"product_cat":[1745],"product_tag":[],"class_list":{"0":"post-3450","1":"product","2":"type-product","3":"status-publish","4":"has-post-thumbnail","6":"spec_sheets-j1-fr","7":"spec_sheets-sp-fr-4","8":"spec_sheets-12-fr-6","9":"spec_sheets-g1-fr","10":"spec_sheets-nf-fr-2","11":"spec_sheets-h1-fr","12":"spec_sheets-fl-fr-2","13":"spec_sheets-l1-fr","14":"spec_sheets-p-fr-3","15":"spec_sheets-wh-fr","16":"spec_sheets-bk-fr","17":"spec_sheets-sv-fr","18":"spec_sheets-vf-fr","19":"spec_sheets-distribution-fr","20":"spec_sheets-adapteur","21":"spec_sheets-cct-fr","22":"spec_sheets-cri-fr","23":"spec_sheets-finition","24":"spec_sheets-tension","25":"spec_sheets-30-fr","26":"spec_sheets-40-fr","27":"product_applications-bureau-commercial","28":"product_applications-education-fr","29":"product_applications-magasin-de-mode","30":"product_applications-hotellerie","31":"product_applications-magasin-de-detail","32":"product_segments-projecteur-del-sur-rail","33":"product_segments-projecteurs-sur-rail","34":"product_cat-ae-tl-mve-fr","36":"first","37":"instock","38":"shipping-taxable","39":"purchasable","40":"product-type-simple"},"yoast_head":"<!-- This site is optimized with the Yoast SEO Premium plugin v24.2 (Yoast SEO v27.5) - https:\/\/yoast.com\/product\/yoast-seo-premium-wordpress\/ -->\n<title>MAVEN ELITE - Eralux<\/title>\n<meta name=\"description\" content=\"Le Maven Elite est le plus avanc\u00e9 de la s\u00e9rie, avec le driver s\u00e9par\u00e9 du luminaire. Maven Elite est un choix puissant et une combinaison parfaite avec les autres projecteurs de la s\u00e9rie Maven. Disponible dans diff\u00e9rents CCT et options d&#039;adaptation, Maven Elite peut \u00eatre mont\u00e9 sur des rails pr\u00e9existants ou \u00eatre associ\u00e9 \u00e0 d&#039;autres accessoires ERALUX pour cr\u00e9er un nouveau syst\u00e8me de rails. MAVEN assure une distribution uniforme \u00e0 diff\u00e9rents angles de rayonnement. La t\u00eate de la LED pivote pour un verrouillage flexible partout o\u00f9 le faisceau est n\u00e9cessaire.\" \/>\n<meta name=\"robots\" content=\"index, follow, max-snippet:-1, max-image-preview:large, max-video-preview:-1\" \/>\n<link rel=\"canonical\" href=\"https:\/\/eralux.com\/fr\/produit\/maven-elite\/\" \/>\n<meta property=\"og:locale\" content=\"fr_FR\" \/>\n<meta property=\"og:type\" content=\"article\" \/>\n<meta property=\"og:title\" content=\"MAVEN ELITE\" \/>\n<meta property=\"og:description\" content=\"Le Maven Elite est le plus avanc\u00e9 de la s\u00e9rie, avec le driver s\u00e9par\u00e9 du luminaire. Maven Elite est un choix puissant et une combinaison parfaite avec les autres projecteurs de la s\u00e9rie Maven. Disponible dans diff\u00e9rents CCT et options d&#039;adaptation, Maven Elite peut \u00eatre mont\u00e9 sur des rails pr\u00e9existants ou \u00eatre associ\u00e9 \u00e0 d&#039;autres accessoires ERALUX pour cr\u00e9er un nouveau syst\u00e8me de rails. MAVEN assure une distribution uniforme \u00e0 diff\u00e9rents angles de rayonnement. La t\u00eate de la LED pivote pour un verrouillage flexible partout o\u00f9 le faisceau est n\u00e9cessaire.\" \/>\n<meta property=\"og:url\" content=\"https:\/\/eralux.com\/fr\/produit\/maven-elite\/\" \/>\n<meta property=\"og:site_name\" content=\"Eralux\" \/>\n<meta property=\"article:publisher\" content=\"https:\/\/www.facebook.com\/aeralux.corp\" \/>\n<meta property=\"article:modified_time\" content=\"2025-12-04T18:28:51+00:00\" \/>\n<meta property=\"og:image\" content=\"https:\/\/eralux.com\/wp-content\/uploads\/2024\/01\/ERALUX-MAVEN-ELITE-TRACK-LIGHT1.png\" \/>\n\t<meta property=\"og:image:width\" content=\"3540\" \/>\n\t<meta property=\"og:image:height\" content=\"3540\" \/>\n\t<meta property=\"og:image:type\" content=\"image\/png\" \/>\n<meta name=\"twitter:card\" content=\"summary_large_image\" \/>\n<meta name=\"twitter:site\" content=\"@eralux_inc\" \/>\n<meta name=\"twitter:label1\" content=\"Prix\" \/>\n\t<meta name=\"twitter:data1\" content=\"&#036;0.00\" \/>\n\t<meta name=\"twitter:label2\" content=\"Disponibilit\u00e9\" \/>\n\t<meta name=\"twitter:data2\" content=\"En stock\" \/>\n<script type=\"application\/ld+json\" class=\"yoast-schema-graph\">{\"@context\":\"https:\\\/\\\/schema.org\",\"@graph\":[{\"@type\":\"WebPage\",\"@id\":\"https:\\\/\\\/eralux.com\\\/fr\\\/produit\\\/maven-elite\\\/\",\"url\":\"https:\\\/\\\/eralux.com\\\/fr\\\/produit\\\/maven-elite\\\/\",\"name\":\"MAVEN ELITE - Eralux\",\"isPartOf\":{\"@id\":\"https:\\\/\\\/eralux.com\\\/fr\\\/#website\"},\"primaryImageOfPage\":{\"@id\":\"https:\\\/\\\/eralux.com\\\/fr\\\/produit\\\/maven-elite\\\/#primaryimage\"},\"image\":{\"@id\":\"https:\\\/\\\/eralux.com\\\/fr\\\/produit\\\/maven-elite\\\/#primaryimage\"},\"thumbnailUrl\":\"https:\\\/\\\/eralux.com\\\/wp-content\\\/uploads\\\/2024\\\/01\\\/ERALUX-MAVEN-ELITE-TRACK-LIGHT1.png\",\"datePublished\":\"2024-01-02T21:17:08+00:00\",\"dateModified\":\"2025-12-04T18:28:51+00:00\",\"description\":\"Le Maven Elite est le plus avanc\u00e9 de la s\u00e9rie, avec le driver s\u00e9par\u00e9 du luminaire. Maven Elite est un choix puissant et une combinaison parfaite avec les autres projecteurs de la s\u00e9rie Maven. Disponible dans diff\u00e9rents CCT et options d'adaptation, Maven Elite peut \u00eatre mont\u00e9 sur des rails pr\u00e9existants ou \u00eatre associ\u00e9 \u00e0 d'autres accessoires ERALUX pour cr\u00e9er un nouveau syst\u00e8me de rails. MAVEN assure une distribution uniforme \u00e0 diff\u00e9rents angles de rayonnement. La t\u00eate de la LED pivote pour un verrouillage flexible partout o\u00f9 le faisceau est n\u00e9cessaire.\",\"breadcrumb\":{\"@id\":\"https:\\\/\\\/eralux.com\\\/fr\\\/produit\\\/maven-elite\\\/#breadcrumb\"},\"inLanguage\":\"fr-FR\",\"potentialAction\":[{\"@type\":\"ReadAction\",\"target\":[\"https:\\\/\\\/eralux.com\\\/fr\\\/produit\\\/maven-elite\\\/\"]}]},{\"@type\":\"ImageObject\",\"inLanguage\":\"fr-FR\",\"@id\":\"https:\\\/\\\/eralux.com\\\/fr\\\/produit\\\/maven-elite\\\/#primaryimage\",\"url\":\"https:\\\/\\\/eralux.com\\\/wp-content\\\/uploads\\\/2024\\\/01\\\/ERALUX-MAVEN-ELITE-TRACK-LIGHT1.png\",\"contentUrl\":\"https:\\\/\\\/eralux.com\\\/wp-content\\\/uploads\\\/2024\\\/01\\\/ERALUX-MAVEN-ELITE-TRACK-LIGHT1.png\",\"width\":3540,\"height\":3540},{\"@type\":\"BreadcrumbList\",\"@id\":\"https:\\\/\\\/eralux.com\\\/fr\\\/produit\\\/maven-elite\\\/#breadcrumb\",\"itemListElement\":[{\"@type\":\"ListItem\",\"position\":1,\"name\":\"Home\",\"item\":\"https:\\\/\\\/eralux.com\\\/fr\\\/\"},{\"@type\":\"ListItem\",\"position\":2,\"name\":\"Shop\",\"item\":\"https:\\\/\\\/eralux.com\\\/shop\\\/\"},{\"@type\":\"ListItem\",\"position\":3,\"name\":\"MAVEN ELITE\"}]},{\"@type\":\"WebSite\",\"@id\":\"https:\\\/\\\/eralux.com\\\/fr\\\/#website\",\"url\":\"https:\\\/\\\/eralux.com\\\/fr\\\/\",\"name\":\"Eralux\",\"description\":\"World leader for Energy Saving LED Solutions\",\"publisher\":{\"@id\":\"https:\\\/\\\/eralux.com\\\/fr\\\/#organization\"},\"alternateName\":\"Led manufacturer Canada\",\"potentialAction\":[{\"@type\":\"SearchAction\",\"target\":{\"@type\":\"EntryPoint\",\"urlTemplate\":\"https:\\\/\\\/eralux.com\\\/fr\\\/?s={search_term_string}\"},\"query-input\":{\"@type\":\"PropertyValueSpecification\",\"valueRequired\":true,\"valueName\":\"search_term_string\"}}],\"inLanguage\":\"fr-FR\"},{\"@type\":\"Organization\",\"@id\":\"https:\\\/\\\/eralux.com\\\/fr\\\/#organization\",\"name\":\"Eralux\",\"url\":\"https:\\\/\\\/eralux.com\\\/fr\\\/\",\"logo\":{\"@type\":\"ImageObject\",\"inLanguage\":\"fr-FR\",\"@id\":\"https:\\\/\\\/eralux.com\\\/fr\\\/#\\\/schema\\\/logo\\\/image\\\/\",\"url\":\"https:\\\/\\\/eralux.com\\\/wp-content\\\/uploads\\\/2024\\\/01\\\/eralux-logo-trademark-R.png\",\"contentUrl\":\"https:\\\/\\\/eralux.com\\\/wp-content\\\/uploads\\\/2024\\\/01\\\/eralux-logo-trademark-R.png\",\"width\":1000,\"height\":446,\"caption\":\"Eralux\"},\"image\":{\"@id\":\"https:\\\/\\\/eralux.com\\\/fr\\\/#\\\/schema\\\/logo\\\/image\\\/\"},\"sameAs\":[\"https:\\\/\\\/www.facebook.com\\\/aeralux.corp\",\"https:\\\/\\\/x.com\\\/eralux_inc\"],\"description\":\"Save on energy with high-performance LED solutions. Choose Eralux for eco-friendly lighting. Explore our range today!\"}]}<\/script>\n<meta property=\"product:price:amount\" content=\"0.00\" \/>\n<meta property=\"product:price:currency\" content=\"CAD\" \/>\n<meta property=\"og:availability\" content=\"instock\" \/>\n<meta property=\"product:availability\" content=\"instock\" \/>\n<meta property=\"product:condition\" content=\"new\" \/>\n<!-- \/ Yoast SEO Premium plugin. -->","yoast_head_json":{"title":"MAVEN ELITE - Eralux","description":"Le Maven Elite est le plus avanc\u00e9 de la s\u00e9rie, avec le driver s\u00e9par\u00e9 du luminaire. Maven Elite est un choix puissant et une combinaison parfaite avec les autres projecteurs de la s\u00e9rie Maven. Disponible dans diff\u00e9rents CCT et options d'adaptation, Maven Elite peut \u00eatre mont\u00e9 sur des rails pr\u00e9existants ou \u00eatre associ\u00e9 \u00e0 d'autres accessoires ERALUX pour cr\u00e9er un nouveau syst\u00e8me de rails. MAVEN assure une distribution uniforme \u00e0 diff\u00e9rents angles de rayonnement. La t\u00eate de la LED pivote pour un verrouillage flexible partout o\u00f9 le faisceau est n\u00e9cessaire.","robots":{"index":"index","follow":"follow","max-snippet":"max-snippet:-1","max-image-preview":"max-image-preview:large","max-video-preview":"max-video-preview:-1"},"canonical":"https:\/\/eralux.com\/fr\/produit\/maven-elite\/","og_locale":"fr_FR","og_type":"article","og_title":"MAVEN ELITE","og_description":"Le Maven Elite est le plus avanc\u00e9 de la s\u00e9rie, avec le driver s\u00e9par\u00e9 du luminaire. Maven Elite est un choix puissant et une combinaison parfaite avec les autres projecteurs de la s\u00e9rie Maven. Disponible dans diff\u00e9rents CCT et options d'adaptation, Maven Elite peut \u00eatre mont\u00e9 sur des rails pr\u00e9existants ou \u00eatre associ\u00e9 \u00e0 d'autres accessoires ERALUX pour cr\u00e9er un nouveau syst\u00e8me de rails. MAVEN assure une distribution uniforme \u00e0 diff\u00e9rents angles de rayonnement. La t\u00eate de la LED pivote pour un verrouillage flexible partout o\u00f9 le faisceau est n\u00e9cessaire.","og_url":"https:\/\/eralux.com\/fr\/produit\/maven-elite\/","og_site_name":"Eralux","article_publisher":"https:\/\/www.facebook.com\/aeralux.corp","article_modified_time":"2025-12-04T18:28:51+00:00","og_image":[{"width":3540,"height":3540,"url":"https:\/\/eralux.com\/wp-content\/uploads\/2024\/01\/ERALUX-MAVEN-ELITE-TRACK-LIGHT1.png","type":"image\/png"}],"twitter_card":"summary_large_image","twitter_site":"@eralux_inc","twitter_misc":{"Prix":"&#36;0.00","Disponibilit\u00e9":"En stock"},"schema":{"@context":"https:\/\/schema.org","@graph":[{"@type":"WebPage","@id":"https:\/\/eralux.com\/fr\/produit\/maven-elite\/","url":"https:\/\/eralux.com\/fr\/produit\/maven-elite\/","name":"MAVEN ELITE - Eralux","isPartOf":{"@id":"https:\/\/eralux.com\/fr\/#website"},"primaryImageOfPage":{"@id":"https:\/\/eralux.com\/fr\/produit\/maven-elite\/#primaryimage"},"image":{"@id":"https:\/\/eralux.com\/fr\/produit\/maven-elite\/#primaryimage"},"thumbnailUrl":"https:\/\/eralux.com\/wp-content\/uploads\/2024\/01\/ERALUX-MAVEN-ELITE-TRACK-LIGHT1.png","datePublished":"2024-01-02T21:17:08+00:00","dateModified":"2025-12-04T18:28:51+00:00","description":"Le Maven Elite est le plus avanc\u00e9 de la s\u00e9rie, avec le driver s\u00e9par\u00e9 du luminaire. Maven Elite est un choix puissant et une combinaison parfaite avec les autres projecteurs de la s\u00e9rie Maven. Disponible dans diff\u00e9rents CCT et options d'adaptation, Maven Elite peut \u00eatre mont\u00e9 sur des rails pr\u00e9existants ou \u00eatre associ\u00e9 \u00e0 d'autres accessoires ERALUX pour cr\u00e9er un nouveau syst\u00e8me de rails. MAVEN assure une distribution uniforme \u00e0 diff\u00e9rents angles de rayonnement. La t\u00eate de la LED pivote pour un verrouillage flexible partout o\u00f9 le faisceau est n\u00e9cessaire.","breadcrumb":{"@id":"https:\/\/eralux.com\/fr\/produit\/maven-elite\/#breadcrumb"},"inLanguage":"fr-FR","potentialAction":[{"@type":"ReadAction","target":["https:\/\/eralux.com\/fr\/produit\/maven-elite\/"]}]},{"@type":"ImageObject","inLanguage":"fr-FR","@id":"https:\/\/eralux.com\/fr\/produit\/maven-elite\/#primaryimage","url":"https:\/\/eralux.com\/wp-content\/uploads\/2024\/01\/ERALUX-MAVEN-ELITE-TRACK-LIGHT1.png","contentUrl":"https:\/\/eralux.com\/wp-content\/uploads\/2024\/01\/ERALUX-MAVEN-ELITE-TRACK-LIGHT1.png","width":3540,"height":3540},{"@type":"BreadcrumbList","@id":"https:\/\/eralux.com\/fr\/produit\/maven-elite\/#breadcrumb","itemListElement":[{"@type":"ListItem","position":1,"name":"Home","item":"https:\/\/eralux.com\/fr\/"},{"@type":"ListItem","position":2,"name":"Shop","item":"https:\/\/eralux.com\/shop\/"},{"@type":"ListItem","position":3,"name":"MAVEN ELITE"}]},{"@type":"WebSite","@id":"https:\/\/eralux.com\/fr\/#website","url":"https:\/\/eralux.com\/fr\/","name":"Eralux","description":"World leader for Energy Saving LED Solutions","publisher":{"@id":"https:\/\/eralux.com\/fr\/#organization"},"alternateName":"Led manufacturer Canada","potentialAction":[{"@type":"SearchAction","target":{"@type":"EntryPoint","urlTemplate":"https:\/\/eralux.com\/fr\/?s={search_term_string}"},"query-input":{"@type":"PropertyValueSpecification","valueRequired":true,"valueName":"search_term_string"}}],"inLanguage":"fr-FR"},{"@type":"Organization","@id":"https:\/\/eralux.com\/fr\/#organization","name":"Eralux","url":"https:\/\/eralux.com\/fr\/","logo":{"@type":"ImageObject","inLanguage":"fr-FR","@id":"https:\/\/eralux.com\/fr\/#\/schema\/logo\/image\/","url":"https:\/\/eralux.com\/wp-content\/uploads\/2024\/01\/eralux-logo-trademark-R.png","contentUrl":"https:\/\/eralux.com\/wp-content\/uploads\/2024\/01\/eralux-logo-trademark-R.png","width":1000,"height":446,"caption":"Eralux"},"image":{"@id":"https:\/\/eralux.com\/fr\/#\/schema\/logo\/image\/"},"sameAs":["https:\/\/www.facebook.com\/aeralux.corp","https:\/\/x.com\/eralux_inc"],"description":"Save on energy with high-performance LED solutions. Choose Eralux for eco-friendly lighting. Explore our range today!"}]},"product_price_amount":"0.00","product_price_currency":"CAD","og_availability":"instock","product_availability":"instock","product_condition":"new"},"_links":{"self":[{"href":"https:\/\/eralux.com\/fr\/wp-json\/wp\/v2\/product\/3450","targetHints":{"allow":["GET"]}}],"collection":[{"href":"https:\/\/eralux.com\/fr\/wp-json\/wp\/v2\/product"}],"about":[{"href":"https:\/\/eralux.com\/fr\/wp-json\/wp\/v2\/types\/product"}],"replies":[{"embeddable":true,"href":"https:\/\/eralux.com\/fr\/wp-json\/wp\/v2\/comments?post=3450"}],"wp:featuredmedia":[{"embeddable":true,"href":"https:\/\/eralux.com\/fr\/wp-json\/wp\/v2\/media\/3461"}],"wp:attachment":[{"href":"https:\/\/eralux.com\/fr\/wp-json\/wp\/v2\/media?parent=3450"}],"wp:term":[{"taxonomy":"product_brand","embeddable":true,"href":"https:\/\/eralux.com\/fr\/wp-json\/wp\/v2\/product_brand?post=3450"},{"taxonomy":"product_cat","embeddable":true,"href":"https:\/\/eralux.com\/fr\/wp-json\/wp\/v2\/product_cat?post=3450"},{"taxonomy":"product_tag","embeddable":true,"href":"https:\/\/eralux.com\/fr\/wp-json\/wp\/v2\/product_tag?post=3450"}],"curies":[{"name":"wp","href":"https:\/\/api.w.org\/{rel}","templated":true}]}}