{"id":3492,"date":"2024-01-02T21:50:42","date_gmt":"2024-01-02T21:50:42","guid":{"rendered":"https:\/\/eralux.com\/?post_type=product&#038;p=3492"},"modified":"2025-12-04T18:27:11","modified_gmt":"2025-12-04T18:27:11","slug":"osiris","status":"publish","type":"product","link":"https:\/\/eralux.com\/fr\/produit\/osiris\/","title":{"rendered":"OSIRIS"},"content":{"rendered":"<p>La s\u00e9rie OSIRIS se distingue par un dissipateur lisse et un bo\u00eetier vertical. Il existe trois paquets de lumens possibles et trois distributions de faisceau possibles : faisceau \u00e9troit, faisceau large et faisceau tr\u00e8s large. Ce produit est livr\u00e9 en standard avec un IRC de 90.<\/p>\n","protected":false},"excerpt":{"rendered":"<p>T\u00eate de rail<\/p>\n","protected":false},"featured_media":3523,"comment_status":"open","ping_status":"closed","template":"","meta":{"inline_featured_image":false},"product_brand":[],"product_cat":[1751],"product_tag":[],"class_list":{"0":"post-3492","1":"product","2":"type-product","3":"status-publish","4":"has-post-thumbnail","6":"spec_sheets-j1-fr","7":"spec_sheets-g1-fr","8":"spec_sheets-12-fr-2","9":"spec_sheets-nf-fr-2","10":"spec_sheets-h1-fr","11":"spec_sheets-fl-fr-2","12":"spec_sheets-13-fr","13":"spec_sheets-l1-fr","14":"spec_sheets-wf-fr-3","15":"spec_sheets-29-fr","16":"spec_sheets-43-fr","17":"spec_sheets-p-fr-3","18":"spec_sheets-lumen-fr","19":"spec_sheets-wh-fr","20":"spec_sheets-bk-fr","21":"spec_sheets-sv-fr","22":"spec_sheets-distribution-fr","23":"spec_sheets-adapteur","24":"spec_sheets-cct-fr","25":"spec_sheets-cri-fr","26":"spec_sheets-finition","27":"spec_sheets-tension","28":"spec_sheets-27-fr-2","29":"spec_sheets-30-fr","30":"spec_sheets-35-fr","31":"spec_sheets-40-fr","32":"product_applications-bureau-commercial","33":"product_applications-education-fr","34":"product_applications-magasin-de-mode","35":"product_applications-sante","36":"product_applications-hotellerie","37":"product_segments-projecteur-del-sur-rail","38":"product_segments-projecteurs-sur-rail","39":"product_cat-ae-tl-os-fr","41":"first","42":"instock","43":"shipping-taxable","44":"purchasable","45":"product-type-simple"},"yoast_head":"<!-- This site is optimized with the Yoast SEO Premium plugin v24.2 (Yoast SEO v27.5) - https:\/\/yoast.com\/product\/yoast-seo-premium-wordpress\/ -->\n<title>OSIRIS - Eralux<\/title>\n<meta name=\"description\" content=\"La s\u00e9rie OSIRIS se distingue par un dissipateur lisse et un bo\u00eetier vertical. Il existe trois paquets de lumens possibles et trois distributions de faisceau possibles : flood \u00e9troit, flood et flood large. Ce produit est \u00e9galement livr\u00e9 en standard avec un IRC de 90.\" \/>\n<meta name=\"robots\" content=\"index, follow, max-snippet:-1, max-image-preview:large, max-video-preview:-1\" \/>\n<link rel=\"canonical\" href=\"https:\/\/eralux.com\/fr\/produit\/osiris\/\" \/>\n<meta property=\"og:locale\" content=\"fr_FR\" \/>\n<meta property=\"og:type\" content=\"article\" \/>\n<meta property=\"og:title\" content=\"OSIRIS\" \/>\n<meta property=\"og:description\" content=\"La s\u00e9rie OSIRIS se distingue par un dissipateur lisse et un bo\u00eetier vertical. Il existe trois paquets de lumens possibles et trois distributions de faisceau possibles : flood \u00e9troit, flood et flood large. Ce produit est \u00e9galement livr\u00e9 en standard avec un IRC de 90.\" \/>\n<meta property=\"og:url\" content=\"https:\/\/eralux.com\/fr\/produit\/osiris\/\" \/>\n<meta property=\"og:site_name\" content=\"Eralux\" \/>\n<meta property=\"article:publisher\" content=\"https:\/\/www.facebook.com\/aeralux.corp\" \/>\n<meta property=\"article:modified_time\" content=\"2025-12-04T18:27:11+00:00\" \/>\n<meta property=\"og:image\" content=\"https:\/\/eralux.com\/wp-content\/uploads\/2024\/01\/OSRIS-SILVER.png\" \/>\n\t<meta property=\"og:image:width\" content=\"1080\" \/>\n\t<meta property=\"og:image:height\" content=\"1080\" \/>\n\t<meta property=\"og:image:type\" content=\"image\/png\" \/>\n<meta name=\"twitter:card\" content=\"summary_large_image\" \/>\n<meta name=\"twitter:site\" content=\"@eralux_inc\" \/>\n<meta name=\"twitter:label1\" content=\"Prix\" \/>\n\t<meta name=\"twitter:data1\" content=\"&#036;0.00\" \/>\n\t<meta name=\"twitter:label2\" content=\"Disponibilit\u00e9\" \/>\n\t<meta name=\"twitter:data2\" content=\"En stock\" \/>\n<script type=\"application\/ld+json\" class=\"yoast-schema-graph\">{\"@context\":\"https:\\\/\\\/schema.org\",\"@graph\":[{\"@type\":\"WebPage\",\"@id\":\"https:\\\/\\\/eralux.com\\\/fr\\\/produit\\\/osiris\\\/\",\"url\":\"https:\\\/\\\/eralux.com\\\/fr\\\/produit\\\/osiris\\\/\",\"name\":\"OSIRIS - Eralux\",\"isPartOf\":{\"@id\":\"https:\\\/\\\/eralux.com\\\/fr\\\/#website\"},\"primaryImageOfPage\":{\"@id\":\"https:\\\/\\\/eralux.com\\\/fr\\\/produit\\\/osiris\\\/#primaryimage\"},\"image\":{\"@id\":\"https:\\\/\\\/eralux.com\\\/fr\\\/produit\\\/osiris\\\/#primaryimage\"},\"thumbnailUrl\":\"https:\\\/\\\/eralux.com\\\/wp-content\\\/uploads\\\/2024\\\/01\\\/OSRIS-SILVER.png\",\"datePublished\":\"2024-01-02T21:50:42+00:00\",\"dateModified\":\"2025-12-04T18:27:11+00:00\",\"description\":\"La s\u00e9rie OSIRIS se distingue par un dissipateur lisse et un bo\u00eetier vertical. Il existe trois paquets de lumens possibles et trois distributions de faisceau possibles : flood \u00e9troit, flood et flood large. Ce produit est \u00e9galement livr\u00e9 en standard avec un IRC de 90.\",\"breadcrumb\":{\"@id\":\"https:\\\/\\\/eralux.com\\\/fr\\\/produit\\\/osiris\\\/#breadcrumb\"},\"inLanguage\":\"fr-FR\",\"potentialAction\":[{\"@type\":\"ReadAction\",\"target\":[\"https:\\\/\\\/eralux.com\\\/fr\\\/produit\\\/osiris\\\/\"]}]},{\"@type\":\"ImageObject\",\"inLanguage\":\"fr-FR\",\"@id\":\"https:\\\/\\\/eralux.com\\\/fr\\\/produit\\\/osiris\\\/#primaryimage\",\"url\":\"https:\\\/\\\/eralux.com\\\/wp-content\\\/uploads\\\/2024\\\/01\\\/OSRIS-SILVER.png\",\"contentUrl\":\"https:\\\/\\\/eralux.com\\\/wp-content\\\/uploads\\\/2024\\\/01\\\/OSRIS-SILVER.png\",\"width\":1080,\"height\":1080},{\"@type\":\"BreadcrumbList\",\"@id\":\"https:\\\/\\\/eralux.com\\\/fr\\\/produit\\\/osiris\\\/#breadcrumb\",\"itemListElement\":[{\"@type\":\"ListItem\",\"position\":1,\"name\":\"Home\",\"item\":\"https:\\\/\\\/eralux.com\\\/fr\\\/\"},{\"@type\":\"ListItem\",\"position\":2,\"name\":\"Shop\",\"item\":\"https:\\\/\\\/eralux.com\\\/shop\\\/\"},{\"@type\":\"ListItem\",\"position\":3,\"name\":\"OSIRIS\"}]},{\"@type\":\"WebSite\",\"@id\":\"https:\\\/\\\/eralux.com\\\/fr\\\/#website\",\"url\":\"https:\\\/\\\/eralux.com\\\/fr\\\/\",\"name\":\"Eralux\",\"description\":\"World leader for Energy Saving LED Solutions\",\"publisher\":{\"@id\":\"https:\\\/\\\/eralux.com\\\/fr\\\/#organization\"},\"alternateName\":\"Led manufacturer Canada\",\"potentialAction\":[{\"@type\":\"SearchAction\",\"target\":{\"@type\":\"EntryPoint\",\"urlTemplate\":\"https:\\\/\\\/eralux.com\\\/fr\\\/?s={search_term_string}\"},\"query-input\":{\"@type\":\"PropertyValueSpecification\",\"valueRequired\":true,\"valueName\":\"search_term_string\"}}],\"inLanguage\":\"fr-FR\"},{\"@type\":\"Organization\",\"@id\":\"https:\\\/\\\/eralux.com\\\/fr\\\/#organization\",\"name\":\"Eralux\",\"url\":\"https:\\\/\\\/eralux.com\\\/fr\\\/\",\"logo\":{\"@type\":\"ImageObject\",\"inLanguage\":\"fr-FR\",\"@id\":\"https:\\\/\\\/eralux.com\\\/fr\\\/#\\\/schema\\\/logo\\\/image\\\/\",\"url\":\"https:\\\/\\\/eralux.com\\\/wp-content\\\/uploads\\\/2024\\\/01\\\/eralux-logo-trademark-R.png\",\"contentUrl\":\"https:\\\/\\\/eralux.com\\\/wp-content\\\/uploads\\\/2024\\\/01\\\/eralux-logo-trademark-R.png\",\"width\":1000,\"height\":446,\"caption\":\"Eralux\"},\"image\":{\"@id\":\"https:\\\/\\\/eralux.com\\\/fr\\\/#\\\/schema\\\/logo\\\/image\\\/\"},\"sameAs\":[\"https:\\\/\\\/www.facebook.com\\\/aeralux.corp\",\"https:\\\/\\\/x.com\\\/eralux_inc\"],\"description\":\"Save on energy with high-performance LED solutions. Choose Eralux for eco-friendly lighting. Explore our range today!\"}]}<\/script>\n<meta property=\"product:price:amount\" content=\"0.00\" \/>\n<meta property=\"product:price:currency\" content=\"CAD\" \/>\n<meta property=\"og:availability\" content=\"instock\" \/>\n<meta property=\"product:availability\" content=\"instock\" \/>\n<meta property=\"product:condition\" content=\"new\" \/>\n<!-- \/ Yoast SEO Premium plugin. -->","yoast_head_json":{"title":"OSIRIS - Eralux","description":"La s\u00e9rie OSIRIS se distingue par un dissipateur lisse et un bo\u00eetier vertical. Il existe trois paquets de lumens possibles et trois distributions de faisceau possibles : flood \u00e9troit, flood et flood large. Ce produit est \u00e9galement livr\u00e9 en standard avec un IRC de 90.","robots":{"index":"index","follow":"follow","max-snippet":"max-snippet:-1","max-image-preview":"max-image-preview:large","max-video-preview":"max-video-preview:-1"},"canonical":"https:\/\/eralux.com\/fr\/produit\/osiris\/","og_locale":"fr_FR","og_type":"article","og_title":"OSIRIS","og_description":"La s\u00e9rie OSIRIS se distingue par un dissipateur lisse et un bo\u00eetier vertical. Il existe trois paquets de lumens possibles et trois distributions de faisceau possibles : flood \u00e9troit, flood et flood large. Ce produit est \u00e9galement livr\u00e9 en standard avec un IRC de 90.","og_url":"https:\/\/eralux.com\/fr\/produit\/osiris\/","og_site_name":"Eralux","article_publisher":"https:\/\/www.facebook.com\/aeralux.corp","article_modified_time":"2025-12-04T18:27:11+00:00","og_image":[{"width":1080,"height":1080,"url":"https:\/\/eralux.com\/wp-content\/uploads\/2024\/01\/OSRIS-SILVER.png","type":"image\/png"}],"twitter_card":"summary_large_image","twitter_site":"@eralux_inc","twitter_misc":{"Prix":"&#36;0.00","Disponibilit\u00e9":"En stock"},"schema":{"@context":"https:\/\/schema.org","@graph":[{"@type":"WebPage","@id":"https:\/\/eralux.com\/fr\/produit\/osiris\/","url":"https:\/\/eralux.com\/fr\/produit\/osiris\/","name":"OSIRIS - Eralux","isPartOf":{"@id":"https:\/\/eralux.com\/fr\/#website"},"primaryImageOfPage":{"@id":"https:\/\/eralux.com\/fr\/produit\/osiris\/#primaryimage"},"image":{"@id":"https:\/\/eralux.com\/fr\/produit\/osiris\/#primaryimage"},"thumbnailUrl":"https:\/\/eralux.com\/wp-content\/uploads\/2024\/01\/OSRIS-SILVER.png","datePublished":"2024-01-02T21:50:42+00:00","dateModified":"2025-12-04T18:27:11+00:00","description":"La s\u00e9rie OSIRIS se distingue par un dissipateur lisse et un bo\u00eetier vertical. Il existe trois paquets de lumens possibles et trois distributions de faisceau possibles : flood \u00e9troit, flood et flood large. Ce produit est \u00e9galement livr\u00e9 en standard avec un IRC de 90.","breadcrumb":{"@id":"https:\/\/eralux.com\/fr\/produit\/osiris\/#breadcrumb"},"inLanguage":"fr-FR","potentialAction":[{"@type":"ReadAction","target":["https:\/\/eralux.com\/fr\/produit\/osiris\/"]}]},{"@type":"ImageObject","inLanguage":"fr-FR","@id":"https:\/\/eralux.com\/fr\/produit\/osiris\/#primaryimage","url":"https:\/\/eralux.com\/wp-content\/uploads\/2024\/01\/OSRIS-SILVER.png","contentUrl":"https:\/\/eralux.com\/wp-content\/uploads\/2024\/01\/OSRIS-SILVER.png","width":1080,"height":1080},{"@type":"BreadcrumbList","@id":"https:\/\/eralux.com\/fr\/produit\/osiris\/#breadcrumb","itemListElement":[{"@type":"ListItem","position":1,"name":"Home","item":"https:\/\/eralux.com\/fr\/"},{"@type":"ListItem","position":2,"name":"Shop","item":"https:\/\/eralux.com\/shop\/"},{"@type":"ListItem","position":3,"name":"OSIRIS"}]},{"@type":"WebSite","@id":"https:\/\/eralux.com\/fr\/#website","url":"https:\/\/eralux.com\/fr\/","name":"Eralux","description":"World leader for Energy Saving LED Solutions","publisher":{"@id":"https:\/\/eralux.com\/fr\/#organization"},"alternateName":"Led manufacturer Canada","potentialAction":[{"@type":"SearchAction","target":{"@type":"EntryPoint","urlTemplate":"https:\/\/eralux.com\/fr\/?s={search_term_string}"},"query-input":{"@type":"PropertyValueSpecification","valueRequired":true,"valueName":"search_term_string"}}],"inLanguage":"fr-FR"},{"@type":"Organization","@id":"https:\/\/eralux.com\/fr\/#organization","name":"Eralux","url":"https:\/\/eralux.com\/fr\/","logo":{"@type":"ImageObject","inLanguage":"fr-FR","@id":"https:\/\/eralux.com\/fr\/#\/schema\/logo\/image\/","url":"https:\/\/eralux.com\/wp-content\/uploads\/2024\/01\/eralux-logo-trademark-R.png","contentUrl":"https:\/\/eralux.com\/wp-content\/uploads\/2024\/01\/eralux-logo-trademark-R.png","width":1000,"height":446,"caption":"Eralux"},"image":{"@id":"https:\/\/eralux.com\/fr\/#\/schema\/logo\/image\/"},"sameAs":["https:\/\/www.facebook.com\/aeralux.corp","https:\/\/x.com\/eralux_inc"],"description":"Save on energy with high-performance LED solutions. Choose Eralux for eco-friendly lighting. Explore our range today!"}]},"product_price_amount":"0.00","product_price_currency":"CAD","og_availability":"instock","product_availability":"instock","product_condition":"new"},"_links":{"self":[{"href":"https:\/\/eralux.com\/fr\/wp-json\/wp\/v2\/product\/3492","targetHints":{"allow":["GET"]}}],"collection":[{"href":"https:\/\/eralux.com\/fr\/wp-json\/wp\/v2\/product"}],"about":[{"href":"https:\/\/eralux.com\/fr\/wp-json\/wp\/v2\/types\/product"}],"replies":[{"embeddable":true,"href":"https:\/\/eralux.com\/fr\/wp-json\/wp\/v2\/comments?post=3492"}],"wp:featuredmedia":[{"embeddable":true,"href":"https:\/\/eralux.com\/fr\/wp-json\/wp\/v2\/media\/3523"}],"wp:attachment":[{"href":"https:\/\/eralux.com\/fr\/wp-json\/wp\/v2\/media?parent=3492"}],"wp:term":[{"taxonomy":"product_brand","embeddable":true,"href":"https:\/\/eralux.com\/fr\/wp-json\/wp\/v2\/product_brand?post=3492"},{"taxonomy":"product_cat","embeddable":true,"href":"https:\/\/eralux.com\/fr\/wp-json\/wp\/v2\/product_cat?post=3492"},{"taxonomy":"product_tag","embeddable":true,"href":"https:\/\/eralux.com\/fr\/wp-json\/wp\/v2\/product_tag?post=3492"}],"curies":[{"name":"wp","href":"https:\/\/api.w.org\/{rel}","templated":true}]}}