{"id":3540,"date":"2024-01-02T22:16:10","date_gmt":"2024-01-02T22:16:10","guid":{"rendered":"https:\/\/eralux.com\/?post_type=product&#038;p=3540"},"modified":"2025-03-17T21:14:10","modified_gmt":"2025-03-17T21:14:10","slug":"rosetta","status":"publish","type":"product","link":"https:\/\/eralux.com\/fr\/produit\/rosetta\/","title":{"rendered":"ROSETTA"},"content":{"rendered":"<p>La s\u00e9rie ROSETTA est un luminaire sur rail \u00e9l\u00e9gant dot\u00e9 d&#8217;un dissipateur thermique \u00e9l\u00e9gant et d&#8217;un pilote int\u00e9gr\u00e9. Ce projecteur sur rail d\u00e9livre jusqu&#8217;\u00e0 1 050 lumens malgr\u00e9 sa taille et sans dissipation thermique apparente pour offrir un design fluide. Il est recherch\u00e9 pour les impl\u00e9mentations dans les magasins de mode afin d&#8217;am\u00e9liorer l&#8217;apparence des produits gr\u00e2ce \u00e0 sa couleur haut de gamme. Ce produit est livr\u00e9 en standard \u00e0 90 CRI.<\/p>\n","protected":false},"excerpt":{"rendered":"<p>Fixation de la voie<\/p>\n","protected":false},"featured_media":13732,"comment_status":"open","ping_status":"closed","template":"","meta":{"inline_featured_image":false},"product_brand":[],"product_cat":[1728],"product_tag":[],"class_list":{"0":"post-3540","1":"product","2":"type-product","3":"status-publish","4":"has-post-thumbnail","6":"spec_sheets-j1-fr","7":"spec_sheets-9-fr","8":"spec_sheets-11-fr","9":"spec_sheets-g1-fr","10":"spec_sheets-nf-fr-2","11":"spec_sheets-12-fr-2","12":"spec_sheets-fl-fr-2","13":"spec_sheets-h1-fr","14":"spec_sheets-l1-fr","15":"spec_sheets-wf-fr-3","16":"spec_sheets-p-fr-3","17":"spec_sheets-lumen-fr","18":"spec_sheets-wh-fr","19":"spec_sheets-bk-fr","20":"spec_sheets-distribution-fr","21":"spec_sheets-adapteur","22":"spec_sheets-cct-fr","23":"spec_sheets-cri-fr","24":"spec_sheets-finition","25":"spec_sheets-tension","26":"spec_sheets-27-fr-2","27":"spec_sheets-30-fr","28":"spec_sheets-35-fr","29":"spec_sheets-40-fr","30":"product_applications-hotellerie","31":"product_applications-sante","32":"product_applications-magasin-de-mode","33":"product_applications-bureau-commercial","34":"product_applications-education-fr","35":"product_segments-projecteur-del-sur-rail","36":"product_segments-projecteurs-sur-rail","37":"product_cat-ae-tl-rs-fr","39":"first","40":"instock","41":"shipping-taxable","42":"purchasable","43":"product-type-simple"},"yoast_head":"<!-- This site is optimized with the Yoast SEO Premium plugin v24.2 (Yoast SEO v27.5) - https:\/\/yoast.com\/product\/yoast-seo-premium-wordpress\/ -->\n<title>ROSETTA - Eralux<\/title>\n<meta name=\"description\" content=\"La s\u00e9rie ROSETTA est un luminaire sur rail \u00e9l\u00e9gant dot\u00e9 d&#039;un dissipateur thermique \u00e9l\u00e9gant et d&#039;un pilote int\u00e9gr\u00e9. Ce projecteur sur rail d\u00e9livre jusqu&#039;\u00e0 1 050 lumens malgr\u00e9 sa taille et sans dissipation thermique apparente pour offrir un design fluide. Il est recherch\u00e9 pour les impl\u00e9mentations dans les magasins de mode afin d&#039;am\u00e9liorer l&#039;apparence des produits gr\u00e2ce \u00e0 sa couleur haut de gamme. Ce produit est livr\u00e9 en standard \u00e0 90 CRI.\" \/>\n<meta name=\"robots\" content=\"index, follow, max-snippet:-1, max-image-preview:large, max-video-preview:-1\" \/>\n<link rel=\"canonical\" href=\"https:\/\/eralux.com\/fr\/produit\/rosetta\/\" \/>\n<meta property=\"og:locale\" content=\"fr_FR\" \/>\n<meta property=\"og:type\" content=\"article\" \/>\n<meta property=\"og:title\" content=\"ROSETTA\" \/>\n<meta property=\"og:description\" content=\"La s\u00e9rie ROSETTA est un luminaire sur rail \u00e9l\u00e9gant dot\u00e9 d&#039;un dissipateur thermique \u00e9l\u00e9gant et d&#039;un pilote int\u00e9gr\u00e9. Ce projecteur sur rail d\u00e9livre jusqu&#039;\u00e0 1 050 lumens malgr\u00e9 sa taille et sans dissipation thermique apparente pour offrir un design fluide. Il est recherch\u00e9 pour les impl\u00e9mentations dans les magasins de mode afin d&#039;am\u00e9liorer l&#039;apparence des produits gr\u00e2ce \u00e0 sa couleur haut de gamme. Ce produit est livr\u00e9 en standard \u00e0 90 CRI.\" \/>\n<meta property=\"og:url\" content=\"https:\/\/eralux.com\/fr\/produit\/rosetta\/\" \/>\n<meta property=\"og:site_name\" content=\"Eralux\" \/>\n<meta property=\"article:publisher\" content=\"https:\/\/www.facebook.com\/aeralux.corp\" \/>\n<meta property=\"article:modified_time\" content=\"2025-03-17T21:14:10+00:00\" \/>\n<meta property=\"og:image\" content=\"https:\/\/eralux.com\/wp-content\/uploads\/2024\/01\/ERALUX-ROSETTA-TRACK-LIGHT-2.png\" \/>\n\t<meta property=\"og:image:width\" content=\"1000\" \/>\n\t<meta property=\"og:image:height\" content=\"1000\" \/>\n\t<meta property=\"og:image:type\" content=\"image\/png\" \/>\n<meta name=\"twitter:card\" content=\"summary_large_image\" \/>\n<meta name=\"twitter:site\" content=\"@eralux_inc\" \/>\n<meta name=\"twitter:label1\" content=\"Prix\" \/>\n\t<meta name=\"twitter:data1\" content=\"&#036;0.00\" \/>\n\t<meta name=\"twitter:label2\" content=\"Disponibilit\u00e9\" \/>\n\t<meta name=\"twitter:data2\" content=\"En stock\" \/>\n<script type=\"application\/ld+json\" class=\"yoast-schema-graph\">{\"@context\":\"https:\\\/\\\/schema.org\",\"@graph\":[{\"@type\":\"WebPage\",\"@id\":\"https:\\\/\\\/eralux.com\\\/fr\\\/produit\\\/rosetta\\\/\",\"url\":\"https:\\\/\\\/eralux.com\\\/fr\\\/produit\\\/rosetta\\\/\",\"name\":\"ROSETTA - Eralux\",\"isPartOf\":{\"@id\":\"https:\\\/\\\/eralux.com\\\/fr\\\/#website\"},\"primaryImageOfPage\":{\"@id\":\"https:\\\/\\\/eralux.com\\\/fr\\\/produit\\\/rosetta\\\/#primaryimage\"},\"image\":{\"@id\":\"https:\\\/\\\/eralux.com\\\/fr\\\/produit\\\/rosetta\\\/#primaryimage\"},\"thumbnailUrl\":\"https:\\\/\\\/eralux.com\\\/wp-content\\\/uploads\\\/2024\\\/01\\\/ERALUX-ROSETTA-TRACK-LIGHT-2.png\",\"datePublished\":\"2024-01-02T22:16:10+00:00\",\"dateModified\":\"2025-03-17T21:14:10+00:00\",\"description\":\"La s\u00e9rie ROSETTA est un luminaire sur rail \u00e9l\u00e9gant dot\u00e9 d'un dissipateur thermique \u00e9l\u00e9gant et d'un pilote int\u00e9gr\u00e9. Ce projecteur sur rail d\u00e9livre jusqu'\u00e0 1 050 lumens malgr\u00e9 sa taille et sans dissipation thermique apparente pour offrir un design fluide. Il est recherch\u00e9 pour les impl\u00e9mentations dans les magasins de mode afin d'am\u00e9liorer l'apparence des produits gr\u00e2ce \u00e0 sa couleur haut de gamme. Ce produit est livr\u00e9 en standard \u00e0 90 CRI.\",\"breadcrumb\":{\"@id\":\"https:\\\/\\\/eralux.com\\\/fr\\\/produit\\\/rosetta\\\/#breadcrumb\"},\"inLanguage\":\"fr-FR\",\"potentialAction\":[{\"@type\":\"ReadAction\",\"target\":[\"https:\\\/\\\/eralux.com\\\/fr\\\/produit\\\/rosetta\\\/\"]}]},{\"@type\":\"ImageObject\",\"inLanguage\":\"fr-FR\",\"@id\":\"https:\\\/\\\/eralux.com\\\/fr\\\/produit\\\/rosetta\\\/#primaryimage\",\"url\":\"https:\\\/\\\/eralux.com\\\/wp-content\\\/uploads\\\/2024\\\/01\\\/ERALUX-ROSETTA-TRACK-LIGHT-2.png\",\"contentUrl\":\"https:\\\/\\\/eralux.com\\\/wp-content\\\/uploads\\\/2024\\\/01\\\/ERALUX-ROSETTA-TRACK-LIGHT-2.png\",\"width\":1000,\"height\":1000},{\"@type\":\"BreadcrumbList\",\"@id\":\"https:\\\/\\\/eralux.com\\\/fr\\\/produit\\\/rosetta\\\/#breadcrumb\",\"itemListElement\":[{\"@type\":\"ListItem\",\"position\":1,\"name\":\"Home\",\"item\":\"https:\\\/\\\/eralux.com\\\/fr\\\/\"},{\"@type\":\"ListItem\",\"position\":2,\"name\":\"Shop\",\"item\":\"https:\\\/\\\/eralux.com\\\/shop\\\/\"},{\"@type\":\"ListItem\",\"position\":3,\"name\":\"ROSETTA\"}]},{\"@type\":\"WebSite\",\"@id\":\"https:\\\/\\\/eralux.com\\\/fr\\\/#website\",\"url\":\"https:\\\/\\\/eralux.com\\\/fr\\\/\",\"name\":\"Eralux\",\"description\":\"World leader for Energy Saving LED Solutions\",\"publisher\":{\"@id\":\"https:\\\/\\\/eralux.com\\\/fr\\\/#organization\"},\"alternateName\":\"Led manufacturer Canada\",\"potentialAction\":[{\"@type\":\"SearchAction\",\"target\":{\"@type\":\"EntryPoint\",\"urlTemplate\":\"https:\\\/\\\/eralux.com\\\/fr\\\/?s={search_term_string}\"},\"query-input\":{\"@type\":\"PropertyValueSpecification\",\"valueRequired\":true,\"valueName\":\"search_term_string\"}}],\"inLanguage\":\"fr-FR\"},{\"@type\":\"Organization\",\"@id\":\"https:\\\/\\\/eralux.com\\\/fr\\\/#organization\",\"name\":\"Eralux\",\"url\":\"https:\\\/\\\/eralux.com\\\/fr\\\/\",\"logo\":{\"@type\":\"ImageObject\",\"inLanguage\":\"fr-FR\",\"@id\":\"https:\\\/\\\/eralux.com\\\/fr\\\/#\\\/schema\\\/logo\\\/image\\\/\",\"url\":\"https:\\\/\\\/eralux.com\\\/wp-content\\\/uploads\\\/2024\\\/01\\\/eralux-logo-trademark-R.png\",\"contentUrl\":\"https:\\\/\\\/eralux.com\\\/wp-content\\\/uploads\\\/2024\\\/01\\\/eralux-logo-trademark-R.png\",\"width\":1000,\"height\":446,\"caption\":\"Eralux\"},\"image\":{\"@id\":\"https:\\\/\\\/eralux.com\\\/fr\\\/#\\\/schema\\\/logo\\\/image\\\/\"},\"sameAs\":[\"https:\\\/\\\/www.facebook.com\\\/aeralux.corp\",\"https:\\\/\\\/x.com\\\/eralux_inc\"],\"description\":\"Save on energy with high-performance LED solutions. Choose Eralux for eco-friendly lighting. Explore our range today!\"}]}<\/script>\n<meta property=\"product:price:amount\" content=\"0.00\" \/>\n<meta property=\"product:price:currency\" content=\"CAD\" \/>\n<meta property=\"og:availability\" content=\"instock\" \/>\n<meta property=\"product:availability\" content=\"instock\" \/>\n<meta property=\"product:condition\" content=\"new\" \/>\n<!-- \/ Yoast SEO Premium plugin. -->","yoast_head_json":{"title":"ROSETTA - Eralux","description":"La s\u00e9rie ROSETTA est un luminaire sur rail \u00e9l\u00e9gant dot\u00e9 d'un dissipateur thermique \u00e9l\u00e9gant et d'un pilote int\u00e9gr\u00e9. Ce projecteur sur rail d\u00e9livre jusqu'\u00e0 1 050 lumens malgr\u00e9 sa taille et sans dissipation thermique apparente pour offrir un design fluide. Il est recherch\u00e9 pour les impl\u00e9mentations dans les magasins de mode afin d'am\u00e9liorer l'apparence des produits gr\u00e2ce \u00e0 sa couleur haut de gamme. Ce produit est livr\u00e9 en standard \u00e0 90 CRI.","robots":{"index":"index","follow":"follow","max-snippet":"max-snippet:-1","max-image-preview":"max-image-preview:large","max-video-preview":"max-video-preview:-1"},"canonical":"https:\/\/eralux.com\/fr\/produit\/rosetta\/","og_locale":"fr_FR","og_type":"article","og_title":"ROSETTA","og_description":"La s\u00e9rie ROSETTA est un luminaire sur rail \u00e9l\u00e9gant dot\u00e9 d'un dissipateur thermique \u00e9l\u00e9gant et d'un pilote int\u00e9gr\u00e9. Ce projecteur sur rail d\u00e9livre jusqu'\u00e0 1 050 lumens malgr\u00e9 sa taille et sans dissipation thermique apparente pour offrir un design fluide. Il est recherch\u00e9 pour les impl\u00e9mentations dans les magasins de mode afin d'am\u00e9liorer l'apparence des produits gr\u00e2ce \u00e0 sa couleur haut de gamme. Ce produit est livr\u00e9 en standard \u00e0 90 CRI.","og_url":"https:\/\/eralux.com\/fr\/produit\/rosetta\/","og_site_name":"Eralux","article_publisher":"https:\/\/www.facebook.com\/aeralux.corp","article_modified_time":"2025-03-17T21:14:10+00:00","og_image":[{"width":1000,"height":1000,"url":"https:\/\/eralux.com\/wp-content\/uploads\/2024\/01\/ERALUX-ROSETTA-TRACK-LIGHT-2.png","type":"image\/png"}],"twitter_card":"summary_large_image","twitter_site":"@eralux_inc","twitter_misc":{"Prix":"&#36;0.00","Disponibilit\u00e9":"En stock"},"schema":{"@context":"https:\/\/schema.org","@graph":[{"@type":"WebPage","@id":"https:\/\/eralux.com\/fr\/produit\/rosetta\/","url":"https:\/\/eralux.com\/fr\/produit\/rosetta\/","name":"ROSETTA - Eralux","isPartOf":{"@id":"https:\/\/eralux.com\/fr\/#website"},"primaryImageOfPage":{"@id":"https:\/\/eralux.com\/fr\/produit\/rosetta\/#primaryimage"},"image":{"@id":"https:\/\/eralux.com\/fr\/produit\/rosetta\/#primaryimage"},"thumbnailUrl":"https:\/\/eralux.com\/wp-content\/uploads\/2024\/01\/ERALUX-ROSETTA-TRACK-LIGHT-2.png","datePublished":"2024-01-02T22:16:10+00:00","dateModified":"2025-03-17T21:14:10+00:00","description":"La s\u00e9rie ROSETTA est un luminaire sur rail \u00e9l\u00e9gant dot\u00e9 d'un dissipateur thermique \u00e9l\u00e9gant et d'un pilote int\u00e9gr\u00e9. Ce projecteur sur rail d\u00e9livre jusqu'\u00e0 1 050 lumens malgr\u00e9 sa taille et sans dissipation thermique apparente pour offrir un design fluide. Il est recherch\u00e9 pour les impl\u00e9mentations dans les magasins de mode afin d'am\u00e9liorer l'apparence des produits gr\u00e2ce \u00e0 sa couleur haut de gamme. Ce produit est livr\u00e9 en standard \u00e0 90 CRI.","breadcrumb":{"@id":"https:\/\/eralux.com\/fr\/produit\/rosetta\/#breadcrumb"},"inLanguage":"fr-FR","potentialAction":[{"@type":"ReadAction","target":["https:\/\/eralux.com\/fr\/produit\/rosetta\/"]}]},{"@type":"ImageObject","inLanguage":"fr-FR","@id":"https:\/\/eralux.com\/fr\/produit\/rosetta\/#primaryimage","url":"https:\/\/eralux.com\/wp-content\/uploads\/2024\/01\/ERALUX-ROSETTA-TRACK-LIGHT-2.png","contentUrl":"https:\/\/eralux.com\/wp-content\/uploads\/2024\/01\/ERALUX-ROSETTA-TRACK-LIGHT-2.png","width":1000,"height":1000},{"@type":"BreadcrumbList","@id":"https:\/\/eralux.com\/fr\/produit\/rosetta\/#breadcrumb","itemListElement":[{"@type":"ListItem","position":1,"name":"Home","item":"https:\/\/eralux.com\/fr\/"},{"@type":"ListItem","position":2,"name":"Shop","item":"https:\/\/eralux.com\/shop\/"},{"@type":"ListItem","position":3,"name":"ROSETTA"}]},{"@type":"WebSite","@id":"https:\/\/eralux.com\/fr\/#website","url":"https:\/\/eralux.com\/fr\/","name":"Eralux","description":"World leader for Energy Saving LED Solutions","publisher":{"@id":"https:\/\/eralux.com\/fr\/#organization"},"alternateName":"Led manufacturer Canada","potentialAction":[{"@type":"SearchAction","target":{"@type":"EntryPoint","urlTemplate":"https:\/\/eralux.com\/fr\/?s={search_term_string}"},"query-input":{"@type":"PropertyValueSpecification","valueRequired":true,"valueName":"search_term_string"}}],"inLanguage":"fr-FR"},{"@type":"Organization","@id":"https:\/\/eralux.com\/fr\/#organization","name":"Eralux","url":"https:\/\/eralux.com\/fr\/","logo":{"@type":"ImageObject","inLanguage":"fr-FR","@id":"https:\/\/eralux.com\/fr\/#\/schema\/logo\/image\/","url":"https:\/\/eralux.com\/wp-content\/uploads\/2024\/01\/eralux-logo-trademark-R.png","contentUrl":"https:\/\/eralux.com\/wp-content\/uploads\/2024\/01\/eralux-logo-trademark-R.png","width":1000,"height":446,"caption":"Eralux"},"image":{"@id":"https:\/\/eralux.com\/fr\/#\/schema\/logo\/image\/"},"sameAs":["https:\/\/www.facebook.com\/aeralux.corp","https:\/\/x.com\/eralux_inc"],"description":"Save on energy with high-performance LED solutions. Choose Eralux for eco-friendly lighting. Explore our range today!"}]},"product_price_amount":"0.00","product_price_currency":"CAD","og_availability":"instock","product_availability":"instock","product_condition":"new"},"_links":{"self":[{"href":"https:\/\/eralux.com\/fr\/wp-json\/wp\/v2\/product\/3540","targetHints":{"allow":["GET"]}}],"collection":[{"href":"https:\/\/eralux.com\/fr\/wp-json\/wp\/v2\/product"}],"about":[{"href":"https:\/\/eralux.com\/fr\/wp-json\/wp\/v2\/types\/product"}],"replies":[{"embeddable":true,"href":"https:\/\/eralux.com\/fr\/wp-json\/wp\/v2\/comments?post=3540"}],"wp:featuredmedia":[{"embeddable":true,"href":"https:\/\/eralux.com\/fr\/wp-json\/wp\/v2\/media\/13732"}],"wp:attachment":[{"href":"https:\/\/eralux.com\/fr\/wp-json\/wp\/v2\/media?parent=3540"}],"wp:term":[{"taxonomy":"product_brand","embeddable":true,"href":"https:\/\/eralux.com\/fr\/wp-json\/wp\/v2\/product_brand?post=3540"},{"taxonomy":"product_cat","embeddable":true,"href":"https:\/\/eralux.com\/fr\/wp-json\/wp\/v2\/product_cat?post=3540"},{"taxonomy":"product_tag","embeddable":true,"href":"https:\/\/eralux.com\/fr\/wp-json\/wp\/v2\/product_tag?post=3540"}],"curies":[{"name":"wp","href":"https:\/\/api.w.org\/{rel}","templated":true}]}}