{"id":3553,"date":"2024-01-02T22:30:34","date_gmt":"2024-01-02T22:30:34","guid":{"rendered":"https:\/\/eralux.com\/?post_type=product&#038;p=3553"},"modified":"2025-08-05T15:43:29","modified_gmt":"2025-08-05T15:43:29","slug":"titan-elite","status":"publish","type":"product","link":"https:\/\/eralux.com\/fr\/produit\/titan-elite\/","title":{"rendered":"TITAN ELITE"},"content":{"rendered":"<p>La s\u00e9rie TITAN ELITE offre une gamme impressionnante de caract\u00e9ristiques, y compris des options de puissance commutables de 225\/165\/120 Watts ou 300\/225\/165 Watts, et une efficacit\u00e9 de 135 LPW. Cette s\u00e9rie comprend un ensemble de lumens commutables, une temp\u00e9rature de couleur corr\u00e9l\u00e9e (CCT) personnalisable et un moteur d&#8217;\u00e9clairage inclinable. Le moteur d&#8217;\u00e9clairage inclinable peut \u00eatre tourn\u00e9 sur place, de 20\u02da vers l&#8217;int\u00e9rieur et de 80\u02da vers l&#8217;ext\u00e9rieur, ce qui permet d&#8217;obtenir des distributions lumineuses personnalis\u00e9es qui r\u00e9pondent aux besoins sp\u00e9cifiques de tout espace de projet.<\/p>\n","protected":false},"excerpt":{"rendered":"<p>Haute Baie Rectangulaire<\/p>\n","protected":false},"featured_media":8593,"comment_status":"open","ping_status":"closed","template":"","meta":{"inline_featured_image":false},"product_brand":[],"product_cat":[1124],"product_tag":[],"class_list":{"0":"post-3553","1":"product","2":"type-product","3":"status-publish","4":"has-post-thumbnail","6":"spec_sheets-2ft-fr","7":"spec_sheets-4ft-fr","8":"spec_sheets-ca-fr-3","9":"spec_sheets-d-fr-2","10":"spec_sheets-ms-fr-3","11":"spec_sheets-3550k-fr","12":"spec_sheets-cct-fr","13":"spec_sheets-controles","14":"spec_sheets-puissance","15":"spec_sheets-taille","16":"spec_sheets-tension","17":"spec_sheets-225w-fr","18":"spec_sheets-300w-fr","19":"product_applications-industriel","20":"product_segments-luminaires-industriels","21":"product_cat-ae-il-tt2-fr","23":"first","24":"instock","25":"shipping-taxable","26":"purchasable","27":"product-type-simple"},"yoast_head":"<!-- This site is optimized with the Yoast SEO Premium plugin v24.2 (Yoast SEO v27.4) - https:\/\/yoast.com\/product\/yoast-seo-premium-wordpress\/ -->\n<title>TITAN ELITE - Eralux<\/title>\n<meta name=\"description\" content=\"La s\u00e9rie TITAN ELITE offre une gamme impressionnante de caract\u00e9ristiques, y compris des options de puissance commutables de 225\/165\/120 Watts ou 300\/225\/165 Watts, et une efficacit\u00e9 de 135 LPW. Cette s\u00e9rie comprend un ensemble de lumens commutables, une temp\u00e9rature de couleur corr\u00e9l\u00e9e (CCT) personnalisable et un moteur d&#039;\u00e9clairage inclinable. Le moteur d&#039;\u00e9clairage inclinable peut \u00eatre tourn\u00e9 sur place, de 20\u02da vers l&#039;int\u00e9rieur et de 80\u02da vers l&#039;ext\u00e9rieur, ce qui permet d&#039;obtenir des distributions lumineuses personnalis\u00e9es qui r\u00e9pondent aux besoins sp\u00e9cifiques de tout espace de projet.\" \/>\n<meta name=\"robots\" content=\"index, follow, max-snippet:-1, max-image-preview:large, max-video-preview:-1\" \/>\n<link rel=\"canonical\" href=\"https:\/\/eralux.com\/fr\/produit\/titan-elite\/\" \/>\n<meta property=\"og:locale\" content=\"fr_FR\" \/>\n<meta property=\"og:type\" content=\"article\" \/>\n<meta property=\"og:title\" content=\"TITAN ELITE\" \/>\n<meta property=\"og:description\" content=\"La s\u00e9rie TITAN ELITE offre une gamme impressionnante de caract\u00e9ristiques, y compris des options de puissance commutables de 225\/165\/120 Watts ou 300\/225\/165 Watts, et une efficacit\u00e9 de 135 LPW. Cette s\u00e9rie comprend un ensemble de lumens commutables, une temp\u00e9rature de couleur corr\u00e9l\u00e9e (CCT) personnalisable et un moteur d&#039;\u00e9clairage inclinable. Le moteur d&#039;\u00e9clairage inclinable peut \u00eatre tourn\u00e9 sur place, de 20\u02da vers l&#039;int\u00e9rieur et de 80\u02da vers l&#039;ext\u00e9rieur, ce qui permet d&#039;obtenir des distributions lumineuses personnalis\u00e9es qui r\u00e9pondent aux besoins sp\u00e9cifiques de tout espace de projet.\" \/>\n<meta property=\"og:url\" content=\"https:\/\/eralux.com\/fr\/produit\/titan-elite\/\" \/>\n<meta property=\"og:site_name\" content=\"Eralux\" \/>\n<meta property=\"article:publisher\" content=\"https:\/\/www.facebook.com\/aeralux.corp\" \/>\n<meta property=\"article:modified_time\" content=\"2025-08-05T15:43:29+00:00\" \/>\n<meta property=\"og:image\" content=\"https:\/\/eralux.com\/wp-content\/uploads\/2024\/01\/titan-elite-4-1.png\" \/>\n\t<meta property=\"og:image:width\" content=\"1000\" \/>\n\t<meta property=\"og:image:height\" content=\"1000\" \/>\n\t<meta property=\"og:image:type\" content=\"image\/png\" \/>\n<meta name=\"twitter:card\" content=\"summary_large_image\" \/>\n<meta name=\"twitter:site\" content=\"@eralux_inc\" \/>\n<meta name=\"twitter:label1\" content=\"Prix\" \/>\n\t<meta name=\"twitter:data1\" content=\"&#036;0.00\" \/>\n\t<meta name=\"twitter:label2\" content=\"Disponibilit\u00e9\" \/>\n\t<meta name=\"twitter:data2\" content=\"En stock\" \/>\n<script type=\"application\/ld+json\" class=\"yoast-schema-graph\">{\"@context\":\"https:\\\/\\\/schema.org\",\"@graph\":[{\"@type\":\"WebPage\",\"@id\":\"https:\\\/\\\/eralux.com\\\/fr\\\/produit\\\/titan-elite\\\/\",\"url\":\"https:\\\/\\\/eralux.com\\\/fr\\\/produit\\\/titan-elite\\\/\",\"name\":\"TITAN ELITE - Eralux\",\"isPartOf\":{\"@id\":\"https:\\\/\\\/eralux.com\\\/fr\\\/#website\"},\"primaryImageOfPage\":{\"@id\":\"https:\\\/\\\/eralux.com\\\/fr\\\/produit\\\/titan-elite\\\/#primaryimage\"},\"image\":{\"@id\":\"https:\\\/\\\/eralux.com\\\/fr\\\/produit\\\/titan-elite\\\/#primaryimage\"},\"thumbnailUrl\":\"https:\\\/\\\/eralux.com\\\/wp-content\\\/uploads\\\/2024\\\/01\\\/titan-elite-4-1.png\",\"datePublished\":\"2024-01-02T22:30:34+00:00\",\"dateModified\":\"2025-08-05T15:43:29+00:00\",\"description\":\"La s\u00e9rie TITAN ELITE offre une gamme impressionnante de caract\u00e9ristiques, y compris des options de puissance commutables de 225\\\/165\\\/120 Watts ou 300\\\/225\\\/165 Watts, et une efficacit\u00e9 de 135 LPW. Cette s\u00e9rie comprend un ensemble de lumens commutables, une temp\u00e9rature de couleur corr\u00e9l\u00e9e (CCT) personnalisable et un moteur d'\u00e9clairage inclinable. Le moteur d'\u00e9clairage inclinable peut \u00eatre tourn\u00e9 sur place, de 20\u02da vers l'int\u00e9rieur et de 80\u02da vers l'ext\u00e9rieur, ce qui permet d'obtenir des distributions lumineuses personnalis\u00e9es qui r\u00e9pondent aux besoins sp\u00e9cifiques de tout espace de projet.\",\"breadcrumb\":{\"@id\":\"https:\\\/\\\/eralux.com\\\/fr\\\/produit\\\/titan-elite\\\/#breadcrumb\"},\"inLanguage\":\"fr-FR\",\"potentialAction\":[{\"@type\":\"ReadAction\",\"target\":[\"https:\\\/\\\/eralux.com\\\/fr\\\/produit\\\/titan-elite\\\/\"]}]},{\"@type\":\"ImageObject\",\"inLanguage\":\"fr-FR\",\"@id\":\"https:\\\/\\\/eralux.com\\\/fr\\\/produit\\\/titan-elite\\\/#primaryimage\",\"url\":\"https:\\\/\\\/eralux.com\\\/wp-content\\\/uploads\\\/2024\\\/01\\\/titan-elite-4-1.png\",\"contentUrl\":\"https:\\\/\\\/eralux.com\\\/wp-content\\\/uploads\\\/2024\\\/01\\\/titan-elite-4-1.png\",\"width\":1000,\"height\":1000},{\"@type\":\"BreadcrumbList\",\"@id\":\"https:\\\/\\\/eralux.com\\\/fr\\\/produit\\\/titan-elite\\\/#breadcrumb\",\"itemListElement\":[{\"@type\":\"ListItem\",\"position\":1,\"name\":\"Home\",\"item\":\"https:\\\/\\\/eralux.com\\\/fr\\\/\"},{\"@type\":\"ListItem\",\"position\":2,\"name\":\"Shop\",\"item\":\"https:\\\/\\\/eralux.com\\\/shop\\\/\"},{\"@type\":\"ListItem\",\"position\":3,\"name\":\"TITAN ELITE\"}]},{\"@type\":\"WebSite\",\"@id\":\"https:\\\/\\\/eralux.com\\\/fr\\\/#website\",\"url\":\"https:\\\/\\\/eralux.com\\\/fr\\\/\",\"name\":\"Eralux\",\"description\":\"World leader for Energy Saving LED Solutions\",\"publisher\":{\"@id\":\"https:\\\/\\\/eralux.com\\\/fr\\\/#organization\"},\"alternateName\":\"Led manufacturer Canada\",\"potentialAction\":[{\"@type\":\"SearchAction\",\"target\":{\"@type\":\"EntryPoint\",\"urlTemplate\":\"https:\\\/\\\/eralux.com\\\/fr\\\/?s={search_term_string}\"},\"query-input\":{\"@type\":\"PropertyValueSpecification\",\"valueRequired\":true,\"valueName\":\"search_term_string\"}}],\"inLanguage\":\"fr-FR\"},{\"@type\":\"Organization\",\"@id\":\"https:\\\/\\\/eralux.com\\\/fr\\\/#organization\",\"name\":\"Eralux\",\"url\":\"https:\\\/\\\/eralux.com\\\/fr\\\/\",\"logo\":{\"@type\":\"ImageObject\",\"inLanguage\":\"fr-FR\",\"@id\":\"https:\\\/\\\/eralux.com\\\/fr\\\/#\\\/schema\\\/logo\\\/image\\\/\",\"url\":\"https:\\\/\\\/eralux.com\\\/wp-content\\\/uploads\\\/2024\\\/01\\\/eralux-logo-trademark-R.png\",\"contentUrl\":\"https:\\\/\\\/eralux.com\\\/wp-content\\\/uploads\\\/2024\\\/01\\\/eralux-logo-trademark-R.png\",\"width\":1000,\"height\":446,\"caption\":\"Eralux\"},\"image\":{\"@id\":\"https:\\\/\\\/eralux.com\\\/fr\\\/#\\\/schema\\\/logo\\\/image\\\/\"},\"sameAs\":[\"https:\\\/\\\/www.facebook.com\\\/aeralux.corp\",\"https:\\\/\\\/x.com\\\/eralux_inc\"],\"description\":\"Save on energy with high-performance LED solutions. Choose Eralux for eco-friendly lighting. Explore our range today!\"}]}<\/script>\n<meta property=\"product:price:amount\" content=\"0.00\" \/>\n<meta property=\"product:price:currency\" content=\"CAD\" \/>\n<meta property=\"og:availability\" content=\"instock\" \/>\n<meta property=\"product:availability\" content=\"instock\" \/>\n<meta property=\"product:condition\" content=\"new\" \/>\n<!-- \/ Yoast SEO Premium plugin. -->","yoast_head_json":{"title":"TITAN ELITE - Eralux","description":"La s\u00e9rie TITAN ELITE offre une gamme impressionnante de caract\u00e9ristiques, y compris des options de puissance commutables de 225\/165\/120 Watts ou 300\/225\/165 Watts, et une efficacit\u00e9 de 135 LPW. Cette s\u00e9rie comprend un ensemble de lumens commutables, une temp\u00e9rature de couleur corr\u00e9l\u00e9e (CCT) personnalisable et un moteur d'\u00e9clairage inclinable. Le moteur d'\u00e9clairage inclinable peut \u00eatre tourn\u00e9 sur place, de 20\u02da vers l'int\u00e9rieur et de 80\u02da vers l'ext\u00e9rieur, ce qui permet d'obtenir des distributions lumineuses personnalis\u00e9es qui r\u00e9pondent aux besoins sp\u00e9cifiques de tout espace de projet.","robots":{"index":"index","follow":"follow","max-snippet":"max-snippet:-1","max-image-preview":"max-image-preview:large","max-video-preview":"max-video-preview:-1"},"canonical":"https:\/\/eralux.com\/fr\/produit\/titan-elite\/","og_locale":"fr_FR","og_type":"article","og_title":"TITAN ELITE","og_description":"La s\u00e9rie TITAN ELITE offre une gamme impressionnante de caract\u00e9ristiques, y compris des options de puissance commutables de 225\/165\/120 Watts ou 300\/225\/165 Watts, et une efficacit\u00e9 de 135 LPW. Cette s\u00e9rie comprend un ensemble de lumens commutables, une temp\u00e9rature de couleur corr\u00e9l\u00e9e (CCT) personnalisable et un moteur d'\u00e9clairage inclinable. Le moteur d'\u00e9clairage inclinable peut \u00eatre tourn\u00e9 sur place, de 20\u02da vers l'int\u00e9rieur et de 80\u02da vers l'ext\u00e9rieur, ce qui permet d'obtenir des distributions lumineuses personnalis\u00e9es qui r\u00e9pondent aux besoins sp\u00e9cifiques de tout espace de projet.","og_url":"https:\/\/eralux.com\/fr\/produit\/titan-elite\/","og_site_name":"Eralux","article_publisher":"https:\/\/www.facebook.com\/aeralux.corp","article_modified_time":"2025-08-05T15:43:29+00:00","og_image":[{"width":1000,"height":1000,"url":"https:\/\/eralux.com\/wp-content\/uploads\/2024\/01\/titan-elite-4-1.png","type":"image\/png"}],"twitter_card":"summary_large_image","twitter_site":"@eralux_inc","twitter_misc":{"Prix":"&#36;0.00","Disponibilit\u00e9":"En stock"},"schema":{"@context":"https:\/\/schema.org","@graph":[{"@type":"WebPage","@id":"https:\/\/eralux.com\/fr\/produit\/titan-elite\/","url":"https:\/\/eralux.com\/fr\/produit\/titan-elite\/","name":"TITAN ELITE - Eralux","isPartOf":{"@id":"https:\/\/eralux.com\/fr\/#website"},"primaryImageOfPage":{"@id":"https:\/\/eralux.com\/fr\/produit\/titan-elite\/#primaryimage"},"image":{"@id":"https:\/\/eralux.com\/fr\/produit\/titan-elite\/#primaryimage"},"thumbnailUrl":"https:\/\/eralux.com\/wp-content\/uploads\/2024\/01\/titan-elite-4-1.png","datePublished":"2024-01-02T22:30:34+00:00","dateModified":"2025-08-05T15:43:29+00:00","description":"La s\u00e9rie TITAN ELITE offre une gamme impressionnante de caract\u00e9ristiques, y compris des options de puissance commutables de 225\/165\/120 Watts ou 300\/225\/165 Watts, et une efficacit\u00e9 de 135 LPW. Cette s\u00e9rie comprend un ensemble de lumens commutables, une temp\u00e9rature de couleur corr\u00e9l\u00e9e (CCT) personnalisable et un moteur d'\u00e9clairage inclinable. Le moteur d'\u00e9clairage inclinable peut \u00eatre tourn\u00e9 sur place, de 20\u02da vers l'int\u00e9rieur et de 80\u02da vers l'ext\u00e9rieur, ce qui permet d'obtenir des distributions lumineuses personnalis\u00e9es qui r\u00e9pondent aux besoins sp\u00e9cifiques de tout espace de projet.","breadcrumb":{"@id":"https:\/\/eralux.com\/fr\/produit\/titan-elite\/#breadcrumb"},"inLanguage":"fr-FR","potentialAction":[{"@type":"ReadAction","target":["https:\/\/eralux.com\/fr\/produit\/titan-elite\/"]}]},{"@type":"ImageObject","inLanguage":"fr-FR","@id":"https:\/\/eralux.com\/fr\/produit\/titan-elite\/#primaryimage","url":"https:\/\/eralux.com\/wp-content\/uploads\/2024\/01\/titan-elite-4-1.png","contentUrl":"https:\/\/eralux.com\/wp-content\/uploads\/2024\/01\/titan-elite-4-1.png","width":1000,"height":1000},{"@type":"BreadcrumbList","@id":"https:\/\/eralux.com\/fr\/produit\/titan-elite\/#breadcrumb","itemListElement":[{"@type":"ListItem","position":1,"name":"Home","item":"https:\/\/eralux.com\/fr\/"},{"@type":"ListItem","position":2,"name":"Shop","item":"https:\/\/eralux.com\/shop\/"},{"@type":"ListItem","position":3,"name":"TITAN ELITE"}]},{"@type":"WebSite","@id":"https:\/\/eralux.com\/fr\/#website","url":"https:\/\/eralux.com\/fr\/","name":"Eralux","description":"World leader for Energy Saving LED Solutions","publisher":{"@id":"https:\/\/eralux.com\/fr\/#organization"},"alternateName":"Led manufacturer Canada","potentialAction":[{"@type":"SearchAction","target":{"@type":"EntryPoint","urlTemplate":"https:\/\/eralux.com\/fr\/?s={search_term_string}"},"query-input":{"@type":"PropertyValueSpecification","valueRequired":true,"valueName":"search_term_string"}}],"inLanguage":"fr-FR"},{"@type":"Organization","@id":"https:\/\/eralux.com\/fr\/#organization","name":"Eralux","url":"https:\/\/eralux.com\/fr\/","logo":{"@type":"ImageObject","inLanguage":"fr-FR","@id":"https:\/\/eralux.com\/fr\/#\/schema\/logo\/image\/","url":"https:\/\/eralux.com\/wp-content\/uploads\/2024\/01\/eralux-logo-trademark-R.png","contentUrl":"https:\/\/eralux.com\/wp-content\/uploads\/2024\/01\/eralux-logo-trademark-R.png","width":1000,"height":446,"caption":"Eralux"},"image":{"@id":"https:\/\/eralux.com\/fr\/#\/schema\/logo\/image\/"},"sameAs":["https:\/\/www.facebook.com\/aeralux.corp","https:\/\/x.com\/eralux_inc"],"description":"Save on energy with high-performance LED solutions. Choose Eralux for eco-friendly lighting. Explore our range today!"}]},"product_price_amount":"0.00","product_price_currency":"CAD","og_availability":"instock","product_availability":"instock","product_condition":"new"},"_links":{"self":[{"href":"https:\/\/eralux.com\/fr\/wp-json\/wp\/v2\/product\/3553","targetHints":{"allow":["GET"]}}],"collection":[{"href":"https:\/\/eralux.com\/fr\/wp-json\/wp\/v2\/product"}],"about":[{"href":"https:\/\/eralux.com\/fr\/wp-json\/wp\/v2\/types\/product"}],"replies":[{"embeddable":true,"href":"https:\/\/eralux.com\/fr\/wp-json\/wp\/v2\/comments?post=3553"}],"wp:featuredmedia":[{"embeddable":true,"href":"https:\/\/eralux.com\/fr\/wp-json\/wp\/v2\/media\/8593"}],"wp:attachment":[{"href":"https:\/\/eralux.com\/fr\/wp-json\/wp\/v2\/media?parent=3553"}],"wp:term":[{"taxonomy":"product_brand","embeddable":true,"href":"https:\/\/eralux.com\/fr\/wp-json\/wp\/v2\/product_brand?post=3553"},{"taxonomy":"product_cat","embeddable":true,"href":"https:\/\/eralux.com\/fr\/wp-json\/wp\/v2\/product_cat?post=3553"},{"taxonomy":"product_tag","embeddable":true,"href":"https:\/\/eralux.com\/fr\/wp-json\/wp\/v2\/product_tag?post=3553"}],"curies":[{"name":"wp","href":"https:\/\/api.w.org\/{rel}","templated":true}]}}