{"id":3615,"date":"2024-01-02T23:06:02","date_gmt":"2024-01-02T23:06:02","guid":{"rendered":"https:\/\/eralux.com\/?post_type=product&#038;p=3615"},"modified":"2025-07-24T22:05:07","modified_gmt":"2025-07-24T22:05:07","slug":"disco","status":"publish","type":"product","link":"https:\/\/eralux.com\/fr\/produit\/disco\/","title":{"rendered":"DISCO"},"content":{"rendered":"<p>La s\u00e9rie DISCO est la solution id\u00e9ale pour les r\u00e9sidences dot\u00e9es d&#8217;une source de lumi\u00e8re qui offre des transitions fluides vers diff\u00e9rents espaces. Il est disponible en deux options de puissance et de taille diff\u00e9rentes : 21 W pour 12 pouces et 25 W pour 15 pouces. Ce luminaire offre \u00e9galement diverses options CCT de 2 700 K, 3 000 K, 3 500 K, 4 000 K et 5 000 K qui peuvent \u00eatre r\u00e9gl\u00e9es sur le terrain.<\/p>\n","protected":false},"excerpt":{"rendered":"<p>Downlight mont\u00e9 en surface<\/p>\n","protected":false},"featured_media":7715,"comment_status":"open","ping_status":"closed","template":"","meta":{"inline_featured_image":false},"product_brand":[],"product_cat":[1646],"product_tag":[],"class_list":{"0":"post-3615","1":"product","2":"type-product","3":"status-publish","4":"has-post-thumbnail","6":"spec_sheets-uv-fr-3","7":"spec_sheets-p-fr-3","8":"spec_sheets-5-9w-fr","9":"spec_sheets-7-14w-fr","10":"spec_sheets-9-17w-fr","11":"spec_sheets-12-21w-fr","12":"spec_sheets-15-25w-fr","13":"spec_sheets-forme-et-taille","14":"spec_sheets-cri-fr","15":"spec_sheets-tension-dentree","16":"product_applications-bureau-commercial","17":"product_applications-education-fr","18":"product_applications-magasin-de-mode","19":"product_applications-magasin-de-detail","20":"product_segments-luminaires-encastres","21":"product_cat-ae-dl-ds-fr","23":"first","24":"instock","25":"shipping-taxable","26":"purchasable","27":"product-type-simple"},"yoast_head":"<!-- This site is optimized with the Yoast SEO Premium plugin v24.2 (Yoast SEO v27.5) - https:\/\/yoast.com\/product\/yoast-seo-premium-wordpress\/ -->\n<title>DISCO - Eralux<\/title>\n<meta name=\"description\" content=\"La s\u00e9rie DISCO est la solution id\u00e9ale pour les r\u00e9sidences dot\u00e9es d&#039;une source de lumi\u00e8re qui offre des transitions fluides vers diff\u00e9rents espaces. Il est disponible en deux options de puissance et de taille diff\u00e9rentes : 21 W pour 12 pouces et 25 W pour 15 pouces. Ce luminaire offre \u00e9galement diverses options CCT de 2 700 K, 3 000 K, 3 500 K, 4 000 K et 5 000 K qui peuvent \u00eatre r\u00e9gl\u00e9es sur le terrain.\" \/>\n<meta name=\"robots\" content=\"index, follow, max-snippet:-1, max-image-preview:large, max-video-preview:-1\" \/>\n<link rel=\"canonical\" href=\"https:\/\/eralux.com\/fr\/produit\/disco\/\" \/>\n<meta property=\"og:locale\" content=\"fr_FR\" \/>\n<meta property=\"og:type\" content=\"article\" \/>\n<meta property=\"og:title\" content=\"DISCO\" \/>\n<meta property=\"og:description\" content=\"La s\u00e9rie DISCO est la solution id\u00e9ale pour les r\u00e9sidences dot\u00e9es d&#039;une source de lumi\u00e8re qui offre des transitions fluides vers diff\u00e9rents espaces. Il est disponible en deux options de puissance et de taille diff\u00e9rentes : 21 W pour 12 pouces et 25 W pour 15 pouces. Ce luminaire offre \u00e9galement diverses options CCT de 2 700 K, 3 000 K, 3 500 K, 4 000 K et 5 000 K qui peuvent \u00eatre r\u00e9gl\u00e9es sur le terrain.\" \/>\n<meta property=\"og:url\" content=\"https:\/\/eralux.com\/fr\/produit\/disco\/\" \/>\n<meta property=\"og:site_name\" content=\"Eralux\" \/>\n<meta property=\"article:publisher\" content=\"https:\/\/www.facebook.com\/aeralux.corp\" \/>\n<meta property=\"article:modified_time\" content=\"2025-07-24T22:05:07+00:00\" \/>\n<meta property=\"og:image\" content=\"https:\/\/eralux.com\/wp-content\/uploads\/2024\/01\/Disco-5.png\" \/>\n\t<meta property=\"og:image:width\" content=\"1000\" \/>\n\t<meta property=\"og:image:height\" content=\"1000\" \/>\n\t<meta property=\"og:image:type\" content=\"image\/png\" \/>\n<meta name=\"twitter:card\" content=\"summary_large_image\" \/>\n<meta name=\"twitter:site\" content=\"@eralux_inc\" \/>\n<meta name=\"twitter:label1\" content=\"Prix\" \/>\n\t<meta name=\"twitter:data1\" content=\"&#036;0.00\" \/>\n\t<meta name=\"twitter:label2\" content=\"Disponibilit\u00e9\" \/>\n\t<meta name=\"twitter:data2\" content=\"En stock\" \/>\n<script type=\"application\/ld+json\" class=\"yoast-schema-graph\">{\"@context\":\"https:\\\/\\\/schema.org\",\"@graph\":[{\"@type\":\"WebPage\",\"@id\":\"https:\\\/\\\/eralux.com\\\/fr\\\/produit\\\/disco\\\/\",\"url\":\"https:\\\/\\\/eralux.com\\\/fr\\\/produit\\\/disco\\\/\",\"name\":\"DISCO - Eralux\",\"isPartOf\":{\"@id\":\"https:\\\/\\\/eralux.com\\\/fr\\\/#website\"},\"primaryImageOfPage\":{\"@id\":\"https:\\\/\\\/eralux.com\\\/fr\\\/produit\\\/disco\\\/#primaryimage\"},\"image\":{\"@id\":\"https:\\\/\\\/eralux.com\\\/fr\\\/produit\\\/disco\\\/#primaryimage\"},\"thumbnailUrl\":\"https:\\\/\\\/eralux.com\\\/wp-content\\\/uploads\\\/2024\\\/01\\\/Disco-5.png\",\"datePublished\":\"2024-01-02T23:06:02+00:00\",\"dateModified\":\"2025-07-24T22:05:07+00:00\",\"description\":\"La s\u00e9rie DISCO est la solution id\u00e9ale pour les r\u00e9sidences dot\u00e9es d'une source de lumi\u00e8re qui offre des transitions fluides vers diff\u00e9rents espaces. Il est disponible en deux options de puissance et de taille diff\u00e9rentes : 21 W pour 12 pouces et 25 W pour 15 pouces. Ce luminaire offre \u00e9galement diverses options CCT de 2 700 K, 3 000 K, 3 500 K, 4 000 K et 5 000 K qui peuvent \u00eatre r\u00e9gl\u00e9es sur le terrain.\",\"breadcrumb\":{\"@id\":\"https:\\\/\\\/eralux.com\\\/fr\\\/produit\\\/disco\\\/#breadcrumb\"},\"inLanguage\":\"fr-FR\",\"potentialAction\":[{\"@type\":\"ReadAction\",\"target\":[\"https:\\\/\\\/eralux.com\\\/fr\\\/produit\\\/disco\\\/\"]}]},{\"@type\":\"ImageObject\",\"inLanguage\":\"fr-FR\",\"@id\":\"https:\\\/\\\/eralux.com\\\/fr\\\/produit\\\/disco\\\/#primaryimage\",\"url\":\"https:\\\/\\\/eralux.com\\\/wp-content\\\/uploads\\\/2024\\\/01\\\/Disco-5.png\",\"contentUrl\":\"https:\\\/\\\/eralux.com\\\/wp-content\\\/uploads\\\/2024\\\/01\\\/Disco-5.png\",\"width\":1000,\"height\":1000},{\"@type\":\"BreadcrumbList\",\"@id\":\"https:\\\/\\\/eralux.com\\\/fr\\\/produit\\\/disco\\\/#breadcrumb\",\"itemListElement\":[{\"@type\":\"ListItem\",\"position\":1,\"name\":\"Home\",\"item\":\"https:\\\/\\\/eralux.com\\\/fr\\\/\"},{\"@type\":\"ListItem\",\"position\":2,\"name\":\"Shop\",\"item\":\"https:\\\/\\\/eralux.com\\\/shop\\\/\"},{\"@type\":\"ListItem\",\"position\":3,\"name\":\"DISCO\"}]},{\"@type\":\"WebSite\",\"@id\":\"https:\\\/\\\/eralux.com\\\/fr\\\/#website\",\"url\":\"https:\\\/\\\/eralux.com\\\/fr\\\/\",\"name\":\"Eralux\",\"description\":\"World leader for Energy Saving LED Solutions\",\"publisher\":{\"@id\":\"https:\\\/\\\/eralux.com\\\/fr\\\/#organization\"},\"alternateName\":\"Led manufacturer Canada\",\"potentialAction\":[{\"@type\":\"SearchAction\",\"target\":{\"@type\":\"EntryPoint\",\"urlTemplate\":\"https:\\\/\\\/eralux.com\\\/fr\\\/?s={search_term_string}\"},\"query-input\":{\"@type\":\"PropertyValueSpecification\",\"valueRequired\":true,\"valueName\":\"search_term_string\"}}],\"inLanguage\":\"fr-FR\"},{\"@type\":\"Organization\",\"@id\":\"https:\\\/\\\/eralux.com\\\/fr\\\/#organization\",\"name\":\"Eralux\",\"url\":\"https:\\\/\\\/eralux.com\\\/fr\\\/\",\"logo\":{\"@type\":\"ImageObject\",\"inLanguage\":\"fr-FR\",\"@id\":\"https:\\\/\\\/eralux.com\\\/fr\\\/#\\\/schema\\\/logo\\\/image\\\/\",\"url\":\"https:\\\/\\\/eralux.com\\\/wp-content\\\/uploads\\\/2024\\\/01\\\/eralux-logo-trademark-R.png\",\"contentUrl\":\"https:\\\/\\\/eralux.com\\\/wp-content\\\/uploads\\\/2024\\\/01\\\/eralux-logo-trademark-R.png\",\"width\":1000,\"height\":446,\"caption\":\"Eralux\"},\"image\":{\"@id\":\"https:\\\/\\\/eralux.com\\\/fr\\\/#\\\/schema\\\/logo\\\/image\\\/\"},\"sameAs\":[\"https:\\\/\\\/www.facebook.com\\\/aeralux.corp\",\"https:\\\/\\\/x.com\\\/eralux_inc\"],\"description\":\"Save on energy with high-performance LED solutions. Choose Eralux for eco-friendly lighting. Explore our range today!\"}]}<\/script>\n<meta property=\"product:price:amount\" content=\"0.00\" \/>\n<meta property=\"product:price:currency\" content=\"CAD\" \/>\n<meta property=\"og:availability\" content=\"instock\" \/>\n<meta property=\"product:availability\" content=\"instock\" \/>\n<meta property=\"product:condition\" content=\"new\" \/>\n<!-- \/ Yoast SEO Premium plugin. -->","yoast_head_json":{"title":"DISCO - Eralux","description":"La s\u00e9rie DISCO est la solution id\u00e9ale pour les r\u00e9sidences dot\u00e9es d'une source de lumi\u00e8re qui offre des transitions fluides vers diff\u00e9rents espaces. Il est disponible en deux options de puissance et de taille diff\u00e9rentes : 21 W pour 12 pouces et 25 W pour 15 pouces. Ce luminaire offre \u00e9galement diverses options CCT de 2 700 K, 3 000 K, 3 500 K, 4 000 K et 5 000 K qui peuvent \u00eatre r\u00e9gl\u00e9es sur le terrain.","robots":{"index":"index","follow":"follow","max-snippet":"max-snippet:-1","max-image-preview":"max-image-preview:large","max-video-preview":"max-video-preview:-1"},"canonical":"https:\/\/eralux.com\/fr\/produit\/disco\/","og_locale":"fr_FR","og_type":"article","og_title":"DISCO","og_description":"La s\u00e9rie DISCO est la solution id\u00e9ale pour les r\u00e9sidences dot\u00e9es d'une source de lumi\u00e8re qui offre des transitions fluides vers diff\u00e9rents espaces. Il est disponible en deux options de puissance et de taille diff\u00e9rentes : 21 W pour 12 pouces et 25 W pour 15 pouces. Ce luminaire offre \u00e9galement diverses options CCT de 2 700 K, 3 000 K, 3 500 K, 4 000 K et 5 000 K qui peuvent \u00eatre r\u00e9gl\u00e9es sur le terrain.","og_url":"https:\/\/eralux.com\/fr\/produit\/disco\/","og_site_name":"Eralux","article_publisher":"https:\/\/www.facebook.com\/aeralux.corp","article_modified_time":"2025-07-24T22:05:07+00:00","og_image":[{"width":1000,"height":1000,"url":"https:\/\/eralux.com\/wp-content\/uploads\/2024\/01\/Disco-5.png","type":"image\/png"}],"twitter_card":"summary_large_image","twitter_site":"@eralux_inc","twitter_misc":{"Prix":"&#36;0.00","Disponibilit\u00e9":"En stock"},"schema":{"@context":"https:\/\/schema.org","@graph":[{"@type":"WebPage","@id":"https:\/\/eralux.com\/fr\/produit\/disco\/","url":"https:\/\/eralux.com\/fr\/produit\/disco\/","name":"DISCO - Eralux","isPartOf":{"@id":"https:\/\/eralux.com\/fr\/#website"},"primaryImageOfPage":{"@id":"https:\/\/eralux.com\/fr\/produit\/disco\/#primaryimage"},"image":{"@id":"https:\/\/eralux.com\/fr\/produit\/disco\/#primaryimage"},"thumbnailUrl":"https:\/\/eralux.com\/wp-content\/uploads\/2024\/01\/Disco-5.png","datePublished":"2024-01-02T23:06:02+00:00","dateModified":"2025-07-24T22:05:07+00:00","description":"La s\u00e9rie DISCO est la solution id\u00e9ale pour les r\u00e9sidences dot\u00e9es d'une source de lumi\u00e8re qui offre des transitions fluides vers diff\u00e9rents espaces. Il est disponible en deux options de puissance et de taille diff\u00e9rentes : 21 W pour 12 pouces et 25 W pour 15 pouces. Ce luminaire offre \u00e9galement diverses options CCT de 2 700 K, 3 000 K, 3 500 K, 4 000 K et 5 000 K qui peuvent \u00eatre r\u00e9gl\u00e9es sur le terrain.","breadcrumb":{"@id":"https:\/\/eralux.com\/fr\/produit\/disco\/#breadcrumb"},"inLanguage":"fr-FR","potentialAction":[{"@type":"ReadAction","target":["https:\/\/eralux.com\/fr\/produit\/disco\/"]}]},{"@type":"ImageObject","inLanguage":"fr-FR","@id":"https:\/\/eralux.com\/fr\/produit\/disco\/#primaryimage","url":"https:\/\/eralux.com\/wp-content\/uploads\/2024\/01\/Disco-5.png","contentUrl":"https:\/\/eralux.com\/wp-content\/uploads\/2024\/01\/Disco-5.png","width":1000,"height":1000},{"@type":"BreadcrumbList","@id":"https:\/\/eralux.com\/fr\/produit\/disco\/#breadcrumb","itemListElement":[{"@type":"ListItem","position":1,"name":"Home","item":"https:\/\/eralux.com\/fr\/"},{"@type":"ListItem","position":2,"name":"Shop","item":"https:\/\/eralux.com\/shop\/"},{"@type":"ListItem","position":3,"name":"DISCO"}]},{"@type":"WebSite","@id":"https:\/\/eralux.com\/fr\/#website","url":"https:\/\/eralux.com\/fr\/","name":"Eralux","description":"World leader for Energy Saving LED Solutions","publisher":{"@id":"https:\/\/eralux.com\/fr\/#organization"},"alternateName":"Led manufacturer Canada","potentialAction":[{"@type":"SearchAction","target":{"@type":"EntryPoint","urlTemplate":"https:\/\/eralux.com\/fr\/?s={search_term_string}"},"query-input":{"@type":"PropertyValueSpecification","valueRequired":true,"valueName":"search_term_string"}}],"inLanguage":"fr-FR"},{"@type":"Organization","@id":"https:\/\/eralux.com\/fr\/#organization","name":"Eralux","url":"https:\/\/eralux.com\/fr\/","logo":{"@type":"ImageObject","inLanguage":"fr-FR","@id":"https:\/\/eralux.com\/fr\/#\/schema\/logo\/image\/","url":"https:\/\/eralux.com\/wp-content\/uploads\/2024\/01\/eralux-logo-trademark-R.png","contentUrl":"https:\/\/eralux.com\/wp-content\/uploads\/2024\/01\/eralux-logo-trademark-R.png","width":1000,"height":446,"caption":"Eralux"},"image":{"@id":"https:\/\/eralux.com\/fr\/#\/schema\/logo\/image\/"},"sameAs":["https:\/\/www.facebook.com\/aeralux.corp","https:\/\/x.com\/eralux_inc"],"description":"Save on energy with high-performance LED solutions. Choose Eralux for eco-friendly lighting. Explore our range today!"}]},"product_price_amount":"0.00","product_price_currency":"CAD","og_availability":"instock","product_availability":"instock","product_condition":"new"},"_links":{"self":[{"href":"https:\/\/eralux.com\/fr\/wp-json\/wp\/v2\/product\/3615","targetHints":{"allow":["GET"]}}],"collection":[{"href":"https:\/\/eralux.com\/fr\/wp-json\/wp\/v2\/product"}],"about":[{"href":"https:\/\/eralux.com\/fr\/wp-json\/wp\/v2\/types\/product"}],"replies":[{"embeddable":true,"href":"https:\/\/eralux.com\/fr\/wp-json\/wp\/v2\/comments?post=3615"}],"wp:featuredmedia":[{"embeddable":true,"href":"https:\/\/eralux.com\/fr\/wp-json\/wp\/v2\/media\/7715"}],"wp:attachment":[{"href":"https:\/\/eralux.com\/fr\/wp-json\/wp\/v2\/media?parent=3615"}],"wp:term":[{"taxonomy":"product_brand","embeddable":true,"href":"https:\/\/eralux.com\/fr\/wp-json\/wp\/v2\/product_brand?post=3615"},{"taxonomy":"product_cat","embeddable":true,"href":"https:\/\/eralux.com\/fr\/wp-json\/wp\/v2\/product_cat?post=3615"},{"taxonomy":"product_tag","embeddable":true,"href":"https:\/\/eralux.com\/fr\/wp-json\/wp\/v2\/product_tag?post=3615"}],"curies":[{"name":"wp","href":"https:\/\/api.w.org\/{rel}","templated":true}]}}