{"id":3663,"date":"2024-01-03T13:50:06","date_gmt":"2024-01-03T13:50:06","guid":{"rendered":"https:\/\/eralux.com\/?post_type=product&#038;p=3663"},"modified":"2025-06-05T21:56:40","modified_gmt":"2025-06-05T21:56:40","slug":"terra","status":"publish","type":"product","link":"https:\/\/eralux.com\/fr\/produit\/terra\/","title":{"rendered":"TERRA"},"content":{"rendered":"<p>\u00c9quip\u00e9e d&#8217;une alimentation \u00e9lectrique, la s\u00e9rie de l\u00e8che-murs TERRA est capable de faire plus que les autres \u00e9clairages sur rail. TERRA dispose d&#8217;un pilote programmable, de capacit\u00e9s de contr\u00f4le intelligentes et d&#8217;une compatibilit\u00e9 avec un gradateur. Le TERRA est con\u00e7u pour le syst\u00e8me de rails avec diverses options d&#8217;adaptateur. TERRA peut s&#8217;adapter \u00e0 votre syst\u00e8me de rails pr\u00e9existant ou avec de nouveaux accessoires ERALUX. Comme le TERRA Canopy, le luminaire offrira une vari\u00e9t\u00e9 de distribution de lumi\u00e8re. La t\u00eate LED peut se verrouiller sous diff\u00e9rents angles. Vous pouvez choisir un downlight droit ou une lumi\u00e8re perpendiculaire au mur. La s\u00e9rie Terra est livr\u00e9e avec une gradation tri-mode (Triac, ELV, 0-10 V), sans scintillement et peut diminuer jusqu&#8217;\u00e0 1 %.<\/p>\n","protected":false},"excerpt":{"rendered":"<p>Luminaire pour rail de lavage mural<\/p>\n","protected":false},"featured_media":3688,"comment_status":"open","ping_status":"closed","template":"","meta":{"inline_featured_image":false},"product_brand":[],"product_cat":[1674],"product_tag":[],"class_list":{"0":"post-3663","1":"product","2":"type-product","3":"status-publish","4":"has-post-thumbnail","6":"spec_sheets-j1-fr","7":"spec_sheets-g1-fr","8":"spec_sheets-nf-fr-2","9":"spec_sheets-fl-fr-2","10":"spec_sheets-h1-fr","11":"spec_sheets-wf-fr-3","12":"spec_sheets-l1-fr","13":"spec_sheets-uv-fr-4","14":"spec_sheets-p-fr-3","15":"spec_sheets-wh-fr","16":"spec_sheets-bk-fr","17":"spec_sheets-vf-fr","18":"spec_sheets-sv-fr","19":"spec_sheets-distribution-fr","20":"spec_sheets-adapteur","21":"spec_sheets-cct-fr","22":"spec_sheets-cri-fr","23":"spec_sheets-finition","24":"spec_sheets-puissance","25":"spec_sheets-tension","26":"spec_sheets-27-fr-2","27":"spec_sheets-30-fr","28":"spec_sheets-35-fr","29":"spec_sheets-40-fr","30":"spec_sheets-30-fr-6","31":"product_applications-bureau-commercial","32":"product_applications-education-fr","33":"product_applications-magasin-de-mode","34":"product_applications-sante","35":"product_applications-magasin-de-detail","36":"product_segments-projecteur-del-sur-rail","37":"product_segments-projecteurs-sur-rail","38":"product_cat-ae-tl-tr-fr","40":"first","41":"instock","42":"shipping-taxable","43":"purchasable","44":"product-type-simple"},"yoast_head":"<!-- This site is optimized with the Yoast SEO Premium plugin v24.2 (Yoast SEO v27.5) - https:\/\/yoast.com\/product\/yoast-seo-premium-wordpress\/ -->\n<title>TERRA - Eralux<\/title>\n<meta name=\"description\" content=\"\u00c9quip\u00e9e d&#039;une alimentation \u00e9lectrique, la s\u00e9rie de l\u00e8che-murs TERRA est capable de faire plus que les autres \u00e9clairages sur rail. TERRA Solar dispose d&#039;un pilote programmable, de capacit\u00e9s de contr\u00f4le intelligentes et d&#039;une compatibilit\u00e9 avec un gradateur. Le TERRA Solar est con\u00e7u pour le syst\u00e8me de rails avec diverses options d&#039;adaptateur. TERRA Solar peut s&#039;adapter \u00e0 votre syst\u00e8me de rails pr\u00e9existant ou avec de nouveaux accessoires ERALUX. Comme le TERRA Solar Canopy, le luminaire offrira une vari\u00e9t\u00e9 de distribution de lumi\u00e8re. La t\u00eate LED peut se verrouiller sous diff\u00e9rents angles. Vous pouvez choisir un downlight droit ou une lumi\u00e8re perpendiculaire au mur. La s\u00e9rie Terra est livr\u00e9e avec une gradation tri-mode (Triac, ELV, 0-10 V), sans scintillement et peut diminuer jusqu&#039;\u00e0 1 %.\" \/>\n<meta name=\"robots\" content=\"index, follow, max-snippet:-1, max-image-preview:large, max-video-preview:-1\" \/>\n<link rel=\"canonical\" href=\"https:\/\/eralux.com\/fr\/produit\/terra\/\" \/>\n<meta property=\"og:locale\" content=\"fr_FR\" \/>\n<meta property=\"og:type\" content=\"article\" \/>\n<meta property=\"og:title\" content=\"TERRA\" \/>\n<meta property=\"og:description\" content=\"\u00c9quip\u00e9e d&#039;une alimentation \u00e9lectrique, la s\u00e9rie de l\u00e8che-murs TERRA est capable de faire plus que les autres \u00e9clairages sur rail. TERRA Solar dispose d&#039;un pilote programmable, de capacit\u00e9s de contr\u00f4le intelligentes et d&#039;une compatibilit\u00e9 avec un gradateur. Le TERRA Solar est con\u00e7u pour le syst\u00e8me de rails avec diverses options d&#039;adaptateur. TERRA Solar peut s&#039;adapter \u00e0 votre syst\u00e8me de rails pr\u00e9existant ou avec de nouveaux accessoires ERALUX. Comme le TERRA Solar Canopy, le luminaire offrira une vari\u00e9t\u00e9 de distribution de lumi\u00e8re. La t\u00eate LED peut se verrouiller sous diff\u00e9rents angles. Vous pouvez choisir un downlight droit ou une lumi\u00e8re perpendiculaire au mur. La s\u00e9rie Terra est livr\u00e9e avec une gradation tri-mode (Triac, ELV, 0-10 V), sans scintillement et peut diminuer jusqu&#039;\u00e0 1 %.\" \/>\n<meta property=\"og:url\" content=\"https:\/\/eralux.com\/fr\/produit\/terra\/\" \/>\n<meta property=\"og:site_name\" content=\"Eralux\" \/>\n<meta property=\"article:publisher\" content=\"https:\/\/www.facebook.com\/aeralux.corp\" \/>\n<meta property=\"article:modified_time\" content=\"2025-06-05T21:56:40+00:00\" \/>\n<meta property=\"og:image\" content=\"https:\/\/eralux.com\/wp-content\/uploads\/2024\/01\/eralux-terra-solar-tracklight-flood.png\" \/>\n\t<meta property=\"og:image:width\" content=\"2053\" \/>\n\t<meta property=\"og:image:height\" content=\"2053\" \/>\n\t<meta property=\"og:image:type\" content=\"image\/png\" \/>\n<meta name=\"twitter:card\" content=\"summary_large_image\" \/>\n<meta name=\"twitter:site\" content=\"@eralux_inc\" \/>\n<meta name=\"twitter:label1\" content=\"Prix\" \/>\n\t<meta name=\"twitter:data1\" content=\"&#036;0.00\" \/>\n\t<meta name=\"twitter:label2\" content=\"Disponibilit\u00e9\" \/>\n\t<meta name=\"twitter:data2\" content=\"En stock\" \/>\n<script type=\"application\/ld+json\" class=\"yoast-schema-graph\">{\"@context\":\"https:\\\/\\\/schema.org\",\"@graph\":[{\"@type\":\"WebPage\",\"@id\":\"https:\\\/\\\/eralux.com\\\/fr\\\/produit\\\/terra\\\/\",\"url\":\"https:\\\/\\\/eralux.com\\\/fr\\\/produit\\\/terra\\\/\",\"name\":\"TERRA - Eralux\",\"isPartOf\":{\"@id\":\"https:\\\/\\\/eralux.com\\\/fr\\\/#website\"},\"primaryImageOfPage\":{\"@id\":\"https:\\\/\\\/eralux.com\\\/fr\\\/produit\\\/terra\\\/#primaryimage\"},\"image\":{\"@id\":\"https:\\\/\\\/eralux.com\\\/fr\\\/produit\\\/terra\\\/#primaryimage\"},\"thumbnailUrl\":\"https:\\\/\\\/eralux.com\\\/wp-content\\\/uploads\\\/2024\\\/01\\\/eralux-terra-solar-tracklight-flood.png\",\"datePublished\":\"2024-01-03T13:50:06+00:00\",\"dateModified\":\"2025-06-05T21:56:40+00:00\",\"description\":\"\u00c9quip\u00e9e d'une alimentation \u00e9lectrique, la s\u00e9rie de l\u00e8che-murs TERRA est capable de faire plus que les autres \u00e9clairages sur rail. TERRA Solar dispose d'un pilote programmable, de capacit\u00e9s de contr\u00f4le intelligentes et d'une compatibilit\u00e9 avec un gradateur. Le TERRA Solar est con\u00e7u pour le syst\u00e8me de rails avec diverses options d'adaptateur. TERRA Solar peut s'adapter \u00e0 votre syst\u00e8me de rails pr\u00e9existant ou avec de nouveaux accessoires ERALUX. Comme le TERRA Solar Canopy, le luminaire offrira une vari\u00e9t\u00e9 de distribution de lumi\u00e8re. La t\u00eate LED peut se verrouiller sous diff\u00e9rents angles. Vous pouvez choisir un downlight droit ou une lumi\u00e8re perpendiculaire au mur. La s\u00e9rie Terra est livr\u00e9e avec une gradation tri-mode (Triac, ELV, 0-10 V), sans scintillement et peut diminuer jusqu'\u00e0 1 %.\",\"breadcrumb\":{\"@id\":\"https:\\\/\\\/eralux.com\\\/fr\\\/produit\\\/terra\\\/#breadcrumb\"},\"inLanguage\":\"fr-FR\",\"potentialAction\":[{\"@type\":\"ReadAction\",\"target\":[\"https:\\\/\\\/eralux.com\\\/fr\\\/produit\\\/terra\\\/\"]}]},{\"@type\":\"ImageObject\",\"inLanguage\":\"fr-FR\",\"@id\":\"https:\\\/\\\/eralux.com\\\/fr\\\/produit\\\/terra\\\/#primaryimage\",\"url\":\"https:\\\/\\\/eralux.com\\\/wp-content\\\/uploads\\\/2024\\\/01\\\/eralux-terra-solar-tracklight-flood.png\",\"contentUrl\":\"https:\\\/\\\/eralux.com\\\/wp-content\\\/uploads\\\/2024\\\/01\\\/eralux-terra-solar-tracklight-flood.png\",\"width\":2053,\"height\":2053},{\"@type\":\"BreadcrumbList\",\"@id\":\"https:\\\/\\\/eralux.com\\\/fr\\\/produit\\\/terra\\\/#breadcrumb\",\"itemListElement\":[{\"@type\":\"ListItem\",\"position\":1,\"name\":\"Home\",\"item\":\"https:\\\/\\\/eralux.com\\\/fr\\\/\"},{\"@type\":\"ListItem\",\"position\":2,\"name\":\"Shop\",\"item\":\"https:\\\/\\\/eralux.com\\\/shop\\\/\"},{\"@type\":\"ListItem\",\"position\":3,\"name\":\"TERRA\"}]},{\"@type\":\"WebSite\",\"@id\":\"https:\\\/\\\/eralux.com\\\/fr\\\/#website\",\"url\":\"https:\\\/\\\/eralux.com\\\/fr\\\/\",\"name\":\"Eralux\",\"description\":\"World leader for Energy Saving LED Solutions\",\"publisher\":{\"@id\":\"https:\\\/\\\/eralux.com\\\/fr\\\/#organization\"},\"alternateName\":\"Led manufacturer Canada\",\"potentialAction\":[{\"@type\":\"SearchAction\",\"target\":{\"@type\":\"EntryPoint\",\"urlTemplate\":\"https:\\\/\\\/eralux.com\\\/fr\\\/?s={search_term_string}\"},\"query-input\":{\"@type\":\"PropertyValueSpecification\",\"valueRequired\":true,\"valueName\":\"search_term_string\"}}],\"inLanguage\":\"fr-FR\"},{\"@type\":\"Organization\",\"@id\":\"https:\\\/\\\/eralux.com\\\/fr\\\/#organization\",\"name\":\"Eralux\",\"url\":\"https:\\\/\\\/eralux.com\\\/fr\\\/\",\"logo\":{\"@type\":\"ImageObject\",\"inLanguage\":\"fr-FR\",\"@id\":\"https:\\\/\\\/eralux.com\\\/fr\\\/#\\\/schema\\\/logo\\\/image\\\/\",\"url\":\"https:\\\/\\\/eralux.com\\\/wp-content\\\/uploads\\\/2024\\\/01\\\/eralux-logo-trademark-R.png\",\"contentUrl\":\"https:\\\/\\\/eralux.com\\\/wp-content\\\/uploads\\\/2024\\\/01\\\/eralux-logo-trademark-R.png\",\"width\":1000,\"height\":446,\"caption\":\"Eralux\"},\"image\":{\"@id\":\"https:\\\/\\\/eralux.com\\\/fr\\\/#\\\/schema\\\/logo\\\/image\\\/\"},\"sameAs\":[\"https:\\\/\\\/www.facebook.com\\\/aeralux.corp\",\"https:\\\/\\\/x.com\\\/eralux_inc\"],\"description\":\"Save on energy with high-performance LED solutions. Choose Eralux for eco-friendly lighting. Explore our range today!\"}]}<\/script>\n<meta property=\"product:price:amount\" content=\"0.00\" \/>\n<meta property=\"product:price:currency\" content=\"CAD\" \/>\n<meta property=\"og:availability\" content=\"instock\" \/>\n<meta property=\"product:availability\" content=\"instock\" \/>\n<meta property=\"product:condition\" content=\"new\" \/>\n<!-- \/ Yoast SEO Premium plugin. -->","yoast_head_json":{"title":"TERRA - Eralux","description":"\u00c9quip\u00e9e d'une alimentation \u00e9lectrique, la s\u00e9rie de l\u00e8che-murs TERRA est capable de faire plus que les autres \u00e9clairages sur rail. TERRA Solar dispose d'un pilote programmable, de capacit\u00e9s de contr\u00f4le intelligentes et d'une compatibilit\u00e9 avec un gradateur. Le TERRA Solar est con\u00e7u pour le syst\u00e8me de rails avec diverses options d'adaptateur. TERRA Solar peut s'adapter \u00e0 votre syst\u00e8me de rails pr\u00e9existant ou avec de nouveaux accessoires ERALUX. Comme le TERRA Solar Canopy, le luminaire offrira une vari\u00e9t\u00e9 de distribution de lumi\u00e8re. La t\u00eate LED peut se verrouiller sous diff\u00e9rents angles. Vous pouvez choisir un downlight droit ou une lumi\u00e8re perpendiculaire au mur. La s\u00e9rie Terra est livr\u00e9e avec une gradation tri-mode (Triac, ELV, 0-10 V), sans scintillement et peut diminuer jusqu'\u00e0 1 %.","robots":{"index":"index","follow":"follow","max-snippet":"max-snippet:-1","max-image-preview":"max-image-preview:large","max-video-preview":"max-video-preview:-1"},"canonical":"https:\/\/eralux.com\/fr\/produit\/terra\/","og_locale":"fr_FR","og_type":"article","og_title":"TERRA","og_description":"\u00c9quip\u00e9e d'une alimentation \u00e9lectrique, la s\u00e9rie de l\u00e8che-murs TERRA est capable de faire plus que les autres \u00e9clairages sur rail. TERRA Solar dispose d'un pilote programmable, de capacit\u00e9s de contr\u00f4le intelligentes et d'une compatibilit\u00e9 avec un gradateur. Le TERRA Solar est con\u00e7u pour le syst\u00e8me de rails avec diverses options d'adaptateur. TERRA Solar peut s'adapter \u00e0 votre syst\u00e8me de rails pr\u00e9existant ou avec de nouveaux accessoires ERALUX. Comme le TERRA Solar Canopy, le luminaire offrira une vari\u00e9t\u00e9 de distribution de lumi\u00e8re. La t\u00eate LED peut se verrouiller sous diff\u00e9rents angles. Vous pouvez choisir un downlight droit ou une lumi\u00e8re perpendiculaire au mur. La s\u00e9rie Terra est livr\u00e9e avec une gradation tri-mode (Triac, ELV, 0-10 V), sans scintillement et peut diminuer jusqu'\u00e0 1 %.","og_url":"https:\/\/eralux.com\/fr\/produit\/terra\/","og_site_name":"Eralux","article_publisher":"https:\/\/www.facebook.com\/aeralux.corp","article_modified_time":"2025-06-05T21:56:40+00:00","og_image":[{"width":2053,"height":2053,"url":"https:\/\/eralux.com\/wp-content\/uploads\/2024\/01\/eralux-terra-solar-tracklight-flood.png","type":"image\/png"}],"twitter_card":"summary_large_image","twitter_site":"@eralux_inc","twitter_misc":{"Prix":"&#36;0.00","Disponibilit\u00e9":"En stock"},"schema":{"@context":"https:\/\/schema.org","@graph":[{"@type":"WebPage","@id":"https:\/\/eralux.com\/fr\/produit\/terra\/","url":"https:\/\/eralux.com\/fr\/produit\/terra\/","name":"TERRA - Eralux","isPartOf":{"@id":"https:\/\/eralux.com\/fr\/#website"},"primaryImageOfPage":{"@id":"https:\/\/eralux.com\/fr\/produit\/terra\/#primaryimage"},"image":{"@id":"https:\/\/eralux.com\/fr\/produit\/terra\/#primaryimage"},"thumbnailUrl":"https:\/\/eralux.com\/wp-content\/uploads\/2024\/01\/eralux-terra-solar-tracklight-flood.png","datePublished":"2024-01-03T13:50:06+00:00","dateModified":"2025-06-05T21:56:40+00:00","description":"\u00c9quip\u00e9e d'une alimentation \u00e9lectrique, la s\u00e9rie de l\u00e8che-murs TERRA est capable de faire plus que les autres \u00e9clairages sur rail. TERRA Solar dispose d'un pilote programmable, de capacit\u00e9s de contr\u00f4le intelligentes et d'une compatibilit\u00e9 avec un gradateur. Le TERRA Solar est con\u00e7u pour le syst\u00e8me de rails avec diverses options d'adaptateur. TERRA Solar peut s'adapter \u00e0 votre syst\u00e8me de rails pr\u00e9existant ou avec de nouveaux accessoires ERALUX. Comme le TERRA Solar Canopy, le luminaire offrira une vari\u00e9t\u00e9 de distribution de lumi\u00e8re. La t\u00eate LED peut se verrouiller sous diff\u00e9rents angles. Vous pouvez choisir un downlight droit ou une lumi\u00e8re perpendiculaire au mur. La s\u00e9rie Terra est livr\u00e9e avec une gradation tri-mode (Triac, ELV, 0-10 V), sans scintillement et peut diminuer jusqu'\u00e0 1 %.","breadcrumb":{"@id":"https:\/\/eralux.com\/fr\/produit\/terra\/#breadcrumb"},"inLanguage":"fr-FR","potentialAction":[{"@type":"ReadAction","target":["https:\/\/eralux.com\/fr\/produit\/terra\/"]}]},{"@type":"ImageObject","inLanguage":"fr-FR","@id":"https:\/\/eralux.com\/fr\/produit\/terra\/#primaryimage","url":"https:\/\/eralux.com\/wp-content\/uploads\/2024\/01\/eralux-terra-solar-tracklight-flood.png","contentUrl":"https:\/\/eralux.com\/wp-content\/uploads\/2024\/01\/eralux-terra-solar-tracklight-flood.png","width":2053,"height":2053},{"@type":"BreadcrumbList","@id":"https:\/\/eralux.com\/fr\/produit\/terra\/#breadcrumb","itemListElement":[{"@type":"ListItem","position":1,"name":"Home","item":"https:\/\/eralux.com\/fr\/"},{"@type":"ListItem","position":2,"name":"Shop","item":"https:\/\/eralux.com\/shop\/"},{"@type":"ListItem","position":3,"name":"TERRA"}]},{"@type":"WebSite","@id":"https:\/\/eralux.com\/fr\/#website","url":"https:\/\/eralux.com\/fr\/","name":"Eralux","description":"World leader for Energy Saving LED Solutions","publisher":{"@id":"https:\/\/eralux.com\/fr\/#organization"},"alternateName":"Led manufacturer Canada","potentialAction":[{"@type":"SearchAction","target":{"@type":"EntryPoint","urlTemplate":"https:\/\/eralux.com\/fr\/?s={search_term_string}"},"query-input":{"@type":"PropertyValueSpecification","valueRequired":true,"valueName":"search_term_string"}}],"inLanguage":"fr-FR"},{"@type":"Organization","@id":"https:\/\/eralux.com\/fr\/#organization","name":"Eralux","url":"https:\/\/eralux.com\/fr\/","logo":{"@type":"ImageObject","inLanguage":"fr-FR","@id":"https:\/\/eralux.com\/fr\/#\/schema\/logo\/image\/","url":"https:\/\/eralux.com\/wp-content\/uploads\/2024\/01\/eralux-logo-trademark-R.png","contentUrl":"https:\/\/eralux.com\/wp-content\/uploads\/2024\/01\/eralux-logo-trademark-R.png","width":1000,"height":446,"caption":"Eralux"},"image":{"@id":"https:\/\/eralux.com\/fr\/#\/schema\/logo\/image\/"},"sameAs":["https:\/\/www.facebook.com\/aeralux.corp","https:\/\/x.com\/eralux_inc"],"description":"Save on energy with high-performance LED solutions. Choose Eralux for eco-friendly lighting. Explore our range today!"}]},"product_price_amount":"0.00","product_price_currency":"CAD","og_availability":"instock","product_availability":"instock","product_condition":"new"},"_links":{"self":[{"href":"https:\/\/eralux.com\/fr\/wp-json\/wp\/v2\/product\/3663","targetHints":{"allow":["GET"]}}],"collection":[{"href":"https:\/\/eralux.com\/fr\/wp-json\/wp\/v2\/product"}],"about":[{"href":"https:\/\/eralux.com\/fr\/wp-json\/wp\/v2\/types\/product"}],"replies":[{"embeddable":true,"href":"https:\/\/eralux.com\/fr\/wp-json\/wp\/v2\/comments?post=3663"}],"wp:featuredmedia":[{"embeddable":true,"href":"https:\/\/eralux.com\/fr\/wp-json\/wp\/v2\/media\/3688"}],"wp:attachment":[{"href":"https:\/\/eralux.com\/fr\/wp-json\/wp\/v2\/media?parent=3663"}],"wp:term":[{"taxonomy":"product_brand","embeddable":true,"href":"https:\/\/eralux.com\/fr\/wp-json\/wp\/v2\/product_brand?post=3663"},{"taxonomy":"product_cat","embeddable":true,"href":"https:\/\/eralux.com\/fr\/wp-json\/wp\/v2\/product_cat?post=3663"},{"taxonomy":"product_tag","embeddable":true,"href":"https:\/\/eralux.com\/fr\/wp-json\/wp\/v2\/product_tag?post=3663"}],"curies":[{"name":"wp","href":"https:\/\/api.w.org\/{rel}","templated":true}]}}