{"id":4027,"date":"2024-01-03T19:42:41","date_gmt":"2024-01-03T19:42:41","guid":{"rendered":"https:\/\/eralux.com\/?post_type=product&#038;p=4027"},"modified":"2026-03-12T15:24:27","modified_gmt":"2026-03-12T15:24:27","slug":"alps-hydro","status":"publish","type":"product","link":"https:\/\/eralux.com\/fr\/produit\/alps-hydro\/","title":{"rendered":"ALPS HYDRO"},"content":{"rendered":"<p>La s\u00e9rie ALPS est un panneau r\u00e9tro\u00e9clair\u00e9 con\u00e7u avec un placement optimal des LED pour assurer un \u00e9clairage uniforme du diffuseur. Il dispose d&#8217;un CCT commutable et d&#8217;un bo\u00eetier d&#8217;alimentation permettant une flexibilit\u00e9 infinie sur le site d&#8217;installation. Class\u00e9 IP65 \u00e0 partir de la ligne de plafond, il convient aux emplacements humides et peut \u00eatre pulv\u00e9ris\u00e9 par le bas.<\/p>\n","protected":false},"excerpt":{"rendered":"<p>Luminaires Encastr\u00e9s Commerciaux Eralux<\/p>\n","protected":false},"featured_media":6701,"comment_status":"open","ping_status":"closed","template":"","meta":{"inline_featured_image":false},"product_brand":[],"product_cat":[857],"product_tag":[],"class_list":{"0":"post-4027","1":"product","2":"type-product","3":"status-publish","4":"has-post-thumbnail","6":"spec_sheets-14-fr","7":"spec_sheets-22-fr","8":"spec_sheets-m-fr","9":"spec_sheets-p-fr-2","10":"spec_sheets-cct-fr","11":"spec_sheets-controles","12":"spec_sheets-tension-dentree","13":"spec_sheets-puissance","14":"spec_sheets-a3c3-fr","15":"spec_sheets-taille","16":"spec_sheets-40w-fr","17":"product_applications-bureau-commercial","18":"product_applications-education-fr","19":"product_applications-hotellerie","20":"product_applications-magasin-de-detail","21":"product_segments-bureau-commercial","22":"product_cat-pl-fr","24":"first","25":"instock","26":"shipping-taxable","27":"purchasable","28":"product-type-simple"},"yoast_head":"<!-- This site is optimized with the Yoast SEO Premium plugin v24.2 (Yoast SEO v27.5) - https:\/\/yoast.com\/product\/yoast-seo-premium-wordpress\/ -->\n<title>ALPS HYDRO - Eralux<\/title>\n<meta name=\"description\" content=\"La s\u00e9rie ALPS est un panneau r\u00e9tro\u00e9clair\u00e9 con\u00e7u avec un placement optimal des LED pour assurer un \u00e9clairage uniforme du diffuseur. Il dispose d&#039;un CCT commutable et d&#039;un bo\u00eetier d&#039;alimentation permettant une flexibilit\u00e9 infinie sur le site d&#039;installation. Class\u00e9 IP65 \u00e0 partir de la ligne de plafond, il convient aux emplacements humides et peut \u00eatre pulv\u00e9ris\u00e9 par le bas.\" \/>\n<meta name=\"robots\" content=\"index, follow, max-snippet:-1, max-image-preview:large, max-video-preview:-1\" \/>\n<link rel=\"canonical\" href=\"https:\/\/eralux.com\/fr\/produit\/alps-hydro\/\" \/>\n<meta property=\"og:locale\" content=\"fr_FR\" \/>\n<meta property=\"og:type\" content=\"article\" \/>\n<meta property=\"og:title\" content=\"ALPS HYDRO\" \/>\n<meta property=\"og:description\" content=\"La s\u00e9rie ALPS est un panneau r\u00e9tro\u00e9clair\u00e9 con\u00e7u avec un placement optimal des LED pour assurer un \u00e9clairage uniforme du diffuseur. Il dispose d&#039;un CCT commutable et d&#039;un bo\u00eetier d&#039;alimentation permettant une flexibilit\u00e9 infinie sur le site d&#039;installation. Class\u00e9 IP65 \u00e0 partir de la ligne de plafond, il convient aux emplacements humides et peut \u00eatre pulv\u00e9ris\u00e9 par le bas.\" \/>\n<meta property=\"og:url\" content=\"https:\/\/eralux.com\/fr\/produit\/alps-hydro\/\" \/>\n<meta property=\"og:site_name\" content=\"Eralux\" \/>\n<meta property=\"article:publisher\" content=\"https:\/\/www.facebook.com\/aeralux.corp\" \/>\n<meta property=\"article:modified_time\" content=\"2026-03-12T15:24:27+00:00\" \/>\n<meta property=\"og:image\" content=\"https:\/\/eralux.com\/wp-content\/uploads\/2024\/01\/Alps-Hydro-6.png\" \/>\n\t<meta property=\"og:image:width\" content=\"1000\" \/>\n\t<meta property=\"og:image:height\" content=\"1000\" \/>\n\t<meta property=\"og:image:type\" content=\"image\/png\" \/>\n<meta name=\"twitter:card\" content=\"summary_large_image\" \/>\n<meta name=\"twitter:site\" content=\"@eralux_inc\" \/>\n<meta name=\"twitter:label1\" content=\"Prix\" \/>\n\t<meta name=\"twitter:data1\" content=\"&#036;0.00\" \/>\n\t<meta name=\"twitter:label2\" content=\"Disponibilit\u00e9\" \/>\n\t<meta name=\"twitter:data2\" content=\"En stock\" \/>\n<script type=\"application\/ld+json\" class=\"yoast-schema-graph\">{\"@context\":\"https:\\\/\\\/schema.org\",\"@graph\":[{\"@type\":\"WebPage\",\"@id\":\"https:\\\/\\\/eralux.com\\\/fr\\\/produit\\\/alps-hydro\\\/\",\"url\":\"https:\\\/\\\/eralux.com\\\/fr\\\/produit\\\/alps-hydro\\\/\",\"name\":\"ALPS HYDRO - Eralux\",\"isPartOf\":{\"@id\":\"https:\\\/\\\/eralux.com\\\/fr\\\/#website\"},\"primaryImageOfPage\":{\"@id\":\"https:\\\/\\\/eralux.com\\\/fr\\\/produit\\\/alps-hydro\\\/#primaryimage\"},\"image\":{\"@id\":\"https:\\\/\\\/eralux.com\\\/fr\\\/produit\\\/alps-hydro\\\/#primaryimage\"},\"thumbnailUrl\":\"https:\\\/\\\/eralux.com\\\/wp-content\\\/uploads\\\/2024\\\/01\\\/Alps-Hydro-6.png\",\"datePublished\":\"2024-01-03T19:42:41+00:00\",\"dateModified\":\"2026-03-12T15:24:27+00:00\",\"description\":\"La s\u00e9rie ALPS est un panneau r\u00e9tro\u00e9clair\u00e9 con\u00e7u avec un placement optimal des LED pour assurer un \u00e9clairage uniforme du diffuseur. Il dispose d'un CCT commutable et d'un bo\u00eetier d'alimentation permettant une flexibilit\u00e9 infinie sur le site d'installation. Class\u00e9 IP65 \u00e0 partir de la ligne de plafond, il convient aux emplacements humides et peut \u00eatre pulv\u00e9ris\u00e9 par le bas.\",\"breadcrumb\":{\"@id\":\"https:\\\/\\\/eralux.com\\\/fr\\\/produit\\\/alps-hydro\\\/#breadcrumb\"},\"inLanguage\":\"fr-FR\",\"potentialAction\":[{\"@type\":\"ReadAction\",\"target\":[\"https:\\\/\\\/eralux.com\\\/fr\\\/produit\\\/alps-hydro\\\/\"]}]},{\"@type\":\"ImageObject\",\"inLanguage\":\"fr-FR\",\"@id\":\"https:\\\/\\\/eralux.com\\\/fr\\\/produit\\\/alps-hydro\\\/#primaryimage\",\"url\":\"https:\\\/\\\/eralux.com\\\/wp-content\\\/uploads\\\/2024\\\/01\\\/Alps-Hydro-6.png\",\"contentUrl\":\"https:\\\/\\\/eralux.com\\\/wp-content\\\/uploads\\\/2024\\\/01\\\/Alps-Hydro-6.png\",\"width\":1000,\"height\":1000},{\"@type\":\"BreadcrumbList\",\"@id\":\"https:\\\/\\\/eralux.com\\\/fr\\\/produit\\\/alps-hydro\\\/#breadcrumb\",\"itemListElement\":[{\"@type\":\"ListItem\",\"position\":1,\"name\":\"Home\",\"item\":\"https:\\\/\\\/eralux.com\\\/fr\\\/\"},{\"@type\":\"ListItem\",\"position\":2,\"name\":\"Shop\",\"item\":\"https:\\\/\\\/eralux.com\\\/shop\\\/\"},{\"@type\":\"ListItem\",\"position\":3,\"name\":\"ALPS HYDRO\"}]},{\"@type\":\"WebSite\",\"@id\":\"https:\\\/\\\/eralux.com\\\/fr\\\/#website\",\"url\":\"https:\\\/\\\/eralux.com\\\/fr\\\/\",\"name\":\"Eralux\",\"description\":\"World leader for Energy Saving LED Solutions\",\"publisher\":{\"@id\":\"https:\\\/\\\/eralux.com\\\/fr\\\/#organization\"},\"alternateName\":\"Led manufacturer Canada\",\"potentialAction\":[{\"@type\":\"SearchAction\",\"target\":{\"@type\":\"EntryPoint\",\"urlTemplate\":\"https:\\\/\\\/eralux.com\\\/fr\\\/?s={search_term_string}\"},\"query-input\":{\"@type\":\"PropertyValueSpecification\",\"valueRequired\":true,\"valueName\":\"search_term_string\"}}],\"inLanguage\":\"fr-FR\"},{\"@type\":\"Organization\",\"@id\":\"https:\\\/\\\/eralux.com\\\/fr\\\/#organization\",\"name\":\"Eralux\",\"url\":\"https:\\\/\\\/eralux.com\\\/fr\\\/\",\"logo\":{\"@type\":\"ImageObject\",\"inLanguage\":\"fr-FR\",\"@id\":\"https:\\\/\\\/eralux.com\\\/fr\\\/#\\\/schema\\\/logo\\\/image\\\/\",\"url\":\"https:\\\/\\\/eralux.com\\\/wp-content\\\/uploads\\\/2024\\\/01\\\/eralux-logo-trademark-R.png\",\"contentUrl\":\"https:\\\/\\\/eralux.com\\\/wp-content\\\/uploads\\\/2024\\\/01\\\/eralux-logo-trademark-R.png\",\"width\":1000,\"height\":446,\"caption\":\"Eralux\"},\"image\":{\"@id\":\"https:\\\/\\\/eralux.com\\\/fr\\\/#\\\/schema\\\/logo\\\/image\\\/\"},\"sameAs\":[\"https:\\\/\\\/www.facebook.com\\\/aeralux.corp\",\"https:\\\/\\\/x.com\\\/eralux_inc\"],\"description\":\"Save on energy with high-performance LED solutions. Choose Eralux for eco-friendly lighting. Explore our range today!\"}]}<\/script>\n<meta property=\"product:price:amount\" content=\"0.00\" \/>\n<meta property=\"product:price:currency\" content=\"CAD\" \/>\n<meta property=\"og:availability\" content=\"instock\" \/>\n<meta property=\"product:availability\" content=\"instock\" \/>\n<meta property=\"product:condition\" content=\"new\" \/>\n<!-- \/ Yoast SEO Premium plugin. -->","yoast_head_json":{"title":"ALPS HYDRO - Eralux","description":"La s\u00e9rie ALPS est un panneau r\u00e9tro\u00e9clair\u00e9 con\u00e7u avec un placement optimal des LED pour assurer un \u00e9clairage uniforme du diffuseur. Il dispose d'un CCT commutable et d'un bo\u00eetier d'alimentation permettant une flexibilit\u00e9 infinie sur le site d'installation. Class\u00e9 IP65 \u00e0 partir de la ligne de plafond, il convient aux emplacements humides et peut \u00eatre pulv\u00e9ris\u00e9 par le bas.","robots":{"index":"index","follow":"follow","max-snippet":"max-snippet:-1","max-image-preview":"max-image-preview:large","max-video-preview":"max-video-preview:-1"},"canonical":"https:\/\/eralux.com\/fr\/produit\/alps-hydro\/","og_locale":"fr_FR","og_type":"article","og_title":"ALPS HYDRO","og_description":"La s\u00e9rie ALPS est un panneau r\u00e9tro\u00e9clair\u00e9 con\u00e7u avec un placement optimal des LED pour assurer un \u00e9clairage uniforme du diffuseur. Il dispose d'un CCT commutable et d'un bo\u00eetier d'alimentation permettant une flexibilit\u00e9 infinie sur le site d'installation. Class\u00e9 IP65 \u00e0 partir de la ligne de plafond, il convient aux emplacements humides et peut \u00eatre pulv\u00e9ris\u00e9 par le bas.","og_url":"https:\/\/eralux.com\/fr\/produit\/alps-hydro\/","og_site_name":"Eralux","article_publisher":"https:\/\/www.facebook.com\/aeralux.corp","article_modified_time":"2026-03-12T15:24:27+00:00","og_image":[{"width":1000,"height":1000,"url":"https:\/\/eralux.com\/wp-content\/uploads\/2024\/01\/Alps-Hydro-6.png","type":"image\/png"}],"twitter_card":"summary_large_image","twitter_site":"@eralux_inc","twitter_misc":{"Prix":"&#36;0.00","Disponibilit\u00e9":"En stock"},"schema":{"@context":"https:\/\/schema.org","@graph":[{"@type":"WebPage","@id":"https:\/\/eralux.com\/fr\/produit\/alps-hydro\/","url":"https:\/\/eralux.com\/fr\/produit\/alps-hydro\/","name":"ALPS HYDRO - Eralux","isPartOf":{"@id":"https:\/\/eralux.com\/fr\/#website"},"primaryImageOfPage":{"@id":"https:\/\/eralux.com\/fr\/produit\/alps-hydro\/#primaryimage"},"image":{"@id":"https:\/\/eralux.com\/fr\/produit\/alps-hydro\/#primaryimage"},"thumbnailUrl":"https:\/\/eralux.com\/wp-content\/uploads\/2024\/01\/Alps-Hydro-6.png","datePublished":"2024-01-03T19:42:41+00:00","dateModified":"2026-03-12T15:24:27+00:00","description":"La s\u00e9rie ALPS est un panneau r\u00e9tro\u00e9clair\u00e9 con\u00e7u avec un placement optimal des LED pour assurer un \u00e9clairage uniforme du diffuseur. Il dispose d'un CCT commutable et d'un bo\u00eetier d'alimentation permettant une flexibilit\u00e9 infinie sur le site d'installation. Class\u00e9 IP65 \u00e0 partir de la ligne de plafond, il convient aux emplacements humides et peut \u00eatre pulv\u00e9ris\u00e9 par le bas.","breadcrumb":{"@id":"https:\/\/eralux.com\/fr\/produit\/alps-hydro\/#breadcrumb"},"inLanguage":"fr-FR","potentialAction":[{"@type":"ReadAction","target":["https:\/\/eralux.com\/fr\/produit\/alps-hydro\/"]}]},{"@type":"ImageObject","inLanguage":"fr-FR","@id":"https:\/\/eralux.com\/fr\/produit\/alps-hydro\/#primaryimage","url":"https:\/\/eralux.com\/wp-content\/uploads\/2024\/01\/Alps-Hydro-6.png","contentUrl":"https:\/\/eralux.com\/wp-content\/uploads\/2024\/01\/Alps-Hydro-6.png","width":1000,"height":1000},{"@type":"BreadcrumbList","@id":"https:\/\/eralux.com\/fr\/produit\/alps-hydro\/#breadcrumb","itemListElement":[{"@type":"ListItem","position":1,"name":"Home","item":"https:\/\/eralux.com\/fr\/"},{"@type":"ListItem","position":2,"name":"Shop","item":"https:\/\/eralux.com\/shop\/"},{"@type":"ListItem","position":3,"name":"ALPS HYDRO"}]},{"@type":"WebSite","@id":"https:\/\/eralux.com\/fr\/#website","url":"https:\/\/eralux.com\/fr\/","name":"Eralux","description":"World leader for Energy Saving LED Solutions","publisher":{"@id":"https:\/\/eralux.com\/fr\/#organization"},"alternateName":"Led manufacturer Canada","potentialAction":[{"@type":"SearchAction","target":{"@type":"EntryPoint","urlTemplate":"https:\/\/eralux.com\/fr\/?s={search_term_string}"},"query-input":{"@type":"PropertyValueSpecification","valueRequired":true,"valueName":"search_term_string"}}],"inLanguage":"fr-FR"},{"@type":"Organization","@id":"https:\/\/eralux.com\/fr\/#organization","name":"Eralux","url":"https:\/\/eralux.com\/fr\/","logo":{"@type":"ImageObject","inLanguage":"fr-FR","@id":"https:\/\/eralux.com\/fr\/#\/schema\/logo\/image\/","url":"https:\/\/eralux.com\/wp-content\/uploads\/2024\/01\/eralux-logo-trademark-R.png","contentUrl":"https:\/\/eralux.com\/wp-content\/uploads\/2024\/01\/eralux-logo-trademark-R.png","width":1000,"height":446,"caption":"Eralux"},"image":{"@id":"https:\/\/eralux.com\/fr\/#\/schema\/logo\/image\/"},"sameAs":["https:\/\/www.facebook.com\/aeralux.corp","https:\/\/x.com\/eralux_inc"],"description":"Save on energy with high-performance LED solutions. Choose Eralux for eco-friendly lighting. Explore our range today!"}]},"product_price_amount":"0.00","product_price_currency":"CAD","og_availability":"instock","product_availability":"instock","product_condition":"new"},"_links":{"self":[{"href":"https:\/\/eralux.com\/fr\/wp-json\/wp\/v2\/product\/4027","targetHints":{"allow":["GET"]}}],"collection":[{"href":"https:\/\/eralux.com\/fr\/wp-json\/wp\/v2\/product"}],"about":[{"href":"https:\/\/eralux.com\/fr\/wp-json\/wp\/v2\/types\/product"}],"replies":[{"embeddable":true,"href":"https:\/\/eralux.com\/fr\/wp-json\/wp\/v2\/comments?post=4027"}],"wp:featuredmedia":[{"embeddable":true,"href":"https:\/\/eralux.com\/fr\/wp-json\/wp\/v2\/media\/6701"}],"wp:attachment":[{"href":"https:\/\/eralux.com\/fr\/wp-json\/wp\/v2\/media?parent=4027"}],"wp:term":[{"taxonomy":"product_brand","embeddable":true,"href":"https:\/\/eralux.com\/fr\/wp-json\/wp\/v2\/product_brand?post=4027"},{"taxonomy":"product_cat","embeddable":true,"href":"https:\/\/eralux.com\/fr\/wp-json\/wp\/v2\/product_cat?post=4027"},{"taxonomy":"product_tag","embeddable":true,"href":"https:\/\/eralux.com\/fr\/wp-json\/wp\/v2\/product_tag?post=4027"}],"curies":[{"name":"wp","href":"https:\/\/api.w.org\/{rel}","templated":true}]}}