{"id":4117,"date":"2024-01-03T20:29:09","date_gmt":"2024-01-03T20:29:09","guid":{"rendered":"https:\/\/eralux.com\/?post_type=product&#038;p=4117"},"modified":"2025-01-16T17:37:00","modified_gmt":"2025-01-16T17:37:00","slug":"donatello","status":"publish","type":"product","link":"https:\/\/eralux.com\/fr\/produit\/donatello\/","title":{"rendered":"DONATELLO"},"content":{"rendered":"<p>La borne DONATELLO est une solution \u00e9l\u00e9gante pour l&#8217;\u00e9clairage de vos espaces ext\u00e9rieurs. Ses mat\u00e9riaux robustes et solides lui permettent de r\u00e9sister aux \u00e9l\u00e9ments les plus rudes sans la moindre \u00e9gratignure. Le Donatello est dot\u00e9 d&#8217;un syst\u00e8me optique innovant qui permet d&#8217;\u00e9clairer votre espace tout en prot\u00e9geant le faisceau de l&#8217;\u0153il.<\/p>\n","protected":false},"excerpt":{"rendered":"<p>Bollards LED light<\/p>\n","protected":false},"featured_media":6943,"comment_status":"open","ping_status":"closed","template":"","meta":{"inline_featured_image":false},"product_brand":[],"product_cat":[1483],"product_tag":[],"class_list":{"0":"post-4117","1":"product","2":"type-product","3":"status-publish","4":"has-post-thumbnail","6":"spec_sheets-c10-32-6-fr","7":"spec_sheets-b-m-fr","8":"spec_sheets-z-m-fr-2","9":"spec_sheets-c20-42-8-fr","10":"spec_sheets-gc-fr","11":"spec_sheets-w-m-fr","12":"spec_sheets-s-m-fr-2","13":"spec_sheets-c35-42-8-fr","14":"spec_sheets-80-fr-2","15":"spec_sheets-puissance-et-taille","16":"spec_sheets-boitier-et-finition","17":"spec_sheets-3-fr-2","18":"spec_sheets-4-fr-4","19":"spec_sheets-5-fr-2","20":"spec_sheets-option-fr","21":"spec_sheets-cct-fr","22":"spec_sheets-cri-fr","23":"product_applications-parking","24":"product_segments-bornes","25":"product_segments-exterieur","26":"product_cat-ae-od-dn-fr","28":"first","29":"instock","30":"shipping-taxable","31":"purchasable","32":"product-type-simple"},"yoast_head":"<!-- This site is optimized with the Yoast SEO Premium plugin v24.2 (Yoast SEO v27.4) - https:\/\/yoast.com\/product\/yoast-seo-premium-wordpress\/ -->\n<title>DONATELLO - Eralux<\/title>\n<meta name=\"description\" content=\"La borne DONATELLO est une solution \u00e9l\u00e9gante pour l&#039;\u00e9clairage de vos espaces ext\u00e9rieurs. Ses mat\u00e9riaux robustes et solides lui permettent de r\u00e9sister aux \u00e9l\u00e9ments les plus rudes sans la moindre \u00e9gratignure. Le Donatello est dot\u00e9 d&#039;un syst\u00e8me optique innovant qui permet d&#039;\u00e9clairer votre espace tout en prot\u00e9geant le faisceau de l&#039;\u0153il.\" \/>\n<meta name=\"robots\" content=\"index, follow, max-snippet:-1, max-image-preview:large, max-video-preview:-1\" \/>\n<link rel=\"canonical\" href=\"https:\/\/eralux.com\/fr\/produit\/donatello\/\" \/>\n<meta property=\"og:locale\" content=\"fr_FR\" \/>\n<meta property=\"og:type\" content=\"article\" \/>\n<meta property=\"og:title\" content=\"DONATELLO\" \/>\n<meta property=\"og:description\" content=\"La borne DONATELLO est une solution \u00e9l\u00e9gante pour l&#039;\u00e9clairage de vos espaces ext\u00e9rieurs. Ses mat\u00e9riaux robustes et solides lui permettent de r\u00e9sister aux \u00e9l\u00e9ments les plus rudes sans la moindre \u00e9gratignure. Le Donatello est dot\u00e9 d&#039;un syst\u00e8me optique innovant qui permet d&#039;\u00e9clairer votre espace tout en prot\u00e9geant le faisceau de l&#039;\u0153il.\" \/>\n<meta property=\"og:url\" content=\"https:\/\/eralux.com\/fr\/produit\/donatello\/\" \/>\n<meta property=\"og:site_name\" content=\"Eralux\" \/>\n<meta property=\"article:publisher\" content=\"https:\/\/www.facebook.com\/aeralux.corp\" \/>\n<meta property=\"article:modified_time\" content=\"2025-01-16T17:37:00+00:00\" \/>\n<meta property=\"og:image\" content=\"https:\/\/eralux.com\/wp-content\/uploads\/2024\/01\/Donatello-5025_pic_2-1.png\" \/>\n\t<meta property=\"og:image:width\" content=\"1000\" \/>\n\t<meta property=\"og:image:height\" content=\"1000\" \/>\n\t<meta property=\"og:image:type\" content=\"image\/png\" \/>\n<meta name=\"twitter:card\" content=\"summary_large_image\" \/>\n<meta name=\"twitter:site\" content=\"@eralux_inc\" \/>\n<meta name=\"twitter:label1\" content=\"Prix\" \/>\n\t<meta name=\"twitter:data1\" content=\"&#036;0.00\" \/>\n\t<meta name=\"twitter:label2\" content=\"Disponibilit\u00e9\" \/>\n\t<meta name=\"twitter:data2\" content=\"En stock\" \/>\n<script type=\"application\/ld+json\" class=\"yoast-schema-graph\">{\"@context\":\"https:\\\/\\\/schema.org\",\"@graph\":[{\"@type\":\"WebPage\",\"@id\":\"https:\\\/\\\/eralux.com\\\/fr\\\/produit\\\/donatello\\\/\",\"url\":\"https:\\\/\\\/eralux.com\\\/fr\\\/produit\\\/donatello\\\/\",\"name\":\"DONATELLO - Eralux\",\"isPartOf\":{\"@id\":\"https:\\\/\\\/eralux.com\\\/fr\\\/#website\"},\"primaryImageOfPage\":{\"@id\":\"https:\\\/\\\/eralux.com\\\/fr\\\/produit\\\/donatello\\\/#primaryimage\"},\"image\":{\"@id\":\"https:\\\/\\\/eralux.com\\\/fr\\\/produit\\\/donatello\\\/#primaryimage\"},\"thumbnailUrl\":\"https:\\\/\\\/eralux.com\\\/wp-content\\\/uploads\\\/2024\\\/01\\\/Donatello-5025_pic_2-1.png\",\"datePublished\":\"2024-01-03T20:29:09+00:00\",\"dateModified\":\"2025-01-16T17:37:00+00:00\",\"description\":\"La borne DONATELLO est une solution \u00e9l\u00e9gante pour l'\u00e9clairage de vos espaces ext\u00e9rieurs. Ses mat\u00e9riaux robustes et solides lui permettent de r\u00e9sister aux \u00e9l\u00e9ments les plus rudes sans la moindre \u00e9gratignure. Le Donatello est dot\u00e9 d'un syst\u00e8me optique innovant qui permet d'\u00e9clairer votre espace tout en prot\u00e9geant le faisceau de l'\u0153il.\",\"breadcrumb\":{\"@id\":\"https:\\\/\\\/eralux.com\\\/fr\\\/produit\\\/donatello\\\/#breadcrumb\"},\"inLanguage\":\"fr-FR\",\"potentialAction\":[{\"@type\":\"ReadAction\",\"target\":[\"https:\\\/\\\/eralux.com\\\/fr\\\/produit\\\/donatello\\\/\"]}]},{\"@type\":\"ImageObject\",\"inLanguage\":\"fr-FR\",\"@id\":\"https:\\\/\\\/eralux.com\\\/fr\\\/produit\\\/donatello\\\/#primaryimage\",\"url\":\"https:\\\/\\\/eralux.com\\\/wp-content\\\/uploads\\\/2024\\\/01\\\/Donatello-5025_pic_2-1.png\",\"contentUrl\":\"https:\\\/\\\/eralux.com\\\/wp-content\\\/uploads\\\/2024\\\/01\\\/Donatello-5025_pic_2-1.png\",\"width\":1000,\"height\":1000},{\"@type\":\"BreadcrumbList\",\"@id\":\"https:\\\/\\\/eralux.com\\\/fr\\\/produit\\\/donatello\\\/#breadcrumb\",\"itemListElement\":[{\"@type\":\"ListItem\",\"position\":1,\"name\":\"Home\",\"item\":\"https:\\\/\\\/eralux.com\\\/fr\\\/\"},{\"@type\":\"ListItem\",\"position\":2,\"name\":\"Shop\",\"item\":\"https:\\\/\\\/eralux.com\\\/shop\\\/\"},{\"@type\":\"ListItem\",\"position\":3,\"name\":\"DONATELLO\"}]},{\"@type\":\"WebSite\",\"@id\":\"https:\\\/\\\/eralux.com\\\/fr\\\/#website\",\"url\":\"https:\\\/\\\/eralux.com\\\/fr\\\/\",\"name\":\"Eralux\",\"description\":\"World leader for Energy Saving LED Solutions\",\"publisher\":{\"@id\":\"https:\\\/\\\/eralux.com\\\/fr\\\/#organization\"},\"alternateName\":\"Led manufacturer Canada\",\"potentialAction\":[{\"@type\":\"SearchAction\",\"target\":{\"@type\":\"EntryPoint\",\"urlTemplate\":\"https:\\\/\\\/eralux.com\\\/fr\\\/?s={search_term_string}\"},\"query-input\":{\"@type\":\"PropertyValueSpecification\",\"valueRequired\":true,\"valueName\":\"search_term_string\"}}],\"inLanguage\":\"fr-FR\"},{\"@type\":\"Organization\",\"@id\":\"https:\\\/\\\/eralux.com\\\/fr\\\/#organization\",\"name\":\"Eralux\",\"url\":\"https:\\\/\\\/eralux.com\\\/fr\\\/\",\"logo\":{\"@type\":\"ImageObject\",\"inLanguage\":\"fr-FR\",\"@id\":\"https:\\\/\\\/eralux.com\\\/fr\\\/#\\\/schema\\\/logo\\\/image\\\/\",\"url\":\"https:\\\/\\\/eralux.com\\\/wp-content\\\/uploads\\\/2024\\\/01\\\/eralux-logo-trademark-R.png\",\"contentUrl\":\"https:\\\/\\\/eralux.com\\\/wp-content\\\/uploads\\\/2024\\\/01\\\/eralux-logo-trademark-R.png\",\"width\":1000,\"height\":446,\"caption\":\"Eralux\"},\"image\":{\"@id\":\"https:\\\/\\\/eralux.com\\\/fr\\\/#\\\/schema\\\/logo\\\/image\\\/\"},\"sameAs\":[\"https:\\\/\\\/www.facebook.com\\\/aeralux.corp\",\"https:\\\/\\\/x.com\\\/eralux_inc\"],\"description\":\"Save on energy with high-performance LED solutions. Choose Eralux for eco-friendly lighting. Explore our range today!\"}]}<\/script>\n<meta property=\"product:price:amount\" content=\"0.00\" \/>\n<meta property=\"product:price:currency\" content=\"CAD\" \/>\n<meta property=\"og:availability\" content=\"instock\" \/>\n<meta property=\"product:availability\" content=\"instock\" \/>\n<meta property=\"product:condition\" content=\"new\" \/>\n<!-- \/ Yoast SEO Premium plugin. -->","yoast_head_json":{"title":"DONATELLO - Eralux","description":"La borne DONATELLO est une solution \u00e9l\u00e9gante pour l'\u00e9clairage de vos espaces ext\u00e9rieurs. Ses mat\u00e9riaux robustes et solides lui permettent de r\u00e9sister aux \u00e9l\u00e9ments les plus rudes sans la moindre \u00e9gratignure. Le Donatello est dot\u00e9 d'un syst\u00e8me optique innovant qui permet d'\u00e9clairer votre espace tout en prot\u00e9geant le faisceau de l'\u0153il.","robots":{"index":"index","follow":"follow","max-snippet":"max-snippet:-1","max-image-preview":"max-image-preview:large","max-video-preview":"max-video-preview:-1"},"canonical":"https:\/\/eralux.com\/fr\/produit\/donatello\/","og_locale":"fr_FR","og_type":"article","og_title":"DONATELLO","og_description":"La borne DONATELLO est une solution \u00e9l\u00e9gante pour l'\u00e9clairage de vos espaces ext\u00e9rieurs. Ses mat\u00e9riaux robustes et solides lui permettent de r\u00e9sister aux \u00e9l\u00e9ments les plus rudes sans la moindre \u00e9gratignure. Le Donatello est dot\u00e9 d'un syst\u00e8me optique innovant qui permet d'\u00e9clairer votre espace tout en prot\u00e9geant le faisceau de l'\u0153il.","og_url":"https:\/\/eralux.com\/fr\/produit\/donatello\/","og_site_name":"Eralux","article_publisher":"https:\/\/www.facebook.com\/aeralux.corp","article_modified_time":"2025-01-16T17:37:00+00:00","og_image":[{"width":1000,"height":1000,"url":"https:\/\/eralux.com\/wp-content\/uploads\/2024\/01\/Donatello-5025_pic_2-1.png","type":"image\/png"}],"twitter_card":"summary_large_image","twitter_site":"@eralux_inc","twitter_misc":{"Prix":"&#36;0.00","Disponibilit\u00e9":"En stock"},"schema":{"@context":"https:\/\/schema.org","@graph":[{"@type":"WebPage","@id":"https:\/\/eralux.com\/fr\/produit\/donatello\/","url":"https:\/\/eralux.com\/fr\/produit\/donatello\/","name":"DONATELLO - Eralux","isPartOf":{"@id":"https:\/\/eralux.com\/fr\/#website"},"primaryImageOfPage":{"@id":"https:\/\/eralux.com\/fr\/produit\/donatello\/#primaryimage"},"image":{"@id":"https:\/\/eralux.com\/fr\/produit\/donatello\/#primaryimage"},"thumbnailUrl":"https:\/\/eralux.com\/wp-content\/uploads\/2024\/01\/Donatello-5025_pic_2-1.png","datePublished":"2024-01-03T20:29:09+00:00","dateModified":"2025-01-16T17:37:00+00:00","description":"La borne DONATELLO est une solution \u00e9l\u00e9gante pour l'\u00e9clairage de vos espaces ext\u00e9rieurs. Ses mat\u00e9riaux robustes et solides lui permettent de r\u00e9sister aux \u00e9l\u00e9ments les plus rudes sans la moindre \u00e9gratignure. Le Donatello est dot\u00e9 d'un syst\u00e8me optique innovant qui permet d'\u00e9clairer votre espace tout en prot\u00e9geant le faisceau de l'\u0153il.","breadcrumb":{"@id":"https:\/\/eralux.com\/fr\/produit\/donatello\/#breadcrumb"},"inLanguage":"fr-FR","potentialAction":[{"@type":"ReadAction","target":["https:\/\/eralux.com\/fr\/produit\/donatello\/"]}]},{"@type":"ImageObject","inLanguage":"fr-FR","@id":"https:\/\/eralux.com\/fr\/produit\/donatello\/#primaryimage","url":"https:\/\/eralux.com\/wp-content\/uploads\/2024\/01\/Donatello-5025_pic_2-1.png","contentUrl":"https:\/\/eralux.com\/wp-content\/uploads\/2024\/01\/Donatello-5025_pic_2-1.png","width":1000,"height":1000},{"@type":"BreadcrumbList","@id":"https:\/\/eralux.com\/fr\/produit\/donatello\/#breadcrumb","itemListElement":[{"@type":"ListItem","position":1,"name":"Home","item":"https:\/\/eralux.com\/fr\/"},{"@type":"ListItem","position":2,"name":"Shop","item":"https:\/\/eralux.com\/shop\/"},{"@type":"ListItem","position":3,"name":"DONATELLO"}]},{"@type":"WebSite","@id":"https:\/\/eralux.com\/fr\/#website","url":"https:\/\/eralux.com\/fr\/","name":"Eralux","description":"World leader for Energy Saving LED Solutions","publisher":{"@id":"https:\/\/eralux.com\/fr\/#organization"},"alternateName":"Led manufacturer Canada","potentialAction":[{"@type":"SearchAction","target":{"@type":"EntryPoint","urlTemplate":"https:\/\/eralux.com\/fr\/?s={search_term_string}"},"query-input":{"@type":"PropertyValueSpecification","valueRequired":true,"valueName":"search_term_string"}}],"inLanguage":"fr-FR"},{"@type":"Organization","@id":"https:\/\/eralux.com\/fr\/#organization","name":"Eralux","url":"https:\/\/eralux.com\/fr\/","logo":{"@type":"ImageObject","inLanguage":"fr-FR","@id":"https:\/\/eralux.com\/fr\/#\/schema\/logo\/image\/","url":"https:\/\/eralux.com\/wp-content\/uploads\/2024\/01\/eralux-logo-trademark-R.png","contentUrl":"https:\/\/eralux.com\/wp-content\/uploads\/2024\/01\/eralux-logo-trademark-R.png","width":1000,"height":446,"caption":"Eralux"},"image":{"@id":"https:\/\/eralux.com\/fr\/#\/schema\/logo\/image\/"},"sameAs":["https:\/\/www.facebook.com\/aeralux.corp","https:\/\/x.com\/eralux_inc"],"description":"Save on energy with high-performance LED solutions. Choose Eralux for eco-friendly lighting. Explore our range today!"}]},"product_price_amount":"0.00","product_price_currency":"CAD","og_availability":"instock","product_availability":"instock","product_condition":"new"},"_links":{"self":[{"href":"https:\/\/eralux.com\/fr\/wp-json\/wp\/v2\/product\/4117","targetHints":{"allow":["GET"]}}],"collection":[{"href":"https:\/\/eralux.com\/fr\/wp-json\/wp\/v2\/product"}],"about":[{"href":"https:\/\/eralux.com\/fr\/wp-json\/wp\/v2\/types\/product"}],"replies":[{"embeddable":true,"href":"https:\/\/eralux.com\/fr\/wp-json\/wp\/v2\/comments?post=4117"}],"wp:featuredmedia":[{"embeddable":true,"href":"https:\/\/eralux.com\/fr\/wp-json\/wp\/v2\/media\/6943"}],"wp:attachment":[{"href":"https:\/\/eralux.com\/fr\/wp-json\/wp\/v2\/media?parent=4117"}],"wp:term":[{"taxonomy":"product_brand","embeddable":true,"href":"https:\/\/eralux.com\/fr\/wp-json\/wp\/v2\/product_brand?post=4117"},{"taxonomy":"product_cat","embeddable":true,"href":"https:\/\/eralux.com\/fr\/wp-json\/wp\/v2\/product_cat?post=4117"},{"taxonomy":"product_tag","embeddable":true,"href":"https:\/\/eralux.com\/fr\/wp-json\/wp\/v2\/product_tag?post=4117"}],"curies":[{"name":"wp","href":"https:\/\/api.w.org\/{rel}","templated":true}]}}