{"id":4123,"date":"2024-01-03T20:35:54","date_gmt":"2024-01-03T20:35:54","guid":{"rendered":"https:\/\/eralux.com\/?post_type=product&#038;p=4123"},"modified":"2025-06-16T21:15:25","modified_gmt":"2025-06-16T21:15:25","slug":"eleganza","status":"publish","type":"product","link":"https:\/\/eralux.com\/fr\/produit\/eleganza\/","title":{"rendered":"ELEGANZA"},"content":{"rendered":"<p>La s\u00e9rie ELEGANZA est une solution belle et \u00e9l\u00e9gante pour les plafonds ouverts, et elle a un design distinctif avec un corps en aluminium usin\u00e9, une attention aux d\u00e9tails, y compris le processus d&#8217;installation. L&#8217;ELEGANZA est \u00e9galement dot\u00e9 d&#8217;un LPW impressionnant qui lui conf\u00e8re performance et \u00e9l\u00e9gance dans l&#8217;environnement d&#8217;installation. Enfin, ce produit est enti\u00e8rement en aluminium moul\u00e9 sous pression, ce qui lui conf\u00e8re une finesse, une robustesse et une qualit\u00e9 in\u00e9gal\u00e9es. Il est disponible dans diff\u00e9rentes options de montage, telles que le montage mural, le montage en surface, le montage suspendu et le montage sur tige de cordon.<\/p>\n","protected":false},"excerpt":{"rendered":"<p>\u00c9clairage cylindrique<\/p>\n","protected":false},"featured_media":4179,"comment_status":"open","ping_status":"closed","template":"","meta":{"inline_featured_image":false},"product_brand":[],"product_cat":[876],"product_tag":[],"class_list":{"0":"post-4123","1":"product","2":"type-product","3":"status-publish","4":"has-post-thumbnail","6":"spec_sheets-12-fr","7":"spec_sheets-sf-00-fr","8":"spec_sheets-wm-00-fr","9":"spec_sheets-pc-03-fr","10":"spec_sheets-pc-06-fr","11":"spec_sheets-pc-09-fr","12":"spec_sheets-pc-12-fr","13":"spec_sheets-sm-01-fr","14":"spec_sheets-sm-02-fr","15":"spec_sheets-sm-03-fr","16":"spec_sheets-sm-04-fr","17":"spec_sheets-p-t-fr","18":"spec_sheets-15-fr","19":"spec_sheets-30-fr-3","20":"spec_sheets-40-fr-5","21":"spec_sheets-55-fr","22":"spec_sheets-wh-fr-2","23":"spec_sheets-bk-fr-2","24":"spec_sheets-sv-fr-2","25":"spec_sheets-hauteur","26":"spec_sheets-faisceau","27":"spec_sheets-cct-fr","28":"spec_sheets-cri-fr","29":"spec_sheets-finition","30":"spec_sheets-c27-fr","31":"spec_sheets-c30-fr","32":"spec_sheets-methode-de-montage","33":"spec_sheets-c35-fr","34":"spec_sheets-puissance","35":"spec_sheets-c40-fr","36":"spec_sheets-20-fr-2","37":"spec_sheets-28-fr","38":"product_applications-bureau-commercial","39":"product_applications-education-fr","40":"product_applications-magasin-de-mode","41":"product_applications-hotellerie","42":"product_applications-magasin-de-detail","43":"product_segments-cylindre","44":"product_cat-ae-tl-ez-40r-fr","46":"first","47":"instock","48":"shipping-taxable","49":"purchasable","50":"product-type-simple"},"yoast_head":"<!-- This site is optimized with the Yoast SEO Premium plugin v24.2 (Yoast SEO v27.4) - https:\/\/yoast.com\/product\/yoast-seo-premium-wordpress\/ -->\n<title>ELEGANZA - Eralux<\/title>\n<meta name=\"description\" content=\"La s\u00e9rie ELEGANZA est une solution belle et \u00e9l\u00e9gante pour les plafonds ouverts, et elle a un design distinctif avec un corps en aluminium usin\u00e9, une attention aux d\u00e9tails, y compris le processus d&#039;installation. L&#039;ELEGANZA est \u00e9galement dot\u00e9 d&#039;un LPW impressionnant qui lui conf\u00e8re performance et \u00e9l\u00e9gance dans l&#039;environnement d&#039;installation. Enfin, ce produit est enti\u00e8rement en aluminium moul\u00e9 sous pression, ce qui lui conf\u00e8re une finesse, une robustesse et une qualit\u00e9 in\u00e9gal\u00e9es. Il est disponible dans diff\u00e9rentes options de montage, telles que le montage mural, le montage en surface, le montage suspendu et le montage sur tige de cordon.\" \/>\n<meta name=\"robots\" content=\"index, follow, max-snippet:-1, max-image-preview:large, max-video-preview:-1\" \/>\n<link rel=\"canonical\" href=\"https:\/\/eralux.com\/fr\/produit\/eleganza\/\" \/>\n<meta property=\"og:locale\" content=\"fr_FR\" \/>\n<meta property=\"og:type\" content=\"article\" \/>\n<meta property=\"og:title\" content=\"ELEGANZA\" \/>\n<meta property=\"og:description\" content=\"La s\u00e9rie ELEGANZA est une solution belle et \u00e9l\u00e9gante pour les plafonds ouverts, et elle a un design distinctif avec un corps en aluminium usin\u00e9, une attention aux d\u00e9tails, y compris le processus d&#039;installation. L&#039;ELEGANZA est \u00e9galement dot\u00e9 d&#039;un LPW impressionnant qui lui conf\u00e8re performance et \u00e9l\u00e9gance dans l&#039;environnement d&#039;installation. Enfin, ce produit est enti\u00e8rement en aluminium moul\u00e9 sous pression, ce qui lui conf\u00e8re une finesse, une robustesse et une qualit\u00e9 in\u00e9gal\u00e9es. Il est disponible dans diff\u00e9rentes options de montage, telles que le montage mural, le montage en surface, le montage suspendu et le montage sur tige de cordon.\" \/>\n<meta property=\"og:url\" content=\"https:\/\/eralux.com\/fr\/produit\/eleganza\/\" \/>\n<meta property=\"og:site_name\" content=\"Eralux\" \/>\n<meta property=\"article:publisher\" content=\"https:\/\/www.facebook.com\/aeralux.corp\" \/>\n<meta property=\"article:modified_time\" content=\"2025-06-16T21:15:25+00:00\" \/>\n<meta property=\"og:image\" content=\"https:\/\/eralux.com\/wp-content\/uploads\/2024\/01\/Eleganza-surface-mount.png\" \/>\n\t<meta property=\"og:image:width\" content=\"3200\" \/>\n\t<meta property=\"og:image:height\" content=\"3200\" \/>\n\t<meta property=\"og:image:type\" content=\"image\/png\" \/>\n<meta name=\"twitter:card\" content=\"summary_large_image\" \/>\n<meta name=\"twitter:site\" content=\"@eralux_inc\" \/>\n<meta name=\"twitter:label1\" content=\"Prix\" \/>\n\t<meta name=\"twitter:data1\" content=\"&#036;0.00\" \/>\n\t<meta name=\"twitter:label2\" content=\"Disponibilit\u00e9\" \/>\n\t<meta name=\"twitter:data2\" content=\"En stock\" \/>\n<script type=\"application\/ld+json\" class=\"yoast-schema-graph\">{\"@context\":\"https:\\\/\\\/schema.org\",\"@graph\":[{\"@type\":\"WebPage\",\"@id\":\"https:\\\/\\\/eralux.com\\\/fr\\\/produit\\\/eleganza\\\/\",\"url\":\"https:\\\/\\\/eralux.com\\\/fr\\\/produit\\\/eleganza\\\/\",\"name\":\"ELEGANZA - Eralux\",\"isPartOf\":{\"@id\":\"https:\\\/\\\/eralux.com\\\/fr\\\/#website\"},\"primaryImageOfPage\":{\"@id\":\"https:\\\/\\\/eralux.com\\\/fr\\\/produit\\\/eleganza\\\/#primaryimage\"},\"image\":{\"@id\":\"https:\\\/\\\/eralux.com\\\/fr\\\/produit\\\/eleganza\\\/#primaryimage\"},\"thumbnailUrl\":\"https:\\\/\\\/eralux.com\\\/wp-content\\\/uploads\\\/2024\\\/01\\\/Eleganza-surface-mount.png\",\"datePublished\":\"2024-01-03T20:35:54+00:00\",\"dateModified\":\"2025-06-16T21:15:25+00:00\",\"description\":\"La s\u00e9rie ELEGANZA est une solution belle et \u00e9l\u00e9gante pour les plafonds ouverts, et elle a un design distinctif avec un corps en aluminium usin\u00e9, une attention aux d\u00e9tails, y compris le processus d'installation. L'ELEGANZA est \u00e9galement dot\u00e9 d'un LPW impressionnant qui lui conf\u00e8re performance et \u00e9l\u00e9gance dans l'environnement d'installation. Enfin, ce produit est enti\u00e8rement en aluminium moul\u00e9 sous pression, ce qui lui conf\u00e8re une finesse, une robustesse et une qualit\u00e9 in\u00e9gal\u00e9es. Il est disponible dans diff\u00e9rentes options de montage, telles que le montage mural, le montage en surface, le montage suspendu et le montage sur tige de cordon.\",\"breadcrumb\":{\"@id\":\"https:\\\/\\\/eralux.com\\\/fr\\\/produit\\\/eleganza\\\/#breadcrumb\"},\"inLanguage\":\"fr-FR\",\"potentialAction\":[{\"@type\":\"ReadAction\",\"target\":[\"https:\\\/\\\/eralux.com\\\/fr\\\/produit\\\/eleganza\\\/\"]}]},{\"@type\":\"ImageObject\",\"inLanguage\":\"fr-FR\",\"@id\":\"https:\\\/\\\/eralux.com\\\/fr\\\/produit\\\/eleganza\\\/#primaryimage\",\"url\":\"https:\\\/\\\/eralux.com\\\/wp-content\\\/uploads\\\/2024\\\/01\\\/Eleganza-surface-mount.png\",\"contentUrl\":\"https:\\\/\\\/eralux.com\\\/wp-content\\\/uploads\\\/2024\\\/01\\\/Eleganza-surface-mount.png\",\"width\":3200,\"height\":3200},{\"@type\":\"BreadcrumbList\",\"@id\":\"https:\\\/\\\/eralux.com\\\/fr\\\/produit\\\/eleganza\\\/#breadcrumb\",\"itemListElement\":[{\"@type\":\"ListItem\",\"position\":1,\"name\":\"Home\",\"item\":\"https:\\\/\\\/eralux.com\\\/fr\\\/\"},{\"@type\":\"ListItem\",\"position\":2,\"name\":\"Shop\",\"item\":\"https:\\\/\\\/eralux.com\\\/shop\\\/\"},{\"@type\":\"ListItem\",\"position\":3,\"name\":\"ELEGANZA\"}]},{\"@type\":\"WebSite\",\"@id\":\"https:\\\/\\\/eralux.com\\\/fr\\\/#website\",\"url\":\"https:\\\/\\\/eralux.com\\\/fr\\\/\",\"name\":\"Eralux\",\"description\":\"World leader for Energy Saving LED Solutions\",\"publisher\":{\"@id\":\"https:\\\/\\\/eralux.com\\\/fr\\\/#organization\"},\"alternateName\":\"Led manufacturer Canada\",\"potentialAction\":[{\"@type\":\"SearchAction\",\"target\":{\"@type\":\"EntryPoint\",\"urlTemplate\":\"https:\\\/\\\/eralux.com\\\/fr\\\/?s={search_term_string}\"},\"query-input\":{\"@type\":\"PropertyValueSpecification\",\"valueRequired\":true,\"valueName\":\"search_term_string\"}}],\"inLanguage\":\"fr-FR\"},{\"@type\":\"Organization\",\"@id\":\"https:\\\/\\\/eralux.com\\\/fr\\\/#organization\",\"name\":\"Eralux\",\"url\":\"https:\\\/\\\/eralux.com\\\/fr\\\/\",\"logo\":{\"@type\":\"ImageObject\",\"inLanguage\":\"fr-FR\",\"@id\":\"https:\\\/\\\/eralux.com\\\/fr\\\/#\\\/schema\\\/logo\\\/image\\\/\",\"url\":\"https:\\\/\\\/eralux.com\\\/wp-content\\\/uploads\\\/2024\\\/01\\\/eralux-logo-trademark-R.png\",\"contentUrl\":\"https:\\\/\\\/eralux.com\\\/wp-content\\\/uploads\\\/2024\\\/01\\\/eralux-logo-trademark-R.png\",\"width\":1000,\"height\":446,\"caption\":\"Eralux\"},\"image\":{\"@id\":\"https:\\\/\\\/eralux.com\\\/fr\\\/#\\\/schema\\\/logo\\\/image\\\/\"},\"sameAs\":[\"https:\\\/\\\/www.facebook.com\\\/aeralux.corp\",\"https:\\\/\\\/x.com\\\/eralux_inc\"],\"description\":\"Save on energy with high-performance LED solutions. Choose Eralux for eco-friendly lighting. Explore our range today!\"}]}<\/script>\n<meta property=\"product:price:amount\" content=\"0.00\" \/>\n<meta property=\"product:price:currency\" content=\"CAD\" \/>\n<meta property=\"og:availability\" content=\"instock\" \/>\n<meta property=\"product:availability\" content=\"instock\" \/>\n<meta property=\"product:condition\" content=\"new\" \/>\n<!-- \/ Yoast SEO Premium plugin. -->","yoast_head_json":{"title":"ELEGANZA - Eralux","description":"La s\u00e9rie ELEGANZA est une solution belle et \u00e9l\u00e9gante pour les plafonds ouverts, et elle a un design distinctif avec un corps en aluminium usin\u00e9, une attention aux d\u00e9tails, y compris le processus d'installation. L'ELEGANZA est \u00e9galement dot\u00e9 d'un LPW impressionnant qui lui conf\u00e8re performance et \u00e9l\u00e9gance dans l'environnement d'installation. Enfin, ce produit est enti\u00e8rement en aluminium moul\u00e9 sous pression, ce qui lui conf\u00e8re une finesse, une robustesse et une qualit\u00e9 in\u00e9gal\u00e9es. Il est disponible dans diff\u00e9rentes options de montage, telles que le montage mural, le montage en surface, le montage suspendu et le montage sur tige de cordon.","robots":{"index":"index","follow":"follow","max-snippet":"max-snippet:-1","max-image-preview":"max-image-preview:large","max-video-preview":"max-video-preview:-1"},"canonical":"https:\/\/eralux.com\/fr\/produit\/eleganza\/","og_locale":"fr_FR","og_type":"article","og_title":"ELEGANZA","og_description":"La s\u00e9rie ELEGANZA est une solution belle et \u00e9l\u00e9gante pour les plafonds ouverts, et elle a un design distinctif avec un corps en aluminium usin\u00e9, une attention aux d\u00e9tails, y compris le processus d'installation. L'ELEGANZA est \u00e9galement dot\u00e9 d'un LPW impressionnant qui lui conf\u00e8re performance et \u00e9l\u00e9gance dans l'environnement d'installation. Enfin, ce produit est enti\u00e8rement en aluminium moul\u00e9 sous pression, ce qui lui conf\u00e8re une finesse, une robustesse et une qualit\u00e9 in\u00e9gal\u00e9es. Il est disponible dans diff\u00e9rentes options de montage, telles que le montage mural, le montage en surface, le montage suspendu et le montage sur tige de cordon.","og_url":"https:\/\/eralux.com\/fr\/produit\/eleganza\/","og_site_name":"Eralux","article_publisher":"https:\/\/www.facebook.com\/aeralux.corp","article_modified_time":"2025-06-16T21:15:25+00:00","og_image":[{"width":3200,"height":3200,"url":"https:\/\/eralux.com\/wp-content\/uploads\/2024\/01\/Eleganza-surface-mount.png","type":"image\/png"}],"twitter_card":"summary_large_image","twitter_site":"@eralux_inc","twitter_misc":{"Prix":"&#36;0.00","Disponibilit\u00e9":"En stock"},"schema":{"@context":"https:\/\/schema.org","@graph":[{"@type":"WebPage","@id":"https:\/\/eralux.com\/fr\/produit\/eleganza\/","url":"https:\/\/eralux.com\/fr\/produit\/eleganza\/","name":"ELEGANZA - Eralux","isPartOf":{"@id":"https:\/\/eralux.com\/fr\/#website"},"primaryImageOfPage":{"@id":"https:\/\/eralux.com\/fr\/produit\/eleganza\/#primaryimage"},"image":{"@id":"https:\/\/eralux.com\/fr\/produit\/eleganza\/#primaryimage"},"thumbnailUrl":"https:\/\/eralux.com\/wp-content\/uploads\/2024\/01\/Eleganza-surface-mount.png","datePublished":"2024-01-03T20:35:54+00:00","dateModified":"2025-06-16T21:15:25+00:00","description":"La s\u00e9rie ELEGANZA est une solution belle et \u00e9l\u00e9gante pour les plafonds ouverts, et elle a un design distinctif avec un corps en aluminium usin\u00e9, une attention aux d\u00e9tails, y compris le processus d'installation. L'ELEGANZA est \u00e9galement dot\u00e9 d'un LPW impressionnant qui lui conf\u00e8re performance et \u00e9l\u00e9gance dans l'environnement d'installation. Enfin, ce produit est enti\u00e8rement en aluminium moul\u00e9 sous pression, ce qui lui conf\u00e8re une finesse, une robustesse et une qualit\u00e9 in\u00e9gal\u00e9es. Il est disponible dans diff\u00e9rentes options de montage, telles que le montage mural, le montage en surface, le montage suspendu et le montage sur tige de cordon.","breadcrumb":{"@id":"https:\/\/eralux.com\/fr\/produit\/eleganza\/#breadcrumb"},"inLanguage":"fr-FR","potentialAction":[{"@type":"ReadAction","target":["https:\/\/eralux.com\/fr\/produit\/eleganza\/"]}]},{"@type":"ImageObject","inLanguage":"fr-FR","@id":"https:\/\/eralux.com\/fr\/produit\/eleganza\/#primaryimage","url":"https:\/\/eralux.com\/wp-content\/uploads\/2024\/01\/Eleganza-surface-mount.png","contentUrl":"https:\/\/eralux.com\/wp-content\/uploads\/2024\/01\/Eleganza-surface-mount.png","width":3200,"height":3200},{"@type":"BreadcrumbList","@id":"https:\/\/eralux.com\/fr\/produit\/eleganza\/#breadcrumb","itemListElement":[{"@type":"ListItem","position":1,"name":"Home","item":"https:\/\/eralux.com\/fr\/"},{"@type":"ListItem","position":2,"name":"Shop","item":"https:\/\/eralux.com\/shop\/"},{"@type":"ListItem","position":3,"name":"ELEGANZA"}]},{"@type":"WebSite","@id":"https:\/\/eralux.com\/fr\/#website","url":"https:\/\/eralux.com\/fr\/","name":"Eralux","description":"World leader for Energy Saving LED Solutions","publisher":{"@id":"https:\/\/eralux.com\/fr\/#organization"},"alternateName":"Led manufacturer Canada","potentialAction":[{"@type":"SearchAction","target":{"@type":"EntryPoint","urlTemplate":"https:\/\/eralux.com\/fr\/?s={search_term_string}"},"query-input":{"@type":"PropertyValueSpecification","valueRequired":true,"valueName":"search_term_string"}}],"inLanguage":"fr-FR"},{"@type":"Organization","@id":"https:\/\/eralux.com\/fr\/#organization","name":"Eralux","url":"https:\/\/eralux.com\/fr\/","logo":{"@type":"ImageObject","inLanguage":"fr-FR","@id":"https:\/\/eralux.com\/fr\/#\/schema\/logo\/image\/","url":"https:\/\/eralux.com\/wp-content\/uploads\/2024\/01\/eralux-logo-trademark-R.png","contentUrl":"https:\/\/eralux.com\/wp-content\/uploads\/2024\/01\/eralux-logo-trademark-R.png","width":1000,"height":446,"caption":"Eralux"},"image":{"@id":"https:\/\/eralux.com\/fr\/#\/schema\/logo\/image\/"},"sameAs":["https:\/\/www.facebook.com\/aeralux.corp","https:\/\/x.com\/eralux_inc"],"description":"Save on energy with high-performance LED solutions. Choose Eralux for eco-friendly lighting. Explore our range today!"}]},"product_price_amount":"0.00","product_price_currency":"CAD","og_availability":"instock","product_availability":"instock","product_condition":"new"},"_links":{"self":[{"href":"https:\/\/eralux.com\/fr\/wp-json\/wp\/v2\/product\/4123","targetHints":{"allow":["GET"]}}],"collection":[{"href":"https:\/\/eralux.com\/fr\/wp-json\/wp\/v2\/product"}],"about":[{"href":"https:\/\/eralux.com\/fr\/wp-json\/wp\/v2\/types\/product"}],"replies":[{"embeddable":true,"href":"https:\/\/eralux.com\/fr\/wp-json\/wp\/v2\/comments?post=4123"}],"wp:featuredmedia":[{"embeddable":true,"href":"https:\/\/eralux.com\/fr\/wp-json\/wp\/v2\/media\/4179"}],"wp:attachment":[{"href":"https:\/\/eralux.com\/fr\/wp-json\/wp\/v2\/media?parent=4123"}],"wp:term":[{"taxonomy":"product_brand","embeddable":true,"href":"https:\/\/eralux.com\/fr\/wp-json\/wp\/v2\/product_brand?post=4123"},{"taxonomy":"product_cat","embeddable":true,"href":"https:\/\/eralux.com\/fr\/wp-json\/wp\/v2\/product_cat?post=4123"},{"taxonomy":"product_tag","embeddable":true,"href":"https:\/\/eralux.com\/fr\/wp-json\/wp\/v2\/product_tag?post=4123"}],"curies":[{"name":"wp","href":"https:\/\/api.w.org\/{rel}","templated":true}]}}