{"id":4125,"date":"2024-01-03T20:38:55","date_gmt":"2024-01-03T20:38:55","guid":{"rendered":"https:\/\/eralux.com\/?post_type=product&#038;p=4125"},"modified":"2026-01-14T21:42:48","modified_gmt":"2026-01-14T21:42:48","slug":"mont-blanc-evolve-20x60inch","status":"publish","type":"product","link":"https:\/\/eralux.com\/fr\/produit\/mont-blanc-evolve-20x60inch\/","title":{"rendered":"MONT BLANC EVOLVE 20&#215;60 INCH"},"content":{"rendered":"<p>La s\u00e9rie Mont Blanc est une solution id\u00e9ale pour tous ceux qui cherchent \u00e0 minimiser les d\u00e9chets, \u00e0 r\u00e9duire le temps d&#8217;installation et \u00e0 obtenir un plafond revitalis\u00e9. Ce produit se diff\u00e9rencie par sa facilit\u00e9 d&#8217;installation et d&#8217;acc\u00e8s pour la maintenance. Le Mont Blanc Evolve 20 x 60 dispose d&#8217;un CCT commutable (3500K, 4000k, OU 5000k) et de niveaux de puissance commutables (3 niveaux de puissance) pour le luminaire. Ceci permet une personnalisation sur site lors de l&#8217;installation finale et offre un niveau de flexibilit\u00e9 in\u00e9gal\u00e9.<\/p>\n","protected":false},"excerpt":{"rendered":"<p>Luminaires Encastr\u00e9s Commerciaux Eralux<\/p>\n","protected":false},"featured_media":6865,"comment_status":"open","ping_status":"closed","template":"","meta":{"inline_featured_image":false},"product_brand":[],"product_cat":[815],"product_tag":[],"class_list":{"0":"post-4125","1":"product","2":"type-product","3":"status-publish","4":"has-post-thumbnail","6":"spec_sheets-ar-fr","7":"spec_sheets-ca-fr-4","8":"spec_sheets-25-fr","9":"spec_sheets-n-fr-2","10":"spec_sheets-wh-fr","11":"spec_sheets-lb-fr","12":"spec_sheets-010-fr","13":"spec_sheets-option-fr","14":"spec_sheets-distribution-fr","15":"spec_sheets-cct-fr","16":"spec_sheets-controles","17":"spec_sheets-cri-fr","18":"spec_sheets-finition","19":"spec_sheets-taille","20":"spec_sheets-tension","21":"spec_sheets-35-40-50-fr","22":"product_applications-bureau-commercial","23":"product_segments-bureau-commercial","24":"product_cat-ae-rc-mb-fr","26":"first","27":"instock","28":"shipping-taxable","29":"purchasable","30":"product-type-simple"},"yoast_head":"<!-- This site is optimized with the Yoast SEO Premium plugin v24.2 (Yoast SEO v27.5) - https:\/\/yoast.com\/product\/yoast-seo-premium-wordpress\/ -->\n<title>MONT BLANC EVOLVE 20x60 INCH - Eralux<\/title>\n<meta name=\"description\" content=\"La s\u00e9rie Mont Blanc est une solution id\u00e9ale pour tous ceux qui cherchent \u00e0 minimiser les d\u00e9chets, \u00e0 r\u00e9duire le temps d&#039;installation et \u00e0 obtenir un plafond revitalis\u00e9. Ce produit se diff\u00e9rencie par sa facilit\u00e9 d&#039;installation et d&#039;acc\u00e8s pour la maintenance. Le Mont Blanc Evolve 20 x 60 dispose d&#039;un CCT commutable (3500K, 4000k, OU 5000k) et de niveaux de puissance commutables (3 niveaux de puissance) pour le luminaire. Ceci permet une personnalisation sur site lors de l&#039;installation finale et offre un niveau de flexibilit\u00e9 in\u00e9gal\u00e9.\" \/>\n<meta name=\"robots\" content=\"index, follow, max-snippet:-1, max-image-preview:large, max-video-preview:-1\" \/>\n<link rel=\"canonical\" href=\"https:\/\/eralux.com\/fr\/produit\/mont-blanc-evolve-20x60inch\/\" \/>\n<meta property=\"og:locale\" content=\"fr_FR\" \/>\n<meta property=\"og:type\" content=\"article\" \/>\n<meta property=\"og:title\" content=\"MONT BLANC EVOLVE 20x60 INCH\" \/>\n<meta property=\"og:description\" content=\"La s\u00e9rie Mont Blanc est une solution id\u00e9ale pour tous ceux qui cherchent \u00e0 minimiser les d\u00e9chets, \u00e0 r\u00e9duire le temps d&#039;installation et \u00e0 obtenir un plafond revitalis\u00e9. Ce produit se diff\u00e9rencie par sa facilit\u00e9 d&#039;installation et d&#039;acc\u00e8s pour la maintenance. Le Mont Blanc Evolve 20 x 60 dispose d&#039;un CCT commutable (3500K, 4000k, OU 5000k) et de niveaux de puissance commutables (3 niveaux de puissance) pour le luminaire. Ceci permet une personnalisation sur site lors de l&#039;installation finale et offre un niveau de flexibilit\u00e9 in\u00e9gal\u00e9.\" \/>\n<meta property=\"og:url\" content=\"https:\/\/eralux.com\/fr\/produit\/mont-blanc-evolve-20x60inch\/\" \/>\n<meta property=\"og:site_name\" content=\"Eralux\" \/>\n<meta property=\"article:publisher\" content=\"https:\/\/www.facebook.com\/aeralux.corp\" \/>\n<meta property=\"article:modified_time\" content=\"2026-01-14T21:42:48+00:00\" \/>\n<meta property=\"og:image\" content=\"https:\/\/eralux.com\/wp-content\/uploads\/2024\/01\/ERALUX-Mont-Blanc-Evolve-20-x-60-Troffer-1.png\" \/>\n\t<meta property=\"og:image:width\" content=\"1000\" \/>\n\t<meta property=\"og:image:height\" content=\"1000\" \/>\n\t<meta property=\"og:image:type\" content=\"image\/png\" \/>\n<meta name=\"twitter:card\" content=\"summary_large_image\" \/>\n<meta name=\"twitter:site\" content=\"@eralux_inc\" \/>\n<meta name=\"twitter:label1\" content=\"Prix\" \/>\n\t<meta name=\"twitter:data1\" content=\"&#036;0.00\" \/>\n\t<meta name=\"twitter:label2\" content=\"Disponibilit\u00e9\" \/>\n\t<meta name=\"twitter:data2\" content=\"En stock\" \/>\n<script type=\"application\/ld+json\" class=\"yoast-schema-graph\">{\"@context\":\"https:\\\/\\\/schema.org\",\"@graph\":[{\"@type\":\"WebPage\",\"@id\":\"https:\\\/\\\/eralux.com\\\/fr\\\/produit\\\/mont-blanc-evolve-20x60inch\\\/\",\"url\":\"https:\\\/\\\/eralux.com\\\/fr\\\/produit\\\/mont-blanc-evolve-20x60inch\\\/\",\"name\":\"MONT BLANC EVOLVE 20x60 INCH - Eralux\",\"isPartOf\":{\"@id\":\"https:\\\/\\\/eralux.com\\\/fr\\\/#website\"},\"primaryImageOfPage\":{\"@id\":\"https:\\\/\\\/eralux.com\\\/fr\\\/produit\\\/mont-blanc-evolve-20x60inch\\\/#primaryimage\"},\"image\":{\"@id\":\"https:\\\/\\\/eralux.com\\\/fr\\\/produit\\\/mont-blanc-evolve-20x60inch\\\/#primaryimage\"},\"thumbnailUrl\":\"https:\\\/\\\/eralux.com\\\/wp-content\\\/uploads\\\/2024\\\/01\\\/ERALUX-Mont-Blanc-Evolve-20-x-60-Troffer-1.png\",\"datePublished\":\"2024-01-03T20:38:55+00:00\",\"dateModified\":\"2026-01-14T21:42:48+00:00\",\"description\":\"La s\u00e9rie Mont Blanc est une solution id\u00e9ale pour tous ceux qui cherchent \u00e0 minimiser les d\u00e9chets, \u00e0 r\u00e9duire le temps d'installation et \u00e0 obtenir un plafond revitalis\u00e9. Ce produit se diff\u00e9rencie par sa facilit\u00e9 d'installation et d'acc\u00e8s pour la maintenance. Le Mont Blanc Evolve 20 x 60 dispose d'un CCT commutable (3500K, 4000k, OU 5000k) et de niveaux de puissance commutables (3 niveaux de puissance) pour le luminaire. Ceci permet une personnalisation sur site lors de l'installation finale et offre un niveau de flexibilit\u00e9 in\u00e9gal\u00e9.\",\"breadcrumb\":{\"@id\":\"https:\\\/\\\/eralux.com\\\/fr\\\/produit\\\/mont-blanc-evolve-20x60inch\\\/#breadcrumb\"},\"inLanguage\":\"fr-FR\",\"potentialAction\":[{\"@type\":\"ReadAction\",\"target\":[\"https:\\\/\\\/eralux.com\\\/fr\\\/produit\\\/mont-blanc-evolve-20x60inch\\\/\"]}]},{\"@type\":\"ImageObject\",\"inLanguage\":\"fr-FR\",\"@id\":\"https:\\\/\\\/eralux.com\\\/fr\\\/produit\\\/mont-blanc-evolve-20x60inch\\\/#primaryimage\",\"url\":\"https:\\\/\\\/eralux.com\\\/wp-content\\\/uploads\\\/2024\\\/01\\\/ERALUX-Mont-Blanc-Evolve-20-x-60-Troffer-1.png\",\"contentUrl\":\"https:\\\/\\\/eralux.com\\\/wp-content\\\/uploads\\\/2024\\\/01\\\/ERALUX-Mont-Blanc-Evolve-20-x-60-Troffer-1.png\",\"width\":1000,\"height\":1000},{\"@type\":\"BreadcrumbList\",\"@id\":\"https:\\\/\\\/eralux.com\\\/fr\\\/produit\\\/mont-blanc-evolve-20x60inch\\\/#breadcrumb\",\"itemListElement\":[{\"@type\":\"ListItem\",\"position\":1,\"name\":\"Home\",\"item\":\"https:\\\/\\\/eralux.com\\\/fr\\\/\"},{\"@type\":\"ListItem\",\"position\":2,\"name\":\"Shop\",\"item\":\"https:\\\/\\\/eralux.com\\\/shop\\\/\"},{\"@type\":\"ListItem\",\"position\":3,\"name\":\"MONT BLANC EVOLVE 20&#215;60 INCH\"}]},{\"@type\":\"WebSite\",\"@id\":\"https:\\\/\\\/eralux.com\\\/fr\\\/#website\",\"url\":\"https:\\\/\\\/eralux.com\\\/fr\\\/\",\"name\":\"Eralux\",\"description\":\"World leader for Energy Saving LED Solutions\",\"publisher\":{\"@id\":\"https:\\\/\\\/eralux.com\\\/fr\\\/#organization\"},\"alternateName\":\"Led manufacturer Canada\",\"potentialAction\":[{\"@type\":\"SearchAction\",\"target\":{\"@type\":\"EntryPoint\",\"urlTemplate\":\"https:\\\/\\\/eralux.com\\\/fr\\\/?s={search_term_string}\"},\"query-input\":{\"@type\":\"PropertyValueSpecification\",\"valueRequired\":true,\"valueName\":\"search_term_string\"}}],\"inLanguage\":\"fr-FR\"},{\"@type\":\"Organization\",\"@id\":\"https:\\\/\\\/eralux.com\\\/fr\\\/#organization\",\"name\":\"Eralux\",\"url\":\"https:\\\/\\\/eralux.com\\\/fr\\\/\",\"logo\":{\"@type\":\"ImageObject\",\"inLanguage\":\"fr-FR\",\"@id\":\"https:\\\/\\\/eralux.com\\\/fr\\\/#\\\/schema\\\/logo\\\/image\\\/\",\"url\":\"https:\\\/\\\/eralux.com\\\/wp-content\\\/uploads\\\/2024\\\/01\\\/eralux-logo-trademark-R.png\",\"contentUrl\":\"https:\\\/\\\/eralux.com\\\/wp-content\\\/uploads\\\/2024\\\/01\\\/eralux-logo-trademark-R.png\",\"width\":1000,\"height\":446,\"caption\":\"Eralux\"},\"image\":{\"@id\":\"https:\\\/\\\/eralux.com\\\/fr\\\/#\\\/schema\\\/logo\\\/image\\\/\"},\"sameAs\":[\"https:\\\/\\\/www.facebook.com\\\/aeralux.corp\",\"https:\\\/\\\/x.com\\\/eralux_inc\"],\"description\":\"Save on energy with high-performance LED solutions. Choose Eralux for eco-friendly lighting. Explore our range today!\"}]}<\/script>\n<meta property=\"product:price:amount\" content=\"0.00\" \/>\n<meta property=\"product:price:currency\" content=\"CAD\" \/>\n<meta property=\"og:availability\" content=\"instock\" \/>\n<meta property=\"product:availability\" content=\"instock\" \/>\n<meta property=\"product:condition\" content=\"new\" \/>\n<!-- \/ Yoast SEO Premium plugin. -->","yoast_head_json":{"title":"MONT BLANC EVOLVE 20x60 INCH - Eralux","description":"La s\u00e9rie Mont Blanc est une solution id\u00e9ale pour tous ceux qui cherchent \u00e0 minimiser les d\u00e9chets, \u00e0 r\u00e9duire le temps d'installation et \u00e0 obtenir un plafond revitalis\u00e9. Ce produit se diff\u00e9rencie par sa facilit\u00e9 d'installation et d'acc\u00e8s pour la maintenance. Le Mont Blanc Evolve 20 x 60 dispose d'un CCT commutable (3500K, 4000k, OU 5000k) et de niveaux de puissance commutables (3 niveaux de puissance) pour le luminaire. Ceci permet une personnalisation sur site lors de l'installation finale et offre un niveau de flexibilit\u00e9 in\u00e9gal\u00e9.","robots":{"index":"index","follow":"follow","max-snippet":"max-snippet:-1","max-image-preview":"max-image-preview:large","max-video-preview":"max-video-preview:-1"},"canonical":"https:\/\/eralux.com\/fr\/produit\/mont-blanc-evolve-20x60inch\/","og_locale":"fr_FR","og_type":"article","og_title":"MONT BLANC EVOLVE 20x60 INCH","og_description":"La s\u00e9rie Mont Blanc est une solution id\u00e9ale pour tous ceux qui cherchent \u00e0 minimiser les d\u00e9chets, \u00e0 r\u00e9duire le temps d'installation et \u00e0 obtenir un plafond revitalis\u00e9. Ce produit se diff\u00e9rencie par sa facilit\u00e9 d'installation et d'acc\u00e8s pour la maintenance. Le Mont Blanc Evolve 20 x 60 dispose d'un CCT commutable (3500K, 4000k, OU 5000k) et de niveaux de puissance commutables (3 niveaux de puissance) pour le luminaire. Ceci permet une personnalisation sur site lors de l'installation finale et offre un niveau de flexibilit\u00e9 in\u00e9gal\u00e9.","og_url":"https:\/\/eralux.com\/fr\/produit\/mont-blanc-evolve-20x60inch\/","og_site_name":"Eralux","article_publisher":"https:\/\/www.facebook.com\/aeralux.corp","article_modified_time":"2026-01-14T21:42:48+00:00","og_image":[{"width":1000,"height":1000,"url":"https:\/\/eralux.com\/wp-content\/uploads\/2024\/01\/ERALUX-Mont-Blanc-Evolve-20-x-60-Troffer-1.png","type":"image\/png"}],"twitter_card":"summary_large_image","twitter_site":"@eralux_inc","twitter_misc":{"Prix":"&#36;0.00","Disponibilit\u00e9":"En stock"},"schema":{"@context":"https:\/\/schema.org","@graph":[{"@type":"WebPage","@id":"https:\/\/eralux.com\/fr\/produit\/mont-blanc-evolve-20x60inch\/","url":"https:\/\/eralux.com\/fr\/produit\/mont-blanc-evolve-20x60inch\/","name":"MONT BLANC EVOLVE 20x60 INCH - Eralux","isPartOf":{"@id":"https:\/\/eralux.com\/fr\/#website"},"primaryImageOfPage":{"@id":"https:\/\/eralux.com\/fr\/produit\/mont-blanc-evolve-20x60inch\/#primaryimage"},"image":{"@id":"https:\/\/eralux.com\/fr\/produit\/mont-blanc-evolve-20x60inch\/#primaryimage"},"thumbnailUrl":"https:\/\/eralux.com\/wp-content\/uploads\/2024\/01\/ERALUX-Mont-Blanc-Evolve-20-x-60-Troffer-1.png","datePublished":"2024-01-03T20:38:55+00:00","dateModified":"2026-01-14T21:42:48+00:00","description":"La s\u00e9rie Mont Blanc est une solution id\u00e9ale pour tous ceux qui cherchent \u00e0 minimiser les d\u00e9chets, \u00e0 r\u00e9duire le temps d'installation et \u00e0 obtenir un plafond revitalis\u00e9. Ce produit se diff\u00e9rencie par sa facilit\u00e9 d'installation et d'acc\u00e8s pour la maintenance. Le Mont Blanc Evolve 20 x 60 dispose d'un CCT commutable (3500K, 4000k, OU 5000k) et de niveaux de puissance commutables (3 niveaux de puissance) pour le luminaire. Ceci permet une personnalisation sur site lors de l'installation finale et offre un niveau de flexibilit\u00e9 in\u00e9gal\u00e9.","breadcrumb":{"@id":"https:\/\/eralux.com\/fr\/produit\/mont-blanc-evolve-20x60inch\/#breadcrumb"},"inLanguage":"fr-FR","potentialAction":[{"@type":"ReadAction","target":["https:\/\/eralux.com\/fr\/produit\/mont-blanc-evolve-20x60inch\/"]}]},{"@type":"ImageObject","inLanguage":"fr-FR","@id":"https:\/\/eralux.com\/fr\/produit\/mont-blanc-evolve-20x60inch\/#primaryimage","url":"https:\/\/eralux.com\/wp-content\/uploads\/2024\/01\/ERALUX-Mont-Blanc-Evolve-20-x-60-Troffer-1.png","contentUrl":"https:\/\/eralux.com\/wp-content\/uploads\/2024\/01\/ERALUX-Mont-Blanc-Evolve-20-x-60-Troffer-1.png","width":1000,"height":1000},{"@type":"BreadcrumbList","@id":"https:\/\/eralux.com\/fr\/produit\/mont-blanc-evolve-20x60inch\/#breadcrumb","itemListElement":[{"@type":"ListItem","position":1,"name":"Home","item":"https:\/\/eralux.com\/fr\/"},{"@type":"ListItem","position":2,"name":"Shop","item":"https:\/\/eralux.com\/shop\/"},{"@type":"ListItem","position":3,"name":"MONT BLANC EVOLVE 20&#215;60 INCH"}]},{"@type":"WebSite","@id":"https:\/\/eralux.com\/fr\/#website","url":"https:\/\/eralux.com\/fr\/","name":"Eralux","description":"World leader for Energy Saving LED Solutions","publisher":{"@id":"https:\/\/eralux.com\/fr\/#organization"},"alternateName":"Led manufacturer Canada","potentialAction":[{"@type":"SearchAction","target":{"@type":"EntryPoint","urlTemplate":"https:\/\/eralux.com\/fr\/?s={search_term_string}"},"query-input":{"@type":"PropertyValueSpecification","valueRequired":true,"valueName":"search_term_string"}}],"inLanguage":"fr-FR"},{"@type":"Organization","@id":"https:\/\/eralux.com\/fr\/#organization","name":"Eralux","url":"https:\/\/eralux.com\/fr\/","logo":{"@type":"ImageObject","inLanguage":"fr-FR","@id":"https:\/\/eralux.com\/fr\/#\/schema\/logo\/image\/","url":"https:\/\/eralux.com\/wp-content\/uploads\/2024\/01\/eralux-logo-trademark-R.png","contentUrl":"https:\/\/eralux.com\/wp-content\/uploads\/2024\/01\/eralux-logo-trademark-R.png","width":1000,"height":446,"caption":"Eralux"},"image":{"@id":"https:\/\/eralux.com\/fr\/#\/schema\/logo\/image\/"},"sameAs":["https:\/\/www.facebook.com\/aeralux.corp","https:\/\/x.com\/eralux_inc"],"description":"Save on energy with high-performance LED solutions. Choose Eralux for eco-friendly lighting. Explore our range today!"}]},"product_price_amount":"0.00","product_price_currency":"CAD","og_availability":"instock","product_availability":"instock","product_condition":"new"},"_links":{"self":[{"href":"https:\/\/eralux.com\/fr\/wp-json\/wp\/v2\/product\/4125","targetHints":{"allow":["GET"]}}],"collection":[{"href":"https:\/\/eralux.com\/fr\/wp-json\/wp\/v2\/product"}],"about":[{"href":"https:\/\/eralux.com\/fr\/wp-json\/wp\/v2\/types\/product"}],"replies":[{"embeddable":true,"href":"https:\/\/eralux.com\/fr\/wp-json\/wp\/v2\/comments?post=4125"}],"wp:featuredmedia":[{"embeddable":true,"href":"https:\/\/eralux.com\/fr\/wp-json\/wp\/v2\/media\/6865"}],"wp:attachment":[{"href":"https:\/\/eralux.com\/fr\/wp-json\/wp\/v2\/media?parent=4125"}],"wp:term":[{"taxonomy":"product_brand","embeddable":true,"href":"https:\/\/eralux.com\/fr\/wp-json\/wp\/v2\/product_brand?post=4125"},{"taxonomy":"product_cat","embeddable":true,"href":"https:\/\/eralux.com\/fr\/wp-json\/wp\/v2\/product_cat?post=4125"},{"taxonomy":"product_tag","embeddable":true,"href":"https:\/\/eralux.com\/fr\/wp-json\/wp\/v2\/product_tag?post=4125"}],"curies":[{"name":"wp","href":"https:\/\/api.w.org\/{rel}","templated":true}]}}