{"id":4283,"date":"2024-01-03T22:19:05","date_gmt":"2024-01-03T22:19:05","guid":{"rendered":"https:\/\/eralux.com\/?post_type=product&#038;p=4283"},"modified":"2024-07-17T19:48:06","modified_gmt":"2024-07-17T19:48:06","slug":"splinter","status":"publish","type":"product","link":"https:\/\/eralux.com\/fr\/produit\/splinter\/","title":{"rendered":"SPLINTER"},"content":{"rendered":"<p>La borne SPLINTER est une solution \u00e9l\u00e9gante pour l&#8217;\u00e9clairage de vos espaces ext\u00e9rieurs. Ses mat\u00e9riaux robustes et solides lui permettent de r\u00e9sister aux \u00e9l\u00e9ments les plus rudes sans la moindre \u00e9gratignure. Le SPLINTER est dot\u00e9 d&#8217;un syst\u00e8me optique innovant qui permet d&#8217;\u00e9clairer votre espace tout en prot\u00e9geant le faisceau de l&#8217;\u0153il. Le design unique du &#8220;smiley&#8221; se distingue dans l&#8217;environnement.<\/p>\n","protected":false},"excerpt":{"rendered":"<p>Bollards LED light<\/p>\n","protected":false},"featured_media":6906,"comment_status":"open","ping_status":"closed","template":"","meta":{"inline_featured_image":false},"product_brand":[],"product_cat":[1537],"product_tag":[],"class_list":{"0":"post-4283","1":"product","2":"type-product","3":"status-publish","4":"has-post-thumbnail","6":"spec_sheets-bk-fr-4","7":"spec_sheets-35-fr-3","8":"spec_sheets-gc-fr","9":"spec_sheets-830-fr","10":"spec_sheets-840-fr","11":"spec_sheets-850-fr","12":"spec_sheets-boitier-et-finition","13":"spec_sheets-cct-cri-fr","14":"spec_sheets-14uv-fr","15":"spec_sheets-24uv-fr","16":"spec_sheets-hauteur","17":"spec_sheets-option-fr","18":"spec_sheets-puissance","19":"product_applications-parking","20":"product_segments-bornes","21":"product_segments-exterieur","22":"product_cat-ae-od-st-fr","24":"first","25":"instock","26":"shipping-taxable","27":"purchasable","28":"product-type-simple"},"yoast_head":"<!-- This site is optimized with the Yoast SEO Premium plugin v24.2 (Yoast SEO v27.4) - https:\/\/yoast.com\/product\/yoast-seo-premium-wordpress\/ -->\n<title>SPLINTER - Eralux<\/title>\n<meta name=\"description\" content=\"La borne SPLINTER est une solution \u00e9l\u00e9gante pour l&#039;\u00e9clairage de vos espaces ext\u00e9rieurs. Ses mat\u00e9riaux robustes et solides lui permettent de r\u00e9sister aux \u00e9l\u00e9ments les plus rudes sans la moindre \u00e9gratignure. Le SPLINTER est dot\u00e9 d&#039;un syst\u00e8me optique innovant qui permet d&#039;\u00e9clairer votre espace tout en prot\u00e9geant le faisceau de l&#039;\u0153il. Le design unique du &quot;smiley&quot; se distingue dans l&#039;environnement.\" \/>\n<meta name=\"robots\" content=\"index, follow, max-snippet:-1, max-image-preview:large, max-video-preview:-1\" \/>\n<link rel=\"canonical\" href=\"https:\/\/eralux.com\/fr\/produit\/splinter\/\" \/>\n<meta property=\"og:locale\" content=\"fr_FR\" \/>\n<meta property=\"og:type\" content=\"article\" \/>\n<meta property=\"og:title\" content=\"SPLINTER\" \/>\n<meta property=\"og:description\" content=\"La borne SPLINTER est une solution \u00e9l\u00e9gante pour l&#039;\u00e9clairage de vos espaces ext\u00e9rieurs. Ses mat\u00e9riaux robustes et solides lui permettent de r\u00e9sister aux \u00e9l\u00e9ments les plus rudes sans la moindre \u00e9gratignure. Le SPLINTER est dot\u00e9 d&#039;un syst\u00e8me optique innovant qui permet d&#039;\u00e9clairer votre espace tout en prot\u00e9geant le faisceau de l&#039;\u0153il. Le design unique du &quot;smiley&quot; se distingue dans l&#039;environnement.\" \/>\n<meta property=\"og:url\" content=\"https:\/\/eralux.com\/fr\/produit\/splinter\/\" \/>\n<meta property=\"og:site_name\" content=\"Eralux\" \/>\n<meta property=\"article:publisher\" content=\"https:\/\/www.facebook.com\/aeralux.corp\" \/>\n<meta property=\"article:modified_time\" content=\"2024-07-17T19:48:06+00:00\" \/>\n<meta property=\"og:image\" content=\"https:\/\/eralux.com\/wp-content\/uploads\/2024\/01\/BL01-9-1-1.png\" \/>\n\t<meta property=\"og:image:width\" content=\"1000\" \/>\n\t<meta property=\"og:image:height\" content=\"1000\" \/>\n\t<meta property=\"og:image:type\" content=\"image\/png\" \/>\n<meta name=\"twitter:card\" content=\"summary_large_image\" \/>\n<meta name=\"twitter:site\" content=\"@eralux_inc\" \/>\n<meta name=\"twitter:label1\" content=\"Prix\" \/>\n\t<meta name=\"twitter:data1\" content=\"&#036;0.00\" \/>\n\t<meta name=\"twitter:label2\" content=\"Disponibilit\u00e9\" \/>\n\t<meta name=\"twitter:data2\" content=\"En stock\" \/>\n<script type=\"application\/ld+json\" class=\"yoast-schema-graph\">{\"@context\":\"https:\\\/\\\/schema.org\",\"@graph\":[{\"@type\":\"WebPage\",\"@id\":\"https:\\\/\\\/eralux.com\\\/fr\\\/produit\\\/splinter\\\/\",\"url\":\"https:\\\/\\\/eralux.com\\\/fr\\\/produit\\\/splinter\\\/\",\"name\":\"SPLINTER - Eralux\",\"isPartOf\":{\"@id\":\"https:\\\/\\\/eralux.com\\\/fr\\\/#website\"},\"primaryImageOfPage\":{\"@id\":\"https:\\\/\\\/eralux.com\\\/fr\\\/produit\\\/splinter\\\/#primaryimage\"},\"image\":{\"@id\":\"https:\\\/\\\/eralux.com\\\/fr\\\/produit\\\/splinter\\\/#primaryimage\"},\"thumbnailUrl\":\"https:\\\/\\\/eralux.com\\\/wp-content\\\/uploads\\\/2024\\\/01\\\/BL01-9-1-1.png\",\"datePublished\":\"2024-01-03T22:19:05+00:00\",\"dateModified\":\"2024-07-17T19:48:06+00:00\",\"description\":\"La borne SPLINTER est une solution \u00e9l\u00e9gante pour l'\u00e9clairage de vos espaces ext\u00e9rieurs. Ses mat\u00e9riaux robustes et solides lui permettent de r\u00e9sister aux \u00e9l\u00e9ments les plus rudes sans la moindre \u00e9gratignure. Le SPLINTER est dot\u00e9 d'un syst\u00e8me optique innovant qui permet d'\u00e9clairer votre espace tout en prot\u00e9geant le faisceau de l'\u0153il. Le design unique du \\\"smiley\\\" se distingue dans l'environnement.\",\"breadcrumb\":{\"@id\":\"https:\\\/\\\/eralux.com\\\/fr\\\/produit\\\/splinter\\\/#breadcrumb\"},\"inLanguage\":\"fr-FR\",\"potentialAction\":[{\"@type\":\"ReadAction\",\"target\":[\"https:\\\/\\\/eralux.com\\\/fr\\\/produit\\\/splinter\\\/\"]}]},{\"@type\":\"ImageObject\",\"inLanguage\":\"fr-FR\",\"@id\":\"https:\\\/\\\/eralux.com\\\/fr\\\/produit\\\/splinter\\\/#primaryimage\",\"url\":\"https:\\\/\\\/eralux.com\\\/wp-content\\\/uploads\\\/2024\\\/01\\\/BL01-9-1-1.png\",\"contentUrl\":\"https:\\\/\\\/eralux.com\\\/wp-content\\\/uploads\\\/2024\\\/01\\\/BL01-9-1-1.png\",\"width\":1000,\"height\":1000},{\"@type\":\"BreadcrumbList\",\"@id\":\"https:\\\/\\\/eralux.com\\\/fr\\\/produit\\\/splinter\\\/#breadcrumb\",\"itemListElement\":[{\"@type\":\"ListItem\",\"position\":1,\"name\":\"Home\",\"item\":\"https:\\\/\\\/eralux.com\\\/fr\\\/\"},{\"@type\":\"ListItem\",\"position\":2,\"name\":\"Shop\",\"item\":\"https:\\\/\\\/eralux.com\\\/shop\\\/\"},{\"@type\":\"ListItem\",\"position\":3,\"name\":\"SPLINTER\"}]},{\"@type\":\"WebSite\",\"@id\":\"https:\\\/\\\/eralux.com\\\/fr\\\/#website\",\"url\":\"https:\\\/\\\/eralux.com\\\/fr\\\/\",\"name\":\"Eralux\",\"description\":\"World leader for Energy Saving LED Solutions\",\"publisher\":{\"@id\":\"https:\\\/\\\/eralux.com\\\/fr\\\/#organization\"},\"alternateName\":\"Led manufacturer Canada\",\"potentialAction\":[{\"@type\":\"SearchAction\",\"target\":{\"@type\":\"EntryPoint\",\"urlTemplate\":\"https:\\\/\\\/eralux.com\\\/fr\\\/?s={search_term_string}\"},\"query-input\":{\"@type\":\"PropertyValueSpecification\",\"valueRequired\":true,\"valueName\":\"search_term_string\"}}],\"inLanguage\":\"fr-FR\"},{\"@type\":\"Organization\",\"@id\":\"https:\\\/\\\/eralux.com\\\/fr\\\/#organization\",\"name\":\"Eralux\",\"url\":\"https:\\\/\\\/eralux.com\\\/fr\\\/\",\"logo\":{\"@type\":\"ImageObject\",\"inLanguage\":\"fr-FR\",\"@id\":\"https:\\\/\\\/eralux.com\\\/fr\\\/#\\\/schema\\\/logo\\\/image\\\/\",\"url\":\"https:\\\/\\\/eralux.com\\\/wp-content\\\/uploads\\\/2024\\\/01\\\/eralux-logo-trademark-R.png\",\"contentUrl\":\"https:\\\/\\\/eralux.com\\\/wp-content\\\/uploads\\\/2024\\\/01\\\/eralux-logo-trademark-R.png\",\"width\":1000,\"height\":446,\"caption\":\"Eralux\"},\"image\":{\"@id\":\"https:\\\/\\\/eralux.com\\\/fr\\\/#\\\/schema\\\/logo\\\/image\\\/\"},\"sameAs\":[\"https:\\\/\\\/www.facebook.com\\\/aeralux.corp\",\"https:\\\/\\\/x.com\\\/eralux_inc\"],\"description\":\"Save on energy with high-performance LED solutions. Choose Eralux for eco-friendly lighting. Explore our range today!\"}]}<\/script>\n<meta property=\"product:price:amount\" content=\"0.00\" \/>\n<meta property=\"product:price:currency\" content=\"CAD\" \/>\n<meta property=\"og:availability\" content=\"instock\" \/>\n<meta property=\"product:availability\" content=\"instock\" \/>\n<meta property=\"product:condition\" content=\"new\" \/>\n<!-- \/ Yoast SEO Premium plugin. -->","yoast_head_json":{"title":"SPLINTER - Eralux","description":"La borne SPLINTER est une solution \u00e9l\u00e9gante pour l'\u00e9clairage de vos espaces ext\u00e9rieurs. Ses mat\u00e9riaux robustes et solides lui permettent de r\u00e9sister aux \u00e9l\u00e9ments les plus rudes sans la moindre \u00e9gratignure. Le SPLINTER est dot\u00e9 d'un syst\u00e8me optique innovant qui permet d'\u00e9clairer votre espace tout en prot\u00e9geant le faisceau de l'\u0153il. Le design unique du \"smiley\" se distingue dans l'environnement.","robots":{"index":"index","follow":"follow","max-snippet":"max-snippet:-1","max-image-preview":"max-image-preview:large","max-video-preview":"max-video-preview:-1"},"canonical":"https:\/\/eralux.com\/fr\/produit\/splinter\/","og_locale":"fr_FR","og_type":"article","og_title":"SPLINTER","og_description":"La borne SPLINTER est une solution \u00e9l\u00e9gante pour l'\u00e9clairage de vos espaces ext\u00e9rieurs. Ses mat\u00e9riaux robustes et solides lui permettent de r\u00e9sister aux \u00e9l\u00e9ments les plus rudes sans la moindre \u00e9gratignure. Le SPLINTER est dot\u00e9 d'un syst\u00e8me optique innovant qui permet d'\u00e9clairer votre espace tout en prot\u00e9geant le faisceau de l'\u0153il. Le design unique du \"smiley\" se distingue dans l'environnement.","og_url":"https:\/\/eralux.com\/fr\/produit\/splinter\/","og_site_name":"Eralux","article_publisher":"https:\/\/www.facebook.com\/aeralux.corp","article_modified_time":"2024-07-17T19:48:06+00:00","og_image":[{"width":1000,"height":1000,"url":"https:\/\/eralux.com\/wp-content\/uploads\/2024\/01\/BL01-9-1-1.png","type":"image\/png"}],"twitter_card":"summary_large_image","twitter_site":"@eralux_inc","twitter_misc":{"Prix":"&#36;0.00","Disponibilit\u00e9":"En stock"},"schema":{"@context":"https:\/\/schema.org","@graph":[{"@type":"WebPage","@id":"https:\/\/eralux.com\/fr\/produit\/splinter\/","url":"https:\/\/eralux.com\/fr\/produit\/splinter\/","name":"SPLINTER - Eralux","isPartOf":{"@id":"https:\/\/eralux.com\/fr\/#website"},"primaryImageOfPage":{"@id":"https:\/\/eralux.com\/fr\/produit\/splinter\/#primaryimage"},"image":{"@id":"https:\/\/eralux.com\/fr\/produit\/splinter\/#primaryimage"},"thumbnailUrl":"https:\/\/eralux.com\/wp-content\/uploads\/2024\/01\/BL01-9-1-1.png","datePublished":"2024-01-03T22:19:05+00:00","dateModified":"2024-07-17T19:48:06+00:00","description":"La borne SPLINTER est une solution \u00e9l\u00e9gante pour l'\u00e9clairage de vos espaces ext\u00e9rieurs. Ses mat\u00e9riaux robustes et solides lui permettent de r\u00e9sister aux \u00e9l\u00e9ments les plus rudes sans la moindre \u00e9gratignure. Le SPLINTER est dot\u00e9 d'un syst\u00e8me optique innovant qui permet d'\u00e9clairer votre espace tout en prot\u00e9geant le faisceau de l'\u0153il. Le design unique du \"smiley\" se distingue dans l'environnement.","breadcrumb":{"@id":"https:\/\/eralux.com\/fr\/produit\/splinter\/#breadcrumb"},"inLanguage":"fr-FR","potentialAction":[{"@type":"ReadAction","target":["https:\/\/eralux.com\/fr\/produit\/splinter\/"]}]},{"@type":"ImageObject","inLanguage":"fr-FR","@id":"https:\/\/eralux.com\/fr\/produit\/splinter\/#primaryimage","url":"https:\/\/eralux.com\/wp-content\/uploads\/2024\/01\/BL01-9-1-1.png","contentUrl":"https:\/\/eralux.com\/wp-content\/uploads\/2024\/01\/BL01-9-1-1.png","width":1000,"height":1000},{"@type":"BreadcrumbList","@id":"https:\/\/eralux.com\/fr\/produit\/splinter\/#breadcrumb","itemListElement":[{"@type":"ListItem","position":1,"name":"Home","item":"https:\/\/eralux.com\/fr\/"},{"@type":"ListItem","position":2,"name":"Shop","item":"https:\/\/eralux.com\/shop\/"},{"@type":"ListItem","position":3,"name":"SPLINTER"}]},{"@type":"WebSite","@id":"https:\/\/eralux.com\/fr\/#website","url":"https:\/\/eralux.com\/fr\/","name":"Eralux","description":"World leader for Energy Saving LED Solutions","publisher":{"@id":"https:\/\/eralux.com\/fr\/#organization"},"alternateName":"Led manufacturer Canada","potentialAction":[{"@type":"SearchAction","target":{"@type":"EntryPoint","urlTemplate":"https:\/\/eralux.com\/fr\/?s={search_term_string}"},"query-input":{"@type":"PropertyValueSpecification","valueRequired":true,"valueName":"search_term_string"}}],"inLanguage":"fr-FR"},{"@type":"Organization","@id":"https:\/\/eralux.com\/fr\/#organization","name":"Eralux","url":"https:\/\/eralux.com\/fr\/","logo":{"@type":"ImageObject","inLanguage":"fr-FR","@id":"https:\/\/eralux.com\/fr\/#\/schema\/logo\/image\/","url":"https:\/\/eralux.com\/wp-content\/uploads\/2024\/01\/eralux-logo-trademark-R.png","contentUrl":"https:\/\/eralux.com\/wp-content\/uploads\/2024\/01\/eralux-logo-trademark-R.png","width":1000,"height":446,"caption":"Eralux"},"image":{"@id":"https:\/\/eralux.com\/fr\/#\/schema\/logo\/image\/"},"sameAs":["https:\/\/www.facebook.com\/aeralux.corp","https:\/\/x.com\/eralux_inc"],"description":"Save on energy with high-performance LED solutions. Choose Eralux for eco-friendly lighting. Explore our range today!"}]},"product_price_amount":"0.00","product_price_currency":"CAD","og_availability":"instock","product_availability":"instock","product_condition":"new"},"_links":{"self":[{"href":"https:\/\/eralux.com\/fr\/wp-json\/wp\/v2\/product\/4283","targetHints":{"allow":["GET"]}}],"collection":[{"href":"https:\/\/eralux.com\/fr\/wp-json\/wp\/v2\/product"}],"about":[{"href":"https:\/\/eralux.com\/fr\/wp-json\/wp\/v2\/types\/product"}],"replies":[{"embeddable":true,"href":"https:\/\/eralux.com\/fr\/wp-json\/wp\/v2\/comments?post=4283"}],"wp:featuredmedia":[{"embeddable":true,"href":"https:\/\/eralux.com\/fr\/wp-json\/wp\/v2\/media\/6906"}],"wp:attachment":[{"href":"https:\/\/eralux.com\/fr\/wp-json\/wp\/v2\/media?parent=4283"}],"wp:term":[{"taxonomy":"product_brand","embeddable":true,"href":"https:\/\/eralux.com\/fr\/wp-json\/wp\/v2\/product_brand?post=4283"},{"taxonomy":"product_cat","embeddable":true,"href":"https:\/\/eralux.com\/fr\/wp-json\/wp\/v2\/product_cat?post=4283"},{"taxonomy":"product_tag","embeddable":true,"href":"https:\/\/eralux.com\/fr\/wp-json\/wp\/v2\/product_tag?post=4283"}],"curies":[{"name":"wp","href":"https:\/\/api.w.org\/{rel}","templated":true}]}}