{"id":4358,"date":"2024-01-03T23:03:08","date_gmt":"2024-01-03T23:03:08","guid":{"rendered":"https:\/\/eralux.com\/?post_type=product&#038;p=4358"},"modified":"2025-08-05T13:19:56","modified_gmt":"2025-08-05T13:19:56","slug":"kineta","status":"publish","type":"product","link":"https:\/\/eralux.com\/fr\/produit\/kineta\/","title":{"rendered":"KINETA"},"content":{"rendered":"<p>Le KINETA est un spot encastr\u00e9 de 4 pouces offrant une gamme d&#8217;options optiques ; il peut \u00eatre r\u00e9glable ou fixe. La vari\u00e9t\u00e9 des r\u00e9flecteurs et des finitions disponibles en font un compl\u00e9ment attrayant. Il est disponible en forme ronde ou carr\u00e9e, en plus de l&#8217;option ronde sans bordure. Il est disponible en deux options de puissance 20 W &#8211; 1600 lm et 25 W &#8211; 2000 lm, avec option de double gradation et plusieurs CCT.<\/p>\n","protected":false},"excerpt":{"rendered":"<p>Spot encastr\u00e9 r\u00e9glable ou fixe 4 pouces<\/p>\n","protected":false},"featured_media":7616,"comment_status":"open","ping_status":"closed","template":"","meta":{"inline_featured_image":false},"product_brand":[],"product_cat":[808],"product_tag":[],"class_list":{"0":"post-4358","1":"product","2":"type-product","3":"status-publish","4":"has-post-thumbnail","6":"spec_sheets-ra1-fr","7":"spec_sheets-sa1-fr","8":"spec_sheets-rf1-fr","9":"spec_sheets-15-fr-3","10":"spec_sheets-wht-fr","11":"spec_sheets-24-fr-2","12":"spec_sheets-wh-fr-3","13":"spec_sheets-38-fr","14":"spec_sheets-bk-fr-3","15":"spec_sheets-bkt-fr","16":"spec_sheets-uv-fr-4","17":"spec_sheets-sp-fr-3","18":"spec_sheets-55-fr-2","19":"spec_sheets-df-fr","20":"spec_sheets-4-fr-2","21":"spec_sheets-x-fr","22":"spec_sheets-reflector-finish-fr","23":"spec_sheets-reflector-fr","24":"spec_sheets-trim-fr","25":"spec_sheets-27-fr","26":"spec_sheets-30-fr-4","27":"spec_sheets-35-fr-2","28":"spec_sheets-40-fr-6","29":"spec_sheets-faisceau","30":"spec_sheets-cct-fr","31":"spec_sheets-controles","32":"spec_sheets-puissance","33":"spec_sheets-taille","34":"spec_sheets-tension","35":"spec_sheets-20w-fr","36":"spec_sheets-25w-fr","37":"product_applications-magasin-de-detail","38":"product_applications-sante","39":"product_applications-magasin-de-mode","40":"product_applications-education-fr","41":"product_applications-bureau-commercial","42":"product_segments-luminaires-encastres","43":"product_cat-ae-dl-kn-fr","45":"first","46":"instock","47":"shipping-taxable","48":"purchasable","49":"product-type-simple"},"yoast_head":"<!-- This site is optimized with the Yoast SEO Premium plugin v24.2 (Yoast SEO v27.5) - https:\/\/yoast.com\/product\/yoast-seo-premium-wordpress\/ -->\n<title>KINETA - Eralux (Fabricant LED Canada)<\/title>\n<meta name=\"description\" content=\"Le KINETA est un spot encastr\u00e9 de 4 pouces offrant une gamme d&#039;options optiques ; il peut \u00eatre r\u00e9glable ou fixe. La vari\u00e9t\u00e9 des r\u00e9flecteurs et des finitions disponibles en font un compl\u00e9ment attrayant. Il est disponible en forme ronde ou carr\u00e9e, en plus de l&#039;option ronde sans bordure. Il est disponible en deux options de puissance 20 W - 1600 lm et 25 W - 2000 lm, avec option de double gradation et plusieurs CCT.\" \/>\n<meta name=\"robots\" content=\"index, follow, max-snippet:-1, max-image-preview:large, max-video-preview:-1\" \/>\n<link rel=\"canonical\" href=\"https:\/\/eralux.com\/fr\/produit\/kineta\/\" \/>\n<meta property=\"og:locale\" content=\"fr_FR\" \/>\n<meta property=\"og:type\" content=\"article\" \/>\n<meta property=\"og:title\" content=\"KINETA\" \/>\n<meta property=\"og:description\" content=\"Le KINETA est un spot encastr\u00e9 de 4 pouces offrant une gamme d&#039;options optiques ; il peut \u00eatre r\u00e9glable ou fixe. La vari\u00e9t\u00e9 des r\u00e9flecteurs et des finitions disponibles en font un compl\u00e9ment attrayant. Il est disponible en forme ronde ou carr\u00e9e, en plus de l&#039;option ronde sans bordure. Il est disponible en deux options de puissance 20 W - 1600 lm et 25 W - 2000 lm, avec option de double gradation et plusieurs CCT.\" \/>\n<meta property=\"og:url\" content=\"https:\/\/eralux.com\/fr\/produit\/kineta\/\" \/>\n<meta property=\"og:site_name\" content=\"Eralux\" \/>\n<meta property=\"article:publisher\" content=\"https:\/\/www.facebook.com\/aeralux.corp\" \/>\n<meta property=\"article:modified_time\" content=\"2025-08-05T13:19:56+00:00\" \/>\n<meta property=\"og:image\" content=\"https:\/\/eralux.com\/wp-content\/uploads\/2024\/01\/Kineta-8.png\" \/>\n\t<meta property=\"og:image:width\" content=\"1000\" \/>\n\t<meta property=\"og:image:height\" content=\"1000\" \/>\n\t<meta property=\"og:image:type\" content=\"image\/png\" \/>\n<meta name=\"twitter:card\" content=\"summary_large_image\" \/>\n<meta name=\"twitter:site\" content=\"@eralux_inc\" \/>\n<meta name=\"twitter:label1\" content=\"Prix\" \/>\n\t<meta name=\"twitter:data1\" content=\"&#036;0.00\" \/>\n\t<meta name=\"twitter:label2\" content=\"Disponibilit\u00e9\" \/>\n\t<meta name=\"twitter:data2\" content=\"En stock\" \/>\n<script type=\"application\/ld+json\" class=\"yoast-schema-graph\">{\"@context\":\"https:\\\/\\\/schema.org\",\"@graph\":[{\"@type\":\"WebPage\",\"@id\":\"https:\\\/\\\/eralux.com\\\/fr\\\/produit\\\/kineta\\\/\",\"url\":\"https:\\\/\\\/eralux.com\\\/fr\\\/produit\\\/kineta\\\/\",\"name\":\"KINETA - Eralux (Fabricant LED Canada)\",\"isPartOf\":{\"@id\":\"https:\\\/\\\/eralux.com\\\/fr\\\/#website\"},\"primaryImageOfPage\":{\"@id\":\"https:\\\/\\\/eralux.com\\\/fr\\\/produit\\\/kineta\\\/#primaryimage\"},\"image\":{\"@id\":\"https:\\\/\\\/eralux.com\\\/fr\\\/produit\\\/kineta\\\/#primaryimage\"},\"thumbnailUrl\":\"https:\\\/\\\/eralux.com\\\/wp-content\\\/uploads\\\/2024\\\/01\\\/Kineta-8.png\",\"datePublished\":\"2024-01-03T23:03:08+00:00\",\"dateModified\":\"2025-08-05T13:19:56+00:00\",\"description\":\"Le KINETA est un spot encastr\u00e9 de 4 pouces offrant une gamme d'options optiques ; il peut \u00eatre r\u00e9glable ou fixe. La vari\u00e9t\u00e9 des r\u00e9flecteurs et des finitions disponibles en font un compl\u00e9ment attrayant. Il est disponible en forme ronde ou carr\u00e9e, en plus de l'option ronde sans bordure. Il est disponible en deux options de puissance 20 W - 1600 lm et 25 W - 2000 lm, avec option de double gradation et plusieurs CCT.\",\"breadcrumb\":{\"@id\":\"https:\\\/\\\/eralux.com\\\/fr\\\/produit\\\/kineta\\\/#breadcrumb\"},\"inLanguage\":\"fr-FR\",\"potentialAction\":[{\"@type\":\"ReadAction\",\"target\":[\"https:\\\/\\\/eralux.com\\\/fr\\\/produit\\\/kineta\\\/\"]}]},{\"@type\":\"ImageObject\",\"inLanguage\":\"fr-FR\",\"@id\":\"https:\\\/\\\/eralux.com\\\/fr\\\/produit\\\/kineta\\\/#primaryimage\",\"url\":\"https:\\\/\\\/eralux.com\\\/wp-content\\\/uploads\\\/2024\\\/01\\\/Kineta-8.png\",\"contentUrl\":\"https:\\\/\\\/eralux.com\\\/wp-content\\\/uploads\\\/2024\\\/01\\\/Kineta-8.png\",\"width\":1000,\"height\":1000},{\"@type\":\"BreadcrumbList\",\"@id\":\"https:\\\/\\\/eralux.com\\\/fr\\\/produit\\\/kineta\\\/#breadcrumb\",\"itemListElement\":[{\"@type\":\"ListItem\",\"position\":1,\"name\":\"Home\",\"item\":\"https:\\\/\\\/eralux.com\\\/fr\\\/\"},{\"@type\":\"ListItem\",\"position\":2,\"name\":\"Shop\",\"item\":\"https:\\\/\\\/eralux.com\\\/shop\\\/\"},{\"@type\":\"ListItem\",\"position\":3,\"name\":\"KINETA\"}]},{\"@type\":\"WebSite\",\"@id\":\"https:\\\/\\\/eralux.com\\\/fr\\\/#website\",\"url\":\"https:\\\/\\\/eralux.com\\\/fr\\\/\",\"name\":\"Eralux\",\"description\":\"World leader for Energy Saving LED Solutions\",\"publisher\":{\"@id\":\"https:\\\/\\\/eralux.com\\\/fr\\\/#organization\"},\"alternateName\":\"Led manufacturer Canada\",\"potentialAction\":[{\"@type\":\"SearchAction\",\"target\":{\"@type\":\"EntryPoint\",\"urlTemplate\":\"https:\\\/\\\/eralux.com\\\/fr\\\/?s={search_term_string}\"},\"query-input\":{\"@type\":\"PropertyValueSpecification\",\"valueRequired\":true,\"valueName\":\"search_term_string\"}}],\"inLanguage\":\"fr-FR\"},{\"@type\":\"Organization\",\"@id\":\"https:\\\/\\\/eralux.com\\\/fr\\\/#organization\",\"name\":\"Eralux\",\"url\":\"https:\\\/\\\/eralux.com\\\/fr\\\/\",\"logo\":{\"@type\":\"ImageObject\",\"inLanguage\":\"fr-FR\",\"@id\":\"https:\\\/\\\/eralux.com\\\/fr\\\/#\\\/schema\\\/logo\\\/image\\\/\",\"url\":\"https:\\\/\\\/eralux.com\\\/wp-content\\\/uploads\\\/2024\\\/01\\\/eralux-logo-trademark-R.png\",\"contentUrl\":\"https:\\\/\\\/eralux.com\\\/wp-content\\\/uploads\\\/2024\\\/01\\\/eralux-logo-trademark-R.png\",\"width\":1000,\"height\":446,\"caption\":\"Eralux\"},\"image\":{\"@id\":\"https:\\\/\\\/eralux.com\\\/fr\\\/#\\\/schema\\\/logo\\\/image\\\/\"},\"sameAs\":[\"https:\\\/\\\/www.facebook.com\\\/aeralux.corp\",\"https:\\\/\\\/x.com\\\/eralux_inc\"],\"description\":\"Save on energy with high-performance LED solutions. Choose Eralux for eco-friendly lighting. Explore our range today!\"}]}<\/script>\n<meta property=\"product:price:amount\" content=\"0.00\" \/>\n<meta property=\"product:price:currency\" content=\"CAD\" \/>\n<meta property=\"og:availability\" content=\"instock\" \/>\n<meta property=\"product:availability\" content=\"instock\" \/>\n<meta property=\"product:condition\" content=\"new\" \/>\n<!-- \/ Yoast SEO Premium plugin. -->","yoast_head_json":{"title":"KINETA - Eralux (Fabricant LED Canada)","description":"Le KINETA est un spot encastr\u00e9 de 4 pouces offrant une gamme d'options optiques ; il peut \u00eatre r\u00e9glable ou fixe. La vari\u00e9t\u00e9 des r\u00e9flecteurs et des finitions disponibles en font un compl\u00e9ment attrayant. Il est disponible en forme ronde ou carr\u00e9e, en plus de l'option ronde sans bordure. Il est disponible en deux options de puissance 20 W - 1600 lm et 25 W - 2000 lm, avec option de double gradation et plusieurs CCT.","robots":{"index":"index","follow":"follow","max-snippet":"max-snippet:-1","max-image-preview":"max-image-preview:large","max-video-preview":"max-video-preview:-1"},"canonical":"https:\/\/eralux.com\/fr\/produit\/kineta\/","og_locale":"fr_FR","og_type":"article","og_title":"KINETA","og_description":"Le KINETA est un spot encastr\u00e9 de 4 pouces offrant une gamme d'options optiques ; il peut \u00eatre r\u00e9glable ou fixe. La vari\u00e9t\u00e9 des r\u00e9flecteurs et des finitions disponibles en font un compl\u00e9ment attrayant. Il est disponible en forme ronde ou carr\u00e9e, en plus de l'option ronde sans bordure. Il est disponible en deux options de puissance 20 W - 1600 lm et 25 W - 2000 lm, avec option de double gradation et plusieurs CCT.","og_url":"https:\/\/eralux.com\/fr\/produit\/kineta\/","og_site_name":"Eralux","article_publisher":"https:\/\/www.facebook.com\/aeralux.corp","article_modified_time":"2025-08-05T13:19:56+00:00","og_image":[{"width":1000,"height":1000,"url":"https:\/\/eralux.com\/wp-content\/uploads\/2024\/01\/Kineta-8.png","type":"image\/png"}],"twitter_card":"summary_large_image","twitter_site":"@eralux_inc","twitter_misc":{"Prix":"&#36;0.00","Disponibilit\u00e9":"En stock"},"schema":{"@context":"https:\/\/schema.org","@graph":[{"@type":"WebPage","@id":"https:\/\/eralux.com\/fr\/produit\/kineta\/","url":"https:\/\/eralux.com\/fr\/produit\/kineta\/","name":"KINETA - Eralux (Fabricant LED Canada)","isPartOf":{"@id":"https:\/\/eralux.com\/fr\/#website"},"primaryImageOfPage":{"@id":"https:\/\/eralux.com\/fr\/produit\/kineta\/#primaryimage"},"image":{"@id":"https:\/\/eralux.com\/fr\/produit\/kineta\/#primaryimage"},"thumbnailUrl":"https:\/\/eralux.com\/wp-content\/uploads\/2024\/01\/Kineta-8.png","datePublished":"2024-01-03T23:03:08+00:00","dateModified":"2025-08-05T13:19:56+00:00","description":"Le KINETA est un spot encastr\u00e9 de 4 pouces offrant une gamme d'options optiques ; il peut \u00eatre r\u00e9glable ou fixe. La vari\u00e9t\u00e9 des r\u00e9flecteurs et des finitions disponibles en font un compl\u00e9ment attrayant. Il est disponible en forme ronde ou carr\u00e9e, en plus de l'option ronde sans bordure. Il est disponible en deux options de puissance 20 W - 1600 lm et 25 W - 2000 lm, avec option de double gradation et plusieurs CCT.","breadcrumb":{"@id":"https:\/\/eralux.com\/fr\/produit\/kineta\/#breadcrumb"},"inLanguage":"fr-FR","potentialAction":[{"@type":"ReadAction","target":["https:\/\/eralux.com\/fr\/produit\/kineta\/"]}]},{"@type":"ImageObject","inLanguage":"fr-FR","@id":"https:\/\/eralux.com\/fr\/produit\/kineta\/#primaryimage","url":"https:\/\/eralux.com\/wp-content\/uploads\/2024\/01\/Kineta-8.png","contentUrl":"https:\/\/eralux.com\/wp-content\/uploads\/2024\/01\/Kineta-8.png","width":1000,"height":1000},{"@type":"BreadcrumbList","@id":"https:\/\/eralux.com\/fr\/produit\/kineta\/#breadcrumb","itemListElement":[{"@type":"ListItem","position":1,"name":"Home","item":"https:\/\/eralux.com\/fr\/"},{"@type":"ListItem","position":2,"name":"Shop","item":"https:\/\/eralux.com\/shop\/"},{"@type":"ListItem","position":3,"name":"KINETA"}]},{"@type":"WebSite","@id":"https:\/\/eralux.com\/fr\/#website","url":"https:\/\/eralux.com\/fr\/","name":"Eralux","description":"World leader for Energy Saving LED Solutions","publisher":{"@id":"https:\/\/eralux.com\/fr\/#organization"},"alternateName":"Led manufacturer Canada","potentialAction":[{"@type":"SearchAction","target":{"@type":"EntryPoint","urlTemplate":"https:\/\/eralux.com\/fr\/?s={search_term_string}"},"query-input":{"@type":"PropertyValueSpecification","valueRequired":true,"valueName":"search_term_string"}}],"inLanguage":"fr-FR"},{"@type":"Organization","@id":"https:\/\/eralux.com\/fr\/#organization","name":"Eralux","url":"https:\/\/eralux.com\/fr\/","logo":{"@type":"ImageObject","inLanguage":"fr-FR","@id":"https:\/\/eralux.com\/fr\/#\/schema\/logo\/image\/","url":"https:\/\/eralux.com\/wp-content\/uploads\/2024\/01\/eralux-logo-trademark-R.png","contentUrl":"https:\/\/eralux.com\/wp-content\/uploads\/2024\/01\/eralux-logo-trademark-R.png","width":1000,"height":446,"caption":"Eralux"},"image":{"@id":"https:\/\/eralux.com\/fr\/#\/schema\/logo\/image\/"},"sameAs":["https:\/\/www.facebook.com\/aeralux.corp","https:\/\/x.com\/eralux_inc"],"description":"Save on energy with high-performance LED solutions. Choose Eralux for eco-friendly lighting. Explore our range today!"}]},"product_price_amount":"0.00","product_price_currency":"CAD","og_availability":"instock","product_availability":"instock","product_condition":"new"},"_links":{"self":[{"href":"https:\/\/eralux.com\/fr\/wp-json\/wp\/v2\/product\/4358","targetHints":{"allow":["GET"]}}],"collection":[{"href":"https:\/\/eralux.com\/fr\/wp-json\/wp\/v2\/product"}],"about":[{"href":"https:\/\/eralux.com\/fr\/wp-json\/wp\/v2\/types\/product"}],"replies":[{"embeddable":true,"href":"https:\/\/eralux.com\/fr\/wp-json\/wp\/v2\/comments?post=4358"}],"wp:featuredmedia":[{"embeddable":true,"href":"https:\/\/eralux.com\/fr\/wp-json\/wp\/v2\/media\/7616"}],"wp:attachment":[{"href":"https:\/\/eralux.com\/fr\/wp-json\/wp\/v2\/media?parent=4358"}],"wp:term":[{"taxonomy":"product_brand","embeddable":true,"href":"https:\/\/eralux.com\/fr\/wp-json\/wp\/v2\/product_brand?post=4358"},{"taxonomy":"product_cat","embeddable":true,"href":"https:\/\/eralux.com\/fr\/wp-json\/wp\/v2\/product_cat?post=4358"},{"taxonomy":"product_tag","embeddable":true,"href":"https:\/\/eralux.com\/fr\/wp-json\/wp\/v2\/product_tag?post=4358"}],"curies":[{"name":"wp","href":"https:\/\/api.w.org\/{rel}","templated":true}]}}