{"id":4507,"date":"2024-01-04T15:29:59","date_gmt":"2024-01-04T15:29:59","guid":{"rendered":"https:\/\/eralux.com\/?post_type=product&#038;p=4507"},"modified":"2025-05-15T20:55:13","modified_gmt":"2025-05-15T20:55:13","slug":"halo-track-h1","status":"publish","type":"product","link":"https:\/\/eralux.com\/fr\/produit\/halo-track-h1\/","title":{"rendered":"ERALUX TRACK-H1"},"content":{"rendered":"<p>ERALUX Track H1 est compatible avec les adaptateurs Halo \u00e0 circuit unique. Le syst\u00e8me de distribution d&#8217;\u00e9nergie et de rails est adapt\u00e9 \u00e0 la vente au d\u00e9tail, aux commerces et aux habitations. Livr\u00e9 en standard avec un H10009 (capuchon d&#8217;extr\u00e9mit\u00e9) install\u00e9. Fabriqu\u00e9 avec une poutre en aluminium extrud\u00e9 en &#8220;I&#8221; combin\u00e9e \u00e0 un isolant thermoplastique et \u00e0 trois conducteurs en cuivre massif AWG.<\/p>\n","protected":false},"excerpt":{"rendered":"<p>Eralux-H1 Halo Compatible<\/p>\n","protected":false},"featured_media":7825,"comment_status":"open","ping_status":"closed","template":"","meta":{"inline_featured_image":false},"product_brand":[],"product_cat":[1636],"product_tag":[],"class_list":{"0":"post-4507","1":"product","2":"type-product","3":"status-publish","4":"has-post-thumbnail","6":"spec_sheets-blk-fr","7":"spec_sheets-wht-fr-2","8":"spec_sheets-2-fr","9":"spec_sheets-4-fr","10":"spec_sheets-6-fr","11":"spec_sheets-8-fr","12":"spec_sheets-finition","13":"spec_sheets-longueur","14":"product_applications-bureau-commercial","15":"product_applications-magasin-de-mode","16":"product_applications-magasin-de-detail","17":"product_segments-systemes-de-rail","18":"product_cat-h1-fr","20":"first","21":"instock","22":"shipping-taxable","23":"purchasable","24":"product-type-simple"},"yoast_head":"<!-- This site is optimized with the Yoast SEO Premium plugin v24.2 (Yoast SEO v27.5) - https:\/\/yoast.com\/product\/yoast-seo-premium-wordpress\/ -->\n<title>ERALUX TRACK-H1 - Eralux<\/title>\n<meta name=\"description\" content=\"ERALUX Track H1 est compatible avec les adaptateurs Halo \u00e0 circuit unique. Le syst\u00e8me de distribution d&#039;\u00e9nergie et de rails est adapt\u00e9 \u00e0 la vente au d\u00e9tail, aux commerces et aux habitations. Livr\u00e9 en standard avec un H10009 (capuchon d&#039;extr\u00e9mit\u00e9) install\u00e9. Fabriqu\u00e9 avec une poutre en aluminium extrud\u00e9 en &quot;I&quot; combin\u00e9e \u00e0 un isolant thermoplastique et \u00e0 trois conducteurs en cuivre massif AWG.\" \/>\n<meta name=\"robots\" content=\"index, follow, max-snippet:-1, max-image-preview:large, max-video-preview:-1\" \/>\n<link rel=\"canonical\" href=\"https:\/\/eralux.com\/fr\/produit\/halo-track-h1\/\" \/>\n<meta property=\"og:locale\" content=\"fr_FR\" \/>\n<meta property=\"og:type\" content=\"article\" \/>\n<meta property=\"og:title\" content=\"ERALUX TRACK-H1\" \/>\n<meta property=\"og:description\" content=\"ERALUX Track H1 est compatible avec les adaptateurs Halo \u00e0 circuit unique. Le syst\u00e8me de distribution d&#039;\u00e9nergie et de rails est adapt\u00e9 \u00e0 la vente au d\u00e9tail, aux commerces et aux habitations. Livr\u00e9 en standard avec un H10009 (capuchon d&#039;extr\u00e9mit\u00e9) install\u00e9. Fabriqu\u00e9 avec une poutre en aluminium extrud\u00e9 en &quot;I&quot; combin\u00e9e \u00e0 un isolant thermoplastique et \u00e0 trois conducteurs en cuivre massif AWG.\" \/>\n<meta property=\"og:url\" content=\"https:\/\/eralux.com\/fr\/produit\/halo-track-h1\/\" \/>\n<meta property=\"og:site_name\" content=\"Eralux\" \/>\n<meta property=\"article:publisher\" content=\"https:\/\/www.facebook.com\/aeralux.corp\" \/>\n<meta property=\"article:modified_time\" content=\"2025-05-15T20:55:13+00:00\" \/>\n<meta property=\"og:image\" content=\"https:\/\/eralux.com\/wp-content\/uploads\/2024\/01\/H2-2.png\" \/>\n\t<meta property=\"og:image:width\" content=\"1000\" \/>\n\t<meta property=\"og:image:height\" content=\"1000\" \/>\n\t<meta property=\"og:image:type\" content=\"image\/png\" \/>\n<meta name=\"twitter:card\" content=\"summary_large_image\" \/>\n<meta name=\"twitter:site\" content=\"@eralux_inc\" \/>\n<meta name=\"twitter:label1\" content=\"Prix\" \/>\n\t<meta name=\"twitter:data1\" content=\"&#036;0.00\" \/>\n\t<meta name=\"twitter:label2\" content=\"Disponibilit\u00e9\" \/>\n\t<meta name=\"twitter:data2\" content=\"En stock\" \/>\n<script type=\"application\/ld+json\" class=\"yoast-schema-graph\">{\"@context\":\"https:\\\/\\\/schema.org\",\"@graph\":[{\"@type\":\"WebPage\",\"@id\":\"https:\\\/\\\/eralux.com\\\/fr\\\/produit\\\/halo-track-h1\\\/\",\"url\":\"https:\\\/\\\/eralux.com\\\/fr\\\/produit\\\/halo-track-h1\\\/\",\"name\":\"ERALUX TRACK-H1 - Eralux\",\"isPartOf\":{\"@id\":\"https:\\\/\\\/eralux.com\\\/fr\\\/#website\"},\"primaryImageOfPage\":{\"@id\":\"https:\\\/\\\/eralux.com\\\/fr\\\/produit\\\/halo-track-h1\\\/#primaryimage\"},\"image\":{\"@id\":\"https:\\\/\\\/eralux.com\\\/fr\\\/produit\\\/halo-track-h1\\\/#primaryimage\"},\"thumbnailUrl\":\"https:\\\/\\\/eralux.com\\\/wp-content\\\/uploads\\\/2024\\\/01\\\/H2-2.png\",\"datePublished\":\"2024-01-04T15:29:59+00:00\",\"dateModified\":\"2025-05-15T20:55:13+00:00\",\"description\":\"ERALUX Track H1 est compatible avec les adaptateurs Halo \u00e0 circuit unique. Le syst\u00e8me de distribution d'\u00e9nergie et de rails est adapt\u00e9 \u00e0 la vente au d\u00e9tail, aux commerces et aux habitations. Livr\u00e9 en standard avec un H10009 (capuchon d'extr\u00e9mit\u00e9) install\u00e9. Fabriqu\u00e9 avec une poutre en aluminium extrud\u00e9 en \\\"I\\\" combin\u00e9e \u00e0 un isolant thermoplastique et \u00e0 trois conducteurs en cuivre massif AWG.\",\"breadcrumb\":{\"@id\":\"https:\\\/\\\/eralux.com\\\/fr\\\/produit\\\/halo-track-h1\\\/#breadcrumb\"},\"inLanguage\":\"fr-FR\",\"potentialAction\":[{\"@type\":\"ReadAction\",\"target\":[\"https:\\\/\\\/eralux.com\\\/fr\\\/produit\\\/halo-track-h1\\\/\"]}]},{\"@type\":\"ImageObject\",\"inLanguage\":\"fr-FR\",\"@id\":\"https:\\\/\\\/eralux.com\\\/fr\\\/produit\\\/halo-track-h1\\\/#primaryimage\",\"url\":\"https:\\\/\\\/eralux.com\\\/wp-content\\\/uploads\\\/2024\\\/01\\\/H2-2.png\",\"contentUrl\":\"https:\\\/\\\/eralux.com\\\/wp-content\\\/uploads\\\/2024\\\/01\\\/H2-2.png\",\"width\":1000,\"height\":1000},{\"@type\":\"BreadcrumbList\",\"@id\":\"https:\\\/\\\/eralux.com\\\/fr\\\/produit\\\/halo-track-h1\\\/#breadcrumb\",\"itemListElement\":[{\"@type\":\"ListItem\",\"position\":1,\"name\":\"Home\",\"item\":\"https:\\\/\\\/eralux.com\\\/fr\\\/\"},{\"@type\":\"ListItem\",\"position\":2,\"name\":\"Shop\",\"item\":\"https:\\\/\\\/eralux.com\\\/shop\\\/\"},{\"@type\":\"ListItem\",\"position\":3,\"name\":\"ERALUX TRACK-H1\"}]},{\"@type\":\"WebSite\",\"@id\":\"https:\\\/\\\/eralux.com\\\/fr\\\/#website\",\"url\":\"https:\\\/\\\/eralux.com\\\/fr\\\/\",\"name\":\"Eralux\",\"description\":\"World leader for Energy Saving LED Solutions\",\"publisher\":{\"@id\":\"https:\\\/\\\/eralux.com\\\/fr\\\/#organization\"},\"alternateName\":\"Led manufacturer Canada\",\"potentialAction\":[{\"@type\":\"SearchAction\",\"target\":{\"@type\":\"EntryPoint\",\"urlTemplate\":\"https:\\\/\\\/eralux.com\\\/fr\\\/?s={search_term_string}\"},\"query-input\":{\"@type\":\"PropertyValueSpecification\",\"valueRequired\":true,\"valueName\":\"search_term_string\"}}],\"inLanguage\":\"fr-FR\"},{\"@type\":\"Organization\",\"@id\":\"https:\\\/\\\/eralux.com\\\/fr\\\/#organization\",\"name\":\"Eralux\",\"url\":\"https:\\\/\\\/eralux.com\\\/fr\\\/\",\"logo\":{\"@type\":\"ImageObject\",\"inLanguage\":\"fr-FR\",\"@id\":\"https:\\\/\\\/eralux.com\\\/fr\\\/#\\\/schema\\\/logo\\\/image\\\/\",\"url\":\"https:\\\/\\\/eralux.com\\\/wp-content\\\/uploads\\\/2024\\\/01\\\/eralux-logo-trademark-R.png\",\"contentUrl\":\"https:\\\/\\\/eralux.com\\\/wp-content\\\/uploads\\\/2024\\\/01\\\/eralux-logo-trademark-R.png\",\"width\":1000,\"height\":446,\"caption\":\"Eralux\"},\"image\":{\"@id\":\"https:\\\/\\\/eralux.com\\\/fr\\\/#\\\/schema\\\/logo\\\/image\\\/\"},\"sameAs\":[\"https:\\\/\\\/www.facebook.com\\\/aeralux.corp\",\"https:\\\/\\\/x.com\\\/eralux_inc\"],\"description\":\"Save on energy with high-performance LED solutions. Choose Eralux for eco-friendly lighting. Explore our range today!\"}]}<\/script>\n<meta property=\"product:price:amount\" content=\"0.00\" \/>\n<meta property=\"product:price:currency\" content=\"CAD\" \/>\n<meta property=\"og:availability\" content=\"instock\" \/>\n<meta property=\"product:availability\" content=\"instock\" \/>\n<meta property=\"product:condition\" content=\"new\" \/>\n<!-- \/ Yoast SEO Premium plugin. -->","yoast_head_json":{"title":"ERALUX TRACK-H1 - Eralux","description":"ERALUX Track H1 est compatible avec les adaptateurs Halo \u00e0 circuit unique. Le syst\u00e8me de distribution d'\u00e9nergie et de rails est adapt\u00e9 \u00e0 la vente au d\u00e9tail, aux commerces et aux habitations. Livr\u00e9 en standard avec un H10009 (capuchon d'extr\u00e9mit\u00e9) install\u00e9. Fabriqu\u00e9 avec une poutre en aluminium extrud\u00e9 en \"I\" combin\u00e9e \u00e0 un isolant thermoplastique et \u00e0 trois conducteurs en cuivre massif AWG.","robots":{"index":"index","follow":"follow","max-snippet":"max-snippet:-1","max-image-preview":"max-image-preview:large","max-video-preview":"max-video-preview:-1"},"canonical":"https:\/\/eralux.com\/fr\/produit\/halo-track-h1\/","og_locale":"fr_FR","og_type":"article","og_title":"ERALUX TRACK-H1","og_description":"ERALUX Track H1 est compatible avec les adaptateurs Halo \u00e0 circuit unique. Le syst\u00e8me de distribution d'\u00e9nergie et de rails est adapt\u00e9 \u00e0 la vente au d\u00e9tail, aux commerces et aux habitations. Livr\u00e9 en standard avec un H10009 (capuchon d'extr\u00e9mit\u00e9) install\u00e9. Fabriqu\u00e9 avec une poutre en aluminium extrud\u00e9 en \"I\" combin\u00e9e \u00e0 un isolant thermoplastique et \u00e0 trois conducteurs en cuivre massif AWG.","og_url":"https:\/\/eralux.com\/fr\/produit\/halo-track-h1\/","og_site_name":"Eralux","article_publisher":"https:\/\/www.facebook.com\/aeralux.corp","article_modified_time":"2025-05-15T20:55:13+00:00","og_image":[{"width":1000,"height":1000,"url":"https:\/\/eralux.com\/wp-content\/uploads\/2024\/01\/H2-2.png","type":"image\/png"}],"twitter_card":"summary_large_image","twitter_site":"@eralux_inc","twitter_misc":{"Prix":"&#36;0.00","Disponibilit\u00e9":"En stock"},"schema":{"@context":"https:\/\/schema.org","@graph":[{"@type":"WebPage","@id":"https:\/\/eralux.com\/fr\/produit\/halo-track-h1\/","url":"https:\/\/eralux.com\/fr\/produit\/halo-track-h1\/","name":"ERALUX TRACK-H1 - Eralux","isPartOf":{"@id":"https:\/\/eralux.com\/fr\/#website"},"primaryImageOfPage":{"@id":"https:\/\/eralux.com\/fr\/produit\/halo-track-h1\/#primaryimage"},"image":{"@id":"https:\/\/eralux.com\/fr\/produit\/halo-track-h1\/#primaryimage"},"thumbnailUrl":"https:\/\/eralux.com\/wp-content\/uploads\/2024\/01\/H2-2.png","datePublished":"2024-01-04T15:29:59+00:00","dateModified":"2025-05-15T20:55:13+00:00","description":"ERALUX Track H1 est compatible avec les adaptateurs Halo \u00e0 circuit unique. Le syst\u00e8me de distribution d'\u00e9nergie et de rails est adapt\u00e9 \u00e0 la vente au d\u00e9tail, aux commerces et aux habitations. Livr\u00e9 en standard avec un H10009 (capuchon d'extr\u00e9mit\u00e9) install\u00e9. Fabriqu\u00e9 avec une poutre en aluminium extrud\u00e9 en \"I\" combin\u00e9e \u00e0 un isolant thermoplastique et \u00e0 trois conducteurs en cuivre massif AWG.","breadcrumb":{"@id":"https:\/\/eralux.com\/fr\/produit\/halo-track-h1\/#breadcrumb"},"inLanguage":"fr-FR","potentialAction":[{"@type":"ReadAction","target":["https:\/\/eralux.com\/fr\/produit\/halo-track-h1\/"]}]},{"@type":"ImageObject","inLanguage":"fr-FR","@id":"https:\/\/eralux.com\/fr\/produit\/halo-track-h1\/#primaryimage","url":"https:\/\/eralux.com\/wp-content\/uploads\/2024\/01\/H2-2.png","contentUrl":"https:\/\/eralux.com\/wp-content\/uploads\/2024\/01\/H2-2.png","width":1000,"height":1000},{"@type":"BreadcrumbList","@id":"https:\/\/eralux.com\/fr\/produit\/halo-track-h1\/#breadcrumb","itemListElement":[{"@type":"ListItem","position":1,"name":"Home","item":"https:\/\/eralux.com\/fr\/"},{"@type":"ListItem","position":2,"name":"Shop","item":"https:\/\/eralux.com\/shop\/"},{"@type":"ListItem","position":3,"name":"ERALUX TRACK-H1"}]},{"@type":"WebSite","@id":"https:\/\/eralux.com\/fr\/#website","url":"https:\/\/eralux.com\/fr\/","name":"Eralux","description":"World leader for Energy Saving LED Solutions","publisher":{"@id":"https:\/\/eralux.com\/fr\/#organization"},"alternateName":"Led manufacturer Canada","potentialAction":[{"@type":"SearchAction","target":{"@type":"EntryPoint","urlTemplate":"https:\/\/eralux.com\/fr\/?s={search_term_string}"},"query-input":{"@type":"PropertyValueSpecification","valueRequired":true,"valueName":"search_term_string"}}],"inLanguage":"fr-FR"},{"@type":"Organization","@id":"https:\/\/eralux.com\/fr\/#organization","name":"Eralux","url":"https:\/\/eralux.com\/fr\/","logo":{"@type":"ImageObject","inLanguage":"fr-FR","@id":"https:\/\/eralux.com\/fr\/#\/schema\/logo\/image\/","url":"https:\/\/eralux.com\/wp-content\/uploads\/2024\/01\/eralux-logo-trademark-R.png","contentUrl":"https:\/\/eralux.com\/wp-content\/uploads\/2024\/01\/eralux-logo-trademark-R.png","width":1000,"height":446,"caption":"Eralux"},"image":{"@id":"https:\/\/eralux.com\/fr\/#\/schema\/logo\/image\/"},"sameAs":["https:\/\/www.facebook.com\/aeralux.corp","https:\/\/x.com\/eralux_inc"],"description":"Save on energy with high-performance LED solutions. Choose Eralux for eco-friendly lighting. Explore our range today!"}]},"product_price_amount":"0.00","product_price_currency":"CAD","og_availability":"instock","product_availability":"instock","product_condition":"new"},"_links":{"self":[{"href":"https:\/\/eralux.com\/fr\/wp-json\/wp\/v2\/product\/4507","targetHints":{"allow":["GET"]}}],"collection":[{"href":"https:\/\/eralux.com\/fr\/wp-json\/wp\/v2\/product"}],"about":[{"href":"https:\/\/eralux.com\/fr\/wp-json\/wp\/v2\/types\/product"}],"replies":[{"embeddable":true,"href":"https:\/\/eralux.com\/fr\/wp-json\/wp\/v2\/comments?post=4507"}],"wp:featuredmedia":[{"embeddable":true,"href":"https:\/\/eralux.com\/fr\/wp-json\/wp\/v2\/media\/7825"}],"wp:attachment":[{"href":"https:\/\/eralux.com\/fr\/wp-json\/wp\/v2\/media?parent=4507"}],"wp:term":[{"taxonomy":"product_brand","embeddable":true,"href":"https:\/\/eralux.com\/fr\/wp-json\/wp\/v2\/product_brand?post=4507"},{"taxonomy":"product_cat","embeddable":true,"href":"https:\/\/eralux.com\/fr\/wp-json\/wp\/v2\/product_cat?post=4507"},{"taxonomy":"product_tag","embeddable":true,"href":"https:\/\/eralux.com\/fr\/wp-json\/wp\/v2\/product_tag?post=4507"}],"curies":[{"name":"wp","href":"https:\/\/api.w.org\/{rel}","templated":true}]}}