{"id":4599,"date":"2024-01-04T16:52:56","date_gmt":"2024-01-04T16:52:56","guid":{"rendered":"https:\/\/eralux.com\/?post_type=product&#038;p=4599"},"modified":"2025-11-26T22:22:54","modified_gmt":"2025-11-26T22:22:54","slug":"aeh-0lp00","status":"publish","type":"product","link":"https:\/\/eralux.com\/fr\/produit\/aeh-0lp00\/","title":{"rendered":"AEH-0LP00"},"content":{"rendered":"<p>The AEH-0LP00 can be used with Long Neck PAR30 lamps as well as PAR16, PAR20, and PAR38 lamps. La fente de r\u00e9glage de la glissi\u00e8re verticale permet d&#8217;obtenir de nombreuses hauteurs de luminaires. La conception du montage en demi-lune minimise la pr\u00e9sence de l&#8217;appareil. Orientation pr\u00e9cise et rigide et rotation horizontale de 350\u00b0. Interrupteur ON\/OFF int\u00e9gr\u00e9 et indicateur de polarit\u00e9 de la voie sont standard, avec une puissance maximale de 250W. Lampe non incluse (vendue s\u00e9par\u00e9ment)<\/p>\n","protected":false},"excerpt":{"rendered":"<p>Cardans de tension de ligne<\/p>\n","protected":false},"featured_media":7858,"comment_status":"open","ping_status":"closed","template":"","meta":{"inline_featured_image":false},"product_brand":[],"product_cat":[1231],"product_tag":[],"class_list":{"0":"post-4599","1":"product","2":"type-product","3":"status-publish","4":"has-post-thumbnail","6":"spec_sheets-j1-fr","7":"spec_sheets-g1-fr","8":"spec_sheets-h1-fr","9":"spec_sheets-l1-fr","10":"spec_sheets-wh-fr","11":"spec_sheets-bk-fr","12":"spec_sheets-sv-fr","13":"spec_sheets-adapteur","14":"spec_sheets-finition","15":"product_applications-bureau-commercial","16":"product_applications-education-fr","17":"product_applications-magasin-de-mode","18":"product_applications-sante","19":"product_applications-hotellerie","20":"product_segments-gimbals-fr","21":"product_cat-aeh-0lp00-fr","23":"first","24":"instock","25":"shipping-taxable","26":"purchasable","27":"product-type-simple"},"yoast_head":"<!-- This site is optimized with the Yoast SEO Premium plugin v24.2 (Yoast SEO v27.5) - https:\/\/yoast.com\/product\/yoast-seo-premium-wordpress\/ -->\n<title>AEH-0LP00 - Eralux<\/title>\n<meta name=\"description\" content=\"The AEH-0LP00 can be used with Long Neck PAR30 lamps as well as PAR16, PAR20, and PAR38 lamps. La fente de r\u00e9glage de la glissi\u00e8re verticale permet d&#039;obtenir de nombreuses hauteurs de luminaires. La conception du montage en demi-lune minimise la pr\u00e9sence de l&#039;appareil. Orientation pr\u00e9cise et rigide et rotation horizontale de 350\u00b0. Interrupteur ON\/OFF int\u00e9gr\u00e9 et indicateur de polarit\u00e9 de la voie sont standard, avec une puissance maximale de 250W. Lampe non incluse (vendue s\u00e9par\u00e9ment)\" \/>\n<meta name=\"robots\" content=\"index, follow, max-snippet:-1, max-image-preview:large, max-video-preview:-1\" \/>\n<link rel=\"canonical\" href=\"https:\/\/eralux.com\/fr\/produit\/aeh-0lp00\/\" \/>\n<meta property=\"og:locale\" content=\"fr_FR\" \/>\n<meta property=\"og:type\" content=\"article\" \/>\n<meta property=\"og:title\" content=\"AEH-0LP00\" \/>\n<meta property=\"og:description\" content=\"The AEH-0LP00 can be used with Long Neck PAR30 lamps as well as PAR16, PAR20, and PAR38 lamps. La fente de r\u00e9glage de la glissi\u00e8re verticale permet d&#039;obtenir de nombreuses hauteurs de luminaires. La conception du montage en demi-lune minimise la pr\u00e9sence de l&#039;appareil. Orientation pr\u00e9cise et rigide et rotation horizontale de 350\u00b0. Interrupteur ON\/OFF int\u00e9gr\u00e9 et indicateur de polarit\u00e9 de la voie sont standard, avec une puissance maximale de 250W. Lampe non incluse (vendue s\u00e9par\u00e9ment)\" \/>\n<meta property=\"og:url\" content=\"https:\/\/eralux.com\/fr\/produit\/aeh-0lp00\/\" \/>\n<meta property=\"og:site_name\" content=\"Eralux\" \/>\n<meta property=\"article:publisher\" content=\"https:\/\/www.facebook.com\/aeralux.corp\" \/>\n<meta property=\"article:modified_time\" content=\"2025-11-26T22:22:54+00:00\" \/>\n<meta property=\"og:image\" content=\"https:\/\/eralux.com\/wp-content\/uploads\/2024\/01\/0LP00-1-1.png\" \/>\n\t<meta property=\"og:image:width\" content=\"1000\" \/>\n\t<meta property=\"og:image:height\" content=\"1000\" \/>\n\t<meta property=\"og:image:type\" content=\"image\/png\" \/>\n<meta name=\"twitter:card\" content=\"summary_large_image\" \/>\n<meta name=\"twitter:site\" content=\"@eralux_inc\" \/>\n<meta name=\"twitter:label1\" content=\"Prix\" \/>\n\t<meta name=\"twitter:data1\" content=\"&#036;0.00\" \/>\n\t<meta name=\"twitter:label2\" content=\"Disponibilit\u00e9\" \/>\n\t<meta name=\"twitter:data2\" content=\"En stock\" \/>\n<script type=\"application\/ld+json\" class=\"yoast-schema-graph\">{\"@context\":\"https:\\\/\\\/schema.org\",\"@graph\":[{\"@type\":\"WebPage\",\"@id\":\"https:\\\/\\\/eralux.com\\\/fr\\\/produit\\\/aeh-0lp00\\\/\",\"url\":\"https:\\\/\\\/eralux.com\\\/fr\\\/produit\\\/aeh-0lp00\\\/\",\"name\":\"AEH-0LP00 - Eralux\",\"isPartOf\":{\"@id\":\"https:\\\/\\\/eralux.com\\\/fr\\\/#website\"},\"primaryImageOfPage\":{\"@id\":\"https:\\\/\\\/eralux.com\\\/fr\\\/produit\\\/aeh-0lp00\\\/#primaryimage\"},\"image\":{\"@id\":\"https:\\\/\\\/eralux.com\\\/fr\\\/produit\\\/aeh-0lp00\\\/#primaryimage\"},\"thumbnailUrl\":\"https:\\\/\\\/eralux.com\\\/wp-content\\\/uploads\\\/2024\\\/01\\\/0LP00-1-1.png\",\"datePublished\":\"2024-01-04T16:52:56+00:00\",\"dateModified\":\"2025-11-26T22:22:54+00:00\",\"description\":\"The AEH-0LP00 can be used with Long Neck PAR30 lamps as well as PAR16, PAR20, and PAR38 lamps. La fente de r\u00e9glage de la glissi\u00e8re verticale permet d'obtenir de nombreuses hauteurs de luminaires. La conception du montage en demi-lune minimise la pr\u00e9sence de l'appareil. Orientation pr\u00e9cise et rigide et rotation horizontale de 350\u00b0. Interrupteur ON\\\/OFF int\u00e9gr\u00e9 et indicateur de polarit\u00e9 de la voie sont standard, avec une puissance maximale de 250W. Lampe non incluse (vendue s\u00e9par\u00e9ment)\",\"breadcrumb\":{\"@id\":\"https:\\\/\\\/eralux.com\\\/fr\\\/produit\\\/aeh-0lp00\\\/#breadcrumb\"},\"inLanguage\":\"fr-FR\",\"potentialAction\":[{\"@type\":\"ReadAction\",\"target\":[\"https:\\\/\\\/eralux.com\\\/fr\\\/produit\\\/aeh-0lp00\\\/\"]}]},{\"@type\":\"ImageObject\",\"inLanguage\":\"fr-FR\",\"@id\":\"https:\\\/\\\/eralux.com\\\/fr\\\/produit\\\/aeh-0lp00\\\/#primaryimage\",\"url\":\"https:\\\/\\\/eralux.com\\\/wp-content\\\/uploads\\\/2024\\\/01\\\/0LP00-1-1.png\",\"contentUrl\":\"https:\\\/\\\/eralux.com\\\/wp-content\\\/uploads\\\/2024\\\/01\\\/0LP00-1-1.png\",\"width\":1000,\"height\":1000},{\"@type\":\"BreadcrumbList\",\"@id\":\"https:\\\/\\\/eralux.com\\\/fr\\\/produit\\\/aeh-0lp00\\\/#breadcrumb\",\"itemListElement\":[{\"@type\":\"ListItem\",\"position\":1,\"name\":\"Home\",\"item\":\"https:\\\/\\\/eralux.com\\\/fr\\\/\"},{\"@type\":\"ListItem\",\"position\":2,\"name\":\"Shop\",\"item\":\"https:\\\/\\\/eralux.com\\\/shop\\\/\"},{\"@type\":\"ListItem\",\"position\":3,\"name\":\"AEH-0LP00\"}]},{\"@type\":\"WebSite\",\"@id\":\"https:\\\/\\\/eralux.com\\\/fr\\\/#website\",\"url\":\"https:\\\/\\\/eralux.com\\\/fr\\\/\",\"name\":\"Eralux\",\"description\":\"World leader for Energy Saving LED Solutions\",\"publisher\":{\"@id\":\"https:\\\/\\\/eralux.com\\\/fr\\\/#organization\"},\"alternateName\":\"Led manufacturer Canada\",\"potentialAction\":[{\"@type\":\"SearchAction\",\"target\":{\"@type\":\"EntryPoint\",\"urlTemplate\":\"https:\\\/\\\/eralux.com\\\/fr\\\/?s={search_term_string}\"},\"query-input\":{\"@type\":\"PropertyValueSpecification\",\"valueRequired\":true,\"valueName\":\"search_term_string\"}}],\"inLanguage\":\"fr-FR\"},{\"@type\":\"Organization\",\"@id\":\"https:\\\/\\\/eralux.com\\\/fr\\\/#organization\",\"name\":\"Eralux\",\"url\":\"https:\\\/\\\/eralux.com\\\/fr\\\/\",\"logo\":{\"@type\":\"ImageObject\",\"inLanguage\":\"fr-FR\",\"@id\":\"https:\\\/\\\/eralux.com\\\/fr\\\/#\\\/schema\\\/logo\\\/image\\\/\",\"url\":\"https:\\\/\\\/eralux.com\\\/wp-content\\\/uploads\\\/2024\\\/01\\\/eralux-logo-trademark-R.png\",\"contentUrl\":\"https:\\\/\\\/eralux.com\\\/wp-content\\\/uploads\\\/2024\\\/01\\\/eralux-logo-trademark-R.png\",\"width\":1000,\"height\":446,\"caption\":\"Eralux\"},\"image\":{\"@id\":\"https:\\\/\\\/eralux.com\\\/fr\\\/#\\\/schema\\\/logo\\\/image\\\/\"},\"sameAs\":[\"https:\\\/\\\/www.facebook.com\\\/aeralux.corp\",\"https:\\\/\\\/x.com\\\/eralux_inc\"],\"description\":\"Save on energy with high-performance LED solutions. Choose Eralux for eco-friendly lighting. Explore our range today!\"}]}<\/script>\n<meta property=\"product:price:amount\" content=\"0.00\" \/>\n<meta property=\"product:price:currency\" content=\"CAD\" \/>\n<meta property=\"og:availability\" content=\"instock\" \/>\n<meta property=\"product:availability\" content=\"instock\" \/>\n<meta property=\"product:condition\" content=\"new\" \/>\n<!-- \/ Yoast SEO Premium plugin. -->","yoast_head_json":{"title":"AEH-0LP00 - Eralux","description":"The AEH-0LP00 can be used with Long Neck PAR30 lamps as well as PAR16, PAR20, and PAR38 lamps. La fente de r\u00e9glage de la glissi\u00e8re verticale permet d'obtenir de nombreuses hauteurs de luminaires. La conception du montage en demi-lune minimise la pr\u00e9sence de l'appareil. Orientation pr\u00e9cise et rigide et rotation horizontale de 350\u00b0. Interrupteur ON\/OFF int\u00e9gr\u00e9 et indicateur de polarit\u00e9 de la voie sont standard, avec une puissance maximale de 250W. Lampe non incluse (vendue s\u00e9par\u00e9ment)","robots":{"index":"index","follow":"follow","max-snippet":"max-snippet:-1","max-image-preview":"max-image-preview:large","max-video-preview":"max-video-preview:-1"},"canonical":"https:\/\/eralux.com\/fr\/produit\/aeh-0lp00\/","og_locale":"fr_FR","og_type":"article","og_title":"AEH-0LP00","og_description":"The AEH-0LP00 can be used with Long Neck PAR30 lamps as well as PAR16, PAR20, and PAR38 lamps. La fente de r\u00e9glage de la glissi\u00e8re verticale permet d'obtenir de nombreuses hauteurs de luminaires. La conception du montage en demi-lune minimise la pr\u00e9sence de l'appareil. Orientation pr\u00e9cise et rigide et rotation horizontale de 350\u00b0. Interrupteur ON\/OFF int\u00e9gr\u00e9 et indicateur de polarit\u00e9 de la voie sont standard, avec une puissance maximale de 250W. Lampe non incluse (vendue s\u00e9par\u00e9ment)","og_url":"https:\/\/eralux.com\/fr\/produit\/aeh-0lp00\/","og_site_name":"Eralux","article_publisher":"https:\/\/www.facebook.com\/aeralux.corp","article_modified_time":"2025-11-26T22:22:54+00:00","og_image":[{"width":1000,"height":1000,"url":"https:\/\/eralux.com\/wp-content\/uploads\/2024\/01\/0LP00-1-1.png","type":"image\/png"}],"twitter_card":"summary_large_image","twitter_site":"@eralux_inc","twitter_misc":{"Prix":"&#36;0.00","Disponibilit\u00e9":"En stock"},"schema":{"@context":"https:\/\/schema.org","@graph":[{"@type":"WebPage","@id":"https:\/\/eralux.com\/fr\/produit\/aeh-0lp00\/","url":"https:\/\/eralux.com\/fr\/produit\/aeh-0lp00\/","name":"AEH-0LP00 - Eralux","isPartOf":{"@id":"https:\/\/eralux.com\/fr\/#website"},"primaryImageOfPage":{"@id":"https:\/\/eralux.com\/fr\/produit\/aeh-0lp00\/#primaryimage"},"image":{"@id":"https:\/\/eralux.com\/fr\/produit\/aeh-0lp00\/#primaryimage"},"thumbnailUrl":"https:\/\/eralux.com\/wp-content\/uploads\/2024\/01\/0LP00-1-1.png","datePublished":"2024-01-04T16:52:56+00:00","dateModified":"2025-11-26T22:22:54+00:00","description":"The AEH-0LP00 can be used with Long Neck PAR30 lamps as well as PAR16, PAR20, and PAR38 lamps. La fente de r\u00e9glage de la glissi\u00e8re verticale permet d'obtenir de nombreuses hauteurs de luminaires. La conception du montage en demi-lune minimise la pr\u00e9sence de l'appareil. Orientation pr\u00e9cise et rigide et rotation horizontale de 350\u00b0. Interrupteur ON\/OFF int\u00e9gr\u00e9 et indicateur de polarit\u00e9 de la voie sont standard, avec une puissance maximale de 250W. Lampe non incluse (vendue s\u00e9par\u00e9ment)","breadcrumb":{"@id":"https:\/\/eralux.com\/fr\/produit\/aeh-0lp00\/#breadcrumb"},"inLanguage":"fr-FR","potentialAction":[{"@type":"ReadAction","target":["https:\/\/eralux.com\/fr\/produit\/aeh-0lp00\/"]}]},{"@type":"ImageObject","inLanguage":"fr-FR","@id":"https:\/\/eralux.com\/fr\/produit\/aeh-0lp00\/#primaryimage","url":"https:\/\/eralux.com\/wp-content\/uploads\/2024\/01\/0LP00-1-1.png","contentUrl":"https:\/\/eralux.com\/wp-content\/uploads\/2024\/01\/0LP00-1-1.png","width":1000,"height":1000},{"@type":"BreadcrumbList","@id":"https:\/\/eralux.com\/fr\/produit\/aeh-0lp00\/#breadcrumb","itemListElement":[{"@type":"ListItem","position":1,"name":"Home","item":"https:\/\/eralux.com\/fr\/"},{"@type":"ListItem","position":2,"name":"Shop","item":"https:\/\/eralux.com\/shop\/"},{"@type":"ListItem","position":3,"name":"AEH-0LP00"}]},{"@type":"WebSite","@id":"https:\/\/eralux.com\/fr\/#website","url":"https:\/\/eralux.com\/fr\/","name":"Eralux","description":"World leader for Energy Saving LED Solutions","publisher":{"@id":"https:\/\/eralux.com\/fr\/#organization"},"alternateName":"Led manufacturer Canada","potentialAction":[{"@type":"SearchAction","target":{"@type":"EntryPoint","urlTemplate":"https:\/\/eralux.com\/fr\/?s={search_term_string}"},"query-input":{"@type":"PropertyValueSpecification","valueRequired":true,"valueName":"search_term_string"}}],"inLanguage":"fr-FR"},{"@type":"Organization","@id":"https:\/\/eralux.com\/fr\/#organization","name":"Eralux","url":"https:\/\/eralux.com\/fr\/","logo":{"@type":"ImageObject","inLanguage":"fr-FR","@id":"https:\/\/eralux.com\/fr\/#\/schema\/logo\/image\/","url":"https:\/\/eralux.com\/wp-content\/uploads\/2024\/01\/eralux-logo-trademark-R.png","contentUrl":"https:\/\/eralux.com\/wp-content\/uploads\/2024\/01\/eralux-logo-trademark-R.png","width":1000,"height":446,"caption":"Eralux"},"image":{"@id":"https:\/\/eralux.com\/fr\/#\/schema\/logo\/image\/"},"sameAs":["https:\/\/www.facebook.com\/aeralux.corp","https:\/\/x.com\/eralux_inc"],"description":"Save on energy with high-performance LED solutions. Choose Eralux for eco-friendly lighting. Explore our range today!"}]},"product_price_amount":"0.00","product_price_currency":"CAD","og_availability":"instock","product_availability":"instock","product_condition":"new"},"_links":{"self":[{"href":"https:\/\/eralux.com\/fr\/wp-json\/wp\/v2\/product\/4599","targetHints":{"allow":["GET"]}}],"collection":[{"href":"https:\/\/eralux.com\/fr\/wp-json\/wp\/v2\/product"}],"about":[{"href":"https:\/\/eralux.com\/fr\/wp-json\/wp\/v2\/types\/product"}],"replies":[{"embeddable":true,"href":"https:\/\/eralux.com\/fr\/wp-json\/wp\/v2\/comments?post=4599"}],"wp:featuredmedia":[{"embeddable":true,"href":"https:\/\/eralux.com\/fr\/wp-json\/wp\/v2\/media\/7858"}],"wp:attachment":[{"href":"https:\/\/eralux.com\/fr\/wp-json\/wp\/v2\/media?parent=4599"}],"wp:term":[{"taxonomy":"product_brand","embeddable":true,"href":"https:\/\/eralux.com\/fr\/wp-json\/wp\/v2\/product_brand?post=4599"},{"taxonomy":"product_cat","embeddable":true,"href":"https:\/\/eralux.com\/fr\/wp-json\/wp\/v2\/product_cat?post=4599"},{"taxonomy":"product_tag","embeddable":true,"href":"https:\/\/eralux.com\/fr\/wp-json\/wp\/v2\/product_tag?post=4599"}],"curies":[{"name":"wp","href":"https:\/\/api.w.org\/{rel}","templated":true}]}}