{"id":4674,"date":"2024-01-04T17:37:12","date_gmt":"2024-01-04T17:37:12","guid":{"rendered":"https:\/\/eralux.com\/?post_type=product&#038;p=4674"},"modified":"2025-06-16T21:24:43","modified_gmt":"2025-06-16T21:24:43","slug":"eleganza-slim","status":"publish","type":"product","link":"https:\/\/eralux.com\/fr\/produit\/eleganza-slim\/","title":{"rendered":"ELEGANZA SLIM"},"content":{"rendered":"<p>La s\u00e9rie de cylindres ELEGANZA SLIM s&#8217;inscrit dans la continuit\u00e9 de la famille des cylindres ELEGANZA. C&#8217;est une solution belle et \u00e9l\u00e9gante pour les plafonds ouverts, et elle a un design distinctif avec un corps en aluminium usin\u00e9, une attention aux d\u00e9tails, y compris le processus d&#8217;installation. La modularit\u00e9 d&#8217;ELEGANZA permet le montage sur tige, le montage en surface, le montage sur c\u00e2ble et le montage suspendu. Enfin, ce produit est enti\u00e8rement en aluminium moul\u00e9 sous pression, ce qui lui conf\u00e8re une finesse, une robustesse et une qualit\u00e9 in\u00e9gal\u00e9es.<\/p>\n","protected":false},"excerpt":{"rendered":"<p>\u00c9clairage cylindrique<\/p>\n","protected":false},"featured_media":4682,"comment_status":"open","ping_status":"closed","template":"","meta":{"inline_featured_image":false},"product_brand":[],"product_cat":[933],"product_tag":[],"class_list":{"0":"post-4674","1":"product","2":"type-product","3":"status-publish","4":"has-post-thumbnail","6":"spec_sheets-sp-fr-4","7":"spec_sheets-10-fr","8":"spec_sheets-nf-fr-2","9":"spec_sheets-sf-fr","10":"spec_sheets-fl-fr-2","11":"spec_sheets-wf-fr-3","12":"spec_sheets-pc-12-fr","13":"spec_sheets-sm-01-fr","14":"spec_sheets-sm-02-fr","15":"spec_sheets-sm-03-fr","16":"spec_sheets-sm-04-fr","17":"spec_sheets-wh-fr-2","18":"spec_sheets-bk-fr-2","19":"spec_sheets-sv-fr-2","20":"spec_sheets-ralxxxx-fr","21":"spec_sheets-hauteur","22":"spec_sheets-distribution-fr","23":"spec_sheets-cct-fr","24":"spec_sheets-finition","25":"spec_sheets-p30-fr","26":"spec_sheets-p35-fr","27":"spec_sheets-p40-fr","28":"spec_sheets-methode-de-montage","29":"spec_sheets-puissance","30":"spec_sheets-15-fr-2","31":"product_segments-cylindre","32":"product_cat-ae-tl-ezs-fr","34":"first","35":"instock","36":"shipping-taxable","37":"purchasable","38":"product-type-simple"},"yoast_head":"<!-- This site is optimized with the Yoast SEO Premium plugin v24.2 (Yoast SEO v27.4) - https:\/\/yoast.com\/product\/yoast-seo-premium-wordpress\/ -->\n<title>ELEGANZA SLIM - Eralux<\/title>\n<meta name=\"description\" content=\"La s\u00e9rie de cylindres ELEGANZA SLIM s&#039;inscrit dans la continuit\u00e9 de la famille des cylindres ELEGANZA. C&#039;est une solution belle et \u00e9l\u00e9gante pour les plafonds ouverts, et elle a un design distinctif avec un corps en aluminium usin\u00e9, une attention aux d\u00e9tails, y compris le processus d&#039;installation. La modularit\u00e9 d&#039;ELEGANZA permet le montage sur tige, le montage en surface, le montage sur c\u00e2ble et le montage suspendu. Enfin, ce produit est enti\u00e8rement en aluminium moul\u00e9 sous pression, ce qui lui conf\u00e8re une finesse, une robustesse et une qualit\u00e9 in\u00e9gal\u00e9es.\" \/>\n<meta name=\"robots\" content=\"index, follow, max-snippet:-1, max-image-preview:large, max-video-preview:-1\" \/>\n<link rel=\"canonical\" href=\"https:\/\/eralux.com\/fr\/produit\/eleganza-slim\/\" \/>\n<meta property=\"og:locale\" content=\"fr_FR\" \/>\n<meta property=\"og:type\" content=\"article\" \/>\n<meta property=\"og:title\" content=\"ELEGANZA SLIM\" \/>\n<meta property=\"og:description\" content=\"La s\u00e9rie de cylindres ELEGANZA SLIM s&#039;inscrit dans la continuit\u00e9 de la famille des cylindres ELEGANZA. C&#039;est une solution belle et \u00e9l\u00e9gante pour les plafonds ouverts, et elle a un design distinctif avec un corps en aluminium usin\u00e9, une attention aux d\u00e9tails, y compris le processus d&#039;installation. La modularit\u00e9 d&#039;ELEGANZA permet le montage sur tige, le montage en surface, le montage sur c\u00e2ble et le montage suspendu. Enfin, ce produit est enti\u00e8rement en aluminium moul\u00e9 sous pression, ce qui lui conf\u00e8re une finesse, une robustesse et une qualit\u00e9 in\u00e9gal\u00e9es.\" \/>\n<meta property=\"og:url\" content=\"https:\/\/eralux.com\/fr\/produit\/eleganza-slim\/\" \/>\n<meta property=\"og:site_name\" content=\"Eralux\" \/>\n<meta property=\"article:publisher\" content=\"https:\/\/www.facebook.com\/aeralux.corp\" \/>\n<meta property=\"article:modified_time\" content=\"2025-06-16T21:24:43+00:00\" \/>\n<meta property=\"og:image\" content=\"https:\/\/eralux.com\/wp-content\/uploads\/2024\/01\/ERALUX-ELEGANZA-SLIM-PENDANT-LIGHT-SURFACE-MOUNT.png-e1704390304994.png\" \/>\n\t<meta property=\"og:image:width\" content=\"2250\" \/>\n\t<meta property=\"og:image:height\" content=\"2171\" \/>\n\t<meta property=\"og:image:type\" content=\"image\/png\" \/>\n<meta name=\"twitter:card\" content=\"summary_large_image\" \/>\n<meta name=\"twitter:site\" content=\"@eralux_inc\" \/>\n<meta name=\"twitter:label1\" content=\"Prix\" \/>\n\t<meta name=\"twitter:data1\" content=\"&#036;0.00\" \/>\n\t<meta name=\"twitter:label2\" content=\"Disponibilit\u00e9\" \/>\n\t<meta name=\"twitter:data2\" content=\"En stock\" \/>\n<script type=\"application\/ld+json\" class=\"yoast-schema-graph\">{\"@context\":\"https:\\\/\\\/schema.org\",\"@graph\":[{\"@type\":\"WebPage\",\"@id\":\"https:\\\/\\\/eralux.com\\\/fr\\\/produit\\\/eleganza-slim\\\/\",\"url\":\"https:\\\/\\\/eralux.com\\\/fr\\\/produit\\\/eleganza-slim\\\/\",\"name\":\"ELEGANZA SLIM - Eralux\",\"isPartOf\":{\"@id\":\"https:\\\/\\\/eralux.com\\\/fr\\\/#website\"},\"primaryImageOfPage\":{\"@id\":\"https:\\\/\\\/eralux.com\\\/fr\\\/produit\\\/eleganza-slim\\\/#primaryimage\"},\"image\":{\"@id\":\"https:\\\/\\\/eralux.com\\\/fr\\\/produit\\\/eleganza-slim\\\/#primaryimage\"},\"thumbnailUrl\":\"https:\\\/\\\/eralux.com\\\/wp-content\\\/uploads\\\/2024\\\/01\\\/ERALUX-ELEGANZA-SLIM-PENDANT-LIGHT-SURFACE-MOUNT.png-e1704390304994.png\",\"datePublished\":\"2024-01-04T17:37:12+00:00\",\"dateModified\":\"2025-06-16T21:24:43+00:00\",\"description\":\"La s\u00e9rie de cylindres ELEGANZA SLIM s'inscrit dans la continuit\u00e9 de la famille des cylindres ELEGANZA. C'est une solution belle et \u00e9l\u00e9gante pour les plafonds ouverts, et elle a un design distinctif avec un corps en aluminium usin\u00e9, une attention aux d\u00e9tails, y compris le processus d'installation. La modularit\u00e9 d'ELEGANZA permet le montage sur tige, le montage en surface, le montage sur c\u00e2ble et le montage suspendu. Enfin, ce produit est enti\u00e8rement en aluminium moul\u00e9 sous pression, ce qui lui conf\u00e8re une finesse, une robustesse et une qualit\u00e9 in\u00e9gal\u00e9es.\",\"breadcrumb\":{\"@id\":\"https:\\\/\\\/eralux.com\\\/fr\\\/produit\\\/eleganza-slim\\\/#breadcrumb\"},\"inLanguage\":\"fr-FR\",\"potentialAction\":[{\"@type\":\"ReadAction\",\"target\":[\"https:\\\/\\\/eralux.com\\\/fr\\\/produit\\\/eleganza-slim\\\/\"]}]},{\"@type\":\"ImageObject\",\"inLanguage\":\"fr-FR\",\"@id\":\"https:\\\/\\\/eralux.com\\\/fr\\\/produit\\\/eleganza-slim\\\/#primaryimage\",\"url\":\"https:\\\/\\\/eralux.com\\\/wp-content\\\/uploads\\\/2024\\\/01\\\/ERALUX-ELEGANZA-SLIM-PENDANT-LIGHT-SURFACE-MOUNT.png-e1704390304994.png\",\"contentUrl\":\"https:\\\/\\\/eralux.com\\\/wp-content\\\/uploads\\\/2024\\\/01\\\/ERALUX-ELEGANZA-SLIM-PENDANT-LIGHT-SURFACE-MOUNT.png-e1704390304994.png\",\"width\":2250,\"height\":2171},{\"@type\":\"BreadcrumbList\",\"@id\":\"https:\\\/\\\/eralux.com\\\/fr\\\/produit\\\/eleganza-slim\\\/#breadcrumb\",\"itemListElement\":[{\"@type\":\"ListItem\",\"position\":1,\"name\":\"Home\",\"item\":\"https:\\\/\\\/eralux.com\\\/fr\\\/\"},{\"@type\":\"ListItem\",\"position\":2,\"name\":\"Shop\",\"item\":\"https:\\\/\\\/eralux.com\\\/shop\\\/\"},{\"@type\":\"ListItem\",\"position\":3,\"name\":\"ELEGANZA SLIM\"}]},{\"@type\":\"WebSite\",\"@id\":\"https:\\\/\\\/eralux.com\\\/fr\\\/#website\",\"url\":\"https:\\\/\\\/eralux.com\\\/fr\\\/\",\"name\":\"Eralux\",\"description\":\"World leader for Energy Saving LED Solutions\",\"publisher\":{\"@id\":\"https:\\\/\\\/eralux.com\\\/fr\\\/#organization\"},\"alternateName\":\"Led manufacturer Canada\",\"potentialAction\":[{\"@type\":\"SearchAction\",\"target\":{\"@type\":\"EntryPoint\",\"urlTemplate\":\"https:\\\/\\\/eralux.com\\\/fr\\\/?s={search_term_string}\"},\"query-input\":{\"@type\":\"PropertyValueSpecification\",\"valueRequired\":true,\"valueName\":\"search_term_string\"}}],\"inLanguage\":\"fr-FR\"},{\"@type\":\"Organization\",\"@id\":\"https:\\\/\\\/eralux.com\\\/fr\\\/#organization\",\"name\":\"Eralux\",\"url\":\"https:\\\/\\\/eralux.com\\\/fr\\\/\",\"logo\":{\"@type\":\"ImageObject\",\"inLanguage\":\"fr-FR\",\"@id\":\"https:\\\/\\\/eralux.com\\\/fr\\\/#\\\/schema\\\/logo\\\/image\\\/\",\"url\":\"https:\\\/\\\/eralux.com\\\/wp-content\\\/uploads\\\/2024\\\/01\\\/eralux-logo-trademark-R.png\",\"contentUrl\":\"https:\\\/\\\/eralux.com\\\/wp-content\\\/uploads\\\/2024\\\/01\\\/eralux-logo-trademark-R.png\",\"width\":1000,\"height\":446,\"caption\":\"Eralux\"},\"image\":{\"@id\":\"https:\\\/\\\/eralux.com\\\/fr\\\/#\\\/schema\\\/logo\\\/image\\\/\"},\"sameAs\":[\"https:\\\/\\\/www.facebook.com\\\/aeralux.corp\",\"https:\\\/\\\/x.com\\\/eralux_inc\"],\"description\":\"Save on energy with high-performance LED solutions. Choose Eralux for eco-friendly lighting. Explore our range today!\"}]}<\/script>\n<meta property=\"product:price:amount\" content=\"0.00\" \/>\n<meta property=\"product:price:currency\" content=\"CAD\" \/>\n<meta property=\"og:availability\" content=\"instock\" \/>\n<meta property=\"product:availability\" content=\"instock\" \/>\n<meta property=\"product:condition\" content=\"new\" \/>\n<!-- \/ Yoast SEO Premium plugin. -->","yoast_head_json":{"title":"ELEGANZA SLIM - Eralux","description":"La s\u00e9rie de cylindres ELEGANZA SLIM s'inscrit dans la continuit\u00e9 de la famille des cylindres ELEGANZA. C'est une solution belle et \u00e9l\u00e9gante pour les plafonds ouverts, et elle a un design distinctif avec un corps en aluminium usin\u00e9, une attention aux d\u00e9tails, y compris le processus d'installation. La modularit\u00e9 d'ELEGANZA permet le montage sur tige, le montage en surface, le montage sur c\u00e2ble et le montage suspendu. Enfin, ce produit est enti\u00e8rement en aluminium moul\u00e9 sous pression, ce qui lui conf\u00e8re une finesse, une robustesse et une qualit\u00e9 in\u00e9gal\u00e9es.","robots":{"index":"index","follow":"follow","max-snippet":"max-snippet:-1","max-image-preview":"max-image-preview:large","max-video-preview":"max-video-preview:-1"},"canonical":"https:\/\/eralux.com\/fr\/produit\/eleganza-slim\/","og_locale":"fr_FR","og_type":"article","og_title":"ELEGANZA SLIM","og_description":"La s\u00e9rie de cylindres ELEGANZA SLIM s'inscrit dans la continuit\u00e9 de la famille des cylindres ELEGANZA. C'est une solution belle et \u00e9l\u00e9gante pour les plafonds ouverts, et elle a un design distinctif avec un corps en aluminium usin\u00e9, une attention aux d\u00e9tails, y compris le processus d'installation. La modularit\u00e9 d'ELEGANZA permet le montage sur tige, le montage en surface, le montage sur c\u00e2ble et le montage suspendu. Enfin, ce produit est enti\u00e8rement en aluminium moul\u00e9 sous pression, ce qui lui conf\u00e8re une finesse, une robustesse et une qualit\u00e9 in\u00e9gal\u00e9es.","og_url":"https:\/\/eralux.com\/fr\/produit\/eleganza-slim\/","og_site_name":"Eralux","article_publisher":"https:\/\/www.facebook.com\/aeralux.corp","article_modified_time":"2025-06-16T21:24:43+00:00","og_image":[{"width":2250,"height":2171,"url":"https:\/\/eralux.com\/wp-content\/uploads\/2024\/01\/ERALUX-ELEGANZA-SLIM-PENDANT-LIGHT-SURFACE-MOUNT.png-e1704390304994.png","type":"image\/png"}],"twitter_card":"summary_large_image","twitter_site":"@eralux_inc","twitter_misc":{"Prix":"&#36;0.00","Disponibilit\u00e9":"En stock"},"schema":{"@context":"https:\/\/schema.org","@graph":[{"@type":"WebPage","@id":"https:\/\/eralux.com\/fr\/produit\/eleganza-slim\/","url":"https:\/\/eralux.com\/fr\/produit\/eleganza-slim\/","name":"ELEGANZA SLIM - Eralux","isPartOf":{"@id":"https:\/\/eralux.com\/fr\/#website"},"primaryImageOfPage":{"@id":"https:\/\/eralux.com\/fr\/produit\/eleganza-slim\/#primaryimage"},"image":{"@id":"https:\/\/eralux.com\/fr\/produit\/eleganza-slim\/#primaryimage"},"thumbnailUrl":"https:\/\/eralux.com\/wp-content\/uploads\/2024\/01\/ERALUX-ELEGANZA-SLIM-PENDANT-LIGHT-SURFACE-MOUNT.png-e1704390304994.png","datePublished":"2024-01-04T17:37:12+00:00","dateModified":"2025-06-16T21:24:43+00:00","description":"La s\u00e9rie de cylindres ELEGANZA SLIM s'inscrit dans la continuit\u00e9 de la famille des cylindres ELEGANZA. C'est une solution belle et \u00e9l\u00e9gante pour les plafonds ouverts, et elle a un design distinctif avec un corps en aluminium usin\u00e9, une attention aux d\u00e9tails, y compris le processus d'installation. La modularit\u00e9 d'ELEGANZA permet le montage sur tige, le montage en surface, le montage sur c\u00e2ble et le montage suspendu. Enfin, ce produit est enti\u00e8rement en aluminium moul\u00e9 sous pression, ce qui lui conf\u00e8re une finesse, une robustesse et une qualit\u00e9 in\u00e9gal\u00e9es.","breadcrumb":{"@id":"https:\/\/eralux.com\/fr\/produit\/eleganza-slim\/#breadcrumb"},"inLanguage":"fr-FR","potentialAction":[{"@type":"ReadAction","target":["https:\/\/eralux.com\/fr\/produit\/eleganza-slim\/"]}]},{"@type":"ImageObject","inLanguage":"fr-FR","@id":"https:\/\/eralux.com\/fr\/produit\/eleganza-slim\/#primaryimage","url":"https:\/\/eralux.com\/wp-content\/uploads\/2024\/01\/ERALUX-ELEGANZA-SLIM-PENDANT-LIGHT-SURFACE-MOUNT.png-e1704390304994.png","contentUrl":"https:\/\/eralux.com\/wp-content\/uploads\/2024\/01\/ERALUX-ELEGANZA-SLIM-PENDANT-LIGHT-SURFACE-MOUNT.png-e1704390304994.png","width":2250,"height":2171},{"@type":"BreadcrumbList","@id":"https:\/\/eralux.com\/fr\/produit\/eleganza-slim\/#breadcrumb","itemListElement":[{"@type":"ListItem","position":1,"name":"Home","item":"https:\/\/eralux.com\/fr\/"},{"@type":"ListItem","position":2,"name":"Shop","item":"https:\/\/eralux.com\/shop\/"},{"@type":"ListItem","position":3,"name":"ELEGANZA SLIM"}]},{"@type":"WebSite","@id":"https:\/\/eralux.com\/fr\/#website","url":"https:\/\/eralux.com\/fr\/","name":"Eralux","description":"World leader for Energy Saving LED Solutions","publisher":{"@id":"https:\/\/eralux.com\/fr\/#organization"},"alternateName":"Led manufacturer Canada","potentialAction":[{"@type":"SearchAction","target":{"@type":"EntryPoint","urlTemplate":"https:\/\/eralux.com\/fr\/?s={search_term_string}"},"query-input":{"@type":"PropertyValueSpecification","valueRequired":true,"valueName":"search_term_string"}}],"inLanguage":"fr-FR"},{"@type":"Organization","@id":"https:\/\/eralux.com\/fr\/#organization","name":"Eralux","url":"https:\/\/eralux.com\/fr\/","logo":{"@type":"ImageObject","inLanguage":"fr-FR","@id":"https:\/\/eralux.com\/fr\/#\/schema\/logo\/image\/","url":"https:\/\/eralux.com\/wp-content\/uploads\/2024\/01\/eralux-logo-trademark-R.png","contentUrl":"https:\/\/eralux.com\/wp-content\/uploads\/2024\/01\/eralux-logo-trademark-R.png","width":1000,"height":446,"caption":"Eralux"},"image":{"@id":"https:\/\/eralux.com\/fr\/#\/schema\/logo\/image\/"},"sameAs":["https:\/\/www.facebook.com\/aeralux.corp","https:\/\/x.com\/eralux_inc"],"description":"Save on energy with high-performance LED solutions. Choose Eralux for eco-friendly lighting. Explore our range today!"}]},"product_price_amount":"0.00","product_price_currency":"CAD","og_availability":"instock","product_availability":"instock","product_condition":"new"},"_links":{"self":[{"href":"https:\/\/eralux.com\/fr\/wp-json\/wp\/v2\/product\/4674","targetHints":{"allow":["GET"]}}],"collection":[{"href":"https:\/\/eralux.com\/fr\/wp-json\/wp\/v2\/product"}],"about":[{"href":"https:\/\/eralux.com\/fr\/wp-json\/wp\/v2\/types\/product"}],"replies":[{"embeddable":true,"href":"https:\/\/eralux.com\/fr\/wp-json\/wp\/v2\/comments?post=4674"}],"wp:featuredmedia":[{"embeddable":true,"href":"https:\/\/eralux.com\/fr\/wp-json\/wp\/v2\/media\/4682"}],"wp:attachment":[{"href":"https:\/\/eralux.com\/fr\/wp-json\/wp\/v2\/media?parent=4674"}],"wp:term":[{"taxonomy":"product_brand","embeddable":true,"href":"https:\/\/eralux.com\/fr\/wp-json\/wp\/v2\/product_brand?post=4674"},{"taxonomy":"product_cat","embeddable":true,"href":"https:\/\/eralux.com\/fr\/wp-json\/wp\/v2\/product_cat?post=4674"},{"taxonomy":"product_tag","embeddable":true,"href":"https:\/\/eralux.com\/fr\/wp-json\/wp\/v2\/product_tag?post=4674"}],"curies":[{"name":"wp","href":"https:\/\/api.w.org\/{rel}","templated":true}]}}