{"id":4847,"date":"2024-01-04T18:50:33","date_gmt":"2024-01-04T18:50:33","guid":{"rendered":"https:\/\/eralux.com\/?post_type=product&#038;p=4847"},"modified":"2025-11-26T22:15:50","modified_gmt":"2025-11-26T22:15:50","slug":"aeh-gbp38","status":"publish","type":"product","link":"https:\/\/eralux.com\/fr\/produit\/aeh-gbp38\/","title":{"rendered":"AEH-GBP38"},"content":{"rendered":"<p>AEH-GBP38 est dot\u00e9 d&#8217;un cardan \u00e0 deux plans qui permet un pivotement horizontal de 360\u00b0 et un r\u00e9glage vertical de 150\u00b0 pour une excellente orientation. L&#8217;\u00e9trier &#8220;Sure-Set&#8221; maintient le projecteur fermement en place. L&#8217;interrupteur ON\/OFF int\u00e9gr\u00e9 et l&#8217;indicateur de polarit\u00e9 de la voie sont standard. Lampe non incluse (vendue s\u00e9par\u00e9ment)<\/p>\n","protected":false},"excerpt":{"rendered":"<p>Cardans de tension de ligne<\/p>\n","protected":false},"featured_media":7073,"comment_status":"open","ping_status":"closed","template":"","meta":{"inline_featured_image":false},"product_brand":[],"product_cat":[1296],"product_tag":[],"class_list":{"0":"post-4847","1":"product","2":"type-product","3":"status-publish","4":"has-post-thumbnail","6":"spec_sheets-j1-fr","7":"spec_sheets-g1-fr","8":"spec_sheets-h1-fr","9":"spec_sheets-l1-fr","10":"spec_sheets-wh-fr","11":"spec_sheets-bk-fr","12":"spec_sheets-sv-fr","13":"spec_sheets-adapteur","14":"spec_sheets-finition","15":"product_applications-bureau-commercial","16":"product_applications-education-fr","17":"product_applications-magasin-de-mode","18":"product_applications-magasin-de-detail","19":"product_segments-gimbals-fr","20":"product_cat-aeh-gbp38-fr","22":"first","23":"instock","24":"shipping-taxable","25":"purchasable","26":"product-type-simple"},"yoast_head":"<!-- This site is optimized with the Yoast SEO Premium plugin v24.2 (Yoast SEO v27.5) - https:\/\/yoast.com\/product\/yoast-seo-premium-wordpress\/ -->\n<title>AEH-GBP38 - Eralux<\/title>\n<meta name=\"description\" content=\"AEH-GBP38 est dot\u00e9 d&#039;un cardan \u00e0 deux plans qui permet un pivotement horizontal de 360\u00b0 et un r\u00e9glage vertical de 150\u00b0 pour une excellente orientation. L&#039;\u00e9trier &quot;Sure-Set&quot; maintient le projecteur fermement en place. L&#039;interrupteur ON\/OFF int\u00e9gr\u00e9 et l&#039;indicateur de polarit\u00e9 de la voie sont standard. Lampe non incluse (vendue s\u00e9par\u00e9ment)\" \/>\n<meta name=\"robots\" content=\"index, follow, max-snippet:-1, max-image-preview:large, max-video-preview:-1\" \/>\n<link rel=\"canonical\" href=\"https:\/\/eralux.com\/fr\/produit\/aeh-gbp38\/\" \/>\n<meta property=\"og:locale\" content=\"fr_FR\" \/>\n<meta property=\"og:type\" content=\"article\" \/>\n<meta property=\"og:title\" content=\"AEH-GBP38\" \/>\n<meta property=\"og:description\" content=\"AEH-GBP38 est dot\u00e9 d&#039;un cardan \u00e0 deux plans qui permet un pivotement horizontal de 360\u00b0 et un r\u00e9glage vertical de 150\u00b0 pour une excellente orientation. L&#039;\u00e9trier &quot;Sure-Set&quot; maintient le projecteur fermement en place. L&#039;interrupteur ON\/OFF int\u00e9gr\u00e9 et l&#039;indicateur de polarit\u00e9 de la voie sont standard. Lampe non incluse (vendue s\u00e9par\u00e9ment)\" \/>\n<meta property=\"og:url\" content=\"https:\/\/eralux.com\/fr\/produit\/aeh-gbp38\/\" \/>\n<meta property=\"og:site_name\" content=\"Eralux\" \/>\n<meta property=\"article:publisher\" content=\"https:\/\/www.facebook.com\/aeralux.corp\" \/>\n<meta property=\"article:modified_time\" content=\"2025-11-26T22:15:50+00:00\" \/>\n<meta property=\"og:image\" content=\"https:\/\/eralux.com\/wp-content\/uploads\/2024\/01\/AEH-GBP38-1.png\" \/>\n\t<meta property=\"og:image:width\" content=\"1000\" \/>\n\t<meta property=\"og:image:height\" content=\"1000\" \/>\n\t<meta property=\"og:image:type\" content=\"image\/png\" \/>\n<meta name=\"twitter:card\" content=\"summary_large_image\" \/>\n<meta name=\"twitter:site\" content=\"@eralux_inc\" \/>\n<meta name=\"twitter:label1\" content=\"Prix\" \/>\n\t<meta name=\"twitter:data1\" content=\"&#036;0.00\" \/>\n\t<meta name=\"twitter:label2\" content=\"Disponibilit\u00e9\" \/>\n\t<meta name=\"twitter:data2\" content=\"En stock\" \/>\n<script type=\"application\/ld+json\" class=\"yoast-schema-graph\">{\"@context\":\"https:\\\/\\\/schema.org\",\"@graph\":[{\"@type\":\"WebPage\",\"@id\":\"https:\\\/\\\/eralux.com\\\/fr\\\/produit\\\/aeh-gbp38\\\/\",\"url\":\"https:\\\/\\\/eralux.com\\\/fr\\\/produit\\\/aeh-gbp38\\\/\",\"name\":\"AEH-GBP38 - Eralux\",\"isPartOf\":{\"@id\":\"https:\\\/\\\/eralux.com\\\/fr\\\/#website\"},\"primaryImageOfPage\":{\"@id\":\"https:\\\/\\\/eralux.com\\\/fr\\\/produit\\\/aeh-gbp38\\\/#primaryimage\"},\"image\":{\"@id\":\"https:\\\/\\\/eralux.com\\\/fr\\\/produit\\\/aeh-gbp38\\\/#primaryimage\"},\"thumbnailUrl\":\"https:\\\/\\\/eralux.com\\\/wp-content\\\/uploads\\\/2024\\\/01\\\/AEH-GBP38-1.png\",\"datePublished\":\"2024-01-04T18:50:33+00:00\",\"dateModified\":\"2025-11-26T22:15:50+00:00\",\"description\":\"AEH-GBP38 est dot\u00e9 d'un cardan \u00e0 deux plans qui permet un pivotement horizontal de 360\u00b0 et un r\u00e9glage vertical de 150\u00b0 pour une excellente orientation. L'\u00e9trier \\\"Sure-Set\\\" maintient le projecteur fermement en place. L'interrupteur ON\\\/OFF int\u00e9gr\u00e9 et l'indicateur de polarit\u00e9 de la voie sont standard. Lampe non incluse (vendue s\u00e9par\u00e9ment)\",\"breadcrumb\":{\"@id\":\"https:\\\/\\\/eralux.com\\\/fr\\\/produit\\\/aeh-gbp38\\\/#breadcrumb\"},\"inLanguage\":\"fr-FR\",\"potentialAction\":[{\"@type\":\"ReadAction\",\"target\":[\"https:\\\/\\\/eralux.com\\\/fr\\\/produit\\\/aeh-gbp38\\\/\"]}]},{\"@type\":\"ImageObject\",\"inLanguage\":\"fr-FR\",\"@id\":\"https:\\\/\\\/eralux.com\\\/fr\\\/produit\\\/aeh-gbp38\\\/#primaryimage\",\"url\":\"https:\\\/\\\/eralux.com\\\/wp-content\\\/uploads\\\/2024\\\/01\\\/AEH-GBP38-1.png\",\"contentUrl\":\"https:\\\/\\\/eralux.com\\\/wp-content\\\/uploads\\\/2024\\\/01\\\/AEH-GBP38-1.png\",\"width\":1000,\"height\":1000},{\"@type\":\"BreadcrumbList\",\"@id\":\"https:\\\/\\\/eralux.com\\\/fr\\\/produit\\\/aeh-gbp38\\\/#breadcrumb\",\"itemListElement\":[{\"@type\":\"ListItem\",\"position\":1,\"name\":\"Home\",\"item\":\"https:\\\/\\\/eralux.com\\\/fr\\\/\"},{\"@type\":\"ListItem\",\"position\":2,\"name\":\"Shop\",\"item\":\"https:\\\/\\\/eralux.com\\\/shop\\\/\"},{\"@type\":\"ListItem\",\"position\":3,\"name\":\"AEH-GBP38\"}]},{\"@type\":\"WebSite\",\"@id\":\"https:\\\/\\\/eralux.com\\\/fr\\\/#website\",\"url\":\"https:\\\/\\\/eralux.com\\\/fr\\\/\",\"name\":\"Eralux\",\"description\":\"World leader for Energy Saving LED Solutions\",\"publisher\":{\"@id\":\"https:\\\/\\\/eralux.com\\\/fr\\\/#organization\"},\"alternateName\":\"Led manufacturer Canada\",\"potentialAction\":[{\"@type\":\"SearchAction\",\"target\":{\"@type\":\"EntryPoint\",\"urlTemplate\":\"https:\\\/\\\/eralux.com\\\/fr\\\/?s={search_term_string}\"},\"query-input\":{\"@type\":\"PropertyValueSpecification\",\"valueRequired\":true,\"valueName\":\"search_term_string\"}}],\"inLanguage\":\"fr-FR\"},{\"@type\":\"Organization\",\"@id\":\"https:\\\/\\\/eralux.com\\\/fr\\\/#organization\",\"name\":\"Eralux\",\"url\":\"https:\\\/\\\/eralux.com\\\/fr\\\/\",\"logo\":{\"@type\":\"ImageObject\",\"inLanguage\":\"fr-FR\",\"@id\":\"https:\\\/\\\/eralux.com\\\/fr\\\/#\\\/schema\\\/logo\\\/image\\\/\",\"url\":\"https:\\\/\\\/eralux.com\\\/wp-content\\\/uploads\\\/2024\\\/01\\\/eralux-logo-trademark-R.png\",\"contentUrl\":\"https:\\\/\\\/eralux.com\\\/wp-content\\\/uploads\\\/2024\\\/01\\\/eralux-logo-trademark-R.png\",\"width\":1000,\"height\":446,\"caption\":\"Eralux\"},\"image\":{\"@id\":\"https:\\\/\\\/eralux.com\\\/fr\\\/#\\\/schema\\\/logo\\\/image\\\/\"},\"sameAs\":[\"https:\\\/\\\/www.facebook.com\\\/aeralux.corp\",\"https:\\\/\\\/x.com\\\/eralux_inc\"],\"description\":\"Save on energy with high-performance LED solutions. Choose Eralux for eco-friendly lighting. Explore our range today!\"}]}<\/script>\n<meta property=\"product:price:amount\" content=\"0.00\" \/>\n<meta property=\"product:price:currency\" content=\"CAD\" \/>\n<meta property=\"og:availability\" content=\"instock\" \/>\n<meta property=\"product:availability\" content=\"instock\" \/>\n<meta property=\"product:condition\" content=\"new\" \/>\n<!-- \/ Yoast SEO Premium plugin. -->","yoast_head_json":{"title":"AEH-GBP38 - Eralux","description":"AEH-GBP38 est dot\u00e9 d'un cardan \u00e0 deux plans qui permet un pivotement horizontal de 360\u00b0 et un r\u00e9glage vertical de 150\u00b0 pour une excellente orientation. L'\u00e9trier \"Sure-Set\" maintient le projecteur fermement en place. L'interrupteur ON\/OFF int\u00e9gr\u00e9 et l'indicateur de polarit\u00e9 de la voie sont standard. Lampe non incluse (vendue s\u00e9par\u00e9ment)","robots":{"index":"index","follow":"follow","max-snippet":"max-snippet:-1","max-image-preview":"max-image-preview:large","max-video-preview":"max-video-preview:-1"},"canonical":"https:\/\/eralux.com\/fr\/produit\/aeh-gbp38\/","og_locale":"fr_FR","og_type":"article","og_title":"AEH-GBP38","og_description":"AEH-GBP38 est dot\u00e9 d'un cardan \u00e0 deux plans qui permet un pivotement horizontal de 360\u00b0 et un r\u00e9glage vertical de 150\u00b0 pour une excellente orientation. L'\u00e9trier \"Sure-Set\" maintient le projecteur fermement en place. L'interrupteur ON\/OFF int\u00e9gr\u00e9 et l'indicateur de polarit\u00e9 de la voie sont standard. Lampe non incluse (vendue s\u00e9par\u00e9ment)","og_url":"https:\/\/eralux.com\/fr\/produit\/aeh-gbp38\/","og_site_name":"Eralux","article_publisher":"https:\/\/www.facebook.com\/aeralux.corp","article_modified_time":"2025-11-26T22:15:50+00:00","og_image":[{"width":1000,"height":1000,"url":"https:\/\/eralux.com\/wp-content\/uploads\/2024\/01\/AEH-GBP38-1.png","type":"image\/png"}],"twitter_card":"summary_large_image","twitter_site":"@eralux_inc","twitter_misc":{"Prix":"&#36;0.00","Disponibilit\u00e9":"En stock"},"schema":{"@context":"https:\/\/schema.org","@graph":[{"@type":"WebPage","@id":"https:\/\/eralux.com\/fr\/produit\/aeh-gbp38\/","url":"https:\/\/eralux.com\/fr\/produit\/aeh-gbp38\/","name":"AEH-GBP38 - Eralux","isPartOf":{"@id":"https:\/\/eralux.com\/fr\/#website"},"primaryImageOfPage":{"@id":"https:\/\/eralux.com\/fr\/produit\/aeh-gbp38\/#primaryimage"},"image":{"@id":"https:\/\/eralux.com\/fr\/produit\/aeh-gbp38\/#primaryimage"},"thumbnailUrl":"https:\/\/eralux.com\/wp-content\/uploads\/2024\/01\/AEH-GBP38-1.png","datePublished":"2024-01-04T18:50:33+00:00","dateModified":"2025-11-26T22:15:50+00:00","description":"AEH-GBP38 est dot\u00e9 d'un cardan \u00e0 deux plans qui permet un pivotement horizontal de 360\u00b0 et un r\u00e9glage vertical de 150\u00b0 pour une excellente orientation. L'\u00e9trier \"Sure-Set\" maintient le projecteur fermement en place. L'interrupteur ON\/OFF int\u00e9gr\u00e9 et l'indicateur de polarit\u00e9 de la voie sont standard. Lampe non incluse (vendue s\u00e9par\u00e9ment)","breadcrumb":{"@id":"https:\/\/eralux.com\/fr\/produit\/aeh-gbp38\/#breadcrumb"},"inLanguage":"fr-FR","potentialAction":[{"@type":"ReadAction","target":["https:\/\/eralux.com\/fr\/produit\/aeh-gbp38\/"]}]},{"@type":"ImageObject","inLanguage":"fr-FR","@id":"https:\/\/eralux.com\/fr\/produit\/aeh-gbp38\/#primaryimage","url":"https:\/\/eralux.com\/wp-content\/uploads\/2024\/01\/AEH-GBP38-1.png","contentUrl":"https:\/\/eralux.com\/wp-content\/uploads\/2024\/01\/AEH-GBP38-1.png","width":1000,"height":1000},{"@type":"BreadcrumbList","@id":"https:\/\/eralux.com\/fr\/produit\/aeh-gbp38\/#breadcrumb","itemListElement":[{"@type":"ListItem","position":1,"name":"Home","item":"https:\/\/eralux.com\/fr\/"},{"@type":"ListItem","position":2,"name":"Shop","item":"https:\/\/eralux.com\/shop\/"},{"@type":"ListItem","position":3,"name":"AEH-GBP38"}]},{"@type":"WebSite","@id":"https:\/\/eralux.com\/fr\/#website","url":"https:\/\/eralux.com\/fr\/","name":"Eralux","description":"World leader for Energy Saving LED Solutions","publisher":{"@id":"https:\/\/eralux.com\/fr\/#organization"},"alternateName":"Led manufacturer Canada","potentialAction":[{"@type":"SearchAction","target":{"@type":"EntryPoint","urlTemplate":"https:\/\/eralux.com\/fr\/?s={search_term_string}"},"query-input":{"@type":"PropertyValueSpecification","valueRequired":true,"valueName":"search_term_string"}}],"inLanguage":"fr-FR"},{"@type":"Organization","@id":"https:\/\/eralux.com\/fr\/#organization","name":"Eralux","url":"https:\/\/eralux.com\/fr\/","logo":{"@type":"ImageObject","inLanguage":"fr-FR","@id":"https:\/\/eralux.com\/fr\/#\/schema\/logo\/image\/","url":"https:\/\/eralux.com\/wp-content\/uploads\/2024\/01\/eralux-logo-trademark-R.png","contentUrl":"https:\/\/eralux.com\/wp-content\/uploads\/2024\/01\/eralux-logo-trademark-R.png","width":1000,"height":446,"caption":"Eralux"},"image":{"@id":"https:\/\/eralux.com\/fr\/#\/schema\/logo\/image\/"},"sameAs":["https:\/\/www.facebook.com\/aeralux.corp","https:\/\/x.com\/eralux_inc"],"description":"Save on energy with high-performance LED solutions. Choose Eralux for eco-friendly lighting. Explore our range today!"}]},"product_price_amount":"0.00","product_price_currency":"CAD","og_availability":"instock","product_availability":"instock","product_condition":"new"},"_links":{"self":[{"href":"https:\/\/eralux.com\/fr\/wp-json\/wp\/v2\/product\/4847","targetHints":{"allow":["GET"]}}],"collection":[{"href":"https:\/\/eralux.com\/fr\/wp-json\/wp\/v2\/product"}],"about":[{"href":"https:\/\/eralux.com\/fr\/wp-json\/wp\/v2\/types\/product"}],"replies":[{"embeddable":true,"href":"https:\/\/eralux.com\/fr\/wp-json\/wp\/v2\/comments?post=4847"}],"wp:featuredmedia":[{"embeddable":true,"href":"https:\/\/eralux.com\/fr\/wp-json\/wp\/v2\/media\/7073"}],"wp:attachment":[{"href":"https:\/\/eralux.com\/fr\/wp-json\/wp\/v2\/media?parent=4847"}],"wp:term":[{"taxonomy":"product_brand","embeddable":true,"href":"https:\/\/eralux.com\/fr\/wp-json\/wp\/v2\/product_brand?post=4847"},{"taxonomy":"product_cat","embeddable":true,"href":"https:\/\/eralux.com\/fr\/wp-json\/wp\/v2\/product_cat?post=4847"},{"taxonomy":"product_tag","embeddable":true,"href":"https:\/\/eralux.com\/fr\/wp-json\/wp\/v2\/product_tag?post=4847"}],"curies":[{"name":"wp","href":"https:\/\/api.w.org\/{rel}","templated":true}]}}