{"id":5043,"date":"2024-01-04T20:16:49","date_gmt":"2024-01-04T20:16:49","guid":{"rendered":"https:\/\/eralux.com\/?post_type=product&#038;p=5043"},"modified":"2025-06-25T21:19:21","modified_gmt":"2025-06-25T21:19:21","slug":"aspire-dusk-snow","status":"publish","type":"product","link":"https:\/\/eralux.com\/fr\/produit\/aspire-dusk-snow\/","title":{"rendered":"ASPIRE DUSK\/SNOW"},"content":{"rendered":"<p>L&#8217;ASPIRE DUSK est une extension de la s\u00e9rie d&#8217;appliques murales ASPIRE de haute qualit\u00e9, durables et \u00e9l\u00e9gantes. La temp\u00e9rature de couleur chaude de 2200K permet de r\u00e9duire l&#8217;exposition \u00e0 la lumi\u00e8re bleue autour des b\u00e2timents r\u00e9sidentiels et de minimiser l&#8217;effet sur le rythme circadien. Sa structure robuste lui permet d&#8217;\u00eatre utilis\u00e9e dans des endroits humides et poussi\u00e9reux et de fonctionner dans une large gamme de temp\u00e9ratures. L&#8217;ASPIRE DUSK est disponible dans une vari\u00e9t\u00e9 de puissances (puissance commutable de 30 watts \u00e0 120 watts) et d&#8217;options, tout en offrant une efficacit\u00e9 lumineuse de 130 LPW.<\/p>\n<p>&nbsp;<\/p>\n<p>La s\u00e9rie ASPIRE-SNOW est un luminaire LED mural de haute qualit\u00e9, durable et \u00e9l\u00e9gant. Sa structure robuste lui permet d&#8217;\u00eatre utilis\u00e9e dans des endroits humides et poussi\u00e9reux et de fonctionner dans une large gamme de temp\u00e9ratures. L&#8217;ASPIRE-SNOW est disponible dans une vari\u00e9t\u00e9 d&#8217;options de puissance et de CCT, tout en offrant une efficacit\u00e9 lumineuse de 130 LPW.<\/p>\n","protected":false},"excerpt":{"rendered":"<p>Applique murale d&#8217;ext\u00e9rieur<\/p>\n","protected":false},"featured_media":5145,"comment_status":"open","ping_status":"closed","template":"","meta":{"inline_featured_image":false},"product_brand":[],"product_cat":[1241],"product_tag":[],"class_list":{"0":"post-5043","1":"product","2":"type-product","3":"status-publish","4":"has-post-thumbnail","6":"spec_sheets-m-fr-2","7":"spec_sheets-wh-fr","8":"spec_sheets-bk-fr","9":"spec_sheets-cs-fr","10":"spec_sheets-cp-fr","11":"spec_sheets-3cct-fr","12":"spec_sheets-cct-fr","13":"spec_sheets-controles","14":"spec_sheets-finition","15":"spec_sheets-tension-dentree","16":"spec_sheets-puissance","17":"spec_sheets-120-fr-2","18":"product_applications-parking","19":"product_segments-exterieur","20":"product_segments-applique-murale","21":"product_cat-ae-wp-ap-fr","23":"first","24":"instock","25":"shipping-taxable","26":"purchasable","27":"product-type-simple"},"yoast_head":"<!-- This site is optimized with the Yoast SEO Premium plugin v24.2 (Yoast SEO v27.4) - https:\/\/yoast.com\/product\/yoast-seo-premium-wordpress\/ -->\n<title>ASPIRE DUSK\/SNOW - Eralux<\/title>\n<meta name=\"description\" content=\"L&#039;ASPIRE DUSK est une extension de la s\u00e9rie d&#039;appliques murales ASPIRE de haute qualit\u00e9, durables et \u00e9l\u00e9gantes. La temp\u00e9rature de couleur chaude de 2200K permet de r\u00e9duire l&#039;exposition \u00e0 la lumi\u00e8re bleue autour des b\u00e2timents r\u00e9sidentiels et de minimiser l&#039;effet sur le rythme circadien. Sa structure robuste lui permet d&#039;\u00eatre utilis\u00e9e dans des endroits humides et poussi\u00e9reux et de fonctionner dans une large gamme de temp\u00e9ratures. L&#039;ASPIRE DUSK est disponible dans une vari\u00e9t\u00e9 de puissances (puissance commutable de 30 watts \u00e0 120 watts) et d&#039;options, tout en offrant une efficacit\u00e9 lumineuse de 130 LPW. La s\u00e9rie ASPIRE-SNOW est un luminaire LED mural de haute qualit\u00e9, durable et \u00e9l\u00e9gant. Sa structure robuste lui permet d&#039;\u00eatre utilis\u00e9e dans des endroits humides et poussi\u00e9reux et de fonctionner dans une large gamme de temp\u00e9ratures. L&#039;ASPIRE-SNOW est disponible dans une vari\u00e9t\u00e9 d&#039;options de puissance et de CCT, tout en offrant une efficacit\u00e9 lumineuse de 130 LPW.\" \/>\n<meta name=\"robots\" content=\"index, follow, max-snippet:-1, max-image-preview:large, max-video-preview:-1\" \/>\n<link rel=\"canonical\" href=\"https:\/\/eralux.com\/fr\/produit\/aspire-dusk-snow\/\" \/>\n<meta property=\"og:locale\" content=\"fr_FR\" \/>\n<meta property=\"og:type\" content=\"article\" \/>\n<meta property=\"og:title\" content=\"ASPIRE DUSK\/SNOW\" \/>\n<meta property=\"og:description\" content=\"L&#039;ASPIRE DUSK est une extension de la s\u00e9rie d&#039;appliques murales ASPIRE de haute qualit\u00e9, durables et \u00e9l\u00e9gantes. La temp\u00e9rature de couleur chaude de 2200K permet de r\u00e9duire l&#039;exposition \u00e0 la lumi\u00e8re bleue autour des b\u00e2timents r\u00e9sidentiels et de minimiser l&#039;effet sur le rythme circadien. Sa structure robuste lui permet d&#039;\u00eatre utilis\u00e9e dans des endroits humides et poussi\u00e9reux et de fonctionner dans une large gamme de temp\u00e9ratures. L&#039;ASPIRE DUSK est disponible dans une vari\u00e9t\u00e9 de puissances (puissance commutable de 30 watts \u00e0 120 watts) et d&#039;options, tout en offrant une efficacit\u00e9 lumineuse de 130 LPW. La s\u00e9rie ASPIRE-SNOW est un luminaire LED mural de haute qualit\u00e9, durable et \u00e9l\u00e9gant. Sa structure robuste lui permet d&#039;\u00eatre utilis\u00e9e dans des endroits humides et poussi\u00e9reux et de fonctionner dans une large gamme de temp\u00e9ratures. L&#039;ASPIRE-SNOW est disponible dans une vari\u00e9t\u00e9 d&#039;options de puissance et de CCT, tout en offrant une efficacit\u00e9 lumineuse de 130 LPW.\" \/>\n<meta property=\"og:url\" content=\"https:\/\/eralux.com\/fr\/produit\/aspire-dusk-snow\/\" \/>\n<meta property=\"og:site_name\" content=\"Eralux\" \/>\n<meta property=\"article:publisher\" content=\"https:\/\/www.facebook.com\/aeralux.corp\" \/>\n<meta property=\"article:modified_time\" content=\"2025-06-25T21:19:21+00:00\" \/>\n<meta property=\"og:image\" content=\"https:\/\/eralux.com\/wp-content\/uploads\/2024\/01\/ERALUX-Aspire-Snow-Wall-pack-cct-power-adjustable4-e1704404007186.png\" \/>\n\t<meta property=\"og:image:width\" content=\"3500\" \/>\n\t<meta property=\"og:image:height\" content=\"3500\" \/>\n\t<meta property=\"og:image:type\" content=\"image\/png\" \/>\n<meta name=\"twitter:card\" content=\"summary_large_image\" \/>\n<meta name=\"twitter:site\" content=\"@eralux_inc\" \/>\n<meta name=\"twitter:label1\" content=\"Prix\" \/>\n\t<meta name=\"twitter:data1\" content=\"&#036;0.00\" \/>\n\t<meta name=\"twitter:label2\" content=\"Disponibilit\u00e9\" \/>\n\t<meta name=\"twitter:data2\" content=\"En stock\" \/>\n<script type=\"application\/ld+json\" class=\"yoast-schema-graph\">{\"@context\":\"https:\\\/\\\/schema.org\",\"@graph\":[{\"@type\":\"WebPage\",\"@id\":\"https:\\\/\\\/eralux.com\\\/fr\\\/produit\\\/aspire-dusk-snow\\\/\",\"url\":\"https:\\\/\\\/eralux.com\\\/fr\\\/produit\\\/aspire-dusk-snow\\\/\",\"name\":\"ASPIRE DUSK\\\/SNOW - Eralux\",\"isPartOf\":{\"@id\":\"https:\\\/\\\/eralux.com\\\/fr\\\/#website\"},\"primaryImageOfPage\":{\"@id\":\"https:\\\/\\\/eralux.com\\\/fr\\\/produit\\\/aspire-dusk-snow\\\/#primaryimage\"},\"image\":{\"@id\":\"https:\\\/\\\/eralux.com\\\/fr\\\/produit\\\/aspire-dusk-snow\\\/#primaryimage\"},\"thumbnailUrl\":\"https:\\\/\\\/eralux.com\\\/wp-content\\\/uploads\\\/2024\\\/01\\\/ERALUX-Aspire-Snow-Wall-pack-cct-power-adjustable4-e1704404007186.png\",\"datePublished\":\"2024-01-04T20:16:49+00:00\",\"dateModified\":\"2025-06-25T21:19:21+00:00\",\"description\":\"L'ASPIRE DUSK est une extension de la s\u00e9rie d'appliques murales ASPIRE de haute qualit\u00e9, durables et \u00e9l\u00e9gantes. La temp\u00e9rature de couleur chaude de 2200K permet de r\u00e9duire l'exposition \u00e0 la lumi\u00e8re bleue autour des b\u00e2timents r\u00e9sidentiels et de minimiser l'effet sur le rythme circadien. Sa structure robuste lui permet d'\u00eatre utilis\u00e9e dans des endroits humides et poussi\u00e9reux et de fonctionner dans une large gamme de temp\u00e9ratures. L'ASPIRE DUSK est disponible dans une vari\u00e9t\u00e9 de puissances (puissance commutable de 30 watts \u00e0 120 watts) et d'options, tout en offrant une efficacit\u00e9 lumineuse de 130 LPW. La s\u00e9rie ASPIRE-SNOW est un luminaire LED mural de haute qualit\u00e9, durable et \u00e9l\u00e9gant. Sa structure robuste lui permet d'\u00eatre utilis\u00e9e dans des endroits humides et poussi\u00e9reux et de fonctionner dans une large gamme de temp\u00e9ratures. L'ASPIRE-SNOW est disponible dans une vari\u00e9t\u00e9 d'options de puissance et de CCT, tout en offrant une efficacit\u00e9 lumineuse de 130 LPW.\",\"breadcrumb\":{\"@id\":\"https:\\\/\\\/eralux.com\\\/fr\\\/produit\\\/aspire-dusk-snow\\\/#breadcrumb\"},\"inLanguage\":\"fr-FR\",\"potentialAction\":[{\"@type\":\"ReadAction\",\"target\":[\"https:\\\/\\\/eralux.com\\\/fr\\\/produit\\\/aspire-dusk-snow\\\/\"]}]},{\"@type\":\"ImageObject\",\"inLanguage\":\"fr-FR\",\"@id\":\"https:\\\/\\\/eralux.com\\\/fr\\\/produit\\\/aspire-dusk-snow\\\/#primaryimage\",\"url\":\"https:\\\/\\\/eralux.com\\\/wp-content\\\/uploads\\\/2024\\\/01\\\/ERALUX-Aspire-Snow-Wall-pack-cct-power-adjustable4-e1704404007186.png\",\"contentUrl\":\"https:\\\/\\\/eralux.com\\\/wp-content\\\/uploads\\\/2024\\\/01\\\/ERALUX-Aspire-Snow-Wall-pack-cct-power-adjustable4-e1704404007186.png\",\"width\":3500,\"height\":3500},{\"@type\":\"BreadcrumbList\",\"@id\":\"https:\\\/\\\/eralux.com\\\/fr\\\/produit\\\/aspire-dusk-snow\\\/#breadcrumb\",\"itemListElement\":[{\"@type\":\"ListItem\",\"position\":1,\"name\":\"Home\",\"item\":\"https:\\\/\\\/eralux.com\\\/fr\\\/\"},{\"@type\":\"ListItem\",\"position\":2,\"name\":\"Shop\",\"item\":\"https:\\\/\\\/eralux.com\\\/shop\\\/\"},{\"@type\":\"ListItem\",\"position\":3,\"name\":\"ASPIRE DUSK\\\/SNOW\"}]},{\"@type\":\"WebSite\",\"@id\":\"https:\\\/\\\/eralux.com\\\/fr\\\/#website\",\"url\":\"https:\\\/\\\/eralux.com\\\/fr\\\/\",\"name\":\"Eralux\",\"description\":\"World leader for Energy Saving LED Solutions\",\"publisher\":{\"@id\":\"https:\\\/\\\/eralux.com\\\/fr\\\/#organization\"},\"alternateName\":\"Led manufacturer Canada\",\"potentialAction\":[{\"@type\":\"SearchAction\",\"target\":{\"@type\":\"EntryPoint\",\"urlTemplate\":\"https:\\\/\\\/eralux.com\\\/fr\\\/?s={search_term_string}\"},\"query-input\":{\"@type\":\"PropertyValueSpecification\",\"valueRequired\":true,\"valueName\":\"search_term_string\"}}],\"inLanguage\":\"fr-FR\"},{\"@type\":\"Organization\",\"@id\":\"https:\\\/\\\/eralux.com\\\/fr\\\/#organization\",\"name\":\"Eralux\",\"url\":\"https:\\\/\\\/eralux.com\\\/fr\\\/\",\"logo\":{\"@type\":\"ImageObject\",\"inLanguage\":\"fr-FR\",\"@id\":\"https:\\\/\\\/eralux.com\\\/fr\\\/#\\\/schema\\\/logo\\\/image\\\/\",\"url\":\"https:\\\/\\\/eralux.com\\\/wp-content\\\/uploads\\\/2024\\\/01\\\/eralux-logo-trademark-R.png\",\"contentUrl\":\"https:\\\/\\\/eralux.com\\\/wp-content\\\/uploads\\\/2024\\\/01\\\/eralux-logo-trademark-R.png\",\"width\":1000,\"height\":446,\"caption\":\"Eralux\"},\"image\":{\"@id\":\"https:\\\/\\\/eralux.com\\\/fr\\\/#\\\/schema\\\/logo\\\/image\\\/\"},\"sameAs\":[\"https:\\\/\\\/www.facebook.com\\\/aeralux.corp\",\"https:\\\/\\\/x.com\\\/eralux_inc\"],\"description\":\"Save on energy with high-performance LED solutions. Choose Eralux for eco-friendly lighting. Explore our range today!\"}]}<\/script>\n<meta property=\"product:price:amount\" content=\"0.00\" \/>\n<meta property=\"product:price:currency\" content=\"CAD\" \/>\n<meta property=\"og:availability\" content=\"instock\" \/>\n<meta property=\"product:availability\" content=\"instock\" \/>\n<meta property=\"product:condition\" content=\"new\" \/>\n<!-- \/ Yoast SEO Premium plugin. -->","yoast_head_json":{"title":"ASPIRE DUSK\/SNOW - Eralux","description":"L'ASPIRE DUSK est une extension de la s\u00e9rie d'appliques murales ASPIRE de haute qualit\u00e9, durables et \u00e9l\u00e9gantes. La temp\u00e9rature de couleur chaude de 2200K permet de r\u00e9duire l'exposition \u00e0 la lumi\u00e8re bleue autour des b\u00e2timents r\u00e9sidentiels et de minimiser l'effet sur le rythme circadien. Sa structure robuste lui permet d'\u00eatre utilis\u00e9e dans des endroits humides et poussi\u00e9reux et de fonctionner dans une large gamme de temp\u00e9ratures. L'ASPIRE DUSK est disponible dans une vari\u00e9t\u00e9 de puissances (puissance commutable de 30 watts \u00e0 120 watts) et d'options, tout en offrant une efficacit\u00e9 lumineuse de 130 LPW. La s\u00e9rie ASPIRE-SNOW est un luminaire LED mural de haute qualit\u00e9, durable et \u00e9l\u00e9gant. Sa structure robuste lui permet d'\u00eatre utilis\u00e9e dans des endroits humides et poussi\u00e9reux et de fonctionner dans une large gamme de temp\u00e9ratures. L'ASPIRE-SNOW est disponible dans une vari\u00e9t\u00e9 d'options de puissance et de CCT, tout en offrant une efficacit\u00e9 lumineuse de 130 LPW.","robots":{"index":"index","follow":"follow","max-snippet":"max-snippet:-1","max-image-preview":"max-image-preview:large","max-video-preview":"max-video-preview:-1"},"canonical":"https:\/\/eralux.com\/fr\/produit\/aspire-dusk-snow\/","og_locale":"fr_FR","og_type":"article","og_title":"ASPIRE DUSK\/SNOW","og_description":"L'ASPIRE DUSK est une extension de la s\u00e9rie d'appliques murales ASPIRE de haute qualit\u00e9, durables et \u00e9l\u00e9gantes. La temp\u00e9rature de couleur chaude de 2200K permet de r\u00e9duire l'exposition \u00e0 la lumi\u00e8re bleue autour des b\u00e2timents r\u00e9sidentiels et de minimiser l'effet sur le rythme circadien. Sa structure robuste lui permet d'\u00eatre utilis\u00e9e dans des endroits humides et poussi\u00e9reux et de fonctionner dans une large gamme de temp\u00e9ratures. L'ASPIRE DUSK est disponible dans une vari\u00e9t\u00e9 de puissances (puissance commutable de 30 watts \u00e0 120 watts) et d'options, tout en offrant une efficacit\u00e9 lumineuse de 130 LPW. La s\u00e9rie ASPIRE-SNOW est un luminaire LED mural de haute qualit\u00e9, durable et \u00e9l\u00e9gant. Sa structure robuste lui permet d'\u00eatre utilis\u00e9e dans des endroits humides et poussi\u00e9reux et de fonctionner dans une large gamme de temp\u00e9ratures. L'ASPIRE-SNOW est disponible dans une vari\u00e9t\u00e9 d'options de puissance et de CCT, tout en offrant une efficacit\u00e9 lumineuse de 130 LPW.","og_url":"https:\/\/eralux.com\/fr\/produit\/aspire-dusk-snow\/","og_site_name":"Eralux","article_publisher":"https:\/\/www.facebook.com\/aeralux.corp","article_modified_time":"2025-06-25T21:19:21+00:00","og_image":[{"width":3500,"height":3500,"url":"https:\/\/eralux.com\/wp-content\/uploads\/2024\/01\/ERALUX-Aspire-Snow-Wall-pack-cct-power-adjustable4-e1704404007186.png","type":"image\/png"}],"twitter_card":"summary_large_image","twitter_site":"@eralux_inc","twitter_misc":{"Prix":"&#36;0.00","Disponibilit\u00e9":"En stock"},"schema":{"@context":"https:\/\/schema.org","@graph":[{"@type":"WebPage","@id":"https:\/\/eralux.com\/fr\/produit\/aspire-dusk-snow\/","url":"https:\/\/eralux.com\/fr\/produit\/aspire-dusk-snow\/","name":"ASPIRE DUSK\/SNOW - Eralux","isPartOf":{"@id":"https:\/\/eralux.com\/fr\/#website"},"primaryImageOfPage":{"@id":"https:\/\/eralux.com\/fr\/produit\/aspire-dusk-snow\/#primaryimage"},"image":{"@id":"https:\/\/eralux.com\/fr\/produit\/aspire-dusk-snow\/#primaryimage"},"thumbnailUrl":"https:\/\/eralux.com\/wp-content\/uploads\/2024\/01\/ERALUX-Aspire-Snow-Wall-pack-cct-power-adjustable4-e1704404007186.png","datePublished":"2024-01-04T20:16:49+00:00","dateModified":"2025-06-25T21:19:21+00:00","description":"L'ASPIRE DUSK est une extension de la s\u00e9rie d'appliques murales ASPIRE de haute qualit\u00e9, durables et \u00e9l\u00e9gantes. La temp\u00e9rature de couleur chaude de 2200K permet de r\u00e9duire l'exposition \u00e0 la lumi\u00e8re bleue autour des b\u00e2timents r\u00e9sidentiels et de minimiser l'effet sur le rythme circadien. Sa structure robuste lui permet d'\u00eatre utilis\u00e9e dans des endroits humides et poussi\u00e9reux et de fonctionner dans une large gamme de temp\u00e9ratures. L'ASPIRE DUSK est disponible dans une vari\u00e9t\u00e9 de puissances (puissance commutable de 30 watts \u00e0 120 watts) et d'options, tout en offrant une efficacit\u00e9 lumineuse de 130 LPW. La s\u00e9rie ASPIRE-SNOW est un luminaire LED mural de haute qualit\u00e9, durable et \u00e9l\u00e9gant. Sa structure robuste lui permet d'\u00eatre utilis\u00e9e dans des endroits humides et poussi\u00e9reux et de fonctionner dans une large gamme de temp\u00e9ratures. L'ASPIRE-SNOW est disponible dans une vari\u00e9t\u00e9 d'options de puissance et de CCT, tout en offrant une efficacit\u00e9 lumineuse de 130 LPW.","breadcrumb":{"@id":"https:\/\/eralux.com\/fr\/produit\/aspire-dusk-snow\/#breadcrumb"},"inLanguage":"fr-FR","potentialAction":[{"@type":"ReadAction","target":["https:\/\/eralux.com\/fr\/produit\/aspire-dusk-snow\/"]}]},{"@type":"ImageObject","inLanguage":"fr-FR","@id":"https:\/\/eralux.com\/fr\/produit\/aspire-dusk-snow\/#primaryimage","url":"https:\/\/eralux.com\/wp-content\/uploads\/2024\/01\/ERALUX-Aspire-Snow-Wall-pack-cct-power-adjustable4-e1704404007186.png","contentUrl":"https:\/\/eralux.com\/wp-content\/uploads\/2024\/01\/ERALUX-Aspire-Snow-Wall-pack-cct-power-adjustable4-e1704404007186.png","width":3500,"height":3500},{"@type":"BreadcrumbList","@id":"https:\/\/eralux.com\/fr\/produit\/aspire-dusk-snow\/#breadcrumb","itemListElement":[{"@type":"ListItem","position":1,"name":"Home","item":"https:\/\/eralux.com\/fr\/"},{"@type":"ListItem","position":2,"name":"Shop","item":"https:\/\/eralux.com\/shop\/"},{"@type":"ListItem","position":3,"name":"ASPIRE DUSK\/SNOW"}]},{"@type":"WebSite","@id":"https:\/\/eralux.com\/fr\/#website","url":"https:\/\/eralux.com\/fr\/","name":"Eralux","description":"World leader for Energy Saving LED Solutions","publisher":{"@id":"https:\/\/eralux.com\/fr\/#organization"},"alternateName":"Led manufacturer Canada","potentialAction":[{"@type":"SearchAction","target":{"@type":"EntryPoint","urlTemplate":"https:\/\/eralux.com\/fr\/?s={search_term_string}"},"query-input":{"@type":"PropertyValueSpecification","valueRequired":true,"valueName":"search_term_string"}}],"inLanguage":"fr-FR"},{"@type":"Organization","@id":"https:\/\/eralux.com\/fr\/#organization","name":"Eralux","url":"https:\/\/eralux.com\/fr\/","logo":{"@type":"ImageObject","inLanguage":"fr-FR","@id":"https:\/\/eralux.com\/fr\/#\/schema\/logo\/image\/","url":"https:\/\/eralux.com\/wp-content\/uploads\/2024\/01\/eralux-logo-trademark-R.png","contentUrl":"https:\/\/eralux.com\/wp-content\/uploads\/2024\/01\/eralux-logo-trademark-R.png","width":1000,"height":446,"caption":"Eralux"},"image":{"@id":"https:\/\/eralux.com\/fr\/#\/schema\/logo\/image\/"},"sameAs":["https:\/\/www.facebook.com\/aeralux.corp","https:\/\/x.com\/eralux_inc"],"description":"Save on energy with high-performance LED solutions. Choose Eralux for eco-friendly lighting. Explore our range today!"}]},"product_price_amount":"0.00","product_price_currency":"CAD","og_availability":"instock","product_availability":"instock","product_condition":"new"},"_links":{"self":[{"href":"https:\/\/eralux.com\/fr\/wp-json\/wp\/v2\/product\/5043","targetHints":{"allow":["GET"]}}],"collection":[{"href":"https:\/\/eralux.com\/fr\/wp-json\/wp\/v2\/product"}],"about":[{"href":"https:\/\/eralux.com\/fr\/wp-json\/wp\/v2\/types\/product"}],"replies":[{"embeddable":true,"href":"https:\/\/eralux.com\/fr\/wp-json\/wp\/v2\/comments?post=5043"}],"wp:featuredmedia":[{"embeddable":true,"href":"https:\/\/eralux.com\/fr\/wp-json\/wp\/v2\/media\/5145"}],"wp:attachment":[{"href":"https:\/\/eralux.com\/fr\/wp-json\/wp\/v2\/media?parent=5043"}],"wp:term":[{"taxonomy":"product_brand","embeddable":true,"href":"https:\/\/eralux.com\/fr\/wp-json\/wp\/v2\/product_brand?post=5043"},{"taxonomy":"product_cat","embeddable":true,"href":"https:\/\/eralux.com\/fr\/wp-json\/wp\/v2\/product_cat?post=5043"},{"taxonomy":"product_tag","embeddable":true,"href":"https:\/\/eralux.com\/fr\/wp-json\/wp\/v2\/product_tag?post=5043"}],"curies":[{"name":"wp","href":"https:\/\/api.w.org\/{rel}","templated":true}]}}