{"id":5071,"date":"2024-01-04T20:46:14","date_gmt":"2024-01-04T20:46:14","guid":{"rendered":"https:\/\/eralux.com\/?post_type=product&#038;p=5071"},"modified":"2025-06-25T21:13:53","modified_gmt":"2025-06-25T21:13:53","slug":"aspire","status":"publish","type":"product","link":"https:\/\/eralux.com\/fr\/produit\/aspire\/","title":{"rendered":"ASPIRE"},"content":{"rendered":"<p>La s\u00e9rie ASPIRE est un luminaire LED mural de haute qualit\u00e9, durable et \u00e9l\u00e9gant. Sa structure robuste lui permet d&#8217;\u00eatre utilis\u00e9e dans des endroits humides et poussi\u00e9reux et de fonctionner dans une large gamme de temp\u00e9ratures. L&#8217;ASPIRE est disponible dans une vari\u00e9t\u00e9 d&#8217;options de puissance et de CCT, tout en offrant une efficacit\u00e9 lumineuse de 130 LPW.<\/p>\n","protected":false},"excerpt":{"rendered":"<p>Applique murale d&#8217;ext\u00e9rieur<\/p>\n","protected":false},"featured_media":6194,"comment_status":"open","ping_status":"closed","template":"","meta":{"inline_featured_image":false},"product_brand":[],"product_cat":[1241],"product_tag":[],"class_list":{"0":"post-5071","1":"product","2":"type-product","3":"status-publish","4":"has-post-thumbnail","6":"spec_sheets-h-fr","7":"spec_sheets-ps-fr","8":"spec_sheets-ms-fr-3","9":"spec_sheets-bk-fr-2","10":"spec_sheets-bz-fr","11":"spec_sheets-30-fr-4","12":"spec_sheets-35-fr-2","13":"spec_sheets-40-fr-6","14":"spec_sheets-performance-fr","15":"spec_sheets-50-fr-5","16":"spec_sheets-cct-fr","17":"spec_sheets-controles","18":"spec_sheets-finition","19":"spec_sheets-tension-dentree","20":"spec_sheets-puissance","21":"spec_sheets-28w-fr","22":"spec_sheets-40w-fr","23":"spec_sheets-60w-fr","24":"spec_sheets-80w-fr","25":"product_applications-bureau-commercial","26":"product_applications-education-fr","27":"product_applications-parking","28":"product_applications-magasin-de-detail","29":"product_segments-exterieur","30":"product_segments-applique-murale","31":"product_cat-ae-wp-ap-fr","33":"first","34":"instock","35":"shipping-taxable","36":"purchasable","37":"product-type-simple"},"yoast_head":"<!-- This site is optimized with the Yoast SEO Premium plugin v24.2 (Yoast SEO v27.5) - https:\/\/yoast.com\/product\/yoast-seo-premium-wordpress\/ -->\n<title>ASPIRE - Eralux<\/title>\n<meta name=\"description\" content=\"La s\u00e9rie ASPIRE est un luminaire LED mural de haute qualit\u00e9, durable et \u00e9l\u00e9gant. Sa structure robuste lui permet d&#039;\u00eatre utilis\u00e9e dans des endroits humides et poussi\u00e9reux et de fonctionner dans une large gamme de temp\u00e9ratures. L&#039;ASPIRE est disponible dans une vari\u00e9t\u00e9 d&#039;options de puissance et de CCT, tout en offrant une efficacit\u00e9 lumineuse de 130 LPW.\" \/>\n<meta name=\"robots\" content=\"index, follow, max-snippet:-1, max-image-preview:large, max-video-preview:-1\" \/>\n<link rel=\"canonical\" href=\"https:\/\/eralux.com\/fr\/produit\/aspire\/\" \/>\n<meta property=\"og:locale\" content=\"fr_FR\" \/>\n<meta property=\"og:type\" content=\"article\" \/>\n<meta property=\"og:title\" content=\"ASPIRE\" \/>\n<meta property=\"og:description\" content=\"La s\u00e9rie ASPIRE est un luminaire LED mural de haute qualit\u00e9, durable et \u00e9l\u00e9gant. Sa structure robuste lui permet d&#039;\u00eatre utilis\u00e9e dans des endroits humides et poussi\u00e9reux et de fonctionner dans une large gamme de temp\u00e9ratures. L&#039;ASPIRE est disponible dans une vari\u00e9t\u00e9 d&#039;options de puissance et de CCT, tout en offrant une efficacit\u00e9 lumineuse de 130 LPW.\" \/>\n<meta property=\"og:url\" content=\"https:\/\/eralux.com\/fr\/produit\/aspire\/\" \/>\n<meta property=\"og:site_name\" content=\"Eralux\" \/>\n<meta property=\"article:publisher\" content=\"https:\/\/www.facebook.com\/aeralux.corp\" \/>\n<meta property=\"article:modified_time\" content=\"2025-06-25T21:13:53+00:00\" \/>\n<meta property=\"og:image\" content=\"https:\/\/eralux.com\/wp-content\/uploads\/2024\/01\/Full-cut-off-wall-pack-2-2.png\" \/>\n\t<meta property=\"og:image:width\" content=\"1000\" \/>\n\t<meta property=\"og:image:height\" content=\"1000\" \/>\n\t<meta property=\"og:image:type\" content=\"image\/png\" \/>\n<meta name=\"twitter:card\" content=\"summary_large_image\" \/>\n<meta name=\"twitter:site\" content=\"@eralux_inc\" \/>\n<meta name=\"twitter:label1\" content=\"Prix\" \/>\n\t<meta name=\"twitter:data1\" content=\"&#036;0.00\" \/>\n\t<meta name=\"twitter:label2\" content=\"Disponibilit\u00e9\" \/>\n\t<meta name=\"twitter:data2\" content=\"En stock\" \/>\n<script type=\"application\/ld+json\" class=\"yoast-schema-graph\">{\"@context\":\"https:\\\/\\\/schema.org\",\"@graph\":[{\"@type\":\"WebPage\",\"@id\":\"https:\\\/\\\/eralux.com\\\/fr\\\/produit\\\/aspire\\\/\",\"url\":\"https:\\\/\\\/eralux.com\\\/fr\\\/produit\\\/aspire\\\/\",\"name\":\"ASPIRE - Eralux\",\"isPartOf\":{\"@id\":\"https:\\\/\\\/eralux.com\\\/fr\\\/#website\"},\"primaryImageOfPage\":{\"@id\":\"https:\\\/\\\/eralux.com\\\/fr\\\/produit\\\/aspire\\\/#primaryimage\"},\"image\":{\"@id\":\"https:\\\/\\\/eralux.com\\\/fr\\\/produit\\\/aspire\\\/#primaryimage\"},\"thumbnailUrl\":\"https:\\\/\\\/eralux.com\\\/wp-content\\\/uploads\\\/2024\\\/01\\\/Full-cut-off-wall-pack-2-2.png\",\"datePublished\":\"2024-01-04T20:46:14+00:00\",\"dateModified\":\"2025-06-25T21:13:53+00:00\",\"description\":\"La s\u00e9rie ASPIRE est un luminaire LED mural de haute qualit\u00e9, durable et \u00e9l\u00e9gant. Sa structure robuste lui permet d'\u00eatre utilis\u00e9e dans des endroits humides et poussi\u00e9reux et de fonctionner dans une large gamme de temp\u00e9ratures. L'ASPIRE est disponible dans une vari\u00e9t\u00e9 d'options de puissance et de CCT, tout en offrant une efficacit\u00e9 lumineuse de 130 LPW.\",\"breadcrumb\":{\"@id\":\"https:\\\/\\\/eralux.com\\\/fr\\\/produit\\\/aspire\\\/#breadcrumb\"},\"inLanguage\":\"fr-FR\",\"potentialAction\":[{\"@type\":\"ReadAction\",\"target\":[\"https:\\\/\\\/eralux.com\\\/fr\\\/produit\\\/aspire\\\/\"]}]},{\"@type\":\"ImageObject\",\"inLanguage\":\"fr-FR\",\"@id\":\"https:\\\/\\\/eralux.com\\\/fr\\\/produit\\\/aspire\\\/#primaryimage\",\"url\":\"https:\\\/\\\/eralux.com\\\/wp-content\\\/uploads\\\/2024\\\/01\\\/Full-cut-off-wall-pack-2-2.png\",\"contentUrl\":\"https:\\\/\\\/eralux.com\\\/wp-content\\\/uploads\\\/2024\\\/01\\\/Full-cut-off-wall-pack-2-2.png\",\"width\":1000,\"height\":1000},{\"@type\":\"BreadcrumbList\",\"@id\":\"https:\\\/\\\/eralux.com\\\/fr\\\/produit\\\/aspire\\\/#breadcrumb\",\"itemListElement\":[{\"@type\":\"ListItem\",\"position\":1,\"name\":\"Home\",\"item\":\"https:\\\/\\\/eralux.com\\\/fr\\\/\"},{\"@type\":\"ListItem\",\"position\":2,\"name\":\"Shop\",\"item\":\"https:\\\/\\\/eralux.com\\\/shop\\\/\"},{\"@type\":\"ListItem\",\"position\":3,\"name\":\"ASPIRE\"}]},{\"@type\":\"WebSite\",\"@id\":\"https:\\\/\\\/eralux.com\\\/fr\\\/#website\",\"url\":\"https:\\\/\\\/eralux.com\\\/fr\\\/\",\"name\":\"Eralux\",\"description\":\"World leader for Energy Saving LED Solutions\",\"publisher\":{\"@id\":\"https:\\\/\\\/eralux.com\\\/fr\\\/#organization\"},\"alternateName\":\"Led manufacturer Canada\",\"potentialAction\":[{\"@type\":\"SearchAction\",\"target\":{\"@type\":\"EntryPoint\",\"urlTemplate\":\"https:\\\/\\\/eralux.com\\\/fr\\\/?s={search_term_string}\"},\"query-input\":{\"@type\":\"PropertyValueSpecification\",\"valueRequired\":true,\"valueName\":\"search_term_string\"}}],\"inLanguage\":\"fr-FR\"},{\"@type\":\"Organization\",\"@id\":\"https:\\\/\\\/eralux.com\\\/fr\\\/#organization\",\"name\":\"Eralux\",\"url\":\"https:\\\/\\\/eralux.com\\\/fr\\\/\",\"logo\":{\"@type\":\"ImageObject\",\"inLanguage\":\"fr-FR\",\"@id\":\"https:\\\/\\\/eralux.com\\\/fr\\\/#\\\/schema\\\/logo\\\/image\\\/\",\"url\":\"https:\\\/\\\/eralux.com\\\/wp-content\\\/uploads\\\/2024\\\/01\\\/eralux-logo-trademark-R.png\",\"contentUrl\":\"https:\\\/\\\/eralux.com\\\/wp-content\\\/uploads\\\/2024\\\/01\\\/eralux-logo-trademark-R.png\",\"width\":1000,\"height\":446,\"caption\":\"Eralux\"},\"image\":{\"@id\":\"https:\\\/\\\/eralux.com\\\/fr\\\/#\\\/schema\\\/logo\\\/image\\\/\"},\"sameAs\":[\"https:\\\/\\\/www.facebook.com\\\/aeralux.corp\",\"https:\\\/\\\/x.com\\\/eralux_inc\"],\"description\":\"Save on energy with high-performance LED solutions. Choose Eralux for eco-friendly lighting. Explore our range today!\"}]}<\/script>\n<meta property=\"product:price:amount\" content=\"0.00\" \/>\n<meta property=\"product:price:currency\" content=\"CAD\" \/>\n<meta property=\"og:availability\" content=\"instock\" \/>\n<meta property=\"product:availability\" content=\"instock\" \/>\n<meta property=\"product:condition\" content=\"new\" \/>\n<!-- \/ Yoast SEO Premium plugin. -->","yoast_head_json":{"title":"ASPIRE - Eralux","description":"La s\u00e9rie ASPIRE est un luminaire LED mural de haute qualit\u00e9, durable et \u00e9l\u00e9gant. Sa structure robuste lui permet d'\u00eatre utilis\u00e9e dans des endroits humides et poussi\u00e9reux et de fonctionner dans une large gamme de temp\u00e9ratures. L'ASPIRE est disponible dans une vari\u00e9t\u00e9 d'options de puissance et de CCT, tout en offrant une efficacit\u00e9 lumineuse de 130 LPW.","robots":{"index":"index","follow":"follow","max-snippet":"max-snippet:-1","max-image-preview":"max-image-preview:large","max-video-preview":"max-video-preview:-1"},"canonical":"https:\/\/eralux.com\/fr\/produit\/aspire\/","og_locale":"fr_FR","og_type":"article","og_title":"ASPIRE","og_description":"La s\u00e9rie ASPIRE est un luminaire LED mural de haute qualit\u00e9, durable et \u00e9l\u00e9gant. Sa structure robuste lui permet d'\u00eatre utilis\u00e9e dans des endroits humides et poussi\u00e9reux et de fonctionner dans une large gamme de temp\u00e9ratures. L'ASPIRE est disponible dans une vari\u00e9t\u00e9 d'options de puissance et de CCT, tout en offrant une efficacit\u00e9 lumineuse de 130 LPW.","og_url":"https:\/\/eralux.com\/fr\/produit\/aspire\/","og_site_name":"Eralux","article_publisher":"https:\/\/www.facebook.com\/aeralux.corp","article_modified_time":"2025-06-25T21:13:53+00:00","og_image":[{"width":1000,"height":1000,"url":"https:\/\/eralux.com\/wp-content\/uploads\/2024\/01\/Full-cut-off-wall-pack-2-2.png","type":"image\/png"}],"twitter_card":"summary_large_image","twitter_site":"@eralux_inc","twitter_misc":{"Prix":"&#36;0.00","Disponibilit\u00e9":"En stock"},"schema":{"@context":"https:\/\/schema.org","@graph":[{"@type":"WebPage","@id":"https:\/\/eralux.com\/fr\/produit\/aspire\/","url":"https:\/\/eralux.com\/fr\/produit\/aspire\/","name":"ASPIRE - Eralux","isPartOf":{"@id":"https:\/\/eralux.com\/fr\/#website"},"primaryImageOfPage":{"@id":"https:\/\/eralux.com\/fr\/produit\/aspire\/#primaryimage"},"image":{"@id":"https:\/\/eralux.com\/fr\/produit\/aspire\/#primaryimage"},"thumbnailUrl":"https:\/\/eralux.com\/wp-content\/uploads\/2024\/01\/Full-cut-off-wall-pack-2-2.png","datePublished":"2024-01-04T20:46:14+00:00","dateModified":"2025-06-25T21:13:53+00:00","description":"La s\u00e9rie ASPIRE est un luminaire LED mural de haute qualit\u00e9, durable et \u00e9l\u00e9gant. Sa structure robuste lui permet d'\u00eatre utilis\u00e9e dans des endroits humides et poussi\u00e9reux et de fonctionner dans une large gamme de temp\u00e9ratures. L'ASPIRE est disponible dans une vari\u00e9t\u00e9 d'options de puissance et de CCT, tout en offrant une efficacit\u00e9 lumineuse de 130 LPW.","breadcrumb":{"@id":"https:\/\/eralux.com\/fr\/produit\/aspire\/#breadcrumb"},"inLanguage":"fr-FR","potentialAction":[{"@type":"ReadAction","target":["https:\/\/eralux.com\/fr\/produit\/aspire\/"]}]},{"@type":"ImageObject","inLanguage":"fr-FR","@id":"https:\/\/eralux.com\/fr\/produit\/aspire\/#primaryimage","url":"https:\/\/eralux.com\/wp-content\/uploads\/2024\/01\/Full-cut-off-wall-pack-2-2.png","contentUrl":"https:\/\/eralux.com\/wp-content\/uploads\/2024\/01\/Full-cut-off-wall-pack-2-2.png","width":1000,"height":1000},{"@type":"BreadcrumbList","@id":"https:\/\/eralux.com\/fr\/produit\/aspire\/#breadcrumb","itemListElement":[{"@type":"ListItem","position":1,"name":"Home","item":"https:\/\/eralux.com\/fr\/"},{"@type":"ListItem","position":2,"name":"Shop","item":"https:\/\/eralux.com\/shop\/"},{"@type":"ListItem","position":3,"name":"ASPIRE"}]},{"@type":"WebSite","@id":"https:\/\/eralux.com\/fr\/#website","url":"https:\/\/eralux.com\/fr\/","name":"Eralux","description":"World leader for Energy Saving LED Solutions","publisher":{"@id":"https:\/\/eralux.com\/fr\/#organization"},"alternateName":"Led manufacturer Canada","potentialAction":[{"@type":"SearchAction","target":{"@type":"EntryPoint","urlTemplate":"https:\/\/eralux.com\/fr\/?s={search_term_string}"},"query-input":{"@type":"PropertyValueSpecification","valueRequired":true,"valueName":"search_term_string"}}],"inLanguage":"fr-FR"},{"@type":"Organization","@id":"https:\/\/eralux.com\/fr\/#organization","name":"Eralux","url":"https:\/\/eralux.com\/fr\/","logo":{"@type":"ImageObject","inLanguage":"fr-FR","@id":"https:\/\/eralux.com\/fr\/#\/schema\/logo\/image\/","url":"https:\/\/eralux.com\/wp-content\/uploads\/2024\/01\/eralux-logo-trademark-R.png","contentUrl":"https:\/\/eralux.com\/wp-content\/uploads\/2024\/01\/eralux-logo-trademark-R.png","width":1000,"height":446,"caption":"Eralux"},"image":{"@id":"https:\/\/eralux.com\/fr\/#\/schema\/logo\/image\/"},"sameAs":["https:\/\/www.facebook.com\/aeralux.corp","https:\/\/x.com\/eralux_inc"],"description":"Save on energy with high-performance LED solutions. Choose Eralux for eco-friendly lighting. Explore our range today!"}]},"product_price_amount":"0.00","product_price_currency":"CAD","og_availability":"instock","product_availability":"instock","product_condition":"new"},"_links":{"self":[{"href":"https:\/\/eralux.com\/fr\/wp-json\/wp\/v2\/product\/5071","targetHints":{"allow":["GET"]}}],"collection":[{"href":"https:\/\/eralux.com\/fr\/wp-json\/wp\/v2\/product"}],"about":[{"href":"https:\/\/eralux.com\/fr\/wp-json\/wp\/v2\/types\/product"}],"replies":[{"embeddable":true,"href":"https:\/\/eralux.com\/fr\/wp-json\/wp\/v2\/comments?post=5071"}],"wp:featuredmedia":[{"embeddable":true,"href":"https:\/\/eralux.com\/fr\/wp-json\/wp\/v2\/media\/6194"}],"wp:attachment":[{"href":"https:\/\/eralux.com\/fr\/wp-json\/wp\/v2\/media?parent=5071"}],"wp:term":[{"taxonomy":"product_brand","embeddable":true,"href":"https:\/\/eralux.com\/fr\/wp-json\/wp\/v2\/product_brand?post=5071"},{"taxonomy":"product_cat","embeddable":true,"href":"https:\/\/eralux.com\/fr\/wp-json\/wp\/v2\/product_cat?post=5071"},{"taxonomy":"product_tag","embeddable":true,"href":"https:\/\/eralux.com\/fr\/wp-json\/wp\/v2\/product_tag?post=5071"}],"curies":[{"name":"wp","href":"https:\/\/api.w.org\/{rel}","templated":true}]}}