{"id":5163,"date":"2024-01-04T21:44:12","date_gmt":"2024-01-04T21:44:12","guid":{"rendered":"https:\/\/eralux.com\/?post_type=product&#038;p=5163"},"modified":"2025-06-25T21:20:50","modified_gmt":"2025-06-25T21:20:50","slug":"astellano-evolve-snow","status":"publish","type":"product","link":"https:\/\/eralux.com\/fr\/produit\/astellano-evolve-snow\/","title":{"rendered":"ASTELLANO EVOLVE\/SNOW"},"content":{"rendered":"<p>L&#8217;Astellano Evolve est un pack mural traditionnel am\u00e9lior\u00e9 avec des technologies LED progressives, une cellule photo\u00e9lectrique, entre autres. L&#8217;ensemble mural fournit jusqu&#8217;\u00e0 120 LPW dans une vari\u00e9t\u00e9 d&#8217;options de puissance et de CCT. L&#8217;Astellano Evolve est dot\u00e9 d&#8217;une capacit\u00e9 de commutation de puissance qui permet d&#8217;offrir diverses options d&#8217;alimentation. Il s&#8217;agit d&#8217;un bo\u00eetier robuste en aluminium moul\u00e9 sous pression, enti\u00e8rement scell\u00e9 pour \u00eatre \u00e0 l&#8217;\u00e9preuve de la salet\u00e9 et \u00e9prouv\u00e9 pour r\u00e9sister aux \u00e9l\u00e9ments ext\u00e9rieurs. L&#8217;Astellano est la preuve vivante que la performance peut \u00eatre trouv\u00e9e dans des produits traditionnels de longue date.<\/p>\n","protected":false},"excerpt":{"rendered":"<p>Applique murale d&#8217;ext\u00e9rieur<\/p>\n","protected":false},"featured_media":5361,"comment_status":"open","ping_status":"closed","template":"","meta":{"inline_featured_image":false},"product_brand":[],"product_cat":[1386],"product_tag":[],"class_list":{"0":"post-5163","1":"product","2":"type-product","3":"status-publish","4":"has-post-thumbnail","6":"spec_sheets-al-fr","7":"spec_sheets-m-fr-2","8":"spec_sheets-cs-fr","9":"spec_sheets-wh-fr-2","10":"spec_sheets-3cct-fr","11":"spec_sheets-cct-fr","12":"spec_sheets-controles","13":"spec_sheets-finition","14":"spec_sheets-tension-dentree","15":"spec_sheets-puissance","16":"spec_sheets-120-fr-2","17":"product_applications-education-fr","18":"product_applications-magasin-de-mode","19":"product_applications-hotellerie","20":"product_applications-parking","21":"product_segments-exterieur","22":"product_segments-applique-murale","23":"product_cat-ae-wp-wp01-fr","25":"first","26":"instock","27":"shipping-taxable","28":"purchasable","29":"product-type-simple"},"yoast_head":"<!-- This site is optimized with the Yoast SEO Premium plugin v24.2 (Yoast SEO v27.5) - https:\/\/yoast.com\/product\/yoast-seo-premium-wordpress\/ -->\n<title>ASTELLANO EVOLVE\/SNOW - Eralux<\/title>\n<meta name=\"description\" content=\"L&#039;Astellano Evolve est un pack mural traditionnel am\u00e9lior\u00e9 avec des technologies LED progressives, une cellule photo\u00e9lectrique, entre autres. L&#039;ensemble mural fournit jusqu&#039;\u00e0 120 LPW dans une vari\u00e9t\u00e9 d&#039;options de puissance et de CCT. L&#039;Astellano Evolve est dot\u00e9 d&#039;une capacit\u00e9 de commutation de puissance qui permet d&#039;offrir diverses options d&#039;alimentation. Il s&#039;agit d&#039;un bo\u00eetier robuste en aluminium moul\u00e9 sous pression, enti\u00e8rement scell\u00e9 pour \u00eatre \u00e0 l&#039;\u00e9preuve de la salet\u00e9 et \u00e9prouv\u00e9 pour r\u00e9sister aux \u00e9l\u00e9ments ext\u00e9rieurs. L&#039;Astellano est la preuve vivante que la performance peut \u00eatre trouv\u00e9e dans des produits traditionnels de longue date.\" \/>\n<meta name=\"robots\" content=\"index, follow, max-snippet:-1, max-image-preview:large, max-video-preview:-1\" \/>\n<link rel=\"canonical\" href=\"https:\/\/eralux.com\/fr\/produit\/astellano-evolve-snow\/\" \/>\n<meta property=\"og:locale\" content=\"fr_FR\" \/>\n<meta property=\"og:type\" content=\"article\" \/>\n<meta property=\"og:title\" content=\"ASTELLANO EVOLVE\/SNOW\" \/>\n<meta property=\"og:description\" content=\"L&#039;Astellano Evolve est un pack mural traditionnel am\u00e9lior\u00e9 avec des technologies LED progressives, une cellule photo\u00e9lectrique, entre autres. L&#039;ensemble mural fournit jusqu&#039;\u00e0 120 LPW dans une vari\u00e9t\u00e9 d&#039;options de puissance et de CCT. L&#039;Astellano Evolve est dot\u00e9 d&#039;une capacit\u00e9 de commutation de puissance qui permet d&#039;offrir diverses options d&#039;alimentation. Il s&#039;agit d&#039;un bo\u00eetier robuste en aluminium moul\u00e9 sous pression, enti\u00e8rement scell\u00e9 pour \u00eatre \u00e0 l&#039;\u00e9preuve de la salet\u00e9 et \u00e9prouv\u00e9 pour r\u00e9sister aux \u00e9l\u00e9ments ext\u00e9rieurs. L&#039;Astellano est la preuve vivante que la performance peut \u00eatre trouv\u00e9e dans des produits traditionnels de longue date.\" \/>\n<meta property=\"og:url\" content=\"https:\/\/eralux.com\/fr\/produit\/astellano-evolve-snow\/\" \/>\n<meta property=\"og:site_name\" content=\"Eralux\" \/>\n<meta property=\"article:publisher\" content=\"https:\/\/www.facebook.com\/aeralux.corp\" \/>\n<meta property=\"article:modified_time\" content=\"2025-06-25T21:20:50+00:00\" \/>\n<meta property=\"og:image\" content=\"https:\/\/eralux.com\/wp-content\/uploads\/2024\/01\/ERALUX-ASTELLANO-EVOLVE-SNOW-80-120W-WHITE-WALLPACK2-e1704463744786.png\" \/>\n\t<meta property=\"og:image:width\" content=\"3000\" \/>\n\t<meta property=\"og:image:height\" content=\"2418\" \/>\n\t<meta property=\"og:image:type\" content=\"image\/png\" \/>\n<meta name=\"twitter:card\" content=\"summary_large_image\" \/>\n<meta name=\"twitter:site\" content=\"@eralux_inc\" \/>\n<meta name=\"twitter:label1\" content=\"Prix\" \/>\n\t<meta name=\"twitter:data1\" content=\"&#036;0.00\" \/>\n\t<meta name=\"twitter:label2\" content=\"Disponibilit\u00e9\" \/>\n\t<meta name=\"twitter:data2\" content=\"En stock\" \/>\n<script type=\"application\/ld+json\" class=\"yoast-schema-graph\">{\"@context\":\"https:\\\/\\\/schema.org\",\"@graph\":[{\"@type\":\"WebPage\",\"@id\":\"https:\\\/\\\/eralux.com\\\/fr\\\/produit\\\/astellano-evolve-snow\\\/\",\"url\":\"https:\\\/\\\/eralux.com\\\/fr\\\/produit\\\/astellano-evolve-snow\\\/\",\"name\":\"ASTELLANO EVOLVE\\\/SNOW - Eralux\",\"isPartOf\":{\"@id\":\"https:\\\/\\\/eralux.com\\\/fr\\\/#website\"},\"primaryImageOfPage\":{\"@id\":\"https:\\\/\\\/eralux.com\\\/fr\\\/produit\\\/astellano-evolve-snow\\\/#primaryimage\"},\"image\":{\"@id\":\"https:\\\/\\\/eralux.com\\\/fr\\\/produit\\\/astellano-evolve-snow\\\/#primaryimage\"},\"thumbnailUrl\":\"https:\\\/\\\/eralux.com\\\/wp-content\\\/uploads\\\/2024\\\/01\\\/ERALUX-ASTELLANO-EVOLVE-SNOW-80-120W-WHITE-WALLPACK2-e1704463744786.png\",\"datePublished\":\"2024-01-04T21:44:12+00:00\",\"dateModified\":\"2025-06-25T21:20:50+00:00\",\"description\":\"L'Astellano Evolve est un pack mural traditionnel am\u00e9lior\u00e9 avec des technologies LED progressives, une cellule photo\u00e9lectrique, entre autres. L'ensemble mural fournit jusqu'\u00e0 120 LPW dans une vari\u00e9t\u00e9 d'options de puissance et de CCT. L'Astellano Evolve est dot\u00e9 d'une capacit\u00e9 de commutation de puissance qui permet d'offrir diverses options d'alimentation. Il s'agit d'un bo\u00eetier robuste en aluminium moul\u00e9 sous pression, enti\u00e8rement scell\u00e9 pour \u00eatre \u00e0 l'\u00e9preuve de la salet\u00e9 et \u00e9prouv\u00e9 pour r\u00e9sister aux \u00e9l\u00e9ments ext\u00e9rieurs. L'Astellano est la preuve vivante que la performance peut \u00eatre trouv\u00e9e dans des produits traditionnels de longue date.\",\"breadcrumb\":{\"@id\":\"https:\\\/\\\/eralux.com\\\/fr\\\/produit\\\/astellano-evolve-snow\\\/#breadcrumb\"},\"inLanguage\":\"fr-FR\",\"potentialAction\":[{\"@type\":\"ReadAction\",\"target\":[\"https:\\\/\\\/eralux.com\\\/fr\\\/produit\\\/astellano-evolve-snow\\\/\"]}]},{\"@type\":\"ImageObject\",\"inLanguage\":\"fr-FR\",\"@id\":\"https:\\\/\\\/eralux.com\\\/fr\\\/produit\\\/astellano-evolve-snow\\\/#primaryimage\",\"url\":\"https:\\\/\\\/eralux.com\\\/wp-content\\\/uploads\\\/2024\\\/01\\\/ERALUX-ASTELLANO-EVOLVE-SNOW-80-120W-WHITE-WALLPACK2-e1704463744786.png\",\"contentUrl\":\"https:\\\/\\\/eralux.com\\\/wp-content\\\/uploads\\\/2024\\\/01\\\/ERALUX-ASTELLANO-EVOLVE-SNOW-80-120W-WHITE-WALLPACK2-e1704463744786.png\",\"width\":3000,\"height\":2418},{\"@type\":\"BreadcrumbList\",\"@id\":\"https:\\\/\\\/eralux.com\\\/fr\\\/produit\\\/astellano-evolve-snow\\\/#breadcrumb\",\"itemListElement\":[{\"@type\":\"ListItem\",\"position\":1,\"name\":\"Home\",\"item\":\"https:\\\/\\\/eralux.com\\\/fr\\\/\"},{\"@type\":\"ListItem\",\"position\":2,\"name\":\"Shop\",\"item\":\"https:\\\/\\\/eralux.com\\\/shop\\\/\"},{\"@type\":\"ListItem\",\"position\":3,\"name\":\"ASTELLANO EVOLVE\\\/SNOW\"}]},{\"@type\":\"WebSite\",\"@id\":\"https:\\\/\\\/eralux.com\\\/fr\\\/#website\",\"url\":\"https:\\\/\\\/eralux.com\\\/fr\\\/\",\"name\":\"Eralux\",\"description\":\"World leader for Energy Saving LED Solutions\",\"publisher\":{\"@id\":\"https:\\\/\\\/eralux.com\\\/fr\\\/#organization\"},\"alternateName\":\"Led manufacturer Canada\",\"potentialAction\":[{\"@type\":\"SearchAction\",\"target\":{\"@type\":\"EntryPoint\",\"urlTemplate\":\"https:\\\/\\\/eralux.com\\\/fr\\\/?s={search_term_string}\"},\"query-input\":{\"@type\":\"PropertyValueSpecification\",\"valueRequired\":true,\"valueName\":\"search_term_string\"}}],\"inLanguage\":\"fr-FR\"},{\"@type\":\"Organization\",\"@id\":\"https:\\\/\\\/eralux.com\\\/fr\\\/#organization\",\"name\":\"Eralux\",\"url\":\"https:\\\/\\\/eralux.com\\\/fr\\\/\",\"logo\":{\"@type\":\"ImageObject\",\"inLanguage\":\"fr-FR\",\"@id\":\"https:\\\/\\\/eralux.com\\\/fr\\\/#\\\/schema\\\/logo\\\/image\\\/\",\"url\":\"https:\\\/\\\/eralux.com\\\/wp-content\\\/uploads\\\/2024\\\/01\\\/eralux-logo-trademark-R.png\",\"contentUrl\":\"https:\\\/\\\/eralux.com\\\/wp-content\\\/uploads\\\/2024\\\/01\\\/eralux-logo-trademark-R.png\",\"width\":1000,\"height\":446,\"caption\":\"Eralux\"},\"image\":{\"@id\":\"https:\\\/\\\/eralux.com\\\/fr\\\/#\\\/schema\\\/logo\\\/image\\\/\"},\"sameAs\":[\"https:\\\/\\\/www.facebook.com\\\/aeralux.corp\",\"https:\\\/\\\/x.com\\\/eralux_inc\"],\"description\":\"Save on energy with high-performance LED solutions. Choose Eralux for eco-friendly lighting. Explore our range today!\"}]}<\/script>\n<meta property=\"product:price:amount\" content=\"0.00\" \/>\n<meta property=\"product:price:currency\" content=\"CAD\" \/>\n<meta property=\"og:availability\" content=\"instock\" \/>\n<meta property=\"product:availability\" content=\"instock\" \/>\n<meta property=\"product:condition\" content=\"new\" \/>\n<!-- \/ Yoast SEO Premium plugin. -->","yoast_head_json":{"title":"ASTELLANO EVOLVE\/SNOW - Eralux","description":"L'Astellano Evolve est un pack mural traditionnel am\u00e9lior\u00e9 avec des technologies LED progressives, une cellule photo\u00e9lectrique, entre autres. L'ensemble mural fournit jusqu'\u00e0 120 LPW dans une vari\u00e9t\u00e9 d'options de puissance et de CCT. L'Astellano Evolve est dot\u00e9 d'une capacit\u00e9 de commutation de puissance qui permet d'offrir diverses options d'alimentation. Il s'agit d'un bo\u00eetier robuste en aluminium moul\u00e9 sous pression, enti\u00e8rement scell\u00e9 pour \u00eatre \u00e0 l'\u00e9preuve de la salet\u00e9 et \u00e9prouv\u00e9 pour r\u00e9sister aux \u00e9l\u00e9ments ext\u00e9rieurs. L'Astellano est la preuve vivante que la performance peut \u00eatre trouv\u00e9e dans des produits traditionnels de longue date.","robots":{"index":"index","follow":"follow","max-snippet":"max-snippet:-1","max-image-preview":"max-image-preview:large","max-video-preview":"max-video-preview:-1"},"canonical":"https:\/\/eralux.com\/fr\/produit\/astellano-evolve-snow\/","og_locale":"fr_FR","og_type":"article","og_title":"ASTELLANO EVOLVE\/SNOW","og_description":"L'Astellano Evolve est un pack mural traditionnel am\u00e9lior\u00e9 avec des technologies LED progressives, une cellule photo\u00e9lectrique, entre autres. L'ensemble mural fournit jusqu'\u00e0 120 LPW dans une vari\u00e9t\u00e9 d'options de puissance et de CCT. L'Astellano Evolve est dot\u00e9 d'une capacit\u00e9 de commutation de puissance qui permet d'offrir diverses options d'alimentation. Il s'agit d'un bo\u00eetier robuste en aluminium moul\u00e9 sous pression, enti\u00e8rement scell\u00e9 pour \u00eatre \u00e0 l'\u00e9preuve de la salet\u00e9 et \u00e9prouv\u00e9 pour r\u00e9sister aux \u00e9l\u00e9ments ext\u00e9rieurs. L'Astellano est la preuve vivante que la performance peut \u00eatre trouv\u00e9e dans des produits traditionnels de longue date.","og_url":"https:\/\/eralux.com\/fr\/produit\/astellano-evolve-snow\/","og_site_name":"Eralux","article_publisher":"https:\/\/www.facebook.com\/aeralux.corp","article_modified_time":"2025-06-25T21:20:50+00:00","og_image":[{"width":3000,"height":2418,"url":"https:\/\/eralux.com\/wp-content\/uploads\/2024\/01\/ERALUX-ASTELLANO-EVOLVE-SNOW-80-120W-WHITE-WALLPACK2-e1704463744786.png","type":"image\/png"}],"twitter_card":"summary_large_image","twitter_site":"@eralux_inc","twitter_misc":{"Prix":"&#36;0.00","Disponibilit\u00e9":"En stock"},"schema":{"@context":"https:\/\/schema.org","@graph":[{"@type":"WebPage","@id":"https:\/\/eralux.com\/fr\/produit\/astellano-evolve-snow\/","url":"https:\/\/eralux.com\/fr\/produit\/astellano-evolve-snow\/","name":"ASTELLANO EVOLVE\/SNOW - Eralux","isPartOf":{"@id":"https:\/\/eralux.com\/fr\/#website"},"primaryImageOfPage":{"@id":"https:\/\/eralux.com\/fr\/produit\/astellano-evolve-snow\/#primaryimage"},"image":{"@id":"https:\/\/eralux.com\/fr\/produit\/astellano-evolve-snow\/#primaryimage"},"thumbnailUrl":"https:\/\/eralux.com\/wp-content\/uploads\/2024\/01\/ERALUX-ASTELLANO-EVOLVE-SNOW-80-120W-WHITE-WALLPACK2-e1704463744786.png","datePublished":"2024-01-04T21:44:12+00:00","dateModified":"2025-06-25T21:20:50+00:00","description":"L'Astellano Evolve est un pack mural traditionnel am\u00e9lior\u00e9 avec des technologies LED progressives, une cellule photo\u00e9lectrique, entre autres. L'ensemble mural fournit jusqu'\u00e0 120 LPW dans une vari\u00e9t\u00e9 d'options de puissance et de CCT. L'Astellano Evolve est dot\u00e9 d'une capacit\u00e9 de commutation de puissance qui permet d'offrir diverses options d'alimentation. Il s'agit d'un bo\u00eetier robuste en aluminium moul\u00e9 sous pression, enti\u00e8rement scell\u00e9 pour \u00eatre \u00e0 l'\u00e9preuve de la salet\u00e9 et \u00e9prouv\u00e9 pour r\u00e9sister aux \u00e9l\u00e9ments ext\u00e9rieurs. L'Astellano est la preuve vivante que la performance peut \u00eatre trouv\u00e9e dans des produits traditionnels de longue date.","breadcrumb":{"@id":"https:\/\/eralux.com\/fr\/produit\/astellano-evolve-snow\/#breadcrumb"},"inLanguage":"fr-FR","potentialAction":[{"@type":"ReadAction","target":["https:\/\/eralux.com\/fr\/produit\/astellano-evolve-snow\/"]}]},{"@type":"ImageObject","inLanguage":"fr-FR","@id":"https:\/\/eralux.com\/fr\/produit\/astellano-evolve-snow\/#primaryimage","url":"https:\/\/eralux.com\/wp-content\/uploads\/2024\/01\/ERALUX-ASTELLANO-EVOLVE-SNOW-80-120W-WHITE-WALLPACK2-e1704463744786.png","contentUrl":"https:\/\/eralux.com\/wp-content\/uploads\/2024\/01\/ERALUX-ASTELLANO-EVOLVE-SNOW-80-120W-WHITE-WALLPACK2-e1704463744786.png","width":3000,"height":2418},{"@type":"BreadcrumbList","@id":"https:\/\/eralux.com\/fr\/produit\/astellano-evolve-snow\/#breadcrumb","itemListElement":[{"@type":"ListItem","position":1,"name":"Home","item":"https:\/\/eralux.com\/fr\/"},{"@type":"ListItem","position":2,"name":"Shop","item":"https:\/\/eralux.com\/shop\/"},{"@type":"ListItem","position":3,"name":"ASTELLANO EVOLVE\/SNOW"}]},{"@type":"WebSite","@id":"https:\/\/eralux.com\/fr\/#website","url":"https:\/\/eralux.com\/fr\/","name":"Eralux","description":"World leader for Energy Saving LED Solutions","publisher":{"@id":"https:\/\/eralux.com\/fr\/#organization"},"alternateName":"Led manufacturer Canada","potentialAction":[{"@type":"SearchAction","target":{"@type":"EntryPoint","urlTemplate":"https:\/\/eralux.com\/fr\/?s={search_term_string}"},"query-input":{"@type":"PropertyValueSpecification","valueRequired":true,"valueName":"search_term_string"}}],"inLanguage":"fr-FR"},{"@type":"Organization","@id":"https:\/\/eralux.com\/fr\/#organization","name":"Eralux","url":"https:\/\/eralux.com\/fr\/","logo":{"@type":"ImageObject","inLanguage":"fr-FR","@id":"https:\/\/eralux.com\/fr\/#\/schema\/logo\/image\/","url":"https:\/\/eralux.com\/wp-content\/uploads\/2024\/01\/eralux-logo-trademark-R.png","contentUrl":"https:\/\/eralux.com\/wp-content\/uploads\/2024\/01\/eralux-logo-trademark-R.png","width":1000,"height":446,"caption":"Eralux"},"image":{"@id":"https:\/\/eralux.com\/fr\/#\/schema\/logo\/image\/"},"sameAs":["https:\/\/www.facebook.com\/aeralux.corp","https:\/\/x.com\/eralux_inc"],"description":"Save on energy with high-performance LED solutions. Choose Eralux for eco-friendly lighting. Explore our range today!"}]},"product_price_amount":"0.00","product_price_currency":"CAD","og_availability":"instock","product_availability":"instock","product_condition":"new"},"_links":{"self":[{"href":"https:\/\/eralux.com\/fr\/wp-json\/wp\/v2\/product\/5163","targetHints":{"allow":["GET"]}}],"collection":[{"href":"https:\/\/eralux.com\/fr\/wp-json\/wp\/v2\/product"}],"about":[{"href":"https:\/\/eralux.com\/fr\/wp-json\/wp\/v2\/types\/product"}],"replies":[{"embeddable":true,"href":"https:\/\/eralux.com\/fr\/wp-json\/wp\/v2\/comments?post=5163"}],"wp:featuredmedia":[{"embeddable":true,"href":"https:\/\/eralux.com\/fr\/wp-json\/wp\/v2\/media\/5361"}],"wp:attachment":[{"href":"https:\/\/eralux.com\/fr\/wp-json\/wp\/v2\/media?parent=5163"}],"wp:term":[{"taxonomy":"product_brand","embeddable":true,"href":"https:\/\/eralux.com\/fr\/wp-json\/wp\/v2\/product_brand?post=5163"},{"taxonomy":"product_cat","embeddable":true,"href":"https:\/\/eralux.com\/fr\/wp-json\/wp\/v2\/product_cat?post=5163"},{"taxonomy":"product_tag","embeddable":true,"href":"https:\/\/eralux.com\/fr\/wp-json\/wp\/v2\/product_tag?post=5163"}],"curies":[{"name":"wp","href":"https:\/\/api.w.org\/{rel}","templated":true}]}}