{"id":5199,"date":"2024-01-04T22:07:12","date_gmt":"2024-01-04T22:07:12","guid":{"rendered":"https:\/\/eralux.com\/?post_type=product&#038;p=5199"},"modified":"2025-06-25T21:15:07","modified_gmt":"2025-06-25T21:15:07","slug":"astellano","status":"publish","type":"product","link":"https:\/\/eralux.com\/fr\/produit\/astellano\/","title":{"rendered":"ASTELLANO"},"content":{"rendered":"<p>L&#8217;Astellano est un \u00e9clairage ext\u00e9rieur mural qui n&#8217;aura aucun mal \u00e0 \u00e9clairer l&#8217;ext\u00e9rieur de votre b\u00e2timent. Le bloc mural fournit jusqu&#8217;\u00e0 120 LPW dans une vari\u00e9t\u00e9 d&#8217;options de puissance et de CCT en fonction de vos pr\u00e9f\u00e9rences. Il s&#8217;agit d&#8217;un bo\u00eetier en aluminium moul\u00e9 sous pression tr\u00e8s r\u00e9sistant, enti\u00e8rement scell\u00e9 pour r\u00e9sister \u00e0 la salet\u00e9 et m\u00eame aux insectes. Il est prouv\u00e9 qu&#8217;il r\u00e9siste aux \u00e9l\u00e9ments ext\u00e9rieurs. Disponible avec des options de cellule photo\u00e9lectrique et de d\u00e9tecteur de mouvement, l&#8217;Astellano surpasse ses concurrents et est le luminaire qu&#8217;il vous faut pour vos besoins d&#8217;\u00e9clairage ext\u00e9rieur.<\/p>\n","protected":false},"excerpt":{"rendered":"<p>Applique murale d&#8217;ext\u00e9rieur<\/p>\n","protected":false},"featured_media":5312,"comment_status":"open","ping_status":"closed","template":"","meta":{"inline_featured_image":false},"product_brand":[],"product_cat":[1317],"product_tag":[],"class_list":{"0":"post-5199","1":"product","2":"type-product","3":"status-publish","4":"has-post-thumbnail","6":"spec_sheets-pc-fr","7":"spec_sheets-ca-fr-4","8":"spec_sheets-uv-fr","9":"spec_sheets-uv-fr-3","10":"spec_sheets-d-fr","11":"spec_sheets-wh-fr","12":"spec_sheets-bk-fr","13":"spec_sheets-sv-fr","14":"spec_sheets-bz-fr-2","15":"spec_sheets-35k-fr","16":"spec_sheets-40k-fr","17":"spec_sheets-45k-fr","18":"spec_sheets-50k-fr","19":"spec_sheets-accessoires","20":"spec_sheets-cct-fr","21":"spec_sheets-controles","22":"spec_sheets-finition","23":"spec_sheets-puissance","24":"spec_sheets-tension","25":"spec_sheets-040-fr","26":"spec_sheets-060-fr","27":"spec_sheets-090-fr","28":"spec_sheets-120-fr-2","29":"product_applications-parking","30":"product_segments-exterieur","31":"product_segments-applique-murale","32":"product_cat-ae-wp-as-fr","34":"first","35":"instock","36":"shipping-taxable","37":"purchasable","38":"product-type-simple"},"yoast_head":"<!-- This site is optimized with the Yoast SEO Premium plugin v24.2 (Yoast SEO v27.5) - https:\/\/yoast.com\/product\/yoast-seo-premium-wordpress\/ -->\n<title>ASTELLANO - Eralux<\/title>\n<meta name=\"description\" content=\"L&#039;Astellano est un \u00e9clairage ext\u00e9rieur mural qui n&#039;aura aucun mal \u00e0 \u00e9clairer l&#039;ext\u00e9rieur de votre b\u00e2timent. Le bloc mural fournit jusqu&#039;\u00e0 120 LPW dans une vari\u00e9t\u00e9 d&#039;options de puissance et de CCT en fonction de vos pr\u00e9f\u00e9rences. Il s&#039;agit d&#039;un bo\u00eetier en aluminium moul\u00e9 sous pression tr\u00e8s r\u00e9sistant, enti\u00e8rement scell\u00e9 pour r\u00e9sister \u00e0 la salet\u00e9 et m\u00eame aux insectes. Il est prouv\u00e9 qu&#039;il r\u00e9siste aux \u00e9l\u00e9ments ext\u00e9rieurs. Disponible avec des options de cellule photo\u00e9lectrique et de d\u00e9tecteur de mouvement, l&#039;Astellano surpasse ses concurrents et est le luminaire qu&#039;il vous faut pour vos besoins d&#039;\u00e9clairage ext\u00e9rieur.\" \/>\n<meta name=\"robots\" content=\"index, follow, max-snippet:-1, max-image-preview:large, max-video-preview:-1\" \/>\n<link rel=\"canonical\" href=\"https:\/\/eralux.com\/fr\/produit\/astellano\/\" \/>\n<meta property=\"og:locale\" content=\"fr_FR\" \/>\n<meta property=\"og:type\" content=\"article\" \/>\n<meta property=\"og:title\" content=\"ASTELLANO\" \/>\n<meta property=\"og:description\" content=\"L&#039;Astellano est un \u00e9clairage ext\u00e9rieur mural qui n&#039;aura aucun mal \u00e0 \u00e9clairer l&#039;ext\u00e9rieur de votre b\u00e2timent. Le bloc mural fournit jusqu&#039;\u00e0 120 LPW dans une vari\u00e9t\u00e9 d&#039;options de puissance et de CCT en fonction de vos pr\u00e9f\u00e9rences. Il s&#039;agit d&#039;un bo\u00eetier en aluminium moul\u00e9 sous pression tr\u00e8s r\u00e9sistant, enti\u00e8rement scell\u00e9 pour r\u00e9sister \u00e0 la salet\u00e9 et m\u00eame aux insectes. Il est prouv\u00e9 qu&#039;il r\u00e9siste aux \u00e9l\u00e9ments ext\u00e9rieurs. Disponible avec des options de cellule photo\u00e9lectrique et de d\u00e9tecteur de mouvement, l&#039;Astellano surpasse ses concurrents et est le luminaire qu&#039;il vous faut pour vos besoins d&#039;\u00e9clairage ext\u00e9rieur.\" \/>\n<meta property=\"og:url\" content=\"https:\/\/eralux.com\/fr\/produit\/astellano\/\" \/>\n<meta property=\"og:site_name\" content=\"Eralux\" \/>\n<meta property=\"article:publisher\" content=\"https:\/\/www.facebook.com\/aeralux.corp\" \/>\n<meta property=\"article:modified_time\" content=\"2025-06-25T21:15:07+00:00\" \/>\n<meta property=\"og:image\" content=\"https:\/\/eralux.com\/wp-content\/uploads\/2024\/01\/Astellano-2-1.png\" \/>\n\t<meta property=\"og:image:width\" content=\"1000\" \/>\n\t<meta property=\"og:image:height\" content=\"1000\" \/>\n\t<meta property=\"og:image:type\" content=\"image\/png\" \/>\n<meta name=\"twitter:card\" content=\"summary_large_image\" \/>\n<meta name=\"twitter:site\" content=\"@eralux_inc\" \/>\n<meta name=\"twitter:label1\" content=\"Prix\" \/>\n\t<meta name=\"twitter:data1\" content=\"&#036;0.00\" \/>\n\t<meta name=\"twitter:label2\" content=\"Disponibilit\u00e9\" \/>\n\t<meta name=\"twitter:data2\" content=\"En stock\" \/>\n<script type=\"application\/ld+json\" class=\"yoast-schema-graph\">{\"@context\":\"https:\\\/\\\/schema.org\",\"@graph\":[{\"@type\":\"WebPage\",\"@id\":\"https:\\\/\\\/eralux.com\\\/fr\\\/produit\\\/astellano\\\/\",\"url\":\"https:\\\/\\\/eralux.com\\\/fr\\\/produit\\\/astellano\\\/\",\"name\":\"ASTELLANO - Eralux\",\"isPartOf\":{\"@id\":\"https:\\\/\\\/eralux.com\\\/fr\\\/#website\"},\"primaryImageOfPage\":{\"@id\":\"https:\\\/\\\/eralux.com\\\/fr\\\/produit\\\/astellano\\\/#primaryimage\"},\"image\":{\"@id\":\"https:\\\/\\\/eralux.com\\\/fr\\\/produit\\\/astellano\\\/#primaryimage\"},\"thumbnailUrl\":\"https:\\\/\\\/eralux.com\\\/wp-content\\\/uploads\\\/2024\\\/01\\\/Astellano-2-1.png\",\"datePublished\":\"2024-01-04T22:07:12+00:00\",\"dateModified\":\"2025-06-25T21:15:07+00:00\",\"description\":\"L'Astellano est un \u00e9clairage ext\u00e9rieur mural qui n'aura aucun mal \u00e0 \u00e9clairer l'ext\u00e9rieur de votre b\u00e2timent. Le bloc mural fournit jusqu'\u00e0 120 LPW dans une vari\u00e9t\u00e9 d'options de puissance et de CCT en fonction de vos pr\u00e9f\u00e9rences. Il s'agit d'un bo\u00eetier en aluminium moul\u00e9 sous pression tr\u00e8s r\u00e9sistant, enti\u00e8rement scell\u00e9 pour r\u00e9sister \u00e0 la salet\u00e9 et m\u00eame aux insectes. Il est prouv\u00e9 qu'il r\u00e9siste aux \u00e9l\u00e9ments ext\u00e9rieurs. Disponible avec des options de cellule photo\u00e9lectrique et de d\u00e9tecteur de mouvement, l'Astellano surpasse ses concurrents et est le luminaire qu'il vous faut pour vos besoins d'\u00e9clairage ext\u00e9rieur.\",\"breadcrumb\":{\"@id\":\"https:\\\/\\\/eralux.com\\\/fr\\\/produit\\\/astellano\\\/#breadcrumb\"},\"inLanguage\":\"fr-FR\",\"potentialAction\":[{\"@type\":\"ReadAction\",\"target\":[\"https:\\\/\\\/eralux.com\\\/fr\\\/produit\\\/astellano\\\/\"]}]},{\"@type\":\"ImageObject\",\"inLanguage\":\"fr-FR\",\"@id\":\"https:\\\/\\\/eralux.com\\\/fr\\\/produit\\\/astellano\\\/#primaryimage\",\"url\":\"https:\\\/\\\/eralux.com\\\/wp-content\\\/uploads\\\/2024\\\/01\\\/Astellano-2-1.png\",\"contentUrl\":\"https:\\\/\\\/eralux.com\\\/wp-content\\\/uploads\\\/2024\\\/01\\\/Astellano-2-1.png\",\"width\":1000,\"height\":1000},{\"@type\":\"BreadcrumbList\",\"@id\":\"https:\\\/\\\/eralux.com\\\/fr\\\/produit\\\/astellano\\\/#breadcrumb\",\"itemListElement\":[{\"@type\":\"ListItem\",\"position\":1,\"name\":\"Home\",\"item\":\"https:\\\/\\\/eralux.com\\\/fr\\\/\"},{\"@type\":\"ListItem\",\"position\":2,\"name\":\"Shop\",\"item\":\"https:\\\/\\\/eralux.com\\\/shop\\\/\"},{\"@type\":\"ListItem\",\"position\":3,\"name\":\"ASTELLANO\"}]},{\"@type\":\"WebSite\",\"@id\":\"https:\\\/\\\/eralux.com\\\/fr\\\/#website\",\"url\":\"https:\\\/\\\/eralux.com\\\/fr\\\/\",\"name\":\"Eralux\",\"description\":\"World leader for Energy Saving LED Solutions\",\"publisher\":{\"@id\":\"https:\\\/\\\/eralux.com\\\/fr\\\/#organization\"},\"alternateName\":\"Led manufacturer Canada\",\"potentialAction\":[{\"@type\":\"SearchAction\",\"target\":{\"@type\":\"EntryPoint\",\"urlTemplate\":\"https:\\\/\\\/eralux.com\\\/fr\\\/?s={search_term_string}\"},\"query-input\":{\"@type\":\"PropertyValueSpecification\",\"valueRequired\":true,\"valueName\":\"search_term_string\"}}],\"inLanguage\":\"fr-FR\"},{\"@type\":\"Organization\",\"@id\":\"https:\\\/\\\/eralux.com\\\/fr\\\/#organization\",\"name\":\"Eralux\",\"url\":\"https:\\\/\\\/eralux.com\\\/fr\\\/\",\"logo\":{\"@type\":\"ImageObject\",\"inLanguage\":\"fr-FR\",\"@id\":\"https:\\\/\\\/eralux.com\\\/fr\\\/#\\\/schema\\\/logo\\\/image\\\/\",\"url\":\"https:\\\/\\\/eralux.com\\\/wp-content\\\/uploads\\\/2024\\\/01\\\/eralux-logo-trademark-R.png\",\"contentUrl\":\"https:\\\/\\\/eralux.com\\\/wp-content\\\/uploads\\\/2024\\\/01\\\/eralux-logo-trademark-R.png\",\"width\":1000,\"height\":446,\"caption\":\"Eralux\"},\"image\":{\"@id\":\"https:\\\/\\\/eralux.com\\\/fr\\\/#\\\/schema\\\/logo\\\/image\\\/\"},\"sameAs\":[\"https:\\\/\\\/www.facebook.com\\\/aeralux.corp\",\"https:\\\/\\\/x.com\\\/eralux_inc\"],\"description\":\"Save on energy with high-performance LED solutions. Choose Eralux for eco-friendly lighting. Explore our range today!\"}]}<\/script>\n<meta property=\"product:price:amount\" content=\"0.00\" \/>\n<meta property=\"product:price:currency\" content=\"CAD\" \/>\n<meta property=\"og:availability\" content=\"instock\" \/>\n<meta property=\"product:availability\" content=\"instock\" \/>\n<meta property=\"product:condition\" content=\"new\" \/>\n<!-- \/ Yoast SEO Premium plugin. -->","yoast_head_json":{"title":"ASTELLANO - Eralux","description":"L'Astellano est un \u00e9clairage ext\u00e9rieur mural qui n'aura aucun mal \u00e0 \u00e9clairer l'ext\u00e9rieur de votre b\u00e2timent. Le bloc mural fournit jusqu'\u00e0 120 LPW dans une vari\u00e9t\u00e9 d'options de puissance et de CCT en fonction de vos pr\u00e9f\u00e9rences. Il s'agit d'un bo\u00eetier en aluminium moul\u00e9 sous pression tr\u00e8s r\u00e9sistant, enti\u00e8rement scell\u00e9 pour r\u00e9sister \u00e0 la salet\u00e9 et m\u00eame aux insectes. Il est prouv\u00e9 qu'il r\u00e9siste aux \u00e9l\u00e9ments ext\u00e9rieurs. Disponible avec des options de cellule photo\u00e9lectrique et de d\u00e9tecteur de mouvement, l'Astellano surpasse ses concurrents et est le luminaire qu'il vous faut pour vos besoins d'\u00e9clairage ext\u00e9rieur.","robots":{"index":"index","follow":"follow","max-snippet":"max-snippet:-1","max-image-preview":"max-image-preview:large","max-video-preview":"max-video-preview:-1"},"canonical":"https:\/\/eralux.com\/fr\/produit\/astellano\/","og_locale":"fr_FR","og_type":"article","og_title":"ASTELLANO","og_description":"L'Astellano est un \u00e9clairage ext\u00e9rieur mural qui n'aura aucun mal \u00e0 \u00e9clairer l'ext\u00e9rieur de votre b\u00e2timent. Le bloc mural fournit jusqu'\u00e0 120 LPW dans une vari\u00e9t\u00e9 d'options de puissance et de CCT en fonction de vos pr\u00e9f\u00e9rences. Il s'agit d'un bo\u00eetier en aluminium moul\u00e9 sous pression tr\u00e8s r\u00e9sistant, enti\u00e8rement scell\u00e9 pour r\u00e9sister \u00e0 la salet\u00e9 et m\u00eame aux insectes. Il est prouv\u00e9 qu'il r\u00e9siste aux \u00e9l\u00e9ments ext\u00e9rieurs. Disponible avec des options de cellule photo\u00e9lectrique et de d\u00e9tecteur de mouvement, l'Astellano surpasse ses concurrents et est le luminaire qu'il vous faut pour vos besoins d'\u00e9clairage ext\u00e9rieur.","og_url":"https:\/\/eralux.com\/fr\/produit\/astellano\/","og_site_name":"Eralux","article_publisher":"https:\/\/www.facebook.com\/aeralux.corp","article_modified_time":"2025-06-25T21:15:07+00:00","og_image":[{"width":1000,"height":1000,"url":"https:\/\/eralux.com\/wp-content\/uploads\/2024\/01\/Astellano-2-1.png","type":"image\/png"}],"twitter_card":"summary_large_image","twitter_site":"@eralux_inc","twitter_misc":{"Prix":"&#36;0.00","Disponibilit\u00e9":"En stock"},"schema":{"@context":"https:\/\/schema.org","@graph":[{"@type":"WebPage","@id":"https:\/\/eralux.com\/fr\/produit\/astellano\/","url":"https:\/\/eralux.com\/fr\/produit\/astellano\/","name":"ASTELLANO - Eralux","isPartOf":{"@id":"https:\/\/eralux.com\/fr\/#website"},"primaryImageOfPage":{"@id":"https:\/\/eralux.com\/fr\/produit\/astellano\/#primaryimage"},"image":{"@id":"https:\/\/eralux.com\/fr\/produit\/astellano\/#primaryimage"},"thumbnailUrl":"https:\/\/eralux.com\/wp-content\/uploads\/2024\/01\/Astellano-2-1.png","datePublished":"2024-01-04T22:07:12+00:00","dateModified":"2025-06-25T21:15:07+00:00","description":"L'Astellano est un \u00e9clairage ext\u00e9rieur mural qui n'aura aucun mal \u00e0 \u00e9clairer l'ext\u00e9rieur de votre b\u00e2timent. Le bloc mural fournit jusqu'\u00e0 120 LPW dans une vari\u00e9t\u00e9 d'options de puissance et de CCT en fonction de vos pr\u00e9f\u00e9rences. Il s'agit d'un bo\u00eetier en aluminium moul\u00e9 sous pression tr\u00e8s r\u00e9sistant, enti\u00e8rement scell\u00e9 pour r\u00e9sister \u00e0 la salet\u00e9 et m\u00eame aux insectes. Il est prouv\u00e9 qu'il r\u00e9siste aux \u00e9l\u00e9ments ext\u00e9rieurs. Disponible avec des options de cellule photo\u00e9lectrique et de d\u00e9tecteur de mouvement, l'Astellano surpasse ses concurrents et est le luminaire qu'il vous faut pour vos besoins d'\u00e9clairage ext\u00e9rieur.","breadcrumb":{"@id":"https:\/\/eralux.com\/fr\/produit\/astellano\/#breadcrumb"},"inLanguage":"fr-FR","potentialAction":[{"@type":"ReadAction","target":["https:\/\/eralux.com\/fr\/produit\/astellano\/"]}]},{"@type":"ImageObject","inLanguage":"fr-FR","@id":"https:\/\/eralux.com\/fr\/produit\/astellano\/#primaryimage","url":"https:\/\/eralux.com\/wp-content\/uploads\/2024\/01\/Astellano-2-1.png","contentUrl":"https:\/\/eralux.com\/wp-content\/uploads\/2024\/01\/Astellano-2-1.png","width":1000,"height":1000},{"@type":"BreadcrumbList","@id":"https:\/\/eralux.com\/fr\/produit\/astellano\/#breadcrumb","itemListElement":[{"@type":"ListItem","position":1,"name":"Home","item":"https:\/\/eralux.com\/fr\/"},{"@type":"ListItem","position":2,"name":"Shop","item":"https:\/\/eralux.com\/shop\/"},{"@type":"ListItem","position":3,"name":"ASTELLANO"}]},{"@type":"WebSite","@id":"https:\/\/eralux.com\/fr\/#website","url":"https:\/\/eralux.com\/fr\/","name":"Eralux","description":"World leader for Energy Saving LED Solutions","publisher":{"@id":"https:\/\/eralux.com\/fr\/#organization"},"alternateName":"Led manufacturer Canada","potentialAction":[{"@type":"SearchAction","target":{"@type":"EntryPoint","urlTemplate":"https:\/\/eralux.com\/fr\/?s={search_term_string}"},"query-input":{"@type":"PropertyValueSpecification","valueRequired":true,"valueName":"search_term_string"}}],"inLanguage":"fr-FR"},{"@type":"Organization","@id":"https:\/\/eralux.com\/fr\/#organization","name":"Eralux","url":"https:\/\/eralux.com\/fr\/","logo":{"@type":"ImageObject","inLanguage":"fr-FR","@id":"https:\/\/eralux.com\/fr\/#\/schema\/logo\/image\/","url":"https:\/\/eralux.com\/wp-content\/uploads\/2024\/01\/eralux-logo-trademark-R.png","contentUrl":"https:\/\/eralux.com\/wp-content\/uploads\/2024\/01\/eralux-logo-trademark-R.png","width":1000,"height":446,"caption":"Eralux"},"image":{"@id":"https:\/\/eralux.com\/fr\/#\/schema\/logo\/image\/"},"sameAs":["https:\/\/www.facebook.com\/aeralux.corp","https:\/\/x.com\/eralux_inc"],"description":"Save on energy with high-performance LED solutions. Choose Eralux for eco-friendly lighting. Explore our range today!"}]},"product_price_amount":"0.00","product_price_currency":"CAD","og_availability":"instock","product_availability":"instock","product_condition":"new"},"_links":{"self":[{"href":"https:\/\/eralux.com\/fr\/wp-json\/wp\/v2\/product\/5199","targetHints":{"allow":["GET"]}}],"collection":[{"href":"https:\/\/eralux.com\/fr\/wp-json\/wp\/v2\/product"}],"about":[{"href":"https:\/\/eralux.com\/fr\/wp-json\/wp\/v2\/types\/product"}],"replies":[{"embeddable":true,"href":"https:\/\/eralux.com\/fr\/wp-json\/wp\/v2\/comments?post=5199"}],"wp:featuredmedia":[{"embeddable":true,"href":"https:\/\/eralux.com\/fr\/wp-json\/wp\/v2\/media\/5312"}],"wp:attachment":[{"href":"https:\/\/eralux.com\/fr\/wp-json\/wp\/v2\/media?parent=5199"}],"wp:term":[{"taxonomy":"product_brand","embeddable":true,"href":"https:\/\/eralux.com\/fr\/wp-json\/wp\/v2\/product_brand?post=5199"},{"taxonomy":"product_cat","embeddable":true,"href":"https:\/\/eralux.com\/fr\/wp-json\/wp\/v2\/product_cat?post=5199"},{"taxonomy":"product_tag","embeddable":true,"href":"https:\/\/eralux.com\/fr\/wp-json\/wp\/v2\/product_tag?post=5199"}],"curies":[{"name":"wp","href":"https:\/\/api.w.org\/{rel}","templated":true}]}}