{"id":5222,"date":"2024-01-04T22:14:58","date_gmt":"2024-01-04T22:14:58","guid":{"rendered":"https:\/\/eralux.com\/?post_type=product&#038;p=5222"},"modified":"2024-08-08T12:59:06","modified_gmt":"2024-08-08T12:59:06","slug":"sapphire-x-et7069","status":"publish","type":"product","link":"https:\/\/eralux.com\/fr\/produit\/sapphire-x-et7069\/","title":{"rendered":"SAPPHIRE X ET7069"},"content":{"rendered":"<p>Le SAPPHIRE X est un luminaire d&#8217;accentuation \u00e0 LED dot\u00e9 de faisceaux multiples et de caches r\u00e9tractables, orientables \u00e0 360\u00b0 et inclinables \u00e0 180\u00b0, id\u00e9alement adapt\u00e9 \u00e0 l&#8217;\u00e9clairage d&#8217;accentuation. Ce luminaire est livr\u00e9 en standard avec un rev\u00eatement en poudre thermodurcissable qui offre une r\u00e9sistance sup\u00e9rieure \u00e0 la corrosion et aux intemp\u00e9ries. Il est \u00e9galement \u00e9quip\u00e9 d&#8217;un verre tremp\u00e9 haute densit\u00e9. Il est disponible avec une tige NPT de 0,5&#8243; et un choix d&#8217;accessoires de montage permettant l&#8217;installation sur des surfaces dures. Il est compatible avec la gradation TRIAC.<\/p>\n","protected":false},"excerpt":{"rendered":"<p>Lumi\u00e8re d&#8217;accentuation<\/p>\n","protected":false},"featured_media":5237,"comment_status":"open","ping_status":"closed","template":"","meta":{"inline_featured_image":false},"product_brand":[],"product_cat":[1195],"product_tag":[],"class_list":{"0":"post-5222","1":"product","2":"type-product","3":"status-publish","4":"has-post-thumbnail","6":"spec_sheets-ns-fr","7":"spec_sheets-as-fr","8":"spec_sheets-os-fr","9":"spec_sheets-80-fr-2","10":"spec_sheets-w-fr","11":"spec_sheets-b-fr-2","12":"spec_sheets-s-fr","13":"spec_sheets-27-fr","14":"spec_sheets-30-fr-4","15":"spec_sheets-40-fr-6","16":"spec_sheets-mtc-fr","17":"spec_sheets-50-fr-5","18":"spec_sheets-mtj-fr","19":"spec_sheets-mtjs-fr","20":"spec_sheets-distribution-fr","21":"spec_sheets-accessoires","22":"spec_sheets-cct-fr","23":"spec_sheets-cri-fr","24":"spec_sheets-finition","25":"spec_sheets-montage","26":"spec_sheets-puissance","27":"spec_sheets-c20-fr","28":"spec_sheets-c30-fr-2","29":"spec_sheets-c40-fr-2","30":"product_applications-parking","31":"product_applications-magasin-de-mode","32":"product_segments-exterieur","33":"product_segments-lumiere-daccentuation","34":"product_cat-ae-od-et7069-fr","36":"first","37":"instock","38":"shipping-taxable","39":"purchasable","40":"product-type-simple"},"yoast_head":"<!-- This site is optimized with the Yoast SEO Premium plugin v24.2 (Yoast SEO v27.5) - https:\/\/yoast.com\/product\/yoast-seo-premium-wordpress\/ -->\n<title>SAPPHIRE X ET7069 - Eralux<\/title>\n<meta name=\"description\" content=\"Le SAPPHIRE X est un luminaire d&#039;accentuation \u00e0 LED dot\u00e9 de faisceaux multiples et de caches r\u00e9tractables, orientables \u00e0 360\u00b0 et inclinables \u00e0 180\u00b0, id\u00e9alement adapt\u00e9 \u00e0 l&#039;\u00e9clairage d&#039;accentuation. Ce luminaire est livr\u00e9 en standard avec un rev\u00eatement en poudre thermodurcissable qui offre une r\u00e9sistance sup\u00e9rieure \u00e0 la corrosion et aux intemp\u00e9ries. Il est \u00e9galement \u00e9quip\u00e9 d&#039;un verre tremp\u00e9 haute densit\u00e9. Il est disponible avec une tige NPT de 0,5&quot; et un choix d&#039;accessoires de montage permettant l&#039;installation sur des surfaces dures. Il est compatible avec la gradation TRIAC.\" \/>\n<meta name=\"robots\" content=\"index, follow, max-snippet:-1, max-image-preview:large, max-video-preview:-1\" \/>\n<link rel=\"canonical\" href=\"https:\/\/eralux.com\/fr\/produit\/sapphire-x-et7069\/\" \/>\n<meta property=\"og:locale\" content=\"fr_FR\" \/>\n<meta property=\"og:type\" content=\"article\" \/>\n<meta property=\"og:title\" content=\"SAPPHIRE X ET7069\" \/>\n<meta property=\"og:description\" content=\"Le SAPPHIRE X est un luminaire d&#039;accentuation \u00e0 LED dot\u00e9 de faisceaux multiples et de caches r\u00e9tractables, orientables \u00e0 360\u00b0 et inclinables \u00e0 180\u00b0, id\u00e9alement adapt\u00e9 \u00e0 l&#039;\u00e9clairage d&#039;accentuation. Ce luminaire est livr\u00e9 en standard avec un rev\u00eatement en poudre thermodurcissable qui offre une r\u00e9sistance sup\u00e9rieure \u00e0 la corrosion et aux intemp\u00e9ries. Il est \u00e9galement \u00e9quip\u00e9 d&#039;un verre tremp\u00e9 haute densit\u00e9. Il est disponible avec une tige NPT de 0,5&quot; et un choix d&#039;accessoires de montage permettant l&#039;installation sur des surfaces dures. Il est compatible avec la gradation TRIAC.\" \/>\n<meta property=\"og:url\" content=\"https:\/\/eralux.com\/fr\/produit\/sapphire-x-et7069\/\" \/>\n<meta property=\"og:site_name\" content=\"Eralux\" \/>\n<meta property=\"article:publisher\" content=\"https:\/\/www.facebook.com\/aeralux.corp\" \/>\n<meta property=\"article:modified_time\" content=\"2024-08-08T12:59:06+00:00\" \/>\n<meta property=\"og:image\" content=\"https:\/\/eralux.com\/wp-content\/uploads\/2024\/01\/PRODUCT-IMAGE-1-1.png\" \/>\n\t<meta property=\"og:image:width\" content=\"1000\" \/>\n\t<meta property=\"og:image:height\" content=\"1000\" \/>\n\t<meta property=\"og:image:type\" content=\"image\/png\" \/>\n<meta name=\"twitter:card\" content=\"summary_large_image\" \/>\n<meta name=\"twitter:site\" content=\"@eralux_inc\" \/>\n<meta name=\"twitter:label1\" content=\"Prix\" \/>\n\t<meta name=\"twitter:data1\" content=\"&#036;0.00\" \/>\n\t<meta name=\"twitter:label2\" content=\"Disponibilit\u00e9\" \/>\n\t<meta name=\"twitter:data2\" content=\"En stock\" \/>\n<script type=\"application\/ld+json\" class=\"yoast-schema-graph\">{\"@context\":\"https:\\\/\\\/schema.org\",\"@graph\":[{\"@type\":\"WebPage\",\"@id\":\"https:\\\/\\\/eralux.com\\\/fr\\\/produit\\\/sapphire-x-et7069\\\/\",\"url\":\"https:\\\/\\\/eralux.com\\\/fr\\\/produit\\\/sapphire-x-et7069\\\/\",\"name\":\"SAPPHIRE X ET7069 - Eralux\",\"isPartOf\":{\"@id\":\"https:\\\/\\\/eralux.com\\\/fr\\\/#website\"},\"primaryImageOfPage\":{\"@id\":\"https:\\\/\\\/eralux.com\\\/fr\\\/produit\\\/sapphire-x-et7069\\\/#primaryimage\"},\"image\":{\"@id\":\"https:\\\/\\\/eralux.com\\\/fr\\\/produit\\\/sapphire-x-et7069\\\/#primaryimage\"},\"thumbnailUrl\":\"https:\\\/\\\/eralux.com\\\/wp-content\\\/uploads\\\/2024\\\/01\\\/PRODUCT-IMAGE-1-1.png\",\"datePublished\":\"2024-01-04T22:14:58+00:00\",\"dateModified\":\"2024-08-08T12:59:06+00:00\",\"description\":\"Le SAPPHIRE X est un luminaire d'accentuation \u00e0 LED dot\u00e9 de faisceaux multiples et de caches r\u00e9tractables, orientables \u00e0 360\u00b0 et inclinables \u00e0 180\u00b0, id\u00e9alement adapt\u00e9 \u00e0 l'\u00e9clairage d'accentuation. Ce luminaire est livr\u00e9 en standard avec un rev\u00eatement en poudre thermodurcissable qui offre une r\u00e9sistance sup\u00e9rieure \u00e0 la corrosion et aux intemp\u00e9ries. Il est \u00e9galement \u00e9quip\u00e9 d'un verre tremp\u00e9 haute densit\u00e9. Il est disponible avec une tige NPT de 0,5\\\" et un choix d'accessoires de montage permettant l'installation sur des surfaces dures. Il est compatible avec la gradation TRIAC.\",\"breadcrumb\":{\"@id\":\"https:\\\/\\\/eralux.com\\\/fr\\\/produit\\\/sapphire-x-et7069\\\/#breadcrumb\"},\"inLanguage\":\"fr-FR\",\"potentialAction\":[{\"@type\":\"ReadAction\",\"target\":[\"https:\\\/\\\/eralux.com\\\/fr\\\/produit\\\/sapphire-x-et7069\\\/\"]}]},{\"@type\":\"ImageObject\",\"inLanguage\":\"fr-FR\",\"@id\":\"https:\\\/\\\/eralux.com\\\/fr\\\/produit\\\/sapphire-x-et7069\\\/#primaryimage\",\"url\":\"https:\\\/\\\/eralux.com\\\/wp-content\\\/uploads\\\/2024\\\/01\\\/PRODUCT-IMAGE-1-1.png\",\"contentUrl\":\"https:\\\/\\\/eralux.com\\\/wp-content\\\/uploads\\\/2024\\\/01\\\/PRODUCT-IMAGE-1-1.png\",\"width\":1000,\"height\":1000},{\"@type\":\"BreadcrumbList\",\"@id\":\"https:\\\/\\\/eralux.com\\\/fr\\\/produit\\\/sapphire-x-et7069\\\/#breadcrumb\",\"itemListElement\":[{\"@type\":\"ListItem\",\"position\":1,\"name\":\"Home\",\"item\":\"https:\\\/\\\/eralux.com\\\/fr\\\/\"},{\"@type\":\"ListItem\",\"position\":2,\"name\":\"Shop\",\"item\":\"https:\\\/\\\/eralux.com\\\/shop\\\/\"},{\"@type\":\"ListItem\",\"position\":3,\"name\":\"SAPPHIRE X ET7069\"}]},{\"@type\":\"WebSite\",\"@id\":\"https:\\\/\\\/eralux.com\\\/fr\\\/#website\",\"url\":\"https:\\\/\\\/eralux.com\\\/fr\\\/\",\"name\":\"Eralux\",\"description\":\"World leader for Energy Saving LED Solutions\",\"publisher\":{\"@id\":\"https:\\\/\\\/eralux.com\\\/fr\\\/#organization\"},\"alternateName\":\"Led manufacturer Canada\",\"potentialAction\":[{\"@type\":\"SearchAction\",\"target\":{\"@type\":\"EntryPoint\",\"urlTemplate\":\"https:\\\/\\\/eralux.com\\\/fr\\\/?s={search_term_string}\"},\"query-input\":{\"@type\":\"PropertyValueSpecification\",\"valueRequired\":true,\"valueName\":\"search_term_string\"}}],\"inLanguage\":\"fr-FR\"},{\"@type\":\"Organization\",\"@id\":\"https:\\\/\\\/eralux.com\\\/fr\\\/#organization\",\"name\":\"Eralux\",\"url\":\"https:\\\/\\\/eralux.com\\\/fr\\\/\",\"logo\":{\"@type\":\"ImageObject\",\"inLanguage\":\"fr-FR\",\"@id\":\"https:\\\/\\\/eralux.com\\\/fr\\\/#\\\/schema\\\/logo\\\/image\\\/\",\"url\":\"https:\\\/\\\/eralux.com\\\/wp-content\\\/uploads\\\/2024\\\/01\\\/eralux-logo-trademark-R.png\",\"contentUrl\":\"https:\\\/\\\/eralux.com\\\/wp-content\\\/uploads\\\/2024\\\/01\\\/eralux-logo-trademark-R.png\",\"width\":1000,\"height\":446,\"caption\":\"Eralux\"},\"image\":{\"@id\":\"https:\\\/\\\/eralux.com\\\/fr\\\/#\\\/schema\\\/logo\\\/image\\\/\"},\"sameAs\":[\"https:\\\/\\\/www.facebook.com\\\/aeralux.corp\",\"https:\\\/\\\/x.com\\\/eralux_inc\"],\"description\":\"Save on energy with high-performance LED solutions. Choose Eralux for eco-friendly lighting. Explore our range today!\"}]}<\/script>\n<meta property=\"product:price:amount\" content=\"0.00\" \/>\n<meta property=\"product:price:currency\" content=\"CAD\" \/>\n<meta property=\"og:availability\" content=\"instock\" \/>\n<meta property=\"product:availability\" content=\"instock\" \/>\n<meta property=\"product:condition\" content=\"new\" \/>\n<!-- \/ Yoast SEO Premium plugin. -->","yoast_head_json":{"title":"SAPPHIRE X ET7069 - Eralux","description":"Le SAPPHIRE X est un luminaire d'accentuation \u00e0 LED dot\u00e9 de faisceaux multiples et de caches r\u00e9tractables, orientables \u00e0 360\u00b0 et inclinables \u00e0 180\u00b0, id\u00e9alement adapt\u00e9 \u00e0 l'\u00e9clairage d'accentuation. Ce luminaire est livr\u00e9 en standard avec un rev\u00eatement en poudre thermodurcissable qui offre une r\u00e9sistance sup\u00e9rieure \u00e0 la corrosion et aux intemp\u00e9ries. Il est \u00e9galement \u00e9quip\u00e9 d'un verre tremp\u00e9 haute densit\u00e9. Il est disponible avec une tige NPT de 0,5\" et un choix d'accessoires de montage permettant l'installation sur des surfaces dures. Il est compatible avec la gradation TRIAC.","robots":{"index":"index","follow":"follow","max-snippet":"max-snippet:-1","max-image-preview":"max-image-preview:large","max-video-preview":"max-video-preview:-1"},"canonical":"https:\/\/eralux.com\/fr\/produit\/sapphire-x-et7069\/","og_locale":"fr_FR","og_type":"article","og_title":"SAPPHIRE X ET7069","og_description":"Le SAPPHIRE X est un luminaire d'accentuation \u00e0 LED dot\u00e9 de faisceaux multiples et de caches r\u00e9tractables, orientables \u00e0 360\u00b0 et inclinables \u00e0 180\u00b0, id\u00e9alement adapt\u00e9 \u00e0 l'\u00e9clairage d'accentuation. Ce luminaire est livr\u00e9 en standard avec un rev\u00eatement en poudre thermodurcissable qui offre une r\u00e9sistance sup\u00e9rieure \u00e0 la corrosion et aux intemp\u00e9ries. Il est \u00e9galement \u00e9quip\u00e9 d'un verre tremp\u00e9 haute densit\u00e9. Il est disponible avec une tige NPT de 0,5\" et un choix d'accessoires de montage permettant l'installation sur des surfaces dures. Il est compatible avec la gradation TRIAC.","og_url":"https:\/\/eralux.com\/fr\/produit\/sapphire-x-et7069\/","og_site_name":"Eralux","article_publisher":"https:\/\/www.facebook.com\/aeralux.corp","article_modified_time":"2024-08-08T12:59:06+00:00","og_image":[{"width":1000,"height":1000,"url":"https:\/\/eralux.com\/wp-content\/uploads\/2024\/01\/PRODUCT-IMAGE-1-1.png","type":"image\/png"}],"twitter_card":"summary_large_image","twitter_site":"@eralux_inc","twitter_misc":{"Prix":"&#36;0.00","Disponibilit\u00e9":"En stock"},"schema":{"@context":"https:\/\/schema.org","@graph":[{"@type":"WebPage","@id":"https:\/\/eralux.com\/fr\/produit\/sapphire-x-et7069\/","url":"https:\/\/eralux.com\/fr\/produit\/sapphire-x-et7069\/","name":"SAPPHIRE X ET7069 - Eralux","isPartOf":{"@id":"https:\/\/eralux.com\/fr\/#website"},"primaryImageOfPage":{"@id":"https:\/\/eralux.com\/fr\/produit\/sapphire-x-et7069\/#primaryimage"},"image":{"@id":"https:\/\/eralux.com\/fr\/produit\/sapphire-x-et7069\/#primaryimage"},"thumbnailUrl":"https:\/\/eralux.com\/wp-content\/uploads\/2024\/01\/PRODUCT-IMAGE-1-1.png","datePublished":"2024-01-04T22:14:58+00:00","dateModified":"2024-08-08T12:59:06+00:00","description":"Le SAPPHIRE X est un luminaire d'accentuation \u00e0 LED dot\u00e9 de faisceaux multiples et de caches r\u00e9tractables, orientables \u00e0 360\u00b0 et inclinables \u00e0 180\u00b0, id\u00e9alement adapt\u00e9 \u00e0 l'\u00e9clairage d'accentuation. Ce luminaire est livr\u00e9 en standard avec un rev\u00eatement en poudre thermodurcissable qui offre une r\u00e9sistance sup\u00e9rieure \u00e0 la corrosion et aux intemp\u00e9ries. Il est \u00e9galement \u00e9quip\u00e9 d'un verre tremp\u00e9 haute densit\u00e9. Il est disponible avec une tige NPT de 0,5\" et un choix d'accessoires de montage permettant l'installation sur des surfaces dures. Il est compatible avec la gradation TRIAC.","breadcrumb":{"@id":"https:\/\/eralux.com\/fr\/produit\/sapphire-x-et7069\/#breadcrumb"},"inLanguage":"fr-FR","potentialAction":[{"@type":"ReadAction","target":["https:\/\/eralux.com\/fr\/produit\/sapphire-x-et7069\/"]}]},{"@type":"ImageObject","inLanguage":"fr-FR","@id":"https:\/\/eralux.com\/fr\/produit\/sapphire-x-et7069\/#primaryimage","url":"https:\/\/eralux.com\/wp-content\/uploads\/2024\/01\/PRODUCT-IMAGE-1-1.png","contentUrl":"https:\/\/eralux.com\/wp-content\/uploads\/2024\/01\/PRODUCT-IMAGE-1-1.png","width":1000,"height":1000},{"@type":"BreadcrumbList","@id":"https:\/\/eralux.com\/fr\/produit\/sapphire-x-et7069\/#breadcrumb","itemListElement":[{"@type":"ListItem","position":1,"name":"Home","item":"https:\/\/eralux.com\/fr\/"},{"@type":"ListItem","position":2,"name":"Shop","item":"https:\/\/eralux.com\/shop\/"},{"@type":"ListItem","position":3,"name":"SAPPHIRE X ET7069"}]},{"@type":"WebSite","@id":"https:\/\/eralux.com\/fr\/#website","url":"https:\/\/eralux.com\/fr\/","name":"Eralux","description":"World leader for Energy Saving LED Solutions","publisher":{"@id":"https:\/\/eralux.com\/fr\/#organization"},"alternateName":"Led manufacturer Canada","potentialAction":[{"@type":"SearchAction","target":{"@type":"EntryPoint","urlTemplate":"https:\/\/eralux.com\/fr\/?s={search_term_string}"},"query-input":{"@type":"PropertyValueSpecification","valueRequired":true,"valueName":"search_term_string"}}],"inLanguage":"fr-FR"},{"@type":"Organization","@id":"https:\/\/eralux.com\/fr\/#organization","name":"Eralux","url":"https:\/\/eralux.com\/fr\/","logo":{"@type":"ImageObject","inLanguage":"fr-FR","@id":"https:\/\/eralux.com\/fr\/#\/schema\/logo\/image\/","url":"https:\/\/eralux.com\/wp-content\/uploads\/2024\/01\/eralux-logo-trademark-R.png","contentUrl":"https:\/\/eralux.com\/wp-content\/uploads\/2024\/01\/eralux-logo-trademark-R.png","width":1000,"height":446,"caption":"Eralux"},"image":{"@id":"https:\/\/eralux.com\/fr\/#\/schema\/logo\/image\/"},"sameAs":["https:\/\/www.facebook.com\/aeralux.corp","https:\/\/x.com\/eralux_inc"],"description":"Save on energy with high-performance LED solutions. Choose Eralux for eco-friendly lighting. Explore our range today!"}]},"product_price_amount":"0.00","product_price_currency":"CAD","og_availability":"instock","product_availability":"instock","product_condition":"new"},"_links":{"self":[{"href":"https:\/\/eralux.com\/fr\/wp-json\/wp\/v2\/product\/5222","targetHints":{"allow":["GET"]}}],"collection":[{"href":"https:\/\/eralux.com\/fr\/wp-json\/wp\/v2\/product"}],"about":[{"href":"https:\/\/eralux.com\/fr\/wp-json\/wp\/v2\/types\/product"}],"replies":[{"embeddable":true,"href":"https:\/\/eralux.com\/fr\/wp-json\/wp\/v2\/comments?post=5222"}],"wp:featuredmedia":[{"embeddable":true,"href":"https:\/\/eralux.com\/fr\/wp-json\/wp\/v2\/media\/5237"}],"wp:attachment":[{"href":"https:\/\/eralux.com\/fr\/wp-json\/wp\/v2\/media?parent=5222"}],"wp:term":[{"taxonomy":"product_brand","embeddable":true,"href":"https:\/\/eralux.com\/fr\/wp-json\/wp\/v2\/product_brand?post=5222"},{"taxonomy":"product_cat","embeddable":true,"href":"https:\/\/eralux.com\/fr\/wp-json\/wp\/v2\/product_cat?post=5222"},{"taxonomy":"product_tag","embeddable":true,"href":"https:\/\/eralux.com\/fr\/wp-json\/wp\/v2\/product_tag?post=5222"}],"curies":[{"name":"wp","href":"https:\/\/api.w.org\/{rel}","templated":true}]}}