{"id":5392,"date":"2024-01-05T14:26:25","date_gmt":"2024-01-05T14:26:25","guid":{"rendered":"https:\/\/eralux.com\/?post_type=product&#038;p=5392"},"modified":"2025-11-27T20:48:25","modified_gmt":"2025-11-27T20:48:25","slug":"tz","status":"publish","type":"product","link":"https:\/\/eralux.com\/fr\/produit\/tz\/","title":{"rendered":"TZ"},"content":{"rendered":"<p>La s\u00e9rie TZ se diff\u00e9rencie des autres panneaux muraux par son aspect mince et &#8220;dark sky friendly&#8221; qui permet d&#8217;\u00e9conomiser de l&#8217;espace, et l&#8217;angle d&#8217;installation peut \u00eatre ajust\u00e9. Avec des lentilles optiques de type 3 et un indice de protection IP pour les emplacements humides, sa structure compacte permet d&#8217;\u00e9clairer les all\u00e9es et les entr\u00e9es des zones r\u00e9sidentielles, ainsi que les fa\u00e7ades des b\u00e2timents.<\/p>\n","protected":false},"excerpt":{"rendered":"<p>Applique murale ext\u00e9rieure \u00e0 coupe totale<\/p>\n","protected":false},"featured_media":5437,"comment_status":"open","ping_status":"closed","template":"","meta":{"inline_featured_image":false},"product_brand":[],"product_cat":[1393],"product_tag":[],"class_list":{"0":"post-5392","1":"product","2":"type-product","3":"status-publish","4":"has-post-thumbnail","6":"spec_sheets-uv-fr-4","7":"spec_sheets-70-fr-3","8":"spec_sheets-b-fr-4","9":"spec_sheets-bk-fr-2","10":"spec_sheets-bz-fr","11":"spec_sheets-p-fr-2","12":"spec_sheets-sc1-fr","13":"spec_sheets-cct-fr","14":"spec_sheets-controles","15":"spec_sheets-cri-fr","16":"spec_sheets-finition","17":"spec_sheets-puissance","18":"spec_sheets-tension","19":"spec_sheets-30-fr-6","20":"spec_sheets-70-fr-2","21":"product_applications-parking","22":"product_segments-exterieur","23":"product_segments-applique-murale","24":"product_cat-ae-wp-tz-fr","26":"first","27":"instock","28":"shipping-taxable","29":"purchasable","30":"product-type-simple"},"yoast_head":"<!-- This site is optimized with the Yoast SEO Premium plugin v24.2 (Yoast SEO v27.4) - https:\/\/yoast.com\/product\/yoast-seo-premium-wordpress\/ -->\n<title>TZ - Eralux<\/title>\n<meta name=\"description\" content=\"La s\u00e9rie TZ se diff\u00e9rencie des autres panneaux muraux par son aspect mince et &quot;dark sky friendly&quot; qui permet d&#039;\u00e9conomiser de l&#039;espace, et l&#039;angle d&#039;installation peut \u00eatre ajust\u00e9. Avec des lentilles optiques de type 3 et un indice de protection IP pour les emplacements humides, sa structure compacte permet d&#039;\u00e9clairer les all\u00e9es et les entr\u00e9es des zones r\u00e9sidentielles, ainsi que les fa\u00e7ades des b\u00e2timents.\" \/>\n<meta name=\"robots\" content=\"index, follow, max-snippet:-1, max-image-preview:large, max-video-preview:-1\" \/>\n<link rel=\"canonical\" href=\"https:\/\/eralux.com\/fr\/produit\/tz\/\" \/>\n<meta property=\"og:locale\" content=\"fr_FR\" \/>\n<meta property=\"og:type\" content=\"article\" \/>\n<meta property=\"og:title\" content=\"TZ\" \/>\n<meta property=\"og:description\" content=\"La s\u00e9rie TZ se diff\u00e9rencie des autres panneaux muraux par son aspect mince et &quot;dark sky friendly&quot; qui permet d&#039;\u00e9conomiser de l&#039;espace, et l&#039;angle d&#039;installation peut \u00eatre ajust\u00e9. Avec des lentilles optiques de type 3 et un indice de protection IP pour les emplacements humides, sa structure compacte permet d&#039;\u00e9clairer les all\u00e9es et les entr\u00e9es des zones r\u00e9sidentielles, ainsi que les fa\u00e7ades des b\u00e2timents.\" \/>\n<meta property=\"og:url\" content=\"https:\/\/eralux.com\/fr\/produit\/tz\/\" \/>\n<meta property=\"og:site_name\" content=\"Eralux\" \/>\n<meta property=\"article:publisher\" content=\"https:\/\/www.facebook.com\/aeralux.corp\" \/>\n<meta property=\"article:modified_time\" content=\"2025-11-27T20:48:25+00:00\" \/>\n<meta property=\"og:image\" content=\"https:\/\/eralux.com\/wp-content\/uploads\/2024\/01\/UWP05-30-02-e1704466699771.png\" \/>\n\t<meta property=\"og:image:width\" content=\"2211\" \/>\n\t<meta property=\"og:image:height\" content=\"1563\" \/>\n\t<meta property=\"og:image:type\" content=\"image\/png\" \/>\n<meta name=\"twitter:card\" content=\"summary_large_image\" \/>\n<meta name=\"twitter:site\" content=\"@eralux_inc\" \/>\n<meta name=\"twitter:label1\" content=\"Prix\" \/>\n\t<meta name=\"twitter:data1\" content=\"&#036;0.00\" \/>\n\t<meta name=\"twitter:label2\" content=\"Disponibilit\u00e9\" \/>\n\t<meta name=\"twitter:data2\" content=\"En stock\" \/>\n<script type=\"application\/ld+json\" class=\"yoast-schema-graph\">{\"@context\":\"https:\\\/\\\/schema.org\",\"@graph\":[{\"@type\":\"WebPage\",\"@id\":\"https:\\\/\\\/eralux.com\\\/fr\\\/produit\\\/tz\\\/\",\"url\":\"https:\\\/\\\/eralux.com\\\/fr\\\/produit\\\/tz\\\/\",\"name\":\"TZ - Eralux\",\"isPartOf\":{\"@id\":\"https:\\\/\\\/eralux.com\\\/fr\\\/#website\"},\"primaryImageOfPage\":{\"@id\":\"https:\\\/\\\/eralux.com\\\/fr\\\/produit\\\/tz\\\/#primaryimage\"},\"image\":{\"@id\":\"https:\\\/\\\/eralux.com\\\/fr\\\/produit\\\/tz\\\/#primaryimage\"},\"thumbnailUrl\":\"https:\\\/\\\/eralux.com\\\/wp-content\\\/uploads\\\/2024\\\/01\\\/UWP05-30-02-e1704466699771.png\",\"datePublished\":\"2024-01-05T14:26:25+00:00\",\"dateModified\":\"2025-11-27T20:48:25+00:00\",\"description\":\"La s\u00e9rie TZ se diff\u00e9rencie des autres panneaux muraux par son aspect mince et \\\"dark sky friendly\\\" qui permet d'\u00e9conomiser de l'espace, et l'angle d'installation peut \u00eatre ajust\u00e9. Avec des lentilles optiques de type 3 et un indice de protection IP pour les emplacements humides, sa structure compacte permet d'\u00e9clairer les all\u00e9es et les entr\u00e9es des zones r\u00e9sidentielles, ainsi que les fa\u00e7ades des b\u00e2timents.\",\"breadcrumb\":{\"@id\":\"https:\\\/\\\/eralux.com\\\/fr\\\/produit\\\/tz\\\/#breadcrumb\"},\"inLanguage\":\"fr-FR\",\"potentialAction\":[{\"@type\":\"ReadAction\",\"target\":[\"https:\\\/\\\/eralux.com\\\/fr\\\/produit\\\/tz\\\/\"]}]},{\"@type\":\"ImageObject\",\"inLanguage\":\"fr-FR\",\"@id\":\"https:\\\/\\\/eralux.com\\\/fr\\\/produit\\\/tz\\\/#primaryimage\",\"url\":\"https:\\\/\\\/eralux.com\\\/wp-content\\\/uploads\\\/2024\\\/01\\\/UWP05-30-02-e1704466699771.png\",\"contentUrl\":\"https:\\\/\\\/eralux.com\\\/wp-content\\\/uploads\\\/2024\\\/01\\\/UWP05-30-02-e1704466699771.png\",\"width\":2211,\"height\":1563},{\"@type\":\"BreadcrumbList\",\"@id\":\"https:\\\/\\\/eralux.com\\\/fr\\\/produit\\\/tz\\\/#breadcrumb\",\"itemListElement\":[{\"@type\":\"ListItem\",\"position\":1,\"name\":\"Home\",\"item\":\"https:\\\/\\\/eralux.com\\\/fr\\\/\"},{\"@type\":\"ListItem\",\"position\":2,\"name\":\"Shop\",\"item\":\"https:\\\/\\\/eralux.com\\\/shop\\\/\"},{\"@type\":\"ListItem\",\"position\":3,\"name\":\"TZ\"}]},{\"@type\":\"WebSite\",\"@id\":\"https:\\\/\\\/eralux.com\\\/fr\\\/#website\",\"url\":\"https:\\\/\\\/eralux.com\\\/fr\\\/\",\"name\":\"Eralux\",\"description\":\"World leader for Energy Saving LED Solutions\",\"publisher\":{\"@id\":\"https:\\\/\\\/eralux.com\\\/fr\\\/#organization\"},\"alternateName\":\"Led manufacturer Canada\",\"potentialAction\":[{\"@type\":\"SearchAction\",\"target\":{\"@type\":\"EntryPoint\",\"urlTemplate\":\"https:\\\/\\\/eralux.com\\\/fr\\\/?s={search_term_string}\"},\"query-input\":{\"@type\":\"PropertyValueSpecification\",\"valueRequired\":true,\"valueName\":\"search_term_string\"}}],\"inLanguage\":\"fr-FR\"},{\"@type\":\"Organization\",\"@id\":\"https:\\\/\\\/eralux.com\\\/fr\\\/#organization\",\"name\":\"Eralux\",\"url\":\"https:\\\/\\\/eralux.com\\\/fr\\\/\",\"logo\":{\"@type\":\"ImageObject\",\"inLanguage\":\"fr-FR\",\"@id\":\"https:\\\/\\\/eralux.com\\\/fr\\\/#\\\/schema\\\/logo\\\/image\\\/\",\"url\":\"https:\\\/\\\/eralux.com\\\/wp-content\\\/uploads\\\/2024\\\/01\\\/eralux-logo-trademark-R.png\",\"contentUrl\":\"https:\\\/\\\/eralux.com\\\/wp-content\\\/uploads\\\/2024\\\/01\\\/eralux-logo-trademark-R.png\",\"width\":1000,\"height\":446,\"caption\":\"Eralux\"},\"image\":{\"@id\":\"https:\\\/\\\/eralux.com\\\/fr\\\/#\\\/schema\\\/logo\\\/image\\\/\"},\"sameAs\":[\"https:\\\/\\\/www.facebook.com\\\/aeralux.corp\",\"https:\\\/\\\/x.com\\\/eralux_inc\"],\"description\":\"Save on energy with high-performance LED solutions. Choose Eralux for eco-friendly lighting. Explore our range today!\"}]}<\/script>\n<meta property=\"product:price:amount\" content=\"0.00\" \/>\n<meta property=\"product:price:currency\" content=\"CAD\" \/>\n<meta property=\"og:availability\" content=\"instock\" \/>\n<meta property=\"product:availability\" content=\"instock\" \/>\n<meta property=\"product:condition\" content=\"new\" \/>\n<!-- \/ Yoast SEO Premium plugin. -->","yoast_head_json":{"title":"TZ - Eralux","description":"La s\u00e9rie TZ se diff\u00e9rencie des autres panneaux muraux par son aspect mince et \"dark sky friendly\" qui permet d'\u00e9conomiser de l'espace, et l'angle d'installation peut \u00eatre ajust\u00e9. Avec des lentilles optiques de type 3 et un indice de protection IP pour les emplacements humides, sa structure compacte permet d'\u00e9clairer les all\u00e9es et les entr\u00e9es des zones r\u00e9sidentielles, ainsi que les fa\u00e7ades des b\u00e2timents.","robots":{"index":"index","follow":"follow","max-snippet":"max-snippet:-1","max-image-preview":"max-image-preview:large","max-video-preview":"max-video-preview:-1"},"canonical":"https:\/\/eralux.com\/fr\/produit\/tz\/","og_locale":"fr_FR","og_type":"article","og_title":"TZ","og_description":"La s\u00e9rie TZ se diff\u00e9rencie des autres panneaux muraux par son aspect mince et \"dark sky friendly\" qui permet d'\u00e9conomiser de l'espace, et l'angle d'installation peut \u00eatre ajust\u00e9. Avec des lentilles optiques de type 3 et un indice de protection IP pour les emplacements humides, sa structure compacte permet d'\u00e9clairer les all\u00e9es et les entr\u00e9es des zones r\u00e9sidentielles, ainsi que les fa\u00e7ades des b\u00e2timents.","og_url":"https:\/\/eralux.com\/fr\/produit\/tz\/","og_site_name":"Eralux","article_publisher":"https:\/\/www.facebook.com\/aeralux.corp","article_modified_time":"2025-11-27T20:48:25+00:00","og_image":[{"width":2211,"height":1563,"url":"https:\/\/eralux.com\/wp-content\/uploads\/2024\/01\/UWP05-30-02-e1704466699771.png","type":"image\/png"}],"twitter_card":"summary_large_image","twitter_site":"@eralux_inc","twitter_misc":{"Prix":"&#36;0.00","Disponibilit\u00e9":"En stock"},"schema":{"@context":"https:\/\/schema.org","@graph":[{"@type":"WebPage","@id":"https:\/\/eralux.com\/fr\/produit\/tz\/","url":"https:\/\/eralux.com\/fr\/produit\/tz\/","name":"TZ - Eralux","isPartOf":{"@id":"https:\/\/eralux.com\/fr\/#website"},"primaryImageOfPage":{"@id":"https:\/\/eralux.com\/fr\/produit\/tz\/#primaryimage"},"image":{"@id":"https:\/\/eralux.com\/fr\/produit\/tz\/#primaryimage"},"thumbnailUrl":"https:\/\/eralux.com\/wp-content\/uploads\/2024\/01\/UWP05-30-02-e1704466699771.png","datePublished":"2024-01-05T14:26:25+00:00","dateModified":"2025-11-27T20:48:25+00:00","description":"La s\u00e9rie TZ se diff\u00e9rencie des autres panneaux muraux par son aspect mince et \"dark sky friendly\" qui permet d'\u00e9conomiser de l'espace, et l'angle d'installation peut \u00eatre ajust\u00e9. Avec des lentilles optiques de type 3 et un indice de protection IP pour les emplacements humides, sa structure compacte permet d'\u00e9clairer les all\u00e9es et les entr\u00e9es des zones r\u00e9sidentielles, ainsi que les fa\u00e7ades des b\u00e2timents.","breadcrumb":{"@id":"https:\/\/eralux.com\/fr\/produit\/tz\/#breadcrumb"},"inLanguage":"fr-FR","potentialAction":[{"@type":"ReadAction","target":["https:\/\/eralux.com\/fr\/produit\/tz\/"]}]},{"@type":"ImageObject","inLanguage":"fr-FR","@id":"https:\/\/eralux.com\/fr\/produit\/tz\/#primaryimage","url":"https:\/\/eralux.com\/wp-content\/uploads\/2024\/01\/UWP05-30-02-e1704466699771.png","contentUrl":"https:\/\/eralux.com\/wp-content\/uploads\/2024\/01\/UWP05-30-02-e1704466699771.png","width":2211,"height":1563},{"@type":"BreadcrumbList","@id":"https:\/\/eralux.com\/fr\/produit\/tz\/#breadcrumb","itemListElement":[{"@type":"ListItem","position":1,"name":"Home","item":"https:\/\/eralux.com\/fr\/"},{"@type":"ListItem","position":2,"name":"Shop","item":"https:\/\/eralux.com\/shop\/"},{"@type":"ListItem","position":3,"name":"TZ"}]},{"@type":"WebSite","@id":"https:\/\/eralux.com\/fr\/#website","url":"https:\/\/eralux.com\/fr\/","name":"Eralux","description":"World leader for Energy Saving LED Solutions","publisher":{"@id":"https:\/\/eralux.com\/fr\/#organization"},"alternateName":"Led manufacturer Canada","potentialAction":[{"@type":"SearchAction","target":{"@type":"EntryPoint","urlTemplate":"https:\/\/eralux.com\/fr\/?s={search_term_string}"},"query-input":{"@type":"PropertyValueSpecification","valueRequired":true,"valueName":"search_term_string"}}],"inLanguage":"fr-FR"},{"@type":"Organization","@id":"https:\/\/eralux.com\/fr\/#organization","name":"Eralux","url":"https:\/\/eralux.com\/fr\/","logo":{"@type":"ImageObject","inLanguage":"fr-FR","@id":"https:\/\/eralux.com\/fr\/#\/schema\/logo\/image\/","url":"https:\/\/eralux.com\/wp-content\/uploads\/2024\/01\/eralux-logo-trademark-R.png","contentUrl":"https:\/\/eralux.com\/wp-content\/uploads\/2024\/01\/eralux-logo-trademark-R.png","width":1000,"height":446,"caption":"Eralux"},"image":{"@id":"https:\/\/eralux.com\/fr\/#\/schema\/logo\/image\/"},"sameAs":["https:\/\/www.facebook.com\/aeralux.corp","https:\/\/x.com\/eralux_inc"],"description":"Save on energy with high-performance LED solutions. Choose Eralux for eco-friendly lighting. Explore our range today!"}]},"product_price_amount":"0.00","product_price_currency":"CAD","og_availability":"instock","product_availability":"instock","product_condition":"new"},"_links":{"self":[{"href":"https:\/\/eralux.com\/fr\/wp-json\/wp\/v2\/product\/5392","targetHints":{"allow":["GET"]}}],"collection":[{"href":"https:\/\/eralux.com\/fr\/wp-json\/wp\/v2\/product"}],"about":[{"href":"https:\/\/eralux.com\/fr\/wp-json\/wp\/v2\/types\/product"}],"replies":[{"embeddable":true,"href":"https:\/\/eralux.com\/fr\/wp-json\/wp\/v2\/comments?post=5392"}],"wp:featuredmedia":[{"embeddable":true,"href":"https:\/\/eralux.com\/fr\/wp-json\/wp\/v2\/media\/5437"}],"wp:attachment":[{"href":"https:\/\/eralux.com\/fr\/wp-json\/wp\/v2\/media?parent=5392"}],"wp:term":[{"taxonomy":"product_brand","embeddable":true,"href":"https:\/\/eralux.com\/fr\/wp-json\/wp\/v2\/product_brand?post=5392"},{"taxonomy":"product_cat","embeddable":true,"href":"https:\/\/eralux.com\/fr\/wp-json\/wp\/v2\/product_cat?post=5392"},{"taxonomy":"product_tag","embeddable":true,"href":"https:\/\/eralux.com\/fr\/wp-json\/wp\/v2\/product_tag?post=5392"}],"curies":[{"name":"wp","href":"https:\/\/api.w.org\/{rel}","templated":true}]}}