{"id":5407,"date":"2024-01-05T14:44:47","date_gmt":"2024-01-05T14:44:47","guid":{"rendered":"https:\/\/eralux.com\/?post_type=product&#038;p=5407"},"modified":"2025-08-07T17:42:00","modified_gmt":"2025-08-07T17:42:00","slug":"greta","status":"publish","type":"product","link":"https:\/\/eralux.com\/fr\/produit\/greta\/","title":{"rendered":"GRETA"},"content":{"rendered":"<p>Le luminaire ext\u00e9rieur de la s\u00e9rie GRETA est un luminaire de parking qui permet une personnalisation sur site gr\u00e2ce \u00e0 la capacit\u00e9 de commutation du CCT et des lumens. Sa conception robuste et durable lui permet de r\u00e9sister aux \u00e9l\u00e9ments ext\u00e9rieurs, quel que soit l&#8217;endroit o\u00f9 il est plac\u00e9. De plus, la s\u00e9rie GRETA est livr\u00e9e en standard en 120-277Vac, pr\u00eate pour le montage en surface, sur poteau et permet m\u00eame le raccordement en surface de tubes EMT.<\/p>\n","protected":false},"excerpt":{"rendered":"<p>\u00c9clairage de L&#8217;auvent Ext\u00e9rieur<\/p>\n","protected":false},"featured_media":5657,"comment_status":"open","ping_status":"closed","template":"","meta":{"inline_featured_image":false},"product_brand":[],"product_cat":[1169],"product_tag":[],"class_list":{"0":"post-5407","1":"product","2":"type-product","3":"status-publish","4":"has-post-thumbnail","6":"spec_sheets-ca-fr-3","7":"spec_sheets-ms-fr-3","8":"spec_sheets-p-fr-2","9":"spec_sheets-30k-40k-50k-g-tcp-fr","10":"spec_sheets-cct-fr","11":"spec_sheets-controles","12":"spec_sheets-puissance","13":"spec_sheets-tension","14":"spec_sheets-40w-fr","15":"spec_sheets-70w-fr","16":"product_applications-industriel","17":"product_applications-parking","18":"product_segments-exterieur","19":"product_segments-lumiere-dauvent","20":"product_cat-ae-od-gr-fr","22":"first","23":"instock","24":"shipping-taxable","25":"purchasable","26":"product-type-simple"},"yoast_head":"<!-- This site is optimized with the Yoast SEO Premium plugin v24.2 (Yoast SEO v27.4) - https:\/\/yoast.com\/product\/yoast-seo-premium-wordpress\/ -->\n<title>GRETA - Eralux<\/title>\n<meta name=\"description\" content=\"Le luminaire ext\u00e9rieur de la s\u00e9rie GRETA est un luminaire de parking qui permet une personnalisation sur site gr\u00e2ce \u00e0 la capacit\u00e9 de commutation du CCT et des lumens. Sa conception robuste et durable lui permet de r\u00e9sister aux \u00e9l\u00e9ments ext\u00e9rieurs, quel que soit l&#039;endroit o\u00f9 il est plac\u00e9. De plus, la s\u00e9rie GRETA est livr\u00e9e en standard en 120-277Vac, pr\u00eate pour le montage en surface, sur poteau et permet m\u00eame le raccordement en surface de tubes EMT.\" \/>\n<meta name=\"robots\" content=\"index, follow, max-snippet:-1, max-image-preview:large, max-video-preview:-1\" \/>\n<link rel=\"canonical\" href=\"https:\/\/eralux.com\/fr\/produit\/greta\/\" \/>\n<meta property=\"og:locale\" content=\"fr_FR\" \/>\n<meta property=\"og:type\" content=\"article\" \/>\n<meta property=\"og:title\" content=\"GRETA\" \/>\n<meta property=\"og:description\" content=\"Le luminaire ext\u00e9rieur de la s\u00e9rie GRETA est un luminaire de parking qui permet une personnalisation sur site gr\u00e2ce \u00e0 la capacit\u00e9 de commutation du CCT et des lumens. Sa conception robuste et durable lui permet de r\u00e9sister aux \u00e9l\u00e9ments ext\u00e9rieurs, quel que soit l&#039;endroit o\u00f9 il est plac\u00e9. De plus, la s\u00e9rie GRETA est livr\u00e9e en standard en 120-277Vac, pr\u00eate pour le montage en surface, sur poteau et permet m\u00eame le raccordement en surface de tubes EMT.\" \/>\n<meta property=\"og:url\" content=\"https:\/\/eralux.com\/fr\/produit\/greta\/\" \/>\n<meta property=\"og:site_name\" content=\"Eralux\" \/>\n<meta property=\"article:publisher\" content=\"https:\/\/www.facebook.com\/aeralux.corp\" \/>\n<meta property=\"article:modified_time\" content=\"2025-08-07T17:42:00+00:00\" \/>\n<meta property=\"og:image\" content=\"https:\/\/eralux.com\/wp-content\/uploads\/2024\/01\/PRODUCT-IMAGE-1-2-1.png\" \/>\n\t<meta property=\"og:image:width\" content=\"1000\" \/>\n\t<meta property=\"og:image:height\" content=\"1000\" \/>\n\t<meta property=\"og:image:type\" content=\"image\/png\" \/>\n<meta name=\"twitter:card\" content=\"summary_large_image\" \/>\n<meta name=\"twitter:site\" content=\"@eralux_inc\" \/>\n<meta name=\"twitter:label1\" content=\"Prix\" \/>\n\t<meta name=\"twitter:data1\" content=\"&#036;0.00\" \/>\n\t<meta name=\"twitter:label2\" content=\"Disponibilit\u00e9\" \/>\n\t<meta name=\"twitter:data2\" content=\"En stock\" \/>\n<script type=\"application\/ld+json\" class=\"yoast-schema-graph\">{\"@context\":\"https:\\\/\\\/schema.org\",\"@graph\":[{\"@type\":\"WebPage\",\"@id\":\"https:\\\/\\\/eralux.com\\\/fr\\\/produit\\\/greta\\\/\",\"url\":\"https:\\\/\\\/eralux.com\\\/fr\\\/produit\\\/greta\\\/\",\"name\":\"GRETA - Eralux\",\"isPartOf\":{\"@id\":\"https:\\\/\\\/eralux.com\\\/fr\\\/#website\"},\"primaryImageOfPage\":{\"@id\":\"https:\\\/\\\/eralux.com\\\/fr\\\/produit\\\/greta\\\/#primaryimage\"},\"image\":{\"@id\":\"https:\\\/\\\/eralux.com\\\/fr\\\/produit\\\/greta\\\/#primaryimage\"},\"thumbnailUrl\":\"https:\\\/\\\/eralux.com\\\/wp-content\\\/uploads\\\/2024\\\/01\\\/PRODUCT-IMAGE-1-2-1.png\",\"datePublished\":\"2024-01-05T14:44:47+00:00\",\"dateModified\":\"2025-08-07T17:42:00+00:00\",\"description\":\"Le luminaire ext\u00e9rieur de la s\u00e9rie GRETA est un luminaire de parking qui permet une personnalisation sur site gr\u00e2ce \u00e0 la capacit\u00e9 de commutation du CCT et des lumens. Sa conception robuste et durable lui permet de r\u00e9sister aux \u00e9l\u00e9ments ext\u00e9rieurs, quel que soit l'endroit o\u00f9 il est plac\u00e9. De plus, la s\u00e9rie GRETA est livr\u00e9e en standard en 120-277Vac, pr\u00eate pour le montage en surface, sur poteau et permet m\u00eame le raccordement en surface de tubes EMT.\",\"breadcrumb\":{\"@id\":\"https:\\\/\\\/eralux.com\\\/fr\\\/produit\\\/greta\\\/#breadcrumb\"},\"inLanguage\":\"fr-FR\",\"potentialAction\":[{\"@type\":\"ReadAction\",\"target\":[\"https:\\\/\\\/eralux.com\\\/fr\\\/produit\\\/greta\\\/\"]}]},{\"@type\":\"ImageObject\",\"inLanguage\":\"fr-FR\",\"@id\":\"https:\\\/\\\/eralux.com\\\/fr\\\/produit\\\/greta\\\/#primaryimage\",\"url\":\"https:\\\/\\\/eralux.com\\\/wp-content\\\/uploads\\\/2024\\\/01\\\/PRODUCT-IMAGE-1-2-1.png\",\"contentUrl\":\"https:\\\/\\\/eralux.com\\\/wp-content\\\/uploads\\\/2024\\\/01\\\/PRODUCT-IMAGE-1-2-1.png\",\"width\":1000,\"height\":1000},{\"@type\":\"BreadcrumbList\",\"@id\":\"https:\\\/\\\/eralux.com\\\/fr\\\/produit\\\/greta\\\/#breadcrumb\",\"itemListElement\":[{\"@type\":\"ListItem\",\"position\":1,\"name\":\"Home\",\"item\":\"https:\\\/\\\/eralux.com\\\/fr\\\/\"},{\"@type\":\"ListItem\",\"position\":2,\"name\":\"Shop\",\"item\":\"https:\\\/\\\/eralux.com\\\/shop\\\/\"},{\"@type\":\"ListItem\",\"position\":3,\"name\":\"GRETA\"}]},{\"@type\":\"WebSite\",\"@id\":\"https:\\\/\\\/eralux.com\\\/fr\\\/#website\",\"url\":\"https:\\\/\\\/eralux.com\\\/fr\\\/\",\"name\":\"Eralux\",\"description\":\"World leader for Energy Saving LED Solutions\",\"publisher\":{\"@id\":\"https:\\\/\\\/eralux.com\\\/fr\\\/#organization\"},\"alternateName\":\"Led manufacturer Canada\",\"potentialAction\":[{\"@type\":\"SearchAction\",\"target\":{\"@type\":\"EntryPoint\",\"urlTemplate\":\"https:\\\/\\\/eralux.com\\\/fr\\\/?s={search_term_string}\"},\"query-input\":{\"@type\":\"PropertyValueSpecification\",\"valueRequired\":true,\"valueName\":\"search_term_string\"}}],\"inLanguage\":\"fr-FR\"},{\"@type\":\"Organization\",\"@id\":\"https:\\\/\\\/eralux.com\\\/fr\\\/#organization\",\"name\":\"Eralux\",\"url\":\"https:\\\/\\\/eralux.com\\\/fr\\\/\",\"logo\":{\"@type\":\"ImageObject\",\"inLanguage\":\"fr-FR\",\"@id\":\"https:\\\/\\\/eralux.com\\\/fr\\\/#\\\/schema\\\/logo\\\/image\\\/\",\"url\":\"https:\\\/\\\/eralux.com\\\/wp-content\\\/uploads\\\/2024\\\/01\\\/eralux-logo-trademark-R.png\",\"contentUrl\":\"https:\\\/\\\/eralux.com\\\/wp-content\\\/uploads\\\/2024\\\/01\\\/eralux-logo-trademark-R.png\",\"width\":1000,\"height\":446,\"caption\":\"Eralux\"},\"image\":{\"@id\":\"https:\\\/\\\/eralux.com\\\/fr\\\/#\\\/schema\\\/logo\\\/image\\\/\"},\"sameAs\":[\"https:\\\/\\\/www.facebook.com\\\/aeralux.corp\",\"https:\\\/\\\/x.com\\\/eralux_inc\"],\"description\":\"Save on energy with high-performance LED solutions. Choose Eralux for eco-friendly lighting. Explore our range today!\"}]}<\/script>\n<meta property=\"product:price:amount\" content=\"0.00\" \/>\n<meta property=\"product:price:currency\" content=\"CAD\" \/>\n<meta property=\"og:availability\" content=\"instock\" \/>\n<meta property=\"product:availability\" content=\"instock\" \/>\n<meta property=\"product:condition\" content=\"new\" \/>\n<!-- \/ Yoast SEO Premium plugin. -->","yoast_head_json":{"title":"GRETA - Eralux","description":"Le luminaire ext\u00e9rieur de la s\u00e9rie GRETA est un luminaire de parking qui permet une personnalisation sur site gr\u00e2ce \u00e0 la capacit\u00e9 de commutation du CCT et des lumens. Sa conception robuste et durable lui permet de r\u00e9sister aux \u00e9l\u00e9ments ext\u00e9rieurs, quel que soit l'endroit o\u00f9 il est plac\u00e9. De plus, la s\u00e9rie GRETA est livr\u00e9e en standard en 120-277Vac, pr\u00eate pour le montage en surface, sur poteau et permet m\u00eame le raccordement en surface de tubes EMT.","robots":{"index":"index","follow":"follow","max-snippet":"max-snippet:-1","max-image-preview":"max-image-preview:large","max-video-preview":"max-video-preview:-1"},"canonical":"https:\/\/eralux.com\/fr\/produit\/greta\/","og_locale":"fr_FR","og_type":"article","og_title":"GRETA","og_description":"Le luminaire ext\u00e9rieur de la s\u00e9rie GRETA est un luminaire de parking qui permet une personnalisation sur site gr\u00e2ce \u00e0 la capacit\u00e9 de commutation du CCT et des lumens. Sa conception robuste et durable lui permet de r\u00e9sister aux \u00e9l\u00e9ments ext\u00e9rieurs, quel que soit l'endroit o\u00f9 il est plac\u00e9. De plus, la s\u00e9rie GRETA est livr\u00e9e en standard en 120-277Vac, pr\u00eate pour le montage en surface, sur poteau et permet m\u00eame le raccordement en surface de tubes EMT.","og_url":"https:\/\/eralux.com\/fr\/produit\/greta\/","og_site_name":"Eralux","article_publisher":"https:\/\/www.facebook.com\/aeralux.corp","article_modified_time":"2025-08-07T17:42:00+00:00","og_image":[{"width":1000,"height":1000,"url":"https:\/\/eralux.com\/wp-content\/uploads\/2024\/01\/PRODUCT-IMAGE-1-2-1.png","type":"image\/png"}],"twitter_card":"summary_large_image","twitter_site":"@eralux_inc","twitter_misc":{"Prix":"&#36;0.00","Disponibilit\u00e9":"En stock"},"schema":{"@context":"https:\/\/schema.org","@graph":[{"@type":"WebPage","@id":"https:\/\/eralux.com\/fr\/produit\/greta\/","url":"https:\/\/eralux.com\/fr\/produit\/greta\/","name":"GRETA - Eralux","isPartOf":{"@id":"https:\/\/eralux.com\/fr\/#website"},"primaryImageOfPage":{"@id":"https:\/\/eralux.com\/fr\/produit\/greta\/#primaryimage"},"image":{"@id":"https:\/\/eralux.com\/fr\/produit\/greta\/#primaryimage"},"thumbnailUrl":"https:\/\/eralux.com\/wp-content\/uploads\/2024\/01\/PRODUCT-IMAGE-1-2-1.png","datePublished":"2024-01-05T14:44:47+00:00","dateModified":"2025-08-07T17:42:00+00:00","description":"Le luminaire ext\u00e9rieur de la s\u00e9rie GRETA est un luminaire de parking qui permet une personnalisation sur site gr\u00e2ce \u00e0 la capacit\u00e9 de commutation du CCT et des lumens. Sa conception robuste et durable lui permet de r\u00e9sister aux \u00e9l\u00e9ments ext\u00e9rieurs, quel que soit l'endroit o\u00f9 il est plac\u00e9. De plus, la s\u00e9rie GRETA est livr\u00e9e en standard en 120-277Vac, pr\u00eate pour le montage en surface, sur poteau et permet m\u00eame le raccordement en surface de tubes EMT.","breadcrumb":{"@id":"https:\/\/eralux.com\/fr\/produit\/greta\/#breadcrumb"},"inLanguage":"fr-FR","potentialAction":[{"@type":"ReadAction","target":["https:\/\/eralux.com\/fr\/produit\/greta\/"]}]},{"@type":"ImageObject","inLanguage":"fr-FR","@id":"https:\/\/eralux.com\/fr\/produit\/greta\/#primaryimage","url":"https:\/\/eralux.com\/wp-content\/uploads\/2024\/01\/PRODUCT-IMAGE-1-2-1.png","contentUrl":"https:\/\/eralux.com\/wp-content\/uploads\/2024\/01\/PRODUCT-IMAGE-1-2-1.png","width":1000,"height":1000},{"@type":"BreadcrumbList","@id":"https:\/\/eralux.com\/fr\/produit\/greta\/#breadcrumb","itemListElement":[{"@type":"ListItem","position":1,"name":"Home","item":"https:\/\/eralux.com\/fr\/"},{"@type":"ListItem","position":2,"name":"Shop","item":"https:\/\/eralux.com\/shop\/"},{"@type":"ListItem","position":3,"name":"GRETA"}]},{"@type":"WebSite","@id":"https:\/\/eralux.com\/fr\/#website","url":"https:\/\/eralux.com\/fr\/","name":"Eralux","description":"World leader for Energy Saving LED Solutions","publisher":{"@id":"https:\/\/eralux.com\/fr\/#organization"},"alternateName":"Led manufacturer Canada","potentialAction":[{"@type":"SearchAction","target":{"@type":"EntryPoint","urlTemplate":"https:\/\/eralux.com\/fr\/?s={search_term_string}"},"query-input":{"@type":"PropertyValueSpecification","valueRequired":true,"valueName":"search_term_string"}}],"inLanguage":"fr-FR"},{"@type":"Organization","@id":"https:\/\/eralux.com\/fr\/#organization","name":"Eralux","url":"https:\/\/eralux.com\/fr\/","logo":{"@type":"ImageObject","inLanguage":"fr-FR","@id":"https:\/\/eralux.com\/fr\/#\/schema\/logo\/image\/","url":"https:\/\/eralux.com\/wp-content\/uploads\/2024\/01\/eralux-logo-trademark-R.png","contentUrl":"https:\/\/eralux.com\/wp-content\/uploads\/2024\/01\/eralux-logo-trademark-R.png","width":1000,"height":446,"caption":"Eralux"},"image":{"@id":"https:\/\/eralux.com\/fr\/#\/schema\/logo\/image\/"},"sameAs":["https:\/\/www.facebook.com\/aeralux.corp","https:\/\/x.com\/eralux_inc"],"description":"Save on energy with high-performance LED solutions. Choose Eralux for eco-friendly lighting. Explore our range today!"}]},"product_price_amount":"0.00","product_price_currency":"CAD","og_availability":"instock","product_availability":"instock","product_condition":"new"},"_links":{"self":[{"href":"https:\/\/eralux.com\/fr\/wp-json\/wp\/v2\/product\/5407","targetHints":{"allow":["GET"]}}],"collection":[{"href":"https:\/\/eralux.com\/fr\/wp-json\/wp\/v2\/product"}],"about":[{"href":"https:\/\/eralux.com\/fr\/wp-json\/wp\/v2\/types\/product"}],"replies":[{"embeddable":true,"href":"https:\/\/eralux.com\/fr\/wp-json\/wp\/v2\/comments?post=5407"}],"wp:featuredmedia":[{"embeddable":true,"href":"https:\/\/eralux.com\/fr\/wp-json\/wp\/v2\/media\/5657"}],"wp:attachment":[{"href":"https:\/\/eralux.com\/fr\/wp-json\/wp\/v2\/media?parent=5407"}],"wp:term":[{"taxonomy":"product_brand","embeddable":true,"href":"https:\/\/eralux.com\/fr\/wp-json\/wp\/v2\/product_brand?post=5407"},{"taxonomy":"product_cat","embeddable":true,"href":"https:\/\/eralux.com\/fr\/wp-json\/wp\/v2\/product_cat?post=5407"},{"taxonomy":"product_tag","embeddable":true,"href":"https:\/\/eralux.com\/fr\/wp-json\/wp\/v2\/product_tag?post=5407"}],"curies":[{"name":"wp","href":"https:\/\/api.w.org\/{rel}","templated":true}]}}