{"id":5452,"date":"2024-01-05T15:13:18","date_gmt":"2024-01-05T15:13:18","guid":{"rendered":"https:\/\/eralux.com\/?post_type=product&#038;p=5452"},"modified":"2025-06-25T21:24:35","modified_gmt":"2025-06-25T21:24:35","slug":"massino","status":"publish","type":"product","link":"https:\/\/eralux.com\/fr\/produit\/massino\/","title":{"rendered":"MASSINO"},"content":{"rendered":"<p>Les appliques r\u00e9glables de la s\u00e9rie Massino sont des luminaires \u00e0 haute efficacit\u00e9 dot\u00e9s d&#8217;une coque en aluminium moul\u00e9 sous pression \u00e0 finition usin\u00e9e. Ils sont dot\u00e9s d&#8217;une t\u00eate r\u00e9glable qui permet d&#8217;orienter le faisceau dans diff\u00e9rentes positions. Il est disponible dans une large gamme d&#8217;options de puissance et de lumens allant jusqu&#8217;\u00e0 120W \u00e0 16 800 lumens, ce qui lui permet de se d\u00e9marquer de la concurrence dans sa cat\u00e9gorie de luminaires muraux.<\/p>\n","protected":false},"excerpt":{"rendered":"<p>Applique murale d&#8217;ext\u00e9rieur<\/p>\n","protected":false},"featured_media":5460,"comment_status":"open","ping_status":"closed","template":"","meta":{"inline_featured_image":false},"product_brand":[],"product_cat":[1375],"product_tag":[],"class_list":{"0":"post-5452","1":"product","2":"type-product","3":"status-publish","4":"has-post-thumbnail","6":"spec_sheets-al-fr","7":"spec_sheets-m-fr-3","8":"spec_sheets-d-fr-2","9":"spec_sheets-wh-fr-2","10":"spec_sheets-bk-fr-2","11":"spec_sheets-bz-fr","12":"spec_sheets-p-fr-2","13":"spec_sheets-40-fr-6","14":"spec_sheets-50-fr-5","15":"spec_sheets-cct-fr","16":"spec_sheets-controles","17":"spec_sheets-finition","18":"spec_sheets-puissance","19":"spec_sheets-tension","20":"spec_sheets-040-fr-2","21":"spec_sheets-060-fr-2","22":"spec_sheets-080-fr","23":"spec_sheets-020-fr","24":"spec_sheets-100-fr-2","25":"spec_sheets-120-fr-3","26":"product_applications-magasin-de-detail","27":"product_applications-parking","28":"product_applications-hotellerie","29":"product_applications-education-fr","30":"product_applications-bureau-commercial","31":"product_segments-exterieur","32":"product_segments-applique-murale","33":"product_cat-ae-wp-ms-fr","35":"first","36":"instock","37":"shipping-taxable","38":"purchasable","39":"product-type-simple"},"yoast_head":"<!-- This site is optimized with the Yoast SEO Premium plugin v24.2 (Yoast SEO v27.5) - https:\/\/yoast.com\/product\/yoast-seo-premium-wordpress\/ -->\n<title>MASSINO - Eralux<\/title>\n<meta name=\"description\" content=\"Les appliques r\u00e9glables de la s\u00e9rie Massino sont des luminaires \u00e0 haute efficacit\u00e9 dot\u00e9s d&#039;une coque en aluminium moul\u00e9 sous pression \u00e0 finition usin\u00e9e. Ils sont dot\u00e9s d&#039;une t\u00eate r\u00e9glable qui permet d&#039;orienter le faisceau dans diff\u00e9rentes positions. Il est disponible dans une large gamme d&#039;options de puissance et de lumens allant jusqu&#039;\u00e0 120W \u00e0 16 800 lumens, ce qui lui permet de se d\u00e9marquer de la concurrence dans sa cat\u00e9gorie de luminaires muraux.\" \/>\n<meta name=\"robots\" content=\"index, follow, max-snippet:-1, max-image-preview:large, max-video-preview:-1\" \/>\n<link rel=\"canonical\" href=\"https:\/\/eralux.com\/fr\/produit\/massino\/\" \/>\n<meta property=\"og:locale\" content=\"fr_FR\" \/>\n<meta property=\"og:type\" content=\"article\" \/>\n<meta property=\"og:title\" content=\"MASSINO\" \/>\n<meta property=\"og:description\" content=\"Les appliques r\u00e9glables de la s\u00e9rie Massino sont des luminaires \u00e0 haute efficacit\u00e9 dot\u00e9s d&#039;une coque en aluminium moul\u00e9 sous pression \u00e0 finition usin\u00e9e. Ils sont dot\u00e9s d&#039;une t\u00eate r\u00e9glable qui permet d&#039;orienter le faisceau dans diff\u00e9rentes positions. Il est disponible dans une large gamme d&#039;options de puissance et de lumens allant jusqu&#039;\u00e0 120W \u00e0 16 800 lumens, ce qui lui permet de se d\u00e9marquer de la concurrence dans sa cat\u00e9gorie de luminaires muraux.\" \/>\n<meta property=\"og:url\" content=\"https:\/\/eralux.com\/fr\/produit\/massino\/\" \/>\n<meta property=\"og:site_name\" content=\"Eralux\" \/>\n<meta property=\"article:publisher\" content=\"https:\/\/www.facebook.com\/aeralux.corp\" \/>\n<meta property=\"article:modified_time\" content=\"2025-06-25T21:24:35+00:00\" \/>\n<meta property=\"og:image\" content=\"https:\/\/eralux.com\/wp-content\/uploads\/2024\/01\/DIP-switch.png\" \/>\n\t<meta property=\"og:image:width\" content=\"1000\" \/>\n\t<meta property=\"og:image:height\" content=\"1000\" \/>\n\t<meta property=\"og:image:type\" content=\"image\/png\" \/>\n<meta name=\"twitter:card\" content=\"summary_large_image\" \/>\n<meta name=\"twitter:site\" content=\"@eralux_inc\" \/>\n<meta name=\"twitter:label1\" content=\"Prix\" \/>\n\t<meta name=\"twitter:data1\" content=\"&#036;0.00\" \/>\n\t<meta name=\"twitter:label2\" content=\"Disponibilit\u00e9\" \/>\n\t<meta name=\"twitter:data2\" content=\"En stock\" \/>\n<script type=\"application\/ld+json\" class=\"yoast-schema-graph\">{\"@context\":\"https:\\\/\\\/schema.org\",\"@graph\":[{\"@type\":\"WebPage\",\"@id\":\"https:\\\/\\\/eralux.com\\\/fr\\\/produit\\\/massino\\\/\",\"url\":\"https:\\\/\\\/eralux.com\\\/fr\\\/produit\\\/massino\\\/\",\"name\":\"MASSINO - Eralux\",\"isPartOf\":{\"@id\":\"https:\\\/\\\/eralux.com\\\/fr\\\/#website\"},\"primaryImageOfPage\":{\"@id\":\"https:\\\/\\\/eralux.com\\\/fr\\\/produit\\\/massino\\\/#primaryimage\"},\"image\":{\"@id\":\"https:\\\/\\\/eralux.com\\\/fr\\\/produit\\\/massino\\\/#primaryimage\"},\"thumbnailUrl\":\"https:\\\/\\\/eralux.com\\\/wp-content\\\/uploads\\\/2024\\\/01\\\/DIP-switch.png\",\"datePublished\":\"2024-01-05T15:13:18+00:00\",\"dateModified\":\"2025-06-25T21:24:35+00:00\",\"description\":\"Les appliques r\u00e9glables de la s\u00e9rie Massino sont des luminaires \u00e0 haute efficacit\u00e9 dot\u00e9s d'une coque en aluminium moul\u00e9 sous pression \u00e0 finition usin\u00e9e. Ils sont dot\u00e9s d'une t\u00eate r\u00e9glable qui permet d'orienter le faisceau dans diff\u00e9rentes positions. Il est disponible dans une large gamme d'options de puissance et de lumens allant jusqu'\u00e0 120W \u00e0 16 800 lumens, ce qui lui permet de se d\u00e9marquer de la concurrence dans sa cat\u00e9gorie de luminaires muraux.\",\"breadcrumb\":{\"@id\":\"https:\\\/\\\/eralux.com\\\/fr\\\/produit\\\/massino\\\/#breadcrumb\"},\"inLanguage\":\"fr-FR\",\"potentialAction\":[{\"@type\":\"ReadAction\",\"target\":[\"https:\\\/\\\/eralux.com\\\/fr\\\/produit\\\/massino\\\/\"]}]},{\"@type\":\"ImageObject\",\"inLanguage\":\"fr-FR\",\"@id\":\"https:\\\/\\\/eralux.com\\\/fr\\\/produit\\\/massino\\\/#primaryimage\",\"url\":\"https:\\\/\\\/eralux.com\\\/wp-content\\\/uploads\\\/2024\\\/01\\\/DIP-switch.png\",\"contentUrl\":\"https:\\\/\\\/eralux.com\\\/wp-content\\\/uploads\\\/2024\\\/01\\\/DIP-switch.png\",\"width\":1000,\"height\":1000},{\"@type\":\"BreadcrumbList\",\"@id\":\"https:\\\/\\\/eralux.com\\\/fr\\\/produit\\\/massino\\\/#breadcrumb\",\"itemListElement\":[{\"@type\":\"ListItem\",\"position\":1,\"name\":\"Home\",\"item\":\"https:\\\/\\\/eralux.com\\\/fr\\\/\"},{\"@type\":\"ListItem\",\"position\":2,\"name\":\"Shop\",\"item\":\"https:\\\/\\\/eralux.com\\\/shop\\\/\"},{\"@type\":\"ListItem\",\"position\":3,\"name\":\"MASSINO\"}]},{\"@type\":\"WebSite\",\"@id\":\"https:\\\/\\\/eralux.com\\\/fr\\\/#website\",\"url\":\"https:\\\/\\\/eralux.com\\\/fr\\\/\",\"name\":\"Eralux\",\"description\":\"World leader for Energy Saving LED Solutions\",\"publisher\":{\"@id\":\"https:\\\/\\\/eralux.com\\\/fr\\\/#organization\"},\"alternateName\":\"Led manufacturer Canada\",\"potentialAction\":[{\"@type\":\"SearchAction\",\"target\":{\"@type\":\"EntryPoint\",\"urlTemplate\":\"https:\\\/\\\/eralux.com\\\/fr\\\/?s={search_term_string}\"},\"query-input\":{\"@type\":\"PropertyValueSpecification\",\"valueRequired\":true,\"valueName\":\"search_term_string\"}}],\"inLanguage\":\"fr-FR\"},{\"@type\":\"Organization\",\"@id\":\"https:\\\/\\\/eralux.com\\\/fr\\\/#organization\",\"name\":\"Eralux\",\"url\":\"https:\\\/\\\/eralux.com\\\/fr\\\/\",\"logo\":{\"@type\":\"ImageObject\",\"inLanguage\":\"fr-FR\",\"@id\":\"https:\\\/\\\/eralux.com\\\/fr\\\/#\\\/schema\\\/logo\\\/image\\\/\",\"url\":\"https:\\\/\\\/eralux.com\\\/wp-content\\\/uploads\\\/2024\\\/01\\\/eralux-logo-trademark-R.png\",\"contentUrl\":\"https:\\\/\\\/eralux.com\\\/wp-content\\\/uploads\\\/2024\\\/01\\\/eralux-logo-trademark-R.png\",\"width\":1000,\"height\":446,\"caption\":\"Eralux\"},\"image\":{\"@id\":\"https:\\\/\\\/eralux.com\\\/fr\\\/#\\\/schema\\\/logo\\\/image\\\/\"},\"sameAs\":[\"https:\\\/\\\/www.facebook.com\\\/aeralux.corp\",\"https:\\\/\\\/x.com\\\/eralux_inc\"],\"description\":\"Save on energy with high-performance LED solutions. Choose Eralux for eco-friendly lighting. Explore our range today!\"}]}<\/script>\n<meta property=\"product:price:amount\" content=\"0.00\" \/>\n<meta property=\"product:price:currency\" content=\"CAD\" \/>\n<meta property=\"og:availability\" content=\"instock\" \/>\n<meta property=\"product:availability\" content=\"instock\" \/>\n<meta property=\"product:condition\" content=\"new\" \/>\n<!-- \/ Yoast SEO Premium plugin. -->","yoast_head_json":{"title":"MASSINO - Eralux","description":"Les appliques r\u00e9glables de la s\u00e9rie Massino sont des luminaires \u00e0 haute efficacit\u00e9 dot\u00e9s d'une coque en aluminium moul\u00e9 sous pression \u00e0 finition usin\u00e9e. Ils sont dot\u00e9s d'une t\u00eate r\u00e9glable qui permet d'orienter le faisceau dans diff\u00e9rentes positions. Il est disponible dans une large gamme d'options de puissance et de lumens allant jusqu'\u00e0 120W \u00e0 16 800 lumens, ce qui lui permet de se d\u00e9marquer de la concurrence dans sa cat\u00e9gorie de luminaires muraux.","robots":{"index":"index","follow":"follow","max-snippet":"max-snippet:-1","max-image-preview":"max-image-preview:large","max-video-preview":"max-video-preview:-1"},"canonical":"https:\/\/eralux.com\/fr\/produit\/massino\/","og_locale":"fr_FR","og_type":"article","og_title":"MASSINO","og_description":"Les appliques r\u00e9glables de la s\u00e9rie Massino sont des luminaires \u00e0 haute efficacit\u00e9 dot\u00e9s d'une coque en aluminium moul\u00e9 sous pression \u00e0 finition usin\u00e9e. Ils sont dot\u00e9s d'une t\u00eate r\u00e9glable qui permet d'orienter le faisceau dans diff\u00e9rentes positions. Il est disponible dans une large gamme d'options de puissance et de lumens allant jusqu'\u00e0 120W \u00e0 16 800 lumens, ce qui lui permet de se d\u00e9marquer de la concurrence dans sa cat\u00e9gorie de luminaires muraux.","og_url":"https:\/\/eralux.com\/fr\/produit\/massino\/","og_site_name":"Eralux","article_publisher":"https:\/\/www.facebook.com\/aeralux.corp","article_modified_time":"2025-06-25T21:24:35+00:00","og_image":[{"width":1000,"height":1000,"url":"https:\/\/eralux.com\/wp-content\/uploads\/2024\/01\/DIP-switch.png","type":"image\/png"}],"twitter_card":"summary_large_image","twitter_site":"@eralux_inc","twitter_misc":{"Prix":"&#36;0.00","Disponibilit\u00e9":"En stock"},"schema":{"@context":"https:\/\/schema.org","@graph":[{"@type":"WebPage","@id":"https:\/\/eralux.com\/fr\/produit\/massino\/","url":"https:\/\/eralux.com\/fr\/produit\/massino\/","name":"MASSINO - Eralux","isPartOf":{"@id":"https:\/\/eralux.com\/fr\/#website"},"primaryImageOfPage":{"@id":"https:\/\/eralux.com\/fr\/produit\/massino\/#primaryimage"},"image":{"@id":"https:\/\/eralux.com\/fr\/produit\/massino\/#primaryimage"},"thumbnailUrl":"https:\/\/eralux.com\/wp-content\/uploads\/2024\/01\/DIP-switch.png","datePublished":"2024-01-05T15:13:18+00:00","dateModified":"2025-06-25T21:24:35+00:00","description":"Les appliques r\u00e9glables de la s\u00e9rie Massino sont des luminaires \u00e0 haute efficacit\u00e9 dot\u00e9s d'une coque en aluminium moul\u00e9 sous pression \u00e0 finition usin\u00e9e. Ils sont dot\u00e9s d'une t\u00eate r\u00e9glable qui permet d'orienter le faisceau dans diff\u00e9rentes positions. Il est disponible dans une large gamme d'options de puissance et de lumens allant jusqu'\u00e0 120W \u00e0 16 800 lumens, ce qui lui permet de se d\u00e9marquer de la concurrence dans sa cat\u00e9gorie de luminaires muraux.","breadcrumb":{"@id":"https:\/\/eralux.com\/fr\/produit\/massino\/#breadcrumb"},"inLanguage":"fr-FR","potentialAction":[{"@type":"ReadAction","target":["https:\/\/eralux.com\/fr\/produit\/massino\/"]}]},{"@type":"ImageObject","inLanguage":"fr-FR","@id":"https:\/\/eralux.com\/fr\/produit\/massino\/#primaryimage","url":"https:\/\/eralux.com\/wp-content\/uploads\/2024\/01\/DIP-switch.png","contentUrl":"https:\/\/eralux.com\/wp-content\/uploads\/2024\/01\/DIP-switch.png","width":1000,"height":1000},{"@type":"BreadcrumbList","@id":"https:\/\/eralux.com\/fr\/produit\/massino\/#breadcrumb","itemListElement":[{"@type":"ListItem","position":1,"name":"Home","item":"https:\/\/eralux.com\/fr\/"},{"@type":"ListItem","position":2,"name":"Shop","item":"https:\/\/eralux.com\/shop\/"},{"@type":"ListItem","position":3,"name":"MASSINO"}]},{"@type":"WebSite","@id":"https:\/\/eralux.com\/fr\/#website","url":"https:\/\/eralux.com\/fr\/","name":"Eralux","description":"World leader for Energy Saving LED Solutions","publisher":{"@id":"https:\/\/eralux.com\/fr\/#organization"},"alternateName":"Led manufacturer Canada","potentialAction":[{"@type":"SearchAction","target":{"@type":"EntryPoint","urlTemplate":"https:\/\/eralux.com\/fr\/?s={search_term_string}"},"query-input":{"@type":"PropertyValueSpecification","valueRequired":true,"valueName":"search_term_string"}}],"inLanguage":"fr-FR"},{"@type":"Organization","@id":"https:\/\/eralux.com\/fr\/#organization","name":"Eralux","url":"https:\/\/eralux.com\/fr\/","logo":{"@type":"ImageObject","inLanguage":"fr-FR","@id":"https:\/\/eralux.com\/fr\/#\/schema\/logo\/image\/","url":"https:\/\/eralux.com\/wp-content\/uploads\/2024\/01\/eralux-logo-trademark-R.png","contentUrl":"https:\/\/eralux.com\/wp-content\/uploads\/2024\/01\/eralux-logo-trademark-R.png","width":1000,"height":446,"caption":"Eralux"},"image":{"@id":"https:\/\/eralux.com\/fr\/#\/schema\/logo\/image\/"},"sameAs":["https:\/\/www.facebook.com\/aeralux.corp","https:\/\/x.com\/eralux_inc"],"description":"Save on energy with high-performance LED solutions. Choose Eralux for eco-friendly lighting. Explore our range today!"}]},"product_price_amount":"0.00","product_price_currency":"CAD","og_availability":"instock","product_availability":"instock","product_condition":"new"},"_links":{"self":[{"href":"https:\/\/eralux.com\/fr\/wp-json\/wp\/v2\/product\/5452","targetHints":{"allow":["GET"]}}],"collection":[{"href":"https:\/\/eralux.com\/fr\/wp-json\/wp\/v2\/product"}],"about":[{"href":"https:\/\/eralux.com\/fr\/wp-json\/wp\/v2\/types\/product"}],"replies":[{"embeddable":true,"href":"https:\/\/eralux.com\/fr\/wp-json\/wp\/v2\/comments?post=5452"}],"wp:featuredmedia":[{"embeddable":true,"href":"https:\/\/eralux.com\/fr\/wp-json\/wp\/v2\/media\/5460"}],"wp:attachment":[{"href":"https:\/\/eralux.com\/fr\/wp-json\/wp\/v2\/media?parent=5452"}],"wp:term":[{"taxonomy":"product_brand","embeddable":true,"href":"https:\/\/eralux.com\/fr\/wp-json\/wp\/v2\/product_brand?post=5452"},{"taxonomy":"product_cat","embeddable":true,"href":"https:\/\/eralux.com\/fr\/wp-json\/wp\/v2\/product_cat?post=5452"},{"taxonomy":"product_tag","embeddable":true,"href":"https:\/\/eralux.com\/fr\/wp-json\/wp\/v2\/product_tag?post=5452"}],"curies":[{"name":"wp","href":"https:\/\/api.w.org\/{rel}","templated":true}]}}