{"id":5454,"date":"2024-01-05T15:19:56","date_gmt":"2024-01-05T15:19:56","guid":{"rendered":"https:\/\/eralux.com\/?post_type=product&#038;p=5454"},"modified":"2025-01-29T16:49:26","modified_gmt":"2025-01-29T16:49:26","slug":"zeus","status":"publish","type":"product","link":"https:\/\/eralux.com\/fr\/produit\/zeus\/","title":{"rendered":"ZEUS"},"content":{"rendered":"<p>Le luminaire LED de la s\u00e9rie Zeus est con\u00e7u pour r\u00e9pondre aux besoins d&#8217;\u00e9clairage des stades et des terrains d&#8217;athl\u00e9tisme. Elle offre une efficacit\u00e9 sup\u00e9rieure allant jusqu&#8217;\u00e0 130 LPW avec de multiples variations de CCT et d&#8217;angle de rayonnement \u00e0 la fois en 120-277V et en 277-480V. Son support, sa visi\u00e8re optionnelle et son outil de positionnement laser vous permettront de focaliser la lumi\u00e8re pour optimiser votre espace.<\/p>\n","protected":false},"excerpt":{"rendered":"<p>\u00c9clairage de stade ext\u00e9rieur<\/p>\n","protected":false},"featured_media":5484,"comment_status":"open","ping_status":"closed","template":"","meta":{"inline_featured_image":false},"product_brand":[],"product_cat":[1595],"product_tag":[],"class_list":{"0":"post-5454","1":"product","2":"type-product","3":"status-publish","4":"has-post-thumbnail","6":"spec_sheets-hv_1","7":"spec_sheets-12-fr-3","8":"spec_sheets-uv-fr","9":"spec_sheets-30-fr-10","10":"spec_sheets-55-fr-3","11":"spec_sheets-4000k-fr","12":"spec_sheets-5000k-fr","13":"spec_sheets-010-fr-3","14":"spec_sheets-beam-angle-fr","15":"spec_sheets-480w-fr","16":"spec_sheets-cct-fr","17":"spec_sheets-controles","18":"spec_sheets-puissance","19":"spec_sheets-tension","20":"spec_sheets-600w-fr","21":"product_applications-stades","22":"product_segments-projecteurs-de-stade","23":"product_segments-exterieur","24":"product_cat-ae-sp-zs-fr","26":"first","27":"instock","28":"shipping-taxable","29":"purchasable","30":"product-type-simple"},"yoast_head":"<!-- This site is optimized with the Yoast SEO Premium plugin v24.2 (Yoast SEO v27.5) - https:\/\/yoast.com\/product\/yoast-seo-premium-wordpress\/ -->\n<title>ZEUS - Eralux<\/title>\n<meta name=\"description\" content=\"Le luminaire LED de la s\u00e9rie Zeus est con\u00e7u pour r\u00e9pondre aux besoins d&#039;\u00e9clairage des stades et des terrains d&#039;athl\u00e9tisme. Elle offre une efficacit\u00e9 sup\u00e9rieure allant jusqu&#039;\u00e0 130 LPW avec de multiples variations de CCT et d&#039;angle de rayonnement \u00e0 la fois en 120-277V et en 277-480V. Son support, sa visi\u00e8re optionnelle et son outil de positionnement laser vous permettront de focaliser la lumi\u00e8re pour optimiser votre espace.\" \/>\n<meta name=\"robots\" content=\"index, follow, max-snippet:-1, max-image-preview:large, max-video-preview:-1\" \/>\n<link rel=\"canonical\" href=\"https:\/\/eralux.com\/fr\/produit\/zeus\/\" \/>\n<meta property=\"og:locale\" content=\"fr_FR\" \/>\n<meta property=\"og:type\" content=\"article\" \/>\n<meta property=\"og:title\" content=\"ZEUS\" \/>\n<meta property=\"og:description\" content=\"Le luminaire LED de la s\u00e9rie Zeus est con\u00e7u pour r\u00e9pondre aux besoins d&#039;\u00e9clairage des stades et des terrains d&#039;athl\u00e9tisme. Elle offre une efficacit\u00e9 sup\u00e9rieure allant jusqu&#039;\u00e0 130 LPW avec de multiples variations de CCT et d&#039;angle de rayonnement \u00e0 la fois en 120-277V et en 277-480V. Son support, sa visi\u00e8re optionnelle et son outil de positionnement laser vous permettront de focaliser la lumi\u00e8re pour optimiser votre espace.\" \/>\n<meta property=\"og:url\" content=\"https:\/\/eralux.com\/fr\/produit\/zeus\/\" \/>\n<meta property=\"og:site_name\" content=\"Eralux\" \/>\n<meta property=\"article:publisher\" content=\"https:\/\/www.facebook.com\/aeralux.corp\" \/>\n<meta property=\"article:modified_time\" content=\"2025-01-29T16:49:26+00:00\" \/>\n<meta property=\"og:image\" content=\"https:\/\/eralux.com\/wp-content\/uploads\/2024\/01\/FL47-view01-12\u00b0-2.png\" \/>\n\t<meta property=\"og:image:width\" content=\"1000\" \/>\n\t<meta property=\"og:image:height\" content=\"1000\" \/>\n\t<meta property=\"og:image:type\" content=\"image\/png\" \/>\n<meta name=\"twitter:card\" content=\"summary_large_image\" \/>\n<meta name=\"twitter:site\" content=\"@eralux_inc\" \/>\n<meta name=\"twitter:label1\" content=\"Prix\" \/>\n\t<meta name=\"twitter:data1\" content=\"&#036;0.00\" \/>\n\t<meta name=\"twitter:label2\" content=\"Disponibilit\u00e9\" \/>\n\t<meta name=\"twitter:data2\" content=\"En stock\" \/>\n<script type=\"application\/ld+json\" class=\"yoast-schema-graph\">{\"@context\":\"https:\\\/\\\/schema.org\",\"@graph\":[{\"@type\":\"WebPage\",\"@id\":\"https:\\\/\\\/eralux.com\\\/fr\\\/produit\\\/zeus\\\/\",\"url\":\"https:\\\/\\\/eralux.com\\\/fr\\\/produit\\\/zeus\\\/\",\"name\":\"ZEUS - Eralux\",\"isPartOf\":{\"@id\":\"https:\\\/\\\/eralux.com\\\/fr\\\/#website\"},\"primaryImageOfPage\":{\"@id\":\"https:\\\/\\\/eralux.com\\\/fr\\\/produit\\\/zeus\\\/#primaryimage\"},\"image\":{\"@id\":\"https:\\\/\\\/eralux.com\\\/fr\\\/produit\\\/zeus\\\/#primaryimage\"},\"thumbnailUrl\":\"https:\\\/\\\/eralux.com\\\/wp-content\\\/uploads\\\/2024\\\/01\\\/FL47-view01-12\u00b0-2.png\",\"datePublished\":\"2024-01-05T15:19:56+00:00\",\"dateModified\":\"2025-01-29T16:49:26+00:00\",\"description\":\"Le luminaire LED de la s\u00e9rie Zeus est con\u00e7u pour r\u00e9pondre aux besoins d'\u00e9clairage des stades et des terrains d'athl\u00e9tisme. Elle offre une efficacit\u00e9 sup\u00e9rieure allant jusqu'\u00e0 130 LPW avec de multiples variations de CCT et d'angle de rayonnement \u00e0 la fois en 120-277V et en 277-480V. Son support, sa visi\u00e8re optionnelle et son outil de positionnement laser vous permettront de focaliser la lumi\u00e8re pour optimiser votre espace.\",\"breadcrumb\":{\"@id\":\"https:\\\/\\\/eralux.com\\\/fr\\\/produit\\\/zeus\\\/#breadcrumb\"},\"inLanguage\":\"fr-FR\",\"potentialAction\":[{\"@type\":\"ReadAction\",\"target\":[\"https:\\\/\\\/eralux.com\\\/fr\\\/produit\\\/zeus\\\/\"]}]},{\"@type\":\"ImageObject\",\"inLanguage\":\"fr-FR\",\"@id\":\"https:\\\/\\\/eralux.com\\\/fr\\\/produit\\\/zeus\\\/#primaryimage\",\"url\":\"https:\\\/\\\/eralux.com\\\/wp-content\\\/uploads\\\/2024\\\/01\\\/FL47-view01-12\u00b0-2.png\",\"contentUrl\":\"https:\\\/\\\/eralux.com\\\/wp-content\\\/uploads\\\/2024\\\/01\\\/FL47-view01-12\u00b0-2.png\",\"width\":1000,\"height\":1000},{\"@type\":\"BreadcrumbList\",\"@id\":\"https:\\\/\\\/eralux.com\\\/fr\\\/produit\\\/zeus\\\/#breadcrumb\",\"itemListElement\":[{\"@type\":\"ListItem\",\"position\":1,\"name\":\"Home\",\"item\":\"https:\\\/\\\/eralux.com\\\/fr\\\/\"},{\"@type\":\"ListItem\",\"position\":2,\"name\":\"Shop\",\"item\":\"https:\\\/\\\/eralux.com\\\/shop\\\/\"},{\"@type\":\"ListItem\",\"position\":3,\"name\":\"ZEUS\"}]},{\"@type\":\"WebSite\",\"@id\":\"https:\\\/\\\/eralux.com\\\/fr\\\/#website\",\"url\":\"https:\\\/\\\/eralux.com\\\/fr\\\/\",\"name\":\"Eralux\",\"description\":\"World leader for Energy Saving LED Solutions\",\"publisher\":{\"@id\":\"https:\\\/\\\/eralux.com\\\/fr\\\/#organization\"},\"alternateName\":\"Led manufacturer Canada\",\"potentialAction\":[{\"@type\":\"SearchAction\",\"target\":{\"@type\":\"EntryPoint\",\"urlTemplate\":\"https:\\\/\\\/eralux.com\\\/fr\\\/?s={search_term_string}\"},\"query-input\":{\"@type\":\"PropertyValueSpecification\",\"valueRequired\":true,\"valueName\":\"search_term_string\"}}],\"inLanguage\":\"fr-FR\"},{\"@type\":\"Organization\",\"@id\":\"https:\\\/\\\/eralux.com\\\/fr\\\/#organization\",\"name\":\"Eralux\",\"url\":\"https:\\\/\\\/eralux.com\\\/fr\\\/\",\"logo\":{\"@type\":\"ImageObject\",\"inLanguage\":\"fr-FR\",\"@id\":\"https:\\\/\\\/eralux.com\\\/fr\\\/#\\\/schema\\\/logo\\\/image\\\/\",\"url\":\"https:\\\/\\\/eralux.com\\\/wp-content\\\/uploads\\\/2024\\\/01\\\/eralux-logo-trademark-R.png\",\"contentUrl\":\"https:\\\/\\\/eralux.com\\\/wp-content\\\/uploads\\\/2024\\\/01\\\/eralux-logo-trademark-R.png\",\"width\":1000,\"height\":446,\"caption\":\"Eralux\"},\"image\":{\"@id\":\"https:\\\/\\\/eralux.com\\\/fr\\\/#\\\/schema\\\/logo\\\/image\\\/\"},\"sameAs\":[\"https:\\\/\\\/www.facebook.com\\\/aeralux.corp\",\"https:\\\/\\\/x.com\\\/eralux_inc\"],\"description\":\"Save on energy with high-performance LED solutions. Choose Eralux for eco-friendly lighting. Explore our range today!\"}]}<\/script>\n<meta property=\"product:price:amount\" content=\"0.00\" \/>\n<meta property=\"product:price:currency\" content=\"CAD\" \/>\n<meta property=\"og:availability\" content=\"instock\" \/>\n<meta property=\"product:availability\" content=\"instock\" \/>\n<meta property=\"product:condition\" content=\"new\" \/>\n<!-- \/ Yoast SEO Premium plugin. -->","yoast_head_json":{"title":"ZEUS - Eralux","description":"Le luminaire LED de la s\u00e9rie Zeus est con\u00e7u pour r\u00e9pondre aux besoins d'\u00e9clairage des stades et des terrains d'athl\u00e9tisme. Elle offre une efficacit\u00e9 sup\u00e9rieure allant jusqu'\u00e0 130 LPW avec de multiples variations de CCT et d'angle de rayonnement \u00e0 la fois en 120-277V et en 277-480V. Son support, sa visi\u00e8re optionnelle et son outil de positionnement laser vous permettront de focaliser la lumi\u00e8re pour optimiser votre espace.","robots":{"index":"index","follow":"follow","max-snippet":"max-snippet:-1","max-image-preview":"max-image-preview:large","max-video-preview":"max-video-preview:-1"},"canonical":"https:\/\/eralux.com\/fr\/produit\/zeus\/","og_locale":"fr_FR","og_type":"article","og_title":"ZEUS","og_description":"Le luminaire LED de la s\u00e9rie Zeus est con\u00e7u pour r\u00e9pondre aux besoins d'\u00e9clairage des stades et des terrains d'athl\u00e9tisme. Elle offre une efficacit\u00e9 sup\u00e9rieure allant jusqu'\u00e0 130 LPW avec de multiples variations de CCT et d'angle de rayonnement \u00e0 la fois en 120-277V et en 277-480V. Son support, sa visi\u00e8re optionnelle et son outil de positionnement laser vous permettront de focaliser la lumi\u00e8re pour optimiser votre espace.","og_url":"https:\/\/eralux.com\/fr\/produit\/zeus\/","og_site_name":"Eralux","article_publisher":"https:\/\/www.facebook.com\/aeralux.corp","article_modified_time":"2025-01-29T16:49:26+00:00","og_image":[{"width":1000,"height":1000,"url":"https:\/\/eralux.com\/wp-content\/uploads\/2024\/01\/FL47-view01-12\u00b0-2.png","type":"image\/png"}],"twitter_card":"summary_large_image","twitter_site":"@eralux_inc","twitter_misc":{"Prix":"&#36;0.00","Disponibilit\u00e9":"En stock"},"schema":{"@context":"https:\/\/schema.org","@graph":[{"@type":"WebPage","@id":"https:\/\/eralux.com\/fr\/produit\/zeus\/","url":"https:\/\/eralux.com\/fr\/produit\/zeus\/","name":"ZEUS - Eralux","isPartOf":{"@id":"https:\/\/eralux.com\/fr\/#website"},"primaryImageOfPage":{"@id":"https:\/\/eralux.com\/fr\/produit\/zeus\/#primaryimage"},"image":{"@id":"https:\/\/eralux.com\/fr\/produit\/zeus\/#primaryimage"},"thumbnailUrl":"https:\/\/eralux.com\/wp-content\/uploads\/2024\/01\/FL47-view01-12\u00b0-2.png","datePublished":"2024-01-05T15:19:56+00:00","dateModified":"2025-01-29T16:49:26+00:00","description":"Le luminaire LED de la s\u00e9rie Zeus est con\u00e7u pour r\u00e9pondre aux besoins d'\u00e9clairage des stades et des terrains d'athl\u00e9tisme. Elle offre une efficacit\u00e9 sup\u00e9rieure allant jusqu'\u00e0 130 LPW avec de multiples variations de CCT et d'angle de rayonnement \u00e0 la fois en 120-277V et en 277-480V. Son support, sa visi\u00e8re optionnelle et son outil de positionnement laser vous permettront de focaliser la lumi\u00e8re pour optimiser votre espace.","breadcrumb":{"@id":"https:\/\/eralux.com\/fr\/produit\/zeus\/#breadcrumb"},"inLanguage":"fr-FR","potentialAction":[{"@type":"ReadAction","target":["https:\/\/eralux.com\/fr\/produit\/zeus\/"]}]},{"@type":"ImageObject","inLanguage":"fr-FR","@id":"https:\/\/eralux.com\/fr\/produit\/zeus\/#primaryimage","url":"https:\/\/eralux.com\/wp-content\/uploads\/2024\/01\/FL47-view01-12\u00b0-2.png","contentUrl":"https:\/\/eralux.com\/wp-content\/uploads\/2024\/01\/FL47-view01-12\u00b0-2.png","width":1000,"height":1000},{"@type":"BreadcrumbList","@id":"https:\/\/eralux.com\/fr\/produit\/zeus\/#breadcrumb","itemListElement":[{"@type":"ListItem","position":1,"name":"Home","item":"https:\/\/eralux.com\/fr\/"},{"@type":"ListItem","position":2,"name":"Shop","item":"https:\/\/eralux.com\/shop\/"},{"@type":"ListItem","position":3,"name":"ZEUS"}]},{"@type":"WebSite","@id":"https:\/\/eralux.com\/fr\/#website","url":"https:\/\/eralux.com\/fr\/","name":"Eralux","description":"World leader for Energy Saving LED Solutions","publisher":{"@id":"https:\/\/eralux.com\/fr\/#organization"},"alternateName":"Led manufacturer Canada","potentialAction":[{"@type":"SearchAction","target":{"@type":"EntryPoint","urlTemplate":"https:\/\/eralux.com\/fr\/?s={search_term_string}"},"query-input":{"@type":"PropertyValueSpecification","valueRequired":true,"valueName":"search_term_string"}}],"inLanguage":"fr-FR"},{"@type":"Organization","@id":"https:\/\/eralux.com\/fr\/#organization","name":"Eralux","url":"https:\/\/eralux.com\/fr\/","logo":{"@type":"ImageObject","inLanguage":"fr-FR","@id":"https:\/\/eralux.com\/fr\/#\/schema\/logo\/image\/","url":"https:\/\/eralux.com\/wp-content\/uploads\/2024\/01\/eralux-logo-trademark-R.png","contentUrl":"https:\/\/eralux.com\/wp-content\/uploads\/2024\/01\/eralux-logo-trademark-R.png","width":1000,"height":446,"caption":"Eralux"},"image":{"@id":"https:\/\/eralux.com\/fr\/#\/schema\/logo\/image\/"},"sameAs":["https:\/\/www.facebook.com\/aeralux.corp","https:\/\/x.com\/eralux_inc"],"description":"Save on energy with high-performance LED solutions. Choose Eralux for eco-friendly lighting. Explore our range today!"}]},"product_price_amount":"0.00","product_price_currency":"CAD","og_availability":"instock","product_availability":"instock","product_condition":"new"},"_links":{"self":[{"href":"https:\/\/eralux.com\/fr\/wp-json\/wp\/v2\/product\/5454","targetHints":{"allow":["GET"]}}],"collection":[{"href":"https:\/\/eralux.com\/fr\/wp-json\/wp\/v2\/product"}],"about":[{"href":"https:\/\/eralux.com\/fr\/wp-json\/wp\/v2\/types\/product"}],"replies":[{"embeddable":true,"href":"https:\/\/eralux.com\/fr\/wp-json\/wp\/v2\/comments?post=5454"}],"wp:featuredmedia":[{"embeddable":true,"href":"https:\/\/eralux.com\/fr\/wp-json\/wp\/v2\/media\/5484"}],"wp:attachment":[{"href":"https:\/\/eralux.com\/fr\/wp-json\/wp\/v2\/media?parent=5454"}],"wp:term":[{"taxonomy":"product_brand","embeddable":true,"href":"https:\/\/eralux.com\/fr\/wp-json\/wp\/v2\/product_brand?post=5454"},{"taxonomy":"product_cat","embeddable":true,"href":"https:\/\/eralux.com\/fr\/wp-json\/wp\/v2\/product_cat?post=5454"},{"taxonomy":"product_tag","embeddable":true,"href":"https:\/\/eralux.com\/fr\/wp-json\/wp\/v2\/product_tag?post=5454"}],"curies":[{"name":"wp","href":"https:\/\/api.w.org\/{rel}","templated":true}]}}