{"id":5470,"date":"2024-01-05T15:36:21","date_gmt":"2024-01-05T15:36:21","guid":{"rendered":"https:\/\/eralux.com\/?post_type=product&#038;p=5470"},"modified":"2025-01-29T19:48:50","modified_gmt":"2025-01-29T19:48:50","slug":"athena","status":"publish","type":"product","link":"https:\/\/eralux.com\/fr\/produit\/athena\/","title":{"rendered":"ATHENA"},"content":{"rendered":"<p>L&#8217;\u00e9clairage sportif ext\u00e9rieur super modulaire ATHENA est disponible de 200W \u00e0 1200W, avec 2 options CCT et 5 options d&#8217;angle de faisceau pour r\u00e9pondre \u00e0 tous les besoins de votre projet. La conception modulaire compacte permet un assemblage et une installation rapides et flexibles. Vous pouvez facilement r\u00e9gler l&#8217;angle d&#8217;\u00e9clairage pour cr\u00e9er un environnement lumineux diversifi\u00e9. Athena est le dernier n\u00e9 des \u00e9clairages ext\u00e9rieurs haute puissance d&#8217;ERALUX. Il peut \u00eatre utilis\u00e9 sur les terrains de sport, dans les stades, sur les places, dans les espaces d&#8217;accueil, etc.<\/p>\n","protected":false},"excerpt":{"rendered":"<p>\u00c9clairage de stade ext\u00e9rieur<\/p>\n","protected":false},"featured_media":5540,"comment_status":"open","ping_status":"closed","template":"","meta":{"inline_featured_image":false},"product_brand":[],"product_cat":[1550],"product_tag":[],"class_list":{"0":"post-5470","1":"product","2":"type-product","3":"status-publish","4":"has-post-thumbnail","6":"spec_sheets-10-fr-5","7":"spec_sheets-15-fr-7","8":"spec_sheets-30-fr-10","9":"spec_sheets-45-fr-4","10":"spec_sheets-740-fr","11":"spec_sheets-60-fr-5","12":"spec_sheets-010-fr-3","13":"spec_sheets-beam-angle-fr","14":"spec_sheets-200-fr","15":"spec_sheets-sv-fr-2","16":"spec_sheets-400-fr","17":"spec_sheets-600-fr","18":"spec_sheets-800-fr","19":"spec_sheets-1200-fr","20":"spec_sheets-cct-fr","21":"spec_sheets-controles","22":"spec_sheets-finition","23":"spec_sheets-tension-dentree","24":"spec_sheets-puissance","25":"product_applications-stades","26":"product_segments-projecteurs-de-stade","27":"product_segments-exterieur","28":"product_cat-ae-sp-ah-fr","30":"first","31":"instock","32":"shipping-taxable","33":"purchasable","34":"product-type-simple"},"yoast_head":"<!-- This site is optimized with the Yoast SEO Premium plugin v24.2 (Yoast SEO v27.5) - https:\/\/yoast.com\/product\/yoast-seo-premium-wordpress\/ -->\n<title>ATHENA - Eralux<\/title>\n<meta name=\"description\" content=\"L&#039;\u00e9clairage sportif ext\u00e9rieur super modulaire ATHENA est disponible de 200W \u00e0 1200W, avec 2 options CCT et 5 options d&#039;angle de faisceau pour r\u00e9pondre \u00e0 tous les besoins de votre projet. La conception modulaire compacte permet un assemblage et une installation rapides et flexibles. Vous pouvez facilement r\u00e9gler l&#039;angle d&#039;\u00e9clairage pour cr\u00e9er un environnement lumineux diversifi\u00e9. Athena est le dernier n\u00e9 des \u00e9clairages ext\u00e9rieurs haute puissance d&#039;ERALUX. Il peut \u00eatre utilis\u00e9 sur les terrains de sport, dans les stades, sur les places, dans les espaces d&#039;accueil, etc.\" \/>\n<meta name=\"robots\" content=\"index, follow, max-snippet:-1, max-image-preview:large, max-video-preview:-1\" \/>\n<link rel=\"canonical\" href=\"https:\/\/eralux.com\/fr\/produit\/athena\/\" \/>\n<meta property=\"og:locale\" content=\"fr_FR\" \/>\n<meta property=\"og:type\" content=\"article\" \/>\n<meta property=\"og:title\" content=\"ATHENA\" \/>\n<meta property=\"og:description\" content=\"L&#039;\u00e9clairage sportif ext\u00e9rieur super modulaire ATHENA est disponible de 200W \u00e0 1200W, avec 2 options CCT et 5 options d&#039;angle de faisceau pour r\u00e9pondre \u00e0 tous les besoins de votre projet. La conception modulaire compacte permet un assemblage et une installation rapides et flexibles. Vous pouvez facilement r\u00e9gler l&#039;angle d&#039;\u00e9clairage pour cr\u00e9er un environnement lumineux diversifi\u00e9. Athena est le dernier n\u00e9 des \u00e9clairages ext\u00e9rieurs haute puissance d&#039;ERALUX. Il peut \u00eatre utilis\u00e9 sur les terrains de sport, dans les stades, sur les places, dans les espaces d&#039;accueil, etc.\" \/>\n<meta property=\"og:url\" content=\"https:\/\/eralux.com\/fr\/produit\/athena\/\" \/>\n<meta property=\"og:site_name\" content=\"Eralux\" \/>\n<meta property=\"article:publisher\" content=\"https:\/\/www.facebook.com\/aeralux.corp\" \/>\n<meta property=\"article:modified_time\" content=\"2025-01-29T19:48:50+00:00\" \/>\n<meta property=\"og:image\" content=\"https:\/\/eralux.com\/wp-content\/uploads\/2024\/01\/1200W-driver-box-view02-6.png\" \/>\n\t<meta property=\"og:image:width\" content=\"1000\" \/>\n\t<meta property=\"og:image:height\" content=\"1000\" \/>\n\t<meta property=\"og:image:type\" content=\"image\/png\" \/>\n<meta name=\"twitter:card\" content=\"summary_large_image\" \/>\n<meta name=\"twitter:site\" content=\"@eralux_inc\" \/>\n<meta name=\"twitter:label1\" content=\"Prix\" \/>\n\t<meta name=\"twitter:data1\" content=\"&#036;0.00\" \/>\n\t<meta name=\"twitter:label2\" content=\"Disponibilit\u00e9\" \/>\n\t<meta name=\"twitter:data2\" content=\"En stock\" \/>\n<script type=\"application\/ld+json\" class=\"yoast-schema-graph\">{\"@context\":\"https:\\\/\\\/schema.org\",\"@graph\":[{\"@type\":\"WebPage\",\"@id\":\"https:\\\/\\\/eralux.com\\\/fr\\\/produit\\\/athena\\\/\",\"url\":\"https:\\\/\\\/eralux.com\\\/fr\\\/produit\\\/athena\\\/\",\"name\":\"ATHENA - Eralux\",\"isPartOf\":{\"@id\":\"https:\\\/\\\/eralux.com\\\/fr\\\/#website\"},\"primaryImageOfPage\":{\"@id\":\"https:\\\/\\\/eralux.com\\\/fr\\\/produit\\\/athena\\\/#primaryimage\"},\"image\":{\"@id\":\"https:\\\/\\\/eralux.com\\\/fr\\\/produit\\\/athena\\\/#primaryimage\"},\"thumbnailUrl\":\"https:\\\/\\\/eralux.com\\\/wp-content\\\/uploads\\\/2024\\\/01\\\/1200W-driver-box-view02-6.png\",\"datePublished\":\"2024-01-05T15:36:21+00:00\",\"dateModified\":\"2025-01-29T19:48:50+00:00\",\"description\":\"L'\u00e9clairage sportif ext\u00e9rieur super modulaire ATHENA est disponible de 200W \u00e0 1200W, avec 2 options CCT et 5 options d'angle de faisceau pour r\u00e9pondre \u00e0 tous les besoins de votre projet. La conception modulaire compacte permet un assemblage et une installation rapides et flexibles. Vous pouvez facilement r\u00e9gler l'angle d'\u00e9clairage pour cr\u00e9er un environnement lumineux diversifi\u00e9. Athena est le dernier n\u00e9 des \u00e9clairages ext\u00e9rieurs haute puissance d'ERALUX. Il peut \u00eatre utilis\u00e9 sur les terrains de sport, dans les stades, sur les places, dans les espaces d'accueil, etc.\",\"breadcrumb\":{\"@id\":\"https:\\\/\\\/eralux.com\\\/fr\\\/produit\\\/athena\\\/#breadcrumb\"},\"inLanguage\":\"fr-FR\",\"potentialAction\":[{\"@type\":\"ReadAction\",\"target\":[\"https:\\\/\\\/eralux.com\\\/fr\\\/produit\\\/athena\\\/\"]}]},{\"@type\":\"ImageObject\",\"inLanguage\":\"fr-FR\",\"@id\":\"https:\\\/\\\/eralux.com\\\/fr\\\/produit\\\/athena\\\/#primaryimage\",\"url\":\"https:\\\/\\\/eralux.com\\\/wp-content\\\/uploads\\\/2024\\\/01\\\/1200W-driver-box-view02-6.png\",\"contentUrl\":\"https:\\\/\\\/eralux.com\\\/wp-content\\\/uploads\\\/2024\\\/01\\\/1200W-driver-box-view02-6.png\",\"width\":1000,\"height\":1000},{\"@type\":\"BreadcrumbList\",\"@id\":\"https:\\\/\\\/eralux.com\\\/fr\\\/produit\\\/athena\\\/#breadcrumb\",\"itemListElement\":[{\"@type\":\"ListItem\",\"position\":1,\"name\":\"Home\",\"item\":\"https:\\\/\\\/eralux.com\\\/fr\\\/\"},{\"@type\":\"ListItem\",\"position\":2,\"name\":\"Shop\",\"item\":\"https:\\\/\\\/eralux.com\\\/shop\\\/\"},{\"@type\":\"ListItem\",\"position\":3,\"name\":\"ATHENA\"}]},{\"@type\":\"WebSite\",\"@id\":\"https:\\\/\\\/eralux.com\\\/fr\\\/#website\",\"url\":\"https:\\\/\\\/eralux.com\\\/fr\\\/\",\"name\":\"Eralux\",\"description\":\"World leader for Energy Saving LED Solutions\",\"publisher\":{\"@id\":\"https:\\\/\\\/eralux.com\\\/fr\\\/#organization\"},\"alternateName\":\"Led manufacturer Canada\",\"potentialAction\":[{\"@type\":\"SearchAction\",\"target\":{\"@type\":\"EntryPoint\",\"urlTemplate\":\"https:\\\/\\\/eralux.com\\\/fr\\\/?s={search_term_string}\"},\"query-input\":{\"@type\":\"PropertyValueSpecification\",\"valueRequired\":true,\"valueName\":\"search_term_string\"}}],\"inLanguage\":\"fr-FR\"},{\"@type\":\"Organization\",\"@id\":\"https:\\\/\\\/eralux.com\\\/fr\\\/#organization\",\"name\":\"Eralux\",\"url\":\"https:\\\/\\\/eralux.com\\\/fr\\\/\",\"logo\":{\"@type\":\"ImageObject\",\"inLanguage\":\"fr-FR\",\"@id\":\"https:\\\/\\\/eralux.com\\\/fr\\\/#\\\/schema\\\/logo\\\/image\\\/\",\"url\":\"https:\\\/\\\/eralux.com\\\/wp-content\\\/uploads\\\/2024\\\/01\\\/eralux-logo-trademark-R.png\",\"contentUrl\":\"https:\\\/\\\/eralux.com\\\/wp-content\\\/uploads\\\/2024\\\/01\\\/eralux-logo-trademark-R.png\",\"width\":1000,\"height\":446,\"caption\":\"Eralux\"},\"image\":{\"@id\":\"https:\\\/\\\/eralux.com\\\/fr\\\/#\\\/schema\\\/logo\\\/image\\\/\"},\"sameAs\":[\"https:\\\/\\\/www.facebook.com\\\/aeralux.corp\",\"https:\\\/\\\/x.com\\\/eralux_inc\"],\"description\":\"Save on energy with high-performance LED solutions. Choose Eralux for eco-friendly lighting. Explore our range today!\"}]}<\/script>\n<meta property=\"product:price:amount\" content=\"0.00\" \/>\n<meta property=\"product:price:currency\" content=\"CAD\" \/>\n<meta property=\"og:availability\" content=\"instock\" \/>\n<meta property=\"product:availability\" content=\"instock\" \/>\n<meta property=\"product:condition\" content=\"new\" \/>\n<!-- \/ Yoast SEO Premium plugin. -->","yoast_head_json":{"title":"ATHENA - Eralux","description":"L'\u00e9clairage sportif ext\u00e9rieur super modulaire ATHENA est disponible de 200W \u00e0 1200W, avec 2 options CCT et 5 options d'angle de faisceau pour r\u00e9pondre \u00e0 tous les besoins de votre projet. La conception modulaire compacte permet un assemblage et une installation rapides et flexibles. Vous pouvez facilement r\u00e9gler l'angle d'\u00e9clairage pour cr\u00e9er un environnement lumineux diversifi\u00e9. Athena est le dernier n\u00e9 des \u00e9clairages ext\u00e9rieurs haute puissance d'ERALUX. Il peut \u00eatre utilis\u00e9 sur les terrains de sport, dans les stades, sur les places, dans les espaces d'accueil, etc.","robots":{"index":"index","follow":"follow","max-snippet":"max-snippet:-1","max-image-preview":"max-image-preview:large","max-video-preview":"max-video-preview:-1"},"canonical":"https:\/\/eralux.com\/fr\/produit\/athena\/","og_locale":"fr_FR","og_type":"article","og_title":"ATHENA","og_description":"L'\u00e9clairage sportif ext\u00e9rieur super modulaire ATHENA est disponible de 200W \u00e0 1200W, avec 2 options CCT et 5 options d'angle de faisceau pour r\u00e9pondre \u00e0 tous les besoins de votre projet. La conception modulaire compacte permet un assemblage et une installation rapides et flexibles. Vous pouvez facilement r\u00e9gler l'angle d'\u00e9clairage pour cr\u00e9er un environnement lumineux diversifi\u00e9. Athena est le dernier n\u00e9 des \u00e9clairages ext\u00e9rieurs haute puissance d'ERALUX. Il peut \u00eatre utilis\u00e9 sur les terrains de sport, dans les stades, sur les places, dans les espaces d'accueil, etc.","og_url":"https:\/\/eralux.com\/fr\/produit\/athena\/","og_site_name":"Eralux","article_publisher":"https:\/\/www.facebook.com\/aeralux.corp","article_modified_time":"2025-01-29T19:48:50+00:00","og_image":[{"width":1000,"height":1000,"url":"https:\/\/eralux.com\/wp-content\/uploads\/2024\/01\/1200W-driver-box-view02-6.png","type":"image\/png"}],"twitter_card":"summary_large_image","twitter_site":"@eralux_inc","twitter_misc":{"Prix":"&#36;0.00","Disponibilit\u00e9":"En stock"},"schema":{"@context":"https:\/\/schema.org","@graph":[{"@type":"WebPage","@id":"https:\/\/eralux.com\/fr\/produit\/athena\/","url":"https:\/\/eralux.com\/fr\/produit\/athena\/","name":"ATHENA - Eralux","isPartOf":{"@id":"https:\/\/eralux.com\/fr\/#website"},"primaryImageOfPage":{"@id":"https:\/\/eralux.com\/fr\/produit\/athena\/#primaryimage"},"image":{"@id":"https:\/\/eralux.com\/fr\/produit\/athena\/#primaryimage"},"thumbnailUrl":"https:\/\/eralux.com\/wp-content\/uploads\/2024\/01\/1200W-driver-box-view02-6.png","datePublished":"2024-01-05T15:36:21+00:00","dateModified":"2025-01-29T19:48:50+00:00","description":"L'\u00e9clairage sportif ext\u00e9rieur super modulaire ATHENA est disponible de 200W \u00e0 1200W, avec 2 options CCT et 5 options d'angle de faisceau pour r\u00e9pondre \u00e0 tous les besoins de votre projet. La conception modulaire compacte permet un assemblage et une installation rapides et flexibles. Vous pouvez facilement r\u00e9gler l'angle d'\u00e9clairage pour cr\u00e9er un environnement lumineux diversifi\u00e9. Athena est le dernier n\u00e9 des \u00e9clairages ext\u00e9rieurs haute puissance d'ERALUX. Il peut \u00eatre utilis\u00e9 sur les terrains de sport, dans les stades, sur les places, dans les espaces d'accueil, etc.","breadcrumb":{"@id":"https:\/\/eralux.com\/fr\/produit\/athena\/#breadcrumb"},"inLanguage":"fr-FR","potentialAction":[{"@type":"ReadAction","target":["https:\/\/eralux.com\/fr\/produit\/athena\/"]}]},{"@type":"ImageObject","inLanguage":"fr-FR","@id":"https:\/\/eralux.com\/fr\/produit\/athena\/#primaryimage","url":"https:\/\/eralux.com\/wp-content\/uploads\/2024\/01\/1200W-driver-box-view02-6.png","contentUrl":"https:\/\/eralux.com\/wp-content\/uploads\/2024\/01\/1200W-driver-box-view02-6.png","width":1000,"height":1000},{"@type":"BreadcrumbList","@id":"https:\/\/eralux.com\/fr\/produit\/athena\/#breadcrumb","itemListElement":[{"@type":"ListItem","position":1,"name":"Home","item":"https:\/\/eralux.com\/fr\/"},{"@type":"ListItem","position":2,"name":"Shop","item":"https:\/\/eralux.com\/shop\/"},{"@type":"ListItem","position":3,"name":"ATHENA"}]},{"@type":"WebSite","@id":"https:\/\/eralux.com\/fr\/#website","url":"https:\/\/eralux.com\/fr\/","name":"Eralux","description":"World leader for Energy Saving LED Solutions","publisher":{"@id":"https:\/\/eralux.com\/fr\/#organization"},"alternateName":"Led manufacturer Canada","potentialAction":[{"@type":"SearchAction","target":{"@type":"EntryPoint","urlTemplate":"https:\/\/eralux.com\/fr\/?s={search_term_string}"},"query-input":{"@type":"PropertyValueSpecification","valueRequired":true,"valueName":"search_term_string"}}],"inLanguage":"fr-FR"},{"@type":"Organization","@id":"https:\/\/eralux.com\/fr\/#organization","name":"Eralux","url":"https:\/\/eralux.com\/fr\/","logo":{"@type":"ImageObject","inLanguage":"fr-FR","@id":"https:\/\/eralux.com\/fr\/#\/schema\/logo\/image\/","url":"https:\/\/eralux.com\/wp-content\/uploads\/2024\/01\/eralux-logo-trademark-R.png","contentUrl":"https:\/\/eralux.com\/wp-content\/uploads\/2024\/01\/eralux-logo-trademark-R.png","width":1000,"height":446,"caption":"Eralux"},"image":{"@id":"https:\/\/eralux.com\/fr\/#\/schema\/logo\/image\/"},"sameAs":["https:\/\/www.facebook.com\/aeralux.corp","https:\/\/x.com\/eralux_inc"],"description":"Save on energy with high-performance LED solutions. Choose Eralux for eco-friendly lighting. Explore our range today!"}]},"product_price_amount":"0.00","product_price_currency":"CAD","og_availability":"instock","product_availability":"instock","product_condition":"new"},"_links":{"self":[{"href":"https:\/\/eralux.com\/fr\/wp-json\/wp\/v2\/product\/5470","targetHints":{"allow":["GET"]}}],"collection":[{"href":"https:\/\/eralux.com\/fr\/wp-json\/wp\/v2\/product"}],"about":[{"href":"https:\/\/eralux.com\/fr\/wp-json\/wp\/v2\/types\/product"}],"replies":[{"embeddable":true,"href":"https:\/\/eralux.com\/fr\/wp-json\/wp\/v2\/comments?post=5470"}],"wp:featuredmedia":[{"embeddable":true,"href":"https:\/\/eralux.com\/fr\/wp-json\/wp\/v2\/media\/5540"}],"wp:attachment":[{"href":"https:\/\/eralux.com\/fr\/wp-json\/wp\/v2\/media?parent=5470"}],"wp:term":[{"taxonomy":"product_brand","embeddable":true,"href":"https:\/\/eralux.com\/fr\/wp-json\/wp\/v2\/product_brand?post=5470"},{"taxonomy":"product_cat","embeddable":true,"href":"https:\/\/eralux.com\/fr\/wp-json\/wp\/v2\/product_cat?post=5470"},{"taxonomy":"product_tag","embeddable":true,"href":"https:\/\/eralux.com\/fr\/wp-json\/wp\/v2\/product_tag?post=5470"}],"curies":[{"name":"wp","href":"https:\/\/api.w.org\/{rel}","templated":true}]}}