{"id":5571,"date":"2024-01-05T16:40:41","date_gmt":"2024-01-05T16:40:41","guid":{"rendered":"https:\/\/eralux.com\/?post_type=product&#038;p=5571"},"modified":"2025-01-28T17:52:44","modified_gmt":"2025-01-28T17:52:44","slug":"loki-post-light","status":"publish","type":"product","link":"https:\/\/eralux.com\/fr\/produit\/loki-post-light\/","title":{"rendered":"LOKI POST LIGHT"},"content":{"rendered":"<p>Le LOKI POST LIGHT est id\u00e9al pour la s\u00e9curit\u00e9 et la d\u00e9coration de votre espace, qu&#8217;il s&#8217;agisse d&#8217;un jardin, d&#8217;un parking, d&#8217;une all\u00e9e ou m\u00eame d&#8217;un parc. Le design lisse de la double tige assure non seulement la stabilit\u00e9 mais aussi l&#8217;esth\u00e9tique. Le POST TOP LIGHT est con\u00e7u pour une utilisation ext\u00e9rieure et constitue une solution efficace pour vos projets d&#8217;ext\u00e9rieur. Il fournit un \u00e9clairage direct vers le bas, conform\u00e9ment aux nouvelles normes et r\u00e9glementations industrielles. LOKI a une efficacit\u00e9 de sortie \u00e9lev\u00e9e jusqu&#8217;\u00e0 150lm\/w et un CCT et une puissance s\u00e9lectionnables, ainsi que des caract\u00e9ristiques de maintenance sans outil, permettant une flexibilit\u00e9 de conception extraordinaire pour diff\u00e9rents sc\u00e9narios d&#8217;application. Le Dark LOKI est livr\u00e9 avec un \u00e9cran pr\u00e9install\u00e9.<\/p>\n","protected":false},"excerpt":{"rendered":"<p>Lampadaire ext\u00e9rieur<\/p>\n","protected":false},"featured_media":23021,"comment_status":"open","ping_status":"closed","template":"","meta":{"inline_featured_image":false},"product_brand":[],"product_cat":[1566],"product_tag":[],"class_list":{"0":"post-5571","1":"product","2":"type-product","3":"status-publish","4":"has-post-thumbnail","6":"spec_sheets-pc-fr-2","7":"spec_sheets-tcp-fr","8":"spec_sheets-30k-fr","9":"spec_sheets-ta-fr-2","10":"spec_sheets-sa-fr-3","11":"spec_sheets-gn-fr-2","12":"spec_sheets-sf-fr-2","13":"spec_sheets-smt-fr-2","14":"spec_sheets-ms-fr-3","15":"spec_sheets-010-fr-3","16":"spec_sheets-cct-fr","17":"spec_sheets-controles","18":"spec_sheets-montage","19":"spec_sheets-puissance","20":"spec_sheets-060-fr-2","21":"product_segments-lampadaire-sur-poteau","22":"product_segments-exterieur","23":"product_cat-ae-od-st40-fr","25":"first","26":"instock","27":"shipping-taxable","28":"purchasable","29":"product-type-simple"},"yoast_head":"<!-- This site is optimized with the Yoast SEO Premium plugin v24.2 (Yoast SEO v27.6) - https:\/\/yoast.com\/product\/yoast-seo-premium-wordpress\/ -->\n<title>LOKI POST LIGHT - Eralux<\/title>\n<meta name=\"description\" content=\"Le LOKI POST LIGHT est id\u00e9al pour la s\u00e9curit\u00e9 et la d\u00e9coration de votre espace, qu&#039;il s&#039;agisse d&#039;un jardin, d&#039;un parking, d&#039;une all\u00e9e ou m\u00eame d&#039;un parc. Le design lisse de la double tige assure non seulement la stabilit\u00e9 mais aussi l&#039;esth\u00e9tique. Le POST TOP LIGHT est con\u00e7u pour une utilisation ext\u00e9rieure et constitue une solution efficace pour vos projets d&#039;ext\u00e9rieur. Il fournit un \u00e9clairage direct vers le bas, conform\u00e9ment aux nouvelles normes et r\u00e9glementations industrielles. LOKI a une efficacit\u00e9 de sortie \u00e9lev\u00e9e jusqu&#039;\u00e0 150lm\/w et un CCT et une puissance s\u00e9lectionnables, ainsi que des caract\u00e9ristiques de maintenance sans outil, permettant une flexibilit\u00e9 de conception extraordinaire pour diff\u00e9rents sc\u00e9narios d&#039;application. Le Dark LOKI est livr\u00e9 avec un \u00e9cran pr\u00e9install\u00e9.\" \/>\n<meta name=\"robots\" content=\"index, follow, max-snippet:-1, max-image-preview:large, max-video-preview:-1\" \/>\n<link rel=\"canonical\" href=\"https:\/\/eralux.com\/fr\/produit\/loki-post-light\/\" \/>\n<meta property=\"og:locale\" content=\"fr_FR\" \/>\n<meta property=\"og:type\" content=\"article\" \/>\n<meta property=\"og:title\" content=\"LOKI POST LIGHT\" \/>\n<meta property=\"og:description\" content=\"Le LOKI POST LIGHT est id\u00e9al pour la s\u00e9curit\u00e9 et la d\u00e9coration de votre espace, qu&#039;il s&#039;agisse d&#039;un jardin, d&#039;un parking, d&#039;une all\u00e9e ou m\u00eame d&#039;un parc. Le design lisse de la double tige assure non seulement la stabilit\u00e9 mais aussi l&#039;esth\u00e9tique. Le POST TOP LIGHT est con\u00e7u pour une utilisation ext\u00e9rieure et constitue une solution efficace pour vos projets d&#039;ext\u00e9rieur. Il fournit un \u00e9clairage direct vers le bas, conform\u00e9ment aux nouvelles normes et r\u00e9glementations industrielles. LOKI a une efficacit\u00e9 de sortie \u00e9lev\u00e9e jusqu&#039;\u00e0 150lm\/w et un CCT et une puissance s\u00e9lectionnables, ainsi que des caract\u00e9ristiques de maintenance sans outil, permettant une flexibilit\u00e9 de conception extraordinaire pour diff\u00e9rents sc\u00e9narios d&#039;application. Le Dark LOKI est livr\u00e9 avec un \u00e9cran pr\u00e9install\u00e9.\" \/>\n<meta property=\"og:url\" content=\"https:\/\/eralux.com\/fr\/produit\/loki-post-light\/\" \/>\n<meta property=\"og:site_name\" content=\"Eralux\" \/>\n<meta property=\"article:publisher\" content=\"https:\/\/www.facebook.com\/aeralux.corp\" \/>\n<meta property=\"article:modified_time\" content=\"2025-01-28T17:52:44+00:00\" \/>\n<meta property=\"og:image\" content=\"https:\/\/eralux.com\/wp-content\/uploads\/2024\/07\/Loki.png\" \/>\n\t<meta property=\"og:image:width\" content=\"1000\" \/>\n\t<meta property=\"og:image:height\" content=\"1000\" \/>\n\t<meta property=\"og:image:type\" content=\"image\/png\" \/>\n<meta name=\"twitter:card\" content=\"summary_large_image\" \/>\n<meta name=\"twitter:site\" content=\"@eralux_inc\" \/>\n<meta name=\"twitter:label1\" content=\"Prix\" \/>\n\t<meta name=\"twitter:data1\" content=\"&#036;0.00\" \/>\n\t<meta name=\"twitter:label2\" content=\"Disponibilit\u00e9\" \/>\n\t<meta name=\"twitter:data2\" content=\"En stock\" \/>\n<script type=\"application\/ld+json\" class=\"yoast-schema-graph\">{\"@context\":\"https:\\\/\\\/schema.org\",\"@graph\":[{\"@type\":\"WebPage\",\"@id\":\"https:\\\/\\\/eralux.com\\\/fr\\\/produit\\\/loki-post-light\\\/\",\"url\":\"https:\\\/\\\/eralux.com\\\/fr\\\/produit\\\/loki-post-light\\\/\",\"name\":\"LOKI POST LIGHT - Eralux\",\"isPartOf\":{\"@id\":\"https:\\\/\\\/eralux.com\\\/fr\\\/#website\"},\"primaryImageOfPage\":{\"@id\":\"https:\\\/\\\/eralux.com\\\/fr\\\/produit\\\/loki-post-light\\\/#primaryimage\"},\"image\":{\"@id\":\"https:\\\/\\\/eralux.com\\\/fr\\\/produit\\\/loki-post-light\\\/#primaryimage\"},\"thumbnailUrl\":\"https:\\\/\\\/eralux.com\\\/wp-content\\\/uploads\\\/2024\\\/07\\\/Loki.png\",\"datePublished\":\"2024-01-05T16:40:41+00:00\",\"dateModified\":\"2025-01-28T17:52:44+00:00\",\"description\":\"Le LOKI POST LIGHT est id\u00e9al pour la s\u00e9curit\u00e9 et la d\u00e9coration de votre espace, qu'il s'agisse d'un jardin, d'un parking, d'une all\u00e9e ou m\u00eame d'un parc. Le design lisse de la double tige assure non seulement la stabilit\u00e9 mais aussi l'esth\u00e9tique. Le POST TOP LIGHT est con\u00e7u pour une utilisation ext\u00e9rieure et constitue une solution efficace pour vos projets d'ext\u00e9rieur. Il fournit un \u00e9clairage direct vers le bas, conform\u00e9ment aux nouvelles normes et r\u00e9glementations industrielles. LOKI a une efficacit\u00e9 de sortie \u00e9lev\u00e9e jusqu'\u00e0 150lm\\\/w et un CCT et une puissance s\u00e9lectionnables, ainsi que des caract\u00e9ristiques de maintenance sans outil, permettant une flexibilit\u00e9 de conception extraordinaire pour diff\u00e9rents sc\u00e9narios d'application. Le Dark LOKI est livr\u00e9 avec un \u00e9cran pr\u00e9install\u00e9.\",\"breadcrumb\":{\"@id\":\"https:\\\/\\\/eralux.com\\\/fr\\\/produit\\\/loki-post-light\\\/#breadcrumb\"},\"inLanguage\":\"fr-FR\",\"potentialAction\":[{\"@type\":\"ReadAction\",\"target\":[\"https:\\\/\\\/eralux.com\\\/fr\\\/produit\\\/loki-post-light\\\/\"]}]},{\"@type\":\"ImageObject\",\"inLanguage\":\"fr-FR\",\"@id\":\"https:\\\/\\\/eralux.com\\\/fr\\\/produit\\\/loki-post-light\\\/#primaryimage\",\"url\":\"https:\\\/\\\/eralux.com\\\/wp-content\\\/uploads\\\/2024\\\/07\\\/Loki.png\",\"contentUrl\":\"https:\\\/\\\/eralux.com\\\/wp-content\\\/uploads\\\/2024\\\/07\\\/Loki.png\",\"width\":1000,\"height\":1000},{\"@type\":\"BreadcrumbList\",\"@id\":\"https:\\\/\\\/eralux.com\\\/fr\\\/produit\\\/loki-post-light\\\/#breadcrumb\",\"itemListElement\":[{\"@type\":\"ListItem\",\"position\":1,\"name\":\"Home\",\"item\":\"https:\\\/\\\/eralux.com\\\/fr\\\/\"},{\"@type\":\"ListItem\",\"position\":2,\"name\":\"Shop\",\"item\":\"https:\\\/\\\/eralux.com\\\/shop\\\/\"},{\"@type\":\"ListItem\",\"position\":3,\"name\":\"LOKI POST LIGHT\"}]},{\"@type\":\"WebSite\",\"@id\":\"https:\\\/\\\/eralux.com\\\/fr\\\/#website\",\"url\":\"https:\\\/\\\/eralux.com\\\/fr\\\/\",\"name\":\"Eralux\",\"description\":\"World leader for Energy Saving LED Solutions\",\"publisher\":{\"@id\":\"https:\\\/\\\/eralux.com\\\/fr\\\/#organization\"},\"alternateName\":\"Led manufacturer Canada\",\"potentialAction\":[{\"@type\":\"SearchAction\",\"target\":{\"@type\":\"EntryPoint\",\"urlTemplate\":\"https:\\\/\\\/eralux.com\\\/fr\\\/?s={search_term_string}\"},\"query-input\":{\"@type\":\"PropertyValueSpecification\",\"valueRequired\":true,\"valueName\":\"search_term_string\"}}],\"inLanguage\":\"fr-FR\"},{\"@type\":\"Organization\",\"@id\":\"https:\\\/\\\/eralux.com\\\/fr\\\/#organization\",\"name\":\"Eralux\",\"url\":\"https:\\\/\\\/eralux.com\\\/fr\\\/\",\"logo\":{\"@type\":\"ImageObject\",\"inLanguage\":\"fr-FR\",\"@id\":\"https:\\\/\\\/eralux.com\\\/fr\\\/#\\\/schema\\\/logo\\\/image\\\/\",\"url\":\"https:\\\/\\\/eralux.com\\\/wp-content\\\/uploads\\\/2024\\\/01\\\/eralux-logo-trademark-R.png\",\"contentUrl\":\"https:\\\/\\\/eralux.com\\\/wp-content\\\/uploads\\\/2024\\\/01\\\/eralux-logo-trademark-R.png\",\"width\":1000,\"height\":446,\"caption\":\"Eralux\"},\"image\":{\"@id\":\"https:\\\/\\\/eralux.com\\\/fr\\\/#\\\/schema\\\/logo\\\/image\\\/\"},\"sameAs\":[\"https:\\\/\\\/www.facebook.com\\\/aeralux.corp\",\"https:\\\/\\\/x.com\\\/eralux_inc\"],\"description\":\"Save on energy with high-performance LED solutions. Choose Eralux for eco-friendly lighting. Explore our range today!\"}]}<\/script>\n<meta property=\"product:price:amount\" content=\"0.00\" \/>\n<meta property=\"product:price:currency\" content=\"CAD\" \/>\n<meta property=\"og:availability\" content=\"instock\" \/>\n<meta property=\"product:availability\" content=\"instock\" \/>\n<meta property=\"product:condition\" content=\"new\" \/>\n<!-- \/ Yoast SEO Premium plugin. -->","yoast_head_json":{"title":"LOKI POST LIGHT - Eralux","description":"Le LOKI POST LIGHT est id\u00e9al pour la s\u00e9curit\u00e9 et la d\u00e9coration de votre espace, qu'il s'agisse d'un jardin, d'un parking, d'une all\u00e9e ou m\u00eame d'un parc. Le design lisse de la double tige assure non seulement la stabilit\u00e9 mais aussi l'esth\u00e9tique. Le POST TOP LIGHT est con\u00e7u pour une utilisation ext\u00e9rieure et constitue une solution efficace pour vos projets d'ext\u00e9rieur. Il fournit un \u00e9clairage direct vers le bas, conform\u00e9ment aux nouvelles normes et r\u00e9glementations industrielles. LOKI a une efficacit\u00e9 de sortie \u00e9lev\u00e9e jusqu'\u00e0 150lm\/w et un CCT et une puissance s\u00e9lectionnables, ainsi que des caract\u00e9ristiques de maintenance sans outil, permettant une flexibilit\u00e9 de conception extraordinaire pour diff\u00e9rents sc\u00e9narios d'application. Le Dark LOKI est livr\u00e9 avec un \u00e9cran pr\u00e9install\u00e9.","robots":{"index":"index","follow":"follow","max-snippet":"max-snippet:-1","max-image-preview":"max-image-preview:large","max-video-preview":"max-video-preview:-1"},"canonical":"https:\/\/eralux.com\/fr\/produit\/loki-post-light\/","og_locale":"fr_FR","og_type":"article","og_title":"LOKI POST LIGHT","og_description":"Le LOKI POST LIGHT est id\u00e9al pour la s\u00e9curit\u00e9 et la d\u00e9coration de votre espace, qu'il s'agisse d'un jardin, d'un parking, d'une all\u00e9e ou m\u00eame d'un parc. Le design lisse de la double tige assure non seulement la stabilit\u00e9 mais aussi l'esth\u00e9tique. Le POST TOP LIGHT est con\u00e7u pour une utilisation ext\u00e9rieure et constitue une solution efficace pour vos projets d'ext\u00e9rieur. Il fournit un \u00e9clairage direct vers le bas, conform\u00e9ment aux nouvelles normes et r\u00e9glementations industrielles. LOKI a une efficacit\u00e9 de sortie \u00e9lev\u00e9e jusqu'\u00e0 150lm\/w et un CCT et une puissance s\u00e9lectionnables, ainsi que des caract\u00e9ristiques de maintenance sans outil, permettant une flexibilit\u00e9 de conception extraordinaire pour diff\u00e9rents sc\u00e9narios d'application. Le Dark LOKI est livr\u00e9 avec un \u00e9cran pr\u00e9install\u00e9.","og_url":"https:\/\/eralux.com\/fr\/produit\/loki-post-light\/","og_site_name":"Eralux","article_publisher":"https:\/\/www.facebook.com\/aeralux.corp","article_modified_time":"2025-01-28T17:52:44+00:00","og_image":[{"width":1000,"height":1000,"url":"https:\/\/eralux.com\/wp-content\/uploads\/2024\/07\/Loki.png","type":"image\/png"}],"twitter_card":"summary_large_image","twitter_site":"@eralux_inc","twitter_misc":{"Prix":"&#36;0.00","Disponibilit\u00e9":"En stock"},"schema":{"@context":"https:\/\/schema.org","@graph":[{"@type":"WebPage","@id":"https:\/\/eralux.com\/fr\/produit\/loki-post-light\/","url":"https:\/\/eralux.com\/fr\/produit\/loki-post-light\/","name":"LOKI POST LIGHT - Eralux","isPartOf":{"@id":"https:\/\/eralux.com\/fr\/#website"},"primaryImageOfPage":{"@id":"https:\/\/eralux.com\/fr\/produit\/loki-post-light\/#primaryimage"},"image":{"@id":"https:\/\/eralux.com\/fr\/produit\/loki-post-light\/#primaryimage"},"thumbnailUrl":"https:\/\/eralux.com\/wp-content\/uploads\/2024\/07\/Loki.png","datePublished":"2024-01-05T16:40:41+00:00","dateModified":"2025-01-28T17:52:44+00:00","description":"Le LOKI POST LIGHT est id\u00e9al pour la s\u00e9curit\u00e9 et la d\u00e9coration de votre espace, qu'il s'agisse d'un jardin, d'un parking, d'une all\u00e9e ou m\u00eame d'un parc. Le design lisse de la double tige assure non seulement la stabilit\u00e9 mais aussi l'esth\u00e9tique. Le POST TOP LIGHT est con\u00e7u pour une utilisation ext\u00e9rieure et constitue une solution efficace pour vos projets d'ext\u00e9rieur. Il fournit un \u00e9clairage direct vers le bas, conform\u00e9ment aux nouvelles normes et r\u00e9glementations industrielles. LOKI a une efficacit\u00e9 de sortie \u00e9lev\u00e9e jusqu'\u00e0 150lm\/w et un CCT et une puissance s\u00e9lectionnables, ainsi que des caract\u00e9ristiques de maintenance sans outil, permettant une flexibilit\u00e9 de conception extraordinaire pour diff\u00e9rents sc\u00e9narios d'application. Le Dark LOKI est livr\u00e9 avec un \u00e9cran pr\u00e9install\u00e9.","breadcrumb":{"@id":"https:\/\/eralux.com\/fr\/produit\/loki-post-light\/#breadcrumb"},"inLanguage":"fr-FR","potentialAction":[{"@type":"ReadAction","target":["https:\/\/eralux.com\/fr\/produit\/loki-post-light\/"]}]},{"@type":"ImageObject","inLanguage":"fr-FR","@id":"https:\/\/eralux.com\/fr\/produit\/loki-post-light\/#primaryimage","url":"https:\/\/eralux.com\/wp-content\/uploads\/2024\/07\/Loki.png","contentUrl":"https:\/\/eralux.com\/wp-content\/uploads\/2024\/07\/Loki.png","width":1000,"height":1000},{"@type":"BreadcrumbList","@id":"https:\/\/eralux.com\/fr\/produit\/loki-post-light\/#breadcrumb","itemListElement":[{"@type":"ListItem","position":1,"name":"Home","item":"https:\/\/eralux.com\/fr\/"},{"@type":"ListItem","position":2,"name":"Shop","item":"https:\/\/eralux.com\/shop\/"},{"@type":"ListItem","position":3,"name":"LOKI POST LIGHT"}]},{"@type":"WebSite","@id":"https:\/\/eralux.com\/fr\/#website","url":"https:\/\/eralux.com\/fr\/","name":"Eralux","description":"World leader for Energy Saving LED Solutions","publisher":{"@id":"https:\/\/eralux.com\/fr\/#organization"},"alternateName":"Led manufacturer Canada","potentialAction":[{"@type":"SearchAction","target":{"@type":"EntryPoint","urlTemplate":"https:\/\/eralux.com\/fr\/?s={search_term_string}"},"query-input":{"@type":"PropertyValueSpecification","valueRequired":true,"valueName":"search_term_string"}}],"inLanguage":"fr-FR"},{"@type":"Organization","@id":"https:\/\/eralux.com\/fr\/#organization","name":"Eralux","url":"https:\/\/eralux.com\/fr\/","logo":{"@type":"ImageObject","inLanguage":"fr-FR","@id":"https:\/\/eralux.com\/fr\/#\/schema\/logo\/image\/","url":"https:\/\/eralux.com\/wp-content\/uploads\/2024\/01\/eralux-logo-trademark-R.png","contentUrl":"https:\/\/eralux.com\/wp-content\/uploads\/2024\/01\/eralux-logo-trademark-R.png","width":1000,"height":446,"caption":"Eralux"},"image":{"@id":"https:\/\/eralux.com\/fr\/#\/schema\/logo\/image\/"},"sameAs":["https:\/\/www.facebook.com\/aeralux.corp","https:\/\/x.com\/eralux_inc"],"description":"Save on energy with high-performance LED solutions. Choose Eralux for eco-friendly lighting. Explore our range today!"}]},"product_price_amount":"0.00","product_price_currency":"CAD","og_availability":"instock","product_availability":"instock","product_condition":"new"},"_links":{"self":[{"href":"https:\/\/eralux.com\/fr\/wp-json\/wp\/v2\/product\/5571","targetHints":{"allow":["GET"]}}],"collection":[{"href":"https:\/\/eralux.com\/fr\/wp-json\/wp\/v2\/product"}],"about":[{"href":"https:\/\/eralux.com\/fr\/wp-json\/wp\/v2\/types\/product"}],"replies":[{"embeddable":true,"href":"https:\/\/eralux.com\/fr\/wp-json\/wp\/v2\/comments?post=5571"}],"wp:featuredmedia":[{"embeddable":true,"href":"https:\/\/eralux.com\/fr\/wp-json\/wp\/v2\/media\/23021"}],"wp:attachment":[{"href":"https:\/\/eralux.com\/fr\/wp-json\/wp\/v2\/media?parent=5571"}],"wp:term":[{"taxonomy":"product_brand","embeddable":true,"href":"https:\/\/eralux.com\/fr\/wp-json\/wp\/v2\/product_brand?post=5571"},{"taxonomy":"product_cat","embeddable":true,"href":"https:\/\/eralux.com\/fr\/wp-json\/wp\/v2\/product_cat?post=5571"},{"taxonomy":"product_tag","embeddable":true,"href":"https:\/\/eralux.com\/fr\/wp-json\/wp\/v2\/product_tag?post=5571"}],"curies":[{"name":"wp","href":"https:\/\/api.w.org\/{rel}","templated":true}]}}