{"id":5574,"date":"2024-01-05T16:53:09","date_gmt":"2024-01-05T16:53:09","guid":{"rendered":"https:\/\/eralux.com\/?post_type=product&#038;p=5574"},"modified":"2025-12-04T17:49:10","modified_gmt":"2025-12-04T17:49:10","slug":"g5-t-grid","status":"publish","type":"product","link":"https:\/\/eralux.com\/fr\/produit\/g5-t-grid\/","title":{"rendered":"G5 T-GRID"},"content":{"rendered":"<p>Le G5 T-Grid est un luminaire architectural lin\u00e9aire \u00e0 LED, con\u00e7u pour fournir un \u00e9clairage direct pour une ambiance homog\u00e8ne. Nos luminaires lin\u00e9aires supportent des parcours continus, cr\u00e9ant un design d&#8217;\u00e9clairage unifi\u00e9 qui am\u00e9liore l&#8217;esth\u00e9tique de n&#8217;importe quel environnement. Il est disponible en 5 longueurs : 2, 4, 5, 6 et 8 pieds. Ils sont \u00e9galement dot\u00e9s d&#8217;un CCT et d&#8217;une alimentation commutable.<\/p>\n<p>&nbsp;<\/p>\n","protected":false},"excerpt":{"rendered":"<p>Lin\u00e9aire architectural pour grille en T<\/p>\n","protected":false},"featured_media":5616,"comment_status":"open","ping_status":"closed","template":"","meta":{"inline_featured_image":false},"product_brand":[],"product_cat":[282],"product_tag":[],"class_list":{"0":"post-5574","1":"product","2":"type-product","3":"status-publish","4":"has-post-thumbnail","6":"spec_sheets-b-type","7":"spec_sheets-a-type","8":"spec_sheets-c-fr-2","9":"spec_sheets-ca-fr-4","10":"spec_sheets-type-fr","11":"spec_sheets-2-fr","12":"spec_sheets-4-fr","13":"spec_sheets-wh-gb-fr","14":"spec_sheets-5-fr","15":"spec_sheets-bk-gb-fr","16":"spec_sheets-6-fr","17":"spec_sheets-8-fr","18":"spec_sheets-r-fr","19":"spec_sheets-010-fr","20":"spec_sheets-option-fr","21":"spec_sheets-cct-fr","22":"spec_sheets-controles","23":"spec_sheets-finition","24":"spec_sheets-longueur","25":"spec_sheets-montage","26":"spec_sheets-puissance","27":"spec_sheets-30-35-40-fr","28":"spec_sheets-tension","29":"spec_sheets-30-40-50-fr","30":"spec_sheets-20-fr","31":"spec_sheets-40-fr-3","32":"spec_sheets-40-fr-4","33":"spec_sheets-50-fr-2","34":"spec_sheets-80-fr","35":"product_applications-bureau-commercial","36":"product_segments-lineaire-architectural","37":"product_segments-produits-lineaires","38":"product_cat-ae-sf-g5-fr","40":"first","41":"instock","42":"shipping-taxable","43":"purchasable","44":"product-type-simple"},"yoast_head":"<!-- This site is optimized with the Yoast SEO Premium plugin v24.2 (Yoast SEO v27.5) - https:\/\/yoast.com\/product\/yoast-seo-premium-wordpress\/ -->\n<title>G5 T-GRID - Eralux<\/title>\n<meta name=\"description\" content=\"La s\u00e9rie G5 T-Grid offre une flexibilit\u00e9 in\u00e9gal\u00e9e pour les bureaux commerciaux. Avec un simple interrupteur, le luminaire peut changer de CCT et de lumens. Il est possible de r\u00e9aliser de longues rang\u00e9es sans interruption en utilisant des longueurs personnalis\u00e9es pour le d\u00e9part, le milieu et l&#039;arriv\u00e9e. Ces luminaires sont parfaits pour les nouveaux b\u00e2timents, les r\u00e9novations et les projets de modernisation. Cette s\u00e9rie a \u00e9t\u00e9 redessin\u00e9e pour \u00eatre facilement mont\u00e9e sur la plupart des plafonds T-Grids.\" \/>\n<meta name=\"robots\" content=\"index, follow, max-snippet:-1, max-image-preview:large, max-video-preview:-1\" \/>\n<link rel=\"canonical\" href=\"https:\/\/eralux.com\/fr\/produit\/g5-t-grid\/\" \/>\n<meta property=\"og:locale\" content=\"fr_FR\" \/>\n<meta property=\"og:type\" content=\"article\" \/>\n<meta property=\"og:title\" content=\"G5 T-GRID\" \/>\n<meta property=\"og:description\" content=\"La s\u00e9rie G5 T-Grid offre une flexibilit\u00e9 in\u00e9gal\u00e9e pour les bureaux commerciaux. Avec un simple interrupteur, le luminaire peut changer de CCT et de lumens. Il est possible de r\u00e9aliser de longues rang\u00e9es sans interruption en utilisant des longueurs personnalis\u00e9es pour le d\u00e9part, le milieu et l&#039;arriv\u00e9e. Ces luminaires sont parfaits pour les nouveaux b\u00e2timents, les r\u00e9novations et les projets de modernisation. Cette s\u00e9rie a \u00e9t\u00e9 redessin\u00e9e pour \u00eatre facilement mont\u00e9e sur la plupart des plafonds T-Grids.\" \/>\n<meta property=\"og:url\" content=\"https:\/\/eralux.com\/fr\/produit\/g5-t-grid\/\" \/>\n<meta property=\"og:site_name\" content=\"Eralux\" \/>\n<meta property=\"article:publisher\" content=\"https:\/\/www.facebook.com\/aeralux.corp\" \/>\n<meta property=\"article:modified_time\" content=\"2025-12-04T17:49:10+00:00\" \/>\n<meta property=\"og:image\" content=\"https:\/\/eralux.com\/wp-content\/uploads\/2024\/01\/Angled-View-3.png\" \/>\n\t<meta property=\"og:image:width\" content=\"1000\" \/>\n\t<meta property=\"og:image:height\" content=\"1000\" \/>\n\t<meta property=\"og:image:type\" content=\"image\/png\" \/>\n<meta name=\"twitter:card\" content=\"summary_large_image\" \/>\n<meta name=\"twitter:site\" content=\"@eralux_inc\" \/>\n<meta name=\"twitter:label1\" content=\"Prix\" \/>\n\t<meta name=\"twitter:data1\" content=\"&#036;0.00\" \/>\n\t<meta name=\"twitter:label2\" content=\"Disponibilit\u00e9\" \/>\n\t<meta name=\"twitter:data2\" content=\"En stock\" \/>\n<script type=\"application\/ld+json\" class=\"yoast-schema-graph\">{\"@context\":\"https:\\\/\\\/schema.org\",\"@graph\":[{\"@type\":\"WebPage\",\"@id\":\"https:\\\/\\\/eralux.com\\\/fr\\\/produit\\\/g5-t-grid\\\/\",\"url\":\"https:\\\/\\\/eralux.com\\\/fr\\\/produit\\\/g5-t-grid\\\/\",\"name\":\"G5 T-GRID - Eralux\",\"isPartOf\":{\"@id\":\"https:\\\/\\\/eralux.com\\\/fr\\\/#website\"},\"primaryImageOfPage\":{\"@id\":\"https:\\\/\\\/eralux.com\\\/fr\\\/produit\\\/g5-t-grid\\\/#primaryimage\"},\"image\":{\"@id\":\"https:\\\/\\\/eralux.com\\\/fr\\\/produit\\\/g5-t-grid\\\/#primaryimage\"},\"thumbnailUrl\":\"https:\\\/\\\/eralux.com\\\/wp-content\\\/uploads\\\/2024\\\/01\\\/Angled-View-3.png\",\"datePublished\":\"2024-01-05T16:53:09+00:00\",\"dateModified\":\"2025-12-04T17:49:10+00:00\",\"description\":\"La s\u00e9rie G5 T-Grid offre une flexibilit\u00e9 in\u00e9gal\u00e9e pour les bureaux commerciaux. Avec un simple interrupteur, le luminaire peut changer de CCT et de lumens. Il est possible de r\u00e9aliser de longues rang\u00e9es sans interruption en utilisant des longueurs personnalis\u00e9es pour le d\u00e9part, le milieu et l'arriv\u00e9e. Ces luminaires sont parfaits pour les nouveaux b\u00e2timents, les r\u00e9novations et les projets de modernisation. Cette s\u00e9rie a \u00e9t\u00e9 redessin\u00e9e pour \u00eatre facilement mont\u00e9e sur la plupart des plafonds T-Grids.\",\"breadcrumb\":{\"@id\":\"https:\\\/\\\/eralux.com\\\/fr\\\/produit\\\/g5-t-grid\\\/#breadcrumb\"},\"inLanguage\":\"fr-FR\",\"potentialAction\":[{\"@type\":\"ReadAction\",\"target\":[\"https:\\\/\\\/eralux.com\\\/fr\\\/produit\\\/g5-t-grid\\\/\"]}]},{\"@type\":\"ImageObject\",\"inLanguage\":\"fr-FR\",\"@id\":\"https:\\\/\\\/eralux.com\\\/fr\\\/produit\\\/g5-t-grid\\\/#primaryimage\",\"url\":\"https:\\\/\\\/eralux.com\\\/wp-content\\\/uploads\\\/2024\\\/01\\\/Angled-View-3.png\",\"contentUrl\":\"https:\\\/\\\/eralux.com\\\/wp-content\\\/uploads\\\/2024\\\/01\\\/Angled-View-3.png\",\"width\":1000,\"height\":1000},{\"@type\":\"BreadcrumbList\",\"@id\":\"https:\\\/\\\/eralux.com\\\/fr\\\/produit\\\/g5-t-grid\\\/#breadcrumb\",\"itemListElement\":[{\"@type\":\"ListItem\",\"position\":1,\"name\":\"Home\",\"item\":\"https:\\\/\\\/eralux.com\\\/fr\\\/\"},{\"@type\":\"ListItem\",\"position\":2,\"name\":\"Shop\",\"item\":\"https:\\\/\\\/eralux.com\\\/shop\\\/\"},{\"@type\":\"ListItem\",\"position\":3,\"name\":\"G5 T-GRID\"}]},{\"@type\":\"WebSite\",\"@id\":\"https:\\\/\\\/eralux.com\\\/fr\\\/#website\",\"url\":\"https:\\\/\\\/eralux.com\\\/fr\\\/\",\"name\":\"Eralux\",\"description\":\"World leader for Energy Saving LED Solutions\",\"publisher\":{\"@id\":\"https:\\\/\\\/eralux.com\\\/fr\\\/#organization\"},\"alternateName\":\"Led manufacturer Canada\",\"potentialAction\":[{\"@type\":\"SearchAction\",\"target\":{\"@type\":\"EntryPoint\",\"urlTemplate\":\"https:\\\/\\\/eralux.com\\\/fr\\\/?s={search_term_string}\"},\"query-input\":{\"@type\":\"PropertyValueSpecification\",\"valueRequired\":true,\"valueName\":\"search_term_string\"}}],\"inLanguage\":\"fr-FR\"},{\"@type\":\"Organization\",\"@id\":\"https:\\\/\\\/eralux.com\\\/fr\\\/#organization\",\"name\":\"Eralux\",\"url\":\"https:\\\/\\\/eralux.com\\\/fr\\\/\",\"logo\":{\"@type\":\"ImageObject\",\"inLanguage\":\"fr-FR\",\"@id\":\"https:\\\/\\\/eralux.com\\\/fr\\\/#\\\/schema\\\/logo\\\/image\\\/\",\"url\":\"https:\\\/\\\/eralux.com\\\/wp-content\\\/uploads\\\/2024\\\/01\\\/eralux-logo-trademark-R.png\",\"contentUrl\":\"https:\\\/\\\/eralux.com\\\/wp-content\\\/uploads\\\/2024\\\/01\\\/eralux-logo-trademark-R.png\",\"width\":1000,\"height\":446,\"caption\":\"Eralux\"},\"image\":{\"@id\":\"https:\\\/\\\/eralux.com\\\/fr\\\/#\\\/schema\\\/logo\\\/image\\\/\"},\"sameAs\":[\"https:\\\/\\\/www.facebook.com\\\/aeralux.corp\",\"https:\\\/\\\/x.com\\\/eralux_inc\"],\"description\":\"Save on energy with high-performance LED solutions. Choose Eralux for eco-friendly lighting. Explore our range today!\"}]}<\/script>\n<meta property=\"product:price:amount\" content=\"0.00\" \/>\n<meta property=\"product:price:currency\" content=\"CAD\" \/>\n<meta property=\"og:availability\" content=\"instock\" \/>\n<meta property=\"product:availability\" content=\"instock\" \/>\n<meta property=\"product:condition\" content=\"new\" \/>\n<!-- \/ Yoast SEO Premium plugin. -->","yoast_head_json":{"title":"G5 T-GRID - Eralux","description":"La s\u00e9rie G5 T-Grid offre une flexibilit\u00e9 in\u00e9gal\u00e9e pour les bureaux commerciaux. Avec un simple interrupteur, le luminaire peut changer de CCT et de lumens. Il est possible de r\u00e9aliser de longues rang\u00e9es sans interruption en utilisant des longueurs personnalis\u00e9es pour le d\u00e9part, le milieu et l'arriv\u00e9e. Ces luminaires sont parfaits pour les nouveaux b\u00e2timents, les r\u00e9novations et les projets de modernisation. Cette s\u00e9rie a \u00e9t\u00e9 redessin\u00e9e pour \u00eatre facilement mont\u00e9e sur la plupart des plafonds T-Grids.","robots":{"index":"index","follow":"follow","max-snippet":"max-snippet:-1","max-image-preview":"max-image-preview:large","max-video-preview":"max-video-preview:-1"},"canonical":"https:\/\/eralux.com\/fr\/produit\/g5-t-grid\/","og_locale":"fr_FR","og_type":"article","og_title":"G5 T-GRID","og_description":"La s\u00e9rie G5 T-Grid offre une flexibilit\u00e9 in\u00e9gal\u00e9e pour les bureaux commerciaux. Avec un simple interrupteur, le luminaire peut changer de CCT et de lumens. Il est possible de r\u00e9aliser de longues rang\u00e9es sans interruption en utilisant des longueurs personnalis\u00e9es pour le d\u00e9part, le milieu et l'arriv\u00e9e. Ces luminaires sont parfaits pour les nouveaux b\u00e2timents, les r\u00e9novations et les projets de modernisation. Cette s\u00e9rie a \u00e9t\u00e9 redessin\u00e9e pour \u00eatre facilement mont\u00e9e sur la plupart des plafonds T-Grids.","og_url":"https:\/\/eralux.com\/fr\/produit\/g5-t-grid\/","og_site_name":"Eralux","article_publisher":"https:\/\/www.facebook.com\/aeralux.corp","article_modified_time":"2025-12-04T17:49:10+00:00","og_image":[{"width":1000,"height":1000,"url":"https:\/\/eralux.com\/wp-content\/uploads\/2024\/01\/Angled-View-3.png","type":"image\/png"}],"twitter_card":"summary_large_image","twitter_site":"@eralux_inc","twitter_misc":{"Prix":"&#36;0.00","Disponibilit\u00e9":"En stock"},"schema":{"@context":"https:\/\/schema.org","@graph":[{"@type":"WebPage","@id":"https:\/\/eralux.com\/fr\/produit\/g5-t-grid\/","url":"https:\/\/eralux.com\/fr\/produit\/g5-t-grid\/","name":"G5 T-GRID - Eralux","isPartOf":{"@id":"https:\/\/eralux.com\/fr\/#website"},"primaryImageOfPage":{"@id":"https:\/\/eralux.com\/fr\/produit\/g5-t-grid\/#primaryimage"},"image":{"@id":"https:\/\/eralux.com\/fr\/produit\/g5-t-grid\/#primaryimage"},"thumbnailUrl":"https:\/\/eralux.com\/wp-content\/uploads\/2024\/01\/Angled-View-3.png","datePublished":"2024-01-05T16:53:09+00:00","dateModified":"2025-12-04T17:49:10+00:00","description":"La s\u00e9rie G5 T-Grid offre une flexibilit\u00e9 in\u00e9gal\u00e9e pour les bureaux commerciaux. Avec un simple interrupteur, le luminaire peut changer de CCT et de lumens. Il est possible de r\u00e9aliser de longues rang\u00e9es sans interruption en utilisant des longueurs personnalis\u00e9es pour le d\u00e9part, le milieu et l'arriv\u00e9e. Ces luminaires sont parfaits pour les nouveaux b\u00e2timents, les r\u00e9novations et les projets de modernisation. Cette s\u00e9rie a \u00e9t\u00e9 redessin\u00e9e pour \u00eatre facilement mont\u00e9e sur la plupart des plafonds T-Grids.","breadcrumb":{"@id":"https:\/\/eralux.com\/fr\/produit\/g5-t-grid\/#breadcrumb"},"inLanguage":"fr-FR","potentialAction":[{"@type":"ReadAction","target":["https:\/\/eralux.com\/fr\/produit\/g5-t-grid\/"]}]},{"@type":"ImageObject","inLanguage":"fr-FR","@id":"https:\/\/eralux.com\/fr\/produit\/g5-t-grid\/#primaryimage","url":"https:\/\/eralux.com\/wp-content\/uploads\/2024\/01\/Angled-View-3.png","contentUrl":"https:\/\/eralux.com\/wp-content\/uploads\/2024\/01\/Angled-View-3.png","width":1000,"height":1000},{"@type":"BreadcrumbList","@id":"https:\/\/eralux.com\/fr\/produit\/g5-t-grid\/#breadcrumb","itemListElement":[{"@type":"ListItem","position":1,"name":"Home","item":"https:\/\/eralux.com\/fr\/"},{"@type":"ListItem","position":2,"name":"Shop","item":"https:\/\/eralux.com\/shop\/"},{"@type":"ListItem","position":3,"name":"G5 T-GRID"}]},{"@type":"WebSite","@id":"https:\/\/eralux.com\/fr\/#website","url":"https:\/\/eralux.com\/fr\/","name":"Eralux","description":"World leader for Energy Saving LED Solutions","publisher":{"@id":"https:\/\/eralux.com\/fr\/#organization"},"alternateName":"Led manufacturer Canada","potentialAction":[{"@type":"SearchAction","target":{"@type":"EntryPoint","urlTemplate":"https:\/\/eralux.com\/fr\/?s={search_term_string}"},"query-input":{"@type":"PropertyValueSpecification","valueRequired":true,"valueName":"search_term_string"}}],"inLanguage":"fr-FR"},{"@type":"Organization","@id":"https:\/\/eralux.com\/fr\/#organization","name":"Eralux","url":"https:\/\/eralux.com\/fr\/","logo":{"@type":"ImageObject","inLanguage":"fr-FR","@id":"https:\/\/eralux.com\/fr\/#\/schema\/logo\/image\/","url":"https:\/\/eralux.com\/wp-content\/uploads\/2024\/01\/eralux-logo-trademark-R.png","contentUrl":"https:\/\/eralux.com\/wp-content\/uploads\/2024\/01\/eralux-logo-trademark-R.png","width":1000,"height":446,"caption":"Eralux"},"image":{"@id":"https:\/\/eralux.com\/fr\/#\/schema\/logo\/image\/"},"sameAs":["https:\/\/www.facebook.com\/aeralux.corp","https:\/\/x.com\/eralux_inc"],"description":"Save on energy with high-performance LED solutions. Choose Eralux for eco-friendly lighting. Explore our range today!"}]},"product_price_amount":"0.00","product_price_currency":"CAD","og_availability":"instock","product_availability":"instock","product_condition":"new"},"_links":{"self":[{"href":"https:\/\/eralux.com\/fr\/wp-json\/wp\/v2\/product\/5574","targetHints":{"allow":["GET"]}}],"collection":[{"href":"https:\/\/eralux.com\/fr\/wp-json\/wp\/v2\/product"}],"about":[{"href":"https:\/\/eralux.com\/fr\/wp-json\/wp\/v2\/types\/product"}],"replies":[{"embeddable":true,"href":"https:\/\/eralux.com\/fr\/wp-json\/wp\/v2\/comments?post=5574"}],"wp:featuredmedia":[{"embeddable":true,"href":"https:\/\/eralux.com\/fr\/wp-json\/wp\/v2\/media\/5616"}],"wp:attachment":[{"href":"https:\/\/eralux.com\/fr\/wp-json\/wp\/v2\/media?parent=5574"}],"wp:term":[{"taxonomy":"product_brand","embeddable":true,"href":"https:\/\/eralux.com\/fr\/wp-json\/wp\/v2\/product_brand?post=5574"},{"taxonomy":"product_cat","embeddable":true,"href":"https:\/\/eralux.com\/fr\/wp-json\/wp\/v2\/product_cat?post=5574"},{"taxonomy":"product_tag","embeddable":true,"href":"https:\/\/eralux.com\/fr\/wp-json\/wp\/v2\/product_tag?post=5574"}],"curies":[{"name":"wp","href":"https:\/\/api.w.org\/{rel}","templated":true}]}}