{"id":5576,"date":"2024-01-05T17:01:15","date_gmt":"2024-01-05T17:01:15","guid":{"rendered":"https:\/\/eralux.com\/?post_type=product&#038;p=5576"},"modified":"2025-08-06T22:00:05","modified_gmt":"2025-08-06T22:00:05","slug":"ida","status":"publish","type":"product","link":"https:\/\/eralux.com\/fr\/produit\/ida\/","title":{"rendered":"IDA"},"content":{"rendered":"<p>La s\u00e9rie Ida pr\u00e9sente un aspect \u00e9l\u00e9gant et distingu\u00e9 de haute qualit\u00e9 pour nos projecteurs d&#8217;ext\u00e9rieur. Fabriqu\u00e9e avec de l&#8217;aluminium moul\u00e9 sous pression et des lentilles optiques en verre tremp\u00e9, la s\u00e9rie Ida est conforme \u00e0 la norme IP65 et peut r\u00e9sister aux \u00e9l\u00e9ments ext\u00e9rieurs les plus rudes. Elle offre \u00e9galement une grande flexibilit\u00e9 sur le terrain gr\u00e2ce \u00e0 ses options de CCT et de puissance s\u00e9lectionnables, ce qui est parfait pour l&#8217;\u00e9clairage d&#8217;espaces tels que les jardins, les balcons, les espaces publics et autres espaces ext\u00e9rieurs.<\/p>\n","protected":false},"excerpt":{"rendered":"<p>Projecteur ext\u00e9rieur ERALUX<\/p>\n","protected":false},"featured_media":5963,"comment_status":"open","ping_status":"closed","template":"","meta":{"inline_featured_image":false},"product_brand":[],"product_cat":[1221],"product_tag":[],"class_list":{"0":"post-5576","1":"product","2":"type-product","3":"status-publish","4":"has-post-thumbnail","6":"spec_sheets-8-fr-4","7":"spec_sheets-010-fr-2","8":"spec_sheets-ca-fr","9":"spec_sheets-bz-fr","10":"spec_sheets-sc1-fr","11":"spec_sheets-a-fr-2","12":"spec_sheets-b-fr-3","13":"spec_sheets-e-fr","14":"spec_sheets-cct-fr","15":"spec_sheets-cri-fr","16":"spec_sheets-attenuation","17":"spec_sheets-finition","18":"spec_sheets-tension-dentree","19":"spec_sheets-montage","20":"spec_sheets-puissance","21":"spec_sheets-35s-fr","22":"spec_sheets-80s-fr","23":"product_applications-industriel","24":"product_applications-magasin-de-detail","25":"product_applications-parking","26":"product_applications-education-fr","27":"product_segments-exterieur","28":"product_segments-projecteurs-exterieurs","29":"product_cat-ae-od-id-fr","31":"first","32":"instock","33":"shipping-taxable","34":"purchasable","35":"product-type-simple"},"yoast_head":"<!-- This site is optimized with the Yoast SEO Premium plugin v24.2 (Yoast SEO v27.4) - https:\/\/yoast.com\/product\/yoast-seo-premium-wordpress\/ -->\n<title>IDA - Eralux<\/title>\n<meta name=\"description\" content=\"La s\u00e9rie Ida pr\u00e9sente un aspect \u00e9l\u00e9gant et distingu\u00e9 de haute qualit\u00e9 pour nos projecteurs d&#039;ext\u00e9rieur. Fabriqu\u00e9e avec de l&#039;aluminium moul\u00e9 sous pression et des lentilles optiques en verre tremp\u00e9, la s\u00e9rie Ida est conforme \u00e0 la norme IP65 et peut r\u00e9sister aux \u00e9l\u00e9ments ext\u00e9rieurs les plus rudes. Elle offre \u00e9galement une grande flexibilit\u00e9 sur le terrain gr\u00e2ce \u00e0 ses options de CCT et de puissance s\u00e9lectionnables, ce qui est parfait pour l&#039;\u00e9clairage d&#039;espaces tels que les jardins, les balcons, les espaces publics et autres espaces ext\u00e9rieurs.\" \/>\n<meta name=\"robots\" content=\"index, follow, max-snippet:-1, max-image-preview:large, max-video-preview:-1\" \/>\n<link rel=\"canonical\" href=\"https:\/\/eralux.com\/fr\/produit\/ida\/\" \/>\n<meta property=\"og:locale\" content=\"fr_FR\" \/>\n<meta property=\"og:type\" content=\"article\" \/>\n<meta property=\"og:title\" content=\"IDA\" \/>\n<meta property=\"og:description\" content=\"La s\u00e9rie Ida pr\u00e9sente un aspect \u00e9l\u00e9gant et distingu\u00e9 de haute qualit\u00e9 pour nos projecteurs d&#039;ext\u00e9rieur. Fabriqu\u00e9e avec de l&#039;aluminium moul\u00e9 sous pression et des lentilles optiques en verre tremp\u00e9, la s\u00e9rie Ida est conforme \u00e0 la norme IP65 et peut r\u00e9sister aux \u00e9l\u00e9ments ext\u00e9rieurs les plus rudes. Elle offre \u00e9galement une grande flexibilit\u00e9 sur le terrain gr\u00e2ce \u00e0 ses options de CCT et de puissance s\u00e9lectionnables, ce qui est parfait pour l&#039;\u00e9clairage d&#039;espaces tels que les jardins, les balcons, les espaces publics et autres espaces ext\u00e9rieurs.\" \/>\n<meta property=\"og:url\" content=\"https:\/\/eralux.com\/fr\/produit\/ida\/\" \/>\n<meta property=\"og:site_name\" content=\"Eralux\" \/>\n<meta property=\"article:publisher\" content=\"https:\/\/www.facebook.com\/aeralux.corp\" \/>\n<meta property=\"article:modified_time\" content=\"2025-08-06T22:00:05+00:00\" \/>\n<meta property=\"og:image\" content=\"https:\/\/eralux.com\/wp-content\/uploads\/2024\/01\/ida5.png\" \/>\n\t<meta property=\"og:image:width\" content=\"1000\" \/>\n\t<meta property=\"og:image:height\" content=\"1000\" \/>\n\t<meta property=\"og:image:type\" content=\"image\/png\" \/>\n<meta name=\"twitter:card\" content=\"summary_large_image\" \/>\n<meta name=\"twitter:site\" content=\"@eralux_inc\" \/>\n<meta name=\"twitter:label1\" content=\"Prix\" \/>\n\t<meta name=\"twitter:data1\" content=\"&#036;0.00\" \/>\n\t<meta name=\"twitter:label2\" content=\"Disponibilit\u00e9\" \/>\n\t<meta name=\"twitter:data2\" content=\"En stock\" \/>\n<script type=\"application\/ld+json\" class=\"yoast-schema-graph\">{\"@context\":\"https:\\\/\\\/schema.org\",\"@graph\":[{\"@type\":\"WebPage\",\"@id\":\"https:\\\/\\\/eralux.com\\\/fr\\\/produit\\\/ida\\\/\",\"url\":\"https:\\\/\\\/eralux.com\\\/fr\\\/produit\\\/ida\\\/\",\"name\":\"IDA - Eralux\",\"isPartOf\":{\"@id\":\"https:\\\/\\\/eralux.com\\\/fr\\\/#website\"},\"primaryImageOfPage\":{\"@id\":\"https:\\\/\\\/eralux.com\\\/fr\\\/produit\\\/ida\\\/#primaryimage\"},\"image\":{\"@id\":\"https:\\\/\\\/eralux.com\\\/fr\\\/produit\\\/ida\\\/#primaryimage\"},\"thumbnailUrl\":\"https:\\\/\\\/eralux.com\\\/wp-content\\\/uploads\\\/2024\\\/01\\\/ida5.png\",\"datePublished\":\"2024-01-05T17:01:15+00:00\",\"dateModified\":\"2025-08-06T22:00:05+00:00\",\"description\":\"La s\u00e9rie Ida pr\u00e9sente un aspect \u00e9l\u00e9gant et distingu\u00e9 de haute qualit\u00e9 pour nos projecteurs d'ext\u00e9rieur. Fabriqu\u00e9e avec de l'aluminium moul\u00e9 sous pression et des lentilles optiques en verre tremp\u00e9, la s\u00e9rie Ida est conforme \u00e0 la norme IP65 et peut r\u00e9sister aux \u00e9l\u00e9ments ext\u00e9rieurs les plus rudes. Elle offre \u00e9galement une grande flexibilit\u00e9 sur le terrain gr\u00e2ce \u00e0 ses options de CCT et de puissance s\u00e9lectionnables, ce qui est parfait pour l'\u00e9clairage d'espaces tels que les jardins, les balcons, les espaces publics et autres espaces ext\u00e9rieurs.\",\"breadcrumb\":{\"@id\":\"https:\\\/\\\/eralux.com\\\/fr\\\/produit\\\/ida\\\/#breadcrumb\"},\"inLanguage\":\"fr-FR\",\"potentialAction\":[{\"@type\":\"ReadAction\",\"target\":[\"https:\\\/\\\/eralux.com\\\/fr\\\/produit\\\/ida\\\/\"]}]},{\"@type\":\"ImageObject\",\"inLanguage\":\"fr-FR\",\"@id\":\"https:\\\/\\\/eralux.com\\\/fr\\\/produit\\\/ida\\\/#primaryimage\",\"url\":\"https:\\\/\\\/eralux.com\\\/wp-content\\\/uploads\\\/2024\\\/01\\\/ida5.png\",\"contentUrl\":\"https:\\\/\\\/eralux.com\\\/wp-content\\\/uploads\\\/2024\\\/01\\\/ida5.png\",\"width\":1000,\"height\":1000},{\"@type\":\"BreadcrumbList\",\"@id\":\"https:\\\/\\\/eralux.com\\\/fr\\\/produit\\\/ida\\\/#breadcrumb\",\"itemListElement\":[{\"@type\":\"ListItem\",\"position\":1,\"name\":\"Home\",\"item\":\"https:\\\/\\\/eralux.com\\\/fr\\\/\"},{\"@type\":\"ListItem\",\"position\":2,\"name\":\"Shop\",\"item\":\"https:\\\/\\\/eralux.com\\\/shop\\\/\"},{\"@type\":\"ListItem\",\"position\":3,\"name\":\"IDA\"}]},{\"@type\":\"WebSite\",\"@id\":\"https:\\\/\\\/eralux.com\\\/fr\\\/#website\",\"url\":\"https:\\\/\\\/eralux.com\\\/fr\\\/\",\"name\":\"Eralux\",\"description\":\"World leader for Energy Saving LED Solutions\",\"publisher\":{\"@id\":\"https:\\\/\\\/eralux.com\\\/fr\\\/#organization\"},\"alternateName\":\"Led manufacturer Canada\",\"potentialAction\":[{\"@type\":\"SearchAction\",\"target\":{\"@type\":\"EntryPoint\",\"urlTemplate\":\"https:\\\/\\\/eralux.com\\\/fr\\\/?s={search_term_string}\"},\"query-input\":{\"@type\":\"PropertyValueSpecification\",\"valueRequired\":true,\"valueName\":\"search_term_string\"}}],\"inLanguage\":\"fr-FR\"},{\"@type\":\"Organization\",\"@id\":\"https:\\\/\\\/eralux.com\\\/fr\\\/#organization\",\"name\":\"Eralux\",\"url\":\"https:\\\/\\\/eralux.com\\\/fr\\\/\",\"logo\":{\"@type\":\"ImageObject\",\"inLanguage\":\"fr-FR\",\"@id\":\"https:\\\/\\\/eralux.com\\\/fr\\\/#\\\/schema\\\/logo\\\/image\\\/\",\"url\":\"https:\\\/\\\/eralux.com\\\/wp-content\\\/uploads\\\/2024\\\/01\\\/eralux-logo-trademark-R.png\",\"contentUrl\":\"https:\\\/\\\/eralux.com\\\/wp-content\\\/uploads\\\/2024\\\/01\\\/eralux-logo-trademark-R.png\",\"width\":1000,\"height\":446,\"caption\":\"Eralux\"},\"image\":{\"@id\":\"https:\\\/\\\/eralux.com\\\/fr\\\/#\\\/schema\\\/logo\\\/image\\\/\"},\"sameAs\":[\"https:\\\/\\\/www.facebook.com\\\/aeralux.corp\",\"https:\\\/\\\/x.com\\\/eralux_inc\"],\"description\":\"Save on energy with high-performance LED solutions. Choose Eralux for eco-friendly lighting. Explore our range today!\"}]}<\/script>\n<meta property=\"product:price:amount\" content=\"0.00\" \/>\n<meta property=\"product:price:currency\" content=\"CAD\" \/>\n<meta property=\"og:availability\" content=\"instock\" \/>\n<meta property=\"product:availability\" content=\"instock\" \/>\n<meta property=\"product:condition\" content=\"new\" \/>\n<!-- \/ Yoast SEO Premium plugin. -->","yoast_head_json":{"title":"IDA - Eralux","description":"La s\u00e9rie Ida pr\u00e9sente un aspect \u00e9l\u00e9gant et distingu\u00e9 de haute qualit\u00e9 pour nos projecteurs d'ext\u00e9rieur. Fabriqu\u00e9e avec de l'aluminium moul\u00e9 sous pression et des lentilles optiques en verre tremp\u00e9, la s\u00e9rie Ida est conforme \u00e0 la norme IP65 et peut r\u00e9sister aux \u00e9l\u00e9ments ext\u00e9rieurs les plus rudes. Elle offre \u00e9galement une grande flexibilit\u00e9 sur le terrain gr\u00e2ce \u00e0 ses options de CCT et de puissance s\u00e9lectionnables, ce qui est parfait pour l'\u00e9clairage d'espaces tels que les jardins, les balcons, les espaces publics et autres espaces ext\u00e9rieurs.","robots":{"index":"index","follow":"follow","max-snippet":"max-snippet:-1","max-image-preview":"max-image-preview:large","max-video-preview":"max-video-preview:-1"},"canonical":"https:\/\/eralux.com\/fr\/produit\/ida\/","og_locale":"fr_FR","og_type":"article","og_title":"IDA","og_description":"La s\u00e9rie Ida pr\u00e9sente un aspect \u00e9l\u00e9gant et distingu\u00e9 de haute qualit\u00e9 pour nos projecteurs d'ext\u00e9rieur. Fabriqu\u00e9e avec de l'aluminium moul\u00e9 sous pression et des lentilles optiques en verre tremp\u00e9, la s\u00e9rie Ida est conforme \u00e0 la norme IP65 et peut r\u00e9sister aux \u00e9l\u00e9ments ext\u00e9rieurs les plus rudes. Elle offre \u00e9galement une grande flexibilit\u00e9 sur le terrain gr\u00e2ce \u00e0 ses options de CCT et de puissance s\u00e9lectionnables, ce qui est parfait pour l'\u00e9clairage d'espaces tels que les jardins, les balcons, les espaces publics et autres espaces ext\u00e9rieurs.","og_url":"https:\/\/eralux.com\/fr\/produit\/ida\/","og_site_name":"Eralux","article_publisher":"https:\/\/www.facebook.com\/aeralux.corp","article_modified_time":"2025-08-06T22:00:05+00:00","og_image":[{"width":1000,"height":1000,"url":"https:\/\/eralux.com\/wp-content\/uploads\/2024\/01\/ida5.png","type":"image\/png"}],"twitter_card":"summary_large_image","twitter_site":"@eralux_inc","twitter_misc":{"Prix":"&#36;0.00","Disponibilit\u00e9":"En stock"},"schema":{"@context":"https:\/\/schema.org","@graph":[{"@type":"WebPage","@id":"https:\/\/eralux.com\/fr\/produit\/ida\/","url":"https:\/\/eralux.com\/fr\/produit\/ida\/","name":"IDA - Eralux","isPartOf":{"@id":"https:\/\/eralux.com\/fr\/#website"},"primaryImageOfPage":{"@id":"https:\/\/eralux.com\/fr\/produit\/ida\/#primaryimage"},"image":{"@id":"https:\/\/eralux.com\/fr\/produit\/ida\/#primaryimage"},"thumbnailUrl":"https:\/\/eralux.com\/wp-content\/uploads\/2024\/01\/ida5.png","datePublished":"2024-01-05T17:01:15+00:00","dateModified":"2025-08-06T22:00:05+00:00","description":"La s\u00e9rie Ida pr\u00e9sente un aspect \u00e9l\u00e9gant et distingu\u00e9 de haute qualit\u00e9 pour nos projecteurs d'ext\u00e9rieur. Fabriqu\u00e9e avec de l'aluminium moul\u00e9 sous pression et des lentilles optiques en verre tremp\u00e9, la s\u00e9rie Ida est conforme \u00e0 la norme IP65 et peut r\u00e9sister aux \u00e9l\u00e9ments ext\u00e9rieurs les plus rudes. Elle offre \u00e9galement une grande flexibilit\u00e9 sur le terrain gr\u00e2ce \u00e0 ses options de CCT et de puissance s\u00e9lectionnables, ce qui est parfait pour l'\u00e9clairage d'espaces tels que les jardins, les balcons, les espaces publics et autres espaces ext\u00e9rieurs.","breadcrumb":{"@id":"https:\/\/eralux.com\/fr\/produit\/ida\/#breadcrumb"},"inLanguage":"fr-FR","potentialAction":[{"@type":"ReadAction","target":["https:\/\/eralux.com\/fr\/produit\/ida\/"]}]},{"@type":"ImageObject","inLanguage":"fr-FR","@id":"https:\/\/eralux.com\/fr\/produit\/ida\/#primaryimage","url":"https:\/\/eralux.com\/wp-content\/uploads\/2024\/01\/ida5.png","contentUrl":"https:\/\/eralux.com\/wp-content\/uploads\/2024\/01\/ida5.png","width":1000,"height":1000},{"@type":"BreadcrumbList","@id":"https:\/\/eralux.com\/fr\/produit\/ida\/#breadcrumb","itemListElement":[{"@type":"ListItem","position":1,"name":"Home","item":"https:\/\/eralux.com\/fr\/"},{"@type":"ListItem","position":2,"name":"Shop","item":"https:\/\/eralux.com\/shop\/"},{"@type":"ListItem","position":3,"name":"IDA"}]},{"@type":"WebSite","@id":"https:\/\/eralux.com\/fr\/#website","url":"https:\/\/eralux.com\/fr\/","name":"Eralux","description":"World leader for Energy Saving LED Solutions","publisher":{"@id":"https:\/\/eralux.com\/fr\/#organization"},"alternateName":"Led manufacturer Canada","potentialAction":[{"@type":"SearchAction","target":{"@type":"EntryPoint","urlTemplate":"https:\/\/eralux.com\/fr\/?s={search_term_string}"},"query-input":{"@type":"PropertyValueSpecification","valueRequired":true,"valueName":"search_term_string"}}],"inLanguage":"fr-FR"},{"@type":"Organization","@id":"https:\/\/eralux.com\/fr\/#organization","name":"Eralux","url":"https:\/\/eralux.com\/fr\/","logo":{"@type":"ImageObject","inLanguage":"fr-FR","@id":"https:\/\/eralux.com\/fr\/#\/schema\/logo\/image\/","url":"https:\/\/eralux.com\/wp-content\/uploads\/2024\/01\/eralux-logo-trademark-R.png","contentUrl":"https:\/\/eralux.com\/wp-content\/uploads\/2024\/01\/eralux-logo-trademark-R.png","width":1000,"height":446,"caption":"Eralux"},"image":{"@id":"https:\/\/eralux.com\/fr\/#\/schema\/logo\/image\/"},"sameAs":["https:\/\/www.facebook.com\/aeralux.corp","https:\/\/x.com\/eralux_inc"],"description":"Save on energy with high-performance LED solutions. Choose Eralux for eco-friendly lighting. Explore our range today!"}]},"product_price_amount":"0.00","product_price_currency":"CAD","og_availability":"instock","product_availability":"instock","product_condition":"new"},"_links":{"self":[{"href":"https:\/\/eralux.com\/fr\/wp-json\/wp\/v2\/product\/5576","targetHints":{"allow":["GET"]}}],"collection":[{"href":"https:\/\/eralux.com\/fr\/wp-json\/wp\/v2\/product"}],"about":[{"href":"https:\/\/eralux.com\/fr\/wp-json\/wp\/v2\/types\/product"}],"replies":[{"embeddable":true,"href":"https:\/\/eralux.com\/fr\/wp-json\/wp\/v2\/comments?post=5576"}],"wp:featuredmedia":[{"embeddable":true,"href":"https:\/\/eralux.com\/fr\/wp-json\/wp\/v2\/media\/5963"}],"wp:attachment":[{"href":"https:\/\/eralux.com\/fr\/wp-json\/wp\/v2\/media?parent=5576"}],"wp:term":[{"taxonomy":"product_brand","embeddable":true,"href":"https:\/\/eralux.com\/fr\/wp-json\/wp\/v2\/product_brand?post=5576"},{"taxonomy":"product_cat","embeddable":true,"href":"https:\/\/eralux.com\/fr\/wp-json\/wp\/v2\/product_cat?post=5576"},{"taxonomy":"product_tag","embeddable":true,"href":"https:\/\/eralux.com\/fr\/wp-json\/wp\/v2\/product_tag?post=5576"}],"curies":[{"name":"wp","href":"https:\/\/api.w.org\/{rel}","templated":true}]}}