{"id":5696,"date":"2024-01-05T18:21:05","date_gmt":"2024-01-05T18:21:05","guid":{"rendered":"https:\/\/eralux.com\/?post_type=product&#038;p=5696"},"modified":"2025-03-18T13:36:38","modified_gmt":"2025-03-18T13:36:38","slug":"g6-wall-wash","status":"publish","type":"product","link":"https:\/\/eralux.com\/fr\/produit\/g6-wall-wash\/","title":{"rendered":"G6 WALL WASH"},"content":{"rendered":"<p>La s\u00e9rie G6 est un produit compact r\u00e9volutionnaire qui se caract\u00e9rise par un profil mince et la possibilit\u00e9 de r\u00e9gler la puissance lumineuse. Qu&#8217;il s&#8217;agisse d&#8217;un montage suspendu ou d&#8217;un montage mural, nos luminaires lin\u00e9aires permettent des parcours continus, cr\u00e9ant un \u00e9clairage unifi\u00e9 qui am\u00e9liore l&#8217;esth\u00e9tique de n&#8217;importe quel environnement. Des conceptions personnalis\u00e9es sont r\u00e9alisables ; formes X-T-L, en plus de l&#8217;optique d&#8217;\u00e9clairage mural.<\/p>\n","protected":false},"excerpt":{"rendered":"<p>Lin\u00e9aire Architectural Lavage Mural<\/p>\n","protected":false},"featured_media":5969,"comment_status":"open","ping_status":"closed","template":"","meta":{"inline_featured_image":false},"product_brand":[],"product_cat":[283],"product_tag":[],"class_list":{"0":"post-5696","1":"product","2":"type-product","3":"status-publish","4":"has-post-thumbnail","6":"spec_sheets-30-35-40-cct","7":"spec_sheets-wm-fr","8":"spec_sheets-a-fr","9":"spec_sheets-b-fr","10":"spec_sheets-ww-fr","11":"spec_sheets-ca-fr-3","12":"spec_sheets-pl-fr","13":"spec_sheets-010-fr-2","14":"spec_sheets-p-fr","15":"spec_sheets-2-fr","16":"spec_sheets-4-fr","17":"spec_sheets-6-fr","18":"spec_sheets-8-fr","19":"spec_sheets-wh-fr-2","20":"spec_sheets-bk-fr-2","21":"spec_sheets-sv-fr-2","22":"spec_sheets-option-fr","23":"spec_sheets-accent-fr","24":"spec_sheets-cct-fr","25":"spec_sheets-cri-fr","26":"spec_sheets-attenuation","27":"spec_sheets-finition","28":"spec_sheets-longueur","29":"spec_sheets-lentille","30":"spec_sheets-methode-de-montage","31":"spec_sheets-puissance","32":"spec_sheets-tension","33":"spec_sheets-gen-fr","34":"spec_sheets-30-fr-2","35":"spec_sheets-50-fr-2","36":"spec_sheets-80-fr","37":"spec_sheets-100-fr","38":"product_applications-magasin-de-detail","39":"product_applications-magasin-de-mode","40":"product_applications-bureau-commercial","41":"product_segments-lineaire-architectural","42":"product_segments-produits-lineaires","43":"product_cat-ae-sf-g6-fr","45":"first","46":"instock","47":"shipping-taxable","48":"purchasable","49":"product-type-simple"},"yoast_head":"<!-- This site is optimized with the Yoast SEO Premium plugin v24.2 (Yoast SEO v27.5) - https:\/\/yoast.com\/product\/yoast-seo-premium-wordpress\/ -->\n<title>G6 WALL WASH - Eralux<\/title>\n<meta name=\"description\" content=\"Le G6 WW est la prochaine \u00e9volution de l&#039;\u00e9clairage architectural lin\u00e9aire de type wall wash. The optic modules deliver remarkably smooth and uniform vertical illumination. Il a un look moderne et \u00e9l\u00e9gant et est livr\u00e9 en standard dans les finitions uniques Nebula White, Atomic Black et Silver RAL7044.\" \/>\n<meta name=\"robots\" content=\"index, follow, max-snippet:-1, max-image-preview:large, max-video-preview:-1\" \/>\n<link rel=\"canonical\" href=\"https:\/\/eralux.com\/fr\/produit\/g6-wall-wash\/\" \/>\n<meta property=\"og:locale\" content=\"fr_FR\" \/>\n<meta property=\"og:type\" content=\"article\" \/>\n<meta property=\"og:title\" content=\"G6 WALL WASH\" \/>\n<meta property=\"og:description\" content=\"Le G6 WW est la prochaine \u00e9volution de l&#039;\u00e9clairage architectural lin\u00e9aire de type wall wash. The optic modules deliver remarkably smooth and uniform vertical illumination. Il a un look moderne et \u00e9l\u00e9gant et est livr\u00e9 en standard dans les finitions uniques Nebula White, Atomic Black et Silver RAL7044.\" \/>\n<meta property=\"og:url\" content=\"https:\/\/eralux.com\/fr\/produit\/g6-wall-wash\/\" \/>\n<meta property=\"og:site_name\" content=\"Eralux\" \/>\n<meta property=\"article:publisher\" content=\"https:\/\/www.facebook.com\/aeralux.corp\" \/>\n<meta property=\"article:modified_time\" content=\"2025-03-18T13:36:38+00:00\" \/>\n<meta property=\"og:image\" content=\"https:\/\/eralux.com\/wp-content\/uploads\/2024\/01\/G6-SPS-Wall-Wash-Product-Image.png\" \/>\n\t<meta property=\"og:image:width\" content=\"1000\" \/>\n\t<meta property=\"og:image:height\" content=\"1000\" \/>\n\t<meta property=\"og:image:type\" content=\"image\/png\" \/>\n<meta name=\"twitter:card\" content=\"summary_large_image\" \/>\n<meta name=\"twitter:site\" content=\"@eralux_inc\" \/>\n<meta name=\"twitter:label1\" content=\"Prix\" \/>\n\t<meta name=\"twitter:data1\" content=\"&#036;0.00\" \/>\n\t<meta name=\"twitter:label2\" content=\"Disponibilit\u00e9\" \/>\n\t<meta name=\"twitter:data2\" content=\"En stock\" \/>\n<script type=\"application\/ld+json\" class=\"yoast-schema-graph\">{\"@context\":\"https:\\\/\\\/schema.org\",\"@graph\":[{\"@type\":\"WebPage\",\"@id\":\"https:\\\/\\\/eralux.com\\\/fr\\\/produit\\\/g6-wall-wash\\\/\",\"url\":\"https:\\\/\\\/eralux.com\\\/fr\\\/produit\\\/g6-wall-wash\\\/\",\"name\":\"G6 WALL WASH - Eralux\",\"isPartOf\":{\"@id\":\"https:\\\/\\\/eralux.com\\\/fr\\\/#website\"},\"primaryImageOfPage\":{\"@id\":\"https:\\\/\\\/eralux.com\\\/fr\\\/produit\\\/g6-wall-wash\\\/#primaryimage\"},\"image\":{\"@id\":\"https:\\\/\\\/eralux.com\\\/fr\\\/produit\\\/g6-wall-wash\\\/#primaryimage\"},\"thumbnailUrl\":\"https:\\\/\\\/eralux.com\\\/wp-content\\\/uploads\\\/2024\\\/01\\\/G6-SPS-Wall-Wash-Product-Image.png\",\"datePublished\":\"2024-01-05T18:21:05+00:00\",\"dateModified\":\"2025-03-18T13:36:38+00:00\",\"description\":\"Le G6 WW est la prochaine \u00e9volution de l'\u00e9clairage architectural lin\u00e9aire de type wall wash. The optic modules deliver remarkably smooth and uniform vertical illumination. Il a un look moderne et \u00e9l\u00e9gant et est livr\u00e9 en standard dans les finitions uniques Nebula White, Atomic Black et Silver RAL7044.\",\"breadcrumb\":{\"@id\":\"https:\\\/\\\/eralux.com\\\/fr\\\/produit\\\/g6-wall-wash\\\/#breadcrumb\"},\"inLanguage\":\"fr-FR\",\"potentialAction\":[{\"@type\":\"ReadAction\",\"target\":[\"https:\\\/\\\/eralux.com\\\/fr\\\/produit\\\/g6-wall-wash\\\/\"]}]},{\"@type\":\"ImageObject\",\"inLanguage\":\"fr-FR\",\"@id\":\"https:\\\/\\\/eralux.com\\\/fr\\\/produit\\\/g6-wall-wash\\\/#primaryimage\",\"url\":\"https:\\\/\\\/eralux.com\\\/wp-content\\\/uploads\\\/2024\\\/01\\\/G6-SPS-Wall-Wash-Product-Image.png\",\"contentUrl\":\"https:\\\/\\\/eralux.com\\\/wp-content\\\/uploads\\\/2024\\\/01\\\/G6-SPS-Wall-Wash-Product-Image.png\",\"width\":1000,\"height\":1000},{\"@type\":\"BreadcrumbList\",\"@id\":\"https:\\\/\\\/eralux.com\\\/fr\\\/produit\\\/g6-wall-wash\\\/#breadcrumb\",\"itemListElement\":[{\"@type\":\"ListItem\",\"position\":1,\"name\":\"Home\",\"item\":\"https:\\\/\\\/eralux.com\\\/fr\\\/\"},{\"@type\":\"ListItem\",\"position\":2,\"name\":\"Shop\",\"item\":\"https:\\\/\\\/eralux.com\\\/shop\\\/\"},{\"@type\":\"ListItem\",\"position\":3,\"name\":\"G6 WALL WASH\"}]},{\"@type\":\"WebSite\",\"@id\":\"https:\\\/\\\/eralux.com\\\/fr\\\/#website\",\"url\":\"https:\\\/\\\/eralux.com\\\/fr\\\/\",\"name\":\"Eralux\",\"description\":\"World leader for Energy Saving LED Solutions\",\"publisher\":{\"@id\":\"https:\\\/\\\/eralux.com\\\/fr\\\/#organization\"},\"alternateName\":\"Led manufacturer Canada\",\"potentialAction\":[{\"@type\":\"SearchAction\",\"target\":{\"@type\":\"EntryPoint\",\"urlTemplate\":\"https:\\\/\\\/eralux.com\\\/fr\\\/?s={search_term_string}\"},\"query-input\":{\"@type\":\"PropertyValueSpecification\",\"valueRequired\":true,\"valueName\":\"search_term_string\"}}],\"inLanguage\":\"fr-FR\"},{\"@type\":\"Organization\",\"@id\":\"https:\\\/\\\/eralux.com\\\/fr\\\/#organization\",\"name\":\"Eralux\",\"url\":\"https:\\\/\\\/eralux.com\\\/fr\\\/\",\"logo\":{\"@type\":\"ImageObject\",\"inLanguage\":\"fr-FR\",\"@id\":\"https:\\\/\\\/eralux.com\\\/fr\\\/#\\\/schema\\\/logo\\\/image\\\/\",\"url\":\"https:\\\/\\\/eralux.com\\\/wp-content\\\/uploads\\\/2024\\\/01\\\/eralux-logo-trademark-R.png\",\"contentUrl\":\"https:\\\/\\\/eralux.com\\\/wp-content\\\/uploads\\\/2024\\\/01\\\/eralux-logo-trademark-R.png\",\"width\":1000,\"height\":446,\"caption\":\"Eralux\"},\"image\":{\"@id\":\"https:\\\/\\\/eralux.com\\\/fr\\\/#\\\/schema\\\/logo\\\/image\\\/\"},\"sameAs\":[\"https:\\\/\\\/www.facebook.com\\\/aeralux.corp\",\"https:\\\/\\\/x.com\\\/eralux_inc\"],\"description\":\"Save on energy with high-performance LED solutions. Choose Eralux for eco-friendly lighting. Explore our range today!\"}]}<\/script>\n<meta property=\"product:price:amount\" content=\"0.00\" \/>\n<meta property=\"product:price:currency\" content=\"CAD\" \/>\n<meta property=\"og:availability\" content=\"instock\" \/>\n<meta property=\"product:availability\" content=\"instock\" \/>\n<meta property=\"product:condition\" content=\"new\" \/>\n<!-- \/ Yoast SEO Premium plugin. -->","yoast_head_json":{"title":"G6 WALL WASH - Eralux","description":"Le G6 WW est la prochaine \u00e9volution de l'\u00e9clairage architectural lin\u00e9aire de type wall wash. The optic modules deliver remarkably smooth and uniform vertical illumination. Il a un look moderne et \u00e9l\u00e9gant et est livr\u00e9 en standard dans les finitions uniques Nebula White, Atomic Black et Silver RAL7044.","robots":{"index":"index","follow":"follow","max-snippet":"max-snippet:-1","max-image-preview":"max-image-preview:large","max-video-preview":"max-video-preview:-1"},"canonical":"https:\/\/eralux.com\/fr\/produit\/g6-wall-wash\/","og_locale":"fr_FR","og_type":"article","og_title":"G6 WALL WASH","og_description":"Le G6 WW est la prochaine \u00e9volution de l'\u00e9clairage architectural lin\u00e9aire de type wall wash. The optic modules deliver remarkably smooth and uniform vertical illumination. Il a un look moderne et \u00e9l\u00e9gant et est livr\u00e9 en standard dans les finitions uniques Nebula White, Atomic Black et Silver RAL7044.","og_url":"https:\/\/eralux.com\/fr\/produit\/g6-wall-wash\/","og_site_name":"Eralux","article_publisher":"https:\/\/www.facebook.com\/aeralux.corp","article_modified_time":"2025-03-18T13:36:38+00:00","og_image":[{"width":1000,"height":1000,"url":"https:\/\/eralux.com\/wp-content\/uploads\/2024\/01\/G6-SPS-Wall-Wash-Product-Image.png","type":"image\/png"}],"twitter_card":"summary_large_image","twitter_site":"@eralux_inc","twitter_misc":{"Prix":"&#36;0.00","Disponibilit\u00e9":"En stock"},"schema":{"@context":"https:\/\/schema.org","@graph":[{"@type":"WebPage","@id":"https:\/\/eralux.com\/fr\/produit\/g6-wall-wash\/","url":"https:\/\/eralux.com\/fr\/produit\/g6-wall-wash\/","name":"G6 WALL WASH - Eralux","isPartOf":{"@id":"https:\/\/eralux.com\/fr\/#website"},"primaryImageOfPage":{"@id":"https:\/\/eralux.com\/fr\/produit\/g6-wall-wash\/#primaryimage"},"image":{"@id":"https:\/\/eralux.com\/fr\/produit\/g6-wall-wash\/#primaryimage"},"thumbnailUrl":"https:\/\/eralux.com\/wp-content\/uploads\/2024\/01\/G6-SPS-Wall-Wash-Product-Image.png","datePublished":"2024-01-05T18:21:05+00:00","dateModified":"2025-03-18T13:36:38+00:00","description":"Le G6 WW est la prochaine \u00e9volution de l'\u00e9clairage architectural lin\u00e9aire de type wall wash. The optic modules deliver remarkably smooth and uniform vertical illumination. Il a un look moderne et \u00e9l\u00e9gant et est livr\u00e9 en standard dans les finitions uniques Nebula White, Atomic Black et Silver RAL7044.","breadcrumb":{"@id":"https:\/\/eralux.com\/fr\/produit\/g6-wall-wash\/#breadcrumb"},"inLanguage":"fr-FR","potentialAction":[{"@type":"ReadAction","target":["https:\/\/eralux.com\/fr\/produit\/g6-wall-wash\/"]}]},{"@type":"ImageObject","inLanguage":"fr-FR","@id":"https:\/\/eralux.com\/fr\/produit\/g6-wall-wash\/#primaryimage","url":"https:\/\/eralux.com\/wp-content\/uploads\/2024\/01\/G6-SPS-Wall-Wash-Product-Image.png","contentUrl":"https:\/\/eralux.com\/wp-content\/uploads\/2024\/01\/G6-SPS-Wall-Wash-Product-Image.png","width":1000,"height":1000},{"@type":"BreadcrumbList","@id":"https:\/\/eralux.com\/fr\/produit\/g6-wall-wash\/#breadcrumb","itemListElement":[{"@type":"ListItem","position":1,"name":"Home","item":"https:\/\/eralux.com\/fr\/"},{"@type":"ListItem","position":2,"name":"Shop","item":"https:\/\/eralux.com\/shop\/"},{"@type":"ListItem","position":3,"name":"G6 WALL WASH"}]},{"@type":"WebSite","@id":"https:\/\/eralux.com\/fr\/#website","url":"https:\/\/eralux.com\/fr\/","name":"Eralux","description":"World leader for Energy Saving LED Solutions","publisher":{"@id":"https:\/\/eralux.com\/fr\/#organization"},"alternateName":"Led manufacturer Canada","potentialAction":[{"@type":"SearchAction","target":{"@type":"EntryPoint","urlTemplate":"https:\/\/eralux.com\/fr\/?s={search_term_string}"},"query-input":{"@type":"PropertyValueSpecification","valueRequired":true,"valueName":"search_term_string"}}],"inLanguage":"fr-FR"},{"@type":"Organization","@id":"https:\/\/eralux.com\/fr\/#organization","name":"Eralux","url":"https:\/\/eralux.com\/fr\/","logo":{"@type":"ImageObject","inLanguage":"fr-FR","@id":"https:\/\/eralux.com\/fr\/#\/schema\/logo\/image\/","url":"https:\/\/eralux.com\/wp-content\/uploads\/2024\/01\/eralux-logo-trademark-R.png","contentUrl":"https:\/\/eralux.com\/wp-content\/uploads\/2024\/01\/eralux-logo-trademark-R.png","width":1000,"height":446,"caption":"Eralux"},"image":{"@id":"https:\/\/eralux.com\/fr\/#\/schema\/logo\/image\/"},"sameAs":["https:\/\/www.facebook.com\/aeralux.corp","https:\/\/x.com\/eralux_inc"],"description":"Save on energy with high-performance LED solutions. Choose Eralux for eco-friendly lighting. Explore our range today!"}]},"product_price_amount":"0.00","product_price_currency":"CAD","og_availability":"instock","product_availability":"instock","product_condition":"new"},"_links":{"self":[{"href":"https:\/\/eralux.com\/fr\/wp-json\/wp\/v2\/product\/5696","targetHints":{"allow":["GET"]}}],"collection":[{"href":"https:\/\/eralux.com\/fr\/wp-json\/wp\/v2\/product"}],"about":[{"href":"https:\/\/eralux.com\/fr\/wp-json\/wp\/v2\/types\/product"}],"replies":[{"embeddable":true,"href":"https:\/\/eralux.com\/fr\/wp-json\/wp\/v2\/comments?post=5696"}],"wp:featuredmedia":[{"embeddable":true,"href":"https:\/\/eralux.com\/fr\/wp-json\/wp\/v2\/media\/5969"}],"wp:attachment":[{"href":"https:\/\/eralux.com\/fr\/wp-json\/wp\/v2\/media?parent=5696"}],"wp:term":[{"taxonomy":"product_brand","embeddable":true,"href":"https:\/\/eralux.com\/fr\/wp-json\/wp\/v2\/product_brand?post=5696"},{"taxonomy":"product_cat","embeddable":true,"href":"https:\/\/eralux.com\/fr\/wp-json\/wp\/v2\/product_cat?post=5696"},{"taxonomy":"product_tag","embeddable":true,"href":"https:\/\/eralux.com\/fr\/wp-json\/wp\/v2\/product_tag?post=5696"}],"curies":[{"name":"wp","href":"https:\/\/api.w.org\/{rel}","templated":true}]}}