{"id":5946,"date":"2024-01-08T14:09:19","date_gmt":"2024-01-08T14:09:19","guid":{"rendered":"https:\/\/eralux.com\/?post_type=product&#038;p=5946"},"modified":"2025-08-13T20:56:39","modified_gmt":"2025-08-13T20:56:39","slug":"ring","status":"publish","type":"product","link":"https:\/\/eralux.com\/fr\/produit\/ring\/","title":{"rendered":"RING"},"content":{"rendered":"<p>La 2e s\u00e9rie RING est la solution privil\u00e9gi\u00e9e pour les r\u00e9sidences avec une source lumineuse qui assure une transition transparente entre les diff\u00e9rents espaces. Elle se d\u00e9cline en plusieurs options de puissance, \u00e0 savoir 16W, 20W et 24W, ainsi qu&#8217;en option de commutation CCT. Elle permet \u00e9galement une transition rapide des technologies existantes gr\u00e2ce \u00e0 ses capacit\u00e9s de gradation TRIAC.<\/p>\n","protected":false},"excerpt":{"rendered":"<p>Downlight mont\u00e9 en surface<\/p>\n","protected":false},"featured_media":7758,"comment_status":"open","ping_status":"closed","template":"","meta":{"inline_featured_image":false},"product_brand":[],"product_cat":[1717],"product_tag":[],"class_list":{"0":"post-5946","1":"product","2":"type-product","3":"status-publish","4":"has-post-thumbnail","6":"spec_sheets-01-fr","7":"spec_sheets-830-fr","8":"spec_sheets-a1d-fr","9":"spec_sheets-840-fr","10":"spec_sheets-a11-fr","11":"spec_sheets-850-fr","12":"spec_sheets-a13-fr","13":"spec_sheets-a15-fr","14":"spec_sheets-generation-fr","15":"spec_sheets-forme-et-taille","16":"spec_sheets-cct-cri-fr","17":"spec_sheets-16-fr","18":"spec_sheets-25-fr-7","19":"spec_sheets-controles","20":"spec_sheets-puissance","21":"product_applications-bureau-commercial","22":"product_applications-education-fr","23":"product_applications-magasin-de-mode","24":"product_applications-sante","25":"product_segments-luminaires-encastres","26":"product_cat-ae-dl-rg-fr","28":"first","29":"instock","30":"shipping-taxable","31":"purchasable","32":"product-type-simple"},"yoast_head":"<!-- This site is optimized with the Yoast SEO Premium plugin v24.2 (Yoast SEO v27.5) - https:\/\/yoast.com\/product\/yoast-seo-premium-wordpress\/ -->\n<title>RING - Eralux<\/title>\n<meta name=\"description\" content=\"La 2e s\u00e9rie RING est la solution privil\u00e9gi\u00e9e pour les r\u00e9sidences avec une source lumineuse qui assure une transition transparente entre les diff\u00e9rents espaces. Elle se d\u00e9cline en plusieurs options de puissance, \u00e0 savoir 16W, 20W et 24W, ainsi qu&#039;en option de commutation CCT. Elle permet \u00e9galement une transition rapide des technologies existantes gr\u00e2ce \u00e0 ses capacit\u00e9s de gradation TRIAC.\" \/>\n<meta name=\"robots\" content=\"index, follow, max-snippet:-1, max-image-preview:large, max-video-preview:-1\" \/>\n<link rel=\"canonical\" href=\"https:\/\/eralux.com\/fr\/produit\/ring\/\" \/>\n<meta property=\"og:locale\" content=\"fr_FR\" \/>\n<meta property=\"og:type\" content=\"article\" \/>\n<meta property=\"og:title\" content=\"RING\" \/>\n<meta property=\"og:description\" content=\"La 2e s\u00e9rie RING est la solution privil\u00e9gi\u00e9e pour les r\u00e9sidences avec une source lumineuse qui assure une transition transparente entre les diff\u00e9rents espaces. Elle se d\u00e9cline en plusieurs options de puissance, \u00e0 savoir 16W, 20W et 24W, ainsi qu&#039;en option de commutation CCT. Elle permet \u00e9galement une transition rapide des technologies existantes gr\u00e2ce \u00e0 ses capacit\u00e9s de gradation TRIAC.\" \/>\n<meta property=\"og:url\" content=\"https:\/\/eralux.com\/fr\/produit\/ring\/\" \/>\n<meta property=\"og:site_name\" content=\"Eralux\" \/>\n<meta property=\"article:publisher\" content=\"https:\/\/www.facebook.com\/aeralux.corp\" \/>\n<meta property=\"article:modified_time\" content=\"2025-08-13T20:56:39+00:00\" \/>\n<meta property=\"og:image\" content=\"https:\/\/eralux.com\/wp-content\/uploads\/2024\/01\/ring-series-1.png\" \/>\n\t<meta property=\"og:image:width\" content=\"1000\" \/>\n\t<meta property=\"og:image:height\" content=\"1000\" \/>\n\t<meta property=\"og:image:type\" content=\"image\/png\" \/>\n<meta name=\"twitter:card\" content=\"summary_large_image\" \/>\n<meta name=\"twitter:site\" content=\"@eralux_inc\" \/>\n<meta name=\"twitter:label1\" content=\"Prix\" \/>\n\t<meta name=\"twitter:data1\" content=\"&#036;0.00\" \/>\n\t<meta name=\"twitter:label2\" content=\"Disponibilit\u00e9\" \/>\n\t<meta name=\"twitter:data2\" content=\"En stock\" \/>\n<script type=\"application\/ld+json\" class=\"yoast-schema-graph\">{\"@context\":\"https:\\\/\\\/schema.org\",\"@graph\":[{\"@type\":\"WebPage\",\"@id\":\"https:\\\/\\\/eralux.com\\\/fr\\\/produit\\\/ring\\\/\",\"url\":\"https:\\\/\\\/eralux.com\\\/fr\\\/produit\\\/ring\\\/\",\"name\":\"RING - Eralux\",\"isPartOf\":{\"@id\":\"https:\\\/\\\/eralux.com\\\/fr\\\/#website\"},\"primaryImageOfPage\":{\"@id\":\"https:\\\/\\\/eralux.com\\\/fr\\\/produit\\\/ring\\\/#primaryimage\"},\"image\":{\"@id\":\"https:\\\/\\\/eralux.com\\\/fr\\\/produit\\\/ring\\\/#primaryimage\"},\"thumbnailUrl\":\"https:\\\/\\\/eralux.com\\\/wp-content\\\/uploads\\\/2024\\\/01\\\/ring-series-1.png\",\"datePublished\":\"2024-01-08T14:09:19+00:00\",\"dateModified\":\"2025-08-13T20:56:39+00:00\",\"description\":\"La 2e s\u00e9rie RING est la solution privil\u00e9gi\u00e9e pour les r\u00e9sidences avec une source lumineuse qui assure une transition transparente entre les diff\u00e9rents espaces. Elle se d\u00e9cline en plusieurs options de puissance, \u00e0 savoir 16W, 20W et 24W, ainsi qu'en option de commutation CCT. Elle permet \u00e9galement une transition rapide des technologies existantes gr\u00e2ce \u00e0 ses capacit\u00e9s de gradation TRIAC.\",\"breadcrumb\":{\"@id\":\"https:\\\/\\\/eralux.com\\\/fr\\\/produit\\\/ring\\\/#breadcrumb\"},\"inLanguage\":\"fr-FR\",\"potentialAction\":[{\"@type\":\"ReadAction\",\"target\":[\"https:\\\/\\\/eralux.com\\\/fr\\\/produit\\\/ring\\\/\"]}]},{\"@type\":\"ImageObject\",\"inLanguage\":\"fr-FR\",\"@id\":\"https:\\\/\\\/eralux.com\\\/fr\\\/produit\\\/ring\\\/#primaryimage\",\"url\":\"https:\\\/\\\/eralux.com\\\/wp-content\\\/uploads\\\/2024\\\/01\\\/ring-series-1.png\",\"contentUrl\":\"https:\\\/\\\/eralux.com\\\/wp-content\\\/uploads\\\/2024\\\/01\\\/ring-series-1.png\",\"width\":1000,\"height\":1000},{\"@type\":\"BreadcrumbList\",\"@id\":\"https:\\\/\\\/eralux.com\\\/fr\\\/produit\\\/ring\\\/#breadcrumb\",\"itemListElement\":[{\"@type\":\"ListItem\",\"position\":1,\"name\":\"Home\",\"item\":\"https:\\\/\\\/eralux.com\\\/fr\\\/\"},{\"@type\":\"ListItem\",\"position\":2,\"name\":\"Shop\",\"item\":\"https:\\\/\\\/eralux.com\\\/shop\\\/\"},{\"@type\":\"ListItem\",\"position\":3,\"name\":\"RING\"}]},{\"@type\":\"WebSite\",\"@id\":\"https:\\\/\\\/eralux.com\\\/fr\\\/#website\",\"url\":\"https:\\\/\\\/eralux.com\\\/fr\\\/\",\"name\":\"Eralux\",\"description\":\"World leader for Energy Saving LED Solutions\",\"publisher\":{\"@id\":\"https:\\\/\\\/eralux.com\\\/fr\\\/#organization\"},\"alternateName\":\"Led manufacturer Canada\",\"potentialAction\":[{\"@type\":\"SearchAction\",\"target\":{\"@type\":\"EntryPoint\",\"urlTemplate\":\"https:\\\/\\\/eralux.com\\\/fr\\\/?s={search_term_string}\"},\"query-input\":{\"@type\":\"PropertyValueSpecification\",\"valueRequired\":true,\"valueName\":\"search_term_string\"}}],\"inLanguage\":\"fr-FR\"},{\"@type\":\"Organization\",\"@id\":\"https:\\\/\\\/eralux.com\\\/fr\\\/#organization\",\"name\":\"Eralux\",\"url\":\"https:\\\/\\\/eralux.com\\\/fr\\\/\",\"logo\":{\"@type\":\"ImageObject\",\"inLanguage\":\"fr-FR\",\"@id\":\"https:\\\/\\\/eralux.com\\\/fr\\\/#\\\/schema\\\/logo\\\/image\\\/\",\"url\":\"https:\\\/\\\/eralux.com\\\/wp-content\\\/uploads\\\/2024\\\/01\\\/eralux-logo-trademark-R.png\",\"contentUrl\":\"https:\\\/\\\/eralux.com\\\/wp-content\\\/uploads\\\/2024\\\/01\\\/eralux-logo-trademark-R.png\",\"width\":1000,\"height\":446,\"caption\":\"Eralux\"},\"image\":{\"@id\":\"https:\\\/\\\/eralux.com\\\/fr\\\/#\\\/schema\\\/logo\\\/image\\\/\"},\"sameAs\":[\"https:\\\/\\\/www.facebook.com\\\/aeralux.corp\",\"https:\\\/\\\/x.com\\\/eralux_inc\"],\"description\":\"Save on energy with high-performance LED solutions. Choose Eralux for eco-friendly lighting. Explore our range today!\"}]}<\/script>\n<meta property=\"product:price:amount\" content=\"0.00\" \/>\n<meta property=\"product:price:currency\" content=\"CAD\" \/>\n<meta property=\"og:availability\" content=\"instock\" \/>\n<meta property=\"product:availability\" content=\"instock\" \/>\n<meta property=\"product:condition\" content=\"new\" \/>\n<!-- \/ Yoast SEO Premium plugin. -->","yoast_head_json":{"title":"RING - Eralux","description":"La 2e s\u00e9rie RING est la solution privil\u00e9gi\u00e9e pour les r\u00e9sidences avec une source lumineuse qui assure une transition transparente entre les diff\u00e9rents espaces. Elle se d\u00e9cline en plusieurs options de puissance, \u00e0 savoir 16W, 20W et 24W, ainsi qu'en option de commutation CCT. Elle permet \u00e9galement une transition rapide des technologies existantes gr\u00e2ce \u00e0 ses capacit\u00e9s de gradation TRIAC.","robots":{"index":"index","follow":"follow","max-snippet":"max-snippet:-1","max-image-preview":"max-image-preview:large","max-video-preview":"max-video-preview:-1"},"canonical":"https:\/\/eralux.com\/fr\/produit\/ring\/","og_locale":"fr_FR","og_type":"article","og_title":"RING","og_description":"La 2e s\u00e9rie RING est la solution privil\u00e9gi\u00e9e pour les r\u00e9sidences avec une source lumineuse qui assure une transition transparente entre les diff\u00e9rents espaces. Elle se d\u00e9cline en plusieurs options de puissance, \u00e0 savoir 16W, 20W et 24W, ainsi qu'en option de commutation CCT. Elle permet \u00e9galement une transition rapide des technologies existantes gr\u00e2ce \u00e0 ses capacit\u00e9s de gradation TRIAC.","og_url":"https:\/\/eralux.com\/fr\/produit\/ring\/","og_site_name":"Eralux","article_publisher":"https:\/\/www.facebook.com\/aeralux.corp","article_modified_time":"2025-08-13T20:56:39+00:00","og_image":[{"width":1000,"height":1000,"url":"https:\/\/eralux.com\/wp-content\/uploads\/2024\/01\/ring-series-1.png","type":"image\/png"}],"twitter_card":"summary_large_image","twitter_site":"@eralux_inc","twitter_misc":{"Prix":"&#36;0.00","Disponibilit\u00e9":"En stock"},"schema":{"@context":"https:\/\/schema.org","@graph":[{"@type":"WebPage","@id":"https:\/\/eralux.com\/fr\/produit\/ring\/","url":"https:\/\/eralux.com\/fr\/produit\/ring\/","name":"RING - Eralux","isPartOf":{"@id":"https:\/\/eralux.com\/fr\/#website"},"primaryImageOfPage":{"@id":"https:\/\/eralux.com\/fr\/produit\/ring\/#primaryimage"},"image":{"@id":"https:\/\/eralux.com\/fr\/produit\/ring\/#primaryimage"},"thumbnailUrl":"https:\/\/eralux.com\/wp-content\/uploads\/2024\/01\/ring-series-1.png","datePublished":"2024-01-08T14:09:19+00:00","dateModified":"2025-08-13T20:56:39+00:00","description":"La 2e s\u00e9rie RING est la solution privil\u00e9gi\u00e9e pour les r\u00e9sidences avec une source lumineuse qui assure une transition transparente entre les diff\u00e9rents espaces. Elle se d\u00e9cline en plusieurs options de puissance, \u00e0 savoir 16W, 20W et 24W, ainsi qu'en option de commutation CCT. Elle permet \u00e9galement une transition rapide des technologies existantes gr\u00e2ce \u00e0 ses capacit\u00e9s de gradation TRIAC.","breadcrumb":{"@id":"https:\/\/eralux.com\/fr\/produit\/ring\/#breadcrumb"},"inLanguage":"fr-FR","potentialAction":[{"@type":"ReadAction","target":["https:\/\/eralux.com\/fr\/produit\/ring\/"]}]},{"@type":"ImageObject","inLanguage":"fr-FR","@id":"https:\/\/eralux.com\/fr\/produit\/ring\/#primaryimage","url":"https:\/\/eralux.com\/wp-content\/uploads\/2024\/01\/ring-series-1.png","contentUrl":"https:\/\/eralux.com\/wp-content\/uploads\/2024\/01\/ring-series-1.png","width":1000,"height":1000},{"@type":"BreadcrumbList","@id":"https:\/\/eralux.com\/fr\/produit\/ring\/#breadcrumb","itemListElement":[{"@type":"ListItem","position":1,"name":"Home","item":"https:\/\/eralux.com\/fr\/"},{"@type":"ListItem","position":2,"name":"Shop","item":"https:\/\/eralux.com\/shop\/"},{"@type":"ListItem","position":3,"name":"RING"}]},{"@type":"WebSite","@id":"https:\/\/eralux.com\/fr\/#website","url":"https:\/\/eralux.com\/fr\/","name":"Eralux","description":"World leader for Energy Saving LED Solutions","publisher":{"@id":"https:\/\/eralux.com\/fr\/#organization"},"alternateName":"Led manufacturer Canada","potentialAction":[{"@type":"SearchAction","target":{"@type":"EntryPoint","urlTemplate":"https:\/\/eralux.com\/fr\/?s={search_term_string}"},"query-input":{"@type":"PropertyValueSpecification","valueRequired":true,"valueName":"search_term_string"}}],"inLanguage":"fr-FR"},{"@type":"Organization","@id":"https:\/\/eralux.com\/fr\/#organization","name":"Eralux","url":"https:\/\/eralux.com\/fr\/","logo":{"@type":"ImageObject","inLanguage":"fr-FR","@id":"https:\/\/eralux.com\/fr\/#\/schema\/logo\/image\/","url":"https:\/\/eralux.com\/wp-content\/uploads\/2024\/01\/eralux-logo-trademark-R.png","contentUrl":"https:\/\/eralux.com\/wp-content\/uploads\/2024\/01\/eralux-logo-trademark-R.png","width":1000,"height":446,"caption":"Eralux"},"image":{"@id":"https:\/\/eralux.com\/fr\/#\/schema\/logo\/image\/"},"sameAs":["https:\/\/www.facebook.com\/aeralux.corp","https:\/\/x.com\/eralux_inc"],"description":"Save on energy with high-performance LED solutions. Choose Eralux for eco-friendly lighting. Explore our range today!"}]},"product_price_amount":"0.00","product_price_currency":"CAD","og_availability":"instock","product_availability":"instock","product_condition":"new"},"_links":{"self":[{"href":"https:\/\/eralux.com\/fr\/wp-json\/wp\/v2\/product\/5946","targetHints":{"allow":["GET"]}}],"collection":[{"href":"https:\/\/eralux.com\/fr\/wp-json\/wp\/v2\/product"}],"about":[{"href":"https:\/\/eralux.com\/fr\/wp-json\/wp\/v2\/types\/product"}],"replies":[{"embeddable":true,"href":"https:\/\/eralux.com\/fr\/wp-json\/wp\/v2\/comments?post=5946"}],"wp:featuredmedia":[{"embeddable":true,"href":"https:\/\/eralux.com\/fr\/wp-json\/wp\/v2\/media\/7758"}],"wp:attachment":[{"href":"https:\/\/eralux.com\/fr\/wp-json\/wp\/v2\/media?parent=5946"}],"wp:term":[{"taxonomy":"product_brand","embeddable":true,"href":"https:\/\/eralux.com\/fr\/wp-json\/wp\/v2\/product_brand?post=5946"},{"taxonomy":"product_cat","embeddable":true,"href":"https:\/\/eralux.com\/fr\/wp-json\/wp\/v2\/product_cat?post=5946"},{"taxonomy":"product_tag","embeddable":true,"href":"https:\/\/eralux.com\/fr\/wp-json\/wp\/v2\/product_tag?post=5946"}],"curies":[{"name":"wp","href":"https:\/\/api.w.org\/{rel}","templated":true}]}}