{"id":5982,"date":"2024-01-08T14:25:48","date_gmt":"2024-01-08T14:25:48","guid":{"rendered":"https:\/\/eralux.com\/?post_type=product&#038;p=5982"},"modified":"2025-08-05T14:19:46","modified_gmt":"2025-08-05T14:19:46","slug":"versa-evolve","status":"publish","type":"product","link":"https:\/\/eralux.com\/fr\/produit\/versa-evolve\/","title":{"rendered":"VERSA EVOLVE"},"content":{"rendered":"<p>La nouvelle s\u00e9rie VERSA EVOLVE, avec sa capacit\u00e9 \u00e0 diriger la lumi\u00e8re au bon endroit \u00e0 n&#8217;importe o\u00f9. Son faisceau r\u00e9glable inclin\u00e9 jusqu&#8217;\u00e0 25\u00b0 et son angle de rayonnement de 40\u00b0 \u00e9claireront vos espaces avec un rendement lumineux encore plus \u00e9lev\u00e9. Avec ses cinq options CCT s\u00e9lectionnables, la polyvalence du VERSA EVOLVE en fera le luminaire encastr\u00e9 id\u00e9al pour l&#8217;int\u00e9rieur.<\/p>\n","protected":false},"excerpt":{"rendered":"<p>Downlight commercial encastr\u00e9 r\u00e9glable<\/p>\n","protected":false},"featured_media":8479,"comment_status":"open","ping_status":"closed","template":"","meta":{"inline_featured_image":false},"product_brand":[],"product_cat":[1772],"product_tag":[],"class_list":{"0":"post-5982","1":"product","2":"type-product","3":"status-publish","4":"has-post-thumbnail","6":"spec_sheets-4-fr-7","7":"spec_sheets-p27-30-35-40-50-fr","8":"spec_sheets-triac-fr","9":"spec_sheets-12w-fr","10":"spec_sheets-forme-et-taille","11":"spec_sheets-cct-fr","12":"spec_sheets-controles","13":"spec_sheets-puissance","14":"product_applications-bureau-commercial","15":"product_applications-magasin-de-mode","16":"product_applications-hotellerie","17":"product_applications-magasin-de-detail","18":"product_segments-luminaires-encastres","19":"product_cat-ae-dl-vs-fr","21":"first","22":"instock","23":"shipping-taxable","24":"purchasable","25":"product-type-simple"},"yoast_head":"<!-- This site is optimized with the Yoast SEO Premium plugin v24.2 (Yoast SEO v27.4) - https:\/\/yoast.com\/product\/yoast-seo-premium-wordpress\/ -->\n<title>VERSA EVOLVE - Eralux (Fabricant LED Canada)<\/title>\n<meta name=\"description\" content=\"Pr\u00e9sentation de la nouvelle s\u00e9rie VERSA EVOLVE, avec sa capacit\u00e9 \u00e0 diriger la lumi\u00e8re au bon endroit \u00e0 chaque fois. Son faisceau r\u00e9glable s&#039;incline jusqu&#039;\u00e0 25\u00b0 et son angle de faisceau de 40\u00b0 \u00e9clairera vos espaces avec un flux lumineux encore plus \u00e9lev\u00e9. Avec son option s\u00e9lectionnable \u00e0 cinq CCT, la polyvalence du VERSA EVOLVE en fera le downlight parfait pour l\u2019int\u00e9rieur.\" \/>\n<meta name=\"robots\" content=\"index, follow, max-snippet:-1, max-image-preview:large, max-video-preview:-1\" \/>\n<link rel=\"canonical\" href=\"https:\/\/eralux.com\/fr\/produit\/versa-evolve\/\" \/>\n<meta property=\"og:locale\" content=\"fr_FR\" \/>\n<meta property=\"og:type\" content=\"article\" \/>\n<meta property=\"og:title\" content=\"VERSA EVOLVE\" \/>\n<meta property=\"og:description\" content=\"Pr\u00e9sentation de la nouvelle s\u00e9rie VERSA EVOLVE, avec sa capacit\u00e9 \u00e0 diriger la lumi\u00e8re au bon endroit \u00e0 chaque fois. Son faisceau r\u00e9glable s&#039;incline jusqu&#039;\u00e0 25\u00b0 et son angle de faisceau de 40\u00b0 \u00e9clairera vos espaces avec un flux lumineux encore plus \u00e9lev\u00e9. Avec son option s\u00e9lectionnable \u00e0 cinq CCT, la polyvalence du VERSA EVOLVE en fera le downlight parfait pour l\u2019int\u00e9rieur.\" \/>\n<meta property=\"og:url\" content=\"https:\/\/eralux.com\/fr\/produit\/versa-evolve\/\" \/>\n<meta property=\"og:site_name\" content=\"Eralux\" \/>\n<meta property=\"article:publisher\" content=\"https:\/\/www.facebook.com\/aeralux.corp\" \/>\n<meta property=\"article:modified_time\" content=\"2025-08-05T14:19:46+00:00\" \/>\n<meta property=\"og:image\" content=\"https:\/\/eralux.com\/wp-content\/uploads\/2024\/01\/Versa-Evolve-4-1.png\" \/>\n\t<meta property=\"og:image:width\" content=\"1000\" \/>\n\t<meta property=\"og:image:height\" content=\"1000\" \/>\n\t<meta property=\"og:image:type\" content=\"image\/png\" \/>\n<meta name=\"twitter:card\" content=\"summary_large_image\" \/>\n<meta name=\"twitter:site\" content=\"@eralux_inc\" \/>\n<meta name=\"twitter:label1\" content=\"Prix\" \/>\n\t<meta name=\"twitter:data1\" content=\"&#036;0.00\" \/>\n\t<meta name=\"twitter:label2\" content=\"Disponibilit\u00e9\" \/>\n\t<meta name=\"twitter:data2\" content=\"En stock\" \/>\n<script type=\"application\/ld+json\" class=\"yoast-schema-graph\">{\"@context\":\"https:\\\/\\\/schema.org\",\"@graph\":[{\"@type\":\"WebPage\",\"@id\":\"https:\\\/\\\/eralux.com\\\/fr\\\/produit\\\/versa-evolve\\\/\",\"url\":\"https:\\\/\\\/eralux.com\\\/fr\\\/produit\\\/versa-evolve\\\/\",\"name\":\"VERSA EVOLVE - Eralux (Fabricant LED Canada)\",\"isPartOf\":{\"@id\":\"https:\\\/\\\/eralux.com\\\/fr\\\/#website\"},\"primaryImageOfPage\":{\"@id\":\"https:\\\/\\\/eralux.com\\\/fr\\\/produit\\\/versa-evolve\\\/#primaryimage\"},\"image\":{\"@id\":\"https:\\\/\\\/eralux.com\\\/fr\\\/produit\\\/versa-evolve\\\/#primaryimage\"},\"thumbnailUrl\":\"https:\\\/\\\/eralux.com\\\/wp-content\\\/uploads\\\/2024\\\/01\\\/Versa-Evolve-4-1.png\",\"datePublished\":\"2024-01-08T14:25:48+00:00\",\"dateModified\":\"2025-08-05T14:19:46+00:00\",\"description\":\"Pr\u00e9sentation de la nouvelle s\u00e9rie VERSA EVOLVE, avec sa capacit\u00e9 \u00e0 diriger la lumi\u00e8re au bon endroit \u00e0 chaque fois. Son faisceau r\u00e9glable s'incline jusqu'\u00e0 25\u00b0 et son angle de faisceau de 40\u00b0 \u00e9clairera vos espaces avec un flux lumineux encore plus \u00e9lev\u00e9. Avec son option s\u00e9lectionnable \u00e0 cinq CCT, la polyvalence du VERSA EVOLVE en fera le downlight parfait pour l\u2019int\u00e9rieur.\",\"breadcrumb\":{\"@id\":\"https:\\\/\\\/eralux.com\\\/fr\\\/produit\\\/versa-evolve\\\/#breadcrumb\"},\"inLanguage\":\"fr-FR\",\"potentialAction\":[{\"@type\":\"ReadAction\",\"target\":[\"https:\\\/\\\/eralux.com\\\/fr\\\/produit\\\/versa-evolve\\\/\"]}]},{\"@type\":\"ImageObject\",\"inLanguage\":\"fr-FR\",\"@id\":\"https:\\\/\\\/eralux.com\\\/fr\\\/produit\\\/versa-evolve\\\/#primaryimage\",\"url\":\"https:\\\/\\\/eralux.com\\\/wp-content\\\/uploads\\\/2024\\\/01\\\/Versa-Evolve-4-1.png\",\"contentUrl\":\"https:\\\/\\\/eralux.com\\\/wp-content\\\/uploads\\\/2024\\\/01\\\/Versa-Evolve-4-1.png\",\"width\":1000,\"height\":1000},{\"@type\":\"BreadcrumbList\",\"@id\":\"https:\\\/\\\/eralux.com\\\/fr\\\/produit\\\/versa-evolve\\\/#breadcrumb\",\"itemListElement\":[{\"@type\":\"ListItem\",\"position\":1,\"name\":\"Home\",\"item\":\"https:\\\/\\\/eralux.com\\\/fr\\\/\"},{\"@type\":\"ListItem\",\"position\":2,\"name\":\"Shop\",\"item\":\"https:\\\/\\\/eralux.com\\\/shop\\\/\"},{\"@type\":\"ListItem\",\"position\":3,\"name\":\"VERSA EVOLVE\"}]},{\"@type\":\"WebSite\",\"@id\":\"https:\\\/\\\/eralux.com\\\/fr\\\/#website\",\"url\":\"https:\\\/\\\/eralux.com\\\/fr\\\/\",\"name\":\"Eralux\",\"description\":\"World leader for Energy Saving LED Solutions\",\"publisher\":{\"@id\":\"https:\\\/\\\/eralux.com\\\/fr\\\/#organization\"},\"alternateName\":\"Led manufacturer Canada\",\"potentialAction\":[{\"@type\":\"SearchAction\",\"target\":{\"@type\":\"EntryPoint\",\"urlTemplate\":\"https:\\\/\\\/eralux.com\\\/fr\\\/?s={search_term_string}\"},\"query-input\":{\"@type\":\"PropertyValueSpecification\",\"valueRequired\":true,\"valueName\":\"search_term_string\"}}],\"inLanguage\":\"fr-FR\"},{\"@type\":\"Organization\",\"@id\":\"https:\\\/\\\/eralux.com\\\/fr\\\/#organization\",\"name\":\"Eralux\",\"url\":\"https:\\\/\\\/eralux.com\\\/fr\\\/\",\"logo\":{\"@type\":\"ImageObject\",\"inLanguage\":\"fr-FR\",\"@id\":\"https:\\\/\\\/eralux.com\\\/fr\\\/#\\\/schema\\\/logo\\\/image\\\/\",\"url\":\"https:\\\/\\\/eralux.com\\\/wp-content\\\/uploads\\\/2024\\\/01\\\/eralux-logo-trademark-R.png\",\"contentUrl\":\"https:\\\/\\\/eralux.com\\\/wp-content\\\/uploads\\\/2024\\\/01\\\/eralux-logo-trademark-R.png\",\"width\":1000,\"height\":446,\"caption\":\"Eralux\"},\"image\":{\"@id\":\"https:\\\/\\\/eralux.com\\\/fr\\\/#\\\/schema\\\/logo\\\/image\\\/\"},\"sameAs\":[\"https:\\\/\\\/www.facebook.com\\\/aeralux.corp\",\"https:\\\/\\\/x.com\\\/eralux_inc\"],\"description\":\"Save on energy with high-performance LED solutions. Choose Eralux for eco-friendly lighting. Explore our range today!\"}]}<\/script>\n<meta property=\"product:price:amount\" content=\"0.00\" \/>\n<meta property=\"product:price:currency\" content=\"CAD\" \/>\n<meta property=\"og:availability\" content=\"instock\" \/>\n<meta property=\"product:availability\" content=\"instock\" \/>\n<meta property=\"product:condition\" content=\"new\" \/>\n<!-- \/ Yoast SEO Premium plugin. -->","yoast_head_json":{"title":"VERSA EVOLVE - Eralux (Fabricant LED Canada)","description":"Pr\u00e9sentation de la nouvelle s\u00e9rie VERSA EVOLVE, avec sa capacit\u00e9 \u00e0 diriger la lumi\u00e8re au bon endroit \u00e0 chaque fois. Son faisceau r\u00e9glable s'incline jusqu'\u00e0 25\u00b0 et son angle de faisceau de 40\u00b0 \u00e9clairera vos espaces avec un flux lumineux encore plus \u00e9lev\u00e9. Avec son option s\u00e9lectionnable \u00e0 cinq CCT, la polyvalence du VERSA EVOLVE en fera le downlight parfait pour l\u2019int\u00e9rieur.","robots":{"index":"index","follow":"follow","max-snippet":"max-snippet:-1","max-image-preview":"max-image-preview:large","max-video-preview":"max-video-preview:-1"},"canonical":"https:\/\/eralux.com\/fr\/produit\/versa-evolve\/","og_locale":"fr_FR","og_type":"article","og_title":"VERSA EVOLVE","og_description":"Pr\u00e9sentation de la nouvelle s\u00e9rie VERSA EVOLVE, avec sa capacit\u00e9 \u00e0 diriger la lumi\u00e8re au bon endroit \u00e0 chaque fois. Son faisceau r\u00e9glable s'incline jusqu'\u00e0 25\u00b0 et son angle de faisceau de 40\u00b0 \u00e9clairera vos espaces avec un flux lumineux encore plus \u00e9lev\u00e9. Avec son option s\u00e9lectionnable \u00e0 cinq CCT, la polyvalence du VERSA EVOLVE en fera le downlight parfait pour l\u2019int\u00e9rieur.","og_url":"https:\/\/eralux.com\/fr\/produit\/versa-evolve\/","og_site_name":"Eralux","article_publisher":"https:\/\/www.facebook.com\/aeralux.corp","article_modified_time":"2025-08-05T14:19:46+00:00","og_image":[{"width":1000,"height":1000,"url":"https:\/\/eralux.com\/wp-content\/uploads\/2024\/01\/Versa-Evolve-4-1.png","type":"image\/png"}],"twitter_card":"summary_large_image","twitter_site":"@eralux_inc","twitter_misc":{"Prix":"&#36;0.00","Disponibilit\u00e9":"En stock"},"schema":{"@context":"https:\/\/schema.org","@graph":[{"@type":"WebPage","@id":"https:\/\/eralux.com\/fr\/produit\/versa-evolve\/","url":"https:\/\/eralux.com\/fr\/produit\/versa-evolve\/","name":"VERSA EVOLVE - Eralux (Fabricant LED Canada)","isPartOf":{"@id":"https:\/\/eralux.com\/fr\/#website"},"primaryImageOfPage":{"@id":"https:\/\/eralux.com\/fr\/produit\/versa-evolve\/#primaryimage"},"image":{"@id":"https:\/\/eralux.com\/fr\/produit\/versa-evolve\/#primaryimage"},"thumbnailUrl":"https:\/\/eralux.com\/wp-content\/uploads\/2024\/01\/Versa-Evolve-4-1.png","datePublished":"2024-01-08T14:25:48+00:00","dateModified":"2025-08-05T14:19:46+00:00","description":"Pr\u00e9sentation de la nouvelle s\u00e9rie VERSA EVOLVE, avec sa capacit\u00e9 \u00e0 diriger la lumi\u00e8re au bon endroit \u00e0 chaque fois. Son faisceau r\u00e9glable s'incline jusqu'\u00e0 25\u00b0 et son angle de faisceau de 40\u00b0 \u00e9clairera vos espaces avec un flux lumineux encore plus \u00e9lev\u00e9. Avec son option s\u00e9lectionnable \u00e0 cinq CCT, la polyvalence du VERSA EVOLVE en fera le downlight parfait pour l\u2019int\u00e9rieur.","breadcrumb":{"@id":"https:\/\/eralux.com\/fr\/produit\/versa-evolve\/#breadcrumb"},"inLanguage":"fr-FR","potentialAction":[{"@type":"ReadAction","target":["https:\/\/eralux.com\/fr\/produit\/versa-evolve\/"]}]},{"@type":"ImageObject","inLanguage":"fr-FR","@id":"https:\/\/eralux.com\/fr\/produit\/versa-evolve\/#primaryimage","url":"https:\/\/eralux.com\/wp-content\/uploads\/2024\/01\/Versa-Evolve-4-1.png","contentUrl":"https:\/\/eralux.com\/wp-content\/uploads\/2024\/01\/Versa-Evolve-4-1.png","width":1000,"height":1000},{"@type":"BreadcrumbList","@id":"https:\/\/eralux.com\/fr\/produit\/versa-evolve\/#breadcrumb","itemListElement":[{"@type":"ListItem","position":1,"name":"Home","item":"https:\/\/eralux.com\/fr\/"},{"@type":"ListItem","position":2,"name":"Shop","item":"https:\/\/eralux.com\/shop\/"},{"@type":"ListItem","position":3,"name":"VERSA EVOLVE"}]},{"@type":"WebSite","@id":"https:\/\/eralux.com\/fr\/#website","url":"https:\/\/eralux.com\/fr\/","name":"Eralux","description":"World leader for Energy Saving LED Solutions","publisher":{"@id":"https:\/\/eralux.com\/fr\/#organization"},"alternateName":"Led manufacturer Canada","potentialAction":[{"@type":"SearchAction","target":{"@type":"EntryPoint","urlTemplate":"https:\/\/eralux.com\/fr\/?s={search_term_string}"},"query-input":{"@type":"PropertyValueSpecification","valueRequired":true,"valueName":"search_term_string"}}],"inLanguage":"fr-FR"},{"@type":"Organization","@id":"https:\/\/eralux.com\/fr\/#organization","name":"Eralux","url":"https:\/\/eralux.com\/fr\/","logo":{"@type":"ImageObject","inLanguage":"fr-FR","@id":"https:\/\/eralux.com\/fr\/#\/schema\/logo\/image\/","url":"https:\/\/eralux.com\/wp-content\/uploads\/2024\/01\/eralux-logo-trademark-R.png","contentUrl":"https:\/\/eralux.com\/wp-content\/uploads\/2024\/01\/eralux-logo-trademark-R.png","width":1000,"height":446,"caption":"Eralux"},"image":{"@id":"https:\/\/eralux.com\/fr\/#\/schema\/logo\/image\/"},"sameAs":["https:\/\/www.facebook.com\/aeralux.corp","https:\/\/x.com\/eralux_inc"],"description":"Save on energy with high-performance LED solutions. Choose Eralux for eco-friendly lighting. Explore our range today!"}]},"product_price_amount":"0.00","product_price_currency":"CAD","og_availability":"instock","product_availability":"instock","product_condition":"new"},"_links":{"self":[{"href":"https:\/\/eralux.com\/fr\/wp-json\/wp\/v2\/product\/5982","targetHints":{"allow":["GET"]}}],"collection":[{"href":"https:\/\/eralux.com\/fr\/wp-json\/wp\/v2\/product"}],"about":[{"href":"https:\/\/eralux.com\/fr\/wp-json\/wp\/v2\/types\/product"}],"replies":[{"embeddable":true,"href":"https:\/\/eralux.com\/fr\/wp-json\/wp\/v2\/comments?post=5982"}],"wp:featuredmedia":[{"embeddable":true,"href":"https:\/\/eralux.com\/fr\/wp-json\/wp\/v2\/media\/8479"}],"wp:attachment":[{"href":"https:\/\/eralux.com\/fr\/wp-json\/wp\/v2\/media?parent=5982"}],"wp:term":[{"taxonomy":"product_brand","embeddable":true,"href":"https:\/\/eralux.com\/fr\/wp-json\/wp\/v2\/product_brand?post=5982"},{"taxonomy":"product_cat","embeddable":true,"href":"https:\/\/eralux.com\/fr\/wp-json\/wp\/v2\/product_cat?post=5982"},{"taxonomy":"product_tag","embeddable":true,"href":"https:\/\/eralux.com\/fr\/wp-json\/wp\/v2\/product_tag?post=5982"}],"curies":[{"name":"wp","href":"https:\/\/api.w.org\/{rel}","templated":true}]}}