{"id":5991,"date":"2024-01-08T14:31:03","date_gmt":"2024-01-08T14:31:03","guid":{"rendered":"https:\/\/eralux.com\/?post_type=product&#038;p=5991"},"modified":"2025-08-13T20:39:37","modified_gmt":"2025-08-13T20:39:37","slug":"double-ring","status":"publish","type":"product","link":"https:\/\/eralux.com\/fr\/produit\/double-ring\/","title":{"rendered":"DOUBLE RING"},"content":{"rendered":"<p>La 2e s\u00e9rie Double RING est un choix id\u00e9al pour les maisons, offrant une transition en douceur entre les diff\u00e9rentes zones gr\u00e2ce \u00e0 sa source lumineuse polyvalente. Disponible en 15W, 20W et 28W, elle offre cinq niveaux de commutation CCT. De plus, elle permet une mise \u00e0 niveau rapide des technologies d&#8217;\u00e9clairage traditionnelles gr\u00e2ce \u00e0 sa fonction de gradation TRIAC.<\/p>\n","protected":false},"excerpt":{"rendered":"<p>Downlight mont\u00e9 en surface<\/p>\n","protected":false},"featured_media":7738,"comment_status":"open","ping_status":"closed","template":"","meta":{"inline_featured_image":false},"product_brand":[],"product_cat":[1653],"product_tag":[],"class_list":{"0":"post-5991","1":"product","2":"type-product","3":"status-publish","4":"has-post-thumbnail","6":"spec_sheets-01-fr","7":"spec_sheets-830-fr","8":"spec_sheets-835-fr","9":"spec_sheets-a10-fr","10":"spec_sheets-840-fr","11":"spec_sheets-a12-fr","12":"spec_sheets-a14-fr","13":"spec_sheets-a16-fr","14":"spec_sheets-generation-fr","15":"spec_sheets-forme-et-taille","16":"spec_sheets-cct-cri-fr","17":"spec_sheets-12-fr-5","18":"spec_sheets-16-fr","19":"spec_sheets-25-fr-7","20":"spec_sheets-puissance","21":"product_applications-bureau-commercial","22":"product_applications-education-fr","23":"product_applications-magasin-de-mode","24":"product_applications-sante","25":"product_applications-hotellerie","26":"product_segments-luminaires-encastres","27":"product_cat-ae-dl-dr-fr","29":"first","30":"instock","31":"shipping-taxable","32":"purchasable","33":"product-type-simple"},"yoast_head":"<!-- This site is optimized with the Yoast SEO Premium plugin v24.2 (Yoast SEO v27.5) - https:\/\/yoast.com\/product\/yoast-seo-premium-wordpress\/ -->\n<title>DOUBLE RING - Eralux<\/title>\n<meta name=\"description\" content=\"La 2e s\u00e9rie Double RING est un choix id\u00e9al pour les maisons, offrant une transition en douceur entre les diff\u00e9rentes zones gr\u00e2ce \u00e0 sa source lumineuse polyvalente. Disponible en 15W, 20W et 25W, elle offre cinq niveaux de commutation CCT. De plus, elle permet une mise \u00e0 niveau rapide des technologies d&#039;\u00e9clairage traditionnelles gr\u00e2ce \u00e0 sa fonction de gradation TRIAC.\" \/>\n<meta name=\"robots\" content=\"index, follow, max-snippet:-1, max-image-preview:large, max-video-preview:-1\" \/>\n<link rel=\"canonical\" href=\"https:\/\/eralux.com\/fr\/produit\/double-ring\/\" \/>\n<meta property=\"og:locale\" content=\"fr_FR\" \/>\n<meta property=\"og:type\" content=\"article\" \/>\n<meta property=\"og:title\" content=\"DOUBLE RING\" \/>\n<meta property=\"og:description\" content=\"La 2e s\u00e9rie Double RING est un choix id\u00e9al pour les maisons, offrant une transition en douceur entre les diff\u00e9rentes zones gr\u00e2ce \u00e0 sa source lumineuse polyvalente. Disponible en 15W, 20W et 25W, elle offre cinq niveaux de commutation CCT. De plus, elle permet une mise \u00e0 niveau rapide des technologies d&#039;\u00e9clairage traditionnelles gr\u00e2ce \u00e0 sa fonction de gradation TRIAC.\" \/>\n<meta property=\"og:url\" content=\"https:\/\/eralux.com\/fr\/produit\/double-ring\/\" \/>\n<meta property=\"og:site_name\" content=\"Eralux\" \/>\n<meta property=\"article:publisher\" content=\"https:\/\/www.facebook.com\/aeralux.corp\" \/>\n<meta property=\"article:modified_time\" content=\"2025-08-13T20:39:37+00:00\" \/>\n<meta property=\"og:image\" content=\"https:\/\/eralux.com\/wp-content\/uploads\/2024\/01\/Double-Ring-2.png\" \/>\n\t<meta property=\"og:image:width\" content=\"1000\" \/>\n\t<meta property=\"og:image:height\" content=\"1000\" \/>\n\t<meta property=\"og:image:type\" content=\"image\/png\" \/>\n<meta name=\"twitter:card\" content=\"summary_large_image\" \/>\n<meta name=\"twitter:site\" content=\"@eralux_inc\" \/>\n<meta name=\"twitter:label1\" content=\"Prix\" \/>\n\t<meta name=\"twitter:data1\" content=\"&#036;0.00\" \/>\n\t<meta name=\"twitter:label2\" content=\"Disponibilit\u00e9\" \/>\n\t<meta name=\"twitter:data2\" content=\"En stock\" \/>\n<script type=\"application\/ld+json\" class=\"yoast-schema-graph\">{\"@context\":\"https:\\\/\\\/schema.org\",\"@graph\":[{\"@type\":\"WebPage\",\"@id\":\"https:\\\/\\\/eralux.com\\\/fr\\\/produit\\\/double-ring\\\/\",\"url\":\"https:\\\/\\\/eralux.com\\\/fr\\\/produit\\\/double-ring\\\/\",\"name\":\"DOUBLE RING - Eralux\",\"isPartOf\":{\"@id\":\"https:\\\/\\\/eralux.com\\\/fr\\\/#website\"},\"primaryImageOfPage\":{\"@id\":\"https:\\\/\\\/eralux.com\\\/fr\\\/produit\\\/double-ring\\\/#primaryimage\"},\"image\":{\"@id\":\"https:\\\/\\\/eralux.com\\\/fr\\\/produit\\\/double-ring\\\/#primaryimage\"},\"thumbnailUrl\":\"https:\\\/\\\/eralux.com\\\/wp-content\\\/uploads\\\/2024\\\/01\\\/Double-Ring-2.png\",\"datePublished\":\"2024-01-08T14:31:03+00:00\",\"dateModified\":\"2025-08-13T20:39:37+00:00\",\"description\":\"La 2e s\u00e9rie Double RING est un choix id\u00e9al pour les maisons, offrant une transition en douceur entre les diff\u00e9rentes zones gr\u00e2ce \u00e0 sa source lumineuse polyvalente. Disponible en 15W, 20W et 25W, elle offre cinq niveaux de commutation CCT. De plus, elle permet une mise \u00e0 niveau rapide des technologies d'\u00e9clairage traditionnelles gr\u00e2ce \u00e0 sa fonction de gradation TRIAC.\",\"breadcrumb\":{\"@id\":\"https:\\\/\\\/eralux.com\\\/fr\\\/produit\\\/double-ring\\\/#breadcrumb\"},\"inLanguage\":\"fr-FR\",\"potentialAction\":[{\"@type\":\"ReadAction\",\"target\":[\"https:\\\/\\\/eralux.com\\\/fr\\\/produit\\\/double-ring\\\/\"]}]},{\"@type\":\"ImageObject\",\"inLanguage\":\"fr-FR\",\"@id\":\"https:\\\/\\\/eralux.com\\\/fr\\\/produit\\\/double-ring\\\/#primaryimage\",\"url\":\"https:\\\/\\\/eralux.com\\\/wp-content\\\/uploads\\\/2024\\\/01\\\/Double-Ring-2.png\",\"contentUrl\":\"https:\\\/\\\/eralux.com\\\/wp-content\\\/uploads\\\/2024\\\/01\\\/Double-Ring-2.png\",\"width\":1000,\"height\":1000},{\"@type\":\"BreadcrumbList\",\"@id\":\"https:\\\/\\\/eralux.com\\\/fr\\\/produit\\\/double-ring\\\/#breadcrumb\",\"itemListElement\":[{\"@type\":\"ListItem\",\"position\":1,\"name\":\"Home\",\"item\":\"https:\\\/\\\/eralux.com\\\/fr\\\/\"},{\"@type\":\"ListItem\",\"position\":2,\"name\":\"Shop\",\"item\":\"https:\\\/\\\/eralux.com\\\/shop\\\/\"},{\"@type\":\"ListItem\",\"position\":3,\"name\":\"DOUBLE RING\"}]},{\"@type\":\"WebSite\",\"@id\":\"https:\\\/\\\/eralux.com\\\/fr\\\/#website\",\"url\":\"https:\\\/\\\/eralux.com\\\/fr\\\/\",\"name\":\"Eralux\",\"description\":\"World leader for Energy Saving LED Solutions\",\"publisher\":{\"@id\":\"https:\\\/\\\/eralux.com\\\/fr\\\/#organization\"},\"alternateName\":\"Led manufacturer Canada\",\"potentialAction\":[{\"@type\":\"SearchAction\",\"target\":{\"@type\":\"EntryPoint\",\"urlTemplate\":\"https:\\\/\\\/eralux.com\\\/fr\\\/?s={search_term_string}\"},\"query-input\":{\"@type\":\"PropertyValueSpecification\",\"valueRequired\":true,\"valueName\":\"search_term_string\"}}],\"inLanguage\":\"fr-FR\"},{\"@type\":\"Organization\",\"@id\":\"https:\\\/\\\/eralux.com\\\/fr\\\/#organization\",\"name\":\"Eralux\",\"url\":\"https:\\\/\\\/eralux.com\\\/fr\\\/\",\"logo\":{\"@type\":\"ImageObject\",\"inLanguage\":\"fr-FR\",\"@id\":\"https:\\\/\\\/eralux.com\\\/fr\\\/#\\\/schema\\\/logo\\\/image\\\/\",\"url\":\"https:\\\/\\\/eralux.com\\\/wp-content\\\/uploads\\\/2024\\\/01\\\/eralux-logo-trademark-R.png\",\"contentUrl\":\"https:\\\/\\\/eralux.com\\\/wp-content\\\/uploads\\\/2024\\\/01\\\/eralux-logo-trademark-R.png\",\"width\":1000,\"height\":446,\"caption\":\"Eralux\"},\"image\":{\"@id\":\"https:\\\/\\\/eralux.com\\\/fr\\\/#\\\/schema\\\/logo\\\/image\\\/\"},\"sameAs\":[\"https:\\\/\\\/www.facebook.com\\\/aeralux.corp\",\"https:\\\/\\\/x.com\\\/eralux_inc\"],\"description\":\"Save on energy with high-performance LED solutions. Choose Eralux for eco-friendly lighting. Explore our range today!\"}]}<\/script>\n<meta property=\"product:price:amount\" content=\"0.00\" \/>\n<meta property=\"product:price:currency\" content=\"CAD\" \/>\n<meta property=\"og:availability\" content=\"instock\" \/>\n<meta property=\"product:availability\" content=\"instock\" \/>\n<meta property=\"product:condition\" content=\"new\" \/>\n<!-- \/ Yoast SEO Premium plugin. -->","yoast_head_json":{"title":"DOUBLE RING - Eralux","description":"La 2e s\u00e9rie Double RING est un choix id\u00e9al pour les maisons, offrant une transition en douceur entre les diff\u00e9rentes zones gr\u00e2ce \u00e0 sa source lumineuse polyvalente. Disponible en 15W, 20W et 25W, elle offre cinq niveaux de commutation CCT. De plus, elle permet une mise \u00e0 niveau rapide des technologies d'\u00e9clairage traditionnelles gr\u00e2ce \u00e0 sa fonction de gradation TRIAC.","robots":{"index":"index","follow":"follow","max-snippet":"max-snippet:-1","max-image-preview":"max-image-preview:large","max-video-preview":"max-video-preview:-1"},"canonical":"https:\/\/eralux.com\/fr\/produit\/double-ring\/","og_locale":"fr_FR","og_type":"article","og_title":"DOUBLE RING","og_description":"La 2e s\u00e9rie Double RING est un choix id\u00e9al pour les maisons, offrant une transition en douceur entre les diff\u00e9rentes zones gr\u00e2ce \u00e0 sa source lumineuse polyvalente. Disponible en 15W, 20W et 25W, elle offre cinq niveaux de commutation CCT. De plus, elle permet une mise \u00e0 niveau rapide des technologies d'\u00e9clairage traditionnelles gr\u00e2ce \u00e0 sa fonction de gradation TRIAC.","og_url":"https:\/\/eralux.com\/fr\/produit\/double-ring\/","og_site_name":"Eralux","article_publisher":"https:\/\/www.facebook.com\/aeralux.corp","article_modified_time":"2025-08-13T20:39:37+00:00","og_image":[{"width":1000,"height":1000,"url":"https:\/\/eralux.com\/wp-content\/uploads\/2024\/01\/Double-Ring-2.png","type":"image\/png"}],"twitter_card":"summary_large_image","twitter_site":"@eralux_inc","twitter_misc":{"Prix":"&#36;0.00","Disponibilit\u00e9":"En stock"},"schema":{"@context":"https:\/\/schema.org","@graph":[{"@type":"WebPage","@id":"https:\/\/eralux.com\/fr\/produit\/double-ring\/","url":"https:\/\/eralux.com\/fr\/produit\/double-ring\/","name":"DOUBLE RING - Eralux","isPartOf":{"@id":"https:\/\/eralux.com\/fr\/#website"},"primaryImageOfPage":{"@id":"https:\/\/eralux.com\/fr\/produit\/double-ring\/#primaryimage"},"image":{"@id":"https:\/\/eralux.com\/fr\/produit\/double-ring\/#primaryimage"},"thumbnailUrl":"https:\/\/eralux.com\/wp-content\/uploads\/2024\/01\/Double-Ring-2.png","datePublished":"2024-01-08T14:31:03+00:00","dateModified":"2025-08-13T20:39:37+00:00","description":"La 2e s\u00e9rie Double RING est un choix id\u00e9al pour les maisons, offrant une transition en douceur entre les diff\u00e9rentes zones gr\u00e2ce \u00e0 sa source lumineuse polyvalente. Disponible en 15W, 20W et 25W, elle offre cinq niveaux de commutation CCT. De plus, elle permet une mise \u00e0 niveau rapide des technologies d'\u00e9clairage traditionnelles gr\u00e2ce \u00e0 sa fonction de gradation TRIAC.","breadcrumb":{"@id":"https:\/\/eralux.com\/fr\/produit\/double-ring\/#breadcrumb"},"inLanguage":"fr-FR","potentialAction":[{"@type":"ReadAction","target":["https:\/\/eralux.com\/fr\/produit\/double-ring\/"]}]},{"@type":"ImageObject","inLanguage":"fr-FR","@id":"https:\/\/eralux.com\/fr\/produit\/double-ring\/#primaryimage","url":"https:\/\/eralux.com\/wp-content\/uploads\/2024\/01\/Double-Ring-2.png","contentUrl":"https:\/\/eralux.com\/wp-content\/uploads\/2024\/01\/Double-Ring-2.png","width":1000,"height":1000},{"@type":"BreadcrumbList","@id":"https:\/\/eralux.com\/fr\/produit\/double-ring\/#breadcrumb","itemListElement":[{"@type":"ListItem","position":1,"name":"Home","item":"https:\/\/eralux.com\/fr\/"},{"@type":"ListItem","position":2,"name":"Shop","item":"https:\/\/eralux.com\/shop\/"},{"@type":"ListItem","position":3,"name":"DOUBLE RING"}]},{"@type":"WebSite","@id":"https:\/\/eralux.com\/fr\/#website","url":"https:\/\/eralux.com\/fr\/","name":"Eralux","description":"World leader for Energy Saving LED Solutions","publisher":{"@id":"https:\/\/eralux.com\/fr\/#organization"},"alternateName":"Led manufacturer Canada","potentialAction":[{"@type":"SearchAction","target":{"@type":"EntryPoint","urlTemplate":"https:\/\/eralux.com\/fr\/?s={search_term_string}"},"query-input":{"@type":"PropertyValueSpecification","valueRequired":true,"valueName":"search_term_string"}}],"inLanguage":"fr-FR"},{"@type":"Organization","@id":"https:\/\/eralux.com\/fr\/#organization","name":"Eralux","url":"https:\/\/eralux.com\/fr\/","logo":{"@type":"ImageObject","inLanguage":"fr-FR","@id":"https:\/\/eralux.com\/fr\/#\/schema\/logo\/image\/","url":"https:\/\/eralux.com\/wp-content\/uploads\/2024\/01\/eralux-logo-trademark-R.png","contentUrl":"https:\/\/eralux.com\/wp-content\/uploads\/2024\/01\/eralux-logo-trademark-R.png","width":1000,"height":446,"caption":"Eralux"},"image":{"@id":"https:\/\/eralux.com\/fr\/#\/schema\/logo\/image\/"},"sameAs":["https:\/\/www.facebook.com\/aeralux.corp","https:\/\/x.com\/eralux_inc"],"description":"Save on energy with high-performance LED solutions. Choose Eralux for eco-friendly lighting. Explore our range today!"}]},"product_price_amount":"0.00","product_price_currency":"CAD","og_availability":"instock","product_availability":"instock","product_condition":"new"},"_links":{"self":[{"href":"https:\/\/eralux.com\/fr\/wp-json\/wp\/v2\/product\/5991","targetHints":{"allow":["GET"]}}],"collection":[{"href":"https:\/\/eralux.com\/fr\/wp-json\/wp\/v2\/product"}],"about":[{"href":"https:\/\/eralux.com\/fr\/wp-json\/wp\/v2\/types\/product"}],"replies":[{"embeddable":true,"href":"https:\/\/eralux.com\/fr\/wp-json\/wp\/v2\/comments?post=5991"}],"wp:featuredmedia":[{"embeddable":true,"href":"https:\/\/eralux.com\/fr\/wp-json\/wp\/v2\/media\/7738"}],"wp:attachment":[{"href":"https:\/\/eralux.com\/fr\/wp-json\/wp\/v2\/media?parent=5991"}],"wp:term":[{"taxonomy":"product_brand","embeddable":true,"href":"https:\/\/eralux.com\/fr\/wp-json\/wp\/v2\/product_brand?post=5991"},{"taxonomy":"product_cat","embeddable":true,"href":"https:\/\/eralux.com\/fr\/wp-json\/wp\/v2\/product_cat?post=5991"},{"taxonomy":"product_tag","embeddable":true,"href":"https:\/\/eralux.com\/fr\/wp-json\/wp\/v2\/product_tag?post=5991"}],"curies":[{"name":"wp","href":"https:\/\/api.w.org\/{rel}","templated":true}]}}