{"id":6015,"date":"2024-01-08T14:45:45","date_gmt":"2024-01-08T14:45:45","guid":{"rendered":"https:\/\/eralux.com\/?post_type=product&#038;p=6015"},"modified":"2025-08-05T14:15:38","modified_gmt":"2025-08-05T14:15:38","slug":"slima","status":"publish","type":"product","link":"https:\/\/eralux.com\/fr\/produit\/slima\/","title":{"rendered":"SLIMA"},"content":{"rendered":"<p>Le downlight LED de la s\u00e9rie SLIMA est id\u00e9al pour les r\u00e9novations et les nouvelles constructions. Ses clips de bo\u00eetier \u00e0 ressort facilitent l&#8217;installation, et le commutateur CCT s\u00e9lectionnable vous permet de r\u00e9gler la temp\u00e9rature de couleur de 2700K \u00e0 5000K. Disponible en 4&#8243; et 6&#8243;, il est disponible en blanc et noir, offrant une option d&#8217;\u00e9clairage polyvalente pour n&#8217;importe quel espace.<\/p>\n","protected":false},"excerpt":{"rendered":"<p>4&#8243; &#8211; 6&#8243; Downlight encastr\u00e9 pour r\u00e9novation ou nouvelle construction<\/p>\n","protected":false},"featured_media":17606,"comment_status":"open","ping_status":"closed","template":"","meta":{"inline_featured_image":false},"product_brand":[],"product_cat":[1736],"product_tag":[],"class_list":{"0":"post-6015","1":"product","2":"type-product","3":"status-publish","4":"has-post-thumbnail","6":"spec_sheets-04-fr-2","7":"spec_sheets-06-fr","8":"spec_sheets-wh-fr","9":"spec_sheets-bk-fr","10":"spec_sheets-forme-et-taille","11":"spec_sheets-finition","12":"product_applications-bureau-commercial","13":"product_applications-education-fr","14":"product_applications-magasin-de-mode","15":"product_applications-sante","16":"product_applications-hotellerie","17":"product_segments-luminaires-encastres","18":"product_cat-ae-dl-sl-fr","20":"first","21":"instock","22":"shipping-taxable","23":"purchasable","24":"product-type-simple"},"yoast_head":"<!-- This site is optimized with the Yoast SEO Premium plugin v24.2 (Yoast SEO v27.4) - https:\/\/yoast.com\/product\/yoast-seo-premium-wordpress\/ -->\n<title>SLIMA - Eralux<\/title>\n<meta name=\"description\" content=\"Le downlight LED de la s\u00e9rie SLIMA est id\u00e9al pour les r\u00e9novations et les nouvelles constructions. Ses clips de bo\u00eetier \u00e0 ressort facilitent l&#039;installation, et le commutateur CCT s\u00e9lectionnable vous permet de r\u00e9gler la temp\u00e9rature de couleur de 2700K \u00e0 5000K. Disponible en 4&quot; et 6&quot;, il est disponible en blanc et noir, offrant une option d&#039;\u00e9clairage polyvalente pour n&#039;importe quel espace.\" \/>\n<meta name=\"robots\" content=\"index, follow, max-snippet:-1, max-image-preview:large, max-video-preview:-1\" \/>\n<link rel=\"canonical\" href=\"https:\/\/eralux.com\/fr\/produit\/slima\/\" \/>\n<meta property=\"og:locale\" content=\"fr_FR\" \/>\n<meta property=\"og:type\" content=\"article\" \/>\n<meta property=\"og:title\" content=\"SLIMA\" \/>\n<meta property=\"og:description\" content=\"Le downlight LED de la s\u00e9rie SLIMA est id\u00e9al pour les r\u00e9novations et les nouvelles constructions. Ses clips de bo\u00eetier \u00e0 ressort facilitent l&#039;installation, et le commutateur CCT s\u00e9lectionnable vous permet de r\u00e9gler la temp\u00e9rature de couleur de 2700K \u00e0 5000K. Disponible en 4&quot; et 6&quot;, il est disponible en blanc et noir, offrant une option d&#039;\u00e9clairage polyvalente pour n&#039;importe quel espace.\" \/>\n<meta property=\"og:url\" content=\"https:\/\/eralux.com\/fr\/produit\/slima\/\" \/>\n<meta property=\"og:site_name\" content=\"Eralux\" \/>\n<meta property=\"article:publisher\" content=\"https:\/\/www.facebook.com\/aeralux.corp\" \/>\n<meta property=\"article:modified_time\" content=\"2025-08-05T14:15:38+00:00\" \/>\n<meta property=\"og:image\" content=\"https:\/\/eralux.com\/wp-content\/uploads\/2024\/01\/1-BD.png\" \/>\n\t<meta property=\"og:image:width\" content=\"1000\" \/>\n\t<meta property=\"og:image:height\" content=\"1000\" \/>\n\t<meta property=\"og:image:type\" content=\"image\/png\" \/>\n<meta name=\"twitter:card\" content=\"summary_large_image\" \/>\n<meta name=\"twitter:site\" content=\"@eralux_inc\" \/>\n<meta name=\"twitter:label1\" content=\"Prix\" \/>\n\t<meta name=\"twitter:data1\" content=\"&#036;0.00\" \/>\n\t<meta name=\"twitter:label2\" content=\"Disponibilit\u00e9\" \/>\n\t<meta name=\"twitter:data2\" content=\"En stock\" \/>\n<script type=\"application\/ld+json\" class=\"yoast-schema-graph\">{\"@context\":\"https:\\\/\\\/schema.org\",\"@graph\":[{\"@type\":\"WebPage\",\"@id\":\"https:\\\/\\\/eralux.com\\\/fr\\\/produit\\\/slima\\\/\",\"url\":\"https:\\\/\\\/eralux.com\\\/fr\\\/produit\\\/slima\\\/\",\"name\":\"SLIMA - Eralux\",\"isPartOf\":{\"@id\":\"https:\\\/\\\/eralux.com\\\/fr\\\/#website\"},\"primaryImageOfPage\":{\"@id\":\"https:\\\/\\\/eralux.com\\\/fr\\\/produit\\\/slima\\\/#primaryimage\"},\"image\":{\"@id\":\"https:\\\/\\\/eralux.com\\\/fr\\\/produit\\\/slima\\\/#primaryimage\"},\"thumbnailUrl\":\"https:\\\/\\\/eralux.com\\\/wp-content\\\/uploads\\\/2024\\\/01\\\/1-BD.png\",\"datePublished\":\"2024-01-08T14:45:45+00:00\",\"dateModified\":\"2025-08-05T14:15:38+00:00\",\"description\":\"Le downlight LED de la s\u00e9rie SLIMA est id\u00e9al pour les r\u00e9novations et les nouvelles constructions. Ses clips de bo\u00eetier \u00e0 ressort facilitent l'installation, et le commutateur CCT s\u00e9lectionnable vous permet de r\u00e9gler la temp\u00e9rature de couleur de 2700K \u00e0 5000K. Disponible en 4\\\" et 6\\\", il est disponible en blanc et noir, offrant une option d'\u00e9clairage polyvalente pour n'importe quel espace.\",\"breadcrumb\":{\"@id\":\"https:\\\/\\\/eralux.com\\\/fr\\\/produit\\\/slima\\\/#breadcrumb\"},\"inLanguage\":\"fr-FR\",\"potentialAction\":[{\"@type\":\"ReadAction\",\"target\":[\"https:\\\/\\\/eralux.com\\\/fr\\\/produit\\\/slima\\\/\"]}]},{\"@type\":\"ImageObject\",\"inLanguage\":\"fr-FR\",\"@id\":\"https:\\\/\\\/eralux.com\\\/fr\\\/produit\\\/slima\\\/#primaryimage\",\"url\":\"https:\\\/\\\/eralux.com\\\/wp-content\\\/uploads\\\/2024\\\/01\\\/1-BD.png\",\"contentUrl\":\"https:\\\/\\\/eralux.com\\\/wp-content\\\/uploads\\\/2024\\\/01\\\/1-BD.png\",\"width\":1000,\"height\":1000},{\"@type\":\"BreadcrumbList\",\"@id\":\"https:\\\/\\\/eralux.com\\\/fr\\\/produit\\\/slima\\\/#breadcrumb\",\"itemListElement\":[{\"@type\":\"ListItem\",\"position\":1,\"name\":\"Home\",\"item\":\"https:\\\/\\\/eralux.com\\\/fr\\\/\"},{\"@type\":\"ListItem\",\"position\":2,\"name\":\"Shop\",\"item\":\"https:\\\/\\\/eralux.com\\\/shop\\\/\"},{\"@type\":\"ListItem\",\"position\":3,\"name\":\"SLIMA\"}]},{\"@type\":\"WebSite\",\"@id\":\"https:\\\/\\\/eralux.com\\\/fr\\\/#website\",\"url\":\"https:\\\/\\\/eralux.com\\\/fr\\\/\",\"name\":\"Eralux\",\"description\":\"World leader for Energy Saving LED Solutions\",\"publisher\":{\"@id\":\"https:\\\/\\\/eralux.com\\\/fr\\\/#organization\"},\"alternateName\":\"Led manufacturer Canada\",\"potentialAction\":[{\"@type\":\"SearchAction\",\"target\":{\"@type\":\"EntryPoint\",\"urlTemplate\":\"https:\\\/\\\/eralux.com\\\/fr\\\/?s={search_term_string}\"},\"query-input\":{\"@type\":\"PropertyValueSpecification\",\"valueRequired\":true,\"valueName\":\"search_term_string\"}}],\"inLanguage\":\"fr-FR\"},{\"@type\":\"Organization\",\"@id\":\"https:\\\/\\\/eralux.com\\\/fr\\\/#organization\",\"name\":\"Eralux\",\"url\":\"https:\\\/\\\/eralux.com\\\/fr\\\/\",\"logo\":{\"@type\":\"ImageObject\",\"inLanguage\":\"fr-FR\",\"@id\":\"https:\\\/\\\/eralux.com\\\/fr\\\/#\\\/schema\\\/logo\\\/image\\\/\",\"url\":\"https:\\\/\\\/eralux.com\\\/wp-content\\\/uploads\\\/2024\\\/01\\\/eralux-logo-trademark-R.png\",\"contentUrl\":\"https:\\\/\\\/eralux.com\\\/wp-content\\\/uploads\\\/2024\\\/01\\\/eralux-logo-trademark-R.png\",\"width\":1000,\"height\":446,\"caption\":\"Eralux\"},\"image\":{\"@id\":\"https:\\\/\\\/eralux.com\\\/fr\\\/#\\\/schema\\\/logo\\\/image\\\/\"},\"sameAs\":[\"https:\\\/\\\/www.facebook.com\\\/aeralux.corp\",\"https:\\\/\\\/x.com\\\/eralux_inc\"],\"description\":\"Save on energy with high-performance LED solutions. Choose Eralux for eco-friendly lighting. Explore our range today!\"}]}<\/script>\n<meta property=\"product:price:amount\" content=\"0.00\" \/>\n<meta property=\"product:price:currency\" content=\"CAD\" \/>\n<meta property=\"og:availability\" content=\"instock\" \/>\n<meta property=\"product:availability\" content=\"instock\" \/>\n<meta property=\"product:condition\" content=\"new\" \/>\n<!-- \/ Yoast SEO Premium plugin. -->","yoast_head_json":{"title":"SLIMA - Eralux","description":"Le downlight LED de la s\u00e9rie SLIMA est id\u00e9al pour les r\u00e9novations et les nouvelles constructions. Ses clips de bo\u00eetier \u00e0 ressort facilitent l'installation, et le commutateur CCT s\u00e9lectionnable vous permet de r\u00e9gler la temp\u00e9rature de couleur de 2700K \u00e0 5000K. Disponible en 4\" et 6\", il est disponible en blanc et noir, offrant une option d'\u00e9clairage polyvalente pour n'importe quel espace.","robots":{"index":"index","follow":"follow","max-snippet":"max-snippet:-1","max-image-preview":"max-image-preview:large","max-video-preview":"max-video-preview:-1"},"canonical":"https:\/\/eralux.com\/fr\/produit\/slima\/","og_locale":"fr_FR","og_type":"article","og_title":"SLIMA","og_description":"Le downlight LED de la s\u00e9rie SLIMA est id\u00e9al pour les r\u00e9novations et les nouvelles constructions. Ses clips de bo\u00eetier \u00e0 ressort facilitent l'installation, et le commutateur CCT s\u00e9lectionnable vous permet de r\u00e9gler la temp\u00e9rature de couleur de 2700K \u00e0 5000K. Disponible en 4\" et 6\", il est disponible en blanc et noir, offrant une option d'\u00e9clairage polyvalente pour n'importe quel espace.","og_url":"https:\/\/eralux.com\/fr\/produit\/slima\/","og_site_name":"Eralux","article_publisher":"https:\/\/www.facebook.com\/aeralux.corp","article_modified_time":"2025-08-05T14:15:38+00:00","og_image":[{"width":1000,"height":1000,"url":"https:\/\/eralux.com\/wp-content\/uploads\/2024\/01\/1-BD.png","type":"image\/png"}],"twitter_card":"summary_large_image","twitter_site":"@eralux_inc","twitter_misc":{"Prix":"&#36;0.00","Disponibilit\u00e9":"En stock"},"schema":{"@context":"https:\/\/schema.org","@graph":[{"@type":"WebPage","@id":"https:\/\/eralux.com\/fr\/produit\/slima\/","url":"https:\/\/eralux.com\/fr\/produit\/slima\/","name":"SLIMA - Eralux","isPartOf":{"@id":"https:\/\/eralux.com\/fr\/#website"},"primaryImageOfPage":{"@id":"https:\/\/eralux.com\/fr\/produit\/slima\/#primaryimage"},"image":{"@id":"https:\/\/eralux.com\/fr\/produit\/slima\/#primaryimage"},"thumbnailUrl":"https:\/\/eralux.com\/wp-content\/uploads\/2024\/01\/1-BD.png","datePublished":"2024-01-08T14:45:45+00:00","dateModified":"2025-08-05T14:15:38+00:00","description":"Le downlight LED de la s\u00e9rie SLIMA est id\u00e9al pour les r\u00e9novations et les nouvelles constructions. Ses clips de bo\u00eetier \u00e0 ressort facilitent l'installation, et le commutateur CCT s\u00e9lectionnable vous permet de r\u00e9gler la temp\u00e9rature de couleur de 2700K \u00e0 5000K. Disponible en 4\" et 6\", il est disponible en blanc et noir, offrant une option d'\u00e9clairage polyvalente pour n'importe quel espace.","breadcrumb":{"@id":"https:\/\/eralux.com\/fr\/produit\/slima\/#breadcrumb"},"inLanguage":"fr-FR","potentialAction":[{"@type":"ReadAction","target":["https:\/\/eralux.com\/fr\/produit\/slima\/"]}]},{"@type":"ImageObject","inLanguage":"fr-FR","@id":"https:\/\/eralux.com\/fr\/produit\/slima\/#primaryimage","url":"https:\/\/eralux.com\/wp-content\/uploads\/2024\/01\/1-BD.png","contentUrl":"https:\/\/eralux.com\/wp-content\/uploads\/2024\/01\/1-BD.png","width":1000,"height":1000},{"@type":"BreadcrumbList","@id":"https:\/\/eralux.com\/fr\/produit\/slima\/#breadcrumb","itemListElement":[{"@type":"ListItem","position":1,"name":"Home","item":"https:\/\/eralux.com\/fr\/"},{"@type":"ListItem","position":2,"name":"Shop","item":"https:\/\/eralux.com\/shop\/"},{"@type":"ListItem","position":3,"name":"SLIMA"}]},{"@type":"WebSite","@id":"https:\/\/eralux.com\/fr\/#website","url":"https:\/\/eralux.com\/fr\/","name":"Eralux","description":"World leader for Energy Saving LED Solutions","publisher":{"@id":"https:\/\/eralux.com\/fr\/#organization"},"alternateName":"Led manufacturer Canada","potentialAction":[{"@type":"SearchAction","target":{"@type":"EntryPoint","urlTemplate":"https:\/\/eralux.com\/fr\/?s={search_term_string}"},"query-input":{"@type":"PropertyValueSpecification","valueRequired":true,"valueName":"search_term_string"}}],"inLanguage":"fr-FR"},{"@type":"Organization","@id":"https:\/\/eralux.com\/fr\/#organization","name":"Eralux","url":"https:\/\/eralux.com\/fr\/","logo":{"@type":"ImageObject","inLanguage":"fr-FR","@id":"https:\/\/eralux.com\/fr\/#\/schema\/logo\/image\/","url":"https:\/\/eralux.com\/wp-content\/uploads\/2024\/01\/eralux-logo-trademark-R.png","contentUrl":"https:\/\/eralux.com\/wp-content\/uploads\/2024\/01\/eralux-logo-trademark-R.png","width":1000,"height":446,"caption":"Eralux"},"image":{"@id":"https:\/\/eralux.com\/fr\/#\/schema\/logo\/image\/"},"sameAs":["https:\/\/www.facebook.com\/aeralux.corp","https:\/\/x.com\/eralux_inc"],"description":"Save on energy with high-performance LED solutions. Choose Eralux for eco-friendly lighting. Explore our range today!"}]},"product_price_amount":"0.00","product_price_currency":"CAD","og_availability":"instock","product_availability":"instock","product_condition":"new"},"_links":{"self":[{"href":"https:\/\/eralux.com\/fr\/wp-json\/wp\/v2\/product\/6015","targetHints":{"allow":["GET"]}}],"collection":[{"href":"https:\/\/eralux.com\/fr\/wp-json\/wp\/v2\/product"}],"about":[{"href":"https:\/\/eralux.com\/fr\/wp-json\/wp\/v2\/types\/product"}],"replies":[{"embeddable":true,"href":"https:\/\/eralux.com\/fr\/wp-json\/wp\/v2\/comments?post=6015"}],"wp:featuredmedia":[{"embeddable":true,"href":"https:\/\/eralux.com\/fr\/wp-json\/wp\/v2\/media\/17606"}],"wp:attachment":[{"href":"https:\/\/eralux.com\/fr\/wp-json\/wp\/v2\/media?parent=6015"}],"wp:term":[{"taxonomy":"product_brand","embeddable":true,"href":"https:\/\/eralux.com\/fr\/wp-json\/wp\/v2\/product_brand?post=6015"},{"taxonomy":"product_cat","embeddable":true,"href":"https:\/\/eralux.com\/fr\/wp-json\/wp\/v2\/product_cat?post=6015"},{"taxonomy":"product_tag","embeddable":true,"href":"https:\/\/eralux.com\/fr\/wp-json\/wp\/v2\/product_tag?post=6015"}],"curies":[{"name":"wp","href":"https:\/\/api.w.org\/{rel}","templated":true}]}}