{"id":6052,"date":"2024-01-08T15:18:50","date_gmt":"2024-01-08T15:18:50","guid":{"rendered":"https:\/\/eralux.com\/?post_type=product&#038;p=6052"},"modified":"2025-12-20T02:13:02","modified_gmt":"2025-12-20T02:13:02","slug":"vador","status":"publish","type":"product","link":"https:\/\/eralux.com\/fr\/produit\/vador\/","title":{"rendered":"VADOR"},"content":{"rendered":"<p>La s\u00e9rie Vador est un luminaire lin\u00e9aire \u00e0 LED \u00e9conomique et \u00e9conome en \u00e9nergie, con\u00e7u pour les environnements difficiles et les applications industrielles o\u00f9 la r\u00e9sistance \u00e0 la poussi\u00e8re et \u00e0 l&#8217;eau est n\u00e9cessaire. Ce luminaire est con\u00e7u avec un bo\u00eetier en polycarbonate de la plus haute qualit\u00e9, dot\u00e9 d&#8217;un joint unique coul\u00e9 en continu qui scelle le canal et assure l&#8217;int\u00e9grit\u00e9 de l&#8217;\u00e9tanch\u00e9it\u00e9.<\/p>\n","protected":false},"excerpt":{"rendered":"<p>Lin\u00e9aire \u00e9tanche \u00e0 la vapeur<\/p>\n","protected":false},"featured_media":6108,"comment_status":"open","ping_status":"closed","template":"","meta":{"inline_featured_image":false},"product_brand":[],"product_cat":[1476],"product_tag":[],"class_list":{"0":"post-6052","1":"product","2":"type-product","3":"status-publish","4":"has-post-thumbnail","6":"spec_sheets-fr-fr","7":"spec_sheets-hvreal","8":"spec_sheets-0440-fr","9":"spec_sheets-0454-fr","10":"spec_sheets-uv-fr-3","11":"spec_sheets-d-fr-2","12":"spec_sheets-embb-fr-3","13":"spec_sheets-longueur-et-puissance","14":"spec_sheets-35k-fr","15":"spec_sheets-40k-fr","16":"spec_sheets-50k-fr","17":"spec_sheets-cct-fr","18":"spec_sheets-controles","19":"spec_sheets-tension-dentree","20":"spec_sheets-lentille","21":"product_applications-parking","22":"product_segments-produits-lineaires","23":"product_segments-luminaires-etanches-a-la-vapeur","24":"product_cat-ae-sf-vd-fr","26":"first","27":"instock","28":"shipping-taxable","29":"purchasable","30":"product-type-simple"},"yoast_head":"<!-- This site is optimized with the Yoast SEO Premium plugin v24.2 (Yoast SEO v27.4) - https:\/\/yoast.com\/product\/yoast-seo-premium-wordpress\/ -->\n<title>VADOR - Eralux<\/title>\n<meta name=\"description\" content=\"La s\u00e9rie Vador est un luminaire lin\u00e9aire \u00e0 LED \u00e9conomique et \u00e9conome en \u00e9nergie, con\u00e7u pour les environnements difficiles et les applications industrielles o\u00f9 la r\u00e9sistance \u00e0 la poussi\u00e8re et \u00e0 l&#039;eau est n\u00e9cessaire. Ce luminaire est con\u00e7u avec un bo\u00eetier en polycarbonate de la plus haute qualit\u00e9, dot\u00e9 d&#039;un joint unique coul\u00e9 en continu qui scelle le canal et assure l&#039;int\u00e9grit\u00e9 de l&#039;\u00e9tanch\u00e9it\u00e9.\" \/>\n<meta name=\"robots\" content=\"index, follow, max-snippet:-1, max-image-preview:large, max-video-preview:-1\" \/>\n<link rel=\"canonical\" href=\"https:\/\/eralux.com\/fr\/produit\/vador\/\" \/>\n<meta property=\"og:locale\" content=\"fr_FR\" \/>\n<meta property=\"og:type\" content=\"article\" \/>\n<meta property=\"og:title\" content=\"VADOR\" \/>\n<meta property=\"og:description\" content=\"La s\u00e9rie Vador est un luminaire lin\u00e9aire \u00e0 LED \u00e9conomique et \u00e9conome en \u00e9nergie, con\u00e7u pour les environnements difficiles et les applications industrielles o\u00f9 la r\u00e9sistance \u00e0 la poussi\u00e8re et \u00e0 l&#039;eau est n\u00e9cessaire. Ce luminaire est con\u00e7u avec un bo\u00eetier en polycarbonate de la plus haute qualit\u00e9, dot\u00e9 d&#039;un joint unique coul\u00e9 en continu qui scelle le canal et assure l&#039;int\u00e9grit\u00e9 de l&#039;\u00e9tanch\u00e9it\u00e9.\" \/>\n<meta property=\"og:url\" content=\"https:\/\/eralux.com\/fr\/produit\/vador\/\" \/>\n<meta property=\"og:site_name\" content=\"Eralux\" \/>\n<meta property=\"article:publisher\" content=\"https:\/\/www.facebook.com\/aeralux.corp\" \/>\n<meta property=\"article:modified_time\" content=\"2025-12-20T02:13:02+00:00\" \/>\n<meta property=\"og:image\" content=\"https:\/\/eralux.com\/wp-content\/uploads\/2024\/01\/Vapor-Fixture-Wide-5.png\" \/>\n\t<meta property=\"og:image:width\" content=\"1000\" \/>\n\t<meta property=\"og:image:height\" content=\"1000\" \/>\n\t<meta property=\"og:image:type\" content=\"image\/png\" \/>\n<meta name=\"twitter:card\" content=\"summary_large_image\" \/>\n<meta name=\"twitter:site\" content=\"@eralux_inc\" \/>\n<meta name=\"twitter:label1\" content=\"Prix\" \/>\n\t<meta name=\"twitter:data1\" content=\"&#036;0.00\" \/>\n\t<meta name=\"twitter:label2\" content=\"Disponibilit\u00e9\" \/>\n\t<meta name=\"twitter:data2\" content=\"En stock\" \/>\n<script type=\"application\/ld+json\" class=\"yoast-schema-graph\">{\"@context\":\"https:\\\/\\\/schema.org\",\"@graph\":[{\"@type\":\"WebPage\",\"@id\":\"https:\\\/\\\/eralux.com\\\/fr\\\/produit\\\/vador\\\/\",\"url\":\"https:\\\/\\\/eralux.com\\\/fr\\\/produit\\\/vador\\\/\",\"name\":\"VADOR - Eralux\",\"isPartOf\":{\"@id\":\"https:\\\/\\\/eralux.com\\\/fr\\\/#website\"},\"primaryImageOfPage\":{\"@id\":\"https:\\\/\\\/eralux.com\\\/fr\\\/produit\\\/vador\\\/#primaryimage\"},\"image\":{\"@id\":\"https:\\\/\\\/eralux.com\\\/fr\\\/produit\\\/vador\\\/#primaryimage\"},\"thumbnailUrl\":\"https:\\\/\\\/eralux.com\\\/wp-content\\\/uploads\\\/2024\\\/01\\\/Vapor-Fixture-Wide-5.png\",\"datePublished\":\"2024-01-08T15:18:50+00:00\",\"dateModified\":\"2025-12-20T02:13:02+00:00\",\"description\":\"La s\u00e9rie Vador est un luminaire lin\u00e9aire \u00e0 LED \u00e9conomique et \u00e9conome en \u00e9nergie, con\u00e7u pour les environnements difficiles et les applications industrielles o\u00f9 la r\u00e9sistance \u00e0 la poussi\u00e8re et \u00e0 l'eau est n\u00e9cessaire. Ce luminaire est con\u00e7u avec un bo\u00eetier en polycarbonate de la plus haute qualit\u00e9, dot\u00e9 d'un joint unique coul\u00e9 en continu qui scelle le canal et assure l'int\u00e9grit\u00e9 de l'\u00e9tanch\u00e9it\u00e9.\",\"breadcrumb\":{\"@id\":\"https:\\\/\\\/eralux.com\\\/fr\\\/produit\\\/vador\\\/#breadcrumb\"},\"inLanguage\":\"fr-FR\",\"potentialAction\":[{\"@type\":\"ReadAction\",\"target\":[\"https:\\\/\\\/eralux.com\\\/fr\\\/produit\\\/vador\\\/\"]}]},{\"@type\":\"ImageObject\",\"inLanguage\":\"fr-FR\",\"@id\":\"https:\\\/\\\/eralux.com\\\/fr\\\/produit\\\/vador\\\/#primaryimage\",\"url\":\"https:\\\/\\\/eralux.com\\\/wp-content\\\/uploads\\\/2024\\\/01\\\/Vapor-Fixture-Wide-5.png\",\"contentUrl\":\"https:\\\/\\\/eralux.com\\\/wp-content\\\/uploads\\\/2024\\\/01\\\/Vapor-Fixture-Wide-5.png\",\"width\":1000,\"height\":1000},{\"@type\":\"BreadcrumbList\",\"@id\":\"https:\\\/\\\/eralux.com\\\/fr\\\/produit\\\/vador\\\/#breadcrumb\",\"itemListElement\":[{\"@type\":\"ListItem\",\"position\":1,\"name\":\"Home\",\"item\":\"https:\\\/\\\/eralux.com\\\/fr\\\/\"},{\"@type\":\"ListItem\",\"position\":2,\"name\":\"Shop\",\"item\":\"https:\\\/\\\/eralux.com\\\/shop\\\/\"},{\"@type\":\"ListItem\",\"position\":3,\"name\":\"VADOR\"}]},{\"@type\":\"WebSite\",\"@id\":\"https:\\\/\\\/eralux.com\\\/fr\\\/#website\",\"url\":\"https:\\\/\\\/eralux.com\\\/fr\\\/\",\"name\":\"Eralux\",\"description\":\"World leader for Energy Saving LED Solutions\",\"publisher\":{\"@id\":\"https:\\\/\\\/eralux.com\\\/fr\\\/#organization\"},\"alternateName\":\"Led manufacturer Canada\",\"potentialAction\":[{\"@type\":\"SearchAction\",\"target\":{\"@type\":\"EntryPoint\",\"urlTemplate\":\"https:\\\/\\\/eralux.com\\\/fr\\\/?s={search_term_string}\"},\"query-input\":{\"@type\":\"PropertyValueSpecification\",\"valueRequired\":true,\"valueName\":\"search_term_string\"}}],\"inLanguage\":\"fr-FR\"},{\"@type\":\"Organization\",\"@id\":\"https:\\\/\\\/eralux.com\\\/fr\\\/#organization\",\"name\":\"Eralux\",\"url\":\"https:\\\/\\\/eralux.com\\\/fr\\\/\",\"logo\":{\"@type\":\"ImageObject\",\"inLanguage\":\"fr-FR\",\"@id\":\"https:\\\/\\\/eralux.com\\\/fr\\\/#\\\/schema\\\/logo\\\/image\\\/\",\"url\":\"https:\\\/\\\/eralux.com\\\/wp-content\\\/uploads\\\/2024\\\/01\\\/eralux-logo-trademark-R.png\",\"contentUrl\":\"https:\\\/\\\/eralux.com\\\/wp-content\\\/uploads\\\/2024\\\/01\\\/eralux-logo-trademark-R.png\",\"width\":1000,\"height\":446,\"caption\":\"Eralux\"},\"image\":{\"@id\":\"https:\\\/\\\/eralux.com\\\/fr\\\/#\\\/schema\\\/logo\\\/image\\\/\"},\"sameAs\":[\"https:\\\/\\\/www.facebook.com\\\/aeralux.corp\",\"https:\\\/\\\/x.com\\\/eralux_inc\"],\"description\":\"Save on energy with high-performance LED solutions. Choose Eralux for eco-friendly lighting. Explore our range today!\"}]}<\/script>\n<meta property=\"product:price:amount\" content=\"0.00\" \/>\n<meta property=\"product:price:currency\" content=\"CAD\" \/>\n<meta property=\"og:availability\" content=\"instock\" \/>\n<meta property=\"product:availability\" content=\"instock\" \/>\n<meta property=\"product:condition\" content=\"new\" \/>\n<!-- \/ Yoast SEO Premium plugin. -->","yoast_head_json":{"title":"VADOR - Eralux","description":"La s\u00e9rie Vador est un luminaire lin\u00e9aire \u00e0 LED \u00e9conomique et \u00e9conome en \u00e9nergie, con\u00e7u pour les environnements difficiles et les applications industrielles o\u00f9 la r\u00e9sistance \u00e0 la poussi\u00e8re et \u00e0 l'eau est n\u00e9cessaire. Ce luminaire est con\u00e7u avec un bo\u00eetier en polycarbonate de la plus haute qualit\u00e9, dot\u00e9 d'un joint unique coul\u00e9 en continu qui scelle le canal et assure l'int\u00e9grit\u00e9 de l'\u00e9tanch\u00e9it\u00e9.","robots":{"index":"index","follow":"follow","max-snippet":"max-snippet:-1","max-image-preview":"max-image-preview:large","max-video-preview":"max-video-preview:-1"},"canonical":"https:\/\/eralux.com\/fr\/produit\/vador\/","og_locale":"fr_FR","og_type":"article","og_title":"VADOR","og_description":"La s\u00e9rie Vador est un luminaire lin\u00e9aire \u00e0 LED \u00e9conomique et \u00e9conome en \u00e9nergie, con\u00e7u pour les environnements difficiles et les applications industrielles o\u00f9 la r\u00e9sistance \u00e0 la poussi\u00e8re et \u00e0 l'eau est n\u00e9cessaire. Ce luminaire est con\u00e7u avec un bo\u00eetier en polycarbonate de la plus haute qualit\u00e9, dot\u00e9 d'un joint unique coul\u00e9 en continu qui scelle le canal et assure l'int\u00e9grit\u00e9 de l'\u00e9tanch\u00e9it\u00e9.","og_url":"https:\/\/eralux.com\/fr\/produit\/vador\/","og_site_name":"Eralux","article_publisher":"https:\/\/www.facebook.com\/aeralux.corp","article_modified_time":"2025-12-20T02:13:02+00:00","og_image":[{"width":1000,"height":1000,"url":"https:\/\/eralux.com\/wp-content\/uploads\/2024\/01\/Vapor-Fixture-Wide-5.png","type":"image\/png"}],"twitter_card":"summary_large_image","twitter_site":"@eralux_inc","twitter_misc":{"Prix":"&#36;0.00","Disponibilit\u00e9":"En stock"},"schema":{"@context":"https:\/\/schema.org","@graph":[{"@type":"WebPage","@id":"https:\/\/eralux.com\/fr\/produit\/vador\/","url":"https:\/\/eralux.com\/fr\/produit\/vador\/","name":"VADOR - Eralux","isPartOf":{"@id":"https:\/\/eralux.com\/fr\/#website"},"primaryImageOfPage":{"@id":"https:\/\/eralux.com\/fr\/produit\/vador\/#primaryimage"},"image":{"@id":"https:\/\/eralux.com\/fr\/produit\/vador\/#primaryimage"},"thumbnailUrl":"https:\/\/eralux.com\/wp-content\/uploads\/2024\/01\/Vapor-Fixture-Wide-5.png","datePublished":"2024-01-08T15:18:50+00:00","dateModified":"2025-12-20T02:13:02+00:00","description":"La s\u00e9rie Vador est un luminaire lin\u00e9aire \u00e0 LED \u00e9conomique et \u00e9conome en \u00e9nergie, con\u00e7u pour les environnements difficiles et les applications industrielles o\u00f9 la r\u00e9sistance \u00e0 la poussi\u00e8re et \u00e0 l'eau est n\u00e9cessaire. Ce luminaire est con\u00e7u avec un bo\u00eetier en polycarbonate de la plus haute qualit\u00e9, dot\u00e9 d'un joint unique coul\u00e9 en continu qui scelle le canal et assure l'int\u00e9grit\u00e9 de l'\u00e9tanch\u00e9it\u00e9.","breadcrumb":{"@id":"https:\/\/eralux.com\/fr\/produit\/vador\/#breadcrumb"},"inLanguage":"fr-FR","potentialAction":[{"@type":"ReadAction","target":["https:\/\/eralux.com\/fr\/produit\/vador\/"]}]},{"@type":"ImageObject","inLanguage":"fr-FR","@id":"https:\/\/eralux.com\/fr\/produit\/vador\/#primaryimage","url":"https:\/\/eralux.com\/wp-content\/uploads\/2024\/01\/Vapor-Fixture-Wide-5.png","contentUrl":"https:\/\/eralux.com\/wp-content\/uploads\/2024\/01\/Vapor-Fixture-Wide-5.png","width":1000,"height":1000},{"@type":"BreadcrumbList","@id":"https:\/\/eralux.com\/fr\/produit\/vador\/#breadcrumb","itemListElement":[{"@type":"ListItem","position":1,"name":"Home","item":"https:\/\/eralux.com\/fr\/"},{"@type":"ListItem","position":2,"name":"Shop","item":"https:\/\/eralux.com\/shop\/"},{"@type":"ListItem","position":3,"name":"VADOR"}]},{"@type":"WebSite","@id":"https:\/\/eralux.com\/fr\/#website","url":"https:\/\/eralux.com\/fr\/","name":"Eralux","description":"World leader for Energy Saving LED Solutions","publisher":{"@id":"https:\/\/eralux.com\/fr\/#organization"},"alternateName":"Led manufacturer Canada","potentialAction":[{"@type":"SearchAction","target":{"@type":"EntryPoint","urlTemplate":"https:\/\/eralux.com\/fr\/?s={search_term_string}"},"query-input":{"@type":"PropertyValueSpecification","valueRequired":true,"valueName":"search_term_string"}}],"inLanguage":"fr-FR"},{"@type":"Organization","@id":"https:\/\/eralux.com\/fr\/#organization","name":"Eralux","url":"https:\/\/eralux.com\/fr\/","logo":{"@type":"ImageObject","inLanguage":"fr-FR","@id":"https:\/\/eralux.com\/fr\/#\/schema\/logo\/image\/","url":"https:\/\/eralux.com\/wp-content\/uploads\/2024\/01\/eralux-logo-trademark-R.png","contentUrl":"https:\/\/eralux.com\/wp-content\/uploads\/2024\/01\/eralux-logo-trademark-R.png","width":1000,"height":446,"caption":"Eralux"},"image":{"@id":"https:\/\/eralux.com\/fr\/#\/schema\/logo\/image\/"},"sameAs":["https:\/\/www.facebook.com\/aeralux.corp","https:\/\/x.com\/eralux_inc"],"description":"Save on energy with high-performance LED solutions. Choose Eralux for eco-friendly lighting. Explore our range today!"}]},"product_price_amount":"0.00","product_price_currency":"CAD","og_availability":"instock","product_availability":"instock","product_condition":"new"},"_links":{"self":[{"href":"https:\/\/eralux.com\/fr\/wp-json\/wp\/v2\/product\/6052","targetHints":{"allow":["GET"]}}],"collection":[{"href":"https:\/\/eralux.com\/fr\/wp-json\/wp\/v2\/product"}],"about":[{"href":"https:\/\/eralux.com\/fr\/wp-json\/wp\/v2\/types\/product"}],"replies":[{"embeddable":true,"href":"https:\/\/eralux.com\/fr\/wp-json\/wp\/v2\/comments?post=6052"}],"wp:featuredmedia":[{"embeddable":true,"href":"https:\/\/eralux.com\/fr\/wp-json\/wp\/v2\/media\/6108"}],"wp:attachment":[{"href":"https:\/\/eralux.com\/fr\/wp-json\/wp\/v2\/media?parent=6052"}],"wp:term":[{"taxonomy":"product_brand","embeddable":true,"href":"https:\/\/eralux.com\/fr\/wp-json\/wp\/v2\/product_brand?post=6052"},{"taxonomy":"product_cat","embeddable":true,"href":"https:\/\/eralux.com\/fr\/wp-json\/wp\/v2\/product_cat?post=6052"},{"taxonomy":"product_tag","embeddable":true,"href":"https:\/\/eralux.com\/fr\/wp-json\/wp\/v2\/product_tag?post=6052"}],"curies":[{"name":"wp","href":"https:\/\/api.w.org\/{rel}","templated":true}]}}