{"id":6095,"date":"2024-01-08T15:47:55","date_gmt":"2024-01-08T15:47:55","guid":{"rendered":"https:\/\/eralux.com\/?post_type=product&#038;p=6095"},"modified":"2024-01-15T21:48:06","modified_gmt":"2024-01-15T21:48:06","slug":"geco-mfw1e7d1","status":"publish","type":"product","link":"https:\/\/eralux.com\/fr\/produit\/geco-mfw1e7d1\/","title":{"rendered":"GECO MFW1E7D1"},"content":{"rendered":"<p>Le GECO MFW1E7D1 d&#8217;ERALUX est un luminaire de signalisation \u00e0 LED compact et discret avec un angle de rayonnement de 170 degr\u00e9s. Cela permet \u00e0 ces modules de convenir \u00e0 de grandes lettres de canal d&#8217;une profondeur de plus de 2,4 pouces. Ils sont \u00e9galement dot\u00e9s d&#8217;une excellente dissipation de la chaleur afin de garantir une longue dur\u00e9e de vie.<\/p>\n","protected":false},"excerpt":{"rendered":"<p>Lumi\u00e8re de signalisation ext\u00e9rieure<\/p>\n","protected":false},"featured_media":6119,"comment_status":"open","ping_status":"closed","template":"","meta":{"inline_featured_image":false},"product_brand":[],"product_cat":[1625],"product_tag":[],"class_list":{"0":"post-6095","1":"product","2":"type-product","3":"status-publish","4":"has-post-thumbnail","6":"spec_sheets-6-fr-3","7":"spec_sheets-cct-fr","8":"product_segments-lumieres-de-signalisation","9":"product_cat-mfw1e7d1-fr","11":"first","12":"instock","13":"shipping-taxable","14":"purchasable","15":"product-type-simple"},"yoast_head":"<!-- This site is optimized with the Yoast SEO Premium plugin v24.2 (Yoast SEO v27.4) - https:\/\/yoast.com\/product\/yoast-seo-premium-wordpress\/ -->\n<title>GECO MFW1E7D1 - Eralux<\/title>\n<meta name=\"description\" content=\"Le GECO MFW1E7D1 d&#039;ERALUX est un luminaire de signalisation \u00e0 LED compact et discret avec un angle de rayonnement de 170 degr\u00e9s. Cela permet \u00e0 ces modules de convenir \u00e0 de grandes lettres de canal d&#039;une profondeur de plus de 2,4 pouces. Ils sont \u00e9galement dot\u00e9s d&#039;une excellente dissipation de la chaleur afin de garantir une longue dur\u00e9e de vie.\" \/>\n<meta name=\"robots\" content=\"index, follow, max-snippet:-1, max-image-preview:large, max-video-preview:-1\" \/>\n<link rel=\"canonical\" href=\"https:\/\/eralux.com\/fr\/produit\/geco-mfw1e7d1\/\" \/>\n<meta property=\"og:locale\" content=\"fr_FR\" \/>\n<meta property=\"og:type\" content=\"article\" \/>\n<meta property=\"og:title\" content=\"GECO MFW1E7D1\" \/>\n<meta property=\"og:description\" content=\"Le GECO MFW1E7D1 d&#039;ERALUX est un luminaire de signalisation \u00e0 LED compact et discret avec un angle de rayonnement de 170 degr\u00e9s. Cela permet \u00e0 ces modules de convenir \u00e0 de grandes lettres de canal d&#039;une profondeur de plus de 2,4 pouces. Ils sont \u00e9galement dot\u00e9s d&#039;une excellente dissipation de la chaleur afin de garantir une longue dur\u00e9e de vie.\" \/>\n<meta property=\"og:url\" content=\"https:\/\/eralux.com\/fr\/produit\/geco-mfw1e7d1\/\" \/>\n<meta property=\"og:site_name\" content=\"Eralux\" \/>\n<meta property=\"article:publisher\" content=\"https:\/\/www.facebook.com\/aeralux.corp\" \/>\n<meta property=\"article:modified_time\" content=\"2024-01-15T21:48:06+00:00\" \/>\n<meta property=\"og:image\" content=\"https:\/\/eralux.com\/wp-content\/uploads\/2024\/01\/Picture1-3.png\" \/>\n\t<meta property=\"og:image:width\" content=\"1000\" \/>\n\t<meta property=\"og:image:height\" content=\"1000\" \/>\n\t<meta property=\"og:image:type\" content=\"image\/png\" \/>\n<meta name=\"twitter:card\" content=\"summary_large_image\" \/>\n<meta name=\"twitter:site\" content=\"@eralux_inc\" \/>\n<meta name=\"twitter:label1\" content=\"Prix\" \/>\n\t<meta name=\"twitter:data1\" content=\"&#036;0.00\" \/>\n\t<meta name=\"twitter:label2\" content=\"Disponibilit\u00e9\" \/>\n\t<meta name=\"twitter:data2\" content=\"En stock\" \/>\n<script type=\"application\/ld+json\" class=\"yoast-schema-graph\">{\"@context\":\"https:\\\/\\\/schema.org\",\"@graph\":[{\"@type\":\"WebPage\",\"@id\":\"https:\\\/\\\/eralux.com\\\/fr\\\/produit\\\/geco-mfw1e7d1\\\/\",\"url\":\"https:\\\/\\\/eralux.com\\\/fr\\\/produit\\\/geco-mfw1e7d1\\\/\",\"name\":\"GECO MFW1E7D1 - Eralux\",\"isPartOf\":{\"@id\":\"https:\\\/\\\/eralux.com\\\/fr\\\/#website\"},\"primaryImageOfPage\":{\"@id\":\"https:\\\/\\\/eralux.com\\\/fr\\\/produit\\\/geco-mfw1e7d1\\\/#primaryimage\"},\"image\":{\"@id\":\"https:\\\/\\\/eralux.com\\\/fr\\\/produit\\\/geco-mfw1e7d1\\\/#primaryimage\"},\"thumbnailUrl\":\"https:\\\/\\\/eralux.com\\\/wp-content\\\/uploads\\\/2024\\\/01\\\/Picture1-3.png\",\"datePublished\":\"2024-01-08T15:47:55+00:00\",\"dateModified\":\"2024-01-15T21:48:06+00:00\",\"description\":\"Le GECO MFW1E7D1 d'ERALUX est un luminaire de signalisation \u00e0 LED compact et discret avec un angle de rayonnement de 170 degr\u00e9s. Cela permet \u00e0 ces modules de convenir \u00e0 de grandes lettres de canal d'une profondeur de plus de 2,4 pouces. Ils sont \u00e9galement dot\u00e9s d'une excellente dissipation de la chaleur afin de garantir une longue dur\u00e9e de vie.\",\"breadcrumb\":{\"@id\":\"https:\\\/\\\/eralux.com\\\/fr\\\/produit\\\/geco-mfw1e7d1\\\/#breadcrumb\"},\"inLanguage\":\"fr-FR\",\"potentialAction\":[{\"@type\":\"ReadAction\",\"target\":[\"https:\\\/\\\/eralux.com\\\/fr\\\/produit\\\/geco-mfw1e7d1\\\/\"]}]},{\"@type\":\"ImageObject\",\"inLanguage\":\"fr-FR\",\"@id\":\"https:\\\/\\\/eralux.com\\\/fr\\\/produit\\\/geco-mfw1e7d1\\\/#primaryimage\",\"url\":\"https:\\\/\\\/eralux.com\\\/wp-content\\\/uploads\\\/2024\\\/01\\\/Picture1-3.png\",\"contentUrl\":\"https:\\\/\\\/eralux.com\\\/wp-content\\\/uploads\\\/2024\\\/01\\\/Picture1-3.png\",\"width\":1000,\"height\":1000},{\"@type\":\"BreadcrumbList\",\"@id\":\"https:\\\/\\\/eralux.com\\\/fr\\\/produit\\\/geco-mfw1e7d1\\\/#breadcrumb\",\"itemListElement\":[{\"@type\":\"ListItem\",\"position\":1,\"name\":\"Home\",\"item\":\"https:\\\/\\\/eralux.com\\\/fr\\\/\"},{\"@type\":\"ListItem\",\"position\":2,\"name\":\"Shop\",\"item\":\"https:\\\/\\\/eralux.com\\\/shop\\\/\"},{\"@type\":\"ListItem\",\"position\":3,\"name\":\"GECO MFW1E7D1\"}]},{\"@type\":\"WebSite\",\"@id\":\"https:\\\/\\\/eralux.com\\\/fr\\\/#website\",\"url\":\"https:\\\/\\\/eralux.com\\\/fr\\\/\",\"name\":\"Eralux\",\"description\":\"World leader for Energy Saving LED Solutions\",\"publisher\":{\"@id\":\"https:\\\/\\\/eralux.com\\\/fr\\\/#organization\"},\"alternateName\":\"Led manufacturer Canada\",\"potentialAction\":[{\"@type\":\"SearchAction\",\"target\":{\"@type\":\"EntryPoint\",\"urlTemplate\":\"https:\\\/\\\/eralux.com\\\/fr\\\/?s={search_term_string}\"},\"query-input\":{\"@type\":\"PropertyValueSpecification\",\"valueRequired\":true,\"valueName\":\"search_term_string\"}}],\"inLanguage\":\"fr-FR\"},{\"@type\":\"Organization\",\"@id\":\"https:\\\/\\\/eralux.com\\\/fr\\\/#organization\",\"name\":\"Eralux\",\"url\":\"https:\\\/\\\/eralux.com\\\/fr\\\/\",\"logo\":{\"@type\":\"ImageObject\",\"inLanguage\":\"fr-FR\",\"@id\":\"https:\\\/\\\/eralux.com\\\/fr\\\/#\\\/schema\\\/logo\\\/image\\\/\",\"url\":\"https:\\\/\\\/eralux.com\\\/wp-content\\\/uploads\\\/2024\\\/01\\\/eralux-logo-trademark-R.png\",\"contentUrl\":\"https:\\\/\\\/eralux.com\\\/wp-content\\\/uploads\\\/2024\\\/01\\\/eralux-logo-trademark-R.png\",\"width\":1000,\"height\":446,\"caption\":\"Eralux\"},\"image\":{\"@id\":\"https:\\\/\\\/eralux.com\\\/fr\\\/#\\\/schema\\\/logo\\\/image\\\/\"},\"sameAs\":[\"https:\\\/\\\/www.facebook.com\\\/aeralux.corp\",\"https:\\\/\\\/x.com\\\/eralux_inc\"],\"description\":\"Save on energy with high-performance LED solutions. Choose Eralux for eco-friendly lighting. Explore our range today!\"}]}<\/script>\n<meta property=\"product:price:amount\" content=\"0.00\" \/>\n<meta property=\"product:price:currency\" content=\"CAD\" \/>\n<meta property=\"og:availability\" content=\"instock\" \/>\n<meta property=\"product:availability\" content=\"instock\" \/>\n<meta property=\"product:condition\" content=\"new\" \/>\n<!-- \/ Yoast SEO Premium plugin. -->","yoast_head_json":{"title":"GECO MFW1E7D1 - Eralux","description":"Le GECO MFW1E7D1 d'ERALUX est un luminaire de signalisation \u00e0 LED compact et discret avec un angle de rayonnement de 170 degr\u00e9s. Cela permet \u00e0 ces modules de convenir \u00e0 de grandes lettres de canal d'une profondeur de plus de 2,4 pouces. Ils sont \u00e9galement dot\u00e9s d'une excellente dissipation de la chaleur afin de garantir une longue dur\u00e9e de vie.","robots":{"index":"index","follow":"follow","max-snippet":"max-snippet:-1","max-image-preview":"max-image-preview:large","max-video-preview":"max-video-preview:-1"},"canonical":"https:\/\/eralux.com\/fr\/produit\/geco-mfw1e7d1\/","og_locale":"fr_FR","og_type":"article","og_title":"GECO MFW1E7D1","og_description":"Le GECO MFW1E7D1 d'ERALUX est un luminaire de signalisation \u00e0 LED compact et discret avec un angle de rayonnement de 170 degr\u00e9s. Cela permet \u00e0 ces modules de convenir \u00e0 de grandes lettres de canal d'une profondeur de plus de 2,4 pouces. Ils sont \u00e9galement dot\u00e9s d'une excellente dissipation de la chaleur afin de garantir une longue dur\u00e9e de vie.","og_url":"https:\/\/eralux.com\/fr\/produit\/geco-mfw1e7d1\/","og_site_name":"Eralux","article_publisher":"https:\/\/www.facebook.com\/aeralux.corp","article_modified_time":"2024-01-15T21:48:06+00:00","og_image":[{"width":1000,"height":1000,"url":"https:\/\/eralux.com\/wp-content\/uploads\/2024\/01\/Picture1-3.png","type":"image\/png"}],"twitter_card":"summary_large_image","twitter_site":"@eralux_inc","twitter_misc":{"Prix":"&#36;0.00","Disponibilit\u00e9":"En stock"},"schema":{"@context":"https:\/\/schema.org","@graph":[{"@type":"WebPage","@id":"https:\/\/eralux.com\/fr\/produit\/geco-mfw1e7d1\/","url":"https:\/\/eralux.com\/fr\/produit\/geco-mfw1e7d1\/","name":"GECO MFW1E7D1 - Eralux","isPartOf":{"@id":"https:\/\/eralux.com\/fr\/#website"},"primaryImageOfPage":{"@id":"https:\/\/eralux.com\/fr\/produit\/geco-mfw1e7d1\/#primaryimage"},"image":{"@id":"https:\/\/eralux.com\/fr\/produit\/geco-mfw1e7d1\/#primaryimage"},"thumbnailUrl":"https:\/\/eralux.com\/wp-content\/uploads\/2024\/01\/Picture1-3.png","datePublished":"2024-01-08T15:47:55+00:00","dateModified":"2024-01-15T21:48:06+00:00","description":"Le GECO MFW1E7D1 d'ERALUX est un luminaire de signalisation \u00e0 LED compact et discret avec un angle de rayonnement de 170 degr\u00e9s. Cela permet \u00e0 ces modules de convenir \u00e0 de grandes lettres de canal d'une profondeur de plus de 2,4 pouces. Ils sont \u00e9galement dot\u00e9s d'une excellente dissipation de la chaleur afin de garantir une longue dur\u00e9e de vie.","breadcrumb":{"@id":"https:\/\/eralux.com\/fr\/produit\/geco-mfw1e7d1\/#breadcrumb"},"inLanguage":"fr-FR","potentialAction":[{"@type":"ReadAction","target":["https:\/\/eralux.com\/fr\/produit\/geco-mfw1e7d1\/"]}]},{"@type":"ImageObject","inLanguage":"fr-FR","@id":"https:\/\/eralux.com\/fr\/produit\/geco-mfw1e7d1\/#primaryimage","url":"https:\/\/eralux.com\/wp-content\/uploads\/2024\/01\/Picture1-3.png","contentUrl":"https:\/\/eralux.com\/wp-content\/uploads\/2024\/01\/Picture1-3.png","width":1000,"height":1000},{"@type":"BreadcrumbList","@id":"https:\/\/eralux.com\/fr\/produit\/geco-mfw1e7d1\/#breadcrumb","itemListElement":[{"@type":"ListItem","position":1,"name":"Home","item":"https:\/\/eralux.com\/fr\/"},{"@type":"ListItem","position":2,"name":"Shop","item":"https:\/\/eralux.com\/shop\/"},{"@type":"ListItem","position":3,"name":"GECO MFW1E7D1"}]},{"@type":"WebSite","@id":"https:\/\/eralux.com\/fr\/#website","url":"https:\/\/eralux.com\/fr\/","name":"Eralux","description":"World leader for Energy Saving LED Solutions","publisher":{"@id":"https:\/\/eralux.com\/fr\/#organization"},"alternateName":"Led manufacturer Canada","potentialAction":[{"@type":"SearchAction","target":{"@type":"EntryPoint","urlTemplate":"https:\/\/eralux.com\/fr\/?s={search_term_string}"},"query-input":{"@type":"PropertyValueSpecification","valueRequired":true,"valueName":"search_term_string"}}],"inLanguage":"fr-FR"},{"@type":"Organization","@id":"https:\/\/eralux.com\/fr\/#organization","name":"Eralux","url":"https:\/\/eralux.com\/fr\/","logo":{"@type":"ImageObject","inLanguage":"fr-FR","@id":"https:\/\/eralux.com\/fr\/#\/schema\/logo\/image\/","url":"https:\/\/eralux.com\/wp-content\/uploads\/2024\/01\/eralux-logo-trademark-R.png","contentUrl":"https:\/\/eralux.com\/wp-content\/uploads\/2024\/01\/eralux-logo-trademark-R.png","width":1000,"height":446,"caption":"Eralux"},"image":{"@id":"https:\/\/eralux.com\/fr\/#\/schema\/logo\/image\/"},"sameAs":["https:\/\/www.facebook.com\/aeralux.corp","https:\/\/x.com\/eralux_inc"],"description":"Save on energy with high-performance LED solutions. Choose Eralux for eco-friendly lighting. Explore our range today!"}]},"product_price_amount":"0.00","product_price_currency":"CAD","og_availability":"instock","product_availability":"instock","product_condition":"new"},"_links":{"self":[{"href":"https:\/\/eralux.com\/fr\/wp-json\/wp\/v2\/product\/6095","targetHints":{"allow":["GET"]}}],"collection":[{"href":"https:\/\/eralux.com\/fr\/wp-json\/wp\/v2\/product"}],"about":[{"href":"https:\/\/eralux.com\/fr\/wp-json\/wp\/v2\/types\/product"}],"replies":[{"embeddable":true,"href":"https:\/\/eralux.com\/fr\/wp-json\/wp\/v2\/comments?post=6095"}],"wp:featuredmedia":[{"embeddable":true,"href":"https:\/\/eralux.com\/fr\/wp-json\/wp\/v2\/media\/6119"}],"wp:attachment":[{"href":"https:\/\/eralux.com\/fr\/wp-json\/wp\/v2\/media?parent=6095"}],"wp:term":[{"taxonomy":"product_brand","embeddable":true,"href":"https:\/\/eralux.com\/fr\/wp-json\/wp\/v2\/product_brand?post=6095"},{"taxonomy":"product_cat","embeddable":true,"href":"https:\/\/eralux.com\/fr\/wp-json\/wp\/v2\/product_cat?post=6095"},{"taxonomy":"product_tag","embeddable":true,"href":"https:\/\/eralux.com\/fr\/wp-json\/wp\/v2\/product_tag?post=6095"}],"curies":[{"name":"wp","href":"https:\/\/api.w.org\/{rel}","templated":true}]}}