{"id":6180,"date":"2024-01-08T17:21:00","date_gmt":"2024-01-08T17:21:00","guid":{"rendered":"https:\/\/eralux.com\/?post_type=product&#038;p=6180"},"modified":"2025-07-31T21:09:57","modified_gmt":"2025-07-31T21:09:57","slug":"vador-evolve","status":"publish","type":"product","link":"https:\/\/eralux.com\/fr\/produit\/vador-evolve\/","title":{"rendered":"VADOR EVOLVE &#8211; VDE"},"content":{"rendered":"<p>La s\u00e9rie VADOR EVOLVE est un projecteur lin\u00e9aire \u00e0 LED \u00e9conomique et \u00e9conome en \u00e9nergie, con\u00e7u pour les environnements difficiles et les applications industrielles adapt\u00e9es o\u00f9 la r\u00e9sistance \u00e0 la poussi\u00e8re et \u00e0 l&#8217;eau est n\u00e9cessaire. Ce projecteur est configur\u00e9 avec des commutateurs de puissance et de CCT r\u00e9glables qui peuvent couvrir la plupart des besoins de votre projet. La lentille int\u00e9gr\u00e9e et la plaque de module font du processus d&#8217;installation un jeu d&#8217;enfant.<\/p>\n","protected":false},"excerpt":{"rendered":"<p>Lin\u00e9aire \u00e9tanche \u00e0 la vapeur<\/p>\n","protected":false},"featured_media":6218,"comment_status":"open","ping_status":"closed","template":"","meta":{"inline_featured_image":false},"product_brand":[],"product_cat":[279],"product_tag":[],"class_list":{"0":"post-6180","1":"product","2":"type-product","3":"status-publish","4":"has-post-thumbnail","6":"spec_sheets-010-fr-2","7":"spec_sheets-8xx-fr","8":"spec_sheets-2-fr-3","9":"spec_sheets-4-fr-3","10":"spec_sheets-8-fr-2","11":"spec_sheets-ca-fr","12":"spec_sheets-cct-cri-fr","13":"spec_sheets-em-fr-2","14":"spec_sheets-ms-fr-3","15":"spec_sheets-010-fr-3","16":"spec_sheets-controles","17":"spec_sheets-attenuation","18":"spec_sheets-tension-dentree","19":"spec_sheets-longueur","20":"spec_sheets-54-46-38-fr","21":"spec_sheets-90-75-65-fr-2","22":"spec_sheets-puissance","23":"product_applications-parking","24":"product_segments-produits-lineaires","25":"product_segments-luminaires-etanches-a-la-vapeur","26":"product_cat-ae-sf-atl-fr","28":"first","29":"instock","30":"shipping-taxable","31":"purchasable","32":"product-type-simple"},"yoast_head":"<!-- This site is optimized with the Yoast SEO Premium plugin v24.2 (Yoast SEO v27.4) - https:\/\/yoast.com\/product\/yoast-seo-premium-wordpress\/ -->\n<title>VADOR EVOLVE - VDE - Eralux<\/title>\n<meta name=\"description\" content=\"La s\u00e9rie VADOR EVOLVE est un projecteur lin\u00e9aire \u00e0 LED \u00e9conomique et \u00e9conome en \u00e9nergie, con\u00e7u pour les environnements difficiles et les applications industrielles adapt\u00e9es o\u00f9 la r\u00e9sistance \u00e0 la poussi\u00e8re et \u00e0 l&#039;eau est n\u00e9cessaire. Ce projecteur est configur\u00e9 avec des commutateurs de puissance et de CCT r\u00e9glables qui peuvent couvrir la plupart des besoins de votre projet. La lentille int\u00e9gr\u00e9e et la plaque de module font du processus d&#039;installation un jeu d&#039;enfant.\" \/>\n<meta name=\"robots\" content=\"index, follow, max-snippet:-1, max-image-preview:large, max-video-preview:-1\" \/>\n<link rel=\"canonical\" href=\"https:\/\/eralux.com\/fr\/produit\/vador-evolve\/\" \/>\n<meta property=\"og:locale\" content=\"fr_FR\" \/>\n<meta property=\"og:type\" content=\"article\" \/>\n<meta property=\"og:title\" content=\"VADOR EVOLVE - VDE\" \/>\n<meta property=\"og:description\" content=\"La s\u00e9rie VADOR EVOLVE est un projecteur lin\u00e9aire \u00e0 LED \u00e9conomique et \u00e9conome en \u00e9nergie, con\u00e7u pour les environnements difficiles et les applications industrielles adapt\u00e9es o\u00f9 la r\u00e9sistance \u00e0 la poussi\u00e8re et \u00e0 l&#039;eau est n\u00e9cessaire. Ce projecteur est configur\u00e9 avec des commutateurs de puissance et de CCT r\u00e9glables qui peuvent couvrir la plupart des besoins de votre projet. La lentille int\u00e9gr\u00e9e et la plaque de module font du processus d&#039;installation un jeu d&#039;enfant.\" \/>\n<meta property=\"og:url\" content=\"https:\/\/eralux.com\/fr\/produit\/vador-evolve\/\" \/>\n<meta property=\"og:site_name\" content=\"Eralux\" \/>\n<meta property=\"article:publisher\" content=\"https:\/\/www.facebook.com\/aeralux.corp\" \/>\n<meta property=\"article:modified_time\" content=\"2025-07-31T21:09:57+00:00\" \/>\n<meta property=\"og:image\" content=\"https:\/\/eralux.com\/wp-content\/uploads\/2024\/01\/Vador-Evolve-Product-image.png\" \/>\n\t<meta property=\"og:image:width\" content=\"1000\" \/>\n\t<meta property=\"og:image:height\" content=\"1000\" \/>\n\t<meta property=\"og:image:type\" content=\"image\/png\" \/>\n<meta name=\"twitter:card\" content=\"summary_large_image\" \/>\n<meta name=\"twitter:site\" content=\"@eralux_inc\" \/>\n<meta name=\"twitter:label1\" content=\"Prix\" \/>\n\t<meta name=\"twitter:data1\" content=\"&#036;0.00\" \/>\n\t<meta name=\"twitter:label2\" content=\"Disponibilit\u00e9\" \/>\n\t<meta name=\"twitter:data2\" content=\"En stock\" \/>\n<script type=\"application\/ld+json\" class=\"yoast-schema-graph\">{\"@context\":\"https:\\\/\\\/schema.org\",\"@graph\":[{\"@type\":\"WebPage\",\"@id\":\"https:\\\/\\\/eralux.com\\\/fr\\\/produit\\\/vador-evolve\\\/\",\"url\":\"https:\\\/\\\/eralux.com\\\/fr\\\/produit\\\/vador-evolve\\\/\",\"name\":\"VADOR EVOLVE - VDE - Eralux\",\"isPartOf\":{\"@id\":\"https:\\\/\\\/eralux.com\\\/fr\\\/#website\"},\"primaryImageOfPage\":{\"@id\":\"https:\\\/\\\/eralux.com\\\/fr\\\/produit\\\/vador-evolve\\\/#primaryimage\"},\"image\":{\"@id\":\"https:\\\/\\\/eralux.com\\\/fr\\\/produit\\\/vador-evolve\\\/#primaryimage\"},\"thumbnailUrl\":\"https:\\\/\\\/eralux.com\\\/wp-content\\\/uploads\\\/2024\\\/01\\\/Vador-Evolve-Product-image.png\",\"datePublished\":\"2024-01-08T17:21:00+00:00\",\"dateModified\":\"2025-07-31T21:09:57+00:00\",\"description\":\"La s\u00e9rie VADOR EVOLVE est un projecteur lin\u00e9aire \u00e0 LED \u00e9conomique et \u00e9conome en \u00e9nergie, con\u00e7u pour les environnements difficiles et les applications industrielles adapt\u00e9es o\u00f9 la r\u00e9sistance \u00e0 la poussi\u00e8re et \u00e0 l'eau est n\u00e9cessaire. Ce projecteur est configur\u00e9 avec des commutateurs de puissance et de CCT r\u00e9glables qui peuvent couvrir la plupart des besoins de votre projet. La lentille int\u00e9gr\u00e9e et la plaque de module font du processus d'installation un jeu d'enfant.\",\"breadcrumb\":{\"@id\":\"https:\\\/\\\/eralux.com\\\/fr\\\/produit\\\/vador-evolve\\\/#breadcrumb\"},\"inLanguage\":\"fr-FR\",\"potentialAction\":[{\"@type\":\"ReadAction\",\"target\":[\"https:\\\/\\\/eralux.com\\\/fr\\\/produit\\\/vador-evolve\\\/\"]}]},{\"@type\":\"ImageObject\",\"inLanguage\":\"fr-FR\",\"@id\":\"https:\\\/\\\/eralux.com\\\/fr\\\/produit\\\/vador-evolve\\\/#primaryimage\",\"url\":\"https:\\\/\\\/eralux.com\\\/wp-content\\\/uploads\\\/2024\\\/01\\\/Vador-Evolve-Product-image.png\",\"contentUrl\":\"https:\\\/\\\/eralux.com\\\/wp-content\\\/uploads\\\/2024\\\/01\\\/Vador-Evolve-Product-image.png\",\"width\":1000,\"height\":1000},{\"@type\":\"BreadcrumbList\",\"@id\":\"https:\\\/\\\/eralux.com\\\/fr\\\/produit\\\/vador-evolve\\\/#breadcrumb\",\"itemListElement\":[{\"@type\":\"ListItem\",\"position\":1,\"name\":\"Home\",\"item\":\"https:\\\/\\\/eralux.com\\\/fr\\\/\"},{\"@type\":\"ListItem\",\"position\":2,\"name\":\"Shop\",\"item\":\"https:\\\/\\\/eralux.com\\\/shop\\\/\"},{\"@type\":\"ListItem\",\"position\":3,\"name\":\"VADOR EVOLVE &#8211; VDE\"}]},{\"@type\":\"WebSite\",\"@id\":\"https:\\\/\\\/eralux.com\\\/fr\\\/#website\",\"url\":\"https:\\\/\\\/eralux.com\\\/fr\\\/\",\"name\":\"Eralux\",\"description\":\"World leader for Energy Saving LED Solutions\",\"publisher\":{\"@id\":\"https:\\\/\\\/eralux.com\\\/fr\\\/#organization\"},\"alternateName\":\"Led manufacturer Canada\",\"potentialAction\":[{\"@type\":\"SearchAction\",\"target\":{\"@type\":\"EntryPoint\",\"urlTemplate\":\"https:\\\/\\\/eralux.com\\\/fr\\\/?s={search_term_string}\"},\"query-input\":{\"@type\":\"PropertyValueSpecification\",\"valueRequired\":true,\"valueName\":\"search_term_string\"}}],\"inLanguage\":\"fr-FR\"},{\"@type\":\"Organization\",\"@id\":\"https:\\\/\\\/eralux.com\\\/fr\\\/#organization\",\"name\":\"Eralux\",\"url\":\"https:\\\/\\\/eralux.com\\\/fr\\\/\",\"logo\":{\"@type\":\"ImageObject\",\"inLanguage\":\"fr-FR\",\"@id\":\"https:\\\/\\\/eralux.com\\\/fr\\\/#\\\/schema\\\/logo\\\/image\\\/\",\"url\":\"https:\\\/\\\/eralux.com\\\/wp-content\\\/uploads\\\/2024\\\/01\\\/eralux-logo-trademark-R.png\",\"contentUrl\":\"https:\\\/\\\/eralux.com\\\/wp-content\\\/uploads\\\/2024\\\/01\\\/eralux-logo-trademark-R.png\",\"width\":1000,\"height\":446,\"caption\":\"Eralux\"},\"image\":{\"@id\":\"https:\\\/\\\/eralux.com\\\/fr\\\/#\\\/schema\\\/logo\\\/image\\\/\"},\"sameAs\":[\"https:\\\/\\\/www.facebook.com\\\/aeralux.corp\",\"https:\\\/\\\/x.com\\\/eralux_inc\"],\"description\":\"Save on energy with high-performance LED solutions. Choose Eralux for eco-friendly lighting. Explore our range today!\"}]}<\/script>\n<meta property=\"product:price:amount\" content=\"0.00\" \/>\n<meta property=\"product:price:currency\" content=\"CAD\" \/>\n<meta property=\"og:availability\" content=\"instock\" \/>\n<meta property=\"product:availability\" content=\"instock\" \/>\n<meta property=\"product:condition\" content=\"new\" \/>\n<!-- \/ Yoast SEO Premium plugin. -->","yoast_head_json":{"title":"VADOR EVOLVE - VDE - Eralux","description":"La s\u00e9rie VADOR EVOLVE est un projecteur lin\u00e9aire \u00e0 LED \u00e9conomique et \u00e9conome en \u00e9nergie, con\u00e7u pour les environnements difficiles et les applications industrielles adapt\u00e9es o\u00f9 la r\u00e9sistance \u00e0 la poussi\u00e8re et \u00e0 l'eau est n\u00e9cessaire. Ce projecteur est configur\u00e9 avec des commutateurs de puissance et de CCT r\u00e9glables qui peuvent couvrir la plupart des besoins de votre projet. La lentille int\u00e9gr\u00e9e et la plaque de module font du processus d'installation un jeu d'enfant.","robots":{"index":"index","follow":"follow","max-snippet":"max-snippet:-1","max-image-preview":"max-image-preview:large","max-video-preview":"max-video-preview:-1"},"canonical":"https:\/\/eralux.com\/fr\/produit\/vador-evolve\/","og_locale":"fr_FR","og_type":"article","og_title":"VADOR EVOLVE - VDE","og_description":"La s\u00e9rie VADOR EVOLVE est un projecteur lin\u00e9aire \u00e0 LED \u00e9conomique et \u00e9conome en \u00e9nergie, con\u00e7u pour les environnements difficiles et les applications industrielles adapt\u00e9es o\u00f9 la r\u00e9sistance \u00e0 la poussi\u00e8re et \u00e0 l'eau est n\u00e9cessaire. Ce projecteur est configur\u00e9 avec des commutateurs de puissance et de CCT r\u00e9glables qui peuvent couvrir la plupart des besoins de votre projet. La lentille int\u00e9gr\u00e9e et la plaque de module font du processus d'installation un jeu d'enfant.","og_url":"https:\/\/eralux.com\/fr\/produit\/vador-evolve\/","og_site_name":"Eralux","article_publisher":"https:\/\/www.facebook.com\/aeralux.corp","article_modified_time":"2025-07-31T21:09:57+00:00","og_image":[{"width":1000,"height":1000,"url":"https:\/\/eralux.com\/wp-content\/uploads\/2024\/01\/Vador-Evolve-Product-image.png","type":"image\/png"}],"twitter_card":"summary_large_image","twitter_site":"@eralux_inc","twitter_misc":{"Prix":"&#36;0.00","Disponibilit\u00e9":"En stock"},"schema":{"@context":"https:\/\/schema.org","@graph":[{"@type":"WebPage","@id":"https:\/\/eralux.com\/fr\/produit\/vador-evolve\/","url":"https:\/\/eralux.com\/fr\/produit\/vador-evolve\/","name":"VADOR EVOLVE - VDE - Eralux","isPartOf":{"@id":"https:\/\/eralux.com\/fr\/#website"},"primaryImageOfPage":{"@id":"https:\/\/eralux.com\/fr\/produit\/vador-evolve\/#primaryimage"},"image":{"@id":"https:\/\/eralux.com\/fr\/produit\/vador-evolve\/#primaryimage"},"thumbnailUrl":"https:\/\/eralux.com\/wp-content\/uploads\/2024\/01\/Vador-Evolve-Product-image.png","datePublished":"2024-01-08T17:21:00+00:00","dateModified":"2025-07-31T21:09:57+00:00","description":"La s\u00e9rie VADOR EVOLVE est un projecteur lin\u00e9aire \u00e0 LED \u00e9conomique et \u00e9conome en \u00e9nergie, con\u00e7u pour les environnements difficiles et les applications industrielles adapt\u00e9es o\u00f9 la r\u00e9sistance \u00e0 la poussi\u00e8re et \u00e0 l'eau est n\u00e9cessaire. Ce projecteur est configur\u00e9 avec des commutateurs de puissance et de CCT r\u00e9glables qui peuvent couvrir la plupart des besoins de votre projet. La lentille int\u00e9gr\u00e9e et la plaque de module font du processus d'installation un jeu d'enfant.","breadcrumb":{"@id":"https:\/\/eralux.com\/fr\/produit\/vador-evolve\/#breadcrumb"},"inLanguage":"fr-FR","potentialAction":[{"@type":"ReadAction","target":["https:\/\/eralux.com\/fr\/produit\/vador-evolve\/"]}]},{"@type":"ImageObject","inLanguage":"fr-FR","@id":"https:\/\/eralux.com\/fr\/produit\/vador-evolve\/#primaryimage","url":"https:\/\/eralux.com\/wp-content\/uploads\/2024\/01\/Vador-Evolve-Product-image.png","contentUrl":"https:\/\/eralux.com\/wp-content\/uploads\/2024\/01\/Vador-Evolve-Product-image.png","width":1000,"height":1000},{"@type":"BreadcrumbList","@id":"https:\/\/eralux.com\/fr\/produit\/vador-evolve\/#breadcrumb","itemListElement":[{"@type":"ListItem","position":1,"name":"Home","item":"https:\/\/eralux.com\/fr\/"},{"@type":"ListItem","position":2,"name":"Shop","item":"https:\/\/eralux.com\/shop\/"},{"@type":"ListItem","position":3,"name":"VADOR EVOLVE &#8211; VDE"}]},{"@type":"WebSite","@id":"https:\/\/eralux.com\/fr\/#website","url":"https:\/\/eralux.com\/fr\/","name":"Eralux","description":"World leader for Energy Saving LED Solutions","publisher":{"@id":"https:\/\/eralux.com\/fr\/#organization"},"alternateName":"Led manufacturer Canada","potentialAction":[{"@type":"SearchAction","target":{"@type":"EntryPoint","urlTemplate":"https:\/\/eralux.com\/fr\/?s={search_term_string}"},"query-input":{"@type":"PropertyValueSpecification","valueRequired":true,"valueName":"search_term_string"}}],"inLanguage":"fr-FR"},{"@type":"Organization","@id":"https:\/\/eralux.com\/fr\/#organization","name":"Eralux","url":"https:\/\/eralux.com\/fr\/","logo":{"@type":"ImageObject","inLanguage":"fr-FR","@id":"https:\/\/eralux.com\/fr\/#\/schema\/logo\/image\/","url":"https:\/\/eralux.com\/wp-content\/uploads\/2024\/01\/eralux-logo-trademark-R.png","contentUrl":"https:\/\/eralux.com\/wp-content\/uploads\/2024\/01\/eralux-logo-trademark-R.png","width":1000,"height":446,"caption":"Eralux"},"image":{"@id":"https:\/\/eralux.com\/fr\/#\/schema\/logo\/image\/"},"sameAs":["https:\/\/www.facebook.com\/aeralux.corp","https:\/\/x.com\/eralux_inc"],"description":"Save on energy with high-performance LED solutions. Choose Eralux for eco-friendly lighting. Explore our range today!"}]},"product_price_amount":"0.00","product_price_currency":"CAD","og_availability":"instock","product_availability":"instock","product_condition":"new"},"_links":{"self":[{"href":"https:\/\/eralux.com\/fr\/wp-json\/wp\/v2\/product\/6180","targetHints":{"allow":["GET"]}}],"collection":[{"href":"https:\/\/eralux.com\/fr\/wp-json\/wp\/v2\/product"}],"about":[{"href":"https:\/\/eralux.com\/fr\/wp-json\/wp\/v2\/types\/product"}],"replies":[{"embeddable":true,"href":"https:\/\/eralux.com\/fr\/wp-json\/wp\/v2\/comments?post=6180"}],"wp:featuredmedia":[{"embeddable":true,"href":"https:\/\/eralux.com\/fr\/wp-json\/wp\/v2\/media\/6218"}],"wp:attachment":[{"href":"https:\/\/eralux.com\/fr\/wp-json\/wp\/v2\/media?parent=6180"}],"wp:term":[{"taxonomy":"product_brand","embeddable":true,"href":"https:\/\/eralux.com\/fr\/wp-json\/wp\/v2\/product_brand?post=6180"},{"taxonomy":"product_cat","embeddable":true,"href":"https:\/\/eralux.com\/fr\/wp-json\/wp\/v2\/product_cat?post=6180"},{"taxonomy":"product_tag","embeddable":true,"href":"https:\/\/eralux.com\/fr\/wp-json\/wp\/v2\/product_tag?post=6180"}],"curies":[{"name":"wp","href":"https:\/\/api.w.org\/{rel}","templated":true}]}}