{"id":6314,"date":"2024-01-08T18:33:22","date_gmt":"2024-01-08T18:33:22","guid":{"rendered":"https:\/\/eralux.com\/?post_type=product&#038;p=6314"},"modified":"2024-01-10T22:52:33","modified_gmt":"2024-01-10T22:52:33","slug":"exita-z1102u","status":"publish","type":"product","link":"https:\/\/eralux.com\/fr\/produit\/exita-z1102u\/","title":{"rendered":"EXITA-Z1102U"},"content":{"rendered":"<p>Envelopp\u00e9e dans un bo\u00eetier ABS thermoplastique, l&#8217;EXITA-Z1102U est une t\u00eate t\u00e9l\u00e9command\u00e9e \u00e0 double LED con\u00e7ue pour faire face aux situations d&#8217;urgence les plus difficiles. Capable de fonctionner dans des conditions humides. \u00c9quip\u00e9e d&#8217;un thermoplastique \u00e0 haute r\u00e9sistance aux chocs et d&#8217;une LED SMD ultra lumineuse (2W). Les pivots r\u00e9glables permettent de bloquer la t\u00eate dans des positions flexibles. Peut \u00eatre mont\u00e9 en surface ou au mur. EXITA-Z1102U est un excellent choix pour la fonctionnalit\u00e9 et la flexibilit\u00e9 dans les situations d&#8217;urgence.<\/p>\n","protected":false},"excerpt":{"rendered":"<p>\u00c9clairage de secours<\/p>\n","protected":false},"featured_media":6341,"comment_status":"open","ping_status":"closed","template":"","meta":{"inline_featured_image":false},"product_brand":[],"product_cat":[1627],"product_tag":[],"class_list":{"0":"post-6314","1":"product","2":"type-product","3":"status-publish","4":"has-post-thumbnail","6":"product_applications-bureau-commercial","7":"product_applications-education-fr","8":"product_applications-magasin-de-detail","9":"product_applications-magasin-de-mode","10":"product_applications-sante","11":"product_segments-tetes-deportees-et-batteries-de-secours","12":"product_segments-urgence","13":"product_cat-z1102u-fr","15":"first","16":"instock","17":"shipping-taxable","18":"purchasable","19":"product-type-simple"},"yoast_head":"<!-- This site is optimized with the Yoast SEO Premium plugin v24.2 (Yoast SEO v27.4) - https:\/\/yoast.com\/product\/yoast-seo-premium-wordpress\/ -->\n<title>EXITA-Z1102U - Eralux<\/title>\n<meta name=\"description\" content=\"Envelopp\u00e9e dans un bo\u00eetier ABS thermoplastique, l&#039;EXITA-Z1102U est une t\u00eate t\u00e9l\u00e9command\u00e9e \u00e0 double LED con\u00e7ue pour faire face aux situations d&#039;urgence les plus difficiles. Capable de fonctionner dans des conditions humides. \u00c9quip\u00e9e d&#039;un thermoplastique \u00e0 haute r\u00e9sistance aux chocs et d&#039;une LED SMD ultra lumineuse (2W). Les pivots r\u00e9glables permettent de bloquer la t\u00eate dans des positions flexibles. Peut \u00eatre mont\u00e9 en surface ou au mur. EXITA-Z1102U est un excellent choix pour la fonctionnalit\u00e9 et la flexibilit\u00e9 dans les situations d&#039;urgence.\" \/>\n<meta name=\"robots\" content=\"index, follow, max-snippet:-1, max-image-preview:large, max-video-preview:-1\" \/>\n<link rel=\"canonical\" href=\"https:\/\/eralux.com\/fr\/produit\/exita-z1102u\/\" \/>\n<meta property=\"og:locale\" content=\"fr_FR\" \/>\n<meta property=\"og:type\" content=\"article\" \/>\n<meta property=\"og:title\" content=\"EXITA-Z1102U\" \/>\n<meta property=\"og:description\" content=\"Envelopp\u00e9e dans un bo\u00eetier ABS thermoplastique, l&#039;EXITA-Z1102U est une t\u00eate t\u00e9l\u00e9command\u00e9e \u00e0 double LED con\u00e7ue pour faire face aux situations d&#039;urgence les plus difficiles. Capable de fonctionner dans des conditions humides. \u00c9quip\u00e9e d&#039;un thermoplastique \u00e0 haute r\u00e9sistance aux chocs et d&#039;une LED SMD ultra lumineuse (2W). Les pivots r\u00e9glables permettent de bloquer la t\u00eate dans des positions flexibles. Peut \u00eatre mont\u00e9 en surface ou au mur. EXITA-Z1102U est un excellent choix pour la fonctionnalit\u00e9 et la flexibilit\u00e9 dans les situations d&#039;urgence.\" \/>\n<meta property=\"og:url\" content=\"https:\/\/eralux.com\/fr\/produit\/exita-z1102u\/\" \/>\n<meta property=\"og:site_name\" content=\"Eralux\" \/>\n<meta property=\"article:publisher\" content=\"https:\/\/www.facebook.com\/aeralux.corp\" \/>\n<meta property=\"article:modified_time\" content=\"2024-01-10T22:52:33+00:00\" \/>\n<meta property=\"og:image\" content=\"https:\/\/eralux.com\/wp-content\/uploads\/2024\/01\/ERALUX-EXITA-Z1102U-1.png\" \/>\n\t<meta property=\"og:image:width\" content=\"1000\" \/>\n\t<meta property=\"og:image:height\" content=\"1000\" \/>\n\t<meta property=\"og:image:type\" content=\"image\/png\" \/>\n<meta name=\"twitter:card\" content=\"summary_large_image\" \/>\n<meta name=\"twitter:site\" content=\"@eralux_inc\" \/>\n<meta name=\"twitter:label1\" content=\"Prix\" \/>\n\t<meta name=\"twitter:data1\" content=\"&#036;0.00\" \/>\n\t<meta name=\"twitter:label2\" content=\"Disponibilit\u00e9\" \/>\n\t<meta name=\"twitter:data2\" content=\"En stock\" \/>\n<script type=\"application\/ld+json\" class=\"yoast-schema-graph\">{\"@context\":\"https:\\\/\\\/schema.org\",\"@graph\":[{\"@type\":\"WebPage\",\"@id\":\"https:\\\/\\\/eralux.com\\\/fr\\\/produit\\\/exita-z1102u\\\/\",\"url\":\"https:\\\/\\\/eralux.com\\\/fr\\\/produit\\\/exita-z1102u\\\/\",\"name\":\"EXITA-Z1102U - Eralux\",\"isPartOf\":{\"@id\":\"https:\\\/\\\/eralux.com\\\/fr\\\/#website\"},\"primaryImageOfPage\":{\"@id\":\"https:\\\/\\\/eralux.com\\\/fr\\\/produit\\\/exita-z1102u\\\/#primaryimage\"},\"image\":{\"@id\":\"https:\\\/\\\/eralux.com\\\/fr\\\/produit\\\/exita-z1102u\\\/#primaryimage\"},\"thumbnailUrl\":\"https:\\\/\\\/eralux.com\\\/wp-content\\\/uploads\\\/2024\\\/01\\\/ERALUX-EXITA-Z1102U-1.png\",\"datePublished\":\"2024-01-08T18:33:22+00:00\",\"dateModified\":\"2024-01-10T22:52:33+00:00\",\"description\":\"Envelopp\u00e9e dans un bo\u00eetier ABS thermoplastique, l'EXITA-Z1102U est une t\u00eate t\u00e9l\u00e9command\u00e9e \u00e0 double LED con\u00e7ue pour faire face aux situations d'urgence les plus difficiles. Capable de fonctionner dans des conditions humides. \u00c9quip\u00e9e d'un thermoplastique \u00e0 haute r\u00e9sistance aux chocs et d'une LED SMD ultra lumineuse (2W). Les pivots r\u00e9glables permettent de bloquer la t\u00eate dans des positions flexibles. Peut \u00eatre mont\u00e9 en surface ou au mur. EXITA-Z1102U est un excellent choix pour la fonctionnalit\u00e9 et la flexibilit\u00e9 dans les situations d'urgence.\",\"breadcrumb\":{\"@id\":\"https:\\\/\\\/eralux.com\\\/fr\\\/produit\\\/exita-z1102u\\\/#breadcrumb\"},\"inLanguage\":\"fr-FR\",\"potentialAction\":[{\"@type\":\"ReadAction\",\"target\":[\"https:\\\/\\\/eralux.com\\\/fr\\\/produit\\\/exita-z1102u\\\/\"]}]},{\"@type\":\"ImageObject\",\"inLanguage\":\"fr-FR\",\"@id\":\"https:\\\/\\\/eralux.com\\\/fr\\\/produit\\\/exita-z1102u\\\/#primaryimage\",\"url\":\"https:\\\/\\\/eralux.com\\\/wp-content\\\/uploads\\\/2024\\\/01\\\/ERALUX-EXITA-Z1102U-1.png\",\"contentUrl\":\"https:\\\/\\\/eralux.com\\\/wp-content\\\/uploads\\\/2024\\\/01\\\/ERALUX-EXITA-Z1102U-1.png\",\"width\":1000,\"height\":1000},{\"@type\":\"BreadcrumbList\",\"@id\":\"https:\\\/\\\/eralux.com\\\/fr\\\/produit\\\/exita-z1102u\\\/#breadcrumb\",\"itemListElement\":[{\"@type\":\"ListItem\",\"position\":1,\"name\":\"Home\",\"item\":\"https:\\\/\\\/eralux.com\\\/fr\\\/\"},{\"@type\":\"ListItem\",\"position\":2,\"name\":\"Shop\",\"item\":\"https:\\\/\\\/eralux.com\\\/shop\\\/\"},{\"@type\":\"ListItem\",\"position\":3,\"name\":\"EXITA-Z1102U\"}]},{\"@type\":\"WebSite\",\"@id\":\"https:\\\/\\\/eralux.com\\\/fr\\\/#website\",\"url\":\"https:\\\/\\\/eralux.com\\\/fr\\\/\",\"name\":\"Eralux\",\"description\":\"World leader for Energy Saving LED Solutions\",\"publisher\":{\"@id\":\"https:\\\/\\\/eralux.com\\\/fr\\\/#organization\"},\"alternateName\":\"Led manufacturer Canada\",\"potentialAction\":[{\"@type\":\"SearchAction\",\"target\":{\"@type\":\"EntryPoint\",\"urlTemplate\":\"https:\\\/\\\/eralux.com\\\/fr\\\/?s={search_term_string}\"},\"query-input\":{\"@type\":\"PropertyValueSpecification\",\"valueRequired\":true,\"valueName\":\"search_term_string\"}}],\"inLanguage\":\"fr-FR\"},{\"@type\":\"Organization\",\"@id\":\"https:\\\/\\\/eralux.com\\\/fr\\\/#organization\",\"name\":\"Eralux\",\"url\":\"https:\\\/\\\/eralux.com\\\/fr\\\/\",\"logo\":{\"@type\":\"ImageObject\",\"inLanguage\":\"fr-FR\",\"@id\":\"https:\\\/\\\/eralux.com\\\/fr\\\/#\\\/schema\\\/logo\\\/image\\\/\",\"url\":\"https:\\\/\\\/eralux.com\\\/wp-content\\\/uploads\\\/2024\\\/01\\\/eralux-logo-trademark-R.png\",\"contentUrl\":\"https:\\\/\\\/eralux.com\\\/wp-content\\\/uploads\\\/2024\\\/01\\\/eralux-logo-trademark-R.png\",\"width\":1000,\"height\":446,\"caption\":\"Eralux\"},\"image\":{\"@id\":\"https:\\\/\\\/eralux.com\\\/fr\\\/#\\\/schema\\\/logo\\\/image\\\/\"},\"sameAs\":[\"https:\\\/\\\/www.facebook.com\\\/aeralux.corp\",\"https:\\\/\\\/x.com\\\/eralux_inc\"],\"description\":\"Save on energy with high-performance LED solutions. Choose Eralux for eco-friendly lighting. Explore our range today!\"}]}<\/script>\n<meta property=\"product:price:amount\" content=\"0.00\" \/>\n<meta property=\"product:price:currency\" content=\"CAD\" \/>\n<meta property=\"og:availability\" content=\"instock\" \/>\n<meta property=\"product:availability\" content=\"instock\" \/>\n<meta property=\"product:condition\" content=\"new\" \/>\n<!-- \/ Yoast SEO Premium plugin. -->","yoast_head_json":{"title":"EXITA-Z1102U - Eralux","description":"Envelopp\u00e9e dans un bo\u00eetier ABS thermoplastique, l'EXITA-Z1102U est une t\u00eate t\u00e9l\u00e9command\u00e9e \u00e0 double LED con\u00e7ue pour faire face aux situations d'urgence les plus difficiles. Capable de fonctionner dans des conditions humides. \u00c9quip\u00e9e d'un thermoplastique \u00e0 haute r\u00e9sistance aux chocs et d'une LED SMD ultra lumineuse (2W). Les pivots r\u00e9glables permettent de bloquer la t\u00eate dans des positions flexibles. Peut \u00eatre mont\u00e9 en surface ou au mur. EXITA-Z1102U est un excellent choix pour la fonctionnalit\u00e9 et la flexibilit\u00e9 dans les situations d'urgence.","robots":{"index":"index","follow":"follow","max-snippet":"max-snippet:-1","max-image-preview":"max-image-preview:large","max-video-preview":"max-video-preview:-1"},"canonical":"https:\/\/eralux.com\/fr\/produit\/exita-z1102u\/","og_locale":"fr_FR","og_type":"article","og_title":"EXITA-Z1102U","og_description":"Envelopp\u00e9e dans un bo\u00eetier ABS thermoplastique, l'EXITA-Z1102U est une t\u00eate t\u00e9l\u00e9command\u00e9e \u00e0 double LED con\u00e7ue pour faire face aux situations d'urgence les plus difficiles. Capable de fonctionner dans des conditions humides. \u00c9quip\u00e9e d'un thermoplastique \u00e0 haute r\u00e9sistance aux chocs et d'une LED SMD ultra lumineuse (2W). Les pivots r\u00e9glables permettent de bloquer la t\u00eate dans des positions flexibles. Peut \u00eatre mont\u00e9 en surface ou au mur. EXITA-Z1102U est un excellent choix pour la fonctionnalit\u00e9 et la flexibilit\u00e9 dans les situations d'urgence.","og_url":"https:\/\/eralux.com\/fr\/produit\/exita-z1102u\/","og_site_name":"Eralux","article_publisher":"https:\/\/www.facebook.com\/aeralux.corp","article_modified_time":"2024-01-10T22:52:33+00:00","og_image":[{"width":1000,"height":1000,"url":"https:\/\/eralux.com\/wp-content\/uploads\/2024\/01\/ERALUX-EXITA-Z1102U-1.png","type":"image\/png"}],"twitter_card":"summary_large_image","twitter_site":"@eralux_inc","twitter_misc":{"Prix":"&#36;0.00","Disponibilit\u00e9":"En stock"},"schema":{"@context":"https:\/\/schema.org","@graph":[{"@type":"WebPage","@id":"https:\/\/eralux.com\/fr\/produit\/exita-z1102u\/","url":"https:\/\/eralux.com\/fr\/produit\/exita-z1102u\/","name":"EXITA-Z1102U - Eralux","isPartOf":{"@id":"https:\/\/eralux.com\/fr\/#website"},"primaryImageOfPage":{"@id":"https:\/\/eralux.com\/fr\/produit\/exita-z1102u\/#primaryimage"},"image":{"@id":"https:\/\/eralux.com\/fr\/produit\/exita-z1102u\/#primaryimage"},"thumbnailUrl":"https:\/\/eralux.com\/wp-content\/uploads\/2024\/01\/ERALUX-EXITA-Z1102U-1.png","datePublished":"2024-01-08T18:33:22+00:00","dateModified":"2024-01-10T22:52:33+00:00","description":"Envelopp\u00e9e dans un bo\u00eetier ABS thermoplastique, l'EXITA-Z1102U est une t\u00eate t\u00e9l\u00e9command\u00e9e \u00e0 double LED con\u00e7ue pour faire face aux situations d'urgence les plus difficiles. Capable de fonctionner dans des conditions humides. \u00c9quip\u00e9e d'un thermoplastique \u00e0 haute r\u00e9sistance aux chocs et d'une LED SMD ultra lumineuse (2W). Les pivots r\u00e9glables permettent de bloquer la t\u00eate dans des positions flexibles. Peut \u00eatre mont\u00e9 en surface ou au mur. EXITA-Z1102U est un excellent choix pour la fonctionnalit\u00e9 et la flexibilit\u00e9 dans les situations d'urgence.","breadcrumb":{"@id":"https:\/\/eralux.com\/fr\/produit\/exita-z1102u\/#breadcrumb"},"inLanguage":"fr-FR","potentialAction":[{"@type":"ReadAction","target":["https:\/\/eralux.com\/fr\/produit\/exita-z1102u\/"]}]},{"@type":"ImageObject","inLanguage":"fr-FR","@id":"https:\/\/eralux.com\/fr\/produit\/exita-z1102u\/#primaryimage","url":"https:\/\/eralux.com\/wp-content\/uploads\/2024\/01\/ERALUX-EXITA-Z1102U-1.png","contentUrl":"https:\/\/eralux.com\/wp-content\/uploads\/2024\/01\/ERALUX-EXITA-Z1102U-1.png","width":1000,"height":1000},{"@type":"BreadcrumbList","@id":"https:\/\/eralux.com\/fr\/produit\/exita-z1102u\/#breadcrumb","itemListElement":[{"@type":"ListItem","position":1,"name":"Home","item":"https:\/\/eralux.com\/fr\/"},{"@type":"ListItem","position":2,"name":"Shop","item":"https:\/\/eralux.com\/shop\/"},{"@type":"ListItem","position":3,"name":"EXITA-Z1102U"}]},{"@type":"WebSite","@id":"https:\/\/eralux.com\/fr\/#website","url":"https:\/\/eralux.com\/fr\/","name":"Eralux","description":"World leader for Energy Saving LED Solutions","publisher":{"@id":"https:\/\/eralux.com\/fr\/#organization"},"alternateName":"Led manufacturer Canada","potentialAction":[{"@type":"SearchAction","target":{"@type":"EntryPoint","urlTemplate":"https:\/\/eralux.com\/fr\/?s={search_term_string}"},"query-input":{"@type":"PropertyValueSpecification","valueRequired":true,"valueName":"search_term_string"}}],"inLanguage":"fr-FR"},{"@type":"Organization","@id":"https:\/\/eralux.com\/fr\/#organization","name":"Eralux","url":"https:\/\/eralux.com\/fr\/","logo":{"@type":"ImageObject","inLanguage":"fr-FR","@id":"https:\/\/eralux.com\/fr\/#\/schema\/logo\/image\/","url":"https:\/\/eralux.com\/wp-content\/uploads\/2024\/01\/eralux-logo-trademark-R.png","contentUrl":"https:\/\/eralux.com\/wp-content\/uploads\/2024\/01\/eralux-logo-trademark-R.png","width":1000,"height":446,"caption":"Eralux"},"image":{"@id":"https:\/\/eralux.com\/fr\/#\/schema\/logo\/image\/"},"sameAs":["https:\/\/www.facebook.com\/aeralux.corp","https:\/\/x.com\/eralux_inc"],"description":"Save on energy with high-performance LED solutions. Choose Eralux for eco-friendly lighting. Explore our range today!"}]},"product_price_amount":"0.00","product_price_currency":"CAD","og_availability":"instock","product_availability":"instock","product_condition":"new"},"_links":{"self":[{"href":"https:\/\/eralux.com\/fr\/wp-json\/wp\/v2\/product\/6314","targetHints":{"allow":["GET"]}}],"collection":[{"href":"https:\/\/eralux.com\/fr\/wp-json\/wp\/v2\/product"}],"about":[{"href":"https:\/\/eralux.com\/fr\/wp-json\/wp\/v2\/types\/product"}],"replies":[{"embeddable":true,"href":"https:\/\/eralux.com\/fr\/wp-json\/wp\/v2\/comments?post=6314"}],"wp:featuredmedia":[{"embeddable":true,"href":"https:\/\/eralux.com\/fr\/wp-json\/wp\/v2\/media\/6341"}],"wp:attachment":[{"href":"https:\/\/eralux.com\/fr\/wp-json\/wp\/v2\/media?parent=6314"}],"wp:term":[{"taxonomy":"product_brand","embeddable":true,"href":"https:\/\/eralux.com\/fr\/wp-json\/wp\/v2\/product_brand?post=6314"},{"taxonomy":"product_cat","embeddable":true,"href":"https:\/\/eralux.com\/fr\/wp-json\/wp\/v2\/product_cat?post=6314"},{"taxonomy":"product_tag","embeddable":true,"href":"https:\/\/eralux.com\/fr\/wp-json\/wp\/v2\/product_tag?post=6314"}],"curies":[{"name":"wp","href":"https:\/\/api.w.org\/{rel}","templated":true}]}}