{"id":6343,"date":"2024-01-08T18:50:09","date_gmt":"2024-01-08T18:50:09","guid":{"rendered":"https:\/\/eralux.com\/?post_type=product&#038;p=6343"},"modified":"2024-01-18T21:02:23","modified_gmt":"2024-01-18T21:02:23","slug":"exita-by-f5025ca","status":"publish","type":"product","link":"https:\/\/eralux.com\/fr\/produit\/exita-by-f5025ca\/","title":{"rendered":"EXITA BY-F5025CA"},"content":{"rendered":"<p>L&#8217;EXITA-5025 est le luminaire de sortie de secours en m\u00e9tal d&#8217;ERALUX. Cette lampe de sortie est livr\u00e9e en standard pour un montage au plafond, au mur ou m\u00eame pour des installations lat\u00e9rales. Il est \u00e9galement livr\u00e9 en standard avec trois pictogrammes qui peuvent \u00eatre modifi\u00e9s sur le terrain afin d&#8217;offrir une certaine souplesse dans le processus d&#8217;installation.<\/p>\n","protected":false},"excerpt":{"rendered":"<p>\u00c9clairage de secours<\/p>\n","protected":false},"featured_media":6362,"comment_status":"open","ping_status":"closed","template":"","meta":{"inline_featured_image":false},"product_brand":[],"product_cat":[1615],"product_tag":[],"class_list":{"0":"post-6343","1":"product","2":"type-product","3":"status-publish","4":"has-post-thumbnail","6":"product_applications-bureau-commercial","7":"product_applications-education-fr","8":"product_applications-magasin-de-mode","9":"product_applications-sante","10":"product_applications-hotellerie","11":"product_applications-magasin-de-detail","12":"product_segments-panneaux-de-sortie-avec-pictogrammes","13":"product_segments-urgence","14":"product_cat-by-f5025ca-fr","16":"first","17":"instock","18":"shipping-taxable","19":"purchasable","20":"product-type-simple"},"yoast_head":"<!-- This site is optimized with the Yoast SEO Premium plugin v24.2 (Yoast SEO v27.4) - https:\/\/yoast.com\/product\/yoast-seo-premium-wordpress\/ -->\n<title>EXITA BY-F5025CA - Eralux<\/title>\n<meta name=\"description\" content=\"L&#039;EXITA-5025 est le luminaire de sortie de secours en m\u00e9tal d&#039;ERALUX. Cette lampe de sortie est livr\u00e9e en standard pour un montage au plafond, au mur ou m\u00eame pour des installations lat\u00e9rales. Il est \u00e9galement livr\u00e9 en standard avec trois pictogrammes qui peuvent \u00eatre modifi\u00e9s sur le terrain afin d&#039;offrir une certaine souplesse dans le processus d&#039;installation.\" \/>\n<meta name=\"robots\" content=\"index, follow, max-snippet:-1, max-image-preview:large, max-video-preview:-1\" \/>\n<link rel=\"canonical\" href=\"https:\/\/eralux.com\/fr\/produit\/exita-by-f5025ca\/\" \/>\n<meta property=\"og:locale\" content=\"fr_FR\" \/>\n<meta property=\"og:type\" content=\"article\" \/>\n<meta property=\"og:title\" content=\"EXITA BY-F5025CA\" \/>\n<meta property=\"og:description\" content=\"L&#039;EXITA-5025 est le luminaire de sortie de secours en m\u00e9tal d&#039;ERALUX. Cette lampe de sortie est livr\u00e9e en standard pour un montage au plafond, au mur ou m\u00eame pour des installations lat\u00e9rales. Il est \u00e9galement livr\u00e9 en standard avec trois pictogrammes qui peuvent \u00eatre modifi\u00e9s sur le terrain afin d&#039;offrir une certaine souplesse dans le processus d&#039;installation.\" \/>\n<meta property=\"og:url\" content=\"https:\/\/eralux.com\/fr\/produit\/exita-by-f5025ca\/\" \/>\n<meta property=\"og:site_name\" content=\"Eralux\" \/>\n<meta property=\"article:publisher\" content=\"https:\/\/www.facebook.com\/aeralux.corp\" \/>\n<meta property=\"article:modified_time\" content=\"2024-01-18T21:02:23+00:00\" \/>\n<meta property=\"og:image\" content=\"https:\/\/eralux.com\/wp-content\/uploads\/2024\/01\/F5025CA-5-for-website.png\" \/>\n\t<meta property=\"og:image:width\" content=\"1000\" \/>\n\t<meta property=\"og:image:height\" content=\"1000\" \/>\n\t<meta property=\"og:image:type\" content=\"image\/png\" \/>\n<meta name=\"twitter:card\" content=\"summary_large_image\" \/>\n<meta name=\"twitter:site\" content=\"@eralux_inc\" \/>\n<meta name=\"twitter:label1\" content=\"Prix\" \/>\n\t<meta name=\"twitter:data1\" content=\"&#036;0.00\" \/>\n\t<meta name=\"twitter:label2\" content=\"Disponibilit\u00e9\" \/>\n\t<meta name=\"twitter:data2\" content=\"En stock\" \/>\n<script type=\"application\/ld+json\" class=\"yoast-schema-graph\">{\"@context\":\"https:\\\/\\\/schema.org\",\"@graph\":[{\"@type\":\"WebPage\",\"@id\":\"https:\\\/\\\/eralux.com\\\/fr\\\/produit\\\/exita-by-f5025ca\\\/\",\"url\":\"https:\\\/\\\/eralux.com\\\/fr\\\/produit\\\/exita-by-f5025ca\\\/\",\"name\":\"EXITA BY-F5025CA - Eralux\",\"isPartOf\":{\"@id\":\"https:\\\/\\\/eralux.com\\\/fr\\\/#website\"},\"primaryImageOfPage\":{\"@id\":\"https:\\\/\\\/eralux.com\\\/fr\\\/produit\\\/exita-by-f5025ca\\\/#primaryimage\"},\"image\":{\"@id\":\"https:\\\/\\\/eralux.com\\\/fr\\\/produit\\\/exita-by-f5025ca\\\/#primaryimage\"},\"thumbnailUrl\":\"https:\\\/\\\/eralux.com\\\/wp-content\\\/uploads\\\/2024\\\/01\\\/F5025CA-5-for-website.png\",\"datePublished\":\"2024-01-08T18:50:09+00:00\",\"dateModified\":\"2024-01-18T21:02:23+00:00\",\"description\":\"L'EXITA-5025 est le luminaire de sortie de secours en m\u00e9tal d'ERALUX. Cette lampe de sortie est livr\u00e9e en standard pour un montage au plafond, au mur ou m\u00eame pour des installations lat\u00e9rales. Il est \u00e9galement livr\u00e9 en standard avec trois pictogrammes qui peuvent \u00eatre modifi\u00e9s sur le terrain afin d'offrir une certaine souplesse dans le processus d'installation.\",\"breadcrumb\":{\"@id\":\"https:\\\/\\\/eralux.com\\\/fr\\\/produit\\\/exita-by-f5025ca\\\/#breadcrumb\"},\"inLanguage\":\"fr-FR\",\"potentialAction\":[{\"@type\":\"ReadAction\",\"target\":[\"https:\\\/\\\/eralux.com\\\/fr\\\/produit\\\/exita-by-f5025ca\\\/\"]}]},{\"@type\":\"ImageObject\",\"inLanguage\":\"fr-FR\",\"@id\":\"https:\\\/\\\/eralux.com\\\/fr\\\/produit\\\/exita-by-f5025ca\\\/#primaryimage\",\"url\":\"https:\\\/\\\/eralux.com\\\/wp-content\\\/uploads\\\/2024\\\/01\\\/F5025CA-5-for-website.png\",\"contentUrl\":\"https:\\\/\\\/eralux.com\\\/wp-content\\\/uploads\\\/2024\\\/01\\\/F5025CA-5-for-website.png\",\"width\":1000,\"height\":1000},{\"@type\":\"BreadcrumbList\",\"@id\":\"https:\\\/\\\/eralux.com\\\/fr\\\/produit\\\/exita-by-f5025ca\\\/#breadcrumb\",\"itemListElement\":[{\"@type\":\"ListItem\",\"position\":1,\"name\":\"Home\",\"item\":\"https:\\\/\\\/eralux.com\\\/fr\\\/\"},{\"@type\":\"ListItem\",\"position\":2,\"name\":\"Shop\",\"item\":\"https:\\\/\\\/eralux.com\\\/shop\\\/\"},{\"@type\":\"ListItem\",\"position\":3,\"name\":\"EXITA BY-F5025CA\"}]},{\"@type\":\"WebSite\",\"@id\":\"https:\\\/\\\/eralux.com\\\/fr\\\/#website\",\"url\":\"https:\\\/\\\/eralux.com\\\/fr\\\/\",\"name\":\"Eralux\",\"description\":\"World leader for Energy Saving LED Solutions\",\"publisher\":{\"@id\":\"https:\\\/\\\/eralux.com\\\/fr\\\/#organization\"},\"alternateName\":\"Led manufacturer Canada\",\"potentialAction\":[{\"@type\":\"SearchAction\",\"target\":{\"@type\":\"EntryPoint\",\"urlTemplate\":\"https:\\\/\\\/eralux.com\\\/fr\\\/?s={search_term_string}\"},\"query-input\":{\"@type\":\"PropertyValueSpecification\",\"valueRequired\":true,\"valueName\":\"search_term_string\"}}],\"inLanguage\":\"fr-FR\"},{\"@type\":\"Organization\",\"@id\":\"https:\\\/\\\/eralux.com\\\/fr\\\/#organization\",\"name\":\"Eralux\",\"url\":\"https:\\\/\\\/eralux.com\\\/fr\\\/\",\"logo\":{\"@type\":\"ImageObject\",\"inLanguage\":\"fr-FR\",\"@id\":\"https:\\\/\\\/eralux.com\\\/fr\\\/#\\\/schema\\\/logo\\\/image\\\/\",\"url\":\"https:\\\/\\\/eralux.com\\\/wp-content\\\/uploads\\\/2024\\\/01\\\/eralux-logo-trademark-R.png\",\"contentUrl\":\"https:\\\/\\\/eralux.com\\\/wp-content\\\/uploads\\\/2024\\\/01\\\/eralux-logo-trademark-R.png\",\"width\":1000,\"height\":446,\"caption\":\"Eralux\"},\"image\":{\"@id\":\"https:\\\/\\\/eralux.com\\\/fr\\\/#\\\/schema\\\/logo\\\/image\\\/\"},\"sameAs\":[\"https:\\\/\\\/www.facebook.com\\\/aeralux.corp\",\"https:\\\/\\\/x.com\\\/eralux_inc\"],\"description\":\"Save on energy with high-performance LED solutions. Choose Eralux for eco-friendly lighting. Explore our range today!\"}]}<\/script>\n<meta property=\"product:price:amount\" content=\"0.00\" \/>\n<meta property=\"product:price:currency\" content=\"CAD\" \/>\n<meta property=\"og:availability\" content=\"instock\" \/>\n<meta property=\"product:availability\" content=\"instock\" \/>\n<meta property=\"product:condition\" content=\"new\" \/>\n<!-- \/ Yoast SEO Premium plugin. -->","yoast_head_json":{"title":"EXITA BY-F5025CA - Eralux","description":"L'EXITA-5025 est le luminaire de sortie de secours en m\u00e9tal d'ERALUX. Cette lampe de sortie est livr\u00e9e en standard pour un montage au plafond, au mur ou m\u00eame pour des installations lat\u00e9rales. Il est \u00e9galement livr\u00e9 en standard avec trois pictogrammes qui peuvent \u00eatre modifi\u00e9s sur le terrain afin d'offrir une certaine souplesse dans le processus d'installation.","robots":{"index":"index","follow":"follow","max-snippet":"max-snippet:-1","max-image-preview":"max-image-preview:large","max-video-preview":"max-video-preview:-1"},"canonical":"https:\/\/eralux.com\/fr\/produit\/exita-by-f5025ca\/","og_locale":"fr_FR","og_type":"article","og_title":"EXITA BY-F5025CA","og_description":"L'EXITA-5025 est le luminaire de sortie de secours en m\u00e9tal d'ERALUX. Cette lampe de sortie est livr\u00e9e en standard pour un montage au plafond, au mur ou m\u00eame pour des installations lat\u00e9rales. Il est \u00e9galement livr\u00e9 en standard avec trois pictogrammes qui peuvent \u00eatre modifi\u00e9s sur le terrain afin d'offrir une certaine souplesse dans le processus d'installation.","og_url":"https:\/\/eralux.com\/fr\/produit\/exita-by-f5025ca\/","og_site_name":"Eralux","article_publisher":"https:\/\/www.facebook.com\/aeralux.corp","article_modified_time":"2024-01-18T21:02:23+00:00","og_image":[{"width":1000,"height":1000,"url":"https:\/\/eralux.com\/wp-content\/uploads\/2024\/01\/F5025CA-5-for-website.png","type":"image\/png"}],"twitter_card":"summary_large_image","twitter_site":"@eralux_inc","twitter_misc":{"Prix":"&#36;0.00","Disponibilit\u00e9":"En stock"},"schema":{"@context":"https:\/\/schema.org","@graph":[{"@type":"WebPage","@id":"https:\/\/eralux.com\/fr\/produit\/exita-by-f5025ca\/","url":"https:\/\/eralux.com\/fr\/produit\/exita-by-f5025ca\/","name":"EXITA BY-F5025CA - Eralux","isPartOf":{"@id":"https:\/\/eralux.com\/fr\/#website"},"primaryImageOfPage":{"@id":"https:\/\/eralux.com\/fr\/produit\/exita-by-f5025ca\/#primaryimage"},"image":{"@id":"https:\/\/eralux.com\/fr\/produit\/exita-by-f5025ca\/#primaryimage"},"thumbnailUrl":"https:\/\/eralux.com\/wp-content\/uploads\/2024\/01\/F5025CA-5-for-website.png","datePublished":"2024-01-08T18:50:09+00:00","dateModified":"2024-01-18T21:02:23+00:00","description":"L'EXITA-5025 est le luminaire de sortie de secours en m\u00e9tal d'ERALUX. Cette lampe de sortie est livr\u00e9e en standard pour un montage au plafond, au mur ou m\u00eame pour des installations lat\u00e9rales. Il est \u00e9galement livr\u00e9 en standard avec trois pictogrammes qui peuvent \u00eatre modifi\u00e9s sur le terrain afin d'offrir une certaine souplesse dans le processus d'installation.","breadcrumb":{"@id":"https:\/\/eralux.com\/fr\/produit\/exita-by-f5025ca\/#breadcrumb"},"inLanguage":"fr-FR","potentialAction":[{"@type":"ReadAction","target":["https:\/\/eralux.com\/fr\/produit\/exita-by-f5025ca\/"]}]},{"@type":"ImageObject","inLanguage":"fr-FR","@id":"https:\/\/eralux.com\/fr\/produit\/exita-by-f5025ca\/#primaryimage","url":"https:\/\/eralux.com\/wp-content\/uploads\/2024\/01\/F5025CA-5-for-website.png","contentUrl":"https:\/\/eralux.com\/wp-content\/uploads\/2024\/01\/F5025CA-5-for-website.png","width":1000,"height":1000},{"@type":"BreadcrumbList","@id":"https:\/\/eralux.com\/fr\/produit\/exita-by-f5025ca\/#breadcrumb","itemListElement":[{"@type":"ListItem","position":1,"name":"Home","item":"https:\/\/eralux.com\/fr\/"},{"@type":"ListItem","position":2,"name":"Shop","item":"https:\/\/eralux.com\/shop\/"},{"@type":"ListItem","position":3,"name":"EXITA BY-F5025CA"}]},{"@type":"WebSite","@id":"https:\/\/eralux.com\/fr\/#website","url":"https:\/\/eralux.com\/fr\/","name":"Eralux","description":"World leader for Energy Saving LED Solutions","publisher":{"@id":"https:\/\/eralux.com\/fr\/#organization"},"alternateName":"Led manufacturer Canada","potentialAction":[{"@type":"SearchAction","target":{"@type":"EntryPoint","urlTemplate":"https:\/\/eralux.com\/fr\/?s={search_term_string}"},"query-input":{"@type":"PropertyValueSpecification","valueRequired":true,"valueName":"search_term_string"}}],"inLanguage":"fr-FR"},{"@type":"Organization","@id":"https:\/\/eralux.com\/fr\/#organization","name":"Eralux","url":"https:\/\/eralux.com\/fr\/","logo":{"@type":"ImageObject","inLanguage":"fr-FR","@id":"https:\/\/eralux.com\/fr\/#\/schema\/logo\/image\/","url":"https:\/\/eralux.com\/wp-content\/uploads\/2024\/01\/eralux-logo-trademark-R.png","contentUrl":"https:\/\/eralux.com\/wp-content\/uploads\/2024\/01\/eralux-logo-trademark-R.png","width":1000,"height":446,"caption":"Eralux"},"image":{"@id":"https:\/\/eralux.com\/fr\/#\/schema\/logo\/image\/"},"sameAs":["https:\/\/www.facebook.com\/aeralux.corp","https:\/\/x.com\/eralux_inc"],"description":"Save on energy with high-performance LED solutions. Choose Eralux for eco-friendly lighting. Explore our range today!"}]},"product_price_amount":"0.00","product_price_currency":"CAD","og_availability":"instock","product_availability":"instock","product_condition":"new"},"_links":{"self":[{"href":"https:\/\/eralux.com\/fr\/wp-json\/wp\/v2\/product\/6343","targetHints":{"allow":["GET"]}}],"collection":[{"href":"https:\/\/eralux.com\/fr\/wp-json\/wp\/v2\/product"}],"about":[{"href":"https:\/\/eralux.com\/fr\/wp-json\/wp\/v2\/types\/product"}],"replies":[{"embeddable":true,"href":"https:\/\/eralux.com\/fr\/wp-json\/wp\/v2\/comments?post=6343"}],"wp:featuredmedia":[{"embeddable":true,"href":"https:\/\/eralux.com\/fr\/wp-json\/wp\/v2\/media\/6362"}],"wp:attachment":[{"href":"https:\/\/eralux.com\/fr\/wp-json\/wp\/v2\/media?parent=6343"}],"wp:term":[{"taxonomy":"product_brand","embeddable":true,"href":"https:\/\/eralux.com\/fr\/wp-json\/wp\/v2\/product_brand?post=6343"},{"taxonomy":"product_cat","embeddable":true,"href":"https:\/\/eralux.com\/fr\/wp-json\/wp\/v2\/product_cat?post=6343"},{"taxonomy":"product_tag","embeddable":true,"href":"https:\/\/eralux.com\/fr\/wp-json\/wp\/v2\/product_tag?post=6343"}],"curies":[{"name":"wp","href":"https:\/\/api.w.org\/{rel}","templated":true}]}}