{"id":6410,"date":"2024-01-08T19:37:18","date_gmt":"2024-01-08T19:37:18","guid":{"rendered":"https:\/\/eralux.com\/?post_type=product&#038;p=6410"},"modified":"2024-01-17T17:24:05","modified_gmt":"2024-01-17T17:24:05","slug":"exita-by-f2230ca","status":"publish","type":"product","link":"https:\/\/eralux.com\/fr\/produit\/exita-by-f2230ca\/","title":{"rendered":"EXITA BY-F2230CA"},"content":{"rendered":"<p>L&#8217;EXITA-2230 est une lampe de sortie de secours thermoplastique de ERALUX. Cette lampe de sortie est livr\u00e9e en standard pour un montage au plafond, au mur ou m\u00eame pour des installations lat\u00e9rales. Il est \u00e9galement \u00e9quip\u00e9 de trois pictogrammes qui peuvent \u00eatre chang\u00e9s sur le terrain afin d&#8217;offrir une certaine souplesse dans le processus d&#8217;installation.<\/p>\n","protected":false},"excerpt":{"rendered":"<p>\u00c9clairage de secours<\/p>\n","protected":false},"featured_media":6420,"comment_status":"open","ping_status":"closed","template":"","meta":{"inline_featured_image":false},"product_brand":[],"product_cat":[1535],"product_tag":[],"class_list":{"0":"post-6410","1":"product","2":"type-product","3":"status-publish","4":"has-post-thumbnail","6":"product_applications-magasin-de-detail","7":"product_applications-hotellerie","8":"product_applications-magasin-de-mode","9":"product_applications-education-fr","10":"product_applications-bureau-commercial","11":"product_segments-panneaux-de-sortie-avec-pictogrammes","12":"product_segments-urgence","13":"product_cat-f2230ca-fr","15":"first","16":"instock","17":"shipping-taxable","18":"purchasable","19":"product-type-simple"},"yoast_head":"<!-- This site is optimized with the Yoast SEO Premium plugin v24.2 (Yoast SEO v27.5) - https:\/\/yoast.com\/product\/yoast-seo-premium-wordpress\/ -->\n<title>EXITA BY-F2230CA - Eralux<\/title>\n<meta name=\"description\" content=\"L&#039;EXITA-2230 est une lampe de sortie de secours thermoplastique de ERALUX. Cette lampe de sortie est livr\u00e9e en standard pour un montage au plafond, au mur ou m\u00eame pour des installations lat\u00e9rales. Il est \u00e9galement \u00e9quip\u00e9 de trois pictogrammes qui peuvent \u00eatre chang\u00e9s sur le terrain afin d&#039;offrir une certaine souplesse dans le processus d&#039;installation.\" \/>\n<meta name=\"robots\" content=\"index, follow, max-snippet:-1, max-image-preview:large, max-video-preview:-1\" \/>\n<link rel=\"canonical\" href=\"https:\/\/eralux.com\/fr\/produit\/exita-by-f2230ca\/\" \/>\n<meta property=\"og:locale\" content=\"fr_FR\" \/>\n<meta property=\"og:type\" content=\"article\" \/>\n<meta property=\"og:title\" content=\"EXITA BY-F2230CA\" \/>\n<meta property=\"og:description\" content=\"L&#039;EXITA-2230 est une lampe de sortie de secours thermoplastique de ERALUX. Cette lampe de sortie est livr\u00e9e en standard pour un montage au plafond, au mur ou m\u00eame pour des installations lat\u00e9rales. Il est \u00e9galement \u00e9quip\u00e9 de trois pictogrammes qui peuvent \u00eatre chang\u00e9s sur le terrain afin d&#039;offrir une certaine souplesse dans le processus d&#039;installation.\" \/>\n<meta property=\"og:url\" content=\"https:\/\/eralux.com\/fr\/produit\/exita-by-f2230ca\/\" \/>\n<meta property=\"og:site_name\" content=\"Eralux\" \/>\n<meta property=\"article:publisher\" content=\"https:\/\/www.facebook.com\/aeralux.corp\" \/>\n<meta property=\"article:modified_time\" content=\"2024-01-17T17:24:05+00:00\" \/>\n<meta property=\"og:image\" content=\"https:\/\/eralux.com\/wp-content\/uploads\/2024\/01\/IMG_3387-wu-1.png\" \/>\n\t<meta property=\"og:image:width\" content=\"1000\" \/>\n\t<meta property=\"og:image:height\" content=\"1000\" \/>\n\t<meta property=\"og:image:type\" content=\"image\/png\" \/>\n<meta name=\"twitter:card\" content=\"summary_large_image\" \/>\n<meta name=\"twitter:site\" content=\"@eralux_inc\" \/>\n<meta name=\"twitter:label1\" content=\"Prix\" \/>\n\t<meta name=\"twitter:data1\" content=\"&#036;0.00\" \/>\n\t<meta name=\"twitter:label2\" content=\"Disponibilit\u00e9\" \/>\n\t<meta name=\"twitter:data2\" content=\"En stock\" \/>\n<script type=\"application\/ld+json\" class=\"yoast-schema-graph\">{\"@context\":\"https:\\\/\\\/schema.org\",\"@graph\":[{\"@type\":\"WebPage\",\"@id\":\"https:\\\/\\\/eralux.com\\\/fr\\\/produit\\\/exita-by-f2230ca\\\/\",\"url\":\"https:\\\/\\\/eralux.com\\\/fr\\\/produit\\\/exita-by-f2230ca\\\/\",\"name\":\"EXITA BY-F2230CA - Eralux\",\"isPartOf\":{\"@id\":\"https:\\\/\\\/eralux.com\\\/fr\\\/#website\"},\"primaryImageOfPage\":{\"@id\":\"https:\\\/\\\/eralux.com\\\/fr\\\/produit\\\/exita-by-f2230ca\\\/#primaryimage\"},\"image\":{\"@id\":\"https:\\\/\\\/eralux.com\\\/fr\\\/produit\\\/exita-by-f2230ca\\\/#primaryimage\"},\"thumbnailUrl\":\"https:\\\/\\\/eralux.com\\\/wp-content\\\/uploads\\\/2024\\\/01\\\/IMG_3387-wu-1.png\",\"datePublished\":\"2024-01-08T19:37:18+00:00\",\"dateModified\":\"2024-01-17T17:24:05+00:00\",\"description\":\"L'EXITA-2230 est une lampe de sortie de secours thermoplastique de ERALUX. Cette lampe de sortie est livr\u00e9e en standard pour un montage au plafond, au mur ou m\u00eame pour des installations lat\u00e9rales. Il est \u00e9galement \u00e9quip\u00e9 de trois pictogrammes qui peuvent \u00eatre chang\u00e9s sur le terrain afin d'offrir une certaine souplesse dans le processus d'installation.\",\"breadcrumb\":{\"@id\":\"https:\\\/\\\/eralux.com\\\/fr\\\/produit\\\/exita-by-f2230ca\\\/#breadcrumb\"},\"inLanguage\":\"fr-FR\",\"potentialAction\":[{\"@type\":\"ReadAction\",\"target\":[\"https:\\\/\\\/eralux.com\\\/fr\\\/produit\\\/exita-by-f2230ca\\\/\"]}]},{\"@type\":\"ImageObject\",\"inLanguage\":\"fr-FR\",\"@id\":\"https:\\\/\\\/eralux.com\\\/fr\\\/produit\\\/exita-by-f2230ca\\\/#primaryimage\",\"url\":\"https:\\\/\\\/eralux.com\\\/wp-content\\\/uploads\\\/2024\\\/01\\\/IMG_3387-wu-1.png\",\"contentUrl\":\"https:\\\/\\\/eralux.com\\\/wp-content\\\/uploads\\\/2024\\\/01\\\/IMG_3387-wu-1.png\",\"width\":1000,\"height\":1000},{\"@type\":\"BreadcrumbList\",\"@id\":\"https:\\\/\\\/eralux.com\\\/fr\\\/produit\\\/exita-by-f2230ca\\\/#breadcrumb\",\"itemListElement\":[{\"@type\":\"ListItem\",\"position\":1,\"name\":\"Home\",\"item\":\"https:\\\/\\\/eralux.com\\\/fr\\\/\"},{\"@type\":\"ListItem\",\"position\":2,\"name\":\"Shop\",\"item\":\"https:\\\/\\\/eralux.com\\\/shop\\\/\"},{\"@type\":\"ListItem\",\"position\":3,\"name\":\"EXITA BY-F2230CA\"}]},{\"@type\":\"WebSite\",\"@id\":\"https:\\\/\\\/eralux.com\\\/fr\\\/#website\",\"url\":\"https:\\\/\\\/eralux.com\\\/fr\\\/\",\"name\":\"Eralux\",\"description\":\"World leader for Energy Saving LED Solutions\",\"publisher\":{\"@id\":\"https:\\\/\\\/eralux.com\\\/fr\\\/#organization\"},\"alternateName\":\"Led manufacturer Canada\",\"potentialAction\":[{\"@type\":\"SearchAction\",\"target\":{\"@type\":\"EntryPoint\",\"urlTemplate\":\"https:\\\/\\\/eralux.com\\\/fr\\\/?s={search_term_string}\"},\"query-input\":{\"@type\":\"PropertyValueSpecification\",\"valueRequired\":true,\"valueName\":\"search_term_string\"}}],\"inLanguage\":\"fr-FR\"},{\"@type\":\"Organization\",\"@id\":\"https:\\\/\\\/eralux.com\\\/fr\\\/#organization\",\"name\":\"Eralux\",\"url\":\"https:\\\/\\\/eralux.com\\\/fr\\\/\",\"logo\":{\"@type\":\"ImageObject\",\"inLanguage\":\"fr-FR\",\"@id\":\"https:\\\/\\\/eralux.com\\\/fr\\\/#\\\/schema\\\/logo\\\/image\\\/\",\"url\":\"https:\\\/\\\/eralux.com\\\/wp-content\\\/uploads\\\/2024\\\/01\\\/eralux-logo-trademark-R.png\",\"contentUrl\":\"https:\\\/\\\/eralux.com\\\/wp-content\\\/uploads\\\/2024\\\/01\\\/eralux-logo-trademark-R.png\",\"width\":1000,\"height\":446,\"caption\":\"Eralux\"},\"image\":{\"@id\":\"https:\\\/\\\/eralux.com\\\/fr\\\/#\\\/schema\\\/logo\\\/image\\\/\"},\"sameAs\":[\"https:\\\/\\\/www.facebook.com\\\/aeralux.corp\",\"https:\\\/\\\/x.com\\\/eralux_inc\"],\"description\":\"Save on energy with high-performance LED solutions. Choose Eralux for eco-friendly lighting. Explore our range today!\"}]}<\/script>\n<meta property=\"product:price:amount\" content=\"0.00\" \/>\n<meta property=\"product:price:currency\" content=\"CAD\" \/>\n<meta property=\"og:availability\" content=\"instock\" \/>\n<meta property=\"product:availability\" content=\"instock\" \/>\n<meta property=\"product:condition\" content=\"new\" \/>\n<!-- \/ Yoast SEO Premium plugin. -->","yoast_head_json":{"title":"EXITA BY-F2230CA - Eralux","description":"L'EXITA-2230 est une lampe de sortie de secours thermoplastique de ERALUX. Cette lampe de sortie est livr\u00e9e en standard pour un montage au plafond, au mur ou m\u00eame pour des installations lat\u00e9rales. Il est \u00e9galement \u00e9quip\u00e9 de trois pictogrammes qui peuvent \u00eatre chang\u00e9s sur le terrain afin d'offrir une certaine souplesse dans le processus d'installation.","robots":{"index":"index","follow":"follow","max-snippet":"max-snippet:-1","max-image-preview":"max-image-preview:large","max-video-preview":"max-video-preview:-1"},"canonical":"https:\/\/eralux.com\/fr\/produit\/exita-by-f2230ca\/","og_locale":"fr_FR","og_type":"article","og_title":"EXITA BY-F2230CA","og_description":"L'EXITA-2230 est une lampe de sortie de secours thermoplastique de ERALUX. Cette lampe de sortie est livr\u00e9e en standard pour un montage au plafond, au mur ou m\u00eame pour des installations lat\u00e9rales. Il est \u00e9galement \u00e9quip\u00e9 de trois pictogrammes qui peuvent \u00eatre chang\u00e9s sur le terrain afin d'offrir une certaine souplesse dans le processus d'installation.","og_url":"https:\/\/eralux.com\/fr\/produit\/exita-by-f2230ca\/","og_site_name":"Eralux","article_publisher":"https:\/\/www.facebook.com\/aeralux.corp","article_modified_time":"2024-01-17T17:24:05+00:00","og_image":[{"width":1000,"height":1000,"url":"https:\/\/eralux.com\/wp-content\/uploads\/2024\/01\/IMG_3387-wu-1.png","type":"image\/png"}],"twitter_card":"summary_large_image","twitter_site":"@eralux_inc","twitter_misc":{"Prix":"&#36;0.00","Disponibilit\u00e9":"En stock"},"schema":{"@context":"https:\/\/schema.org","@graph":[{"@type":"WebPage","@id":"https:\/\/eralux.com\/fr\/produit\/exita-by-f2230ca\/","url":"https:\/\/eralux.com\/fr\/produit\/exita-by-f2230ca\/","name":"EXITA BY-F2230CA - Eralux","isPartOf":{"@id":"https:\/\/eralux.com\/fr\/#website"},"primaryImageOfPage":{"@id":"https:\/\/eralux.com\/fr\/produit\/exita-by-f2230ca\/#primaryimage"},"image":{"@id":"https:\/\/eralux.com\/fr\/produit\/exita-by-f2230ca\/#primaryimage"},"thumbnailUrl":"https:\/\/eralux.com\/wp-content\/uploads\/2024\/01\/IMG_3387-wu-1.png","datePublished":"2024-01-08T19:37:18+00:00","dateModified":"2024-01-17T17:24:05+00:00","description":"L'EXITA-2230 est une lampe de sortie de secours thermoplastique de ERALUX. Cette lampe de sortie est livr\u00e9e en standard pour un montage au plafond, au mur ou m\u00eame pour des installations lat\u00e9rales. Il est \u00e9galement \u00e9quip\u00e9 de trois pictogrammes qui peuvent \u00eatre chang\u00e9s sur le terrain afin d'offrir une certaine souplesse dans le processus d'installation.","breadcrumb":{"@id":"https:\/\/eralux.com\/fr\/produit\/exita-by-f2230ca\/#breadcrumb"},"inLanguage":"fr-FR","potentialAction":[{"@type":"ReadAction","target":["https:\/\/eralux.com\/fr\/produit\/exita-by-f2230ca\/"]}]},{"@type":"ImageObject","inLanguage":"fr-FR","@id":"https:\/\/eralux.com\/fr\/produit\/exita-by-f2230ca\/#primaryimage","url":"https:\/\/eralux.com\/wp-content\/uploads\/2024\/01\/IMG_3387-wu-1.png","contentUrl":"https:\/\/eralux.com\/wp-content\/uploads\/2024\/01\/IMG_3387-wu-1.png","width":1000,"height":1000},{"@type":"BreadcrumbList","@id":"https:\/\/eralux.com\/fr\/produit\/exita-by-f2230ca\/#breadcrumb","itemListElement":[{"@type":"ListItem","position":1,"name":"Home","item":"https:\/\/eralux.com\/fr\/"},{"@type":"ListItem","position":2,"name":"Shop","item":"https:\/\/eralux.com\/shop\/"},{"@type":"ListItem","position":3,"name":"EXITA BY-F2230CA"}]},{"@type":"WebSite","@id":"https:\/\/eralux.com\/fr\/#website","url":"https:\/\/eralux.com\/fr\/","name":"Eralux","description":"World leader for Energy Saving LED Solutions","publisher":{"@id":"https:\/\/eralux.com\/fr\/#organization"},"alternateName":"Led manufacturer Canada","potentialAction":[{"@type":"SearchAction","target":{"@type":"EntryPoint","urlTemplate":"https:\/\/eralux.com\/fr\/?s={search_term_string}"},"query-input":{"@type":"PropertyValueSpecification","valueRequired":true,"valueName":"search_term_string"}}],"inLanguage":"fr-FR"},{"@type":"Organization","@id":"https:\/\/eralux.com\/fr\/#organization","name":"Eralux","url":"https:\/\/eralux.com\/fr\/","logo":{"@type":"ImageObject","inLanguage":"fr-FR","@id":"https:\/\/eralux.com\/fr\/#\/schema\/logo\/image\/","url":"https:\/\/eralux.com\/wp-content\/uploads\/2024\/01\/eralux-logo-trademark-R.png","contentUrl":"https:\/\/eralux.com\/wp-content\/uploads\/2024\/01\/eralux-logo-trademark-R.png","width":1000,"height":446,"caption":"Eralux"},"image":{"@id":"https:\/\/eralux.com\/fr\/#\/schema\/logo\/image\/"},"sameAs":["https:\/\/www.facebook.com\/aeralux.corp","https:\/\/x.com\/eralux_inc"],"description":"Save on energy with high-performance LED solutions. Choose Eralux for eco-friendly lighting. Explore our range today!"}]},"product_price_amount":"0.00","product_price_currency":"CAD","og_availability":"instock","product_availability":"instock","product_condition":"new"},"_links":{"self":[{"href":"https:\/\/eralux.com\/fr\/wp-json\/wp\/v2\/product\/6410","targetHints":{"allow":["GET"]}}],"collection":[{"href":"https:\/\/eralux.com\/fr\/wp-json\/wp\/v2\/product"}],"about":[{"href":"https:\/\/eralux.com\/fr\/wp-json\/wp\/v2\/types\/product"}],"replies":[{"embeddable":true,"href":"https:\/\/eralux.com\/fr\/wp-json\/wp\/v2\/comments?post=6410"}],"wp:featuredmedia":[{"embeddable":true,"href":"https:\/\/eralux.com\/fr\/wp-json\/wp\/v2\/media\/6420"}],"wp:attachment":[{"href":"https:\/\/eralux.com\/fr\/wp-json\/wp\/v2\/media?parent=6410"}],"wp:term":[{"taxonomy":"product_brand","embeddable":true,"href":"https:\/\/eralux.com\/fr\/wp-json\/wp\/v2\/product_brand?post=6410"},{"taxonomy":"product_cat","embeddable":true,"href":"https:\/\/eralux.com\/fr\/wp-json\/wp\/v2\/product_cat?post=6410"},{"taxonomy":"product_tag","embeddable":true,"href":"https:\/\/eralux.com\/fr\/wp-json\/wp\/v2\/product_tag?post=6410"}],"curies":[{"name":"wp","href":"https:\/\/api.w.org\/{rel}","templated":true}]}}