{"id":6541,"date":"2024-01-08T22:18:46","date_gmt":"2024-01-08T22:18:46","guid":{"rendered":"https:\/\/eralux.com\/?post_type=product&#038;p=6541"},"modified":"2024-06-18T18:12:25","modified_gmt":"2024-06-18T18:12:25","slug":"thalassa-et6123","status":"publish","type":"product","link":"https:\/\/eralux.com\/fr\/produit\/thalassa-et6123\/","title":{"rendered":"THALASSA ET6123"},"content":{"rendered":"<p>Le luminaire LED carr\u00e9 Thalassa pour montage en surface \u00e0 l&#8217;ext\u00e9rieur a \u00e9t\u00e9 d\u00e9lib\u00e9r\u00e9ment cr\u00e9\u00e9 avec un design \u00e9pur\u00e9, afin qu&#8217;il puisse se fondre dans de nombreux styles de b\u00e2timents ext\u00e9rieurs. La Thalassa a \u00e9galement une efficacit\u00e9 impressionnante de 75 LPW, ce qui lui conf\u00e8re performance et \u00e9l\u00e9gance dans l&#8217;environnement d&#8217;installation. Enfin, ce produit est enti\u00e8rement moul\u00e9 en aluminium, ce qui lui conf\u00e8re une finesse, une solidit\u00e9 et une qualit\u00e9 in\u00e9gal\u00e9es.<\/p>\n","protected":false},"excerpt":{"rendered":"<p>Applique d&#8217;ext\u00e9rieur<\/p>\n","protected":false},"featured_media":6513,"comment_status":"open","ping_status":"closed","template":"","meta":{"inline_featured_image":false},"product_brand":[],"product_cat":[1472],"product_tag":[],"class_list":{"0":"post-6541","1":"product","2":"type-product","3":"status-publish","4":"has-post-thumbnail","6":"spec_sheets-8-fr-4","7":"spec_sheets-g-fr","8":"spec_sheets-w-fr","9":"spec_sheets-b-fr-2","10":"spec_sheets-s-fr","11":"spec_sheets-1560-fr","12":"spec_sheets-sdmg-fr","13":"spec_sheets-15-fr-6","14":"spec_sheets-20-fr-4","15":"spec_sheets-30-fr-9","16":"spec_sheets-3-fr-2","17":"spec_sheets-4-fr-4","18":"spec_sheets-5-fr-2","19":"spec_sheets-beam-angle-fr","20":"spec_sheets-60-fr-4","21":"spec_sheets-cct-fr","22":"spec_sheets-controles","23":"spec_sheets-cri-fr","24":"spec_sheets-finition","25":"spec_sheets-puissance","26":"spec_sheets-c30x2-fr","27":"product_applications-parking","28":"product_segments-exterieur","29":"product_segments-sconce-fr","30":"product_cat-et6123-fr","32":"first","33":"instock","34":"shipping-taxable","35":"purchasable","36":"product-type-simple"},"yoast_head":"<!-- This site is optimized with the Yoast SEO Premium plugin v24.2 (Yoast SEO v27.5) - https:\/\/yoast.com\/product\/yoast-seo-premium-wordpress\/ -->\n<title>THALASSA ET6123 - Eralux (Fabricant de luminaires \u00e0 DEL au Canada)<\/title>\n<meta name=\"description\" content=\"Compl\u00e9tez votre d\u00e9cor ext\u00e9rieur avec le design \u00e9l\u00e9gant de l&#039;applique ext\u00e9rieure ERALUX. Ajoutez ce luminaire performant \u00e0 votre espace pour une finesse et une performance in\u00e9gal\u00e9es.\" \/>\n<meta name=\"robots\" content=\"index, follow, max-snippet:-1, max-image-preview:large, max-video-preview:-1\" \/>\n<link rel=\"canonical\" href=\"https:\/\/eralux.com\/fr\/produit\/thalassa-et6123\/\" \/>\n<meta property=\"og:locale\" content=\"fr_FR\" \/>\n<meta property=\"og:type\" content=\"article\" \/>\n<meta property=\"og:title\" content=\"THALASSA ET6123\" \/>\n<meta property=\"og:description\" content=\"Compl\u00e9tez votre d\u00e9cor ext\u00e9rieur avec le design \u00e9l\u00e9gant de l&#039;applique ext\u00e9rieure ERALUX. Ajoutez ce luminaire performant \u00e0 votre espace pour une finesse et une performance in\u00e9gal\u00e9es.\" \/>\n<meta property=\"og:url\" content=\"https:\/\/eralux.com\/fr\/produit\/thalassa-et6123\/\" \/>\n<meta property=\"og:site_name\" content=\"Eralux\" \/>\n<meta property=\"article:publisher\" content=\"https:\/\/www.facebook.com\/aeralux.corp\" \/>\n<meta property=\"article:modified_time\" content=\"2024-06-18T18:12:25+00:00\" \/>\n<meta property=\"og:image\" content=\"https:\/\/eralux.com\/wp-content\/uploads\/2024\/01\/6161-pic.png\" \/>\n\t<meta property=\"og:image:width\" content=\"1000\" \/>\n\t<meta property=\"og:image:height\" content=\"1000\" \/>\n\t<meta property=\"og:image:type\" content=\"image\/png\" \/>\n<meta name=\"twitter:card\" content=\"summary_large_image\" \/>\n<meta name=\"twitter:site\" content=\"@eralux_inc\" \/>\n<meta name=\"twitter:label1\" content=\"Prix\" \/>\n\t<meta name=\"twitter:data1\" content=\"&#036;0.00\" \/>\n\t<meta name=\"twitter:label2\" content=\"Disponibilit\u00e9\" \/>\n\t<meta name=\"twitter:data2\" content=\"En stock\" \/>\n<script type=\"application\/ld+json\" class=\"yoast-schema-graph\">{\"@context\":\"https:\\\/\\\/schema.org\",\"@graph\":[{\"@type\":\"WebPage\",\"@id\":\"https:\\\/\\\/eralux.com\\\/fr\\\/produit\\\/thalassa-et6123\\\/\",\"url\":\"https:\\\/\\\/eralux.com\\\/fr\\\/produit\\\/thalassa-et6123\\\/\",\"name\":\"THALASSA ET6123 - Eralux (Fabricant de luminaires \u00e0 DEL au Canada)\",\"isPartOf\":{\"@id\":\"https:\\\/\\\/eralux.com\\\/fr\\\/#website\"},\"primaryImageOfPage\":{\"@id\":\"https:\\\/\\\/eralux.com\\\/fr\\\/produit\\\/thalassa-et6123\\\/#primaryimage\"},\"image\":{\"@id\":\"https:\\\/\\\/eralux.com\\\/fr\\\/produit\\\/thalassa-et6123\\\/#primaryimage\"},\"thumbnailUrl\":\"https:\\\/\\\/eralux.com\\\/wp-content\\\/uploads\\\/2024\\\/01\\\/6161-pic.png\",\"datePublished\":\"2024-01-08T22:18:46+00:00\",\"dateModified\":\"2024-06-18T18:12:25+00:00\",\"description\":\"Compl\u00e9tez votre d\u00e9cor ext\u00e9rieur avec le design \u00e9l\u00e9gant de l'applique ext\u00e9rieure ERALUX. Ajoutez ce luminaire performant \u00e0 votre espace pour une finesse et une performance in\u00e9gal\u00e9es.\",\"breadcrumb\":{\"@id\":\"https:\\\/\\\/eralux.com\\\/fr\\\/produit\\\/thalassa-et6123\\\/#breadcrumb\"},\"inLanguage\":\"fr-FR\",\"potentialAction\":[{\"@type\":\"ReadAction\",\"target\":[\"https:\\\/\\\/eralux.com\\\/fr\\\/produit\\\/thalassa-et6123\\\/\"]}]},{\"@type\":\"ImageObject\",\"inLanguage\":\"fr-FR\",\"@id\":\"https:\\\/\\\/eralux.com\\\/fr\\\/produit\\\/thalassa-et6123\\\/#primaryimage\",\"url\":\"https:\\\/\\\/eralux.com\\\/wp-content\\\/uploads\\\/2024\\\/01\\\/6161-pic.png\",\"contentUrl\":\"https:\\\/\\\/eralux.com\\\/wp-content\\\/uploads\\\/2024\\\/01\\\/6161-pic.png\",\"width\":1000,\"height\":1000},{\"@type\":\"BreadcrumbList\",\"@id\":\"https:\\\/\\\/eralux.com\\\/fr\\\/produit\\\/thalassa-et6123\\\/#breadcrumb\",\"itemListElement\":[{\"@type\":\"ListItem\",\"position\":1,\"name\":\"Home\",\"item\":\"https:\\\/\\\/eralux.com\\\/fr\\\/\"},{\"@type\":\"ListItem\",\"position\":2,\"name\":\"Shop\",\"item\":\"https:\\\/\\\/eralux.com\\\/shop\\\/\"},{\"@type\":\"ListItem\",\"position\":3,\"name\":\"THALASSA ET6123\"}]},{\"@type\":\"WebSite\",\"@id\":\"https:\\\/\\\/eralux.com\\\/fr\\\/#website\",\"url\":\"https:\\\/\\\/eralux.com\\\/fr\\\/\",\"name\":\"Eralux\",\"description\":\"World leader for Energy Saving LED Solutions\",\"publisher\":{\"@id\":\"https:\\\/\\\/eralux.com\\\/fr\\\/#organization\"},\"alternateName\":\"Led manufacturer Canada\",\"potentialAction\":[{\"@type\":\"SearchAction\",\"target\":{\"@type\":\"EntryPoint\",\"urlTemplate\":\"https:\\\/\\\/eralux.com\\\/fr\\\/?s={search_term_string}\"},\"query-input\":{\"@type\":\"PropertyValueSpecification\",\"valueRequired\":true,\"valueName\":\"search_term_string\"}}],\"inLanguage\":\"fr-FR\"},{\"@type\":\"Organization\",\"@id\":\"https:\\\/\\\/eralux.com\\\/fr\\\/#organization\",\"name\":\"Eralux\",\"url\":\"https:\\\/\\\/eralux.com\\\/fr\\\/\",\"logo\":{\"@type\":\"ImageObject\",\"inLanguage\":\"fr-FR\",\"@id\":\"https:\\\/\\\/eralux.com\\\/fr\\\/#\\\/schema\\\/logo\\\/image\\\/\",\"url\":\"https:\\\/\\\/eralux.com\\\/wp-content\\\/uploads\\\/2024\\\/01\\\/eralux-logo-trademark-R.png\",\"contentUrl\":\"https:\\\/\\\/eralux.com\\\/wp-content\\\/uploads\\\/2024\\\/01\\\/eralux-logo-trademark-R.png\",\"width\":1000,\"height\":446,\"caption\":\"Eralux\"},\"image\":{\"@id\":\"https:\\\/\\\/eralux.com\\\/fr\\\/#\\\/schema\\\/logo\\\/image\\\/\"},\"sameAs\":[\"https:\\\/\\\/www.facebook.com\\\/aeralux.corp\",\"https:\\\/\\\/x.com\\\/eralux_inc\"],\"description\":\"Save on energy with high-performance LED solutions. Choose Eralux for eco-friendly lighting. Explore our range today!\"}]}<\/script>\n<meta property=\"product:price:amount\" content=\"0.00\" \/>\n<meta property=\"product:price:currency\" content=\"CAD\" \/>\n<meta property=\"og:availability\" content=\"instock\" \/>\n<meta property=\"product:availability\" content=\"instock\" \/>\n<meta property=\"product:condition\" content=\"new\" \/>\n<!-- \/ Yoast SEO Premium plugin. -->","yoast_head_json":{"title":"THALASSA ET6123 - Eralux (Fabricant de luminaires \u00e0 DEL au Canada)","description":"Compl\u00e9tez votre d\u00e9cor ext\u00e9rieur avec le design \u00e9l\u00e9gant de l'applique ext\u00e9rieure ERALUX. Ajoutez ce luminaire performant \u00e0 votre espace pour une finesse et une performance in\u00e9gal\u00e9es.","robots":{"index":"index","follow":"follow","max-snippet":"max-snippet:-1","max-image-preview":"max-image-preview:large","max-video-preview":"max-video-preview:-1"},"canonical":"https:\/\/eralux.com\/fr\/produit\/thalassa-et6123\/","og_locale":"fr_FR","og_type":"article","og_title":"THALASSA ET6123","og_description":"Compl\u00e9tez votre d\u00e9cor ext\u00e9rieur avec le design \u00e9l\u00e9gant de l'applique ext\u00e9rieure ERALUX. Ajoutez ce luminaire performant \u00e0 votre espace pour une finesse et une performance in\u00e9gal\u00e9es.","og_url":"https:\/\/eralux.com\/fr\/produit\/thalassa-et6123\/","og_site_name":"Eralux","article_publisher":"https:\/\/www.facebook.com\/aeralux.corp","article_modified_time":"2024-06-18T18:12:25+00:00","og_image":[{"width":1000,"height":1000,"url":"https:\/\/eralux.com\/wp-content\/uploads\/2024\/01\/6161-pic.png","type":"image\/png"}],"twitter_card":"summary_large_image","twitter_site":"@eralux_inc","twitter_misc":{"Prix":"&#36;0.00","Disponibilit\u00e9":"En stock"},"schema":{"@context":"https:\/\/schema.org","@graph":[{"@type":"WebPage","@id":"https:\/\/eralux.com\/fr\/produit\/thalassa-et6123\/","url":"https:\/\/eralux.com\/fr\/produit\/thalassa-et6123\/","name":"THALASSA ET6123 - Eralux (Fabricant de luminaires \u00e0 DEL au Canada)","isPartOf":{"@id":"https:\/\/eralux.com\/fr\/#website"},"primaryImageOfPage":{"@id":"https:\/\/eralux.com\/fr\/produit\/thalassa-et6123\/#primaryimage"},"image":{"@id":"https:\/\/eralux.com\/fr\/produit\/thalassa-et6123\/#primaryimage"},"thumbnailUrl":"https:\/\/eralux.com\/wp-content\/uploads\/2024\/01\/6161-pic.png","datePublished":"2024-01-08T22:18:46+00:00","dateModified":"2024-06-18T18:12:25+00:00","description":"Compl\u00e9tez votre d\u00e9cor ext\u00e9rieur avec le design \u00e9l\u00e9gant de l'applique ext\u00e9rieure ERALUX. Ajoutez ce luminaire performant \u00e0 votre espace pour une finesse et une performance in\u00e9gal\u00e9es.","breadcrumb":{"@id":"https:\/\/eralux.com\/fr\/produit\/thalassa-et6123\/#breadcrumb"},"inLanguage":"fr-FR","potentialAction":[{"@type":"ReadAction","target":["https:\/\/eralux.com\/fr\/produit\/thalassa-et6123\/"]}]},{"@type":"ImageObject","inLanguage":"fr-FR","@id":"https:\/\/eralux.com\/fr\/produit\/thalassa-et6123\/#primaryimage","url":"https:\/\/eralux.com\/wp-content\/uploads\/2024\/01\/6161-pic.png","contentUrl":"https:\/\/eralux.com\/wp-content\/uploads\/2024\/01\/6161-pic.png","width":1000,"height":1000},{"@type":"BreadcrumbList","@id":"https:\/\/eralux.com\/fr\/produit\/thalassa-et6123\/#breadcrumb","itemListElement":[{"@type":"ListItem","position":1,"name":"Home","item":"https:\/\/eralux.com\/fr\/"},{"@type":"ListItem","position":2,"name":"Shop","item":"https:\/\/eralux.com\/shop\/"},{"@type":"ListItem","position":3,"name":"THALASSA ET6123"}]},{"@type":"WebSite","@id":"https:\/\/eralux.com\/fr\/#website","url":"https:\/\/eralux.com\/fr\/","name":"Eralux","description":"World leader for Energy Saving LED Solutions","publisher":{"@id":"https:\/\/eralux.com\/fr\/#organization"},"alternateName":"Led manufacturer Canada","potentialAction":[{"@type":"SearchAction","target":{"@type":"EntryPoint","urlTemplate":"https:\/\/eralux.com\/fr\/?s={search_term_string}"},"query-input":{"@type":"PropertyValueSpecification","valueRequired":true,"valueName":"search_term_string"}}],"inLanguage":"fr-FR"},{"@type":"Organization","@id":"https:\/\/eralux.com\/fr\/#organization","name":"Eralux","url":"https:\/\/eralux.com\/fr\/","logo":{"@type":"ImageObject","inLanguage":"fr-FR","@id":"https:\/\/eralux.com\/fr\/#\/schema\/logo\/image\/","url":"https:\/\/eralux.com\/wp-content\/uploads\/2024\/01\/eralux-logo-trademark-R.png","contentUrl":"https:\/\/eralux.com\/wp-content\/uploads\/2024\/01\/eralux-logo-trademark-R.png","width":1000,"height":446,"caption":"Eralux"},"image":{"@id":"https:\/\/eralux.com\/fr\/#\/schema\/logo\/image\/"},"sameAs":["https:\/\/www.facebook.com\/aeralux.corp","https:\/\/x.com\/eralux_inc"],"description":"Save on energy with high-performance LED solutions. Choose Eralux for eco-friendly lighting. Explore our range today!"}]},"product_price_amount":"0.00","product_price_currency":"CAD","og_availability":"instock","product_availability":"instock","product_condition":"new"},"_links":{"self":[{"href":"https:\/\/eralux.com\/fr\/wp-json\/wp\/v2\/product\/6541","targetHints":{"allow":["GET"]}}],"collection":[{"href":"https:\/\/eralux.com\/fr\/wp-json\/wp\/v2\/product"}],"about":[{"href":"https:\/\/eralux.com\/fr\/wp-json\/wp\/v2\/types\/product"}],"replies":[{"embeddable":true,"href":"https:\/\/eralux.com\/fr\/wp-json\/wp\/v2\/comments?post=6541"}],"wp:featuredmedia":[{"embeddable":true,"href":"https:\/\/eralux.com\/fr\/wp-json\/wp\/v2\/media\/6513"}],"wp:attachment":[{"href":"https:\/\/eralux.com\/fr\/wp-json\/wp\/v2\/media?parent=6541"}],"wp:term":[{"taxonomy":"product_brand","embeddable":true,"href":"https:\/\/eralux.com\/fr\/wp-json\/wp\/v2\/product_brand?post=6541"},{"taxonomy":"product_cat","embeddable":true,"href":"https:\/\/eralux.com\/fr\/wp-json\/wp\/v2\/product_cat?post=6541"},{"taxonomy":"product_tag","embeddable":true,"href":"https:\/\/eralux.com\/fr\/wp-json\/wp\/v2\/product_tag?post=6541"}],"curies":[{"name":"wp","href":"https:\/\/api.w.org\/{rel}","templated":true}]}}