{"id":6555,"date":"2024-01-08T22:28:19","date_gmt":"2024-01-08T22:28:19","guid":{"rendered":"https:\/\/eralux.com\/?post_type=product&#038;p=6555"},"modified":"2024-06-18T19:03:17","modified_gmt":"2024-06-18T19:03:17","slug":"thalassa-et6005","status":"publish","type":"product","link":"https:\/\/eralux.com\/fr\/produit\/thalassa-et6005\/","title":{"rendered":"THALASSA ET6005"},"content":{"rendered":"<p>Le luminaire LED cylindrique d&#8217;ext\u00e9rieur Thalassa a \u00e9t\u00e9 cr\u00e9\u00e9 avec un design \u00e9l\u00e9gant afin de s&#8217;int\u00e9grer \u00e0 de nombreux styles de b\u00e2timents ext\u00e9rieurs. Le Thalassa a \u00e9galement une efficacit\u00e9 impressionnante de 70 LPW, ce qui lui conf\u00e8re performance et \u00e9l\u00e9gance dans l&#8217;environnement d&#8217;installation. Enfin, ce produit est enti\u00e8rement moul\u00e9 en aluminium, ce qui lui conf\u00e8re une finesse, une solidit\u00e9 et une qualit\u00e9 in\u00e9gal\u00e9es.<\/p>\n","protected":false},"excerpt":{"rendered":"<p>Applique d&#8217;ext\u00e9rieur<\/p>\n","protected":false},"featured_media":6600,"comment_status":"open","ping_status":"closed","template":"","meta":{"inline_featured_image":false},"product_brand":[],"product_cat":[279],"product_tag":[],"class_list":{"0":"post-6555","1":"product","2":"type-product","3":"status-publish","4":"has-post-thumbnail","6":"spec_sheets-80-fr-2","7":"spec_sheets-w-fr","8":"spec_sheets-b-fr-2","9":"spec_sheets-s-fr","10":"spec_sheets-10-fr-2","11":"spec_sheets-dmg-fr","12":"spec_sheets-25-fr-3","13":"spec_sheets-3-fr-2","14":"spec_sheets-4-fr-4","15":"spec_sheets-45-fr","16":"spec_sheets-6-fr-3","17":"spec_sheets-beam-angle-fr","18":"spec_sheets-60-fr-4","19":"spec_sheets-cct-fr","20":"spec_sheets-controles","21":"spec_sheets-cri-fr","22":"spec_sheets-finition","23":"spec_sheets-puissance","24":"product_applications-education-fr","25":"product_applications-magasin-de-mode","26":"product_applications-sante","27":"product_applications-parking","28":"product_applications-magasin-de-detail","29":"product_segments-exterieur","30":"product_segments-sconce-fr","31":"product_cat-ae-sf-atl-fr","33":"first","34":"instock","35":"shipping-taxable","36":"purchasable","37":"product-type-simple"},"yoast_head":"<!-- This site is optimized with the Yoast SEO Premium plugin v24.2 (Yoast SEO v27.5) - https:\/\/yoast.com\/product\/yoast-seo-premium-wordpress\/ -->\n<title>THALASSA ET6005 - Eralux (Led manufacturer Canada)<\/title>\n<meta name=\"description\" content=\"Am\u00e9liorez votre espace ext\u00e9rieur avec l&#039;applique d&#039;ext\u00e9rieur ERALUX ! 70 LPW de performance dans un design \u00e9l\u00e9gant et complet en aluminium moul\u00e9 sous pression. Achetez-le maintenant ! \ud83d\udd26\" \/>\n<meta name=\"robots\" content=\"index, follow, max-snippet:-1, max-image-preview:large, max-video-preview:-1\" \/>\n<link rel=\"canonical\" href=\"https:\/\/eralux.com\/fr\/produit\/thalassa-et6005\/\" \/>\n<meta property=\"og:locale\" content=\"fr_FR\" \/>\n<meta property=\"og:type\" content=\"article\" \/>\n<meta property=\"og:title\" content=\"THALASSA ET6005\" \/>\n<meta property=\"og:description\" content=\"Am\u00e9liorez votre espace ext\u00e9rieur avec l&#039;applique d&#039;ext\u00e9rieur ERALUX ! 70 LPW de performance dans un design \u00e9l\u00e9gant et complet en aluminium moul\u00e9 sous pression. Achetez-le maintenant ! \ud83d\udd26\" \/>\n<meta property=\"og:url\" content=\"https:\/\/eralux.com\/fr\/produit\/thalassa-et6005\/\" \/>\n<meta property=\"og:site_name\" content=\"Eralux\" \/>\n<meta property=\"article:publisher\" content=\"https:\/\/www.facebook.com\/aeralux.corp\" \/>\n<meta property=\"article:modified_time\" content=\"2024-06-18T19:03:17+00:00\" \/>\n<meta property=\"og:image\" content=\"https:\/\/eralux.com\/wp-content\/uploads\/2024\/01\/ET6005.png\" \/>\n\t<meta property=\"og:image:width\" content=\"1000\" \/>\n\t<meta property=\"og:image:height\" content=\"1000\" \/>\n\t<meta property=\"og:image:type\" content=\"image\/png\" \/>\n<meta name=\"twitter:card\" content=\"summary_large_image\" \/>\n<meta name=\"twitter:site\" content=\"@eralux_inc\" \/>\n<meta name=\"twitter:label1\" content=\"Prix\" \/>\n\t<meta name=\"twitter:data1\" content=\"&#036;0.00\" \/>\n\t<meta name=\"twitter:label2\" content=\"Disponibilit\u00e9\" \/>\n\t<meta name=\"twitter:data2\" content=\"En stock\" \/>\n<script type=\"application\/ld+json\" class=\"yoast-schema-graph\">{\"@context\":\"https:\\\/\\\/schema.org\",\"@graph\":[{\"@type\":\"WebPage\",\"@id\":\"https:\\\/\\\/eralux.com\\\/fr\\\/produit\\\/thalassa-et6005\\\/\",\"url\":\"https:\\\/\\\/eralux.com\\\/fr\\\/produit\\\/thalassa-et6005\\\/\",\"name\":\"THALASSA ET6005 - Eralux (Led manufacturer Canada)\",\"isPartOf\":{\"@id\":\"https:\\\/\\\/eralux.com\\\/fr\\\/#website\"},\"primaryImageOfPage\":{\"@id\":\"https:\\\/\\\/eralux.com\\\/fr\\\/produit\\\/thalassa-et6005\\\/#primaryimage\"},\"image\":{\"@id\":\"https:\\\/\\\/eralux.com\\\/fr\\\/produit\\\/thalassa-et6005\\\/#primaryimage\"},\"thumbnailUrl\":\"https:\\\/\\\/eralux.com\\\/wp-content\\\/uploads\\\/2024\\\/01\\\/ET6005.png\",\"datePublished\":\"2024-01-08T22:28:19+00:00\",\"dateModified\":\"2024-06-18T19:03:17+00:00\",\"description\":\"Am\u00e9liorez votre espace ext\u00e9rieur avec l'applique d'ext\u00e9rieur ERALUX ! 70 LPW de performance dans un design \u00e9l\u00e9gant et complet en aluminium moul\u00e9 sous pression. Achetez-le maintenant ! \ud83d\udd26\",\"breadcrumb\":{\"@id\":\"https:\\\/\\\/eralux.com\\\/fr\\\/produit\\\/thalassa-et6005\\\/#breadcrumb\"},\"inLanguage\":\"fr-FR\",\"potentialAction\":[{\"@type\":\"ReadAction\",\"target\":[\"https:\\\/\\\/eralux.com\\\/fr\\\/produit\\\/thalassa-et6005\\\/\"]}]},{\"@type\":\"ImageObject\",\"inLanguage\":\"fr-FR\",\"@id\":\"https:\\\/\\\/eralux.com\\\/fr\\\/produit\\\/thalassa-et6005\\\/#primaryimage\",\"url\":\"https:\\\/\\\/eralux.com\\\/wp-content\\\/uploads\\\/2024\\\/01\\\/ET6005.png\",\"contentUrl\":\"https:\\\/\\\/eralux.com\\\/wp-content\\\/uploads\\\/2024\\\/01\\\/ET6005.png\",\"width\":1000,\"height\":1000},{\"@type\":\"BreadcrumbList\",\"@id\":\"https:\\\/\\\/eralux.com\\\/fr\\\/produit\\\/thalassa-et6005\\\/#breadcrumb\",\"itemListElement\":[{\"@type\":\"ListItem\",\"position\":1,\"name\":\"Home\",\"item\":\"https:\\\/\\\/eralux.com\\\/fr\\\/\"},{\"@type\":\"ListItem\",\"position\":2,\"name\":\"Shop\",\"item\":\"https:\\\/\\\/eralux.com\\\/shop\\\/\"},{\"@type\":\"ListItem\",\"position\":3,\"name\":\"THALASSA ET6005\"}]},{\"@type\":\"WebSite\",\"@id\":\"https:\\\/\\\/eralux.com\\\/fr\\\/#website\",\"url\":\"https:\\\/\\\/eralux.com\\\/fr\\\/\",\"name\":\"Eralux\",\"description\":\"World leader for Energy Saving LED Solutions\",\"publisher\":{\"@id\":\"https:\\\/\\\/eralux.com\\\/fr\\\/#organization\"},\"alternateName\":\"Led manufacturer Canada\",\"potentialAction\":[{\"@type\":\"SearchAction\",\"target\":{\"@type\":\"EntryPoint\",\"urlTemplate\":\"https:\\\/\\\/eralux.com\\\/fr\\\/?s={search_term_string}\"},\"query-input\":{\"@type\":\"PropertyValueSpecification\",\"valueRequired\":true,\"valueName\":\"search_term_string\"}}],\"inLanguage\":\"fr-FR\"},{\"@type\":\"Organization\",\"@id\":\"https:\\\/\\\/eralux.com\\\/fr\\\/#organization\",\"name\":\"Eralux\",\"url\":\"https:\\\/\\\/eralux.com\\\/fr\\\/\",\"logo\":{\"@type\":\"ImageObject\",\"inLanguage\":\"fr-FR\",\"@id\":\"https:\\\/\\\/eralux.com\\\/fr\\\/#\\\/schema\\\/logo\\\/image\\\/\",\"url\":\"https:\\\/\\\/eralux.com\\\/wp-content\\\/uploads\\\/2024\\\/01\\\/eralux-logo-trademark-R.png\",\"contentUrl\":\"https:\\\/\\\/eralux.com\\\/wp-content\\\/uploads\\\/2024\\\/01\\\/eralux-logo-trademark-R.png\",\"width\":1000,\"height\":446,\"caption\":\"Eralux\"},\"image\":{\"@id\":\"https:\\\/\\\/eralux.com\\\/fr\\\/#\\\/schema\\\/logo\\\/image\\\/\"},\"sameAs\":[\"https:\\\/\\\/www.facebook.com\\\/aeralux.corp\",\"https:\\\/\\\/x.com\\\/eralux_inc\"],\"description\":\"Save on energy with high-performance LED solutions. Choose Eralux for eco-friendly lighting. Explore our range today!\"}]}<\/script>\n<meta property=\"product:price:amount\" content=\"0.00\" \/>\n<meta property=\"product:price:currency\" content=\"CAD\" \/>\n<meta property=\"og:availability\" content=\"instock\" \/>\n<meta property=\"product:availability\" content=\"instock\" \/>\n<meta property=\"product:condition\" content=\"new\" \/>\n<!-- \/ Yoast SEO Premium plugin. -->","yoast_head_json":{"title":"THALASSA ET6005 - Eralux (Led manufacturer Canada)","description":"Am\u00e9liorez votre espace ext\u00e9rieur avec l'applique d'ext\u00e9rieur ERALUX ! 70 LPW de performance dans un design \u00e9l\u00e9gant et complet en aluminium moul\u00e9 sous pression. Achetez-le maintenant ! \ud83d\udd26","robots":{"index":"index","follow":"follow","max-snippet":"max-snippet:-1","max-image-preview":"max-image-preview:large","max-video-preview":"max-video-preview:-1"},"canonical":"https:\/\/eralux.com\/fr\/produit\/thalassa-et6005\/","og_locale":"fr_FR","og_type":"article","og_title":"THALASSA ET6005","og_description":"Am\u00e9liorez votre espace ext\u00e9rieur avec l'applique d'ext\u00e9rieur ERALUX ! 70 LPW de performance dans un design \u00e9l\u00e9gant et complet en aluminium moul\u00e9 sous pression. Achetez-le maintenant ! \ud83d\udd26","og_url":"https:\/\/eralux.com\/fr\/produit\/thalassa-et6005\/","og_site_name":"Eralux","article_publisher":"https:\/\/www.facebook.com\/aeralux.corp","article_modified_time":"2024-06-18T19:03:17+00:00","og_image":[{"width":1000,"height":1000,"url":"https:\/\/eralux.com\/wp-content\/uploads\/2024\/01\/ET6005.png","type":"image\/png"}],"twitter_card":"summary_large_image","twitter_site":"@eralux_inc","twitter_misc":{"Prix":"&#36;0.00","Disponibilit\u00e9":"En stock"},"schema":{"@context":"https:\/\/schema.org","@graph":[{"@type":"WebPage","@id":"https:\/\/eralux.com\/fr\/produit\/thalassa-et6005\/","url":"https:\/\/eralux.com\/fr\/produit\/thalassa-et6005\/","name":"THALASSA ET6005 - Eralux (Led manufacturer Canada)","isPartOf":{"@id":"https:\/\/eralux.com\/fr\/#website"},"primaryImageOfPage":{"@id":"https:\/\/eralux.com\/fr\/produit\/thalassa-et6005\/#primaryimage"},"image":{"@id":"https:\/\/eralux.com\/fr\/produit\/thalassa-et6005\/#primaryimage"},"thumbnailUrl":"https:\/\/eralux.com\/wp-content\/uploads\/2024\/01\/ET6005.png","datePublished":"2024-01-08T22:28:19+00:00","dateModified":"2024-06-18T19:03:17+00:00","description":"Am\u00e9liorez votre espace ext\u00e9rieur avec l'applique d'ext\u00e9rieur ERALUX ! 70 LPW de performance dans un design \u00e9l\u00e9gant et complet en aluminium moul\u00e9 sous pression. Achetez-le maintenant ! \ud83d\udd26","breadcrumb":{"@id":"https:\/\/eralux.com\/fr\/produit\/thalassa-et6005\/#breadcrumb"},"inLanguage":"fr-FR","potentialAction":[{"@type":"ReadAction","target":["https:\/\/eralux.com\/fr\/produit\/thalassa-et6005\/"]}]},{"@type":"ImageObject","inLanguage":"fr-FR","@id":"https:\/\/eralux.com\/fr\/produit\/thalassa-et6005\/#primaryimage","url":"https:\/\/eralux.com\/wp-content\/uploads\/2024\/01\/ET6005.png","contentUrl":"https:\/\/eralux.com\/wp-content\/uploads\/2024\/01\/ET6005.png","width":1000,"height":1000},{"@type":"BreadcrumbList","@id":"https:\/\/eralux.com\/fr\/produit\/thalassa-et6005\/#breadcrumb","itemListElement":[{"@type":"ListItem","position":1,"name":"Home","item":"https:\/\/eralux.com\/fr\/"},{"@type":"ListItem","position":2,"name":"Shop","item":"https:\/\/eralux.com\/shop\/"},{"@type":"ListItem","position":3,"name":"THALASSA ET6005"}]},{"@type":"WebSite","@id":"https:\/\/eralux.com\/fr\/#website","url":"https:\/\/eralux.com\/fr\/","name":"Eralux","description":"World leader for Energy Saving LED Solutions","publisher":{"@id":"https:\/\/eralux.com\/fr\/#organization"},"alternateName":"Led manufacturer Canada","potentialAction":[{"@type":"SearchAction","target":{"@type":"EntryPoint","urlTemplate":"https:\/\/eralux.com\/fr\/?s={search_term_string}"},"query-input":{"@type":"PropertyValueSpecification","valueRequired":true,"valueName":"search_term_string"}}],"inLanguage":"fr-FR"},{"@type":"Organization","@id":"https:\/\/eralux.com\/fr\/#organization","name":"Eralux","url":"https:\/\/eralux.com\/fr\/","logo":{"@type":"ImageObject","inLanguage":"fr-FR","@id":"https:\/\/eralux.com\/fr\/#\/schema\/logo\/image\/","url":"https:\/\/eralux.com\/wp-content\/uploads\/2024\/01\/eralux-logo-trademark-R.png","contentUrl":"https:\/\/eralux.com\/wp-content\/uploads\/2024\/01\/eralux-logo-trademark-R.png","width":1000,"height":446,"caption":"Eralux"},"image":{"@id":"https:\/\/eralux.com\/fr\/#\/schema\/logo\/image\/"},"sameAs":["https:\/\/www.facebook.com\/aeralux.corp","https:\/\/x.com\/eralux_inc"],"description":"Save on energy with high-performance LED solutions. Choose Eralux for eco-friendly lighting. Explore our range today!"}]},"product_price_amount":"0.00","product_price_currency":"CAD","og_availability":"instock","product_availability":"instock","product_condition":"new"},"_links":{"self":[{"href":"https:\/\/eralux.com\/fr\/wp-json\/wp\/v2\/product\/6555","targetHints":{"allow":["GET"]}}],"collection":[{"href":"https:\/\/eralux.com\/fr\/wp-json\/wp\/v2\/product"}],"about":[{"href":"https:\/\/eralux.com\/fr\/wp-json\/wp\/v2\/types\/product"}],"replies":[{"embeddable":true,"href":"https:\/\/eralux.com\/fr\/wp-json\/wp\/v2\/comments?post=6555"}],"wp:featuredmedia":[{"embeddable":true,"href":"https:\/\/eralux.com\/fr\/wp-json\/wp\/v2\/media\/6600"}],"wp:attachment":[{"href":"https:\/\/eralux.com\/fr\/wp-json\/wp\/v2\/media?parent=6555"}],"wp:term":[{"taxonomy":"product_brand","embeddable":true,"href":"https:\/\/eralux.com\/fr\/wp-json\/wp\/v2\/product_brand?post=6555"},{"taxonomy":"product_cat","embeddable":true,"href":"https:\/\/eralux.com\/fr\/wp-json\/wp\/v2\/product_cat?post=6555"},{"taxonomy":"product_tag","embeddable":true,"href":"https:\/\/eralux.com\/fr\/wp-json\/wp\/v2\/product_tag?post=6555"}],"curies":[{"name":"wp","href":"https:\/\/api.w.org\/{rel}","templated":true}]}}