{"id":6713,"date":"2024-01-09T16:50:55","date_gmt":"2024-01-09T16:50:55","guid":{"rendered":"https:\/\/eralux.com\/?post_type=product&#038;p=6713"},"modified":"2025-08-13T21:13:39","modified_gmt":"2025-08-13T21:13:39","slug":"dua","status":"publish","type":"product","link":"https:\/\/eralux.com\/fr\/produit\/dua\/","title":{"rendered":"DUA"},"content":{"rendered":"<p>Le DUA fait partie de la s\u00e9rie Multi-T\u00eates qui offre l&#8217;\u00e9l\u00e9gance et la flexibilit\u00e9 des multi-t\u00eates qui permettent de cr\u00e9er les meilleurs environnements lumineux. La s\u00e9rie DUA propose deux paires possibles de moteurs d&#8217;\u00e9clairage allant de 20W \u00e0 70W pour les deux t\u00eates. Chaque t\u00eate est aliment\u00e9e ind\u00e9pendamment, ce qui permet un deuxi\u00e8me mode de d\u00e9faillance. Ce luminaire est \u00e9galement \u00e9quip\u00e9 en standard d&#8217;une gradation 0-10V et d&#8217;une gradation de phase, ce qui permet \u00e0 l&#8217;\u00e9lectricien de choisir librement les commandes. De plus, les m\u00e9canismes \u00e0 ressort permettent une installation rapide.<\/p>\n","protected":false},"excerpt":{"rendered":"<p>Downlight r\u00e9glable encastr\u00e9 multi-t\u00eates<\/p>\n","protected":false},"featured_media":7789,"comment_status":"open","ping_status":"closed","template":"","meta":{"inline_featured_image":false},"product_brand":[],"product_cat":[1680],"product_tag":[],"class_list":{"0":"post-6713","1":"product","2":"type-product","3":"status-publish","4":"has-post-thumbnail","6":"spec_sheets-bkt-fr-2","7":"spec_sheets-uv-fr-5","8":"spec_sheets-3-fr-4","9":"spec_sheets-4-fr-2","10":"spec_sheets-5-fr-3","11":"spec_sheets-x-fr","12":"spec_sheets-15-fr-6","13":"spec_sheets-24-fr-3","14":"spec_sheets-38-fr-2","15":"spec_sheets-55-fr-4","16":"spec_sheets-beam-angle-fr","17":"spec_sheets-27-fr","18":"spec_sheets-30-fr-4","19":"spec_sheets-35-fr-2","20":"spec_sheets-40-fr-6","21":"spec_sheets-cct-fr","22":"spec_sheets-controles","23":"spec_sheets-finition","24":"spec_sheets-tension-dentree","25":"spec_sheets-puissance","26":"spec_sheets-taille","27":"spec_sheets-20w-fr","28":"spec_sheets-30w-fr","29":"spec_sheets-40w-fr","30":"spec_sheets-50w-fr","31":"spec_sheets-60w-fr","32":"spec_sheets-70w-fr","33":"product_applications-bureau-commercial","34":"product_applications-education-fr","35":"product_applications-magasin-de-mode","36":"product_applications-sante","37":"product_applications-hotellerie","38":"product_applications-industriel","39":"product_segments-luminaires-encastres","40":"product_cat-ae-dl-dua-fr","42":"first","43":"instock","44":"shipping-taxable","45":"purchasable","46":"product-type-simple"},"yoast_head":"<!-- This site is optimized with the Yoast SEO Premium plugin v24.2 (Yoast SEO v27.5) - https:\/\/yoast.com\/product\/yoast-seo-premium-wordpress\/ -->\n<title>DUA - Eralux (Fabricant LED Canada)<\/title>\n<meta name=\"description\" content=\"Le DUA fait partie de la s\u00e9rie Multi-T\u00eates qui offre l&#039;\u00e9l\u00e9gance et la flexibilit\u00e9 des multi-t\u00eates qui permettent de cr\u00e9er les meilleurs environnements lumineux. La s\u00e9rie DUA propose deux paires possibles de moteurs d&#039;\u00e9clairage allant de 20W \u00e0 50W pour les deux t\u00eates. Chaque t\u00eate est aliment\u00e9e ind\u00e9pendamment, ce qui permet un deuxi\u00e8me mode de d\u00e9faillance. Ce luminaire est \u00e9galement \u00e9quip\u00e9 en standard d&#039;une gradation 0-10V et d&#039;une gradation de phase, ce qui permet \u00e0 l&#039;\u00e9lectricien de choisir librement les commandes. De plus, les m\u00e9canismes \u00e0 ressort permettent une installation rapide.\" \/>\n<meta name=\"robots\" content=\"index, follow, max-snippet:-1, max-image-preview:large, max-video-preview:-1\" \/>\n<link rel=\"canonical\" href=\"https:\/\/eralux.com\/fr\/produit\/dua\/\" \/>\n<meta property=\"og:locale\" content=\"fr_FR\" \/>\n<meta property=\"og:type\" content=\"article\" \/>\n<meta property=\"og:title\" content=\"DUA\" \/>\n<meta property=\"og:description\" content=\"Le DUA fait partie de la s\u00e9rie Multi-T\u00eates qui offre l&#039;\u00e9l\u00e9gance et la flexibilit\u00e9 des multi-t\u00eates qui permettent de cr\u00e9er les meilleurs environnements lumineux. La s\u00e9rie DUA propose deux paires possibles de moteurs d&#039;\u00e9clairage allant de 20W \u00e0 50W pour les deux t\u00eates. Chaque t\u00eate est aliment\u00e9e ind\u00e9pendamment, ce qui permet un deuxi\u00e8me mode de d\u00e9faillance. Ce luminaire est \u00e9galement \u00e9quip\u00e9 en standard d&#039;une gradation 0-10V et d&#039;une gradation de phase, ce qui permet \u00e0 l&#039;\u00e9lectricien de choisir librement les commandes. De plus, les m\u00e9canismes \u00e0 ressort permettent une installation rapide.\" \/>\n<meta property=\"og:url\" content=\"https:\/\/eralux.com\/fr\/produit\/dua\/\" \/>\n<meta property=\"og:site_name\" content=\"Eralux\" \/>\n<meta property=\"article:publisher\" content=\"https:\/\/www.facebook.com\/aeralux.corp\" \/>\n<meta property=\"article:modified_time\" content=\"2025-08-13T21:13:39+00:00\" \/>\n<meta property=\"og:image\" content=\"https:\/\/eralux.com\/wp-content\/uploads\/2024\/01\/DUA-50W-complete-units-1.png\" \/>\n\t<meta property=\"og:image:width\" content=\"1000\" \/>\n\t<meta property=\"og:image:height\" content=\"1000\" \/>\n\t<meta property=\"og:image:type\" content=\"image\/png\" \/>\n<meta name=\"twitter:card\" content=\"summary_large_image\" \/>\n<meta name=\"twitter:site\" content=\"@eralux_inc\" \/>\n<meta name=\"twitter:label1\" content=\"Prix\" \/>\n\t<meta name=\"twitter:data1\" content=\"&#036;0.00\" \/>\n\t<meta name=\"twitter:label2\" content=\"Disponibilit\u00e9\" \/>\n\t<meta name=\"twitter:data2\" content=\"En stock\" \/>\n<script type=\"application\/ld+json\" class=\"yoast-schema-graph\">{\"@context\":\"https:\\\/\\\/schema.org\",\"@graph\":[{\"@type\":\"WebPage\",\"@id\":\"https:\\\/\\\/eralux.com\\\/fr\\\/produit\\\/dua\\\/\",\"url\":\"https:\\\/\\\/eralux.com\\\/fr\\\/produit\\\/dua\\\/\",\"name\":\"DUA - Eralux (Fabricant LED Canada)\",\"isPartOf\":{\"@id\":\"https:\\\/\\\/eralux.com\\\/fr\\\/#website\"},\"primaryImageOfPage\":{\"@id\":\"https:\\\/\\\/eralux.com\\\/fr\\\/produit\\\/dua\\\/#primaryimage\"},\"image\":{\"@id\":\"https:\\\/\\\/eralux.com\\\/fr\\\/produit\\\/dua\\\/#primaryimage\"},\"thumbnailUrl\":\"https:\\\/\\\/eralux.com\\\/wp-content\\\/uploads\\\/2024\\\/01\\\/DUA-50W-complete-units-1.png\",\"datePublished\":\"2024-01-09T16:50:55+00:00\",\"dateModified\":\"2025-08-13T21:13:39+00:00\",\"description\":\"Le DUA fait partie de la s\u00e9rie Multi-T\u00eates qui offre l'\u00e9l\u00e9gance et la flexibilit\u00e9 des multi-t\u00eates qui permettent de cr\u00e9er les meilleurs environnements lumineux. La s\u00e9rie DUA propose deux paires possibles de moteurs d'\u00e9clairage allant de 20W \u00e0 50W pour les deux t\u00eates. Chaque t\u00eate est aliment\u00e9e ind\u00e9pendamment, ce qui permet un deuxi\u00e8me mode de d\u00e9faillance. Ce luminaire est \u00e9galement \u00e9quip\u00e9 en standard d'une gradation 0-10V et d'une gradation de phase, ce qui permet \u00e0 l'\u00e9lectricien de choisir librement les commandes. De plus, les m\u00e9canismes \u00e0 ressort permettent une installation rapide.\",\"breadcrumb\":{\"@id\":\"https:\\\/\\\/eralux.com\\\/fr\\\/produit\\\/dua\\\/#breadcrumb\"},\"inLanguage\":\"fr-FR\",\"potentialAction\":[{\"@type\":\"ReadAction\",\"target\":[\"https:\\\/\\\/eralux.com\\\/fr\\\/produit\\\/dua\\\/\"]}]},{\"@type\":\"ImageObject\",\"inLanguage\":\"fr-FR\",\"@id\":\"https:\\\/\\\/eralux.com\\\/fr\\\/produit\\\/dua\\\/#primaryimage\",\"url\":\"https:\\\/\\\/eralux.com\\\/wp-content\\\/uploads\\\/2024\\\/01\\\/DUA-50W-complete-units-1.png\",\"contentUrl\":\"https:\\\/\\\/eralux.com\\\/wp-content\\\/uploads\\\/2024\\\/01\\\/DUA-50W-complete-units-1.png\",\"width\":1000,\"height\":1000},{\"@type\":\"BreadcrumbList\",\"@id\":\"https:\\\/\\\/eralux.com\\\/fr\\\/produit\\\/dua\\\/#breadcrumb\",\"itemListElement\":[{\"@type\":\"ListItem\",\"position\":1,\"name\":\"Home\",\"item\":\"https:\\\/\\\/eralux.com\\\/fr\\\/\"},{\"@type\":\"ListItem\",\"position\":2,\"name\":\"Shop\",\"item\":\"https:\\\/\\\/eralux.com\\\/shop\\\/\"},{\"@type\":\"ListItem\",\"position\":3,\"name\":\"DUA\"}]},{\"@type\":\"WebSite\",\"@id\":\"https:\\\/\\\/eralux.com\\\/fr\\\/#website\",\"url\":\"https:\\\/\\\/eralux.com\\\/fr\\\/\",\"name\":\"Eralux\",\"description\":\"World leader for Energy Saving LED Solutions\",\"publisher\":{\"@id\":\"https:\\\/\\\/eralux.com\\\/fr\\\/#organization\"},\"alternateName\":\"Led manufacturer Canada\",\"potentialAction\":[{\"@type\":\"SearchAction\",\"target\":{\"@type\":\"EntryPoint\",\"urlTemplate\":\"https:\\\/\\\/eralux.com\\\/fr\\\/?s={search_term_string}\"},\"query-input\":{\"@type\":\"PropertyValueSpecification\",\"valueRequired\":true,\"valueName\":\"search_term_string\"}}],\"inLanguage\":\"fr-FR\"},{\"@type\":\"Organization\",\"@id\":\"https:\\\/\\\/eralux.com\\\/fr\\\/#organization\",\"name\":\"Eralux\",\"url\":\"https:\\\/\\\/eralux.com\\\/fr\\\/\",\"logo\":{\"@type\":\"ImageObject\",\"inLanguage\":\"fr-FR\",\"@id\":\"https:\\\/\\\/eralux.com\\\/fr\\\/#\\\/schema\\\/logo\\\/image\\\/\",\"url\":\"https:\\\/\\\/eralux.com\\\/wp-content\\\/uploads\\\/2024\\\/01\\\/eralux-logo-trademark-R.png\",\"contentUrl\":\"https:\\\/\\\/eralux.com\\\/wp-content\\\/uploads\\\/2024\\\/01\\\/eralux-logo-trademark-R.png\",\"width\":1000,\"height\":446,\"caption\":\"Eralux\"},\"image\":{\"@id\":\"https:\\\/\\\/eralux.com\\\/fr\\\/#\\\/schema\\\/logo\\\/image\\\/\"},\"sameAs\":[\"https:\\\/\\\/www.facebook.com\\\/aeralux.corp\",\"https:\\\/\\\/x.com\\\/eralux_inc\"],\"description\":\"Save on energy with high-performance LED solutions. Choose Eralux for eco-friendly lighting. Explore our range today!\"}]}<\/script>\n<meta property=\"product:price:amount\" content=\"0.00\" \/>\n<meta property=\"product:price:currency\" content=\"CAD\" \/>\n<meta property=\"og:availability\" content=\"instock\" \/>\n<meta property=\"product:availability\" content=\"instock\" \/>\n<meta property=\"product:condition\" content=\"new\" \/>\n<!-- \/ Yoast SEO Premium plugin. -->","yoast_head_json":{"title":"DUA - Eralux (Fabricant LED Canada)","description":"Le DUA fait partie de la s\u00e9rie Multi-T\u00eates qui offre l'\u00e9l\u00e9gance et la flexibilit\u00e9 des multi-t\u00eates qui permettent de cr\u00e9er les meilleurs environnements lumineux. La s\u00e9rie DUA propose deux paires possibles de moteurs d'\u00e9clairage allant de 20W \u00e0 50W pour les deux t\u00eates. Chaque t\u00eate est aliment\u00e9e ind\u00e9pendamment, ce qui permet un deuxi\u00e8me mode de d\u00e9faillance. Ce luminaire est \u00e9galement \u00e9quip\u00e9 en standard d'une gradation 0-10V et d'une gradation de phase, ce qui permet \u00e0 l'\u00e9lectricien de choisir librement les commandes. De plus, les m\u00e9canismes \u00e0 ressort permettent une installation rapide.","robots":{"index":"index","follow":"follow","max-snippet":"max-snippet:-1","max-image-preview":"max-image-preview:large","max-video-preview":"max-video-preview:-1"},"canonical":"https:\/\/eralux.com\/fr\/produit\/dua\/","og_locale":"fr_FR","og_type":"article","og_title":"DUA","og_description":"Le DUA fait partie de la s\u00e9rie Multi-T\u00eates qui offre l'\u00e9l\u00e9gance et la flexibilit\u00e9 des multi-t\u00eates qui permettent de cr\u00e9er les meilleurs environnements lumineux. La s\u00e9rie DUA propose deux paires possibles de moteurs d'\u00e9clairage allant de 20W \u00e0 50W pour les deux t\u00eates. Chaque t\u00eate est aliment\u00e9e ind\u00e9pendamment, ce qui permet un deuxi\u00e8me mode de d\u00e9faillance. Ce luminaire est \u00e9galement \u00e9quip\u00e9 en standard d'une gradation 0-10V et d'une gradation de phase, ce qui permet \u00e0 l'\u00e9lectricien de choisir librement les commandes. De plus, les m\u00e9canismes \u00e0 ressort permettent une installation rapide.","og_url":"https:\/\/eralux.com\/fr\/produit\/dua\/","og_site_name":"Eralux","article_publisher":"https:\/\/www.facebook.com\/aeralux.corp","article_modified_time":"2025-08-13T21:13:39+00:00","og_image":[{"width":1000,"height":1000,"url":"https:\/\/eralux.com\/wp-content\/uploads\/2024\/01\/DUA-50W-complete-units-1.png","type":"image\/png"}],"twitter_card":"summary_large_image","twitter_site":"@eralux_inc","twitter_misc":{"Prix":"&#36;0.00","Disponibilit\u00e9":"En stock"},"schema":{"@context":"https:\/\/schema.org","@graph":[{"@type":"WebPage","@id":"https:\/\/eralux.com\/fr\/produit\/dua\/","url":"https:\/\/eralux.com\/fr\/produit\/dua\/","name":"DUA - Eralux (Fabricant LED Canada)","isPartOf":{"@id":"https:\/\/eralux.com\/fr\/#website"},"primaryImageOfPage":{"@id":"https:\/\/eralux.com\/fr\/produit\/dua\/#primaryimage"},"image":{"@id":"https:\/\/eralux.com\/fr\/produit\/dua\/#primaryimage"},"thumbnailUrl":"https:\/\/eralux.com\/wp-content\/uploads\/2024\/01\/DUA-50W-complete-units-1.png","datePublished":"2024-01-09T16:50:55+00:00","dateModified":"2025-08-13T21:13:39+00:00","description":"Le DUA fait partie de la s\u00e9rie Multi-T\u00eates qui offre l'\u00e9l\u00e9gance et la flexibilit\u00e9 des multi-t\u00eates qui permettent de cr\u00e9er les meilleurs environnements lumineux. La s\u00e9rie DUA propose deux paires possibles de moteurs d'\u00e9clairage allant de 20W \u00e0 50W pour les deux t\u00eates. Chaque t\u00eate est aliment\u00e9e ind\u00e9pendamment, ce qui permet un deuxi\u00e8me mode de d\u00e9faillance. Ce luminaire est \u00e9galement \u00e9quip\u00e9 en standard d'une gradation 0-10V et d'une gradation de phase, ce qui permet \u00e0 l'\u00e9lectricien de choisir librement les commandes. De plus, les m\u00e9canismes \u00e0 ressort permettent une installation rapide.","breadcrumb":{"@id":"https:\/\/eralux.com\/fr\/produit\/dua\/#breadcrumb"},"inLanguage":"fr-FR","potentialAction":[{"@type":"ReadAction","target":["https:\/\/eralux.com\/fr\/produit\/dua\/"]}]},{"@type":"ImageObject","inLanguage":"fr-FR","@id":"https:\/\/eralux.com\/fr\/produit\/dua\/#primaryimage","url":"https:\/\/eralux.com\/wp-content\/uploads\/2024\/01\/DUA-50W-complete-units-1.png","contentUrl":"https:\/\/eralux.com\/wp-content\/uploads\/2024\/01\/DUA-50W-complete-units-1.png","width":1000,"height":1000},{"@type":"BreadcrumbList","@id":"https:\/\/eralux.com\/fr\/produit\/dua\/#breadcrumb","itemListElement":[{"@type":"ListItem","position":1,"name":"Home","item":"https:\/\/eralux.com\/fr\/"},{"@type":"ListItem","position":2,"name":"Shop","item":"https:\/\/eralux.com\/shop\/"},{"@type":"ListItem","position":3,"name":"DUA"}]},{"@type":"WebSite","@id":"https:\/\/eralux.com\/fr\/#website","url":"https:\/\/eralux.com\/fr\/","name":"Eralux","description":"World leader for Energy Saving LED Solutions","publisher":{"@id":"https:\/\/eralux.com\/fr\/#organization"},"alternateName":"Led manufacturer Canada","potentialAction":[{"@type":"SearchAction","target":{"@type":"EntryPoint","urlTemplate":"https:\/\/eralux.com\/fr\/?s={search_term_string}"},"query-input":{"@type":"PropertyValueSpecification","valueRequired":true,"valueName":"search_term_string"}}],"inLanguage":"fr-FR"},{"@type":"Organization","@id":"https:\/\/eralux.com\/fr\/#organization","name":"Eralux","url":"https:\/\/eralux.com\/fr\/","logo":{"@type":"ImageObject","inLanguage":"fr-FR","@id":"https:\/\/eralux.com\/fr\/#\/schema\/logo\/image\/","url":"https:\/\/eralux.com\/wp-content\/uploads\/2024\/01\/eralux-logo-trademark-R.png","contentUrl":"https:\/\/eralux.com\/wp-content\/uploads\/2024\/01\/eralux-logo-trademark-R.png","width":1000,"height":446,"caption":"Eralux"},"image":{"@id":"https:\/\/eralux.com\/fr\/#\/schema\/logo\/image\/"},"sameAs":["https:\/\/www.facebook.com\/aeralux.corp","https:\/\/x.com\/eralux_inc"],"description":"Save on energy with high-performance LED solutions. Choose Eralux for eco-friendly lighting. Explore our range today!"}]},"product_price_amount":"0.00","product_price_currency":"CAD","og_availability":"instock","product_availability":"instock","product_condition":"new"},"_links":{"self":[{"href":"https:\/\/eralux.com\/fr\/wp-json\/wp\/v2\/product\/6713","targetHints":{"allow":["GET"]}}],"collection":[{"href":"https:\/\/eralux.com\/fr\/wp-json\/wp\/v2\/product"}],"about":[{"href":"https:\/\/eralux.com\/fr\/wp-json\/wp\/v2\/types\/product"}],"replies":[{"embeddable":true,"href":"https:\/\/eralux.com\/fr\/wp-json\/wp\/v2\/comments?post=6713"}],"wp:featuredmedia":[{"embeddable":true,"href":"https:\/\/eralux.com\/fr\/wp-json\/wp\/v2\/media\/7789"}],"wp:attachment":[{"href":"https:\/\/eralux.com\/fr\/wp-json\/wp\/v2\/media?parent=6713"}],"wp:term":[{"taxonomy":"product_brand","embeddable":true,"href":"https:\/\/eralux.com\/fr\/wp-json\/wp\/v2\/product_brand?post=6713"},{"taxonomy":"product_cat","embeddable":true,"href":"https:\/\/eralux.com\/fr\/wp-json\/wp\/v2\/product_cat?post=6713"},{"taxonomy":"product_tag","embeddable":true,"href":"https:\/\/eralux.com\/fr\/wp-json\/wp\/v2\/product_tag?post=6713"}],"curies":[{"name":"wp","href":"https:\/\/api.w.org\/{rel}","templated":true}]}}