{"id":6752,"date":"2024-01-09T17:13:04","date_gmt":"2024-01-09T17:13:04","guid":{"rendered":"https:\/\/eralux.com\/?post_type=product&#038;p=6752"},"modified":"2024-06-18T18:26:19","modified_gmt":"2024-06-18T18:26:19","slug":"thalassa-et6024","status":"publish","type":"product","link":"https:\/\/eralux.com\/fr\/produit\/thalassa-et6024\/","title":{"rendered":"THALASSA ET6024"},"content":{"rendered":"<p>Le luminaire LED cylindrique d&#8217;ext\u00e9rieur Thalassa ET6024 a \u00e9t\u00e9 cr\u00e9\u00e9 avec un design volontairement \u00e9pur\u00e9, afin qu&#8217;il puisse se fondre dans de nombreux styles de b\u00e2timents ext\u00e9rieurs. Le Thalassa a \u00e9galement une efficacit\u00e9 impressionnante de 79 LPW, ce qui lui conf\u00e8re performance et \u00e9l\u00e9gance dans l&#8217;environnement d&#8217;installation. Avec un \u00e9clairage vers le haut et vers le bas, ce luminaire peut fournir l&#8217;\u00e9clairage n\u00e9cessaire tout en offrant une finesse exceptionnelle.<\/p>\n","protected":false},"excerpt":{"rendered":"<p>Applique d&#8217;ext\u00e9rieur<\/p>\n","protected":false},"featured_media":8706,"comment_status":"open","ping_status":"closed","template":"","meta":{"inline_featured_image":false},"product_brand":[],"product_cat":[1449],"product_tag":[],"class_list":{"0":"post-6752","1":"product","2":"type-product","3":"status-publish","4":"has-post-thumbnail","6":"spec_sheets-10-fr-3","7":"spec_sheets-10-fr-4","8":"spec_sheets-25-fr-4","9":"spec_sheets-25-fr-5","10":"spec_sheets-80-fr-2","11":"spec_sheets-w-fr","12":"spec_sheets-38-fr-3","13":"spec_sheets-38-fr-4","14":"spec_sheets-b-fr-2","15":"spec_sheets-45-fr-2","16":"spec_sheets-45-fr-3","17":"spec_sheets-s-fr","18":"spec_sheets-60-fr-2","19":"spec_sheets-60-fr-3","20":"spec_sheets-dmg-fr","21":"spec_sheets-3-fr-2","22":"spec_sheets-4-fr-4","23":"spec_sheets-up-beam-angle-fr","24":"spec_sheets-5-fr-2","25":"spec_sheets-down-beam-angle-fr","26":"spec_sheets-6-fr-3","27":"spec_sheets-cct-fr","28":"spec_sheets-controles","29":"spec_sheets-cri-fr","30":"spec_sheets-finition","31":"spec_sheets-puissance","32":"spec_sheets-c48-fr","33":"spec_sheets-c80-fr","34":"product_applications-magasin-de-mode","35":"product_applications-sante","36":"product_applications-parking","37":"product_applications-magasin-de-detail","38":"product_applications-industriel","39":"product_segments-exterieur","40":"product_segments-sconce-fr","41":"product_cat-et6024-fr","43":"first","44":"instock","45":"shipping-taxable","46":"purchasable","47":"product-type-simple"},"yoast_head":"<!-- This site is optimized with the Yoast SEO Premium plugin v24.2 (Yoast SEO v27.5) - https:\/\/yoast.com\/product\/yoast-seo-premium-wordpress\/ -->\n<title>THALASSA ET6024 - Eralux (Fabricant de Led Canada)<\/title>\n<meta name=\"description\" content=\"Donnez \u00e0 votre espace ext\u00e9rieur un design \u00e9l\u00e9gant et un \u00e9clairage parfait avec l&#039;applique d&#039;ext\u00e9rieur Thalassa ET6024 d&#039;ERALUX. 79 LPW efficacit\u00e9 et plus !\" \/>\n<meta name=\"robots\" content=\"index, follow, max-snippet:-1, max-image-preview:large, max-video-preview:-1\" \/>\n<link rel=\"canonical\" href=\"https:\/\/eralux.com\/fr\/produit\/thalassa-et6024\/\" \/>\n<meta property=\"og:locale\" content=\"fr_FR\" \/>\n<meta property=\"og:type\" content=\"article\" \/>\n<meta property=\"og:title\" content=\"THALASSA ET6024\" \/>\n<meta property=\"og:description\" content=\"Donnez \u00e0 votre espace ext\u00e9rieur un design \u00e9l\u00e9gant et un \u00e9clairage parfait avec l&#039;applique d&#039;ext\u00e9rieur Thalassa ET6024 d&#039;ERALUX. 79 LPW efficacit\u00e9 et plus !\" \/>\n<meta property=\"og:url\" content=\"https:\/\/eralux.com\/fr\/produit\/thalassa-et6024\/\" \/>\n<meta property=\"og:site_name\" content=\"Eralux\" \/>\n<meta property=\"article:publisher\" content=\"https:\/\/www.facebook.com\/aeralux.corp\" \/>\n<meta property=\"article:modified_time\" content=\"2024-06-18T18:26:19+00:00\" \/>\n<meta property=\"og:image\" content=\"https:\/\/eralux.com\/wp-content\/uploads\/2024\/01\/ERALUX-THALASSA-OUTDOOR-CYLINDER-6024-picture1-1.png\" \/>\n\t<meta property=\"og:image:width\" content=\"1000\" \/>\n\t<meta property=\"og:image:height\" content=\"1000\" \/>\n\t<meta property=\"og:image:type\" content=\"image\/png\" \/>\n<meta name=\"twitter:card\" content=\"summary_large_image\" \/>\n<meta name=\"twitter:site\" content=\"@eralux_inc\" \/>\n<meta name=\"twitter:label1\" content=\"Prix\" \/>\n\t<meta name=\"twitter:data1\" content=\"&#036;0.00\" \/>\n\t<meta name=\"twitter:label2\" content=\"Disponibilit\u00e9\" \/>\n\t<meta name=\"twitter:data2\" content=\"En stock\" \/>\n<script type=\"application\/ld+json\" class=\"yoast-schema-graph\">{\"@context\":\"https:\\\/\\\/schema.org\",\"@graph\":[{\"@type\":\"WebPage\",\"@id\":\"https:\\\/\\\/eralux.com\\\/fr\\\/produit\\\/thalassa-et6024\\\/\",\"url\":\"https:\\\/\\\/eralux.com\\\/fr\\\/produit\\\/thalassa-et6024\\\/\",\"name\":\"THALASSA ET6024 - Eralux (Fabricant de Led Canada)\",\"isPartOf\":{\"@id\":\"https:\\\/\\\/eralux.com\\\/fr\\\/#website\"},\"primaryImageOfPage\":{\"@id\":\"https:\\\/\\\/eralux.com\\\/fr\\\/produit\\\/thalassa-et6024\\\/#primaryimage\"},\"image\":{\"@id\":\"https:\\\/\\\/eralux.com\\\/fr\\\/produit\\\/thalassa-et6024\\\/#primaryimage\"},\"thumbnailUrl\":\"https:\\\/\\\/eralux.com\\\/wp-content\\\/uploads\\\/2024\\\/01\\\/ERALUX-THALASSA-OUTDOOR-CYLINDER-6024-picture1-1.png\",\"datePublished\":\"2024-01-09T17:13:04+00:00\",\"dateModified\":\"2024-06-18T18:26:19+00:00\",\"description\":\"Donnez \u00e0 votre espace ext\u00e9rieur un design \u00e9l\u00e9gant et un \u00e9clairage parfait avec l'applique d'ext\u00e9rieur Thalassa ET6024 d'ERALUX. 79 LPW efficacit\u00e9 et plus !\",\"breadcrumb\":{\"@id\":\"https:\\\/\\\/eralux.com\\\/fr\\\/produit\\\/thalassa-et6024\\\/#breadcrumb\"},\"inLanguage\":\"fr-FR\",\"potentialAction\":[{\"@type\":\"ReadAction\",\"target\":[\"https:\\\/\\\/eralux.com\\\/fr\\\/produit\\\/thalassa-et6024\\\/\"]}]},{\"@type\":\"ImageObject\",\"inLanguage\":\"fr-FR\",\"@id\":\"https:\\\/\\\/eralux.com\\\/fr\\\/produit\\\/thalassa-et6024\\\/#primaryimage\",\"url\":\"https:\\\/\\\/eralux.com\\\/wp-content\\\/uploads\\\/2024\\\/01\\\/ERALUX-THALASSA-OUTDOOR-CYLINDER-6024-picture1-1.png\",\"contentUrl\":\"https:\\\/\\\/eralux.com\\\/wp-content\\\/uploads\\\/2024\\\/01\\\/ERALUX-THALASSA-OUTDOOR-CYLINDER-6024-picture1-1.png\",\"width\":1000,\"height\":1000},{\"@type\":\"BreadcrumbList\",\"@id\":\"https:\\\/\\\/eralux.com\\\/fr\\\/produit\\\/thalassa-et6024\\\/#breadcrumb\",\"itemListElement\":[{\"@type\":\"ListItem\",\"position\":1,\"name\":\"Home\",\"item\":\"https:\\\/\\\/eralux.com\\\/fr\\\/\"},{\"@type\":\"ListItem\",\"position\":2,\"name\":\"Shop\",\"item\":\"https:\\\/\\\/eralux.com\\\/shop\\\/\"},{\"@type\":\"ListItem\",\"position\":3,\"name\":\"THALASSA ET6024\"}]},{\"@type\":\"WebSite\",\"@id\":\"https:\\\/\\\/eralux.com\\\/fr\\\/#website\",\"url\":\"https:\\\/\\\/eralux.com\\\/fr\\\/\",\"name\":\"Eralux\",\"description\":\"World leader for Energy Saving LED Solutions\",\"publisher\":{\"@id\":\"https:\\\/\\\/eralux.com\\\/fr\\\/#organization\"},\"alternateName\":\"Led manufacturer Canada\",\"potentialAction\":[{\"@type\":\"SearchAction\",\"target\":{\"@type\":\"EntryPoint\",\"urlTemplate\":\"https:\\\/\\\/eralux.com\\\/fr\\\/?s={search_term_string}\"},\"query-input\":{\"@type\":\"PropertyValueSpecification\",\"valueRequired\":true,\"valueName\":\"search_term_string\"}}],\"inLanguage\":\"fr-FR\"},{\"@type\":\"Organization\",\"@id\":\"https:\\\/\\\/eralux.com\\\/fr\\\/#organization\",\"name\":\"Eralux\",\"url\":\"https:\\\/\\\/eralux.com\\\/fr\\\/\",\"logo\":{\"@type\":\"ImageObject\",\"inLanguage\":\"fr-FR\",\"@id\":\"https:\\\/\\\/eralux.com\\\/fr\\\/#\\\/schema\\\/logo\\\/image\\\/\",\"url\":\"https:\\\/\\\/eralux.com\\\/wp-content\\\/uploads\\\/2024\\\/01\\\/eralux-logo-trademark-R.png\",\"contentUrl\":\"https:\\\/\\\/eralux.com\\\/wp-content\\\/uploads\\\/2024\\\/01\\\/eralux-logo-trademark-R.png\",\"width\":1000,\"height\":446,\"caption\":\"Eralux\"},\"image\":{\"@id\":\"https:\\\/\\\/eralux.com\\\/fr\\\/#\\\/schema\\\/logo\\\/image\\\/\"},\"sameAs\":[\"https:\\\/\\\/www.facebook.com\\\/aeralux.corp\",\"https:\\\/\\\/x.com\\\/eralux_inc\"],\"description\":\"Save on energy with high-performance LED solutions. Choose Eralux for eco-friendly lighting. Explore our range today!\"}]}<\/script>\n<meta property=\"product:price:amount\" content=\"0.00\" \/>\n<meta property=\"product:price:currency\" content=\"CAD\" \/>\n<meta property=\"og:availability\" content=\"instock\" \/>\n<meta property=\"product:availability\" content=\"instock\" \/>\n<meta property=\"product:condition\" content=\"new\" \/>\n<!-- \/ Yoast SEO Premium plugin. -->","yoast_head_json":{"title":"THALASSA ET6024 - Eralux (Fabricant de Led Canada)","description":"Donnez \u00e0 votre espace ext\u00e9rieur un design \u00e9l\u00e9gant et un \u00e9clairage parfait avec l'applique d'ext\u00e9rieur Thalassa ET6024 d'ERALUX. 79 LPW efficacit\u00e9 et plus !","robots":{"index":"index","follow":"follow","max-snippet":"max-snippet:-1","max-image-preview":"max-image-preview:large","max-video-preview":"max-video-preview:-1"},"canonical":"https:\/\/eralux.com\/fr\/produit\/thalassa-et6024\/","og_locale":"fr_FR","og_type":"article","og_title":"THALASSA ET6024","og_description":"Donnez \u00e0 votre espace ext\u00e9rieur un design \u00e9l\u00e9gant et un \u00e9clairage parfait avec l'applique d'ext\u00e9rieur Thalassa ET6024 d'ERALUX. 79 LPW efficacit\u00e9 et plus !","og_url":"https:\/\/eralux.com\/fr\/produit\/thalassa-et6024\/","og_site_name":"Eralux","article_publisher":"https:\/\/www.facebook.com\/aeralux.corp","article_modified_time":"2024-06-18T18:26:19+00:00","og_image":[{"width":1000,"height":1000,"url":"https:\/\/eralux.com\/wp-content\/uploads\/2024\/01\/ERALUX-THALASSA-OUTDOOR-CYLINDER-6024-picture1-1.png","type":"image\/png"}],"twitter_card":"summary_large_image","twitter_site":"@eralux_inc","twitter_misc":{"Prix":"&#36;0.00","Disponibilit\u00e9":"En stock"},"schema":{"@context":"https:\/\/schema.org","@graph":[{"@type":"WebPage","@id":"https:\/\/eralux.com\/fr\/produit\/thalassa-et6024\/","url":"https:\/\/eralux.com\/fr\/produit\/thalassa-et6024\/","name":"THALASSA ET6024 - Eralux (Fabricant de Led Canada)","isPartOf":{"@id":"https:\/\/eralux.com\/fr\/#website"},"primaryImageOfPage":{"@id":"https:\/\/eralux.com\/fr\/produit\/thalassa-et6024\/#primaryimage"},"image":{"@id":"https:\/\/eralux.com\/fr\/produit\/thalassa-et6024\/#primaryimage"},"thumbnailUrl":"https:\/\/eralux.com\/wp-content\/uploads\/2024\/01\/ERALUX-THALASSA-OUTDOOR-CYLINDER-6024-picture1-1.png","datePublished":"2024-01-09T17:13:04+00:00","dateModified":"2024-06-18T18:26:19+00:00","description":"Donnez \u00e0 votre espace ext\u00e9rieur un design \u00e9l\u00e9gant et un \u00e9clairage parfait avec l'applique d'ext\u00e9rieur Thalassa ET6024 d'ERALUX. 79 LPW efficacit\u00e9 et plus !","breadcrumb":{"@id":"https:\/\/eralux.com\/fr\/produit\/thalassa-et6024\/#breadcrumb"},"inLanguage":"fr-FR","potentialAction":[{"@type":"ReadAction","target":["https:\/\/eralux.com\/fr\/produit\/thalassa-et6024\/"]}]},{"@type":"ImageObject","inLanguage":"fr-FR","@id":"https:\/\/eralux.com\/fr\/produit\/thalassa-et6024\/#primaryimage","url":"https:\/\/eralux.com\/wp-content\/uploads\/2024\/01\/ERALUX-THALASSA-OUTDOOR-CYLINDER-6024-picture1-1.png","contentUrl":"https:\/\/eralux.com\/wp-content\/uploads\/2024\/01\/ERALUX-THALASSA-OUTDOOR-CYLINDER-6024-picture1-1.png","width":1000,"height":1000},{"@type":"BreadcrumbList","@id":"https:\/\/eralux.com\/fr\/produit\/thalassa-et6024\/#breadcrumb","itemListElement":[{"@type":"ListItem","position":1,"name":"Home","item":"https:\/\/eralux.com\/fr\/"},{"@type":"ListItem","position":2,"name":"Shop","item":"https:\/\/eralux.com\/shop\/"},{"@type":"ListItem","position":3,"name":"THALASSA ET6024"}]},{"@type":"WebSite","@id":"https:\/\/eralux.com\/fr\/#website","url":"https:\/\/eralux.com\/fr\/","name":"Eralux","description":"World leader for Energy Saving LED Solutions","publisher":{"@id":"https:\/\/eralux.com\/fr\/#organization"},"alternateName":"Led manufacturer Canada","potentialAction":[{"@type":"SearchAction","target":{"@type":"EntryPoint","urlTemplate":"https:\/\/eralux.com\/fr\/?s={search_term_string}"},"query-input":{"@type":"PropertyValueSpecification","valueRequired":true,"valueName":"search_term_string"}}],"inLanguage":"fr-FR"},{"@type":"Organization","@id":"https:\/\/eralux.com\/fr\/#organization","name":"Eralux","url":"https:\/\/eralux.com\/fr\/","logo":{"@type":"ImageObject","inLanguage":"fr-FR","@id":"https:\/\/eralux.com\/fr\/#\/schema\/logo\/image\/","url":"https:\/\/eralux.com\/wp-content\/uploads\/2024\/01\/eralux-logo-trademark-R.png","contentUrl":"https:\/\/eralux.com\/wp-content\/uploads\/2024\/01\/eralux-logo-trademark-R.png","width":1000,"height":446,"caption":"Eralux"},"image":{"@id":"https:\/\/eralux.com\/fr\/#\/schema\/logo\/image\/"},"sameAs":["https:\/\/www.facebook.com\/aeralux.corp","https:\/\/x.com\/eralux_inc"],"description":"Save on energy with high-performance LED solutions. Choose Eralux for eco-friendly lighting. Explore our range today!"}]},"product_price_amount":"0.00","product_price_currency":"CAD","og_availability":"instock","product_availability":"instock","product_condition":"new"},"_links":{"self":[{"href":"https:\/\/eralux.com\/fr\/wp-json\/wp\/v2\/product\/6752","targetHints":{"allow":["GET"]}}],"collection":[{"href":"https:\/\/eralux.com\/fr\/wp-json\/wp\/v2\/product"}],"about":[{"href":"https:\/\/eralux.com\/fr\/wp-json\/wp\/v2\/types\/product"}],"replies":[{"embeddable":true,"href":"https:\/\/eralux.com\/fr\/wp-json\/wp\/v2\/comments?post=6752"}],"wp:featuredmedia":[{"embeddable":true,"href":"https:\/\/eralux.com\/fr\/wp-json\/wp\/v2\/media\/8706"}],"wp:attachment":[{"href":"https:\/\/eralux.com\/fr\/wp-json\/wp\/v2\/media?parent=6752"}],"wp:term":[{"taxonomy":"product_brand","embeddable":true,"href":"https:\/\/eralux.com\/fr\/wp-json\/wp\/v2\/product_brand?post=6752"},{"taxonomy":"product_cat","embeddable":true,"href":"https:\/\/eralux.com\/fr\/wp-json\/wp\/v2\/product_cat?post=6752"},{"taxonomy":"product_tag","embeddable":true,"href":"https:\/\/eralux.com\/fr\/wp-json\/wp\/v2\/product_tag?post=6752"}],"curies":[{"name":"wp","href":"https:\/\/api.w.org\/{rel}","templated":true}]}}