{"id":7999,"date":"2024-01-10T22:51:05","date_gmt":"2024-01-10T22:51:05","guid":{"rendered":"https:\/\/eralux.com\/?post_type=product&#038;p=7999"},"modified":"2025-12-11T15:10:32","modified_gmt":"2025-12-11T15:10:32","slug":"terra-canopy","status":"publish","type":"product","link":"https:\/\/eralux.com\/fr\/produit\/terra-canopy\/","title":{"rendered":"TERRA CANOPY"},"content":{"rendered":"<p>Le l\u00e8che-mur TERRA CANOPY est un choix puissant pour votre prochain projet de vente au d\u00e9tail. \u00c9quip\u00e9e d&#8217;une alimentation \u00e9lectrique, la s\u00e9rie TERRA est capable d&#8217;en faire plus que les autres luminaires sur rail. TERRA CANOPY est \u00e9quip\u00e9 d&#8217;un pilote programmable, de commandes intelligentes et est compatible avec les variateurs de lumi\u00e8re. Le TERRA CANOPY est un adaptateur de surface \u00e0 point unique qui peut s&#8217;adapter \u00e0 n&#8217;importe quelle surface. Comme le TERRA, le luminaire offrira un double faisceau lumineux asym\u00e9trique. La t\u00eate LED peut se verrouiller \u00e0 diff\u00e9rents angles, ce qui permet d&#8217;obtenir un \u00e9clairage droit ou perpendiculaire au mur. La s\u00e9rie Terra est dot\u00e9e d&#8217;une gradation tri-mode (Triac, ELV, 0-10V), sans scintillement et capable d&#8217;une gradation jusqu&#8217;\u00e0 10%. une lumi\u00e8re perpendiculaire au mur.<\/p>\n","protected":false},"excerpt":{"rendered":"<p>Support de montage en surface Wall Wash Canopy Fixture<\/p>\n","protected":false},"featured_media":8477,"comment_status":"open","ping_status":"closed","template":"","meta":{"inline_featured_image":false},"product_brand":[],"product_cat":[1676],"product_tag":[],"class_list":{"0":"post-7999","1":"product","2":"type-product","3":"status-publish","4":"has-post-thumbnail","6":"spec_sheets-uv-fr-4","7":"spec_sheets-p-fr-3","8":"spec_sheets-wh-fr","9":"spec_sheets-bk-fr","10":"spec_sheets-sv-fr","11":"spec_sheets-da-fr","12":"spec_sheets-distribution-fr","13":"spec_sheets-cct-fr","14":"spec_sheets-cri-fr","15":"spec_sheets-finition","16":"spec_sheets-tension","17":"spec_sheets-30-fr","18":"spec_sheets-35-fr","19":"spec_sheets-40-fr","20":"product_applications-magasin-de-detail","21":"product_applications-magasin-de-mode","22":"product_applications-education-fr","23":"product_applications-bureau-commercial","24":"product_segments-monopoint","25":"product_segments-projecteurs-sur-rail","26":"product_cat-ae-tl-trc-fr","28":"first","29":"instock","30":"shipping-taxable","31":"purchasable","32":"product-type-simple"},"yoast_head":"<!-- This site is optimized with the Yoast SEO Premium plugin v24.2 (Yoast SEO v27.4) - https:\/\/yoast.com\/product\/yoast-seo-premium-wordpress\/ -->\n<title>TERRA CANOPY - Eralux<\/title>\n<meta name=\"description\" content=\"La l\u00e8che murale TERRA CANOPY est un choix puissant pour votre prochain projet de vente au d\u00e9tail. \u00c9quip\u00e9e d&#039;une alimentation \u00e9lectrique, la s\u00e9rie TERRA est capable d&#039;en faire plus que les autres luminaires sur rail. TERRA CANOPY est \u00e9quip\u00e9 d&#039;un pilote programmable, de commandes intelligentes et est compatible avec les variateurs de lumi\u00e8re. Le TERRA CANOPY est un adaptateur de surface \u00e0 point unique qui peut s&#039;adapter \u00e0 n&#039;importe quelle surface. Comme le TERRA, le luminaire offrira un double faisceau lumineux asym\u00e9trique. La t\u00eate LED peut se verrouiller \u00e0 diff\u00e9rents angles, ce qui permet d&#039;obtenir un \u00e9clairage droit ou perpendiculaire au mur. La s\u00e9rie Terra est dot\u00e9e d&#039;une gradation tri-mode (Triac, ELV, 0-10V), sans scintillement et capable d&#039;une gradation jusqu&#039;\u00e0 10%. une lumi\u00e8re perpendiculaire au mur.\" \/>\n<meta name=\"robots\" content=\"index, follow, max-snippet:-1, max-image-preview:large, max-video-preview:-1\" \/>\n<link rel=\"canonical\" href=\"https:\/\/eralux.com\/fr\/produit\/terra-canopy\/\" \/>\n<meta property=\"og:locale\" content=\"fr_FR\" \/>\n<meta property=\"og:type\" content=\"article\" \/>\n<meta property=\"og:title\" content=\"TERRA CANOPY\" \/>\n<meta property=\"og:description\" content=\"La l\u00e8che murale TERRA CANOPY est un choix puissant pour votre prochain projet de vente au d\u00e9tail. \u00c9quip\u00e9e d&#039;une alimentation \u00e9lectrique, la s\u00e9rie TERRA est capable d&#039;en faire plus que les autres luminaires sur rail. TERRA CANOPY est \u00e9quip\u00e9 d&#039;un pilote programmable, de commandes intelligentes et est compatible avec les variateurs de lumi\u00e8re. Le TERRA CANOPY est un adaptateur de surface \u00e0 point unique qui peut s&#039;adapter \u00e0 n&#039;importe quelle surface. Comme le TERRA, le luminaire offrira un double faisceau lumineux asym\u00e9trique. La t\u00eate LED peut se verrouiller \u00e0 diff\u00e9rents angles, ce qui permet d&#039;obtenir un \u00e9clairage droit ou perpendiculaire au mur. La s\u00e9rie Terra est dot\u00e9e d&#039;une gradation tri-mode (Triac, ELV, 0-10V), sans scintillement et capable d&#039;une gradation jusqu&#039;\u00e0 10%. une lumi\u00e8re perpendiculaire au mur.\" \/>\n<meta property=\"og:url\" content=\"https:\/\/eralux.com\/fr\/produit\/terra-canopy\/\" \/>\n<meta property=\"og:site_name\" content=\"Eralux\" \/>\n<meta property=\"article:publisher\" content=\"https:\/\/www.facebook.com\/aeralux.corp\" \/>\n<meta property=\"article:modified_time\" content=\"2025-12-11T15:10:32+00:00\" \/>\n<meta property=\"og:image\" content=\"https:\/\/eralux.com\/wp-content\/uploads\/2024\/01\/ERALUX-TERRA-SOLAR-CANOPY-LIGHT2.png\" \/>\n\t<meta property=\"og:image:width\" content=\"1000\" \/>\n\t<meta property=\"og:image:height\" content=\"1000\" \/>\n\t<meta property=\"og:image:type\" content=\"image\/png\" \/>\n<meta name=\"twitter:card\" content=\"summary_large_image\" \/>\n<meta name=\"twitter:site\" content=\"@eralux_inc\" \/>\n<meta name=\"twitter:label1\" content=\"Prix\" \/>\n\t<meta name=\"twitter:data1\" content=\"&#036;0.00\" \/>\n\t<meta name=\"twitter:label2\" content=\"Disponibilit\u00e9\" \/>\n\t<meta name=\"twitter:data2\" content=\"En stock\" \/>\n<script type=\"application\/ld+json\" class=\"yoast-schema-graph\">{\"@context\":\"https:\\\/\\\/schema.org\",\"@graph\":[{\"@type\":\"WebPage\",\"@id\":\"https:\\\/\\\/eralux.com\\\/fr\\\/produit\\\/terra-canopy\\\/\",\"url\":\"https:\\\/\\\/eralux.com\\\/fr\\\/produit\\\/terra-canopy\\\/\",\"name\":\"TERRA CANOPY - Eralux\",\"isPartOf\":{\"@id\":\"https:\\\/\\\/eralux.com\\\/fr\\\/#website\"},\"primaryImageOfPage\":{\"@id\":\"https:\\\/\\\/eralux.com\\\/fr\\\/produit\\\/terra-canopy\\\/#primaryimage\"},\"image\":{\"@id\":\"https:\\\/\\\/eralux.com\\\/fr\\\/produit\\\/terra-canopy\\\/#primaryimage\"},\"thumbnailUrl\":\"https:\\\/\\\/eralux.com\\\/wp-content\\\/uploads\\\/2024\\\/01\\\/ERALUX-TERRA-SOLAR-CANOPY-LIGHT2.png\",\"datePublished\":\"2024-01-10T22:51:05+00:00\",\"dateModified\":\"2025-12-11T15:10:32+00:00\",\"description\":\"La l\u00e8che murale TERRA CANOPY est un choix puissant pour votre prochain projet de vente au d\u00e9tail. \u00c9quip\u00e9e d'une alimentation \u00e9lectrique, la s\u00e9rie TERRA est capable d'en faire plus que les autres luminaires sur rail. TERRA CANOPY est \u00e9quip\u00e9 d'un pilote programmable, de commandes intelligentes et est compatible avec les variateurs de lumi\u00e8re. Le TERRA CANOPY est un adaptateur de surface \u00e0 point unique qui peut s'adapter \u00e0 n'importe quelle surface. Comme le TERRA, le luminaire offrira un double faisceau lumineux asym\u00e9trique. La t\u00eate LED peut se verrouiller \u00e0 diff\u00e9rents angles, ce qui permet d'obtenir un \u00e9clairage droit ou perpendiculaire au mur. La s\u00e9rie Terra est dot\u00e9e d'une gradation tri-mode (Triac, ELV, 0-10V), sans scintillement et capable d'une gradation jusqu'\u00e0 10%. une lumi\u00e8re perpendiculaire au mur.\",\"breadcrumb\":{\"@id\":\"https:\\\/\\\/eralux.com\\\/fr\\\/produit\\\/terra-canopy\\\/#breadcrumb\"},\"inLanguage\":\"fr-FR\",\"potentialAction\":[{\"@type\":\"ReadAction\",\"target\":[\"https:\\\/\\\/eralux.com\\\/fr\\\/produit\\\/terra-canopy\\\/\"]}]},{\"@type\":\"ImageObject\",\"inLanguage\":\"fr-FR\",\"@id\":\"https:\\\/\\\/eralux.com\\\/fr\\\/produit\\\/terra-canopy\\\/#primaryimage\",\"url\":\"https:\\\/\\\/eralux.com\\\/wp-content\\\/uploads\\\/2024\\\/01\\\/ERALUX-TERRA-SOLAR-CANOPY-LIGHT2.png\",\"contentUrl\":\"https:\\\/\\\/eralux.com\\\/wp-content\\\/uploads\\\/2024\\\/01\\\/ERALUX-TERRA-SOLAR-CANOPY-LIGHT2.png\",\"width\":1000,\"height\":1000},{\"@type\":\"BreadcrumbList\",\"@id\":\"https:\\\/\\\/eralux.com\\\/fr\\\/produit\\\/terra-canopy\\\/#breadcrumb\",\"itemListElement\":[{\"@type\":\"ListItem\",\"position\":1,\"name\":\"Home\",\"item\":\"https:\\\/\\\/eralux.com\\\/fr\\\/\"},{\"@type\":\"ListItem\",\"position\":2,\"name\":\"Shop\",\"item\":\"https:\\\/\\\/eralux.com\\\/shop\\\/\"},{\"@type\":\"ListItem\",\"position\":3,\"name\":\"TERRA CANOPY\"}]},{\"@type\":\"WebSite\",\"@id\":\"https:\\\/\\\/eralux.com\\\/fr\\\/#website\",\"url\":\"https:\\\/\\\/eralux.com\\\/fr\\\/\",\"name\":\"Eralux\",\"description\":\"World leader for Energy Saving LED Solutions\",\"publisher\":{\"@id\":\"https:\\\/\\\/eralux.com\\\/fr\\\/#organization\"},\"alternateName\":\"Led manufacturer Canada\",\"potentialAction\":[{\"@type\":\"SearchAction\",\"target\":{\"@type\":\"EntryPoint\",\"urlTemplate\":\"https:\\\/\\\/eralux.com\\\/fr\\\/?s={search_term_string}\"},\"query-input\":{\"@type\":\"PropertyValueSpecification\",\"valueRequired\":true,\"valueName\":\"search_term_string\"}}],\"inLanguage\":\"fr-FR\"},{\"@type\":\"Organization\",\"@id\":\"https:\\\/\\\/eralux.com\\\/fr\\\/#organization\",\"name\":\"Eralux\",\"url\":\"https:\\\/\\\/eralux.com\\\/fr\\\/\",\"logo\":{\"@type\":\"ImageObject\",\"inLanguage\":\"fr-FR\",\"@id\":\"https:\\\/\\\/eralux.com\\\/fr\\\/#\\\/schema\\\/logo\\\/image\\\/\",\"url\":\"https:\\\/\\\/eralux.com\\\/wp-content\\\/uploads\\\/2024\\\/01\\\/eralux-logo-trademark-R.png\",\"contentUrl\":\"https:\\\/\\\/eralux.com\\\/wp-content\\\/uploads\\\/2024\\\/01\\\/eralux-logo-trademark-R.png\",\"width\":1000,\"height\":446,\"caption\":\"Eralux\"},\"image\":{\"@id\":\"https:\\\/\\\/eralux.com\\\/fr\\\/#\\\/schema\\\/logo\\\/image\\\/\"},\"sameAs\":[\"https:\\\/\\\/www.facebook.com\\\/aeralux.corp\",\"https:\\\/\\\/x.com\\\/eralux_inc\"],\"description\":\"Save on energy with high-performance LED solutions. Choose Eralux for eco-friendly lighting. Explore our range today!\"}]}<\/script>\n<meta property=\"product:price:amount\" content=\"0.00\" \/>\n<meta property=\"product:price:currency\" content=\"CAD\" \/>\n<meta property=\"og:availability\" content=\"instock\" \/>\n<meta property=\"product:availability\" content=\"instock\" \/>\n<meta property=\"product:condition\" content=\"new\" \/>\n<!-- \/ Yoast SEO Premium plugin. -->","yoast_head_json":{"title":"TERRA CANOPY - Eralux","description":"La l\u00e8che murale TERRA CANOPY est un choix puissant pour votre prochain projet de vente au d\u00e9tail. \u00c9quip\u00e9e d'une alimentation \u00e9lectrique, la s\u00e9rie TERRA est capable d'en faire plus que les autres luminaires sur rail. TERRA CANOPY est \u00e9quip\u00e9 d'un pilote programmable, de commandes intelligentes et est compatible avec les variateurs de lumi\u00e8re. Le TERRA CANOPY est un adaptateur de surface \u00e0 point unique qui peut s'adapter \u00e0 n'importe quelle surface. Comme le TERRA, le luminaire offrira un double faisceau lumineux asym\u00e9trique. La t\u00eate LED peut se verrouiller \u00e0 diff\u00e9rents angles, ce qui permet d'obtenir un \u00e9clairage droit ou perpendiculaire au mur. La s\u00e9rie Terra est dot\u00e9e d'une gradation tri-mode (Triac, ELV, 0-10V), sans scintillement et capable d'une gradation jusqu'\u00e0 10%. une lumi\u00e8re perpendiculaire au mur.","robots":{"index":"index","follow":"follow","max-snippet":"max-snippet:-1","max-image-preview":"max-image-preview:large","max-video-preview":"max-video-preview:-1"},"canonical":"https:\/\/eralux.com\/fr\/produit\/terra-canopy\/","og_locale":"fr_FR","og_type":"article","og_title":"TERRA CANOPY","og_description":"La l\u00e8che murale TERRA CANOPY est un choix puissant pour votre prochain projet de vente au d\u00e9tail. \u00c9quip\u00e9e d'une alimentation \u00e9lectrique, la s\u00e9rie TERRA est capable d'en faire plus que les autres luminaires sur rail. TERRA CANOPY est \u00e9quip\u00e9 d'un pilote programmable, de commandes intelligentes et est compatible avec les variateurs de lumi\u00e8re. Le TERRA CANOPY est un adaptateur de surface \u00e0 point unique qui peut s'adapter \u00e0 n'importe quelle surface. Comme le TERRA, le luminaire offrira un double faisceau lumineux asym\u00e9trique. La t\u00eate LED peut se verrouiller \u00e0 diff\u00e9rents angles, ce qui permet d'obtenir un \u00e9clairage droit ou perpendiculaire au mur. La s\u00e9rie Terra est dot\u00e9e d'une gradation tri-mode (Triac, ELV, 0-10V), sans scintillement et capable d'une gradation jusqu'\u00e0 10%. une lumi\u00e8re perpendiculaire au mur.","og_url":"https:\/\/eralux.com\/fr\/produit\/terra-canopy\/","og_site_name":"Eralux","article_publisher":"https:\/\/www.facebook.com\/aeralux.corp","article_modified_time":"2025-12-11T15:10:32+00:00","og_image":[{"width":1000,"height":1000,"url":"https:\/\/eralux.com\/wp-content\/uploads\/2024\/01\/ERALUX-TERRA-SOLAR-CANOPY-LIGHT2.png","type":"image\/png"}],"twitter_card":"summary_large_image","twitter_site":"@eralux_inc","twitter_misc":{"Prix":"&#36;0.00","Disponibilit\u00e9":"En stock"},"schema":{"@context":"https:\/\/schema.org","@graph":[{"@type":"WebPage","@id":"https:\/\/eralux.com\/fr\/produit\/terra-canopy\/","url":"https:\/\/eralux.com\/fr\/produit\/terra-canopy\/","name":"TERRA CANOPY - Eralux","isPartOf":{"@id":"https:\/\/eralux.com\/fr\/#website"},"primaryImageOfPage":{"@id":"https:\/\/eralux.com\/fr\/produit\/terra-canopy\/#primaryimage"},"image":{"@id":"https:\/\/eralux.com\/fr\/produit\/terra-canopy\/#primaryimage"},"thumbnailUrl":"https:\/\/eralux.com\/wp-content\/uploads\/2024\/01\/ERALUX-TERRA-SOLAR-CANOPY-LIGHT2.png","datePublished":"2024-01-10T22:51:05+00:00","dateModified":"2025-12-11T15:10:32+00:00","description":"La l\u00e8che murale TERRA CANOPY est un choix puissant pour votre prochain projet de vente au d\u00e9tail. \u00c9quip\u00e9e d'une alimentation \u00e9lectrique, la s\u00e9rie TERRA est capable d'en faire plus que les autres luminaires sur rail. TERRA CANOPY est \u00e9quip\u00e9 d'un pilote programmable, de commandes intelligentes et est compatible avec les variateurs de lumi\u00e8re. Le TERRA CANOPY est un adaptateur de surface \u00e0 point unique qui peut s'adapter \u00e0 n'importe quelle surface. Comme le TERRA, le luminaire offrira un double faisceau lumineux asym\u00e9trique. La t\u00eate LED peut se verrouiller \u00e0 diff\u00e9rents angles, ce qui permet d'obtenir un \u00e9clairage droit ou perpendiculaire au mur. La s\u00e9rie Terra est dot\u00e9e d'une gradation tri-mode (Triac, ELV, 0-10V), sans scintillement et capable d'une gradation jusqu'\u00e0 10%. une lumi\u00e8re perpendiculaire au mur.","breadcrumb":{"@id":"https:\/\/eralux.com\/fr\/produit\/terra-canopy\/#breadcrumb"},"inLanguage":"fr-FR","potentialAction":[{"@type":"ReadAction","target":["https:\/\/eralux.com\/fr\/produit\/terra-canopy\/"]}]},{"@type":"ImageObject","inLanguage":"fr-FR","@id":"https:\/\/eralux.com\/fr\/produit\/terra-canopy\/#primaryimage","url":"https:\/\/eralux.com\/wp-content\/uploads\/2024\/01\/ERALUX-TERRA-SOLAR-CANOPY-LIGHT2.png","contentUrl":"https:\/\/eralux.com\/wp-content\/uploads\/2024\/01\/ERALUX-TERRA-SOLAR-CANOPY-LIGHT2.png","width":1000,"height":1000},{"@type":"BreadcrumbList","@id":"https:\/\/eralux.com\/fr\/produit\/terra-canopy\/#breadcrumb","itemListElement":[{"@type":"ListItem","position":1,"name":"Home","item":"https:\/\/eralux.com\/fr\/"},{"@type":"ListItem","position":2,"name":"Shop","item":"https:\/\/eralux.com\/shop\/"},{"@type":"ListItem","position":3,"name":"TERRA CANOPY"}]},{"@type":"WebSite","@id":"https:\/\/eralux.com\/fr\/#website","url":"https:\/\/eralux.com\/fr\/","name":"Eralux","description":"World leader for Energy Saving LED Solutions","publisher":{"@id":"https:\/\/eralux.com\/fr\/#organization"},"alternateName":"Led manufacturer Canada","potentialAction":[{"@type":"SearchAction","target":{"@type":"EntryPoint","urlTemplate":"https:\/\/eralux.com\/fr\/?s={search_term_string}"},"query-input":{"@type":"PropertyValueSpecification","valueRequired":true,"valueName":"search_term_string"}}],"inLanguage":"fr-FR"},{"@type":"Organization","@id":"https:\/\/eralux.com\/fr\/#organization","name":"Eralux","url":"https:\/\/eralux.com\/fr\/","logo":{"@type":"ImageObject","inLanguage":"fr-FR","@id":"https:\/\/eralux.com\/fr\/#\/schema\/logo\/image\/","url":"https:\/\/eralux.com\/wp-content\/uploads\/2024\/01\/eralux-logo-trademark-R.png","contentUrl":"https:\/\/eralux.com\/wp-content\/uploads\/2024\/01\/eralux-logo-trademark-R.png","width":1000,"height":446,"caption":"Eralux"},"image":{"@id":"https:\/\/eralux.com\/fr\/#\/schema\/logo\/image\/"},"sameAs":["https:\/\/www.facebook.com\/aeralux.corp","https:\/\/x.com\/eralux_inc"],"description":"Save on energy with high-performance LED solutions. Choose Eralux for eco-friendly lighting. Explore our range today!"}]},"product_price_amount":"0.00","product_price_currency":"CAD","og_availability":"instock","product_availability":"instock","product_condition":"new"},"_links":{"self":[{"href":"https:\/\/eralux.com\/fr\/wp-json\/wp\/v2\/product\/7999","targetHints":{"allow":["GET"]}}],"collection":[{"href":"https:\/\/eralux.com\/fr\/wp-json\/wp\/v2\/product"}],"about":[{"href":"https:\/\/eralux.com\/fr\/wp-json\/wp\/v2\/types\/product"}],"replies":[{"embeddable":true,"href":"https:\/\/eralux.com\/fr\/wp-json\/wp\/v2\/comments?post=7999"}],"wp:featuredmedia":[{"embeddable":true,"href":"https:\/\/eralux.com\/fr\/wp-json\/wp\/v2\/media\/8477"}],"wp:attachment":[{"href":"https:\/\/eralux.com\/fr\/wp-json\/wp\/v2\/media?parent=7999"}],"wp:term":[{"taxonomy":"product_brand","embeddable":true,"href":"https:\/\/eralux.com\/fr\/wp-json\/wp\/v2\/product_brand?post=7999"},{"taxonomy":"product_cat","embeddable":true,"href":"https:\/\/eralux.com\/fr\/wp-json\/wp\/v2\/product_cat?post=7999"},{"taxonomy":"product_tag","embeddable":true,"href":"https:\/\/eralux.com\/fr\/wp-json\/wp\/v2\/product_tag?post=7999"}],"curies":[{"name":"wp","href":"https:\/\/api.w.org\/{rel}","templated":true}]}}